{"id":143103,"date":"2026-04-25T04:39:40","date_gmt":"2026-04-25T04:39:40","guid":{"rendered":"https:\/\/adl-regalosempresa.com\/tiendaonline\/articulos\/merchandising\/auriculares-anc-y-enc-plegables-de-plastico-reciclado-para-personalizar-con-logo\/"},"modified":"2026-05-08T08:42:18","modified_gmt":"2026-05-08T08:42:18","slug":"auriculares-anc-y-enc-plegables-de-plastico-reciclado-para-personalizar-con-logo","status":"publish","type":"product","link":"https:\/\/adl-regalosempresa.com\/tiendaonline\/articulos\/merchandising\/auriculares-anc-y-enc-plegables-de-plastico-reciclado-para-personalizar-con-logo\/","title":{"rendered":"Auriculares ANC y ENC plegables de pl\u00e1stico reciclado  para personalizar con logo"},"content":{"rendered":"<p>Disfruta de una experiencia de audio excepcional con los auriculares Hoggar, fabricados con pl\u00e1stico reciclado. Equipados con un micr\u00f3fono integrado, cancelaci\u00f3n activa del ruido (ANC) y cancelaci\u00f3n del ruido ambiental (ENC), ofrecen un sonido n\u00edtido y envolvente dondequiera que est\u00e9s. Dise\u00f1ados con elegantes detalles, los auriculares son plegables e incluyen una funda para guardarlos y transportarlos f\u00e1cilmente. Se entregan en una caja de regalo de alta calidad.<\/p>\n","protected":false},"excerpt":{"rendered":"<p><strong>Descuentos por cantidades<\/strong><br \/>&#8211; a partir de 25 unidades: 22,24 \u20ac\/ud<br \/>&#8211; a partir de 50 unidades: 22,24 \u20ac\/ud<br \/>&#8211; a partir de 100 unidades: 21,79 \u20ac\/ud<\/p>\n<p>Para cantidades superiores a las aqu\u00ed indicadas, no dudes en ponerte en contacto con nuestro departamento comercial o <a href='https:\/\/adl-regalosempresa.com\/tiendaonline\/solicitud-presupuesto\/'>pedirnos presupuesto personalizado<\/a>, ajustaremos el presupuesto a tus necesidades.<\/p>\n","protected":false},"featured_media":143105,"template":"","meta":{"_kad_post_transparent":"","_kad_post_title":"","_kad_post_layout":"","_kad_post_sidebar_id":"","_kad_post_content_style":"","_kad_post_vertical_padding":"","_kad_post_feature":"","_kad_post_feature_position":"","_kad_post_header":false,"_kad_post_footer":false,"_kad_post_classname":""},"product_brand":[],"product_cat":[5114,486],"product_tag":[],"class_list":{"0":"post-143103","1":"product","2":"type-product","3":"status-publish","4":"has-post-thumbnail","6":"product_cat-cascos","7":"product_cat-tecnologia","8":"pa_alto-8-cm","9":"pa_ancho-21-cm","10":"pa_color-blanco","11":"pa_color-negro-intenso","12":"pa_color-simple-blanco","13":"pa_color-simple-negro-intenso","14":"pa_largo-159-cm","15":"pa_marca-unbranded","16":"pa_material-plastico-abs-reciclado","17":"pa_peso-223-gr","19":"first","20":"instock","21":"taxable","22":"shipping-taxable","23":"purchasable","24":"product-type-variable","25":"entry","26":"content-bg","27":"loop-entry"},"yoast_head":"<!-- This site is optimized with the Yoast SEO plugin v26.3 - https:\/\/yoast.com\/wordpress\/plugins\/seo\/ -->\n<title>Merchandising Auriculares ANC y ENC plegables de pl\u00e1stico reciclado para personalizar con logo - ADL<\/title>\n<meta name=\"description\" content=\"Art\u00edculo de merchandising Auriculares ANC y ENC plegables de pl\u00e1stico reciclado &quot;Hoggar&quot;. Disfruta de una experiencia de audio excepcional con los auriculares Hoggar, fabricados con pl\u00e1stico reciclado. Equipados con un micr\u00f3fono integrado, cancelaci\u00f3n activa del ruido (ANC) y cancelaci\u00f3n del ruido ambiental (ENC), ofrecen un sonido n\u00edtido y envolvente dondequiera que est\u00e9s. Dise\u00f1ados con elegantes detalles, los auriculares son plegables e incluyen una funda para guardarlos y transportarlos f\u00e1cilmente. Se entregan en una caja de regalo de alta calidad.\" \/>\n<meta name=\"robots\" content=\"index, follow, max-snippet:-1, max-image-preview:large, max-video-preview:-1\" \/>\n<link rel=\"canonical\" href=\"https:\/\/adl-regalosempresa.com\/tiendaonline\/articulos\/merchandising\/auriculares-anc-y-enc-plegables-de-plastico-reciclado-para-personalizar-con-logo\/\" \/>\n<meta property=\"og:locale\" content=\"es_ES\" \/>\n<meta property=\"og:type\" content=\"article\" \/>\n<meta property=\"og:title\" content=\"Merchandising Auriculares ANC y ENC plegables de pl\u00e1stico reciclado para personalizar con logo - ADL\" \/>\n<meta property=\"og:description\" content=\"Art\u00edculo de merchandising Auriculares ANC y ENC plegables de pl\u00e1stico reciclado &quot;Hoggar&quot;. Disfruta de una experiencia de audio excepcional con los auriculares Hoggar, fabricados con pl\u00e1stico reciclado. Equipados con un micr\u00f3fono integrado, cancelaci\u00f3n activa del ruido (ANC) y cancelaci\u00f3n del ruido ambiental (ENC), ofrecen un sonido n\u00edtido y envolvente dondequiera que est\u00e9s. Dise\u00f1ados con elegantes detalles, los auriculares son plegables e incluyen una funda para guardarlos y transportarlos f\u00e1cilmente. Se entregan en una caja de regalo de alta calidad.\" \/>\n<meta property=\"og:url\" content=\"https:\/\/adl-regalosempresa.com\/tiendaonline\/articulos\/merchandising\/auriculares-anc-y-enc-plegables-de-plastico-reciclado-para-personalizar-con-logo\/\" \/>\n<meta property=\"og:site_name\" content=\"ADL Comunicaci\u00f3n\" \/>\n<meta property=\"article:modified_time\" content=\"2026-05-08T08:42:18+00:00\" \/>\n<meta property=\"og:image\" content=\"https:\/\/adl-regalosempresa.com\/tiendaonline\/wp-content\/uploads\/2025\/08\/12447301.jpg\" \/>\n\t<meta property=\"og:image:width\" content=\"1600\" \/>\n\t<meta property=\"og:image:height\" content=\"1600\" \/>\n\t<meta property=\"og:image:type\" content=\"image\/jpeg\" \/>\n<meta name=\"twitter:card\" content=\"summary_large_image\" \/>\n<meta name=\"twitter:title\" content=\"Merchandising Auriculares ANC y ENC plegables de pl\u00e1stico reciclado para personalizar con logo - ADL\" \/>\n<script type=\"application\/ld+json\" class=\"yoast-schema-graph\">{\"@context\":\"https:\/\/schema.org\",\"@graph\":[{\"@type\":\"WebPage\",\"@id\":\"https:\/\/adl-regalosempresa.com\/tiendaonline\/articulos\/merchandising\/auriculares-anc-y-enc-plegables-de-plastico-reciclado-para-personalizar-con-logo\/\",\"url\":\"https:\/\/adl-regalosempresa.com\/tiendaonline\/articulos\/merchandising\/auriculares-anc-y-enc-plegables-de-plastico-reciclado-para-personalizar-con-logo\/\",\"name\":\"Merchandising Auriculares ANC y ENC plegables de pl\u00e1stico reciclado para personalizar con logo - ADL\",\"isPartOf\":{\"@id\":\"https:\/\/adl-regalosempresa.com\/tiendaonline\/#website\"},\"primaryImageOfPage\":{\"@id\":\"https:\/\/adl-regalosempresa.com\/tiendaonline\/articulos\/merchandising\/auriculares-anc-y-enc-plegables-de-plastico-reciclado-para-personalizar-con-logo\/#primaryimage\"},\"image\":{\"@id\":\"https:\/\/adl-regalosempresa.com\/tiendaonline\/articulos\/merchandising\/auriculares-anc-y-enc-plegables-de-plastico-reciclado-para-personalizar-con-logo\/#primaryimage\"},\"thumbnailUrl\":\"https:\/\/adl-regalosempresa.com\/tiendaonline\/wp-content\/uploads\/2025\/08\/12447301.jpg\",\"datePublished\":\"2026-04-25T04:39:40+00:00\",\"dateModified\":\"2026-05-08T08:42:18+00:00\",\"description\":\"Art\u00edculo de merchandising Auriculares ANC y ENC plegables de pl\u00e1stico reciclado \\\"Hoggar\\\". Disfruta de una experiencia de audio excepcional con los auriculares Hoggar, fabricados con pl\u00e1stico reciclado. Equipados con un micr\u00f3fono integrado, cancelaci\u00f3n activa del ruido (ANC) y cancelaci\u00f3n del ruido ambiental (ENC), ofrecen un sonido n\u00edtido y envolvente dondequiera que est\u00e9s. Dise\u00f1ados con elegantes detalles, los auriculares son plegables e incluyen una funda para guardarlos y transportarlos f\u00e1cilmente. Se entregan en una caja de regalo de alta calidad.\",\"breadcrumb\":{\"@id\":\"https:\/\/adl-regalosempresa.com\/tiendaonline\/articulos\/merchandising\/auriculares-anc-y-enc-plegables-de-plastico-reciclado-para-personalizar-con-logo\/#breadcrumb\"},\"inLanguage\":\"es\",\"potentialAction\":[{\"@type\":\"ReadAction\",\"target\":[\"https:\/\/adl-regalosempresa.com\/tiendaonline\/articulos\/merchandising\/auriculares-anc-y-enc-plegables-de-plastico-reciclado-para-personalizar-con-logo\/\"]}]},{\"@type\":\"ImageObject\",\"inLanguage\":\"es\",\"@id\":\"https:\/\/adl-regalosempresa.com\/tiendaonline\/articulos\/merchandising\/auriculares-anc-y-enc-plegables-de-plastico-reciclado-para-personalizar-con-logo\/#primaryimage\",\"url\":\"https:\/\/adl-regalosempresa.com\/tiendaonline\/wp-content\/uploads\/2025\/08\/12447301.jpg\",\"contentUrl\":\"https:\/\/adl-regalosempresa.com\/tiendaonline\/wp-content\/uploads\/2025\/08\/12447301.jpg\",\"width\":1600,\"height\":1600,\"caption\":\"Auriculares ANC y ENC plegables de pl\u00e1stico reciclado \\\"Hoggar\\\"\"},{\"@type\":\"BreadcrumbList\",\"@id\":\"https:\/\/adl-regalosempresa.com\/tiendaonline\/articulos\/merchandising\/auriculares-anc-y-enc-plegables-de-plastico-reciclado-para-personalizar-con-logo\/#breadcrumb\",\"itemListElement\":[{\"@type\":\"ListItem\",\"position\":1,\"name\":\"Portada\",\"item\":\"https:\/\/adl-regalosempresa.com\/tiendaonline\/\"},{\"@type\":\"ListItem\",\"position\":2,\"name\":\"Tienda\",\"item\":\"https:\/\/adl-regalosempresa.com\/tiendaonline\/tienda\/\"},{\"@type\":\"ListItem\",\"position\":3,\"name\":\"Auriculares ANC y ENC plegables de pl\u00e1stico reciclado para personalizar con logo\"}]},{\"@type\":\"WebSite\",\"@id\":\"https:\/\/adl-regalosempresa.com\/tiendaonline\/#website\",\"url\":\"https:\/\/adl-regalosempresa.com\/tiendaonline\/\",\"name\":\"ADL Comunicaci\u00f3n\",\"description\":\"Regalos de empresa\",\"publisher\":{\"@id\":\"https:\/\/adl-regalosempresa.com\/tiendaonline\/#organization\"},\"potentialAction\":[{\"@type\":\"SearchAction\",\"target\":{\"@type\":\"EntryPoint\",\"urlTemplate\":\"https:\/\/adl-regalosempresa.com\/tiendaonline\/?s={search_term_string}\"},\"query-input\":{\"@type\":\"PropertyValueSpecification\",\"valueRequired\":true,\"valueName\":\"search_term_string\"}}],\"inLanguage\":\"es\"},{\"@type\":\"Organization\",\"@id\":\"https:\/\/adl-regalosempresa.com\/tiendaonline\/#organization\",\"name\":\"ADL Comunicaci\u00f3n\",\"url\":\"https:\/\/adl-regalosempresa.com\/tiendaonline\/\",\"logo\":{\"@type\":\"ImageObject\",\"inLanguage\":\"es\",\"@id\":\"https:\/\/adl-regalosempresa.com\/tiendaonline\/#\/schema\/logo\/image\/\",\"url\":\"https:\/\/adl-regalosempresa.com\/tiendaonline\/wp-content\/uploads\/2017\/09\/logo-adl-wp.png\",\"contentUrl\":\"https:\/\/adl-regalosempresa.com\/tiendaonline\/wp-content\/uploads\/2017\/09\/logo-adl-wp.png\",\"width\":407,\"height\":185,\"caption\":\"ADL Comunicaci\u00f3n\"},\"image\":{\"@id\":\"https:\/\/adl-regalosempresa.com\/tiendaonline\/#\/schema\/logo\/image\/\"}}]}<\/script>\n<!-- \/ Yoast SEO plugin. -->","yoast_head_json":{"title":"Merchandising Auriculares ANC y ENC plegables de pl\u00e1stico reciclado para personalizar con logo - ADL","description":"Art\u00edculo de merchandising Auriculares ANC y ENC plegables de pl\u00e1stico reciclado \"Hoggar\". Disfruta de una experiencia de audio excepcional con los auriculares Hoggar, fabricados con pl\u00e1stico reciclado. Equipados con un micr\u00f3fono integrado, cancelaci\u00f3n activa del ruido (ANC) y cancelaci\u00f3n del ruido ambiental (ENC), ofrecen un sonido n\u00edtido y envolvente dondequiera que est\u00e9s. Dise\u00f1ados con elegantes detalles, los auriculares son plegables e incluyen una funda para guardarlos y transportarlos f\u00e1cilmente. Se entregan en una caja de regalo de alta calidad.","robots":{"index":"index","follow":"follow","max-snippet":"max-snippet:-1","max-image-preview":"max-image-preview:large","max-video-preview":"max-video-preview:-1"},"canonical":"https:\/\/adl-regalosempresa.com\/tiendaonline\/articulos\/merchandising\/auriculares-anc-y-enc-plegables-de-plastico-reciclado-para-personalizar-con-logo\/","og_locale":"es_ES","og_type":"article","og_title":"Merchandising Auriculares ANC y ENC plegables de pl\u00e1stico reciclado para personalizar con logo - ADL","og_description":"Art\u00edculo de merchandising Auriculares ANC y ENC plegables de pl\u00e1stico reciclado \"Hoggar\". Disfruta de una experiencia de audio excepcional con los auriculares Hoggar, fabricados con pl\u00e1stico reciclado. Equipados con un micr\u00f3fono integrado, cancelaci\u00f3n activa del ruido (ANC) y cancelaci\u00f3n del ruido ambiental (ENC), ofrecen un sonido n\u00edtido y envolvente dondequiera que est\u00e9s. Dise\u00f1ados con elegantes detalles, los auriculares son plegables e incluyen una funda para guardarlos y transportarlos f\u00e1cilmente. Se entregan en una caja de regalo de alta calidad.","og_url":"https:\/\/adl-regalosempresa.com\/tiendaonline\/articulos\/merchandising\/auriculares-anc-y-enc-plegables-de-plastico-reciclado-para-personalizar-con-logo\/","og_site_name":"ADL Comunicaci\u00f3n","article_modified_time":"2026-05-08T08:42:18+00:00","og_image":[{"width":1600,"height":1600,"url":"https:\/\/adl-regalosempresa.com\/tiendaonline\/wp-content\/uploads\/2025\/08\/12447301.jpg","type":"image\/jpeg"}],"twitter_card":"summary_large_image","twitter_title":"Merchandising Auriculares ANC y ENC plegables de pl\u00e1stico reciclado para personalizar con logo - ADL","schema":{"@context":"https:\/\/schema.org","@graph":[{"@type":"WebPage","@id":"https:\/\/adl-regalosempresa.com\/tiendaonline\/articulos\/merchandising\/auriculares-anc-y-enc-plegables-de-plastico-reciclado-para-personalizar-con-logo\/","url":"https:\/\/adl-regalosempresa.com\/tiendaonline\/articulos\/merchandising\/auriculares-anc-y-enc-plegables-de-plastico-reciclado-para-personalizar-con-logo\/","name":"Merchandising Auriculares ANC y ENC plegables de pl\u00e1stico reciclado para personalizar con logo - ADL","isPartOf":{"@id":"https:\/\/adl-regalosempresa.com\/tiendaonline\/#website"},"primaryImageOfPage":{"@id":"https:\/\/adl-regalosempresa.com\/tiendaonline\/articulos\/merchandising\/auriculares-anc-y-enc-plegables-de-plastico-reciclado-para-personalizar-con-logo\/#primaryimage"},"image":{"@id":"https:\/\/adl-regalosempresa.com\/tiendaonline\/articulos\/merchandising\/auriculares-anc-y-enc-plegables-de-plastico-reciclado-para-personalizar-con-logo\/#primaryimage"},"thumbnailUrl":"https:\/\/adl-regalosempresa.com\/tiendaonline\/wp-content\/uploads\/2025\/08\/12447301.jpg","datePublished":"2026-04-25T04:39:40+00:00","dateModified":"2026-05-08T08:42:18+00:00","description":"Art\u00edculo de merchandising Auriculares ANC y ENC plegables de pl\u00e1stico reciclado \"Hoggar\". Disfruta de una experiencia de audio excepcional con los auriculares Hoggar, fabricados con pl\u00e1stico reciclado. Equipados con un micr\u00f3fono integrado, cancelaci\u00f3n activa del ruido (ANC) y cancelaci\u00f3n del ruido ambiental (ENC), ofrecen un sonido n\u00edtido y envolvente dondequiera que est\u00e9s. Dise\u00f1ados con elegantes detalles, los auriculares son plegables e incluyen una funda para guardarlos y transportarlos f\u00e1cilmente. Se entregan en una caja de regalo de alta calidad.","breadcrumb":{"@id":"https:\/\/adl-regalosempresa.com\/tiendaonline\/articulos\/merchandising\/auriculares-anc-y-enc-plegables-de-plastico-reciclado-para-personalizar-con-logo\/#breadcrumb"},"inLanguage":"es","potentialAction":[{"@type":"ReadAction","target":["https:\/\/adl-regalosempresa.com\/tiendaonline\/articulos\/merchandising\/auriculares-anc-y-enc-plegables-de-plastico-reciclado-para-personalizar-con-logo\/"]}]},{"@type":"ImageObject","inLanguage":"es","@id":"https:\/\/adl-regalosempresa.com\/tiendaonline\/articulos\/merchandising\/auriculares-anc-y-enc-plegables-de-plastico-reciclado-para-personalizar-con-logo\/#primaryimage","url":"https:\/\/adl-regalosempresa.com\/tiendaonline\/wp-content\/uploads\/2025\/08\/12447301.jpg","contentUrl":"https:\/\/adl-regalosempresa.com\/tiendaonline\/wp-content\/uploads\/2025\/08\/12447301.jpg","width":1600,"height":1600,"caption":"Auriculares ANC y ENC plegables de pl\u00e1stico reciclado \"Hoggar\""},{"@type":"BreadcrumbList","@id":"https:\/\/adl-regalosempresa.com\/tiendaonline\/articulos\/merchandising\/auriculares-anc-y-enc-plegables-de-plastico-reciclado-para-personalizar-con-logo\/#breadcrumb","itemListElement":[{"@type":"ListItem","position":1,"name":"Portada","item":"https:\/\/adl-regalosempresa.com\/tiendaonline\/"},{"@type":"ListItem","position":2,"name":"Tienda","item":"https:\/\/adl-regalosempresa.com\/tiendaonline\/tienda\/"},{"@type":"ListItem","position":3,"name":"Auriculares ANC y ENC plegables de pl\u00e1stico reciclado para personalizar con logo"}]},{"@type":"WebSite","@id":"https:\/\/adl-regalosempresa.com\/tiendaonline\/#website","url":"https:\/\/adl-regalosempresa.com\/tiendaonline\/","name":"ADL Comunicaci\u00f3n","description":"Regalos de empresa","publisher":{"@id":"https:\/\/adl-regalosempresa.com\/tiendaonline\/#organization"},"potentialAction":[{"@type":"SearchAction","target":{"@type":"EntryPoint","urlTemplate":"https:\/\/adl-regalosempresa.com\/tiendaonline\/?s={search_term_string}"},"query-input":{"@type":"PropertyValueSpecification","valueRequired":true,"valueName":"search_term_string"}}],"inLanguage":"es"},{"@type":"Organization","@id":"https:\/\/adl-regalosempresa.com\/tiendaonline\/#organization","name":"ADL Comunicaci\u00f3n","url":"https:\/\/adl-regalosempresa.com\/tiendaonline\/","logo":{"@type":"ImageObject","inLanguage":"es","@id":"https:\/\/adl-regalosempresa.com\/tiendaonline\/#\/schema\/logo\/image\/","url":"https:\/\/adl-regalosempresa.com\/tiendaonline\/wp-content\/uploads\/2017\/09\/logo-adl-wp.png","contentUrl":"https:\/\/adl-regalosempresa.com\/tiendaonline\/wp-content\/uploads\/2017\/09\/logo-adl-wp.png","width":407,"height":185,"caption":"ADL Comunicaci\u00f3n"},"image":{"@id":"https:\/\/adl-regalosempresa.com\/tiendaonline\/#\/schema\/logo\/image\/"}}]}},"_links":{"self":[{"href":"https:\/\/adl-regalosempresa.com\/tiendaonline\/wp-json\/wp\/v2\/product\/143103","targetHints":{"allow":["GET"]}}],"collection":[{"href":"https:\/\/adl-regalosempresa.com\/tiendaonline\/wp-json\/wp\/v2\/product"}],"about":[{"href":"https:\/\/adl-regalosempresa.com\/tiendaonline\/wp-json\/wp\/v2\/types\/product"}],"wp:featuredmedia":[{"embeddable":true,"href":"https:\/\/adl-regalosempresa.com\/tiendaonline\/wp-json\/wp\/v2\/media\/143105"}],"wp:attachment":[{"href":"https:\/\/adl-regalosempresa.com\/tiendaonline\/wp-json\/wp\/v2\/media?parent=143103"}],"wp:term":[{"taxonomy":"product_brand","embeddable":true,"href":"https:\/\/adl-regalosempresa.com\/tiendaonline\/wp-json\/wp\/v2\/product_brand?post=143103"},{"taxonomy":"product_cat","embeddable":true,"href":"https:\/\/adl-regalosempresa.com\/tiendaonline\/wp-json\/wp\/v2\/product_cat?post=143103"},{"taxonomy":"product_tag","embeddable":true,"href":"https:\/\/adl-regalosempresa.com\/tiendaonline\/wp-json\/wp\/v2\/product_tag?post=143103"}],"curies":[{"name":"wp","href":"https:\/\/api.w.org\/{rel}","templated":true}]}}