{"id":143059,"date":"2026-03-31T05:43:18","date_gmt":"2026-03-31T05:43:18","guid":{"rendered":"https:\/\/adl-regalosempresa.com\/tiendaonline\/articulos\/merchandising\/lanyard-para-smartphone-con-detalles-de-bambu-para-personalizar-con-logo\/"},"modified":"2026-04-25T08:28:11","modified_gmt":"2026-04-25T08:28:11","slug":"lanyard-para-smartphone-con-detalles-de-bambu-para-personalizar-con-logo","status":"publish","type":"product","link":"https:\/\/adl-regalosempresa.com\/tiendaonline\/articulos\/merchandising\/lanyard-para-smartphone-con-detalles-de-bambu-para-personalizar-con-logo\/","title":{"rendered":"Lanyard para smartphone con detalles de bamb\u00fa  para personalizar con logo"},"content":{"rendered":"<p>Lleva tu tel\u00e9fono con estilo con el lanyard \u00abAdhab\u00bb para smartphone.<br \/>\nLa pieza central est\u00e1 hecha de bamb\u00fa procedente de fuentes responsables, lo que a\u00f1ade un toque natural al dise\u00f1o. Este elemento no solo mejora el aspecto, sino que tambi\u00e9n proporciona un \u00e1rea ideal para un logotipo. Pr\u00e1ctico y elegante, este lanyard es perfecto para usar a diario o para eventos.<\/p>\n","protected":false},"excerpt":{"rendered":"<p><strong>Descuentos por cantidades<\/strong><br \/>&#8211; a partir de 250 unidades: 1,11 \u20ac\/ud<br \/>&#8211; a partir de 500 unidades: 1,11 \u20ac\/ud<br \/>&#8211; a partir de 1000 unidades: 1,09 \u20ac\/ud<\/p>\n<p>Para cantidades superiores a las aqu\u00ed indicadas, no dudes en ponerte en contacto con nuestro departamento comercial o <a href='https:\/\/adl-regalosempresa.com\/tiendaonline\/solicitud-presupuesto\/'>pedirnos presupuesto personalizado<\/a>, ajustaremos el presupuesto a tus necesidades.<\/p>\n","protected":false},"featured_media":143061,"template":"","meta":{"_kad_post_transparent":"","_kad_post_title":"","_kad_post_layout":"","_kad_post_sidebar_id":"","_kad_post_content_style":"","_kad_post_vertical_padding":"","_kad_post_feature":"","_kad_post_feature_position":"","_kad_post_header":false,"_kad_post_footer":false,"_kad_post_classname":""},"product_brand":[],"product_cat":[4135,4146],"product_tag":[],"class_list":{"0":"post-143059","1":"product","2":"type-product","3":"status-publish","4":"has-post-thumbnail","6":"product_cat-articulos-promocionales","7":"product_cat-lanyards","8":"pa_ancho-1-cm","9":"pa_color-blanco","10":"pa_color-negro-intenso","11":"pa_color-simple-blanco","12":"pa_color-simple-negro-intenso","13":"pa_largo-55-cm","14":"pa_marca-unbranded","15":"pa_material-madera-de-bambu","16":"pa_peso-20-gr","18":"first","19":"instock","20":"taxable","21":"shipping-taxable","22":"purchasable","23":"product-type-variable","24":"entry","25":"content-bg","26":"loop-entry"},"yoast_head":"<!-- This site is optimized with the Yoast SEO plugin v26.3 - https:\/\/yoast.com\/wordpress\/plugins\/seo\/ -->\n<title>Merchandising Lanyard para smartphone con detalles de bamb\u00fa para personalizar con logo - ADL<\/title>\n<meta name=\"description\" content=\"Art\u00edculo de merchandising Lanyard para smartphone con detalles de bamb\u00fa &quot;Adhab&quot;. Lleva tu tel\u00e9fono con estilo con el lanyard &quot;Adhab&quot; para smartphone. La pieza central est\u00e1 hecha de bamb\u00fa procedente de fuentes responsables, lo que a\u00f1ade un toque natural al dise\u00f1o. Este elemento no solo mejora el aspecto, sino que tambi\u00e9n proporciona un \u00e1rea ideal para un logotipo. Pr\u00e1ctico y elegante, este lanyard es perfecto para usar a diario o para eventos.\" \/>\n<meta name=\"robots\" content=\"index, follow, max-snippet:-1, max-image-preview:large, max-video-preview:-1\" \/>\n<link rel=\"canonical\" href=\"https:\/\/adl-regalosempresa.com\/tiendaonline\/articulos\/merchandising\/lanyard-para-smartphone-con-detalles-de-bambu-para-personalizar-con-logo\/\" \/>\n<meta property=\"og:locale\" content=\"es_ES\" \/>\n<meta property=\"og:type\" content=\"article\" \/>\n<meta property=\"og:title\" content=\"Merchandising Lanyard para smartphone con detalles de bamb\u00fa para personalizar con logo - ADL\" \/>\n<meta property=\"og:description\" content=\"Art\u00edculo de merchandising Lanyard para smartphone con detalles de bamb\u00fa &quot;Adhab&quot;. Lleva tu tel\u00e9fono con estilo con el lanyard &quot;Adhab&quot; para smartphone. La pieza central est\u00e1 hecha de bamb\u00fa procedente de fuentes responsables, lo que a\u00f1ade un toque natural al dise\u00f1o. Este elemento no solo mejora el aspecto, sino que tambi\u00e9n proporciona un \u00e1rea ideal para un logotipo. Pr\u00e1ctico y elegante, este lanyard es perfecto para usar a diario o para eventos.\" \/>\n<meta property=\"og:url\" content=\"https:\/\/adl-regalosempresa.com\/tiendaonline\/articulos\/merchandising\/lanyard-para-smartphone-con-detalles-de-bambu-para-personalizar-con-logo\/\" \/>\n<meta property=\"og:site_name\" content=\"ADL Comunicaci\u00f3n\" \/>\n<meta property=\"article:modified_time\" content=\"2026-04-25T08:28:11+00:00\" \/>\n<meta property=\"og:image\" content=\"https:\/\/adl-regalosempresa.com\/tiendaonline\/wp-content\/uploads\/2025\/08\/12445601.jpg\" \/>\n\t<meta property=\"og:image:width\" content=\"1600\" \/>\n\t<meta property=\"og:image:height\" content=\"1600\" \/>\n\t<meta property=\"og:image:type\" content=\"image\/jpeg\" \/>\n<meta name=\"twitter:card\" content=\"summary_large_image\" \/>\n<meta name=\"twitter:title\" content=\"Merchandising Lanyard para smartphone con detalles de bamb\u00fa para personalizar con logo - ADL\" \/>\n<script type=\"application\/ld+json\" class=\"yoast-schema-graph\">{\"@context\":\"https:\/\/schema.org\",\"@graph\":[{\"@type\":\"WebPage\",\"@id\":\"https:\/\/adl-regalosempresa.com\/tiendaonline\/articulos\/merchandising\/lanyard-para-smartphone-con-detalles-de-bambu-para-personalizar-con-logo\/\",\"url\":\"https:\/\/adl-regalosempresa.com\/tiendaonline\/articulos\/merchandising\/lanyard-para-smartphone-con-detalles-de-bambu-para-personalizar-con-logo\/\",\"name\":\"Merchandising Lanyard para smartphone con detalles de bamb\u00fa para personalizar con logo - ADL\",\"isPartOf\":{\"@id\":\"https:\/\/adl-regalosempresa.com\/tiendaonline\/#website\"},\"primaryImageOfPage\":{\"@id\":\"https:\/\/adl-regalosempresa.com\/tiendaonline\/articulos\/merchandising\/lanyard-para-smartphone-con-detalles-de-bambu-para-personalizar-con-logo\/#primaryimage\"},\"image\":{\"@id\":\"https:\/\/adl-regalosempresa.com\/tiendaonline\/articulos\/merchandising\/lanyard-para-smartphone-con-detalles-de-bambu-para-personalizar-con-logo\/#primaryimage\"},\"thumbnailUrl\":\"https:\/\/adl-regalosempresa.com\/tiendaonline\/wp-content\/uploads\/2025\/08\/12445601.jpg\",\"datePublished\":\"2026-03-31T05:43:18+00:00\",\"dateModified\":\"2026-04-25T08:28:11+00:00\",\"description\":\"Art\u00edculo de merchandising Lanyard para smartphone con detalles de bamb\u00fa \\\"Adhab\\\". Lleva tu tel\u00e9fono con estilo con el lanyard \\\"Adhab\\\" para smartphone. La pieza central est\u00e1 hecha de bamb\u00fa procedente de fuentes responsables, lo que a\u00f1ade un toque natural al dise\u00f1o. Este elemento no solo mejora el aspecto, sino que tambi\u00e9n proporciona un \u00e1rea ideal para un logotipo. Pr\u00e1ctico y elegante, este lanyard es perfecto para usar a diario o para eventos.\",\"breadcrumb\":{\"@id\":\"https:\/\/adl-regalosempresa.com\/tiendaonline\/articulos\/merchandising\/lanyard-para-smartphone-con-detalles-de-bambu-para-personalizar-con-logo\/#breadcrumb\"},\"inLanguage\":\"es\",\"potentialAction\":[{\"@type\":\"ReadAction\",\"target\":[\"https:\/\/adl-regalosempresa.com\/tiendaonline\/articulos\/merchandising\/lanyard-para-smartphone-con-detalles-de-bambu-para-personalizar-con-logo\/\"]}]},{\"@type\":\"ImageObject\",\"inLanguage\":\"es\",\"@id\":\"https:\/\/adl-regalosempresa.com\/tiendaonline\/articulos\/merchandising\/lanyard-para-smartphone-con-detalles-de-bambu-para-personalizar-con-logo\/#primaryimage\",\"url\":\"https:\/\/adl-regalosempresa.com\/tiendaonline\/wp-content\/uploads\/2025\/08\/12445601.jpg\",\"contentUrl\":\"https:\/\/adl-regalosempresa.com\/tiendaonline\/wp-content\/uploads\/2025\/08\/12445601.jpg\",\"width\":1600,\"height\":1600,\"caption\":\"Lanyard para smartphone con detalles de bamb\u00fa \\\"Adhab\\\"\"},{\"@type\":\"BreadcrumbList\",\"@id\":\"https:\/\/adl-regalosempresa.com\/tiendaonline\/articulos\/merchandising\/lanyard-para-smartphone-con-detalles-de-bambu-para-personalizar-con-logo\/#breadcrumb\",\"itemListElement\":[{\"@type\":\"ListItem\",\"position\":1,\"name\":\"Portada\",\"item\":\"https:\/\/adl-regalosempresa.com\/tiendaonline\/\"},{\"@type\":\"ListItem\",\"position\":2,\"name\":\"Tienda\",\"item\":\"https:\/\/adl-regalosempresa.com\/tiendaonline\/tienda\/\"},{\"@type\":\"ListItem\",\"position\":3,\"name\":\"Lanyard para smartphone con detalles de bamb\u00fa para personalizar con logo\"}]},{\"@type\":\"WebSite\",\"@id\":\"https:\/\/adl-regalosempresa.com\/tiendaonline\/#website\",\"url\":\"https:\/\/adl-regalosempresa.com\/tiendaonline\/\",\"name\":\"ADL Comunicaci\u00f3n\",\"description\":\"Regalos de empresa\",\"publisher\":{\"@id\":\"https:\/\/adl-regalosempresa.com\/tiendaonline\/#organization\"},\"potentialAction\":[{\"@type\":\"SearchAction\",\"target\":{\"@type\":\"EntryPoint\",\"urlTemplate\":\"https:\/\/adl-regalosempresa.com\/tiendaonline\/?s={search_term_string}\"},\"query-input\":{\"@type\":\"PropertyValueSpecification\",\"valueRequired\":true,\"valueName\":\"search_term_string\"}}],\"inLanguage\":\"es\"},{\"@type\":\"Organization\",\"@id\":\"https:\/\/adl-regalosempresa.com\/tiendaonline\/#organization\",\"name\":\"ADL Comunicaci\u00f3n\",\"url\":\"https:\/\/adl-regalosempresa.com\/tiendaonline\/\",\"logo\":{\"@type\":\"ImageObject\",\"inLanguage\":\"es\",\"@id\":\"https:\/\/adl-regalosempresa.com\/tiendaonline\/#\/schema\/logo\/image\/\",\"url\":\"https:\/\/adl-regalosempresa.com\/tiendaonline\/wp-content\/uploads\/2017\/09\/logo-adl-wp.png\",\"contentUrl\":\"https:\/\/adl-regalosempresa.com\/tiendaonline\/wp-content\/uploads\/2017\/09\/logo-adl-wp.png\",\"width\":407,\"height\":185,\"caption\":\"ADL Comunicaci\u00f3n\"},\"image\":{\"@id\":\"https:\/\/adl-regalosempresa.com\/tiendaonline\/#\/schema\/logo\/image\/\"}}]}<\/script>\n<!-- \/ Yoast SEO plugin. -->","yoast_head_json":{"title":"Merchandising Lanyard para smartphone con detalles de bamb\u00fa para personalizar con logo - ADL","description":"Art\u00edculo de merchandising Lanyard para smartphone con detalles de bamb\u00fa \"Adhab\". Lleva tu tel\u00e9fono con estilo con el lanyard \"Adhab\" para smartphone. La pieza central est\u00e1 hecha de bamb\u00fa procedente de fuentes responsables, lo que a\u00f1ade un toque natural al dise\u00f1o. Este elemento no solo mejora el aspecto, sino que tambi\u00e9n proporciona un \u00e1rea ideal para un logotipo. Pr\u00e1ctico y elegante, este lanyard es perfecto para usar a diario o para eventos.","robots":{"index":"index","follow":"follow","max-snippet":"max-snippet:-1","max-image-preview":"max-image-preview:large","max-video-preview":"max-video-preview:-1"},"canonical":"https:\/\/adl-regalosempresa.com\/tiendaonline\/articulos\/merchandising\/lanyard-para-smartphone-con-detalles-de-bambu-para-personalizar-con-logo\/","og_locale":"es_ES","og_type":"article","og_title":"Merchandising Lanyard para smartphone con detalles de bamb\u00fa para personalizar con logo - ADL","og_description":"Art\u00edculo de merchandising Lanyard para smartphone con detalles de bamb\u00fa \"Adhab\". Lleva tu tel\u00e9fono con estilo con el lanyard \"Adhab\" para smartphone. La pieza central est\u00e1 hecha de bamb\u00fa procedente de fuentes responsables, lo que a\u00f1ade un toque natural al dise\u00f1o. Este elemento no solo mejora el aspecto, sino que tambi\u00e9n proporciona un \u00e1rea ideal para un logotipo. Pr\u00e1ctico y elegante, este lanyard es perfecto para usar a diario o para eventos.","og_url":"https:\/\/adl-regalosempresa.com\/tiendaonline\/articulos\/merchandising\/lanyard-para-smartphone-con-detalles-de-bambu-para-personalizar-con-logo\/","og_site_name":"ADL Comunicaci\u00f3n","article_modified_time":"2026-04-25T08:28:11+00:00","og_image":[{"width":1600,"height":1600,"url":"https:\/\/adl-regalosempresa.com\/tiendaonline\/wp-content\/uploads\/2025\/08\/12445601.jpg","type":"image\/jpeg"}],"twitter_card":"summary_large_image","twitter_title":"Merchandising Lanyard para smartphone con detalles de bamb\u00fa para personalizar con logo - ADL","schema":{"@context":"https:\/\/schema.org","@graph":[{"@type":"WebPage","@id":"https:\/\/adl-regalosempresa.com\/tiendaonline\/articulos\/merchandising\/lanyard-para-smartphone-con-detalles-de-bambu-para-personalizar-con-logo\/","url":"https:\/\/adl-regalosempresa.com\/tiendaonline\/articulos\/merchandising\/lanyard-para-smartphone-con-detalles-de-bambu-para-personalizar-con-logo\/","name":"Merchandising Lanyard para smartphone con detalles de bamb\u00fa para personalizar con logo - ADL","isPartOf":{"@id":"https:\/\/adl-regalosempresa.com\/tiendaonline\/#website"},"primaryImageOfPage":{"@id":"https:\/\/adl-regalosempresa.com\/tiendaonline\/articulos\/merchandising\/lanyard-para-smartphone-con-detalles-de-bambu-para-personalizar-con-logo\/#primaryimage"},"image":{"@id":"https:\/\/adl-regalosempresa.com\/tiendaonline\/articulos\/merchandising\/lanyard-para-smartphone-con-detalles-de-bambu-para-personalizar-con-logo\/#primaryimage"},"thumbnailUrl":"https:\/\/adl-regalosempresa.com\/tiendaonline\/wp-content\/uploads\/2025\/08\/12445601.jpg","datePublished":"2026-03-31T05:43:18+00:00","dateModified":"2026-04-25T08:28:11+00:00","description":"Art\u00edculo de merchandising Lanyard para smartphone con detalles de bamb\u00fa \"Adhab\". Lleva tu tel\u00e9fono con estilo con el lanyard \"Adhab\" para smartphone. La pieza central est\u00e1 hecha de bamb\u00fa procedente de fuentes responsables, lo que a\u00f1ade un toque natural al dise\u00f1o. Este elemento no solo mejora el aspecto, sino que tambi\u00e9n proporciona un \u00e1rea ideal para un logotipo. Pr\u00e1ctico y elegante, este lanyard es perfecto para usar a diario o para eventos.","breadcrumb":{"@id":"https:\/\/adl-regalosempresa.com\/tiendaonline\/articulos\/merchandising\/lanyard-para-smartphone-con-detalles-de-bambu-para-personalizar-con-logo\/#breadcrumb"},"inLanguage":"es","potentialAction":[{"@type":"ReadAction","target":["https:\/\/adl-regalosempresa.com\/tiendaonline\/articulos\/merchandising\/lanyard-para-smartphone-con-detalles-de-bambu-para-personalizar-con-logo\/"]}]},{"@type":"ImageObject","inLanguage":"es","@id":"https:\/\/adl-regalosempresa.com\/tiendaonline\/articulos\/merchandising\/lanyard-para-smartphone-con-detalles-de-bambu-para-personalizar-con-logo\/#primaryimage","url":"https:\/\/adl-regalosempresa.com\/tiendaonline\/wp-content\/uploads\/2025\/08\/12445601.jpg","contentUrl":"https:\/\/adl-regalosempresa.com\/tiendaonline\/wp-content\/uploads\/2025\/08\/12445601.jpg","width":1600,"height":1600,"caption":"Lanyard para smartphone con detalles de bamb\u00fa \"Adhab\""},{"@type":"BreadcrumbList","@id":"https:\/\/adl-regalosempresa.com\/tiendaonline\/articulos\/merchandising\/lanyard-para-smartphone-con-detalles-de-bambu-para-personalizar-con-logo\/#breadcrumb","itemListElement":[{"@type":"ListItem","position":1,"name":"Portada","item":"https:\/\/adl-regalosempresa.com\/tiendaonline\/"},{"@type":"ListItem","position":2,"name":"Tienda","item":"https:\/\/adl-regalosempresa.com\/tiendaonline\/tienda\/"},{"@type":"ListItem","position":3,"name":"Lanyard para smartphone con detalles de bamb\u00fa para personalizar con logo"}]},{"@type":"WebSite","@id":"https:\/\/adl-regalosempresa.com\/tiendaonline\/#website","url":"https:\/\/adl-regalosempresa.com\/tiendaonline\/","name":"ADL Comunicaci\u00f3n","description":"Regalos de empresa","publisher":{"@id":"https:\/\/adl-regalosempresa.com\/tiendaonline\/#organization"},"potentialAction":[{"@type":"SearchAction","target":{"@type":"EntryPoint","urlTemplate":"https:\/\/adl-regalosempresa.com\/tiendaonline\/?s={search_term_string}"},"query-input":{"@type":"PropertyValueSpecification","valueRequired":true,"valueName":"search_term_string"}}],"inLanguage":"es"},{"@type":"Organization","@id":"https:\/\/adl-regalosempresa.com\/tiendaonline\/#organization","name":"ADL Comunicaci\u00f3n","url":"https:\/\/adl-regalosempresa.com\/tiendaonline\/","logo":{"@type":"ImageObject","inLanguage":"es","@id":"https:\/\/adl-regalosempresa.com\/tiendaonline\/#\/schema\/logo\/image\/","url":"https:\/\/adl-regalosempresa.com\/tiendaonline\/wp-content\/uploads\/2017\/09\/logo-adl-wp.png","contentUrl":"https:\/\/adl-regalosempresa.com\/tiendaonline\/wp-content\/uploads\/2017\/09\/logo-adl-wp.png","width":407,"height":185,"caption":"ADL Comunicaci\u00f3n"},"image":{"@id":"https:\/\/adl-regalosempresa.com\/tiendaonline\/#\/schema\/logo\/image\/"}}]}},"_links":{"self":[{"href":"https:\/\/adl-regalosempresa.com\/tiendaonline\/wp-json\/wp\/v2\/product\/143059","targetHints":{"allow":["GET"]}}],"collection":[{"href":"https:\/\/adl-regalosempresa.com\/tiendaonline\/wp-json\/wp\/v2\/product"}],"about":[{"href":"https:\/\/adl-regalosempresa.com\/tiendaonline\/wp-json\/wp\/v2\/types\/product"}],"wp:featuredmedia":[{"embeddable":true,"href":"https:\/\/adl-regalosempresa.com\/tiendaonline\/wp-json\/wp\/v2\/media\/143061"}],"wp:attachment":[{"href":"https:\/\/adl-regalosempresa.com\/tiendaonline\/wp-json\/wp\/v2\/media?parent=143059"}],"wp:term":[{"taxonomy":"product_brand","embeddable":true,"href":"https:\/\/adl-regalosempresa.com\/tiendaonline\/wp-json\/wp\/v2\/product_brand?post=143059"},{"taxonomy":"product_cat","embeddable":true,"href":"https:\/\/adl-regalosempresa.com\/tiendaonline\/wp-json\/wp\/v2\/product_cat?post=143059"},{"taxonomy":"product_tag","embeddable":true,"href":"https:\/\/adl-regalosempresa.com\/tiendaonline\/wp-json\/wp\/v2\/product_tag?post=143059"}],"curies":[{"name":"wp","href":"https:\/\/api.w.org\/{rel}","templated":true}]}}