{"id":143038,"date":"2026-04-16T04:39:16","date_gmt":"2026-04-16T04:39:16","guid":{"rendered":"https:\/\/adl-regalosempresa.com\/tiendaonline\/articulos\/merchandising\/bateria-externa-para-tableta-de-10-000-mah-y-35-w-con-cable-tipo-c-integrado-y-fabricada-con-plastico-reciclado-para-personalizar-con-logo\/"},"modified":"2026-04-21T08:08:06","modified_gmt":"2026-04-21T08:08:06","slug":"bateria-externa-para-tableta-de-10-000-mah-y-35-w-con-cable-tipo-c-integrado-y-fabricada-con-plastico-reciclado-para-personalizar-con-logo","status":"publish","type":"product","link":"https:\/\/adl-regalosempresa.com\/tiendaonline\/articulos\/merchandising\/bateria-externa-para-tableta-de-10-000-mah-y-35-w-con-cable-tipo-c-integrado-y-fabricada-con-plastico-reciclado-para-personalizar-con-logo\/","title":{"rendered":"Bater\u00eda externa para tableta de 10\u00a0000\u00a0mAh y 35\u00a0W con cable tipo C integrado y fabricada con pl\u00e1stico reciclado  para personalizar con logo"},"content":{"rendered":"<p>La bater\u00eda externa \u00abAcrux\u00bb de 10\u00a0000\u00a0mAh est\u00e1 fabricada con pl\u00e1stico reciclado y dise\u00f1ada para una carga r\u00e1pida y c\u00f3moda est\u00e9s donde est\u00e9s. Cuenta con un puerto de entrada\/salida USB-C de 35\u00a0W y un puerto USB-A de 18\u00a0W, junto con un cable USB-C y Lightning integrado, para que puedas cargar tus dispositivos sin necesidad de accesorios adicionales. Una pantalla digital muestra el porcentaje de carga de un vistazo, lo que facilita el control de los niveles de bater\u00eda. Perfecta para mantener los smartphones y las tabletas cargados durante todo el d\u00eda.<\/p>\n","protected":false},"excerpt":{"rendered":"<p><strong>Descuentos por cantidades<\/strong><br \/>&#8211; a partir de 25 unidades: 27,22 \u20ac\/ud<br \/>&#8211; a partir de 50 unidades: 27,22 \u20ac\/ud<br \/>&#8211; a partir de 100 unidades: 26,69 \u20ac\/ud<\/p>\n<p>Para cantidades superiores a las aqu\u00ed indicadas, no dudes en ponerte en contacto con nuestro departamento comercial o <a href='https:\/\/adl-regalosempresa.com\/tiendaonline\/solicitud-presupuesto\/'>pedirnos presupuesto personalizado<\/a>, ajustaremos el presupuesto a tus necesidades.<\/p>\n","protected":false},"featured_media":143040,"template":"","meta":{"_kad_post_transparent":"","_kad_post_title":"","_kad_post_layout":"","_kad_post_sidebar_id":"","_kad_post_content_style":"","_kad_post_vertical_padding":"","_kad_post_feature":"","_kad_post_feature_position":"","_kad_post_header":false,"_kad_post_footer":false,"_kad_post_classname":""},"product_brand":[],"product_cat":[5085,486],"product_tag":[],"class_list":{"0":"post-143038","1":"product","2":"type-product","3":"status-publish","4":"has-post-thumbnail","6":"product_cat-baterias-externas","7":"product_cat-tecnologia","8":"pa_alto-26-cm","9":"pa_ancho-66-cm","10":"pa_color-blanco","11":"pa_color-negro-intenso","12":"pa_color-simple-blanco","13":"pa_color-simple-negro-intenso","14":"pa_largo-87-cm","15":"pa_marca-unbranded","16":"pa_material-plastico-abs-reciclado","17":"pa_peso-199-gr","19":"first","20":"instock","21":"taxable","22":"shipping-taxable","23":"purchasable","24":"product-type-variable","25":"entry","26":"content-bg","27":"loop-entry"},"yoast_head":"<!-- This site is optimized with the Yoast SEO plugin v26.3 - https:\/\/yoast.com\/wordpress\/plugins\/seo\/ -->\n<title>Merchandising Bater\u00eda externa para tableta de 10\u00a0000\u00a0mAh y 35\u00a0W con cable tipo C integrado y fabricada con pl\u00e1stico reciclado para personalizar con logo - ADL<\/title>\n<meta name=\"description\" content=\"Art\u00edculo de merchandising Bater\u00eda externa para tableta de 10\u00a0000\u00a0mAh y 35\u00a0W con cable tipo C integrado y fabricada con pl\u00e1stico reciclado &quot;Acrux&quot;. La bater\u00eda externa &quot;Acrux&quot; de 10\u00a0000\u00a0mAh est\u00e1 fabricada con pl\u00e1stico reciclado y dise\u00f1ada para una carga r\u00e1pida y c\u00f3moda est\u00e9s donde est\u00e9s. Cuenta con un puerto de entrada\/salida USB-C de 35\u00a0W y un puerto USB-A de 18\u00a0W, junto con un cable USB-C y Lightning integrado, para que puedas cargar tus dispositivos sin necesidad de accesorios adicionales. Una pantalla digital muestra el porcentaje de carga de un vistazo, lo que facilita el control de los niveles de bater\u00eda. Perfecta para mantener los smartphones y las tabletas cargados durante todo el d\u00eda.\" \/>\n<meta name=\"robots\" content=\"index, follow, max-snippet:-1, max-image-preview:large, max-video-preview:-1\" \/>\n<link rel=\"canonical\" href=\"https:\/\/adl-regalosempresa.com\/tiendaonline\/articulos\/merchandising\/bateria-externa-para-tableta-de-10-000-mah-y-35-w-con-cable-tipo-c-integrado-y-fabricada-con-plastico-reciclado-para-personalizar-con-logo\/\" \/>\n<meta property=\"og:locale\" content=\"es_ES\" \/>\n<meta property=\"og:type\" content=\"article\" \/>\n<meta property=\"og:title\" content=\"Merchandising Bater\u00eda externa para tableta de 10\u00a0000\u00a0mAh y 35\u00a0W con cable tipo C integrado y fabricada con pl\u00e1stico reciclado para personalizar con logo - ADL\" \/>\n<meta property=\"og:description\" content=\"Art\u00edculo de merchandising Bater\u00eda externa para tableta de 10\u00a0000\u00a0mAh y 35\u00a0W con cable tipo C integrado y fabricada con pl\u00e1stico reciclado &quot;Acrux&quot;. La bater\u00eda externa &quot;Acrux&quot; de 10\u00a0000\u00a0mAh est\u00e1 fabricada con pl\u00e1stico reciclado y dise\u00f1ada para una carga r\u00e1pida y c\u00f3moda est\u00e9s donde est\u00e9s. Cuenta con un puerto de entrada\/salida USB-C de 35\u00a0W y un puerto USB-A de 18\u00a0W, junto con un cable USB-C y Lightning integrado, para que puedas cargar tus dispositivos sin necesidad de accesorios adicionales. Una pantalla digital muestra el porcentaje de carga de un vistazo, lo que facilita el control de los niveles de bater\u00eda. Perfecta para mantener los smartphones y las tabletas cargados durante todo el d\u00eda.\" \/>\n<meta property=\"og:url\" content=\"https:\/\/adl-regalosempresa.com\/tiendaonline\/articulos\/merchandising\/bateria-externa-para-tableta-de-10-000-mah-y-35-w-con-cable-tipo-c-integrado-y-fabricada-con-plastico-reciclado-para-personalizar-con-logo\/\" \/>\n<meta property=\"og:site_name\" content=\"ADL Comunicaci\u00f3n\" \/>\n<meta property=\"article:modified_time\" content=\"2026-04-21T08:08:06+00:00\" \/>\n<meta property=\"og:image\" content=\"https:\/\/adl-regalosempresa.com\/tiendaonline\/wp-content\/uploads\/2025\/08\/12445001.jpg\" \/>\n\t<meta property=\"og:image:width\" content=\"1600\" \/>\n\t<meta property=\"og:image:height\" content=\"1600\" \/>\n\t<meta property=\"og:image:type\" content=\"image\/jpeg\" \/>\n<meta name=\"twitter:card\" content=\"summary_large_image\" \/>\n<meta name=\"twitter:title\" content=\"Merchandising Bater\u00eda externa para tableta de 10\u00a0000\u00a0mAh y 35\u00a0W con cable tipo C integrado y fabricada con pl\u00e1stico reciclado para personalizar con logo - ADL\" \/>\n<meta name=\"twitter:label1\" content=\"Tiempo de lectura\" \/>\n\t<meta name=\"twitter:data1\" content=\"1 minuto\" \/>\n<script type=\"application\/ld+json\" class=\"yoast-schema-graph\">{\"@context\":\"https:\/\/schema.org\",\"@graph\":[{\"@type\":\"WebPage\",\"@id\":\"https:\/\/adl-regalosempresa.com\/tiendaonline\/articulos\/merchandising\/bateria-externa-para-tableta-de-10-000-mah-y-35-w-con-cable-tipo-c-integrado-y-fabricada-con-plastico-reciclado-para-personalizar-con-logo\/\",\"url\":\"https:\/\/adl-regalosempresa.com\/tiendaonline\/articulos\/merchandising\/bateria-externa-para-tableta-de-10-000-mah-y-35-w-con-cable-tipo-c-integrado-y-fabricada-con-plastico-reciclado-para-personalizar-con-logo\/\",\"name\":\"Merchandising Bater\u00eda externa para tableta de 10\u00a0000\u00a0mAh y 35\u00a0W con cable tipo C integrado y fabricada con pl\u00e1stico reciclado para personalizar con logo - ADL\",\"isPartOf\":{\"@id\":\"https:\/\/adl-regalosempresa.com\/tiendaonline\/#website\"},\"primaryImageOfPage\":{\"@id\":\"https:\/\/adl-regalosempresa.com\/tiendaonline\/articulos\/merchandising\/bateria-externa-para-tableta-de-10-000-mah-y-35-w-con-cable-tipo-c-integrado-y-fabricada-con-plastico-reciclado-para-personalizar-con-logo\/#primaryimage\"},\"image\":{\"@id\":\"https:\/\/adl-regalosempresa.com\/tiendaonline\/articulos\/merchandising\/bateria-externa-para-tableta-de-10-000-mah-y-35-w-con-cable-tipo-c-integrado-y-fabricada-con-plastico-reciclado-para-personalizar-con-logo\/#primaryimage\"},\"thumbnailUrl\":\"https:\/\/adl-regalosempresa.com\/tiendaonline\/wp-content\/uploads\/2025\/08\/12445001.jpg\",\"datePublished\":\"2026-04-16T04:39:16+00:00\",\"dateModified\":\"2026-04-21T08:08:06+00:00\",\"description\":\"Art\u00edculo de merchandising Bater\u00eda externa para tableta de 10\u00a0000\u00a0mAh y 35\u00a0W con cable tipo C integrado y fabricada con pl\u00e1stico reciclado \\\"Acrux\\\". La bater\u00eda externa \\\"Acrux\\\" de 10\u00a0000\u00a0mAh est\u00e1 fabricada con pl\u00e1stico reciclado y dise\u00f1ada para una carga r\u00e1pida y c\u00f3moda est\u00e9s donde est\u00e9s. Cuenta con un puerto de entrada\/salida USB-C de 35\u00a0W y un puerto USB-A de 18\u00a0W, junto con un cable USB-C y Lightning integrado, para que puedas cargar tus dispositivos sin necesidad de accesorios adicionales. Una pantalla digital muestra el porcentaje de carga de un vistazo, lo que facilita el control de los niveles de bater\u00eda. Perfecta para mantener los smartphones y las tabletas cargados durante todo el d\u00eda.\",\"breadcrumb\":{\"@id\":\"https:\/\/adl-regalosempresa.com\/tiendaonline\/articulos\/merchandising\/bateria-externa-para-tableta-de-10-000-mah-y-35-w-con-cable-tipo-c-integrado-y-fabricada-con-plastico-reciclado-para-personalizar-con-logo\/#breadcrumb\"},\"inLanguage\":\"es\",\"potentialAction\":[{\"@type\":\"ReadAction\",\"target\":[\"https:\/\/adl-regalosempresa.com\/tiendaonline\/articulos\/merchandising\/bateria-externa-para-tableta-de-10-000-mah-y-35-w-con-cable-tipo-c-integrado-y-fabricada-con-plastico-reciclado-para-personalizar-con-logo\/\"]}]},{\"@type\":\"ImageObject\",\"inLanguage\":\"es\",\"@id\":\"https:\/\/adl-regalosempresa.com\/tiendaonline\/articulos\/merchandising\/bateria-externa-para-tableta-de-10-000-mah-y-35-w-con-cable-tipo-c-integrado-y-fabricada-con-plastico-reciclado-para-personalizar-con-logo\/#primaryimage\",\"url\":\"https:\/\/adl-regalosempresa.com\/tiendaonline\/wp-content\/uploads\/2025\/08\/12445001.jpg\",\"contentUrl\":\"https:\/\/adl-regalosempresa.com\/tiendaonline\/wp-content\/uploads\/2025\/08\/12445001.jpg\",\"width\":1600,\"height\":1600,\"caption\":\"Bater\u00eda externa para tableta de 10\u00a0000\u00a0mAh y 35\u00a0W con cable tipo C integrado y fabricada con pl\u00e1stico reciclado \\\"Acrux\\\"\"},{\"@type\":\"BreadcrumbList\",\"@id\":\"https:\/\/adl-regalosempresa.com\/tiendaonline\/articulos\/merchandising\/bateria-externa-para-tableta-de-10-000-mah-y-35-w-con-cable-tipo-c-integrado-y-fabricada-con-plastico-reciclado-para-personalizar-con-logo\/#breadcrumb\",\"itemListElement\":[{\"@type\":\"ListItem\",\"position\":1,\"name\":\"Portada\",\"item\":\"https:\/\/adl-regalosempresa.com\/tiendaonline\/\"},{\"@type\":\"ListItem\",\"position\":2,\"name\":\"Tienda\",\"item\":\"https:\/\/adl-regalosempresa.com\/tiendaonline\/tienda\/\"},{\"@type\":\"ListItem\",\"position\":3,\"name\":\"Bater\u00eda externa para tableta de 10\u00a0000\u00a0mAh y 35\u00a0W con cable tipo C integrado y fabricada con pl\u00e1stico reciclado para personalizar con logo\"}]},{\"@type\":\"WebSite\",\"@id\":\"https:\/\/adl-regalosempresa.com\/tiendaonline\/#website\",\"url\":\"https:\/\/adl-regalosempresa.com\/tiendaonline\/\",\"name\":\"ADL Comunicaci\u00f3n\",\"description\":\"Regalos de empresa\",\"publisher\":{\"@id\":\"https:\/\/adl-regalosempresa.com\/tiendaonline\/#organization\"},\"potentialAction\":[{\"@type\":\"SearchAction\",\"target\":{\"@type\":\"EntryPoint\",\"urlTemplate\":\"https:\/\/adl-regalosempresa.com\/tiendaonline\/?s={search_term_string}\"},\"query-input\":{\"@type\":\"PropertyValueSpecification\",\"valueRequired\":true,\"valueName\":\"search_term_string\"}}],\"inLanguage\":\"es\"},{\"@type\":\"Organization\",\"@id\":\"https:\/\/adl-regalosempresa.com\/tiendaonline\/#organization\",\"name\":\"ADL Comunicaci\u00f3n\",\"url\":\"https:\/\/adl-regalosempresa.com\/tiendaonline\/\",\"logo\":{\"@type\":\"ImageObject\",\"inLanguage\":\"es\",\"@id\":\"https:\/\/adl-regalosempresa.com\/tiendaonline\/#\/schema\/logo\/image\/\",\"url\":\"https:\/\/adl-regalosempresa.com\/tiendaonline\/wp-content\/uploads\/2017\/09\/logo-adl-wp.png\",\"contentUrl\":\"https:\/\/adl-regalosempresa.com\/tiendaonline\/wp-content\/uploads\/2017\/09\/logo-adl-wp.png\",\"width\":407,\"height\":185,\"caption\":\"ADL Comunicaci\u00f3n\"},\"image\":{\"@id\":\"https:\/\/adl-regalosempresa.com\/tiendaonline\/#\/schema\/logo\/image\/\"}}]}<\/script>\n<!-- \/ Yoast SEO plugin. -->","yoast_head_json":{"title":"Merchandising Bater\u00eda externa para tableta de 10\u00a0000\u00a0mAh y 35\u00a0W con cable tipo C integrado y fabricada con pl\u00e1stico reciclado para personalizar con logo - ADL","description":"Art\u00edculo de merchandising Bater\u00eda externa para tableta de 10\u00a0000\u00a0mAh y 35\u00a0W con cable tipo C integrado y fabricada con pl\u00e1stico reciclado \"Acrux\". La bater\u00eda externa \"Acrux\" de 10\u00a0000\u00a0mAh est\u00e1 fabricada con pl\u00e1stico reciclado y dise\u00f1ada para una carga r\u00e1pida y c\u00f3moda est\u00e9s donde est\u00e9s. Cuenta con un puerto de entrada\/salida USB-C de 35\u00a0W y un puerto USB-A de 18\u00a0W, junto con un cable USB-C y Lightning integrado, para que puedas cargar tus dispositivos sin necesidad de accesorios adicionales. Una pantalla digital muestra el porcentaje de carga de un vistazo, lo que facilita el control de los niveles de bater\u00eda. Perfecta para mantener los smartphones y las tabletas cargados durante todo el d\u00eda.","robots":{"index":"index","follow":"follow","max-snippet":"max-snippet:-1","max-image-preview":"max-image-preview:large","max-video-preview":"max-video-preview:-1"},"canonical":"https:\/\/adl-regalosempresa.com\/tiendaonline\/articulos\/merchandising\/bateria-externa-para-tableta-de-10-000-mah-y-35-w-con-cable-tipo-c-integrado-y-fabricada-con-plastico-reciclado-para-personalizar-con-logo\/","og_locale":"es_ES","og_type":"article","og_title":"Merchandising Bater\u00eda externa para tableta de 10\u00a0000\u00a0mAh y 35\u00a0W con cable tipo C integrado y fabricada con pl\u00e1stico reciclado para personalizar con logo - ADL","og_description":"Art\u00edculo de merchandising Bater\u00eda externa para tableta de 10\u00a0000\u00a0mAh y 35\u00a0W con cable tipo C integrado y fabricada con pl\u00e1stico reciclado \"Acrux\". La bater\u00eda externa \"Acrux\" de 10\u00a0000\u00a0mAh est\u00e1 fabricada con pl\u00e1stico reciclado y dise\u00f1ada para una carga r\u00e1pida y c\u00f3moda est\u00e9s donde est\u00e9s. Cuenta con un puerto de entrada\/salida USB-C de 35\u00a0W y un puerto USB-A de 18\u00a0W, junto con un cable USB-C y Lightning integrado, para que puedas cargar tus dispositivos sin necesidad de accesorios adicionales. Una pantalla digital muestra el porcentaje de carga de un vistazo, lo que facilita el control de los niveles de bater\u00eda. Perfecta para mantener los smartphones y las tabletas cargados durante todo el d\u00eda.","og_url":"https:\/\/adl-regalosempresa.com\/tiendaonline\/articulos\/merchandising\/bateria-externa-para-tableta-de-10-000-mah-y-35-w-con-cable-tipo-c-integrado-y-fabricada-con-plastico-reciclado-para-personalizar-con-logo\/","og_site_name":"ADL Comunicaci\u00f3n","article_modified_time":"2026-04-21T08:08:06+00:00","og_image":[{"width":1600,"height":1600,"url":"https:\/\/adl-regalosempresa.com\/tiendaonline\/wp-content\/uploads\/2025\/08\/12445001.jpg","type":"image\/jpeg"}],"twitter_card":"summary_large_image","twitter_title":"Merchandising Bater\u00eda externa para tableta de 10\u00a0000\u00a0mAh y 35\u00a0W con cable tipo C integrado y fabricada con pl\u00e1stico reciclado para personalizar con logo - ADL","twitter_misc":{"Tiempo de lectura":"1 minuto"},"schema":{"@context":"https:\/\/schema.org","@graph":[{"@type":"WebPage","@id":"https:\/\/adl-regalosempresa.com\/tiendaonline\/articulos\/merchandising\/bateria-externa-para-tableta-de-10-000-mah-y-35-w-con-cable-tipo-c-integrado-y-fabricada-con-plastico-reciclado-para-personalizar-con-logo\/","url":"https:\/\/adl-regalosempresa.com\/tiendaonline\/articulos\/merchandising\/bateria-externa-para-tableta-de-10-000-mah-y-35-w-con-cable-tipo-c-integrado-y-fabricada-con-plastico-reciclado-para-personalizar-con-logo\/","name":"Merchandising Bater\u00eda externa para tableta de 10\u00a0000\u00a0mAh y 35\u00a0W con cable tipo C integrado y fabricada con pl\u00e1stico reciclado para personalizar con logo - ADL","isPartOf":{"@id":"https:\/\/adl-regalosempresa.com\/tiendaonline\/#website"},"primaryImageOfPage":{"@id":"https:\/\/adl-regalosempresa.com\/tiendaonline\/articulos\/merchandising\/bateria-externa-para-tableta-de-10-000-mah-y-35-w-con-cable-tipo-c-integrado-y-fabricada-con-plastico-reciclado-para-personalizar-con-logo\/#primaryimage"},"image":{"@id":"https:\/\/adl-regalosempresa.com\/tiendaonline\/articulos\/merchandising\/bateria-externa-para-tableta-de-10-000-mah-y-35-w-con-cable-tipo-c-integrado-y-fabricada-con-plastico-reciclado-para-personalizar-con-logo\/#primaryimage"},"thumbnailUrl":"https:\/\/adl-regalosempresa.com\/tiendaonline\/wp-content\/uploads\/2025\/08\/12445001.jpg","datePublished":"2026-04-16T04:39:16+00:00","dateModified":"2026-04-21T08:08:06+00:00","description":"Art\u00edculo de merchandising Bater\u00eda externa para tableta de 10\u00a0000\u00a0mAh y 35\u00a0W con cable tipo C integrado y fabricada con pl\u00e1stico reciclado \"Acrux\". La bater\u00eda externa \"Acrux\" de 10\u00a0000\u00a0mAh est\u00e1 fabricada con pl\u00e1stico reciclado y dise\u00f1ada para una carga r\u00e1pida y c\u00f3moda est\u00e9s donde est\u00e9s. Cuenta con un puerto de entrada\/salida USB-C de 35\u00a0W y un puerto USB-A de 18\u00a0W, junto con un cable USB-C y Lightning integrado, para que puedas cargar tus dispositivos sin necesidad de accesorios adicionales. Una pantalla digital muestra el porcentaje de carga de un vistazo, lo que facilita el control de los niveles de bater\u00eda. Perfecta para mantener los smartphones y las tabletas cargados durante todo el d\u00eda.","breadcrumb":{"@id":"https:\/\/adl-regalosempresa.com\/tiendaonline\/articulos\/merchandising\/bateria-externa-para-tableta-de-10-000-mah-y-35-w-con-cable-tipo-c-integrado-y-fabricada-con-plastico-reciclado-para-personalizar-con-logo\/#breadcrumb"},"inLanguage":"es","potentialAction":[{"@type":"ReadAction","target":["https:\/\/adl-regalosempresa.com\/tiendaonline\/articulos\/merchandising\/bateria-externa-para-tableta-de-10-000-mah-y-35-w-con-cable-tipo-c-integrado-y-fabricada-con-plastico-reciclado-para-personalizar-con-logo\/"]}]},{"@type":"ImageObject","inLanguage":"es","@id":"https:\/\/adl-regalosempresa.com\/tiendaonline\/articulos\/merchandising\/bateria-externa-para-tableta-de-10-000-mah-y-35-w-con-cable-tipo-c-integrado-y-fabricada-con-plastico-reciclado-para-personalizar-con-logo\/#primaryimage","url":"https:\/\/adl-regalosempresa.com\/tiendaonline\/wp-content\/uploads\/2025\/08\/12445001.jpg","contentUrl":"https:\/\/adl-regalosempresa.com\/tiendaonline\/wp-content\/uploads\/2025\/08\/12445001.jpg","width":1600,"height":1600,"caption":"Bater\u00eda externa para tableta de 10\u00a0000\u00a0mAh y 35\u00a0W con cable tipo C integrado y fabricada con pl\u00e1stico reciclado \"Acrux\""},{"@type":"BreadcrumbList","@id":"https:\/\/adl-regalosempresa.com\/tiendaonline\/articulos\/merchandising\/bateria-externa-para-tableta-de-10-000-mah-y-35-w-con-cable-tipo-c-integrado-y-fabricada-con-plastico-reciclado-para-personalizar-con-logo\/#breadcrumb","itemListElement":[{"@type":"ListItem","position":1,"name":"Portada","item":"https:\/\/adl-regalosempresa.com\/tiendaonline\/"},{"@type":"ListItem","position":2,"name":"Tienda","item":"https:\/\/adl-regalosempresa.com\/tiendaonline\/tienda\/"},{"@type":"ListItem","position":3,"name":"Bater\u00eda externa para tableta de 10\u00a0000\u00a0mAh y 35\u00a0W con cable tipo C integrado y fabricada con pl\u00e1stico reciclado para personalizar con logo"}]},{"@type":"WebSite","@id":"https:\/\/adl-regalosempresa.com\/tiendaonline\/#website","url":"https:\/\/adl-regalosempresa.com\/tiendaonline\/","name":"ADL Comunicaci\u00f3n","description":"Regalos de empresa","publisher":{"@id":"https:\/\/adl-regalosempresa.com\/tiendaonline\/#organization"},"potentialAction":[{"@type":"SearchAction","target":{"@type":"EntryPoint","urlTemplate":"https:\/\/adl-regalosempresa.com\/tiendaonline\/?s={search_term_string}"},"query-input":{"@type":"PropertyValueSpecification","valueRequired":true,"valueName":"search_term_string"}}],"inLanguage":"es"},{"@type":"Organization","@id":"https:\/\/adl-regalosempresa.com\/tiendaonline\/#organization","name":"ADL Comunicaci\u00f3n","url":"https:\/\/adl-regalosempresa.com\/tiendaonline\/","logo":{"@type":"ImageObject","inLanguage":"es","@id":"https:\/\/adl-regalosempresa.com\/tiendaonline\/#\/schema\/logo\/image\/","url":"https:\/\/adl-regalosempresa.com\/tiendaonline\/wp-content\/uploads\/2017\/09\/logo-adl-wp.png","contentUrl":"https:\/\/adl-regalosempresa.com\/tiendaonline\/wp-content\/uploads\/2017\/09\/logo-adl-wp.png","width":407,"height":185,"caption":"ADL Comunicaci\u00f3n"},"image":{"@id":"https:\/\/adl-regalosempresa.com\/tiendaonline\/#\/schema\/logo\/image\/"}}]}},"_links":{"self":[{"href":"https:\/\/adl-regalosempresa.com\/tiendaonline\/wp-json\/wp\/v2\/product\/143038","targetHints":{"allow":["GET"]}}],"collection":[{"href":"https:\/\/adl-regalosempresa.com\/tiendaonline\/wp-json\/wp\/v2\/product"}],"about":[{"href":"https:\/\/adl-regalosempresa.com\/tiendaonline\/wp-json\/wp\/v2\/types\/product"}],"wp:featuredmedia":[{"embeddable":true,"href":"https:\/\/adl-regalosempresa.com\/tiendaonline\/wp-json\/wp\/v2\/media\/143040"}],"wp:attachment":[{"href":"https:\/\/adl-regalosempresa.com\/tiendaonline\/wp-json\/wp\/v2\/media?parent=143038"}],"wp:term":[{"taxonomy":"product_brand","embeddable":true,"href":"https:\/\/adl-regalosempresa.com\/tiendaonline\/wp-json\/wp\/v2\/product_brand?post=143038"},{"taxonomy":"product_cat","embeddable":true,"href":"https:\/\/adl-regalosempresa.com\/tiendaonline\/wp-json\/wp\/v2\/product_cat?post=143038"},{"taxonomy":"product_tag","embeddable":true,"href":"https:\/\/adl-regalosempresa.com\/tiendaonline\/wp-json\/wp\/v2\/product_tag?post=143038"}],"curies":[{"name":"wp","href":"https:\/\/api.w.org\/{rel}","templated":true}]}}