{"id":142979,"date":"2026-03-24T08:04:33","date_gmt":"2026-03-24T08:04:33","guid":{"rendered":"https:\/\/adl-regalosempresa.com\/tiendaonline\/articulos\/merchandising\/juego-de-2-tazas-de-espresso-de-ceramica-de-90-ml-para-personalizar-con-logo\/"},"modified":"2026-04-03T08:08:11","modified_gmt":"2026-04-03T08:08:11","slug":"juego-de-2-tazas-de-espresso-de-ceramica-acabado-mate-de-90-ml-para-personalizar-con-logo","status":"publish","type":"product","link":"https:\/\/adl-regalosempresa.com\/tiendaonline\/articulos\/merchandising\/juego-de-2-tazas-de-espresso-de-ceramica-acabado-mate-de-90-ml-para-personalizar-con-logo\/","title":{"rendered":"Juego de 2 tazas de espresso de cer\u00e1mica acabado mate de 90\u00a0ml  para personalizar con logo"},"content":{"rendered":"<p>Mejora tu ritual del caf\u00e9 con el juego de dos tazas espresso de cer\u00e1mica acabado mate \u00abMale\u00bb de 90 ml. Dise\u00f1ada para ofrecer estilo y comodidad, cada taza tiene una forma moderna y elegante, un acabado liso y un agarre f\u00e1cil. Fabricadas en cer\u00e1mica de alta calidad, tienen el tama\u00f1o perfecto para preparar caf\u00e9s espresso ricos y con cuerpo. Elegante y funcional, este conjunto es un refinado complemento para cualquier cocina o cafeter\u00eda.<\/p>\n","protected":false},"excerpt":{"rendered":"<p><strong>Descuentos por cantidades<\/strong><br \/>&#8211; a partir de 50 unidades: 7,33 \u20ac\/ud<br \/>&#8211; a partir de 100 unidades: 7,33 \u20ac\/ud<br \/>&#8211; a partir de 500 unidades: 7,19 \u20ac\/ud<\/p>\n<p>Para cantidades superiores a las aqu\u00ed indicadas, no dudes en ponerte en contacto con nuestro departamento comercial o <a href='https:\/\/adl-regalosempresa.com\/tiendaonline\/solicitud-presupuesto\/'>pedirnos presupuesto personalizado<\/a>, ajustaremos el presupuesto a tus necesidades.<\/p>\n","protected":false},"featured_media":142981,"template":"","meta":{"_kad_post_transparent":"","_kad_post_title":"","_kad_post_layout":"","_kad_post_sidebar_id":"","_kad_post_content_style":"","_kad_post_vertical_padding":"","_kad_post_feature":"","_kad_post_feature_position":"","_kad_post_header":false,"_kad_post_footer":false,"_kad_post_classname":""},"product_brand":[],"product_cat":[3846,3372],"product_tag":[],"class_list":{"0":"post-142979","1":"product","2":"type-product","3":"status-publish","4":"has-post-thumbnail","6":"product_cat-tazas-estandar","7":"product_cat-articulos-para-bebidas","8":"pa_alto-58-cm","9":"pa_ancho-58-cm","10":"pa_color-avena","11":"pa_color-azul-hale","12":"pa_color-blanco","13":"pa_color-simple-azul","14":"pa_color-simple-blanco","15":"pa_color-simple-natural","16":"pa_largo-62-cm","17":"pa_marca-seasons","18":"pa_material-ceramica","19":"pa_peso-230-gr","21":"first","22":"instock","23":"taxable","24":"shipping-taxable","25":"purchasable","26":"product-type-variable","27":"entry","28":"content-bg","29":"loop-entry"},"yoast_head":"<!-- This site is optimized with the Yoast SEO plugin v26.3 - https:\/\/yoast.com\/wordpress\/plugins\/seo\/ -->\n<title>Merchandising Juego de 2 tazas de espresso de cer\u00e1mica acabado mate de 90\u00a0ml para personalizar con logo - ADL<\/title>\n<meta name=\"description\" content=\"Art\u00edculo de merchandising Juego de 2 tazas de espresso de cer\u00e1mica acabado mate de 90\u00a0ml &quot;Male&quot;. Mejora tu ritual del caf\u00e9 con el juego de dos tazas espresso de cer\u00e1mica acabado mate &quot;Male&quot; de 90 ml. Dise\u00f1ada para ofrecer estilo y comodidad, cada taza tiene una forma moderna y elegante, un acabado liso y un agarre f\u00e1cil. Fabricadas en cer\u00e1mica de alta calidad, tienen el tama\u00f1o perfecto para preparar caf\u00e9s espresso ricos y con cuerpo. Elegante y funcional, este conjunto es un refinado complemento para cualquier cocina o cafeter\u00eda.\" \/>\n<meta name=\"robots\" content=\"index, follow, max-snippet:-1, max-image-preview:large, max-video-preview:-1\" \/>\n<link rel=\"canonical\" href=\"https:\/\/adl-regalosempresa.com\/tiendaonline\/articulos\/merchandising\/juego-de-2-tazas-de-espresso-de-ceramica-acabado-mate-de-90-ml-para-personalizar-con-logo\/\" \/>\n<meta property=\"og:locale\" content=\"es_ES\" \/>\n<meta property=\"og:type\" content=\"article\" \/>\n<meta property=\"og:title\" content=\"Merchandising Juego de 2 tazas de espresso de cer\u00e1mica acabado mate de 90\u00a0ml para personalizar con logo - ADL\" \/>\n<meta property=\"og:description\" content=\"Art\u00edculo de merchandising Juego de 2 tazas de espresso de cer\u00e1mica acabado mate de 90\u00a0ml &quot;Male&quot;. Mejora tu ritual del caf\u00e9 con el juego de dos tazas espresso de cer\u00e1mica acabado mate &quot;Male&quot; de 90 ml. Dise\u00f1ada para ofrecer estilo y comodidad, cada taza tiene una forma moderna y elegante, un acabado liso y un agarre f\u00e1cil. Fabricadas en cer\u00e1mica de alta calidad, tienen el tama\u00f1o perfecto para preparar caf\u00e9s espresso ricos y con cuerpo. Elegante y funcional, este conjunto es un refinado complemento para cualquier cocina o cafeter\u00eda.\" \/>\n<meta property=\"og:url\" content=\"https:\/\/adl-regalosempresa.com\/tiendaonline\/articulos\/merchandising\/juego-de-2-tazas-de-espresso-de-ceramica-acabado-mate-de-90-ml-para-personalizar-con-logo\/\" \/>\n<meta property=\"og:site_name\" content=\"ADL Comunicaci\u00f3n\" \/>\n<meta property=\"article:modified_time\" content=\"2026-04-03T08:08:11+00:00\" \/>\n<meta property=\"og:image\" content=\"https:\/\/adl-regalosempresa.com\/tiendaonline\/wp-content\/uploads\/2025\/08\/12639701.jpg\" \/>\n\t<meta property=\"og:image:width\" content=\"1600\" \/>\n\t<meta property=\"og:image:height\" content=\"1600\" \/>\n\t<meta property=\"og:image:type\" content=\"image\/jpeg\" \/>\n<meta name=\"twitter:card\" content=\"summary_large_image\" \/>\n<meta name=\"twitter:title\" content=\"Merchandising Juego de 2 tazas de espresso de cer\u00e1mica acabado mate de 90\u00a0ml para personalizar con logo - ADL\" \/>\n<script type=\"application\/ld+json\" class=\"yoast-schema-graph\">{\"@context\":\"https:\/\/schema.org\",\"@graph\":[{\"@type\":\"WebPage\",\"@id\":\"https:\/\/adl-regalosempresa.com\/tiendaonline\/articulos\/merchandising\/juego-de-2-tazas-de-espresso-de-ceramica-acabado-mate-de-90-ml-para-personalizar-con-logo\/\",\"url\":\"https:\/\/adl-regalosempresa.com\/tiendaonline\/articulos\/merchandising\/juego-de-2-tazas-de-espresso-de-ceramica-acabado-mate-de-90-ml-para-personalizar-con-logo\/\",\"name\":\"Merchandising Juego de 2 tazas de espresso de cer\u00e1mica acabado mate de 90\u00a0ml para personalizar con logo - ADL\",\"isPartOf\":{\"@id\":\"https:\/\/adl-regalosempresa.com\/tiendaonline\/#website\"},\"primaryImageOfPage\":{\"@id\":\"https:\/\/adl-regalosempresa.com\/tiendaonline\/articulos\/merchandising\/juego-de-2-tazas-de-espresso-de-ceramica-acabado-mate-de-90-ml-para-personalizar-con-logo\/#primaryimage\"},\"image\":{\"@id\":\"https:\/\/adl-regalosempresa.com\/tiendaonline\/articulos\/merchandising\/juego-de-2-tazas-de-espresso-de-ceramica-acabado-mate-de-90-ml-para-personalizar-con-logo\/#primaryimage\"},\"thumbnailUrl\":\"https:\/\/adl-regalosempresa.com\/tiendaonline\/wp-content\/uploads\/2025\/08\/12639701.jpg\",\"datePublished\":\"2026-03-24T08:04:33+00:00\",\"dateModified\":\"2026-04-03T08:08:11+00:00\",\"description\":\"Art\u00edculo de merchandising Juego de 2 tazas de espresso de cer\u00e1mica acabado mate de 90\u00a0ml \\\"Male\\\". Mejora tu ritual del caf\u00e9 con el juego de dos tazas espresso de cer\u00e1mica acabado mate \\\"Male\\\" de 90 ml. Dise\u00f1ada para ofrecer estilo y comodidad, cada taza tiene una forma moderna y elegante, un acabado liso y un agarre f\u00e1cil. Fabricadas en cer\u00e1mica de alta calidad, tienen el tama\u00f1o perfecto para preparar caf\u00e9s espresso ricos y con cuerpo. Elegante y funcional, este conjunto es un refinado complemento para cualquier cocina o cafeter\u00eda.\",\"breadcrumb\":{\"@id\":\"https:\/\/adl-regalosempresa.com\/tiendaonline\/articulos\/merchandising\/juego-de-2-tazas-de-espresso-de-ceramica-acabado-mate-de-90-ml-para-personalizar-con-logo\/#breadcrumb\"},\"inLanguage\":\"es\",\"potentialAction\":[{\"@type\":\"ReadAction\",\"target\":[\"https:\/\/adl-regalosempresa.com\/tiendaonline\/articulos\/merchandising\/juego-de-2-tazas-de-espresso-de-ceramica-acabado-mate-de-90-ml-para-personalizar-con-logo\/\"]}]},{\"@type\":\"ImageObject\",\"inLanguage\":\"es\",\"@id\":\"https:\/\/adl-regalosempresa.com\/tiendaonline\/articulos\/merchandising\/juego-de-2-tazas-de-espresso-de-ceramica-acabado-mate-de-90-ml-para-personalizar-con-logo\/#primaryimage\",\"url\":\"https:\/\/adl-regalosempresa.com\/tiendaonline\/wp-content\/uploads\/2025\/08\/12639701.jpg\",\"contentUrl\":\"https:\/\/adl-regalosempresa.com\/tiendaonline\/wp-content\/uploads\/2025\/08\/12639701.jpg\",\"width\":1600,\"height\":1600,\"caption\":\"Juego de 2 tazas de espresso de cer\u00e1mica acabado mate de 90\u00a0ml \\\"Male\\\"\"},{\"@type\":\"BreadcrumbList\",\"@id\":\"https:\/\/adl-regalosempresa.com\/tiendaonline\/articulos\/merchandising\/juego-de-2-tazas-de-espresso-de-ceramica-acabado-mate-de-90-ml-para-personalizar-con-logo\/#breadcrumb\",\"itemListElement\":[{\"@type\":\"ListItem\",\"position\":1,\"name\":\"Portada\",\"item\":\"https:\/\/adl-regalosempresa.com\/tiendaonline\/\"},{\"@type\":\"ListItem\",\"position\":2,\"name\":\"Tienda\",\"item\":\"https:\/\/adl-regalosempresa.com\/tiendaonline\/tienda\/\"},{\"@type\":\"ListItem\",\"position\":3,\"name\":\"Juego de 2 tazas de espresso de cer\u00e1mica acabado mate de 90\u00a0ml para personalizar con logo\"}]},{\"@type\":\"WebSite\",\"@id\":\"https:\/\/adl-regalosempresa.com\/tiendaonline\/#website\",\"url\":\"https:\/\/adl-regalosempresa.com\/tiendaonline\/\",\"name\":\"ADL Comunicaci\u00f3n\",\"description\":\"Regalos de empresa\",\"publisher\":{\"@id\":\"https:\/\/adl-regalosempresa.com\/tiendaonline\/#organization\"},\"potentialAction\":[{\"@type\":\"SearchAction\",\"target\":{\"@type\":\"EntryPoint\",\"urlTemplate\":\"https:\/\/adl-regalosempresa.com\/tiendaonline\/?s={search_term_string}\"},\"query-input\":{\"@type\":\"PropertyValueSpecification\",\"valueRequired\":true,\"valueName\":\"search_term_string\"}}],\"inLanguage\":\"es\"},{\"@type\":\"Organization\",\"@id\":\"https:\/\/adl-regalosempresa.com\/tiendaonline\/#organization\",\"name\":\"ADL Comunicaci\u00f3n\",\"url\":\"https:\/\/adl-regalosempresa.com\/tiendaonline\/\",\"logo\":{\"@type\":\"ImageObject\",\"inLanguage\":\"es\",\"@id\":\"https:\/\/adl-regalosempresa.com\/tiendaonline\/#\/schema\/logo\/image\/\",\"url\":\"https:\/\/adl-regalosempresa.com\/tiendaonline\/wp-content\/uploads\/2017\/09\/logo-adl-wp.png\",\"contentUrl\":\"https:\/\/adl-regalosempresa.com\/tiendaonline\/wp-content\/uploads\/2017\/09\/logo-adl-wp.png\",\"width\":407,\"height\":185,\"caption\":\"ADL Comunicaci\u00f3n\"},\"image\":{\"@id\":\"https:\/\/adl-regalosempresa.com\/tiendaonline\/#\/schema\/logo\/image\/\"}}]}<\/script>\n<!-- \/ Yoast SEO plugin. -->","yoast_head_json":{"title":"Merchandising Juego de 2 tazas de espresso de cer\u00e1mica acabado mate de 90\u00a0ml para personalizar con logo - ADL","description":"Art\u00edculo de merchandising Juego de 2 tazas de espresso de cer\u00e1mica acabado mate de 90\u00a0ml \"Male\". Mejora tu ritual del caf\u00e9 con el juego de dos tazas espresso de cer\u00e1mica acabado mate \"Male\" de 90 ml. Dise\u00f1ada para ofrecer estilo y comodidad, cada taza tiene una forma moderna y elegante, un acabado liso y un agarre f\u00e1cil. Fabricadas en cer\u00e1mica de alta calidad, tienen el tama\u00f1o perfecto para preparar caf\u00e9s espresso ricos y con cuerpo. Elegante y funcional, este conjunto es un refinado complemento para cualquier cocina o cafeter\u00eda.","robots":{"index":"index","follow":"follow","max-snippet":"max-snippet:-1","max-image-preview":"max-image-preview:large","max-video-preview":"max-video-preview:-1"},"canonical":"https:\/\/adl-regalosempresa.com\/tiendaonline\/articulos\/merchandising\/juego-de-2-tazas-de-espresso-de-ceramica-acabado-mate-de-90-ml-para-personalizar-con-logo\/","og_locale":"es_ES","og_type":"article","og_title":"Merchandising Juego de 2 tazas de espresso de cer\u00e1mica acabado mate de 90\u00a0ml para personalizar con logo - ADL","og_description":"Art\u00edculo de merchandising Juego de 2 tazas de espresso de cer\u00e1mica acabado mate de 90\u00a0ml \"Male\". Mejora tu ritual del caf\u00e9 con el juego de dos tazas espresso de cer\u00e1mica acabado mate \"Male\" de 90 ml. Dise\u00f1ada para ofrecer estilo y comodidad, cada taza tiene una forma moderna y elegante, un acabado liso y un agarre f\u00e1cil. Fabricadas en cer\u00e1mica de alta calidad, tienen el tama\u00f1o perfecto para preparar caf\u00e9s espresso ricos y con cuerpo. Elegante y funcional, este conjunto es un refinado complemento para cualquier cocina o cafeter\u00eda.","og_url":"https:\/\/adl-regalosempresa.com\/tiendaonline\/articulos\/merchandising\/juego-de-2-tazas-de-espresso-de-ceramica-acabado-mate-de-90-ml-para-personalizar-con-logo\/","og_site_name":"ADL Comunicaci\u00f3n","article_modified_time":"2026-04-03T08:08:11+00:00","og_image":[{"width":1600,"height":1600,"url":"https:\/\/adl-regalosempresa.com\/tiendaonline\/wp-content\/uploads\/2025\/08\/12639701.jpg","type":"image\/jpeg"}],"twitter_card":"summary_large_image","twitter_title":"Merchandising Juego de 2 tazas de espresso de cer\u00e1mica acabado mate de 90\u00a0ml para personalizar con logo - ADL","schema":{"@context":"https:\/\/schema.org","@graph":[{"@type":"WebPage","@id":"https:\/\/adl-regalosempresa.com\/tiendaonline\/articulos\/merchandising\/juego-de-2-tazas-de-espresso-de-ceramica-acabado-mate-de-90-ml-para-personalizar-con-logo\/","url":"https:\/\/adl-regalosempresa.com\/tiendaonline\/articulos\/merchandising\/juego-de-2-tazas-de-espresso-de-ceramica-acabado-mate-de-90-ml-para-personalizar-con-logo\/","name":"Merchandising Juego de 2 tazas de espresso de cer\u00e1mica acabado mate de 90\u00a0ml para personalizar con logo - ADL","isPartOf":{"@id":"https:\/\/adl-regalosempresa.com\/tiendaonline\/#website"},"primaryImageOfPage":{"@id":"https:\/\/adl-regalosempresa.com\/tiendaonline\/articulos\/merchandising\/juego-de-2-tazas-de-espresso-de-ceramica-acabado-mate-de-90-ml-para-personalizar-con-logo\/#primaryimage"},"image":{"@id":"https:\/\/adl-regalosempresa.com\/tiendaonline\/articulos\/merchandising\/juego-de-2-tazas-de-espresso-de-ceramica-acabado-mate-de-90-ml-para-personalizar-con-logo\/#primaryimage"},"thumbnailUrl":"https:\/\/adl-regalosempresa.com\/tiendaonline\/wp-content\/uploads\/2025\/08\/12639701.jpg","datePublished":"2026-03-24T08:04:33+00:00","dateModified":"2026-04-03T08:08:11+00:00","description":"Art\u00edculo de merchandising Juego de 2 tazas de espresso de cer\u00e1mica acabado mate de 90\u00a0ml \"Male\". Mejora tu ritual del caf\u00e9 con el juego de dos tazas espresso de cer\u00e1mica acabado mate \"Male\" de 90 ml. Dise\u00f1ada para ofrecer estilo y comodidad, cada taza tiene una forma moderna y elegante, un acabado liso y un agarre f\u00e1cil. Fabricadas en cer\u00e1mica de alta calidad, tienen el tama\u00f1o perfecto para preparar caf\u00e9s espresso ricos y con cuerpo. Elegante y funcional, este conjunto es un refinado complemento para cualquier cocina o cafeter\u00eda.","breadcrumb":{"@id":"https:\/\/adl-regalosempresa.com\/tiendaonline\/articulos\/merchandising\/juego-de-2-tazas-de-espresso-de-ceramica-acabado-mate-de-90-ml-para-personalizar-con-logo\/#breadcrumb"},"inLanguage":"es","potentialAction":[{"@type":"ReadAction","target":["https:\/\/adl-regalosempresa.com\/tiendaonline\/articulos\/merchandising\/juego-de-2-tazas-de-espresso-de-ceramica-acabado-mate-de-90-ml-para-personalizar-con-logo\/"]}]},{"@type":"ImageObject","inLanguage":"es","@id":"https:\/\/adl-regalosempresa.com\/tiendaonline\/articulos\/merchandising\/juego-de-2-tazas-de-espresso-de-ceramica-acabado-mate-de-90-ml-para-personalizar-con-logo\/#primaryimage","url":"https:\/\/adl-regalosempresa.com\/tiendaonline\/wp-content\/uploads\/2025\/08\/12639701.jpg","contentUrl":"https:\/\/adl-regalosempresa.com\/tiendaonline\/wp-content\/uploads\/2025\/08\/12639701.jpg","width":1600,"height":1600,"caption":"Juego de 2 tazas de espresso de cer\u00e1mica acabado mate de 90\u00a0ml \"Male\""},{"@type":"BreadcrumbList","@id":"https:\/\/adl-regalosempresa.com\/tiendaonline\/articulos\/merchandising\/juego-de-2-tazas-de-espresso-de-ceramica-acabado-mate-de-90-ml-para-personalizar-con-logo\/#breadcrumb","itemListElement":[{"@type":"ListItem","position":1,"name":"Portada","item":"https:\/\/adl-regalosempresa.com\/tiendaonline\/"},{"@type":"ListItem","position":2,"name":"Tienda","item":"https:\/\/adl-regalosempresa.com\/tiendaonline\/tienda\/"},{"@type":"ListItem","position":3,"name":"Juego de 2 tazas de espresso de cer\u00e1mica acabado mate de 90\u00a0ml para personalizar con logo"}]},{"@type":"WebSite","@id":"https:\/\/adl-regalosempresa.com\/tiendaonline\/#website","url":"https:\/\/adl-regalosempresa.com\/tiendaonline\/","name":"ADL Comunicaci\u00f3n","description":"Regalos de empresa","publisher":{"@id":"https:\/\/adl-regalosempresa.com\/tiendaonline\/#organization"},"potentialAction":[{"@type":"SearchAction","target":{"@type":"EntryPoint","urlTemplate":"https:\/\/adl-regalosempresa.com\/tiendaonline\/?s={search_term_string}"},"query-input":{"@type":"PropertyValueSpecification","valueRequired":true,"valueName":"search_term_string"}}],"inLanguage":"es"},{"@type":"Organization","@id":"https:\/\/adl-regalosempresa.com\/tiendaonline\/#organization","name":"ADL Comunicaci\u00f3n","url":"https:\/\/adl-regalosempresa.com\/tiendaonline\/","logo":{"@type":"ImageObject","inLanguage":"es","@id":"https:\/\/adl-regalosempresa.com\/tiendaonline\/#\/schema\/logo\/image\/","url":"https:\/\/adl-regalosempresa.com\/tiendaonline\/wp-content\/uploads\/2017\/09\/logo-adl-wp.png","contentUrl":"https:\/\/adl-regalosempresa.com\/tiendaonline\/wp-content\/uploads\/2017\/09\/logo-adl-wp.png","width":407,"height":185,"caption":"ADL Comunicaci\u00f3n"},"image":{"@id":"https:\/\/adl-regalosempresa.com\/tiendaonline\/#\/schema\/logo\/image\/"}}]}},"_links":{"self":[{"href":"https:\/\/adl-regalosempresa.com\/tiendaonline\/wp-json\/wp\/v2\/product\/142979","targetHints":{"allow":["GET"]}}],"collection":[{"href":"https:\/\/adl-regalosempresa.com\/tiendaonline\/wp-json\/wp\/v2\/product"}],"about":[{"href":"https:\/\/adl-regalosempresa.com\/tiendaonline\/wp-json\/wp\/v2\/types\/product"}],"wp:featuredmedia":[{"embeddable":true,"href":"https:\/\/adl-regalosempresa.com\/tiendaonline\/wp-json\/wp\/v2\/media\/142981"}],"wp:attachment":[{"href":"https:\/\/adl-regalosempresa.com\/tiendaonline\/wp-json\/wp\/v2\/media?parent=142979"}],"wp:term":[{"taxonomy":"product_brand","embeddable":true,"href":"https:\/\/adl-regalosempresa.com\/tiendaonline\/wp-json\/wp\/v2\/product_brand?post=142979"},{"taxonomy":"product_cat","embeddable":true,"href":"https:\/\/adl-regalosempresa.com\/tiendaonline\/wp-json\/wp\/v2\/product_cat?post=142979"},{"taxonomy":"product_tag","embeddable":true,"href":"https:\/\/adl-regalosempresa.com\/tiendaonline\/wp-json\/wp\/v2\/product_tag?post=142979"}],"curies":[{"name":"wp","href":"https:\/\/api.w.org\/{rel}","templated":true}]}}