{"id":142794,"date":"2026-03-24T08:03:05","date_gmt":"2026-03-24T08:03:05","guid":{"rendered":"https:\/\/adl-regalosempresa.com\/tiendaonline\/articulos\/merchandising\/botella-de-750-ml-tritan-renew-con-pajita-abatible-para-personalizar-con-logo\/"},"modified":"2026-04-03T07:48:11","modified_gmt":"2026-04-03T07:48:11","slug":"botella-de-750-ml-tritan-renew-con-pajita-abatible-para-personalizar-con-logo","status":"publish","type":"product","link":"https:\/\/adl-regalosempresa.com\/tiendaonline\/articulos\/merchandising\/botella-de-750-ml-tritan-renew-con-pajita-abatible-para-personalizar-con-logo\/","title":{"rendered":"Botella de 750\u00a0ml Tritan Renew con pajita abatible  para personalizar con logo"},"content":{"rendered":"<p>La botella de agua \u00abCamelBak\u00ae Thrive Flip Tritan Renew\u00bb es la sucesora de la popular \u00abCamelBak Eddy+ Tritan Renew\u00bb, dise\u00f1ada para facilitar la hidrataci\u00f3n durante todo el d\u00eda. Cuenta con una pajita y una nueva v\u00e1lvula \u00abEasyFlow\u00bb, un tap\u00f3n 100 % estanco, una funda protectora contra el polvo y un asa blanda pivotante que facilita su transporte. El dise\u00f1o cabe en la mayor\u00eda de los portavasos, por lo que resulta muy pr\u00e1ctico para viajes o excursiones de un d\u00eda. La botella se puede lavar en el lavavajillas para una limpieza r\u00e1pida y f\u00e1cil. Capacidad: 750 ml. Fabricada con \u00abTritan\u2122 Renew\u00bb, un material reciclado al 50 %.<\/p>\n","protected":false},"excerpt":{"rendered":"<p><strong>Descuentos por cantidades<\/strong><br \/>&#8211; a partir de 50 unidades: 17,61 \u20ac\/ud<br \/>&#8211; a partir de 100 unidades: 17,26 \u20ac\/ud<br \/>&#8211; a partir de 500 unidades: 17,09 \u20ac\/ud<\/p>\n<p>Para cantidades superiores a las aqu\u00ed indicadas, no dudes en ponerte en contacto con nuestro departamento comercial o <a href='https:\/\/adl-regalosempresa.com\/tiendaonline\/solicitud-presupuesto\/'>pedirnos presupuesto personalizado<\/a>, ajustaremos el presupuesto a tus necesidades.<\/p>\n","protected":false},"featured_media":142796,"template":"","meta":{"_kad_post_transparent":"","_kad_post_title":"","_kad_post_layout":"","_kad_post_sidebar_id":"","_kad_post_content_style":"","_kad_post_vertical_padding":"","_kad_post_feature":"","_kad_post_feature_position":"","_kad_post_header":false,"_kad_post_footer":false,"_kad_post_classname":""},"product_brand":[],"product_cat":[3372,3373],"product_tag":[],"class_list":{"0":"post-142794","1":"product","2":"type-product","3":"status-publish","4":"has-post-thumbnail","6":"product_cat-articulos-para-bebidas","7":"product_cat-botellas-de-agua","8":"pa_alto-78-cm","9":"pa_ancho-86-cm","10":"pa_color-azul-real","11":"pa_color-carbon","12":"pa_color-transparente-claro","13":"pa_color-verde-bosque","14":"pa_color-simple-azul","15":"pa_color-simple-blanco","16":"pa_color-simple-gris","17":"pa_color-simple-verde","18":"pa_genero-unisex","19":"pa_largo-189-cm","20":"pa_marca-camelbak","21":"pa_material-tritan-renew","22":"pa_peso-189-gr","24":"first","25":"instock","26":"taxable","27":"shipping-taxable","28":"purchasable","29":"product-type-variable","30":"entry","31":"content-bg","32":"loop-entry"},"yoast_head":"<!-- This site is optimized with the Yoast SEO plugin v26.3 - https:\/\/yoast.com\/wordpress\/plugins\/seo\/ -->\n<title>Merchandising Botella de 750\u00a0ml Tritan Renew con pajita abatible para personalizar con logo - ADL<\/title>\n<meta name=\"description\" content=\"Art\u00edculo de merchandising Botella de 750\u00a0ml Tritan Renew con pajita abatible &quot;Camelbak\u00ae Thrive Flip&quot;. La botella de agua &quot;CamelBak\u00ae Thrive Flip Tritan Renew&quot; es la sucesora de la popular &quot;CamelBak Eddy+ Tritan Renew&quot;, dise\u00f1ada para facilitar la hidrataci\u00f3n durante todo el d\u00eda. Cuenta con una pajita y una nueva v\u00e1lvula &quot;EasyFlow&quot;, un tap\u00f3n 100 % estanco, una funda protectora contra el polvo y un asa blanda pivotante que facilita su transporte. El dise\u00f1o cabe en la mayor\u00eda de los portavasos, por lo que resulta muy pr\u00e1ctico para viajes o excursiones de un d\u00eda. La botella se puede lavar en el lavavajillas para una limpieza r\u00e1pida y f\u00e1cil. Capacidad: 750 ml. Fabricada con &quot;Tritan\u2122 Renew&quot;, un material reciclado al 50 %.\" \/>\n<meta name=\"robots\" content=\"index, follow, max-snippet:-1, max-image-preview:large, max-video-preview:-1\" \/>\n<link rel=\"canonical\" href=\"https:\/\/adl-regalosempresa.com\/tiendaonline\/articulos\/merchandising\/botella-de-750-ml-tritan-renew-con-pajita-abatible-para-personalizar-con-logo\/\" \/>\n<meta property=\"og:locale\" content=\"es_ES\" \/>\n<meta property=\"og:type\" content=\"article\" \/>\n<meta property=\"og:title\" content=\"Merchandising Botella de 750\u00a0ml Tritan Renew con pajita abatible para personalizar con logo - ADL\" \/>\n<meta property=\"og:description\" content=\"Art\u00edculo de merchandising Botella de 750\u00a0ml Tritan Renew con pajita abatible &quot;Camelbak\u00ae Thrive Flip&quot;. La botella de agua &quot;CamelBak\u00ae Thrive Flip Tritan Renew&quot; es la sucesora de la popular &quot;CamelBak Eddy+ Tritan Renew&quot;, dise\u00f1ada para facilitar la hidrataci\u00f3n durante todo el d\u00eda. Cuenta con una pajita y una nueva v\u00e1lvula &quot;EasyFlow&quot;, un tap\u00f3n 100 % estanco, una funda protectora contra el polvo y un asa blanda pivotante que facilita su transporte. El dise\u00f1o cabe en la mayor\u00eda de los portavasos, por lo que resulta muy pr\u00e1ctico para viajes o excursiones de un d\u00eda. La botella se puede lavar en el lavavajillas para una limpieza r\u00e1pida y f\u00e1cil. Capacidad: 750 ml. Fabricada con &quot;Tritan\u2122 Renew&quot;, un material reciclado al 50 %.\" \/>\n<meta property=\"og:url\" content=\"https:\/\/adl-regalosempresa.com\/tiendaonline\/articulos\/merchandising\/botella-de-750-ml-tritan-renew-con-pajita-abatible-para-personalizar-con-logo\/\" \/>\n<meta property=\"og:site_name\" content=\"ADL Comunicaci\u00f3n\" \/>\n<meta property=\"article:modified_time\" content=\"2026-04-03T07:48:11+00:00\" \/>\n<meta property=\"og:image\" content=\"https:\/\/adl-regalosempresa.com\/tiendaonline\/wp-content\/uploads\/2025\/08\/10088601.jpg\" \/>\n\t<meta property=\"og:image:width\" content=\"1600\" \/>\n\t<meta property=\"og:image:height\" content=\"1600\" \/>\n\t<meta property=\"og:image:type\" content=\"image\/jpeg\" \/>\n<meta name=\"twitter:card\" content=\"summary_large_image\" \/>\n<meta name=\"twitter:title\" content=\"Merchandising Botella de 750\u00a0ml Tritan Renew con pajita abatible para personalizar con logo - ADL\" \/>\n<meta name=\"twitter:label1\" content=\"Tiempo de lectura\" \/>\n\t<meta name=\"twitter:data1\" content=\"1 minuto\" \/>\n<script type=\"application\/ld+json\" class=\"yoast-schema-graph\">{\"@context\":\"https:\/\/schema.org\",\"@graph\":[{\"@type\":\"WebPage\",\"@id\":\"https:\/\/adl-regalosempresa.com\/tiendaonline\/articulos\/merchandising\/botella-de-750-ml-tritan-renew-con-pajita-abatible-para-personalizar-con-logo\/\",\"url\":\"https:\/\/adl-regalosempresa.com\/tiendaonline\/articulos\/merchandising\/botella-de-750-ml-tritan-renew-con-pajita-abatible-para-personalizar-con-logo\/\",\"name\":\"Merchandising Botella de 750\u00a0ml Tritan Renew con pajita abatible para personalizar con logo - ADL\",\"isPartOf\":{\"@id\":\"https:\/\/adl-regalosempresa.com\/tiendaonline\/#website\"},\"primaryImageOfPage\":{\"@id\":\"https:\/\/adl-regalosempresa.com\/tiendaonline\/articulos\/merchandising\/botella-de-750-ml-tritan-renew-con-pajita-abatible-para-personalizar-con-logo\/#primaryimage\"},\"image\":{\"@id\":\"https:\/\/adl-regalosempresa.com\/tiendaonline\/articulos\/merchandising\/botella-de-750-ml-tritan-renew-con-pajita-abatible-para-personalizar-con-logo\/#primaryimage\"},\"thumbnailUrl\":\"https:\/\/adl-regalosempresa.com\/tiendaonline\/wp-content\/uploads\/2025\/08\/10088601.jpg\",\"datePublished\":\"2026-03-24T08:03:05+00:00\",\"dateModified\":\"2026-04-03T07:48:11+00:00\",\"description\":\"Art\u00edculo de merchandising Botella de 750\u00a0ml Tritan Renew con pajita abatible \\\"Camelbak\u00ae Thrive Flip\\\". La botella de agua \\\"CamelBak\u00ae Thrive Flip Tritan Renew\\\" es la sucesora de la popular \\\"CamelBak Eddy+ Tritan Renew\\\", dise\u00f1ada para facilitar la hidrataci\u00f3n durante todo el d\u00eda. Cuenta con una pajita y una nueva v\u00e1lvula \\\"EasyFlow\\\", un tap\u00f3n 100 % estanco, una funda protectora contra el polvo y un asa blanda pivotante que facilita su transporte. El dise\u00f1o cabe en la mayor\u00eda de los portavasos, por lo que resulta muy pr\u00e1ctico para viajes o excursiones de un d\u00eda. La botella se puede lavar en el lavavajillas para una limpieza r\u00e1pida y f\u00e1cil. Capacidad: 750 ml. Fabricada con \\\"Tritan\u2122 Renew\\\", un material reciclado al 50 %.\",\"breadcrumb\":{\"@id\":\"https:\/\/adl-regalosempresa.com\/tiendaonline\/articulos\/merchandising\/botella-de-750-ml-tritan-renew-con-pajita-abatible-para-personalizar-con-logo\/#breadcrumb\"},\"inLanguage\":\"es\",\"potentialAction\":[{\"@type\":\"ReadAction\",\"target\":[\"https:\/\/adl-regalosempresa.com\/tiendaonline\/articulos\/merchandising\/botella-de-750-ml-tritan-renew-con-pajita-abatible-para-personalizar-con-logo\/\"]}]},{\"@type\":\"ImageObject\",\"inLanguage\":\"es\",\"@id\":\"https:\/\/adl-regalosempresa.com\/tiendaonline\/articulos\/merchandising\/botella-de-750-ml-tritan-renew-con-pajita-abatible-para-personalizar-con-logo\/#primaryimage\",\"url\":\"https:\/\/adl-regalosempresa.com\/tiendaonline\/wp-content\/uploads\/2025\/08\/10088601.jpg\",\"contentUrl\":\"https:\/\/adl-regalosempresa.com\/tiendaonline\/wp-content\/uploads\/2025\/08\/10088601.jpg\",\"width\":1600,\"height\":1600,\"caption\":\"Botella de 750\u00a0ml Tritan Renew con pajita abatible \\\"Camelbak\u00ae Thrive Flip\\\"\"},{\"@type\":\"BreadcrumbList\",\"@id\":\"https:\/\/adl-regalosempresa.com\/tiendaonline\/articulos\/merchandising\/botella-de-750-ml-tritan-renew-con-pajita-abatible-para-personalizar-con-logo\/#breadcrumb\",\"itemListElement\":[{\"@type\":\"ListItem\",\"position\":1,\"name\":\"Portada\",\"item\":\"https:\/\/adl-regalosempresa.com\/tiendaonline\/\"},{\"@type\":\"ListItem\",\"position\":2,\"name\":\"Tienda\",\"item\":\"https:\/\/adl-regalosempresa.com\/tiendaonline\/tienda\/\"},{\"@type\":\"ListItem\",\"position\":3,\"name\":\"Botella de 750\u00a0ml Tritan Renew con pajita abatible para personalizar con logo\"}]},{\"@type\":\"WebSite\",\"@id\":\"https:\/\/adl-regalosempresa.com\/tiendaonline\/#website\",\"url\":\"https:\/\/adl-regalosempresa.com\/tiendaonline\/\",\"name\":\"ADL Comunicaci\u00f3n\",\"description\":\"Regalos de empresa\",\"publisher\":{\"@id\":\"https:\/\/adl-regalosempresa.com\/tiendaonline\/#organization\"},\"potentialAction\":[{\"@type\":\"SearchAction\",\"target\":{\"@type\":\"EntryPoint\",\"urlTemplate\":\"https:\/\/adl-regalosempresa.com\/tiendaonline\/?s={search_term_string}\"},\"query-input\":{\"@type\":\"PropertyValueSpecification\",\"valueRequired\":true,\"valueName\":\"search_term_string\"}}],\"inLanguage\":\"es\"},{\"@type\":\"Organization\",\"@id\":\"https:\/\/adl-regalosempresa.com\/tiendaonline\/#organization\",\"name\":\"ADL Comunicaci\u00f3n\",\"url\":\"https:\/\/adl-regalosempresa.com\/tiendaonline\/\",\"logo\":{\"@type\":\"ImageObject\",\"inLanguage\":\"es\",\"@id\":\"https:\/\/adl-regalosempresa.com\/tiendaonline\/#\/schema\/logo\/image\/\",\"url\":\"https:\/\/adl-regalosempresa.com\/tiendaonline\/wp-content\/uploads\/2017\/09\/logo-adl-wp.png\",\"contentUrl\":\"https:\/\/adl-regalosempresa.com\/tiendaonline\/wp-content\/uploads\/2017\/09\/logo-adl-wp.png\",\"width\":407,\"height\":185,\"caption\":\"ADL Comunicaci\u00f3n\"},\"image\":{\"@id\":\"https:\/\/adl-regalosempresa.com\/tiendaonline\/#\/schema\/logo\/image\/\"}}]}<\/script>\n<!-- \/ Yoast SEO plugin. -->","yoast_head_json":{"title":"Merchandising Botella de 750\u00a0ml Tritan Renew con pajita abatible para personalizar con logo - ADL","description":"Art\u00edculo de merchandising Botella de 750\u00a0ml Tritan Renew con pajita abatible \"Camelbak\u00ae Thrive Flip\". La botella de agua \"CamelBak\u00ae Thrive Flip Tritan Renew\" es la sucesora de la popular \"CamelBak Eddy+ Tritan Renew\", dise\u00f1ada para facilitar la hidrataci\u00f3n durante todo el d\u00eda. Cuenta con una pajita y una nueva v\u00e1lvula \"EasyFlow\", un tap\u00f3n 100 % estanco, una funda protectora contra el polvo y un asa blanda pivotante que facilita su transporte. El dise\u00f1o cabe en la mayor\u00eda de los portavasos, por lo que resulta muy pr\u00e1ctico para viajes o excursiones de un d\u00eda. La botella se puede lavar en el lavavajillas para una limpieza r\u00e1pida y f\u00e1cil. Capacidad: 750 ml. Fabricada con \"Tritan\u2122 Renew\", un material reciclado al 50 %.","robots":{"index":"index","follow":"follow","max-snippet":"max-snippet:-1","max-image-preview":"max-image-preview:large","max-video-preview":"max-video-preview:-1"},"canonical":"https:\/\/adl-regalosempresa.com\/tiendaonline\/articulos\/merchandising\/botella-de-750-ml-tritan-renew-con-pajita-abatible-para-personalizar-con-logo\/","og_locale":"es_ES","og_type":"article","og_title":"Merchandising Botella de 750\u00a0ml Tritan Renew con pajita abatible para personalizar con logo - ADL","og_description":"Art\u00edculo de merchandising Botella de 750\u00a0ml Tritan Renew con pajita abatible \"Camelbak\u00ae Thrive Flip\". La botella de agua \"CamelBak\u00ae Thrive Flip Tritan Renew\" es la sucesora de la popular \"CamelBak Eddy+ Tritan Renew\", dise\u00f1ada para facilitar la hidrataci\u00f3n durante todo el d\u00eda. Cuenta con una pajita y una nueva v\u00e1lvula \"EasyFlow\", un tap\u00f3n 100 % estanco, una funda protectora contra el polvo y un asa blanda pivotante que facilita su transporte. El dise\u00f1o cabe en la mayor\u00eda de los portavasos, por lo que resulta muy pr\u00e1ctico para viajes o excursiones de un d\u00eda. La botella se puede lavar en el lavavajillas para una limpieza r\u00e1pida y f\u00e1cil. Capacidad: 750 ml. Fabricada con \"Tritan\u2122 Renew\", un material reciclado al 50 %.","og_url":"https:\/\/adl-regalosempresa.com\/tiendaonline\/articulos\/merchandising\/botella-de-750-ml-tritan-renew-con-pajita-abatible-para-personalizar-con-logo\/","og_site_name":"ADL Comunicaci\u00f3n","article_modified_time":"2026-04-03T07:48:11+00:00","og_image":[{"width":1600,"height":1600,"url":"https:\/\/adl-regalosempresa.com\/tiendaonline\/wp-content\/uploads\/2025\/08\/10088601.jpg","type":"image\/jpeg"}],"twitter_card":"summary_large_image","twitter_title":"Merchandising Botella de 750\u00a0ml Tritan Renew con pajita abatible para personalizar con logo - ADL","twitter_misc":{"Tiempo de lectura":"1 minuto"},"schema":{"@context":"https:\/\/schema.org","@graph":[{"@type":"WebPage","@id":"https:\/\/adl-regalosempresa.com\/tiendaonline\/articulos\/merchandising\/botella-de-750-ml-tritan-renew-con-pajita-abatible-para-personalizar-con-logo\/","url":"https:\/\/adl-regalosempresa.com\/tiendaonline\/articulos\/merchandising\/botella-de-750-ml-tritan-renew-con-pajita-abatible-para-personalizar-con-logo\/","name":"Merchandising Botella de 750\u00a0ml Tritan Renew con pajita abatible para personalizar con logo - ADL","isPartOf":{"@id":"https:\/\/adl-regalosempresa.com\/tiendaonline\/#website"},"primaryImageOfPage":{"@id":"https:\/\/adl-regalosempresa.com\/tiendaonline\/articulos\/merchandising\/botella-de-750-ml-tritan-renew-con-pajita-abatible-para-personalizar-con-logo\/#primaryimage"},"image":{"@id":"https:\/\/adl-regalosempresa.com\/tiendaonline\/articulos\/merchandising\/botella-de-750-ml-tritan-renew-con-pajita-abatible-para-personalizar-con-logo\/#primaryimage"},"thumbnailUrl":"https:\/\/adl-regalosempresa.com\/tiendaonline\/wp-content\/uploads\/2025\/08\/10088601.jpg","datePublished":"2026-03-24T08:03:05+00:00","dateModified":"2026-04-03T07:48:11+00:00","description":"Art\u00edculo de merchandising Botella de 750\u00a0ml Tritan Renew con pajita abatible \"Camelbak\u00ae Thrive Flip\". La botella de agua \"CamelBak\u00ae Thrive Flip Tritan Renew\" es la sucesora de la popular \"CamelBak Eddy+ Tritan Renew\", dise\u00f1ada para facilitar la hidrataci\u00f3n durante todo el d\u00eda. Cuenta con una pajita y una nueva v\u00e1lvula \"EasyFlow\", un tap\u00f3n 100 % estanco, una funda protectora contra el polvo y un asa blanda pivotante que facilita su transporte. El dise\u00f1o cabe en la mayor\u00eda de los portavasos, por lo que resulta muy pr\u00e1ctico para viajes o excursiones de un d\u00eda. La botella se puede lavar en el lavavajillas para una limpieza r\u00e1pida y f\u00e1cil. Capacidad: 750 ml. Fabricada con \"Tritan\u2122 Renew\", un material reciclado al 50 %.","breadcrumb":{"@id":"https:\/\/adl-regalosempresa.com\/tiendaonline\/articulos\/merchandising\/botella-de-750-ml-tritan-renew-con-pajita-abatible-para-personalizar-con-logo\/#breadcrumb"},"inLanguage":"es","potentialAction":[{"@type":"ReadAction","target":["https:\/\/adl-regalosempresa.com\/tiendaonline\/articulos\/merchandising\/botella-de-750-ml-tritan-renew-con-pajita-abatible-para-personalizar-con-logo\/"]}]},{"@type":"ImageObject","inLanguage":"es","@id":"https:\/\/adl-regalosempresa.com\/tiendaonline\/articulos\/merchandising\/botella-de-750-ml-tritan-renew-con-pajita-abatible-para-personalizar-con-logo\/#primaryimage","url":"https:\/\/adl-regalosempresa.com\/tiendaonline\/wp-content\/uploads\/2025\/08\/10088601.jpg","contentUrl":"https:\/\/adl-regalosempresa.com\/tiendaonline\/wp-content\/uploads\/2025\/08\/10088601.jpg","width":1600,"height":1600,"caption":"Botella de 750\u00a0ml Tritan Renew con pajita abatible \"Camelbak\u00ae Thrive Flip\""},{"@type":"BreadcrumbList","@id":"https:\/\/adl-regalosempresa.com\/tiendaonline\/articulos\/merchandising\/botella-de-750-ml-tritan-renew-con-pajita-abatible-para-personalizar-con-logo\/#breadcrumb","itemListElement":[{"@type":"ListItem","position":1,"name":"Portada","item":"https:\/\/adl-regalosempresa.com\/tiendaonline\/"},{"@type":"ListItem","position":2,"name":"Tienda","item":"https:\/\/adl-regalosempresa.com\/tiendaonline\/tienda\/"},{"@type":"ListItem","position":3,"name":"Botella de 750\u00a0ml Tritan Renew con pajita abatible para personalizar con logo"}]},{"@type":"WebSite","@id":"https:\/\/adl-regalosempresa.com\/tiendaonline\/#website","url":"https:\/\/adl-regalosempresa.com\/tiendaonline\/","name":"ADL Comunicaci\u00f3n","description":"Regalos de empresa","publisher":{"@id":"https:\/\/adl-regalosempresa.com\/tiendaonline\/#organization"},"potentialAction":[{"@type":"SearchAction","target":{"@type":"EntryPoint","urlTemplate":"https:\/\/adl-regalosempresa.com\/tiendaonline\/?s={search_term_string}"},"query-input":{"@type":"PropertyValueSpecification","valueRequired":true,"valueName":"search_term_string"}}],"inLanguage":"es"},{"@type":"Organization","@id":"https:\/\/adl-regalosempresa.com\/tiendaonline\/#organization","name":"ADL Comunicaci\u00f3n","url":"https:\/\/adl-regalosempresa.com\/tiendaonline\/","logo":{"@type":"ImageObject","inLanguage":"es","@id":"https:\/\/adl-regalosempresa.com\/tiendaonline\/#\/schema\/logo\/image\/","url":"https:\/\/adl-regalosempresa.com\/tiendaonline\/wp-content\/uploads\/2017\/09\/logo-adl-wp.png","contentUrl":"https:\/\/adl-regalosempresa.com\/tiendaonline\/wp-content\/uploads\/2017\/09\/logo-adl-wp.png","width":407,"height":185,"caption":"ADL Comunicaci\u00f3n"},"image":{"@id":"https:\/\/adl-regalosempresa.com\/tiendaonline\/#\/schema\/logo\/image\/"}}]}},"_links":{"self":[{"href":"https:\/\/adl-regalosempresa.com\/tiendaonline\/wp-json\/wp\/v2\/product\/142794","targetHints":{"allow":["GET"]}}],"collection":[{"href":"https:\/\/adl-regalosempresa.com\/tiendaonline\/wp-json\/wp\/v2\/product"}],"about":[{"href":"https:\/\/adl-regalosempresa.com\/tiendaonline\/wp-json\/wp\/v2\/types\/product"}],"wp:featuredmedia":[{"embeddable":true,"href":"https:\/\/adl-regalosempresa.com\/tiendaonline\/wp-json\/wp\/v2\/media\/142796"}],"wp:attachment":[{"href":"https:\/\/adl-regalosempresa.com\/tiendaonline\/wp-json\/wp\/v2\/media?parent=142794"}],"wp:term":[{"taxonomy":"product_brand","embeddable":true,"href":"https:\/\/adl-regalosempresa.com\/tiendaonline\/wp-json\/wp\/v2\/product_brand?post=142794"},{"taxonomy":"product_cat","embeddable":true,"href":"https:\/\/adl-regalosempresa.com\/tiendaonline\/wp-json\/wp\/v2\/product_cat?post=142794"},{"taxonomy":"product_tag","embeddable":true,"href":"https:\/\/adl-regalosempresa.com\/tiendaonline\/wp-json\/wp\/v2\/product_tag?post=142794"}],"curies":[{"name":"wp","href":"https:\/\/api.w.org\/{rel}","templated":true}]}}