{"id":142780,"date":"2026-03-24T08:03:05","date_gmt":"2026-03-24T08:03:05","guid":{"rendered":"https:\/\/adl-regalosempresa.com\/tiendaonline\/articulos\/merchandising\/neceser-de-viaje-reciclado-de-6-litros-para-personalizar-con-logo\/"},"modified":"2026-04-24T08:58:16","modified_gmt":"2026-04-24T08:58:16","slug":"neceser-de-viaje-reciclado-de-6-litros-para-personalizar-con-logo","status":"publish","type":"product","link":"https:\/\/adl-regalosempresa.com\/tiendaonline\/articulos\/merchandising\/neceser-de-viaje-reciclado-de-6-litros-para-personalizar-con-logo\/","title":{"rendered":"Neceser de viaje reciclado de 6 litros  para personalizar con logo"},"content":{"rendered":"<p>El neceser de viaje \u00abTrip Aware\u2122\u00bb es una bolsa compacta y estructurada dise\u00f1ada para mantener los objetos personales perfectamente organizados durante el viaje. Fabricado en poli\u00e9ster de sarga 290D con forro de punto y forro de RPET 210D\/poliuretano, presenta un gran dise\u00f1o con pr\u00e1cticos compartimentos. El compartimento principal incluye un bolsillo interior con cremallera para los objetos m\u00e1s peque\u00f1os, mientras que el compartimento inferior tipo almeja mantiene lo esencial separado para facilitar el acceso y mejorar la organizaci\u00f3n. Todas las bolsas tienen su propio rastreador \u00abAware\u2122\u00bb. Esta innovadora funci\u00f3n permite a los usuarios rastrear el origen y el recorrido de su art\u00edculo a trav\u00e9s de un c\u00f3digo QR, lo que aumenta la transparencia de la cadena de suministro y fomenta una mayor conexi\u00f3n entre el producto y su proceso de producci\u00f3n. Capacidad: 6 litros.<\/p>\n","protected":false},"excerpt":{"rendered":"<p><strong>Descuentos por cantidades<\/strong><br \/>&#8211; a partir de 100 unidades: 7,99 \u20ac\/ud<br \/>&#8211; a partir de 250 unidades: 7,99 \u20ac\/ud<br \/>&#8211; a partir de 1000 unidades: 7,84 \u20ac\/ud<\/p>\n<p>Para cantidades superiores a las aqu\u00ed indicadas, no dudes en ponerte en contacto con nuestro departamento comercial o <a href='https:\/\/adl-regalosempresa.com\/tiendaonline\/solicitud-presupuesto\/'>pedirnos presupuesto personalizado<\/a>, ajustaremos el presupuesto a tus necesidades.<\/p>\n","protected":false},"featured_media":142782,"template":"","meta":{"_kad_post_transparent":"","_kad_post_title":"","_kad_post_layout":"","_kad_post_sidebar_id":"","_kad_post_content_style":"","_kad_post_vertical_padding":"","_kad_post_feature":"","_kad_post_feature_position":"","_kad_post_header":false,"_kad_post_footer":false,"_kad_post_classname":""},"product_brand":[],"product_cat":[3526,4858],"product_tag":[],"class_list":{"0":"post-142780","1":"product","2":"type-product","3":"status-publish","4":"has-post-thumbnail","6":"product_cat-bolsas","7":"product_cat-bolsas-de-aseo","8":"pa_alto-185-cm","9":"pa_ancho-23-cm","10":"pa_color-azul-hale","11":"pa_color-blanco-roto","12":"pa_color-negro-intenso","13":"pa_color-simple-azul","14":"pa_color-simple-blanco","15":"pa_color-simple-negro-intenso","16":"pa_largo-145-cm","17":"pa_marca-unbranded","18":"pa_material-poliester-reciclado","19":"pa_peso-138-gr","21":"first","22":"instock","23":"taxable","24":"shipping-taxable","25":"purchasable","26":"product-type-variable","27":"entry","28":"content-bg","29":"loop-entry"},"yoast_head":"<!-- This site is optimized with the Yoast SEO plugin v26.3 - https:\/\/yoast.com\/wordpress\/plugins\/seo\/ -->\n<title>Merchandising Neceser de viaje reciclado de 6 litros para personalizar con logo - ADL<\/title>\n<meta name=\"description\" content=\"Art\u00edculo de merchandising Neceser de viaje reciclado de 6 litros &quot;Trip Aware\u2122&quot;. El neceser de viaje &quot;Trip Aware\u2122&quot; es una bolsa compacta y estructurada dise\u00f1ada para mantener los objetos personales perfectamente organizados durante el viaje. Fabricado en poli\u00e9ster de sarga 290D con forro de punto y forro de RPET 210D\/poliuretano, presenta un gran dise\u00f1o con pr\u00e1cticos compartimentos. El compartimento principal incluye un bolsillo interior con cremallera para los objetos m\u00e1s peque\u00f1os, mientras que el compartimento inferior tipo almeja mantiene lo esencial separado para facilitar el acceso y mejorar la organizaci\u00f3n. Todas las bolsas tienen su propio rastreador &quot;Aware\u2122&quot;. Esta innovadora funci\u00f3n permite a los usuarios rastrear el origen y el recorrido de su art\u00edculo a trav\u00e9s de un c\u00f3digo QR, lo que aumenta la transparencia de la cadena de suministro y fomenta una mayor conexi\u00f3n entre el producto y su proceso de producci\u00f3n. Capacidad: 6 litros.\" \/>\n<meta name=\"robots\" content=\"index, follow, max-snippet:-1, max-image-preview:large, max-video-preview:-1\" \/>\n<link rel=\"canonical\" href=\"https:\/\/adl-regalosempresa.com\/tiendaonline\/articulos\/merchandising\/neceser-de-viaje-reciclado-de-6-litros-para-personalizar-con-logo\/\" \/>\n<meta property=\"og:locale\" content=\"es_ES\" \/>\n<meta property=\"og:type\" content=\"article\" \/>\n<meta property=\"og:title\" content=\"Merchandising Neceser de viaje reciclado de 6 litros para personalizar con logo - ADL\" \/>\n<meta property=\"og:description\" content=\"Art\u00edculo de merchandising Neceser de viaje reciclado de 6 litros &quot;Trip Aware\u2122&quot;. El neceser de viaje &quot;Trip Aware\u2122&quot; es una bolsa compacta y estructurada dise\u00f1ada para mantener los objetos personales perfectamente organizados durante el viaje. Fabricado en poli\u00e9ster de sarga 290D con forro de punto y forro de RPET 210D\/poliuretano, presenta un gran dise\u00f1o con pr\u00e1cticos compartimentos. El compartimento principal incluye un bolsillo interior con cremallera para los objetos m\u00e1s peque\u00f1os, mientras que el compartimento inferior tipo almeja mantiene lo esencial separado para facilitar el acceso y mejorar la organizaci\u00f3n. Todas las bolsas tienen su propio rastreador &quot;Aware\u2122&quot;. Esta innovadora funci\u00f3n permite a los usuarios rastrear el origen y el recorrido de su art\u00edculo a trav\u00e9s de un c\u00f3digo QR, lo que aumenta la transparencia de la cadena de suministro y fomenta una mayor conexi\u00f3n entre el producto y su proceso de producci\u00f3n. Capacidad: 6 litros.\" \/>\n<meta property=\"og:url\" content=\"https:\/\/adl-regalosempresa.com\/tiendaonline\/articulos\/merchandising\/neceser-de-viaje-reciclado-de-6-litros-para-personalizar-con-logo\/\" \/>\n<meta property=\"og:site_name\" content=\"ADL Comunicaci\u00f3n\" \/>\n<meta property=\"article:modified_time\" content=\"2026-04-24T08:58:16+00:00\" \/>\n<meta property=\"og:image\" content=\"https:\/\/adl-regalosempresa.com\/tiendaonline\/wp-content\/uploads\/2025\/08\/12076602.jpg\" \/>\n\t<meta property=\"og:image:width\" content=\"1600\" \/>\n\t<meta property=\"og:image:height\" content=\"1600\" \/>\n\t<meta property=\"og:image:type\" content=\"image\/jpeg\" \/>\n<meta name=\"twitter:card\" content=\"summary_large_image\" \/>\n<meta name=\"twitter:title\" content=\"Merchandising Neceser de viaje reciclado de 6 litros para personalizar con logo - ADL\" \/>\n<meta name=\"twitter:label1\" content=\"Tiempo de lectura\" \/>\n\t<meta name=\"twitter:data1\" content=\"1 minuto\" \/>\n<script type=\"application\/ld+json\" class=\"yoast-schema-graph\">{\"@context\":\"https:\/\/schema.org\",\"@graph\":[{\"@type\":\"WebPage\",\"@id\":\"https:\/\/adl-regalosempresa.com\/tiendaonline\/articulos\/merchandising\/neceser-de-viaje-reciclado-de-6-litros-para-personalizar-con-logo\/\",\"url\":\"https:\/\/adl-regalosempresa.com\/tiendaonline\/articulos\/merchandising\/neceser-de-viaje-reciclado-de-6-litros-para-personalizar-con-logo\/\",\"name\":\"Merchandising Neceser de viaje reciclado de 6 litros para personalizar con logo - ADL\",\"isPartOf\":{\"@id\":\"https:\/\/adl-regalosempresa.com\/tiendaonline\/#website\"},\"primaryImageOfPage\":{\"@id\":\"https:\/\/adl-regalosempresa.com\/tiendaonline\/articulos\/merchandising\/neceser-de-viaje-reciclado-de-6-litros-para-personalizar-con-logo\/#primaryimage\"},\"image\":{\"@id\":\"https:\/\/adl-regalosempresa.com\/tiendaonline\/articulos\/merchandising\/neceser-de-viaje-reciclado-de-6-litros-para-personalizar-con-logo\/#primaryimage\"},\"thumbnailUrl\":\"https:\/\/adl-regalosempresa.com\/tiendaonline\/wp-content\/uploads\/2025\/08\/12076602.jpg\",\"datePublished\":\"2026-03-24T08:03:05+00:00\",\"dateModified\":\"2026-04-24T08:58:16+00:00\",\"description\":\"Art\u00edculo de merchandising Neceser de viaje reciclado de 6 litros \\\"Trip Aware\u2122\\\". El neceser de viaje \\\"Trip Aware\u2122\\\" es una bolsa compacta y estructurada dise\u00f1ada para mantener los objetos personales perfectamente organizados durante el viaje. Fabricado en poli\u00e9ster de sarga 290D con forro de punto y forro de RPET 210D\/poliuretano, presenta un gran dise\u00f1o con pr\u00e1cticos compartimentos. El compartimento principal incluye un bolsillo interior con cremallera para los objetos m\u00e1s peque\u00f1os, mientras que el compartimento inferior tipo almeja mantiene lo esencial separado para facilitar el acceso y mejorar la organizaci\u00f3n. Todas las bolsas tienen su propio rastreador \\\"Aware\u2122\\\". Esta innovadora funci\u00f3n permite a los usuarios rastrear el origen y el recorrido de su art\u00edculo a trav\u00e9s de un c\u00f3digo QR, lo que aumenta la transparencia de la cadena de suministro y fomenta una mayor conexi\u00f3n entre el producto y su proceso de producci\u00f3n. Capacidad: 6 litros.\",\"breadcrumb\":{\"@id\":\"https:\/\/adl-regalosempresa.com\/tiendaonline\/articulos\/merchandising\/neceser-de-viaje-reciclado-de-6-litros-para-personalizar-con-logo\/#breadcrumb\"},\"inLanguage\":\"es\",\"potentialAction\":[{\"@type\":\"ReadAction\",\"target\":[\"https:\/\/adl-regalosempresa.com\/tiendaonline\/articulos\/merchandising\/neceser-de-viaje-reciclado-de-6-litros-para-personalizar-con-logo\/\"]}]},{\"@type\":\"ImageObject\",\"inLanguage\":\"es\",\"@id\":\"https:\/\/adl-regalosempresa.com\/tiendaonline\/articulos\/merchandising\/neceser-de-viaje-reciclado-de-6-litros-para-personalizar-con-logo\/#primaryimage\",\"url\":\"https:\/\/adl-regalosempresa.com\/tiendaonline\/wp-content\/uploads\/2025\/08\/12076602.jpg\",\"contentUrl\":\"https:\/\/adl-regalosempresa.com\/tiendaonline\/wp-content\/uploads\/2025\/08\/12076602.jpg\",\"width\":1600,\"height\":1600,\"caption\":\"Neceser de viaje reciclado de 6 litros \\\"Trip Aware\u2122\\\"\"},{\"@type\":\"BreadcrumbList\",\"@id\":\"https:\/\/adl-regalosempresa.com\/tiendaonline\/articulos\/merchandising\/neceser-de-viaje-reciclado-de-6-litros-para-personalizar-con-logo\/#breadcrumb\",\"itemListElement\":[{\"@type\":\"ListItem\",\"position\":1,\"name\":\"Portada\",\"item\":\"https:\/\/adl-regalosempresa.com\/tiendaonline\/\"},{\"@type\":\"ListItem\",\"position\":2,\"name\":\"Tienda\",\"item\":\"https:\/\/adl-regalosempresa.com\/tiendaonline\/tienda\/\"},{\"@type\":\"ListItem\",\"position\":3,\"name\":\"Neceser de viaje reciclado de 6 litros para personalizar con logo\"}]},{\"@type\":\"WebSite\",\"@id\":\"https:\/\/adl-regalosempresa.com\/tiendaonline\/#website\",\"url\":\"https:\/\/adl-regalosempresa.com\/tiendaonline\/\",\"name\":\"ADL Comunicaci\u00f3n\",\"description\":\"Regalos de empresa\",\"publisher\":{\"@id\":\"https:\/\/adl-regalosempresa.com\/tiendaonline\/#organization\"},\"potentialAction\":[{\"@type\":\"SearchAction\",\"target\":{\"@type\":\"EntryPoint\",\"urlTemplate\":\"https:\/\/adl-regalosempresa.com\/tiendaonline\/?s={search_term_string}\"},\"query-input\":{\"@type\":\"PropertyValueSpecification\",\"valueRequired\":true,\"valueName\":\"search_term_string\"}}],\"inLanguage\":\"es\"},{\"@type\":\"Organization\",\"@id\":\"https:\/\/adl-regalosempresa.com\/tiendaonline\/#organization\",\"name\":\"ADL Comunicaci\u00f3n\",\"url\":\"https:\/\/adl-regalosempresa.com\/tiendaonline\/\",\"logo\":{\"@type\":\"ImageObject\",\"inLanguage\":\"es\",\"@id\":\"https:\/\/adl-regalosempresa.com\/tiendaonline\/#\/schema\/logo\/image\/\",\"url\":\"https:\/\/adl-regalosempresa.com\/tiendaonline\/wp-content\/uploads\/2017\/09\/logo-adl-wp.png\",\"contentUrl\":\"https:\/\/adl-regalosempresa.com\/tiendaonline\/wp-content\/uploads\/2017\/09\/logo-adl-wp.png\",\"width\":407,\"height\":185,\"caption\":\"ADL Comunicaci\u00f3n\"},\"image\":{\"@id\":\"https:\/\/adl-regalosempresa.com\/tiendaonline\/#\/schema\/logo\/image\/\"}}]}<\/script>\n<!-- \/ Yoast SEO plugin. -->","yoast_head_json":{"title":"Merchandising Neceser de viaje reciclado de 6 litros para personalizar con logo - ADL","description":"Art\u00edculo de merchandising Neceser de viaje reciclado de 6 litros \"Trip Aware\u2122\". El neceser de viaje \"Trip Aware\u2122\" es una bolsa compacta y estructurada dise\u00f1ada para mantener los objetos personales perfectamente organizados durante el viaje. Fabricado en poli\u00e9ster de sarga 290D con forro de punto y forro de RPET 210D\/poliuretano, presenta un gran dise\u00f1o con pr\u00e1cticos compartimentos. El compartimento principal incluye un bolsillo interior con cremallera para los objetos m\u00e1s peque\u00f1os, mientras que el compartimento inferior tipo almeja mantiene lo esencial separado para facilitar el acceso y mejorar la organizaci\u00f3n. Todas las bolsas tienen su propio rastreador \"Aware\u2122\". Esta innovadora funci\u00f3n permite a los usuarios rastrear el origen y el recorrido de su art\u00edculo a trav\u00e9s de un c\u00f3digo QR, lo que aumenta la transparencia de la cadena de suministro y fomenta una mayor conexi\u00f3n entre el producto y su proceso de producci\u00f3n. Capacidad: 6 litros.","robots":{"index":"index","follow":"follow","max-snippet":"max-snippet:-1","max-image-preview":"max-image-preview:large","max-video-preview":"max-video-preview:-1"},"canonical":"https:\/\/adl-regalosempresa.com\/tiendaonline\/articulos\/merchandising\/neceser-de-viaje-reciclado-de-6-litros-para-personalizar-con-logo\/","og_locale":"es_ES","og_type":"article","og_title":"Merchandising Neceser de viaje reciclado de 6 litros para personalizar con logo - ADL","og_description":"Art\u00edculo de merchandising Neceser de viaje reciclado de 6 litros \"Trip Aware\u2122\". El neceser de viaje \"Trip Aware\u2122\" es una bolsa compacta y estructurada dise\u00f1ada para mantener los objetos personales perfectamente organizados durante el viaje. Fabricado en poli\u00e9ster de sarga 290D con forro de punto y forro de RPET 210D\/poliuretano, presenta un gran dise\u00f1o con pr\u00e1cticos compartimentos. El compartimento principal incluye un bolsillo interior con cremallera para los objetos m\u00e1s peque\u00f1os, mientras que el compartimento inferior tipo almeja mantiene lo esencial separado para facilitar el acceso y mejorar la organizaci\u00f3n. Todas las bolsas tienen su propio rastreador \"Aware\u2122\". Esta innovadora funci\u00f3n permite a los usuarios rastrear el origen y el recorrido de su art\u00edculo a trav\u00e9s de un c\u00f3digo QR, lo que aumenta la transparencia de la cadena de suministro y fomenta una mayor conexi\u00f3n entre el producto y su proceso de producci\u00f3n. Capacidad: 6 litros.","og_url":"https:\/\/adl-regalosempresa.com\/tiendaonline\/articulos\/merchandising\/neceser-de-viaje-reciclado-de-6-litros-para-personalizar-con-logo\/","og_site_name":"ADL Comunicaci\u00f3n","article_modified_time":"2026-04-24T08:58:16+00:00","og_image":[{"width":1600,"height":1600,"url":"https:\/\/adl-regalosempresa.com\/tiendaonline\/wp-content\/uploads\/2025\/08\/12076602.jpg","type":"image\/jpeg"}],"twitter_card":"summary_large_image","twitter_title":"Merchandising Neceser de viaje reciclado de 6 litros para personalizar con logo - ADL","twitter_misc":{"Tiempo de lectura":"1 minuto"},"schema":{"@context":"https:\/\/schema.org","@graph":[{"@type":"WebPage","@id":"https:\/\/adl-regalosempresa.com\/tiendaonline\/articulos\/merchandising\/neceser-de-viaje-reciclado-de-6-litros-para-personalizar-con-logo\/","url":"https:\/\/adl-regalosempresa.com\/tiendaonline\/articulos\/merchandising\/neceser-de-viaje-reciclado-de-6-litros-para-personalizar-con-logo\/","name":"Merchandising Neceser de viaje reciclado de 6 litros para personalizar con logo - ADL","isPartOf":{"@id":"https:\/\/adl-regalosempresa.com\/tiendaonline\/#website"},"primaryImageOfPage":{"@id":"https:\/\/adl-regalosempresa.com\/tiendaonline\/articulos\/merchandising\/neceser-de-viaje-reciclado-de-6-litros-para-personalizar-con-logo\/#primaryimage"},"image":{"@id":"https:\/\/adl-regalosempresa.com\/tiendaonline\/articulos\/merchandising\/neceser-de-viaje-reciclado-de-6-litros-para-personalizar-con-logo\/#primaryimage"},"thumbnailUrl":"https:\/\/adl-regalosempresa.com\/tiendaonline\/wp-content\/uploads\/2025\/08\/12076602.jpg","datePublished":"2026-03-24T08:03:05+00:00","dateModified":"2026-04-24T08:58:16+00:00","description":"Art\u00edculo de merchandising Neceser de viaje reciclado de 6 litros \"Trip Aware\u2122\". El neceser de viaje \"Trip Aware\u2122\" es una bolsa compacta y estructurada dise\u00f1ada para mantener los objetos personales perfectamente organizados durante el viaje. Fabricado en poli\u00e9ster de sarga 290D con forro de punto y forro de RPET 210D\/poliuretano, presenta un gran dise\u00f1o con pr\u00e1cticos compartimentos. El compartimento principal incluye un bolsillo interior con cremallera para los objetos m\u00e1s peque\u00f1os, mientras que el compartimento inferior tipo almeja mantiene lo esencial separado para facilitar el acceso y mejorar la organizaci\u00f3n. Todas las bolsas tienen su propio rastreador \"Aware\u2122\". Esta innovadora funci\u00f3n permite a los usuarios rastrear el origen y el recorrido de su art\u00edculo a trav\u00e9s de un c\u00f3digo QR, lo que aumenta la transparencia de la cadena de suministro y fomenta una mayor conexi\u00f3n entre el producto y su proceso de producci\u00f3n. Capacidad: 6 litros.","breadcrumb":{"@id":"https:\/\/adl-regalosempresa.com\/tiendaonline\/articulos\/merchandising\/neceser-de-viaje-reciclado-de-6-litros-para-personalizar-con-logo\/#breadcrumb"},"inLanguage":"es","potentialAction":[{"@type":"ReadAction","target":["https:\/\/adl-regalosempresa.com\/tiendaonline\/articulos\/merchandising\/neceser-de-viaje-reciclado-de-6-litros-para-personalizar-con-logo\/"]}]},{"@type":"ImageObject","inLanguage":"es","@id":"https:\/\/adl-regalosempresa.com\/tiendaonline\/articulos\/merchandising\/neceser-de-viaje-reciclado-de-6-litros-para-personalizar-con-logo\/#primaryimage","url":"https:\/\/adl-regalosempresa.com\/tiendaonline\/wp-content\/uploads\/2025\/08\/12076602.jpg","contentUrl":"https:\/\/adl-regalosempresa.com\/tiendaonline\/wp-content\/uploads\/2025\/08\/12076602.jpg","width":1600,"height":1600,"caption":"Neceser de viaje reciclado de 6 litros \"Trip Aware\u2122\""},{"@type":"BreadcrumbList","@id":"https:\/\/adl-regalosempresa.com\/tiendaonline\/articulos\/merchandising\/neceser-de-viaje-reciclado-de-6-litros-para-personalizar-con-logo\/#breadcrumb","itemListElement":[{"@type":"ListItem","position":1,"name":"Portada","item":"https:\/\/adl-regalosempresa.com\/tiendaonline\/"},{"@type":"ListItem","position":2,"name":"Tienda","item":"https:\/\/adl-regalosempresa.com\/tiendaonline\/tienda\/"},{"@type":"ListItem","position":3,"name":"Neceser de viaje reciclado de 6 litros para personalizar con logo"}]},{"@type":"WebSite","@id":"https:\/\/adl-regalosempresa.com\/tiendaonline\/#website","url":"https:\/\/adl-regalosempresa.com\/tiendaonline\/","name":"ADL Comunicaci\u00f3n","description":"Regalos de empresa","publisher":{"@id":"https:\/\/adl-regalosempresa.com\/tiendaonline\/#organization"},"potentialAction":[{"@type":"SearchAction","target":{"@type":"EntryPoint","urlTemplate":"https:\/\/adl-regalosempresa.com\/tiendaonline\/?s={search_term_string}"},"query-input":{"@type":"PropertyValueSpecification","valueRequired":true,"valueName":"search_term_string"}}],"inLanguage":"es"},{"@type":"Organization","@id":"https:\/\/adl-regalosempresa.com\/tiendaonline\/#organization","name":"ADL Comunicaci\u00f3n","url":"https:\/\/adl-regalosempresa.com\/tiendaonline\/","logo":{"@type":"ImageObject","inLanguage":"es","@id":"https:\/\/adl-regalosempresa.com\/tiendaonline\/#\/schema\/logo\/image\/","url":"https:\/\/adl-regalosempresa.com\/tiendaonline\/wp-content\/uploads\/2017\/09\/logo-adl-wp.png","contentUrl":"https:\/\/adl-regalosempresa.com\/tiendaonline\/wp-content\/uploads\/2017\/09\/logo-adl-wp.png","width":407,"height":185,"caption":"ADL Comunicaci\u00f3n"},"image":{"@id":"https:\/\/adl-regalosempresa.com\/tiendaonline\/#\/schema\/logo\/image\/"}}]}},"_links":{"self":[{"href":"https:\/\/adl-regalosempresa.com\/tiendaonline\/wp-json\/wp\/v2\/product\/142780","targetHints":{"allow":["GET"]}}],"collection":[{"href":"https:\/\/adl-regalosempresa.com\/tiendaonline\/wp-json\/wp\/v2\/product"}],"about":[{"href":"https:\/\/adl-regalosempresa.com\/tiendaonline\/wp-json\/wp\/v2\/types\/product"}],"wp:featuredmedia":[{"embeddable":true,"href":"https:\/\/adl-regalosempresa.com\/tiendaonline\/wp-json\/wp\/v2\/media\/142782"}],"wp:attachment":[{"href":"https:\/\/adl-regalosempresa.com\/tiendaonline\/wp-json\/wp\/v2\/media?parent=142780"}],"wp:term":[{"taxonomy":"product_brand","embeddable":true,"href":"https:\/\/adl-regalosempresa.com\/tiendaonline\/wp-json\/wp\/v2\/product_brand?post=142780"},{"taxonomy":"product_cat","embeddable":true,"href":"https:\/\/adl-regalosempresa.com\/tiendaonline\/wp-json\/wp\/v2\/product_cat?post=142780"},{"taxonomy":"product_tag","embeddable":true,"href":"https:\/\/adl-regalosempresa.com\/tiendaonline\/wp-json\/wp\/v2\/product_tag?post=142780"}],"curies":[{"name":"wp","href":"https:\/\/api.w.org\/{rel}","templated":true}]}}