{"id":142521,"date":"2026-03-24T08:00:37","date_gmt":"2026-03-24T08:00:37","guid":{"rendered":"https:\/\/adl-regalosempresa.com\/tiendaonline\/articulos\/merchandising\/gorro-para-personalizar-con-logo-6\/"},"modified":"2026-04-18T07:56:13","modified_gmt":"2026-04-18T07:56:13","slug":"gorro-para-personalizar-con-logo-6","status":"publish","type":"product","link":"https:\/\/adl-regalosempresa.com\/tiendaonline\/articulos\/merchandising\/gorro-para-personalizar-con-logo-6\/","title":{"rendered":"Gorro  para personalizar con logo"},"content":{"rendered":"<p>El gorro \u00abIzu\u00bb combina calidez y sencillez para una comodidad diaria. Fabricado en 100\u00a0% pl\u00e1stico acr\u00edlico con una construcci\u00f3n de punto de canal\u00e9 1\u00a0\u00d7\u00a01, es ligero pero aislante, ideal para el clima m\u00e1s fr\u00edo. Su dise\u00f1o vers\u00e1til lo hace adecuado para el uso diario, ya sea en los desplazamientos, al aire libre o simplemente para mantener el calor con estilo.<\/p>\n","protected":false},"excerpt":{"rendered":"<p><strong>Descuentos por cantidades<\/strong><br \/>&#8211; a partir de 100 unidades: 2,41 \u20ac\/ud<br \/>&#8211; a partir de 250 unidades: 2,41 \u20ac\/ud<br \/>&#8211; a partir de 1000 unidades: 2,36 \u20ac\/ud<\/p>\n<p>Para cantidades superiores a las aqu\u00ed indicadas, no dudes en ponerte en contacto con nuestro departamento comercial o <a href='https:\/\/adl-regalosempresa.com\/tiendaonline\/solicitud-presupuesto\/'>pedirnos presupuesto personalizado<\/a>, ajustaremos el presupuesto a tus necesidades.<\/p>\n","protected":false},"featured_media":142523,"template":"","meta":{"_kad_post_transparent":"","_kad_post_title":"","_kad_post_layout":"","_kad_post_sidebar_id":"","_kad_post_content_style":"","_kad_post_vertical_padding":"","_kad_post_feature":"","_kad_post_feature_position":"","_kad_post_header":false,"_kad_post_footer":false,"_kad_post_classname":""},"product_brand":[],"product_cat":[6229,3649],"product_tag":[],"class_list":{"0":"post-142521","1":"product","2":"type-product","3":"status-publish","4":"has-post-thumbnail","6":"product_cat-gorros","7":"product_cat-ropa","8":"pa_color-azul-marino","9":"pa_color-gris-tormenta","10":"pa_color-negro-intenso","11":"pa_color-rojo","12":"pa_color-simple-azul","13":"pa_color-simple-gris","14":"pa_color-simple-negro-intenso","15":"pa_color-simple-rojo","16":"pa_marca-elevate","17":"pa_material-1x1-punto-de-costilla-100-acrilico","19":"first","20":"instock","21":"taxable","22":"shipping-taxable","23":"purchasable","24":"product-type-variable","25":"entry","26":"content-bg","27":"loop-entry"},"yoast_head":"<!-- This site is optimized with the Yoast SEO plugin v26.3 - https:\/\/yoast.com\/wordpress\/plugins\/seo\/ -->\n<title>Merchandising Gorro para personalizar con logo - ADL<\/title>\n<meta name=\"description\" content=\"Art\u00edculo de merchandising Gorro &quot;Izu&quot;. El gorro &quot;Izu&quot; combina calidez y sencillez para una comodidad diaria. Fabricado en 100\u00a0% pl\u00e1stico acr\u00edlico con una construcci\u00f3n de punto de canal\u00e9 1\u00a0\u00d7\u00a01, es ligero pero aislante, ideal para el clima m\u00e1s fr\u00edo. Su dise\u00f1o vers\u00e1til lo hace adecuado para el uso diario, ya sea en los desplazamientos, al aire libre o simplemente para mantener el calor con estilo.\" \/>\n<meta name=\"robots\" content=\"index, follow, max-snippet:-1, max-image-preview:large, max-video-preview:-1\" \/>\n<link rel=\"canonical\" href=\"https:\/\/adl-regalosempresa.com\/tiendaonline\/articulos\/merchandising\/gorro-para-personalizar-con-logo-6\/\" \/>\n<meta property=\"og:locale\" content=\"es_ES\" \/>\n<meta property=\"og:type\" content=\"article\" \/>\n<meta property=\"og:title\" content=\"Merchandising Gorro para personalizar con logo - ADL\" \/>\n<meta property=\"og:description\" content=\"Art\u00edculo de merchandising Gorro &quot;Izu&quot;. El gorro &quot;Izu&quot; combina calidez y sencillez para una comodidad diaria. Fabricado en 100\u00a0% pl\u00e1stico acr\u00edlico con una construcci\u00f3n de punto de canal\u00e9 1\u00a0\u00d7\u00a01, es ligero pero aislante, ideal para el clima m\u00e1s fr\u00edo. Su dise\u00f1o vers\u00e1til lo hace adecuado para el uso diario, ya sea en los desplazamientos, al aire libre o simplemente para mantener el calor con estilo.\" \/>\n<meta property=\"og:url\" content=\"https:\/\/adl-regalosempresa.com\/tiendaonline\/articulos\/merchandising\/gorro-para-personalizar-con-logo-6\/\" \/>\n<meta property=\"og:site_name\" content=\"ADL Comunicaci\u00f3n\" \/>\n<meta property=\"article:modified_time\" content=\"2026-04-18T07:56:13+00:00\" \/>\n<meta property=\"og:image\" content=\"https:\/\/adl-regalosempresa.com\/tiendaonline\/wp-content\/uploads\/2025\/08\/11107121.jpg\" \/>\n\t<meta property=\"og:image:width\" content=\"1600\" \/>\n\t<meta property=\"og:image:height\" content=\"1600\" \/>\n\t<meta property=\"og:image:type\" content=\"image\/jpeg\" \/>\n<meta name=\"twitter:card\" content=\"summary_large_image\" \/>\n<meta name=\"twitter:title\" content=\"Merchandising Gorro para personalizar con logo - ADL\" \/>\n<script type=\"application\/ld+json\" class=\"yoast-schema-graph\">{\"@context\":\"https:\/\/schema.org\",\"@graph\":[{\"@type\":\"WebPage\",\"@id\":\"https:\/\/adl-regalosempresa.com\/tiendaonline\/articulos\/merchandising\/gorro-para-personalizar-con-logo-6\/\",\"url\":\"https:\/\/adl-regalosempresa.com\/tiendaonline\/articulos\/merchandising\/gorro-para-personalizar-con-logo-6\/\",\"name\":\"Merchandising Gorro para personalizar con logo - ADL\",\"isPartOf\":{\"@id\":\"https:\/\/adl-regalosempresa.com\/tiendaonline\/#website\"},\"primaryImageOfPage\":{\"@id\":\"https:\/\/adl-regalosempresa.com\/tiendaonline\/articulos\/merchandising\/gorro-para-personalizar-con-logo-6\/#primaryimage\"},\"image\":{\"@id\":\"https:\/\/adl-regalosempresa.com\/tiendaonline\/articulos\/merchandising\/gorro-para-personalizar-con-logo-6\/#primaryimage\"},\"thumbnailUrl\":\"https:\/\/adl-regalosempresa.com\/tiendaonline\/wp-content\/uploads\/2025\/08\/11107121.jpg\",\"datePublished\":\"2026-03-24T08:00:37+00:00\",\"dateModified\":\"2026-04-18T07:56:13+00:00\",\"description\":\"Art\u00edculo de merchandising Gorro \\\"Izu\\\". El gorro \\\"Izu\\\" combina calidez y sencillez para una comodidad diaria. Fabricado en 100\u00a0% pl\u00e1stico acr\u00edlico con una construcci\u00f3n de punto de canal\u00e9 1\u00a0\u00d7\u00a01, es ligero pero aislante, ideal para el clima m\u00e1s fr\u00edo. Su dise\u00f1o vers\u00e1til lo hace adecuado para el uso diario, ya sea en los desplazamientos, al aire libre o simplemente para mantener el calor con estilo.\",\"breadcrumb\":{\"@id\":\"https:\/\/adl-regalosempresa.com\/tiendaonline\/articulos\/merchandising\/gorro-para-personalizar-con-logo-6\/#breadcrumb\"},\"inLanguage\":\"es\",\"potentialAction\":[{\"@type\":\"ReadAction\",\"target\":[\"https:\/\/adl-regalosempresa.com\/tiendaonline\/articulos\/merchandising\/gorro-para-personalizar-con-logo-6\/\"]}]},{\"@type\":\"ImageObject\",\"inLanguage\":\"es\",\"@id\":\"https:\/\/adl-regalosempresa.com\/tiendaonline\/articulos\/merchandising\/gorro-para-personalizar-con-logo-6\/#primaryimage\",\"url\":\"https:\/\/adl-regalosempresa.com\/tiendaonline\/wp-content\/uploads\/2025\/08\/11107121.jpg\",\"contentUrl\":\"https:\/\/adl-regalosempresa.com\/tiendaonline\/wp-content\/uploads\/2025\/08\/11107121.jpg\",\"width\":1600,\"height\":1600,\"caption\":\"Gorro \\\"Izu\\\"\"},{\"@type\":\"BreadcrumbList\",\"@id\":\"https:\/\/adl-regalosempresa.com\/tiendaonline\/articulos\/merchandising\/gorro-para-personalizar-con-logo-6\/#breadcrumb\",\"itemListElement\":[{\"@type\":\"ListItem\",\"position\":1,\"name\":\"Portada\",\"item\":\"https:\/\/adl-regalosempresa.com\/tiendaonline\/\"},{\"@type\":\"ListItem\",\"position\":2,\"name\":\"Tienda\",\"item\":\"https:\/\/adl-regalosempresa.com\/tiendaonline\/tienda\/\"},{\"@type\":\"ListItem\",\"position\":3,\"name\":\"Gorro para personalizar con logo\"}]},{\"@type\":\"WebSite\",\"@id\":\"https:\/\/adl-regalosempresa.com\/tiendaonline\/#website\",\"url\":\"https:\/\/adl-regalosempresa.com\/tiendaonline\/\",\"name\":\"ADL Comunicaci\u00f3n\",\"description\":\"Regalos de empresa\",\"publisher\":{\"@id\":\"https:\/\/adl-regalosempresa.com\/tiendaonline\/#organization\"},\"potentialAction\":[{\"@type\":\"SearchAction\",\"target\":{\"@type\":\"EntryPoint\",\"urlTemplate\":\"https:\/\/adl-regalosempresa.com\/tiendaonline\/?s={search_term_string}\"},\"query-input\":{\"@type\":\"PropertyValueSpecification\",\"valueRequired\":true,\"valueName\":\"search_term_string\"}}],\"inLanguage\":\"es\"},{\"@type\":\"Organization\",\"@id\":\"https:\/\/adl-regalosempresa.com\/tiendaonline\/#organization\",\"name\":\"ADL Comunicaci\u00f3n\",\"url\":\"https:\/\/adl-regalosempresa.com\/tiendaonline\/\",\"logo\":{\"@type\":\"ImageObject\",\"inLanguage\":\"es\",\"@id\":\"https:\/\/adl-regalosempresa.com\/tiendaonline\/#\/schema\/logo\/image\/\",\"url\":\"https:\/\/adl-regalosempresa.com\/tiendaonline\/wp-content\/uploads\/2017\/09\/logo-adl-wp.png\",\"contentUrl\":\"https:\/\/adl-regalosempresa.com\/tiendaonline\/wp-content\/uploads\/2017\/09\/logo-adl-wp.png\",\"width\":407,\"height\":185,\"caption\":\"ADL Comunicaci\u00f3n\"},\"image\":{\"@id\":\"https:\/\/adl-regalosempresa.com\/tiendaonline\/#\/schema\/logo\/image\/\"}}]}<\/script>\n<!-- \/ Yoast SEO plugin. -->","yoast_head_json":{"title":"Merchandising Gorro para personalizar con logo - ADL","description":"Art\u00edculo de merchandising Gorro \"Izu\". El gorro \"Izu\" combina calidez y sencillez para una comodidad diaria. Fabricado en 100\u00a0% pl\u00e1stico acr\u00edlico con una construcci\u00f3n de punto de canal\u00e9 1\u00a0\u00d7\u00a01, es ligero pero aislante, ideal para el clima m\u00e1s fr\u00edo. Su dise\u00f1o vers\u00e1til lo hace adecuado para el uso diario, ya sea en los desplazamientos, al aire libre o simplemente para mantener el calor con estilo.","robots":{"index":"index","follow":"follow","max-snippet":"max-snippet:-1","max-image-preview":"max-image-preview:large","max-video-preview":"max-video-preview:-1"},"canonical":"https:\/\/adl-regalosempresa.com\/tiendaonline\/articulos\/merchandising\/gorro-para-personalizar-con-logo-6\/","og_locale":"es_ES","og_type":"article","og_title":"Merchandising Gorro para personalizar con logo - ADL","og_description":"Art\u00edculo de merchandising Gorro \"Izu\". El gorro \"Izu\" combina calidez y sencillez para una comodidad diaria. Fabricado en 100\u00a0% pl\u00e1stico acr\u00edlico con una construcci\u00f3n de punto de canal\u00e9 1\u00a0\u00d7\u00a01, es ligero pero aislante, ideal para el clima m\u00e1s fr\u00edo. Su dise\u00f1o vers\u00e1til lo hace adecuado para el uso diario, ya sea en los desplazamientos, al aire libre o simplemente para mantener el calor con estilo.","og_url":"https:\/\/adl-regalosempresa.com\/tiendaonline\/articulos\/merchandising\/gorro-para-personalizar-con-logo-6\/","og_site_name":"ADL Comunicaci\u00f3n","article_modified_time":"2026-04-18T07:56:13+00:00","og_image":[{"width":1600,"height":1600,"url":"https:\/\/adl-regalosempresa.com\/tiendaonline\/wp-content\/uploads\/2025\/08\/11107121.jpg","type":"image\/jpeg"}],"twitter_card":"summary_large_image","twitter_title":"Merchandising Gorro para personalizar con logo - ADL","schema":{"@context":"https:\/\/schema.org","@graph":[{"@type":"WebPage","@id":"https:\/\/adl-regalosempresa.com\/tiendaonline\/articulos\/merchandising\/gorro-para-personalizar-con-logo-6\/","url":"https:\/\/adl-regalosempresa.com\/tiendaonline\/articulos\/merchandising\/gorro-para-personalizar-con-logo-6\/","name":"Merchandising Gorro para personalizar con logo - ADL","isPartOf":{"@id":"https:\/\/adl-regalosempresa.com\/tiendaonline\/#website"},"primaryImageOfPage":{"@id":"https:\/\/adl-regalosempresa.com\/tiendaonline\/articulos\/merchandising\/gorro-para-personalizar-con-logo-6\/#primaryimage"},"image":{"@id":"https:\/\/adl-regalosempresa.com\/tiendaonline\/articulos\/merchandising\/gorro-para-personalizar-con-logo-6\/#primaryimage"},"thumbnailUrl":"https:\/\/adl-regalosempresa.com\/tiendaonline\/wp-content\/uploads\/2025\/08\/11107121.jpg","datePublished":"2026-03-24T08:00:37+00:00","dateModified":"2026-04-18T07:56:13+00:00","description":"Art\u00edculo de merchandising Gorro \"Izu\". El gorro \"Izu\" combina calidez y sencillez para una comodidad diaria. Fabricado en 100\u00a0% pl\u00e1stico acr\u00edlico con una construcci\u00f3n de punto de canal\u00e9 1\u00a0\u00d7\u00a01, es ligero pero aislante, ideal para el clima m\u00e1s fr\u00edo. Su dise\u00f1o vers\u00e1til lo hace adecuado para el uso diario, ya sea en los desplazamientos, al aire libre o simplemente para mantener el calor con estilo.","breadcrumb":{"@id":"https:\/\/adl-regalosempresa.com\/tiendaonline\/articulos\/merchandising\/gorro-para-personalizar-con-logo-6\/#breadcrumb"},"inLanguage":"es","potentialAction":[{"@type":"ReadAction","target":["https:\/\/adl-regalosempresa.com\/tiendaonline\/articulos\/merchandising\/gorro-para-personalizar-con-logo-6\/"]}]},{"@type":"ImageObject","inLanguage":"es","@id":"https:\/\/adl-regalosempresa.com\/tiendaonline\/articulos\/merchandising\/gorro-para-personalizar-con-logo-6\/#primaryimage","url":"https:\/\/adl-regalosempresa.com\/tiendaonline\/wp-content\/uploads\/2025\/08\/11107121.jpg","contentUrl":"https:\/\/adl-regalosempresa.com\/tiendaonline\/wp-content\/uploads\/2025\/08\/11107121.jpg","width":1600,"height":1600,"caption":"Gorro \"Izu\""},{"@type":"BreadcrumbList","@id":"https:\/\/adl-regalosempresa.com\/tiendaonline\/articulos\/merchandising\/gorro-para-personalizar-con-logo-6\/#breadcrumb","itemListElement":[{"@type":"ListItem","position":1,"name":"Portada","item":"https:\/\/adl-regalosempresa.com\/tiendaonline\/"},{"@type":"ListItem","position":2,"name":"Tienda","item":"https:\/\/adl-regalosempresa.com\/tiendaonline\/tienda\/"},{"@type":"ListItem","position":3,"name":"Gorro para personalizar con logo"}]},{"@type":"WebSite","@id":"https:\/\/adl-regalosempresa.com\/tiendaonline\/#website","url":"https:\/\/adl-regalosempresa.com\/tiendaonline\/","name":"ADL Comunicaci\u00f3n","description":"Regalos de empresa","publisher":{"@id":"https:\/\/adl-regalosempresa.com\/tiendaonline\/#organization"},"potentialAction":[{"@type":"SearchAction","target":{"@type":"EntryPoint","urlTemplate":"https:\/\/adl-regalosempresa.com\/tiendaonline\/?s={search_term_string}"},"query-input":{"@type":"PropertyValueSpecification","valueRequired":true,"valueName":"search_term_string"}}],"inLanguage":"es"},{"@type":"Organization","@id":"https:\/\/adl-regalosempresa.com\/tiendaonline\/#organization","name":"ADL Comunicaci\u00f3n","url":"https:\/\/adl-regalosempresa.com\/tiendaonline\/","logo":{"@type":"ImageObject","inLanguage":"es","@id":"https:\/\/adl-regalosempresa.com\/tiendaonline\/#\/schema\/logo\/image\/","url":"https:\/\/adl-regalosempresa.com\/tiendaonline\/wp-content\/uploads\/2017\/09\/logo-adl-wp.png","contentUrl":"https:\/\/adl-regalosempresa.com\/tiendaonline\/wp-content\/uploads\/2017\/09\/logo-adl-wp.png","width":407,"height":185,"caption":"ADL Comunicaci\u00f3n"},"image":{"@id":"https:\/\/adl-regalosempresa.com\/tiendaonline\/#\/schema\/logo\/image\/"}}]}},"_links":{"self":[{"href":"https:\/\/adl-regalosempresa.com\/tiendaonline\/wp-json\/wp\/v2\/product\/142521","targetHints":{"allow":["GET"]}}],"collection":[{"href":"https:\/\/adl-regalosempresa.com\/tiendaonline\/wp-json\/wp\/v2\/product"}],"about":[{"href":"https:\/\/adl-regalosempresa.com\/tiendaonline\/wp-json\/wp\/v2\/types\/product"}],"wp:featuredmedia":[{"embeddable":true,"href":"https:\/\/adl-regalosempresa.com\/tiendaonline\/wp-json\/wp\/v2\/media\/142523"}],"wp:attachment":[{"href":"https:\/\/adl-regalosempresa.com\/tiendaonline\/wp-json\/wp\/v2\/media?parent=142521"}],"wp:term":[{"taxonomy":"product_brand","embeddable":true,"href":"https:\/\/adl-regalosempresa.com\/tiendaonline\/wp-json\/wp\/v2\/product_brand?post=142521"},{"taxonomy":"product_cat","embeddable":true,"href":"https:\/\/adl-regalosempresa.com\/tiendaonline\/wp-json\/wp\/v2\/product_cat?post=142521"},{"taxonomy":"product_tag","embeddable":true,"href":"https:\/\/adl-regalosempresa.com\/tiendaonline\/wp-json\/wp\/v2\/product_tag?post=142521"}],"curies":[{"name":"wp","href":"https:\/\/api.w.org\/{rel}","templated":true}]}}