{"id":142436,"date":"2026-03-24T07:36:24","date_gmt":"2026-03-24T07:36:24","guid":{"rendered":"https:\/\/adl-regalosempresa.com\/tiendaonline\/articulos\/merchandising\/botiquin-de-primera-calidad-para-personalizar-con-logo\/"},"modified":"2026-03-24T07:40:32","modified_gmt":"2026-03-24T07:40:32","slug":"botiquin-de-primera-calidad-para-personalizar-con-logo","status":"publish","type":"product","link":"https:\/\/adl-regalosempresa.com\/tiendaonline\/articulos\/merchandising\/botiquin-de-primera-calidad-para-personalizar-con-logo\/","title":{"rendered":"Botiqu\u00edn de primera calidad  para personalizar con logo"},"content":{"rendered":"<p>Botiqu\u00edn de primeros auxilios \u00abMDR\u00bb 2.\u00aa clase. El envase de nylon contiene 102 piezas de material de primeros auxilios con una vida \u00fatil de 5 a\u00f1os, como el siguiente: 40 tiritas resistentes al agua, 20 tiritas, 10 imperdibles, 10 toallitas de NaCI al 0,9\u00a0%, 2 tiritas para ampollas, 2 ap\u00f3sitos de primeros auxilios, 2 bastoncillos, 2 unidades de suero fisiol\u00f3gico est\u00e9ril, 2 gasas para quemaduras, 1 venda el\u00e1stica, 1 par de guantes desechables, 1 venda triangular, 1 tijera peque\u00f1a para vendas, 1 pinza met\u00e1lica, 1 manta de emergencia, 1 bolsa de hielo, 1 s\u00e1bana respiratoria, 1 ap\u00f3sito para quemaduras con gel hidratante, 1 tira de cierre cut\u00e1neo, 1 esparadrapo m\u00e9dico y 1 manual de instrucciones.<\/p>\n","protected":false},"excerpt":{"rendered":"<p><strong>Descuentos por cantidades<\/strong><br \/>&#8211; a partir de 100 unidades: 25,64 \u20ac\/ud<br \/>&#8211; a partir de 250 unidades: 24,12 \u20ac\/ud<br \/>&#8211; a partir de 500 unidades: 22,83 \u20ac\/ud<\/p>\n<p>Para cantidades superiores a las aqu\u00ed indicadas, no dudes en ponerte en contacto con nuestro departamento comercial o <a href='https:\/\/adl-regalosempresa.com\/tiendaonline\/solicitud-presupuesto\/'>pedirnos presupuesto personalizado<\/a>, ajustaremos el presupuesto a tus necesidades.<\/p>\n","protected":false},"featured_media":142438,"template":"","meta":{"_kad_post_transparent":"","_kad_post_title":"","_kad_post_layout":"","_kad_post_sidebar_id":"","_kad_post_content_style":"","_kad_post_vertical_padding":"","_kad_post_feature":"","_kad_post_feature_position":"","_kad_post_header":false,"_kad_post_footer":false,"_kad_post_classname":""},"product_brand":[],"product_cat":[4130,4129],"product_tag":[],"class_list":{"0":"post-142436","1":"product","2":"type-product","3":"status-publish","4":"has-post-thumbnail","6":"product_cat-kits-de-primeros-auxilios","7":"product_cat-salud-y-cuidado-personal","8":"pa_alto-26-cm","9":"pa_ancho-85-cm","10":"pa_color-rojo","11":"pa_color-simple-rojo","12":"pa_largo-22-cm","13":"pa_marca-graid","14":"pa_material-poliester","15":"pa_peso-755-gr","17":"first","18":"instock","19":"taxable","20":"shipping-taxable","21":"purchasable","22":"product-type-variable","23":"entry","24":"content-bg","25":"loop-entry"},"yoast_head":"<!-- This site is optimized with the Yoast SEO plugin v26.3 - https:\/\/yoast.com\/wordpress\/plugins\/seo\/ -->\n<title>Merchandising Botiqu\u00edn de primera calidad para personalizar con logo - ADL<\/title>\n<meta name=\"description\" content=\"Art\u00edculo de merchandising Botiqu\u00edn de primera calidad &quot;Graid&quot;. Botiqu\u00edn de primeros auxilios &quot;MDR&quot; 2.\u00aa clase. El envase de nylon contiene 102 piezas de material de primeros auxilios con una vida \u00fatil de 5 a\u00f1os, como el siguiente: 40 tiritas resistentes al agua, 20 tiritas, 10 imperdibles, 10 toallitas de NaCI al 0,9\u00a0%, 2 tiritas para ampollas, 2 ap\u00f3sitos de primeros auxilios, 2 bastoncillos, 2 unidades de suero fisiol\u00f3gico est\u00e9ril, 2 gasas para quemaduras, 1 venda el\u00e1stica, 1 par de guantes desechables, 1 venda triangular, 1 tijera peque\u00f1a para vendas, 1 pinza met\u00e1lica, 1 manta de emergencia, 1 bolsa de hielo, 1 s\u00e1bana respiratoria, 1 ap\u00f3sito para quemaduras con gel hidratante, 1 tira de cierre cut\u00e1neo, 1 esparadrapo m\u00e9dico y 1 manual de instrucciones.\" \/>\n<meta name=\"robots\" content=\"index, follow, max-snippet:-1, max-image-preview:large, max-video-preview:-1\" \/>\n<link rel=\"canonical\" href=\"https:\/\/adl-regalosempresa.com\/tiendaonline\/articulos\/merchandising\/botiquin-de-primera-calidad-para-personalizar-con-logo\/\" \/>\n<meta property=\"og:locale\" content=\"es_ES\" \/>\n<meta property=\"og:type\" content=\"article\" \/>\n<meta property=\"og:title\" content=\"Merchandising Botiqu\u00edn de primera calidad para personalizar con logo - ADL\" \/>\n<meta property=\"og:description\" content=\"Art\u00edculo de merchandising Botiqu\u00edn de primera calidad &quot;Graid&quot;. Botiqu\u00edn de primeros auxilios &quot;MDR&quot; 2.\u00aa clase. El envase de nylon contiene 102 piezas de material de primeros auxilios con una vida \u00fatil de 5 a\u00f1os, como el siguiente: 40 tiritas resistentes al agua, 20 tiritas, 10 imperdibles, 10 toallitas de NaCI al 0,9\u00a0%, 2 tiritas para ampollas, 2 ap\u00f3sitos de primeros auxilios, 2 bastoncillos, 2 unidades de suero fisiol\u00f3gico est\u00e9ril, 2 gasas para quemaduras, 1 venda el\u00e1stica, 1 par de guantes desechables, 1 venda triangular, 1 tijera peque\u00f1a para vendas, 1 pinza met\u00e1lica, 1 manta de emergencia, 1 bolsa de hielo, 1 s\u00e1bana respiratoria, 1 ap\u00f3sito para quemaduras con gel hidratante, 1 tira de cierre cut\u00e1neo, 1 esparadrapo m\u00e9dico y 1 manual de instrucciones.\" \/>\n<meta property=\"og:url\" content=\"https:\/\/adl-regalosempresa.com\/tiendaonline\/articulos\/merchandising\/botiquin-de-primera-calidad-para-personalizar-con-logo\/\" \/>\n<meta property=\"og:site_name\" content=\"ADL Comunicaci\u00f3n\" \/>\n<meta property=\"article:modified_time\" content=\"2026-03-24T07:40:32+00:00\" \/>\n<meta property=\"og:image\" content=\"https:\/\/adl-regalosempresa.com\/tiendaonline\/wp-content\/uploads\/2025\/08\/1Z028121.jpg\" \/>\n\t<meta property=\"og:image:width\" content=\"1600\" \/>\n\t<meta property=\"og:image:height\" content=\"1600\" \/>\n\t<meta property=\"og:image:type\" content=\"image\/jpeg\" \/>\n<meta name=\"twitter:card\" content=\"summary_large_image\" \/>\n<meta name=\"twitter:title\" content=\"Merchandising Botiqu\u00edn de primera calidad para personalizar con logo - ADL\" \/>\n<meta name=\"twitter:label1\" content=\"Tiempo de lectura\" \/>\n\t<meta name=\"twitter:data1\" content=\"1 minuto\" \/>\n<script type=\"application\/ld+json\" class=\"yoast-schema-graph\">{\"@context\":\"https:\/\/schema.org\",\"@graph\":[{\"@type\":\"WebPage\",\"@id\":\"https:\/\/adl-regalosempresa.com\/tiendaonline\/articulos\/merchandising\/botiquin-de-primera-calidad-para-personalizar-con-logo\/\",\"url\":\"https:\/\/adl-regalosempresa.com\/tiendaonline\/articulos\/merchandising\/botiquin-de-primera-calidad-para-personalizar-con-logo\/\",\"name\":\"Merchandising Botiqu\u00edn de primera calidad para personalizar con logo - ADL\",\"isPartOf\":{\"@id\":\"https:\/\/adl-regalosempresa.com\/tiendaonline\/#website\"},\"primaryImageOfPage\":{\"@id\":\"https:\/\/adl-regalosempresa.com\/tiendaonline\/articulos\/merchandising\/botiquin-de-primera-calidad-para-personalizar-con-logo\/#primaryimage\"},\"image\":{\"@id\":\"https:\/\/adl-regalosempresa.com\/tiendaonline\/articulos\/merchandising\/botiquin-de-primera-calidad-para-personalizar-con-logo\/#primaryimage\"},\"thumbnailUrl\":\"https:\/\/adl-regalosempresa.com\/tiendaonline\/wp-content\/uploads\/2025\/08\/1Z028121.jpg\",\"datePublished\":\"2026-03-24T07:36:24+00:00\",\"dateModified\":\"2026-03-24T07:40:32+00:00\",\"description\":\"Art\u00edculo de merchandising Botiqu\u00edn de primera calidad \\\"Graid\\\". Botiqu\u00edn de primeros auxilios \\\"MDR\\\" 2.\u00aa clase. El envase de nylon contiene 102 piezas de material de primeros auxilios con una vida \u00fatil de 5 a\u00f1os, como el siguiente: 40 tiritas resistentes al agua, 20 tiritas, 10 imperdibles, 10 toallitas de NaCI al 0,9\u00a0%, 2 tiritas para ampollas, 2 ap\u00f3sitos de primeros auxilios, 2 bastoncillos, 2 unidades de suero fisiol\u00f3gico est\u00e9ril, 2 gasas para quemaduras, 1 venda el\u00e1stica, 1 par de guantes desechables, 1 venda triangular, 1 tijera peque\u00f1a para vendas, 1 pinza met\u00e1lica, 1 manta de emergencia, 1 bolsa de hielo, 1 s\u00e1bana respiratoria, 1 ap\u00f3sito para quemaduras con gel hidratante, 1 tira de cierre cut\u00e1neo, 1 esparadrapo m\u00e9dico y 1 manual de instrucciones.\",\"breadcrumb\":{\"@id\":\"https:\/\/adl-regalosempresa.com\/tiendaonline\/articulos\/merchandising\/botiquin-de-primera-calidad-para-personalizar-con-logo\/#breadcrumb\"},\"inLanguage\":\"es\",\"potentialAction\":[{\"@type\":\"ReadAction\",\"target\":[\"https:\/\/adl-regalosempresa.com\/tiendaonline\/articulos\/merchandising\/botiquin-de-primera-calidad-para-personalizar-con-logo\/\"]}]},{\"@type\":\"ImageObject\",\"inLanguage\":\"es\",\"@id\":\"https:\/\/adl-regalosempresa.com\/tiendaonline\/articulos\/merchandising\/botiquin-de-primera-calidad-para-personalizar-con-logo\/#primaryimage\",\"url\":\"https:\/\/adl-regalosempresa.com\/tiendaonline\/wp-content\/uploads\/2025\/08\/1Z028121.jpg\",\"contentUrl\":\"https:\/\/adl-regalosempresa.com\/tiendaonline\/wp-content\/uploads\/2025\/08\/1Z028121.jpg\",\"width\":1600,\"height\":1600,\"caption\":\"Botiqu\u00edn de primera calidad \\\"Graid\\\"\"},{\"@type\":\"BreadcrumbList\",\"@id\":\"https:\/\/adl-regalosempresa.com\/tiendaonline\/articulos\/merchandising\/botiquin-de-primera-calidad-para-personalizar-con-logo\/#breadcrumb\",\"itemListElement\":[{\"@type\":\"ListItem\",\"position\":1,\"name\":\"Portada\",\"item\":\"https:\/\/adl-regalosempresa.com\/tiendaonline\/\"},{\"@type\":\"ListItem\",\"position\":2,\"name\":\"Tienda\",\"item\":\"https:\/\/adl-regalosempresa.com\/tiendaonline\/tienda\/\"},{\"@type\":\"ListItem\",\"position\":3,\"name\":\"Botiqu\u00edn de primera calidad para personalizar con logo\"}]},{\"@type\":\"WebSite\",\"@id\":\"https:\/\/adl-regalosempresa.com\/tiendaonline\/#website\",\"url\":\"https:\/\/adl-regalosempresa.com\/tiendaonline\/\",\"name\":\"ADL Comunicaci\u00f3n\",\"description\":\"Regalos de empresa\",\"publisher\":{\"@id\":\"https:\/\/adl-regalosempresa.com\/tiendaonline\/#organization\"},\"potentialAction\":[{\"@type\":\"SearchAction\",\"target\":{\"@type\":\"EntryPoint\",\"urlTemplate\":\"https:\/\/adl-regalosempresa.com\/tiendaonline\/?s={search_term_string}\"},\"query-input\":{\"@type\":\"PropertyValueSpecification\",\"valueRequired\":true,\"valueName\":\"search_term_string\"}}],\"inLanguage\":\"es\"},{\"@type\":\"Organization\",\"@id\":\"https:\/\/adl-regalosempresa.com\/tiendaonline\/#organization\",\"name\":\"ADL Comunicaci\u00f3n\",\"url\":\"https:\/\/adl-regalosempresa.com\/tiendaonline\/\",\"logo\":{\"@type\":\"ImageObject\",\"inLanguage\":\"es\",\"@id\":\"https:\/\/adl-regalosempresa.com\/tiendaonline\/#\/schema\/logo\/image\/\",\"url\":\"https:\/\/adl-regalosempresa.com\/tiendaonline\/wp-content\/uploads\/2017\/09\/logo-adl-wp.png\",\"contentUrl\":\"https:\/\/adl-regalosempresa.com\/tiendaonline\/wp-content\/uploads\/2017\/09\/logo-adl-wp.png\",\"width\":407,\"height\":185,\"caption\":\"ADL Comunicaci\u00f3n\"},\"image\":{\"@id\":\"https:\/\/adl-regalosempresa.com\/tiendaonline\/#\/schema\/logo\/image\/\"}}]}<\/script>\n<!-- \/ Yoast SEO plugin. -->","yoast_head_json":{"title":"Merchandising Botiqu\u00edn de primera calidad para personalizar con logo - ADL","description":"Art\u00edculo de merchandising Botiqu\u00edn de primera calidad \"Graid\". Botiqu\u00edn de primeros auxilios \"MDR\" 2.\u00aa clase. El envase de nylon contiene 102 piezas de material de primeros auxilios con una vida \u00fatil de 5 a\u00f1os, como el siguiente: 40 tiritas resistentes al agua, 20 tiritas, 10 imperdibles, 10 toallitas de NaCI al 0,9\u00a0%, 2 tiritas para ampollas, 2 ap\u00f3sitos de primeros auxilios, 2 bastoncillos, 2 unidades de suero fisiol\u00f3gico est\u00e9ril, 2 gasas para quemaduras, 1 venda el\u00e1stica, 1 par de guantes desechables, 1 venda triangular, 1 tijera peque\u00f1a para vendas, 1 pinza met\u00e1lica, 1 manta de emergencia, 1 bolsa de hielo, 1 s\u00e1bana respiratoria, 1 ap\u00f3sito para quemaduras con gel hidratante, 1 tira de cierre cut\u00e1neo, 1 esparadrapo m\u00e9dico y 1 manual de instrucciones.","robots":{"index":"index","follow":"follow","max-snippet":"max-snippet:-1","max-image-preview":"max-image-preview:large","max-video-preview":"max-video-preview:-1"},"canonical":"https:\/\/adl-regalosempresa.com\/tiendaonline\/articulos\/merchandising\/botiquin-de-primera-calidad-para-personalizar-con-logo\/","og_locale":"es_ES","og_type":"article","og_title":"Merchandising Botiqu\u00edn de primera calidad para personalizar con logo - ADL","og_description":"Art\u00edculo de merchandising Botiqu\u00edn de primera calidad \"Graid\". Botiqu\u00edn de primeros auxilios \"MDR\" 2.\u00aa clase. El envase de nylon contiene 102 piezas de material de primeros auxilios con una vida \u00fatil de 5 a\u00f1os, como el siguiente: 40 tiritas resistentes al agua, 20 tiritas, 10 imperdibles, 10 toallitas de NaCI al 0,9\u00a0%, 2 tiritas para ampollas, 2 ap\u00f3sitos de primeros auxilios, 2 bastoncillos, 2 unidades de suero fisiol\u00f3gico est\u00e9ril, 2 gasas para quemaduras, 1 venda el\u00e1stica, 1 par de guantes desechables, 1 venda triangular, 1 tijera peque\u00f1a para vendas, 1 pinza met\u00e1lica, 1 manta de emergencia, 1 bolsa de hielo, 1 s\u00e1bana respiratoria, 1 ap\u00f3sito para quemaduras con gel hidratante, 1 tira de cierre cut\u00e1neo, 1 esparadrapo m\u00e9dico y 1 manual de instrucciones.","og_url":"https:\/\/adl-regalosempresa.com\/tiendaonline\/articulos\/merchandising\/botiquin-de-primera-calidad-para-personalizar-con-logo\/","og_site_name":"ADL Comunicaci\u00f3n","article_modified_time":"2026-03-24T07:40:32+00:00","og_image":[{"width":1600,"height":1600,"url":"https:\/\/adl-regalosempresa.com\/tiendaonline\/wp-content\/uploads\/2025\/08\/1Z028121.jpg","type":"image\/jpeg"}],"twitter_card":"summary_large_image","twitter_title":"Merchandising Botiqu\u00edn de primera calidad para personalizar con logo - ADL","twitter_misc":{"Tiempo de lectura":"1 minuto"},"schema":{"@context":"https:\/\/schema.org","@graph":[{"@type":"WebPage","@id":"https:\/\/adl-regalosempresa.com\/tiendaonline\/articulos\/merchandising\/botiquin-de-primera-calidad-para-personalizar-con-logo\/","url":"https:\/\/adl-regalosempresa.com\/tiendaonline\/articulos\/merchandising\/botiquin-de-primera-calidad-para-personalizar-con-logo\/","name":"Merchandising Botiqu\u00edn de primera calidad para personalizar con logo - ADL","isPartOf":{"@id":"https:\/\/adl-regalosempresa.com\/tiendaonline\/#website"},"primaryImageOfPage":{"@id":"https:\/\/adl-regalosempresa.com\/tiendaonline\/articulos\/merchandising\/botiquin-de-primera-calidad-para-personalizar-con-logo\/#primaryimage"},"image":{"@id":"https:\/\/adl-regalosempresa.com\/tiendaonline\/articulos\/merchandising\/botiquin-de-primera-calidad-para-personalizar-con-logo\/#primaryimage"},"thumbnailUrl":"https:\/\/adl-regalosempresa.com\/tiendaonline\/wp-content\/uploads\/2025\/08\/1Z028121.jpg","datePublished":"2026-03-24T07:36:24+00:00","dateModified":"2026-03-24T07:40:32+00:00","description":"Art\u00edculo de merchandising Botiqu\u00edn de primera calidad \"Graid\". Botiqu\u00edn de primeros auxilios \"MDR\" 2.\u00aa clase. El envase de nylon contiene 102 piezas de material de primeros auxilios con una vida \u00fatil de 5 a\u00f1os, como el siguiente: 40 tiritas resistentes al agua, 20 tiritas, 10 imperdibles, 10 toallitas de NaCI al 0,9\u00a0%, 2 tiritas para ampollas, 2 ap\u00f3sitos de primeros auxilios, 2 bastoncillos, 2 unidades de suero fisiol\u00f3gico est\u00e9ril, 2 gasas para quemaduras, 1 venda el\u00e1stica, 1 par de guantes desechables, 1 venda triangular, 1 tijera peque\u00f1a para vendas, 1 pinza met\u00e1lica, 1 manta de emergencia, 1 bolsa de hielo, 1 s\u00e1bana respiratoria, 1 ap\u00f3sito para quemaduras con gel hidratante, 1 tira de cierre cut\u00e1neo, 1 esparadrapo m\u00e9dico y 1 manual de instrucciones.","breadcrumb":{"@id":"https:\/\/adl-regalosempresa.com\/tiendaonline\/articulos\/merchandising\/botiquin-de-primera-calidad-para-personalizar-con-logo\/#breadcrumb"},"inLanguage":"es","potentialAction":[{"@type":"ReadAction","target":["https:\/\/adl-regalosempresa.com\/tiendaonline\/articulos\/merchandising\/botiquin-de-primera-calidad-para-personalizar-con-logo\/"]}]},{"@type":"ImageObject","inLanguage":"es","@id":"https:\/\/adl-regalosempresa.com\/tiendaonline\/articulos\/merchandising\/botiquin-de-primera-calidad-para-personalizar-con-logo\/#primaryimage","url":"https:\/\/adl-regalosempresa.com\/tiendaonline\/wp-content\/uploads\/2025\/08\/1Z028121.jpg","contentUrl":"https:\/\/adl-regalosempresa.com\/tiendaonline\/wp-content\/uploads\/2025\/08\/1Z028121.jpg","width":1600,"height":1600,"caption":"Botiqu\u00edn de primera calidad \"Graid\""},{"@type":"BreadcrumbList","@id":"https:\/\/adl-regalosempresa.com\/tiendaonline\/articulos\/merchandising\/botiquin-de-primera-calidad-para-personalizar-con-logo\/#breadcrumb","itemListElement":[{"@type":"ListItem","position":1,"name":"Portada","item":"https:\/\/adl-regalosempresa.com\/tiendaonline\/"},{"@type":"ListItem","position":2,"name":"Tienda","item":"https:\/\/adl-regalosempresa.com\/tiendaonline\/tienda\/"},{"@type":"ListItem","position":3,"name":"Botiqu\u00edn de primera calidad para personalizar con logo"}]},{"@type":"WebSite","@id":"https:\/\/adl-regalosempresa.com\/tiendaonline\/#website","url":"https:\/\/adl-regalosempresa.com\/tiendaonline\/","name":"ADL Comunicaci\u00f3n","description":"Regalos de empresa","publisher":{"@id":"https:\/\/adl-regalosempresa.com\/tiendaonline\/#organization"},"potentialAction":[{"@type":"SearchAction","target":{"@type":"EntryPoint","urlTemplate":"https:\/\/adl-regalosempresa.com\/tiendaonline\/?s={search_term_string}"},"query-input":{"@type":"PropertyValueSpecification","valueRequired":true,"valueName":"search_term_string"}}],"inLanguage":"es"},{"@type":"Organization","@id":"https:\/\/adl-regalosempresa.com\/tiendaonline\/#organization","name":"ADL Comunicaci\u00f3n","url":"https:\/\/adl-regalosempresa.com\/tiendaonline\/","logo":{"@type":"ImageObject","inLanguage":"es","@id":"https:\/\/adl-regalosempresa.com\/tiendaonline\/#\/schema\/logo\/image\/","url":"https:\/\/adl-regalosempresa.com\/tiendaonline\/wp-content\/uploads\/2017\/09\/logo-adl-wp.png","contentUrl":"https:\/\/adl-regalosempresa.com\/tiendaonline\/wp-content\/uploads\/2017\/09\/logo-adl-wp.png","width":407,"height":185,"caption":"ADL Comunicaci\u00f3n"},"image":{"@id":"https:\/\/adl-regalosempresa.com\/tiendaonline\/#\/schema\/logo\/image\/"}}]}},"_links":{"self":[{"href":"https:\/\/adl-regalosempresa.com\/tiendaonline\/wp-json\/wp\/v2\/product\/142436","targetHints":{"allow":["GET"]}}],"collection":[{"href":"https:\/\/adl-regalosempresa.com\/tiendaonline\/wp-json\/wp\/v2\/product"}],"about":[{"href":"https:\/\/adl-regalosempresa.com\/tiendaonline\/wp-json\/wp\/v2\/types\/product"}],"wp:featuredmedia":[{"embeddable":true,"href":"https:\/\/adl-regalosempresa.com\/tiendaonline\/wp-json\/wp\/v2\/media\/142438"}],"wp:attachment":[{"href":"https:\/\/adl-regalosempresa.com\/tiendaonline\/wp-json\/wp\/v2\/media?parent=142436"}],"wp:term":[{"taxonomy":"product_brand","embeddable":true,"href":"https:\/\/adl-regalosempresa.com\/tiendaonline\/wp-json\/wp\/v2\/product_brand?post=142436"},{"taxonomy":"product_cat","embeddable":true,"href":"https:\/\/adl-regalosempresa.com\/tiendaonline\/wp-json\/wp\/v2\/product_cat?post=142436"},{"taxonomy":"product_tag","embeddable":true,"href":"https:\/\/adl-regalosempresa.com\/tiendaonline\/wp-json\/wp\/v2\/product_tag?post=142436"}],"curies":[{"name":"wp","href":"https:\/\/api.w.org\/{rel}","templated":true}]}}