{"id":142000,"date":"2026-01-16T05:39:56","date_gmt":"2026-01-16T05:39:56","guid":{"rendered":"https:\/\/adl-regalosempresa.com\/tiendaonline\/articulos\/merchandising\/mochila-para-personalizar-con-logo-7\/"},"modified":"2026-04-30T06:16:30","modified_gmt":"2026-04-30T06:16:30","slug":"mochila-para-personalizar-con-logo-7","status":"publish","type":"product","link":"https:\/\/adl-regalosempresa.com\/tiendaonline\/articulos\/merchandising\/mochila-para-personalizar-con-logo-7\/","title":{"rendered":"Mochila  para personalizar con logo"},"content":{"rendered":"<p>La mochila \u00abClassic Pro\u00bb tiene correas acolchadas ajustables con hebillas deslizantes de sujeci\u00f3n. Tambi\u00e9n cuenta con m\u00faltiples opciones de bolsillos en el interior. Un bolsillo para notas en las que guardar ideas, 1\u00a0bolsillo seguro con cremallera y 1\u00a0organizador con 2\u00a0portabol\u00edgrafos y 1\u00a0tarjetero. Tambi\u00e9n se puede guardar de forma segura un dispositivo electr\u00f3nico de hasta 15&#8243;.<\/p>\n","protected":false},"excerpt":{"rendered":"<p><strong>Descuentos por cantidades<\/strong><br \/>&#8211; a partir de 25 unidades: 207,98 \u20ac\/ud<br \/>&#8211; a partir de 50 unidades: 203,81 \u20ac\/ud<br \/>&#8211; a partir de 100 unidades: 201,77 \u20ac\/ud<\/p>\n<p>Para cantidades superiores a las aqu\u00ed indicadas, no dudes en ponerte en contacto con nuestro departamento comercial o <a href='https:\/\/adl-regalosempresa.com\/tiendaonline\/solicitud-presupuesto\/'>pedirnos presupuesto personalizado<\/a>, ajustaremos el presupuesto a tus necesidades.<\/p>\n","protected":false},"featured_media":142002,"template":"","meta":{"_kad_post_transparent":"","_kad_post_title":"","_kad_post_layout":"","_kad_post_sidebar_id":"","_kad_post_content_style":"","_kad_post_vertical_padding":"","_kad_post_feature":"","_kad_post_feature_position":"","_kad_post_header":false,"_kad_post_footer":false,"_kad_post_classname":""},"product_brand":[],"product_cat":[3526,4808],"product_tag":[],"class_list":{"0":"post-142000","1":"product","2":"type-product","3":"status-publish","4":"has-post-thumbnail","6":"product_cat-bolsas","7":"product_cat-mochilas","8":"pa_alto-41-cm","9":"pa_ancho-14-cm","10":"pa_color-negro-intenso","11":"pa_color-simple-negro-intenso","12":"pa_largo-33-cm","13":"pa_marca-moleskine","14":"pa_material-simil-piel-pu","15":"pa_peso-982-gr","17":"first","18":"outofstock","19":"taxable","20":"shipping-taxable","21":"product-type-variable","22":"entry","23":"content-bg","24":"loop-entry"},"yoast_head":"<!-- This site is optimized with the Yoast SEO plugin v26.3 - https:\/\/yoast.com\/wordpress\/plugins\/seo\/ -->\n<title>Merchandising Mochila para personalizar con logo - ADL<\/title>\n<meta name=\"description\" content=\"Art\u00edculo de merchandising Mochila &quot;Moleskine Classic Pro&quot;. La mochila &quot;Classic Pro&quot; tiene correas acolchadas ajustables con hebillas deslizantes de sujeci\u00f3n. Tambi\u00e9n cuenta con m\u00faltiples opciones de bolsillos en el interior. Un bolsillo para notas en las que guardar ideas, 1\u00a0bolsillo seguro con cremallera y 1\u00a0organizador con 2\u00a0portabol\u00edgrafos y 1\u00a0tarjetero. Tambi\u00e9n se puede guardar de forma segura un dispositivo electr\u00f3nico de hasta 15&quot;.\" \/>\n<meta name=\"robots\" content=\"index, follow, max-snippet:-1, max-image-preview:large, max-video-preview:-1\" \/>\n<link rel=\"canonical\" href=\"https:\/\/adl-regalosempresa.com\/tiendaonline\/articulos\/merchandising\/mochila-para-personalizar-con-logo-7\/\" \/>\n<meta property=\"og:locale\" content=\"es_ES\" \/>\n<meta property=\"og:type\" content=\"article\" \/>\n<meta property=\"og:title\" content=\"Merchandising Mochila para personalizar con logo - ADL\" \/>\n<meta property=\"og:description\" content=\"Art\u00edculo de merchandising Mochila &quot;Moleskine Classic Pro&quot;. La mochila &quot;Classic Pro&quot; tiene correas acolchadas ajustables con hebillas deslizantes de sujeci\u00f3n. Tambi\u00e9n cuenta con m\u00faltiples opciones de bolsillos en el interior. Un bolsillo para notas en las que guardar ideas, 1\u00a0bolsillo seguro con cremallera y 1\u00a0organizador con 2\u00a0portabol\u00edgrafos y 1\u00a0tarjetero. Tambi\u00e9n se puede guardar de forma segura un dispositivo electr\u00f3nico de hasta 15&quot;.\" \/>\n<meta property=\"og:url\" content=\"https:\/\/adl-regalosempresa.com\/tiendaonline\/articulos\/merchandising\/mochila-para-personalizar-con-logo-7\/\" \/>\n<meta property=\"og:site_name\" content=\"ADL Comunicaci\u00f3n\" \/>\n<meta property=\"article:modified_time\" content=\"2026-04-30T06:16:30+00:00\" \/>\n<meta property=\"og:image\" content=\"https:\/\/adl-regalosempresa.com\/tiendaonline\/wp-content\/uploads\/2025\/06\/13007190.jpg\" \/>\n\t<meta property=\"og:image:width\" content=\"1600\" \/>\n\t<meta property=\"og:image:height\" content=\"1600\" \/>\n\t<meta property=\"og:image:type\" content=\"image\/jpeg\" \/>\n<meta name=\"twitter:card\" content=\"summary_large_image\" \/>\n<meta name=\"twitter:title\" content=\"Merchandising Mochila para personalizar con logo - ADL\" \/>\n<script type=\"application\/ld+json\" class=\"yoast-schema-graph\">{\"@context\":\"https:\/\/schema.org\",\"@graph\":[{\"@type\":\"WebPage\",\"@id\":\"https:\/\/adl-regalosempresa.com\/tiendaonline\/articulos\/merchandising\/mochila-para-personalizar-con-logo-7\/\",\"url\":\"https:\/\/adl-regalosempresa.com\/tiendaonline\/articulos\/merchandising\/mochila-para-personalizar-con-logo-7\/\",\"name\":\"Merchandising Mochila para personalizar con logo - ADL\",\"isPartOf\":{\"@id\":\"https:\/\/adl-regalosempresa.com\/tiendaonline\/#website\"},\"primaryImageOfPage\":{\"@id\":\"https:\/\/adl-regalosempresa.com\/tiendaonline\/articulos\/merchandising\/mochila-para-personalizar-con-logo-7\/#primaryimage\"},\"image\":{\"@id\":\"https:\/\/adl-regalosempresa.com\/tiendaonline\/articulos\/merchandising\/mochila-para-personalizar-con-logo-7\/#primaryimage\"},\"thumbnailUrl\":\"https:\/\/adl-regalosempresa.com\/tiendaonline\/wp-content\/uploads\/2025\/06\/13007190.jpg\",\"datePublished\":\"2026-01-16T05:39:56+00:00\",\"dateModified\":\"2026-04-30T06:16:30+00:00\",\"description\":\"Art\u00edculo de merchandising Mochila \\\"Moleskine Classic Pro\\\". La mochila \\\"Classic Pro\\\" tiene correas acolchadas ajustables con hebillas deslizantes de sujeci\u00f3n. Tambi\u00e9n cuenta con m\u00faltiples opciones de bolsillos en el interior. Un bolsillo para notas en las que guardar ideas, 1\u00a0bolsillo seguro con cremallera y 1\u00a0organizador con 2\u00a0portabol\u00edgrafos y 1\u00a0tarjetero. Tambi\u00e9n se puede guardar de forma segura un dispositivo electr\u00f3nico de hasta 15\\\".\",\"breadcrumb\":{\"@id\":\"https:\/\/adl-regalosempresa.com\/tiendaonline\/articulos\/merchandising\/mochila-para-personalizar-con-logo-7\/#breadcrumb\"},\"inLanguage\":\"es\",\"potentialAction\":[{\"@type\":\"ReadAction\",\"target\":[\"https:\/\/adl-regalosempresa.com\/tiendaonline\/articulos\/merchandising\/mochila-para-personalizar-con-logo-7\/\"]}]},{\"@type\":\"ImageObject\",\"inLanguage\":\"es\",\"@id\":\"https:\/\/adl-regalosempresa.com\/tiendaonline\/articulos\/merchandising\/mochila-para-personalizar-con-logo-7\/#primaryimage\",\"url\":\"https:\/\/adl-regalosempresa.com\/tiendaonline\/wp-content\/uploads\/2025\/06\/13007190.jpg\",\"contentUrl\":\"https:\/\/adl-regalosempresa.com\/tiendaonline\/wp-content\/uploads\/2025\/06\/13007190.jpg\",\"width\":1600,\"height\":1600,\"caption\":\"Mochila \\\"Moleskine Classic Pro\\\"\"},{\"@type\":\"BreadcrumbList\",\"@id\":\"https:\/\/adl-regalosempresa.com\/tiendaonline\/articulos\/merchandising\/mochila-para-personalizar-con-logo-7\/#breadcrumb\",\"itemListElement\":[{\"@type\":\"ListItem\",\"position\":1,\"name\":\"Portada\",\"item\":\"https:\/\/adl-regalosempresa.com\/tiendaonline\/\"},{\"@type\":\"ListItem\",\"position\":2,\"name\":\"Tienda\",\"item\":\"https:\/\/adl-regalosempresa.com\/tiendaonline\/tienda\/\"},{\"@type\":\"ListItem\",\"position\":3,\"name\":\"Mochila para personalizar con logo\"}]},{\"@type\":\"WebSite\",\"@id\":\"https:\/\/adl-regalosempresa.com\/tiendaonline\/#website\",\"url\":\"https:\/\/adl-regalosempresa.com\/tiendaonline\/\",\"name\":\"ADL Comunicaci\u00f3n\",\"description\":\"Regalos de empresa\",\"publisher\":{\"@id\":\"https:\/\/adl-regalosempresa.com\/tiendaonline\/#organization\"},\"potentialAction\":[{\"@type\":\"SearchAction\",\"target\":{\"@type\":\"EntryPoint\",\"urlTemplate\":\"https:\/\/adl-regalosempresa.com\/tiendaonline\/?s={search_term_string}\"},\"query-input\":{\"@type\":\"PropertyValueSpecification\",\"valueRequired\":true,\"valueName\":\"search_term_string\"}}],\"inLanguage\":\"es\"},{\"@type\":\"Organization\",\"@id\":\"https:\/\/adl-regalosempresa.com\/tiendaonline\/#organization\",\"name\":\"ADL Comunicaci\u00f3n\",\"url\":\"https:\/\/adl-regalosempresa.com\/tiendaonline\/\",\"logo\":{\"@type\":\"ImageObject\",\"inLanguage\":\"es\",\"@id\":\"https:\/\/adl-regalosempresa.com\/tiendaonline\/#\/schema\/logo\/image\/\",\"url\":\"https:\/\/adl-regalosempresa.com\/tiendaonline\/wp-content\/uploads\/2017\/09\/logo-adl-wp.png\",\"contentUrl\":\"https:\/\/adl-regalosempresa.com\/tiendaonline\/wp-content\/uploads\/2017\/09\/logo-adl-wp.png\",\"width\":407,\"height\":185,\"caption\":\"ADL Comunicaci\u00f3n\"},\"image\":{\"@id\":\"https:\/\/adl-regalosempresa.com\/tiendaonline\/#\/schema\/logo\/image\/\"}}]}<\/script>\n<!-- \/ Yoast SEO plugin. -->","yoast_head_json":{"title":"Merchandising Mochila para personalizar con logo - ADL","description":"Art\u00edculo de merchandising Mochila \"Moleskine Classic Pro\". La mochila \"Classic Pro\" tiene correas acolchadas ajustables con hebillas deslizantes de sujeci\u00f3n. Tambi\u00e9n cuenta con m\u00faltiples opciones de bolsillos en el interior. Un bolsillo para notas en las que guardar ideas, 1\u00a0bolsillo seguro con cremallera y 1\u00a0organizador con 2\u00a0portabol\u00edgrafos y 1\u00a0tarjetero. Tambi\u00e9n se puede guardar de forma segura un dispositivo electr\u00f3nico de hasta 15\".","robots":{"index":"index","follow":"follow","max-snippet":"max-snippet:-1","max-image-preview":"max-image-preview:large","max-video-preview":"max-video-preview:-1"},"canonical":"https:\/\/adl-regalosempresa.com\/tiendaonline\/articulos\/merchandising\/mochila-para-personalizar-con-logo-7\/","og_locale":"es_ES","og_type":"article","og_title":"Merchandising Mochila para personalizar con logo - ADL","og_description":"Art\u00edculo de merchandising Mochila \"Moleskine Classic Pro\". La mochila \"Classic Pro\" tiene correas acolchadas ajustables con hebillas deslizantes de sujeci\u00f3n. Tambi\u00e9n cuenta con m\u00faltiples opciones de bolsillos en el interior. Un bolsillo para notas en las que guardar ideas, 1\u00a0bolsillo seguro con cremallera y 1\u00a0organizador con 2\u00a0portabol\u00edgrafos y 1\u00a0tarjetero. Tambi\u00e9n se puede guardar de forma segura un dispositivo electr\u00f3nico de hasta 15\".","og_url":"https:\/\/adl-regalosempresa.com\/tiendaonline\/articulos\/merchandising\/mochila-para-personalizar-con-logo-7\/","og_site_name":"ADL Comunicaci\u00f3n","article_modified_time":"2026-04-30T06:16:30+00:00","og_image":[{"width":1600,"height":1600,"url":"https:\/\/adl-regalosempresa.com\/tiendaonline\/wp-content\/uploads\/2025\/06\/13007190.jpg","type":"image\/jpeg"}],"twitter_card":"summary_large_image","twitter_title":"Merchandising Mochila para personalizar con logo - ADL","schema":{"@context":"https:\/\/schema.org","@graph":[{"@type":"WebPage","@id":"https:\/\/adl-regalosempresa.com\/tiendaonline\/articulos\/merchandising\/mochila-para-personalizar-con-logo-7\/","url":"https:\/\/adl-regalosempresa.com\/tiendaonline\/articulos\/merchandising\/mochila-para-personalizar-con-logo-7\/","name":"Merchandising Mochila para personalizar con logo - ADL","isPartOf":{"@id":"https:\/\/adl-regalosempresa.com\/tiendaonline\/#website"},"primaryImageOfPage":{"@id":"https:\/\/adl-regalosempresa.com\/tiendaonline\/articulos\/merchandising\/mochila-para-personalizar-con-logo-7\/#primaryimage"},"image":{"@id":"https:\/\/adl-regalosempresa.com\/tiendaonline\/articulos\/merchandising\/mochila-para-personalizar-con-logo-7\/#primaryimage"},"thumbnailUrl":"https:\/\/adl-regalosempresa.com\/tiendaonline\/wp-content\/uploads\/2025\/06\/13007190.jpg","datePublished":"2026-01-16T05:39:56+00:00","dateModified":"2026-04-30T06:16:30+00:00","description":"Art\u00edculo de merchandising Mochila \"Moleskine Classic Pro\". La mochila \"Classic Pro\" tiene correas acolchadas ajustables con hebillas deslizantes de sujeci\u00f3n. Tambi\u00e9n cuenta con m\u00faltiples opciones de bolsillos en el interior. Un bolsillo para notas en las que guardar ideas, 1\u00a0bolsillo seguro con cremallera y 1\u00a0organizador con 2\u00a0portabol\u00edgrafos y 1\u00a0tarjetero. Tambi\u00e9n se puede guardar de forma segura un dispositivo electr\u00f3nico de hasta 15\".","breadcrumb":{"@id":"https:\/\/adl-regalosempresa.com\/tiendaonline\/articulos\/merchandising\/mochila-para-personalizar-con-logo-7\/#breadcrumb"},"inLanguage":"es","potentialAction":[{"@type":"ReadAction","target":["https:\/\/adl-regalosempresa.com\/tiendaonline\/articulos\/merchandising\/mochila-para-personalizar-con-logo-7\/"]}]},{"@type":"ImageObject","inLanguage":"es","@id":"https:\/\/adl-regalosempresa.com\/tiendaonline\/articulos\/merchandising\/mochila-para-personalizar-con-logo-7\/#primaryimage","url":"https:\/\/adl-regalosempresa.com\/tiendaonline\/wp-content\/uploads\/2025\/06\/13007190.jpg","contentUrl":"https:\/\/adl-regalosempresa.com\/tiendaonline\/wp-content\/uploads\/2025\/06\/13007190.jpg","width":1600,"height":1600,"caption":"Mochila \"Moleskine Classic Pro\""},{"@type":"BreadcrumbList","@id":"https:\/\/adl-regalosempresa.com\/tiendaonline\/articulos\/merchandising\/mochila-para-personalizar-con-logo-7\/#breadcrumb","itemListElement":[{"@type":"ListItem","position":1,"name":"Portada","item":"https:\/\/adl-regalosempresa.com\/tiendaonline\/"},{"@type":"ListItem","position":2,"name":"Tienda","item":"https:\/\/adl-regalosempresa.com\/tiendaonline\/tienda\/"},{"@type":"ListItem","position":3,"name":"Mochila para personalizar con logo"}]},{"@type":"WebSite","@id":"https:\/\/adl-regalosempresa.com\/tiendaonline\/#website","url":"https:\/\/adl-regalosempresa.com\/tiendaonline\/","name":"ADL Comunicaci\u00f3n","description":"Regalos de empresa","publisher":{"@id":"https:\/\/adl-regalosempresa.com\/tiendaonline\/#organization"},"potentialAction":[{"@type":"SearchAction","target":{"@type":"EntryPoint","urlTemplate":"https:\/\/adl-regalosempresa.com\/tiendaonline\/?s={search_term_string}"},"query-input":{"@type":"PropertyValueSpecification","valueRequired":true,"valueName":"search_term_string"}}],"inLanguage":"es"},{"@type":"Organization","@id":"https:\/\/adl-regalosempresa.com\/tiendaonline\/#organization","name":"ADL Comunicaci\u00f3n","url":"https:\/\/adl-regalosempresa.com\/tiendaonline\/","logo":{"@type":"ImageObject","inLanguage":"es","@id":"https:\/\/adl-regalosempresa.com\/tiendaonline\/#\/schema\/logo\/image\/","url":"https:\/\/adl-regalosempresa.com\/tiendaonline\/wp-content\/uploads\/2017\/09\/logo-adl-wp.png","contentUrl":"https:\/\/adl-regalosempresa.com\/tiendaonline\/wp-content\/uploads\/2017\/09\/logo-adl-wp.png","width":407,"height":185,"caption":"ADL Comunicaci\u00f3n"},"image":{"@id":"https:\/\/adl-regalosempresa.com\/tiendaonline\/#\/schema\/logo\/image\/"}}]}},"_links":{"self":[{"href":"https:\/\/adl-regalosempresa.com\/tiendaonline\/wp-json\/wp\/v2\/product\/142000","targetHints":{"allow":["GET"]}}],"collection":[{"href":"https:\/\/adl-regalosempresa.com\/tiendaonline\/wp-json\/wp\/v2\/product"}],"about":[{"href":"https:\/\/adl-regalosempresa.com\/tiendaonline\/wp-json\/wp\/v2\/types\/product"}],"wp:featuredmedia":[{"embeddable":true,"href":"https:\/\/adl-regalosempresa.com\/tiendaonline\/wp-json\/wp\/v2\/media\/142002"}],"wp:attachment":[{"href":"https:\/\/adl-regalosempresa.com\/tiendaonline\/wp-json\/wp\/v2\/media?parent=142000"}],"wp:term":[{"taxonomy":"product_brand","embeddable":true,"href":"https:\/\/adl-regalosempresa.com\/tiendaonline\/wp-json\/wp\/v2\/product_brand?post=142000"},{"taxonomy":"product_cat","embeddable":true,"href":"https:\/\/adl-regalosempresa.com\/tiendaonline\/wp-json\/wp\/v2\/product_cat?post=142000"},{"taxonomy":"product_tag","embeddable":true,"href":"https:\/\/adl-regalosempresa.com\/tiendaonline\/wp-json\/wp\/v2\/product_tag?post=142000"}],"curies":[{"name":"wp","href":"https:\/\/api.w.org\/{rel}","templated":true}]}}