{"id":141995,"date":"2026-03-28T05:42:36","date_gmt":"2026-03-28T05:42:36","guid":{"rendered":"https:\/\/adl-regalosempresa.com\/tiendaonline\/articulos\/merchandising\/libreta-de-tapa-blanda-l-rayada-para-personalizar-con-logo-3\/"},"modified":"2026-03-28T05:44:06","modified_gmt":"2026-03-28T05:44:06","slug":"libreta-de-tapa-blanda-l-rayada-para-personalizar-con-logo-3","status":"publish","type":"product","link":"https:\/\/adl-regalosempresa.com\/tiendaonline\/articulos\/merchandising\/libreta-de-tapa-blanda-l-rayada-para-personalizar-con-logo-3\/","title":{"rendered":"Libreta de tapa blanda L rayada  para personalizar con logo"},"content":{"rendered":"<p>La libreta grande \u00abVegea Capri\u00bb tiene una tapa blanda vegana con efecto pit\u00f3n y esquinas redondeadas con cierre el\u00e1stico y marcap\u00e1ginas de cinta a juego. La libreta contiene papel de color marfil libre de \u00e1cidos e incluye un bolsillo interior extensible que contiene la historia de \u00abMoleskine\u00bb. Se entrega en una caja de regalo.<\/p>\n","protected":false},"excerpt":{"rendered":"<p><strong>Descuentos por cantidades<\/strong><br \/>&#8211; a partir de 50 unidades: 47,16 \u20ac\/ud<br \/>&#8211; a partir de 100 unidades: 46,22 \u20ac\/ud<br \/>&#8211; a partir de 250 unidades: 45,76 \u20ac\/ud<\/p>\n<p>Para cantidades superiores a las aqu\u00ed indicadas, no dudes en ponerte en contacto con nuestro departamento comercial o <a href='https:\/\/adl-regalosempresa.com\/tiendaonline\/solicitud-presupuesto\/'>pedirnos presupuesto personalizado<\/a>, ajustaremos el presupuesto a tus necesidades.<\/p>\n","protected":false},"featured_media":141997,"template":"","meta":{"_kad_post_transparent":"","_kad_post_title":"","_kad_post_layout":"","_kad_post_sidebar_id":"","_kad_post_content_style":"","_kad_post_vertical_padding":"","_kad_post_feature":"","_kad_post_feature_position":"","_kad_post_header":false,"_kad_post_footer":false,"_kad_post_classname":""},"product_brand":[],"product_cat":[7690,7688],"product_tag":[],"class_list":{"0":"post-141995","1":"product","2":"type-product","3":"status-publish","4":"has-post-thumbnail","6":"product_cat-libretas-de-tapas-blandas-libretas-y-papeleria","7":"product_cat-libretas-y-papeleria","8":"pa_alto-21-cm","9":"pa_ancho-15-cm","10":"pa_color-azul-intermedio","11":"pa_color-naranja","12":"pa_color-simple-azul","13":"pa_color-simple-naranja","14":"pa_largo-13-cm","15":"pa_marca-moleskine","16":"pa_material-papel-certificado-fsc","17":"pa_peso-440-gr","19":"first","20":"instock","21":"taxable","22":"shipping-taxable","23":"purchasable","24":"product-type-variable","25":"entry","26":"content-bg","27":"loop-entry"},"yoast_head":"<!-- This site is optimized with the Yoast SEO plugin v26.3 - https:\/\/yoast.com\/wordpress\/plugins\/seo\/ -->\n<title>Merchandising Libreta de tapa blanda L rayada para personalizar con logo - ADL<\/title>\n<meta name=\"description\" content=\"Art\u00edculo de merchandising Libreta de tapa blanda L rayada &quot;Moleskine Vegea Capri&quot;. La libreta grande &quot;Vegea Capri&quot; tiene una tapa blanda vegana con efecto pit\u00f3n y esquinas redondeadas con cierre el\u00e1stico y marcap\u00e1ginas de cinta a juego. La libreta contiene papel de color marfil libre de \u00e1cidos e incluye un bolsillo interior extensible que contiene la historia de &quot;Moleskine&quot;. Se entrega en una caja de regalo.\" \/>\n<meta name=\"robots\" content=\"index, follow, max-snippet:-1, max-image-preview:large, max-video-preview:-1\" \/>\n<link rel=\"canonical\" href=\"https:\/\/adl-regalosempresa.com\/tiendaonline\/articulos\/merchandising\/libreta-de-tapa-blanda-l-rayada-para-personalizar-con-logo-3\/\" \/>\n<meta property=\"og:locale\" content=\"es_ES\" \/>\n<meta property=\"og:type\" content=\"article\" \/>\n<meta property=\"og:title\" content=\"Merchandising Libreta de tapa blanda L rayada para personalizar con logo - ADL\" \/>\n<meta property=\"og:description\" content=\"Art\u00edculo de merchandising Libreta de tapa blanda L rayada &quot;Moleskine Vegea Capri&quot;. La libreta grande &quot;Vegea Capri&quot; tiene una tapa blanda vegana con efecto pit\u00f3n y esquinas redondeadas con cierre el\u00e1stico y marcap\u00e1ginas de cinta a juego. La libreta contiene papel de color marfil libre de \u00e1cidos e incluye un bolsillo interior extensible que contiene la historia de &quot;Moleskine&quot;. Se entrega en una caja de regalo.\" \/>\n<meta property=\"og:url\" content=\"https:\/\/adl-regalosempresa.com\/tiendaonline\/articulos\/merchandising\/libreta-de-tapa-blanda-l-rayada-para-personalizar-con-logo-3\/\" \/>\n<meta property=\"og:site_name\" content=\"ADL Comunicaci\u00f3n\" \/>\n<meta property=\"article:modified_time\" content=\"2026-03-28T05:44:06+00:00\" \/>\n<meta property=\"og:image\" content=\"https:\/\/adl-regalosempresa.com\/tiendaonline\/wp-content\/uploads\/2025\/06\/10793231.jpg\" \/>\n\t<meta property=\"og:image:width\" content=\"1600\" \/>\n\t<meta property=\"og:image:height\" content=\"1600\" \/>\n\t<meta property=\"og:image:type\" content=\"image\/jpeg\" \/>\n<meta name=\"twitter:card\" content=\"summary_large_image\" \/>\n<meta name=\"twitter:title\" content=\"Merchandising Libreta de tapa blanda L rayada para personalizar con logo - ADL\" \/>\n<script type=\"application\/ld+json\" class=\"yoast-schema-graph\">{\"@context\":\"https:\/\/schema.org\",\"@graph\":[{\"@type\":\"WebPage\",\"@id\":\"https:\/\/adl-regalosempresa.com\/tiendaonline\/articulos\/merchandising\/libreta-de-tapa-blanda-l-rayada-para-personalizar-con-logo-3\/\",\"url\":\"https:\/\/adl-regalosempresa.com\/tiendaonline\/articulos\/merchandising\/libreta-de-tapa-blanda-l-rayada-para-personalizar-con-logo-3\/\",\"name\":\"Merchandising Libreta de tapa blanda L rayada para personalizar con logo - ADL\",\"isPartOf\":{\"@id\":\"https:\/\/adl-regalosempresa.com\/tiendaonline\/#website\"},\"primaryImageOfPage\":{\"@id\":\"https:\/\/adl-regalosempresa.com\/tiendaonline\/articulos\/merchandising\/libreta-de-tapa-blanda-l-rayada-para-personalizar-con-logo-3\/#primaryimage\"},\"image\":{\"@id\":\"https:\/\/adl-regalosempresa.com\/tiendaonline\/articulos\/merchandising\/libreta-de-tapa-blanda-l-rayada-para-personalizar-con-logo-3\/#primaryimage\"},\"thumbnailUrl\":\"https:\/\/adl-regalosempresa.com\/tiendaonline\/wp-content\/uploads\/2025\/06\/10793231.jpg\",\"datePublished\":\"2026-03-28T05:42:36+00:00\",\"dateModified\":\"2026-03-28T05:44:06+00:00\",\"description\":\"Art\u00edculo de merchandising Libreta de tapa blanda L rayada \\\"Moleskine Vegea Capri\\\". La libreta grande \\\"Vegea Capri\\\" tiene una tapa blanda vegana con efecto pit\u00f3n y esquinas redondeadas con cierre el\u00e1stico y marcap\u00e1ginas de cinta a juego. La libreta contiene papel de color marfil libre de \u00e1cidos e incluye un bolsillo interior extensible que contiene la historia de \\\"Moleskine\\\". Se entrega en una caja de regalo.\",\"breadcrumb\":{\"@id\":\"https:\/\/adl-regalosempresa.com\/tiendaonline\/articulos\/merchandising\/libreta-de-tapa-blanda-l-rayada-para-personalizar-con-logo-3\/#breadcrumb\"},\"inLanguage\":\"es\",\"potentialAction\":[{\"@type\":\"ReadAction\",\"target\":[\"https:\/\/adl-regalosempresa.com\/tiendaonline\/articulos\/merchandising\/libreta-de-tapa-blanda-l-rayada-para-personalizar-con-logo-3\/\"]}]},{\"@type\":\"ImageObject\",\"inLanguage\":\"es\",\"@id\":\"https:\/\/adl-regalosempresa.com\/tiendaonline\/articulos\/merchandising\/libreta-de-tapa-blanda-l-rayada-para-personalizar-con-logo-3\/#primaryimage\",\"url\":\"https:\/\/adl-regalosempresa.com\/tiendaonline\/wp-content\/uploads\/2025\/06\/10793231.jpg\",\"contentUrl\":\"https:\/\/adl-regalosempresa.com\/tiendaonline\/wp-content\/uploads\/2025\/06\/10793231.jpg\",\"width\":1600,\"height\":1600,\"caption\":\"Libreta de tapa blanda L rayada \\\"Moleskine Vegea Capri\\\"\"},{\"@type\":\"BreadcrumbList\",\"@id\":\"https:\/\/adl-regalosempresa.com\/tiendaonline\/articulos\/merchandising\/libreta-de-tapa-blanda-l-rayada-para-personalizar-con-logo-3\/#breadcrumb\",\"itemListElement\":[{\"@type\":\"ListItem\",\"position\":1,\"name\":\"Portada\",\"item\":\"https:\/\/adl-regalosempresa.com\/tiendaonline\/\"},{\"@type\":\"ListItem\",\"position\":2,\"name\":\"Tienda\",\"item\":\"https:\/\/adl-regalosempresa.com\/tiendaonline\/tienda\/\"},{\"@type\":\"ListItem\",\"position\":3,\"name\":\"Libreta de tapa blanda L rayada para personalizar con logo\"}]},{\"@type\":\"WebSite\",\"@id\":\"https:\/\/adl-regalosempresa.com\/tiendaonline\/#website\",\"url\":\"https:\/\/adl-regalosempresa.com\/tiendaonline\/\",\"name\":\"ADL Comunicaci\u00f3n\",\"description\":\"Regalos de empresa\",\"publisher\":{\"@id\":\"https:\/\/adl-regalosempresa.com\/tiendaonline\/#organization\"},\"potentialAction\":[{\"@type\":\"SearchAction\",\"target\":{\"@type\":\"EntryPoint\",\"urlTemplate\":\"https:\/\/adl-regalosempresa.com\/tiendaonline\/?s={search_term_string}\"},\"query-input\":{\"@type\":\"PropertyValueSpecification\",\"valueRequired\":true,\"valueName\":\"search_term_string\"}}],\"inLanguage\":\"es\"},{\"@type\":\"Organization\",\"@id\":\"https:\/\/adl-regalosempresa.com\/tiendaonline\/#organization\",\"name\":\"ADL Comunicaci\u00f3n\",\"url\":\"https:\/\/adl-regalosempresa.com\/tiendaonline\/\",\"logo\":{\"@type\":\"ImageObject\",\"inLanguage\":\"es\",\"@id\":\"https:\/\/adl-regalosempresa.com\/tiendaonline\/#\/schema\/logo\/image\/\",\"url\":\"https:\/\/adl-regalosempresa.com\/tiendaonline\/wp-content\/uploads\/2017\/09\/logo-adl-wp.png\",\"contentUrl\":\"https:\/\/adl-regalosempresa.com\/tiendaonline\/wp-content\/uploads\/2017\/09\/logo-adl-wp.png\",\"width\":407,\"height\":185,\"caption\":\"ADL Comunicaci\u00f3n\"},\"image\":{\"@id\":\"https:\/\/adl-regalosempresa.com\/tiendaonline\/#\/schema\/logo\/image\/\"}}]}<\/script>\n<!-- \/ Yoast SEO plugin. -->","yoast_head_json":{"title":"Merchandising Libreta de tapa blanda L rayada para personalizar con logo - ADL","description":"Art\u00edculo de merchandising Libreta de tapa blanda L rayada \"Moleskine Vegea Capri\". La libreta grande \"Vegea Capri\" tiene una tapa blanda vegana con efecto pit\u00f3n y esquinas redondeadas con cierre el\u00e1stico y marcap\u00e1ginas de cinta a juego. La libreta contiene papel de color marfil libre de \u00e1cidos e incluye un bolsillo interior extensible que contiene la historia de \"Moleskine\". Se entrega en una caja de regalo.","robots":{"index":"index","follow":"follow","max-snippet":"max-snippet:-1","max-image-preview":"max-image-preview:large","max-video-preview":"max-video-preview:-1"},"canonical":"https:\/\/adl-regalosempresa.com\/tiendaonline\/articulos\/merchandising\/libreta-de-tapa-blanda-l-rayada-para-personalizar-con-logo-3\/","og_locale":"es_ES","og_type":"article","og_title":"Merchandising Libreta de tapa blanda L rayada para personalizar con logo - ADL","og_description":"Art\u00edculo de merchandising Libreta de tapa blanda L rayada \"Moleskine Vegea Capri\". La libreta grande \"Vegea Capri\" tiene una tapa blanda vegana con efecto pit\u00f3n y esquinas redondeadas con cierre el\u00e1stico y marcap\u00e1ginas de cinta a juego. La libreta contiene papel de color marfil libre de \u00e1cidos e incluye un bolsillo interior extensible que contiene la historia de \"Moleskine\". Se entrega en una caja de regalo.","og_url":"https:\/\/adl-regalosempresa.com\/tiendaonline\/articulos\/merchandising\/libreta-de-tapa-blanda-l-rayada-para-personalizar-con-logo-3\/","og_site_name":"ADL Comunicaci\u00f3n","article_modified_time":"2026-03-28T05:44:06+00:00","og_image":[{"width":1600,"height":1600,"url":"https:\/\/adl-regalosempresa.com\/tiendaonline\/wp-content\/uploads\/2025\/06\/10793231.jpg","type":"image\/jpeg"}],"twitter_card":"summary_large_image","twitter_title":"Merchandising Libreta de tapa blanda L rayada para personalizar con logo - ADL","schema":{"@context":"https:\/\/schema.org","@graph":[{"@type":"WebPage","@id":"https:\/\/adl-regalosempresa.com\/tiendaonline\/articulos\/merchandising\/libreta-de-tapa-blanda-l-rayada-para-personalizar-con-logo-3\/","url":"https:\/\/adl-regalosempresa.com\/tiendaonline\/articulos\/merchandising\/libreta-de-tapa-blanda-l-rayada-para-personalizar-con-logo-3\/","name":"Merchandising Libreta de tapa blanda L rayada para personalizar con logo - ADL","isPartOf":{"@id":"https:\/\/adl-regalosempresa.com\/tiendaonline\/#website"},"primaryImageOfPage":{"@id":"https:\/\/adl-regalosempresa.com\/tiendaonline\/articulos\/merchandising\/libreta-de-tapa-blanda-l-rayada-para-personalizar-con-logo-3\/#primaryimage"},"image":{"@id":"https:\/\/adl-regalosempresa.com\/tiendaonline\/articulos\/merchandising\/libreta-de-tapa-blanda-l-rayada-para-personalizar-con-logo-3\/#primaryimage"},"thumbnailUrl":"https:\/\/adl-regalosempresa.com\/tiendaonline\/wp-content\/uploads\/2025\/06\/10793231.jpg","datePublished":"2026-03-28T05:42:36+00:00","dateModified":"2026-03-28T05:44:06+00:00","description":"Art\u00edculo de merchandising Libreta de tapa blanda L rayada \"Moleskine Vegea Capri\". La libreta grande \"Vegea Capri\" tiene una tapa blanda vegana con efecto pit\u00f3n y esquinas redondeadas con cierre el\u00e1stico y marcap\u00e1ginas de cinta a juego. La libreta contiene papel de color marfil libre de \u00e1cidos e incluye un bolsillo interior extensible que contiene la historia de \"Moleskine\". Se entrega en una caja de regalo.","breadcrumb":{"@id":"https:\/\/adl-regalosempresa.com\/tiendaonline\/articulos\/merchandising\/libreta-de-tapa-blanda-l-rayada-para-personalizar-con-logo-3\/#breadcrumb"},"inLanguage":"es","potentialAction":[{"@type":"ReadAction","target":["https:\/\/adl-regalosempresa.com\/tiendaonline\/articulos\/merchandising\/libreta-de-tapa-blanda-l-rayada-para-personalizar-con-logo-3\/"]}]},{"@type":"ImageObject","inLanguage":"es","@id":"https:\/\/adl-regalosempresa.com\/tiendaonline\/articulos\/merchandising\/libreta-de-tapa-blanda-l-rayada-para-personalizar-con-logo-3\/#primaryimage","url":"https:\/\/adl-regalosempresa.com\/tiendaonline\/wp-content\/uploads\/2025\/06\/10793231.jpg","contentUrl":"https:\/\/adl-regalosempresa.com\/tiendaonline\/wp-content\/uploads\/2025\/06\/10793231.jpg","width":1600,"height":1600,"caption":"Libreta de tapa blanda L rayada \"Moleskine Vegea Capri\""},{"@type":"BreadcrumbList","@id":"https:\/\/adl-regalosempresa.com\/tiendaonline\/articulos\/merchandising\/libreta-de-tapa-blanda-l-rayada-para-personalizar-con-logo-3\/#breadcrumb","itemListElement":[{"@type":"ListItem","position":1,"name":"Portada","item":"https:\/\/adl-regalosempresa.com\/tiendaonline\/"},{"@type":"ListItem","position":2,"name":"Tienda","item":"https:\/\/adl-regalosempresa.com\/tiendaonline\/tienda\/"},{"@type":"ListItem","position":3,"name":"Libreta de tapa blanda L rayada para personalizar con logo"}]},{"@type":"WebSite","@id":"https:\/\/adl-regalosempresa.com\/tiendaonline\/#website","url":"https:\/\/adl-regalosempresa.com\/tiendaonline\/","name":"ADL Comunicaci\u00f3n","description":"Regalos de empresa","publisher":{"@id":"https:\/\/adl-regalosempresa.com\/tiendaonline\/#organization"},"potentialAction":[{"@type":"SearchAction","target":{"@type":"EntryPoint","urlTemplate":"https:\/\/adl-regalosempresa.com\/tiendaonline\/?s={search_term_string}"},"query-input":{"@type":"PropertyValueSpecification","valueRequired":true,"valueName":"search_term_string"}}],"inLanguage":"es"},{"@type":"Organization","@id":"https:\/\/adl-regalosempresa.com\/tiendaonline\/#organization","name":"ADL Comunicaci\u00f3n","url":"https:\/\/adl-regalosempresa.com\/tiendaonline\/","logo":{"@type":"ImageObject","inLanguage":"es","@id":"https:\/\/adl-regalosempresa.com\/tiendaonline\/#\/schema\/logo\/image\/","url":"https:\/\/adl-regalosempresa.com\/tiendaonline\/wp-content\/uploads\/2017\/09\/logo-adl-wp.png","contentUrl":"https:\/\/adl-regalosempresa.com\/tiendaonline\/wp-content\/uploads\/2017\/09\/logo-adl-wp.png","width":407,"height":185,"caption":"ADL Comunicaci\u00f3n"},"image":{"@id":"https:\/\/adl-regalosempresa.com\/tiendaonline\/#\/schema\/logo\/image\/"}}]}},"_links":{"self":[{"href":"https:\/\/adl-regalosempresa.com\/tiendaonline\/wp-json\/wp\/v2\/product\/141995","targetHints":{"allow":["GET"]}}],"collection":[{"href":"https:\/\/adl-regalosempresa.com\/tiendaonline\/wp-json\/wp\/v2\/product"}],"about":[{"href":"https:\/\/adl-regalosempresa.com\/tiendaonline\/wp-json\/wp\/v2\/types\/product"}],"wp:featuredmedia":[{"embeddable":true,"href":"https:\/\/adl-regalosempresa.com\/tiendaonline\/wp-json\/wp\/v2\/media\/141997"}],"wp:attachment":[{"href":"https:\/\/adl-regalosempresa.com\/tiendaonline\/wp-json\/wp\/v2\/media?parent=141995"}],"wp:term":[{"taxonomy":"product_brand","embeddable":true,"href":"https:\/\/adl-regalosempresa.com\/tiendaonline\/wp-json\/wp\/v2\/product_brand?post=141995"},{"taxonomy":"product_cat","embeddable":true,"href":"https:\/\/adl-regalosempresa.com\/tiendaonline\/wp-json\/wp\/v2\/product_cat?post=141995"},{"taxonomy":"product_tag","embeddable":true,"href":"https:\/\/adl-regalosempresa.com\/tiendaonline\/wp-json\/wp\/v2\/product_tag?post=141995"}],"curies":[{"name":"wp","href":"https:\/\/api.w.org\/{rel}","templated":true}]}}