{"id":141964,"date":"2026-04-19T04:01:42","date_gmt":"2026-04-19T04:01:42","guid":{"rendered":"https:\/\/adl-regalosempresa.com\/tiendaonline\/articulos\/merchandising\/set-de-regalo-con-libreta-y-boligrafo-para-personalizar-con-logo-2\/"},"modified":"2026-04-21T07:52:09","modified_gmt":"2026-04-21T07:52:09","slug":"set-de-regalo-con-libreta-y-boligrafo-para-personalizar-con-logo-2","status":"publish","type":"product","link":"https:\/\/adl-regalosempresa.com\/tiendaonline\/articulos\/merchandising\/set-de-regalo-con-libreta-y-boligrafo-para-personalizar-con-logo-2\/","title":{"rendered":"Set de regalo con libreta y bol\u00edgrafo  para personalizar con logo"},"content":{"rendered":"<p>Este set de regalo de \u00abMoleskine\u00bb es el regalo perfecto para cualquier persona a la que le guste escribir, dibujar o tomar notas. El set incluye una libreta grande \u00abMoleskine\u00bb y un elegante bol\u00edgrafo \u00abMoleskine\u00bb, lo que lo convierte en el paquete definitivo para cualquier persona que quiera elevar su toma de notas y creatividad diarias. La libreta grande \u00abMoleskine\u00bb (10715100) cuenta con 240 p\u00e1ginas rayadas de color marfil, perfectas para anotar pensamientos, ideas y listas. La cubierta dura de la libreta ofrece una barrera duradera y protectora para tus notas, y el cierre el\u00e1stico mantiene la seguridad. La libreta tambi\u00e9n cuenta con un bolsillo interno extensible, lo que facilita el almacenamiento de notas adicionales, tarjetas de visita y otros art\u00edculos peque\u00f1os. El bol\u00edgrafo \u00abMoleskine\u00bb (10735000) es una herramienta de escritura moderna y funcional, el complemento perfecto para la libreta \u00abMoleskine\u00bb. El bol\u00edgrafo cuenta con un cartucho de tinta negra que proporciona una l\u00ednea limpia y precisa, y su dise\u00f1o espec\u00edfico para sujetarlo en el lateral de la libreta lo convierte en la herramienta perfecta para el uso diario. Tanto si quieres premiar a un empleado, dar un capricho a un ser querido o simplemente mimarte a ti mismo, no hay duda de que el set de regalo \u00abMoleskine\u00bb te impresionar\u00e1. La libreta est\u00e1 fabricada en Vietnam y el bol\u00edgrafo en Italia.<\/p>\n","protected":false},"excerpt":{"rendered":"<p><strong>Descuentos por cantidades<\/strong><br \/>&#8211; a partir de 50 unidades: 27,29 \u20ac\/ud<br \/>&#8211; a partir de 100 unidades: 27,29 \u20ac\/ud<br \/>&#8211; a partir de 250 unidades: 26,76 \u20ac\/ud<\/p>\n<p>Para cantidades superiores a las aqu\u00ed indicadas, no dudes en ponerte en contacto con nuestro departamento comercial o <a href='https:\/\/adl-regalosempresa.com\/tiendaonline\/solicitud-presupuesto\/'>pedirnos presupuesto personalizado<\/a>, ajustaremos el presupuesto a tus necesidades.<\/p>\n","protected":false},"featured_media":141966,"template":"","meta":{"_kad_post_transparent":"","_kad_post_title":"","_kad_post_layout":"","_kad_post_sidebar_id":"","_kad_post_content_style":"","_kad_post_vertical_padding":"","_kad_post_feature":"","_kad_post_feature_position":"","_kad_post_header":false,"_kad_post_footer":false,"_kad_post_classname":""},"product_brand":[],"product_cat":[7689,7688],"product_tag":[],"class_list":{"0":"post-141964","1":"product","2":"type-product","3":"status-publish","4":"has-post-thumbnail","6":"product_cat-libretas-de-tapas-duras-libretas-y-papeleria","7":"product_cat-libretas-y-papeleria","8":"pa_alto-24-cm","9":"pa_ancho-19-cm","10":"pa_color-negro-intenso","11":"pa_color-simple-negro-intenso","12":"pa_largo-22-cm","13":"pa_marca-moleskine","14":"pa_material-carton-papel-plastico-abs","15":"pa_peso-360-gr","17":"first","18":"instock","19":"taxable","20":"shipping-taxable","21":"purchasable","22":"product-type-variable","23":"entry","24":"content-bg","25":"loop-entry"},"yoast_head":"<!-- This site is optimized with the Yoast SEO plugin v26.3 - https:\/\/yoast.com\/wordpress\/plugins\/seo\/ -->\n<title>Merchandising Set de regalo con libreta y bol\u00edgrafo para personalizar con logo - ADL<\/title>\n<meta name=\"description\" content=\"Art\u00edculo de merchandising Set de regalo con libreta y bol\u00edgrafo &quot;Moleskine&quot;. Este set de regalo de &quot;Moleskine&quot; es el regalo perfecto para cualquier persona a la que le guste escribir, dibujar o tomar notas. El set incluye una libreta grande &quot;Moleskine&quot; y un elegante bol\u00edgrafo &quot;Moleskine&quot;, lo que lo convierte en el paquete definitivo para cualquier persona que quiera elevar su toma de notas y creatividad diarias. La libreta grande &quot;Moleskine&quot; (10715100) cuenta con 240 p\u00e1ginas rayadas de color marfil, perfectas para anotar pensamientos, ideas y listas. La cubierta dura de la libreta ofrece una barrera duradera y protectora para tus notas, y el cierre el\u00e1stico mantiene la seguridad. La libreta tambi\u00e9n cuenta con un bolsillo interno extensible, lo que facilita el almacenamiento de notas adicionales, tarjetas de visita y otros art\u00edculos peque\u00f1os. El bol\u00edgrafo &quot;Moleskine&quot; (10735000) es una herramienta de escritura moderna y funcional, el complemento perfecto para la libreta &quot;Moleskine&quot;. El bol\u00edgrafo cuenta con un cartucho de tinta negra que proporciona una l\u00ednea limpia y precisa, y su dise\u00f1o espec\u00edfico para sujetarlo en el lateral de la libreta lo convierte en la herramienta perfecta para el uso diario. Tanto si quieres premiar a un empleado, dar un capricho a un ser querido o simplemente mimarte a ti mismo, no hay duda de que el set de regalo &quot;Moleskine&quot; te impresionar\u00e1. La libreta est\u00e1 fabricada en Vietnam y el bol\u00edgrafo en Italia.\" \/>\n<meta name=\"robots\" content=\"index, follow, max-snippet:-1, max-image-preview:large, max-video-preview:-1\" \/>\n<link rel=\"canonical\" href=\"https:\/\/adl-regalosempresa.com\/tiendaonline\/articulos\/merchandising\/set-de-regalo-con-libreta-y-boligrafo-para-personalizar-con-logo-2\/\" \/>\n<meta property=\"og:locale\" content=\"es_ES\" \/>\n<meta property=\"og:type\" content=\"article\" \/>\n<meta property=\"og:title\" content=\"Merchandising Set de regalo con libreta y bol\u00edgrafo para personalizar con logo - ADL\" \/>\n<meta property=\"og:description\" content=\"Art\u00edculo de merchandising Set de regalo con libreta y bol\u00edgrafo &quot;Moleskine&quot;. Este set de regalo de &quot;Moleskine&quot; es el regalo perfecto para cualquier persona a la que le guste escribir, dibujar o tomar notas. El set incluye una libreta grande &quot;Moleskine&quot; y un elegante bol\u00edgrafo &quot;Moleskine&quot;, lo que lo convierte en el paquete definitivo para cualquier persona que quiera elevar su toma de notas y creatividad diarias. La libreta grande &quot;Moleskine&quot; (10715100) cuenta con 240 p\u00e1ginas rayadas de color marfil, perfectas para anotar pensamientos, ideas y listas. La cubierta dura de la libreta ofrece una barrera duradera y protectora para tus notas, y el cierre el\u00e1stico mantiene la seguridad. La libreta tambi\u00e9n cuenta con un bolsillo interno extensible, lo que facilita el almacenamiento de notas adicionales, tarjetas de visita y otros art\u00edculos peque\u00f1os. El bol\u00edgrafo &quot;Moleskine&quot; (10735000) es una herramienta de escritura moderna y funcional, el complemento perfecto para la libreta &quot;Moleskine&quot;. El bol\u00edgrafo cuenta con un cartucho de tinta negra que proporciona una l\u00ednea limpia y precisa, y su dise\u00f1o espec\u00edfico para sujetarlo en el lateral de la libreta lo convierte en la herramienta perfecta para el uso diario. Tanto si quieres premiar a un empleado, dar un capricho a un ser querido o simplemente mimarte a ti mismo, no hay duda de que el set de regalo &quot;Moleskine&quot; te impresionar\u00e1. La libreta est\u00e1 fabricada en Vietnam y el bol\u00edgrafo en Italia.\" \/>\n<meta property=\"og:url\" content=\"https:\/\/adl-regalosempresa.com\/tiendaonline\/articulos\/merchandising\/set-de-regalo-con-libreta-y-boligrafo-para-personalizar-con-logo-2\/\" \/>\n<meta property=\"og:site_name\" content=\"ADL Comunicaci\u00f3n\" \/>\n<meta property=\"article:modified_time\" content=\"2026-04-21T07:52:09+00:00\" \/>\n<meta property=\"og:image\" content=\"https:\/\/adl-regalosempresa.com\/tiendaonline\/wp-content\/uploads\/2025\/06\/10734200.jpg\" \/>\n\t<meta property=\"og:image:width\" content=\"1600\" \/>\n\t<meta property=\"og:image:height\" content=\"1600\" \/>\n\t<meta property=\"og:image:type\" content=\"image\/jpeg\" \/>\n<meta name=\"twitter:card\" content=\"summary_large_image\" \/>\n<meta name=\"twitter:title\" content=\"Merchandising Set de regalo con libreta y bol\u00edgrafo para personalizar con logo - ADL\" \/>\n<meta name=\"twitter:label1\" content=\"Tiempo de lectura\" \/>\n\t<meta name=\"twitter:data1\" content=\"1 minuto\" \/>\n<script type=\"application\/ld+json\" class=\"yoast-schema-graph\">{\"@context\":\"https:\/\/schema.org\",\"@graph\":[{\"@type\":\"WebPage\",\"@id\":\"https:\/\/adl-regalosempresa.com\/tiendaonline\/articulos\/merchandising\/set-de-regalo-con-libreta-y-boligrafo-para-personalizar-con-logo-2\/\",\"url\":\"https:\/\/adl-regalosempresa.com\/tiendaonline\/articulos\/merchandising\/set-de-regalo-con-libreta-y-boligrafo-para-personalizar-con-logo-2\/\",\"name\":\"Merchandising Set de regalo con libreta y bol\u00edgrafo para personalizar con logo - ADL\",\"isPartOf\":{\"@id\":\"https:\/\/adl-regalosempresa.com\/tiendaonline\/#website\"},\"primaryImageOfPage\":{\"@id\":\"https:\/\/adl-regalosempresa.com\/tiendaonline\/articulos\/merchandising\/set-de-regalo-con-libreta-y-boligrafo-para-personalizar-con-logo-2\/#primaryimage\"},\"image\":{\"@id\":\"https:\/\/adl-regalosempresa.com\/tiendaonline\/articulos\/merchandising\/set-de-regalo-con-libreta-y-boligrafo-para-personalizar-con-logo-2\/#primaryimage\"},\"thumbnailUrl\":\"https:\/\/adl-regalosempresa.com\/tiendaonline\/wp-content\/uploads\/2025\/06\/10734200.jpg\",\"datePublished\":\"2026-04-19T04:01:42+00:00\",\"dateModified\":\"2026-04-21T07:52:09+00:00\",\"description\":\"Art\u00edculo de merchandising Set de regalo con libreta y bol\u00edgrafo \\\"Moleskine\\\". Este set de regalo de \\\"Moleskine\\\" es el regalo perfecto para cualquier persona a la que le guste escribir, dibujar o tomar notas. El set incluye una libreta grande \\\"Moleskine\\\" y un elegante bol\u00edgrafo \\\"Moleskine\\\", lo que lo convierte en el paquete definitivo para cualquier persona que quiera elevar su toma de notas y creatividad diarias. La libreta grande \\\"Moleskine\\\" (10715100) cuenta con 240 p\u00e1ginas rayadas de color marfil, perfectas para anotar pensamientos, ideas y listas. La cubierta dura de la libreta ofrece una barrera duradera y protectora para tus notas, y el cierre el\u00e1stico mantiene la seguridad. La libreta tambi\u00e9n cuenta con un bolsillo interno extensible, lo que facilita el almacenamiento de notas adicionales, tarjetas de visita y otros art\u00edculos peque\u00f1os. El bol\u00edgrafo \\\"Moleskine\\\" (10735000) es una herramienta de escritura moderna y funcional, el complemento perfecto para la libreta \\\"Moleskine\\\". El bol\u00edgrafo cuenta con un cartucho de tinta negra que proporciona una l\u00ednea limpia y precisa, y su dise\u00f1o espec\u00edfico para sujetarlo en el lateral de la libreta lo convierte en la herramienta perfecta para el uso diario. Tanto si quieres premiar a un empleado, dar un capricho a un ser querido o simplemente mimarte a ti mismo, no hay duda de que el set de regalo \\\"Moleskine\\\" te impresionar\u00e1. La libreta est\u00e1 fabricada en Vietnam y el bol\u00edgrafo en Italia.\",\"breadcrumb\":{\"@id\":\"https:\/\/adl-regalosempresa.com\/tiendaonline\/articulos\/merchandising\/set-de-regalo-con-libreta-y-boligrafo-para-personalizar-con-logo-2\/#breadcrumb\"},\"inLanguage\":\"es\",\"potentialAction\":[{\"@type\":\"ReadAction\",\"target\":[\"https:\/\/adl-regalosempresa.com\/tiendaonline\/articulos\/merchandising\/set-de-regalo-con-libreta-y-boligrafo-para-personalizar-con-logo-2\/\"]}]},{\"@type\":\"ImageObject\",\"inLanguage\":\"es\",\"@id\":\"https:\/\/adl-regalosempresa.com\/tiendaonline\/articulos\/merchandising\/set-de-regalo-con-libreta-y-boligrafo-para-personalizar-con-logo-2\/#primaryimage\",\"url\":\"https:\/\/adl-regalosempresa.com\/tiendaonline\/wp-content\/uploads\/2025\/06\/10734200.jpg\",\"contentUrl\":\"https:\/\/adl-regalosempresa.com\/tiendaonline\/wp-content\/uploads\/2025\/06\/10734200.jpg\",\"width\":1600,\"height\":1600,\"caption\":\"Set de regalo con libreta y bol\u00edgrafo \\\"Moleskine\\\"\"},{\"@type\":\"BreadcrumbList\",\"@id\":\"https:\/\/adl-regalosempresa.com\/tiendaonline\/articulos\/merchandising\/set-de-regalo-con-libreta-y-boligrafo-para-personalizar-con-logo-2\/#breadcrumb\",\"itemListElement\":[{\"@type\":\"ListItem\",\"position\":1,\"name\":\"Portada\",\"item\":\"https:\/\/adl-regalosempresa.com\/tiendaonline\/\"},{\"@type\":\"ListItem\",\"position\":2,\"name\":\"Tienda\",\"item\":\"https:\/\/adl-regalosempresa.com\/tiendaonline\/tienda\/\"},{\"@type\":\"ListItem\",\"position\":3,\"name\":\"Set de regalo con libreta y bol\u00edgrafo para personalizar con logo\"}]},{\"@type\":\"WebSite\",\"@id\":\"https:\/\/adl-regalosempresa.com\/tiendaonline\/#website\",\"url\":\"https:\/\/adl-regalosempresa.com\/tiendaonline\/\",\"name\":\"ADL Comunicaci\u00f3n\",\"description\":\"Regalos de empresa\",\"publisher\":{\"@id\":\"https:\/\/adl-regalosempresa.com\/tiendaonline\/#organization\"},\"potentialAction\":[{\"@type\":\"SearchAction\",\"target\":{\"@type\":\"EntryPoint\",\"urlTemplate\":\"https:\/\/adl-regalosempresa.com\/tiendaonline\/?s={search_term_string}\"},\"query-input\":{\"@type\":\"PropertyValueSpecification\",\"valueRequired\":true,\"valueName\":\"search_term_string\"}}],\"inLanguage\":\"es\"},{\"@type\":\"Organization\",\"@id\":\"https:\/\/adl-regalosempresa.com\/tiendaonline\/#organization\",\"name\":\"ADL Comunicaci\u00f3n\",\"url\":\"https:\/\/adl-regalosempresa.com\/tiendaonline\/\",\"logo\":{\"@type\":\"ImageObject\",\"inLanguage\":\"es\",\"@id\":\"https:\/\/adl-regalosempresa.com\/tiendaonline\/#\/schema\/logo\/image\/\",\"url\":\"https:\/\/adl-regalosempresa.com\/tiendaonline\/wp-content\/uploads\/2017\/09\/logo-adl-wp.png\",\"contentUrl\":\"https:\/\/adl-regalosempresa.com\/tiendaonline\/wp-content\/uploads\/2017\/09\/logo-adl-wp.png\",\"width\":407,\"height\":185,\"caption\":\"ADL Comunicaci\u00f3n\"},\"image\":{\"@id\":\"https:\/\/adl-regalosempresa.com\/tiendaonline\/#\/schema\/logo\/image\/\"}}]}<\/script>\n<!-- \/ Yoast SEO plugin. -->","yoast_head_json":{"title":"Merchandising Set de regalo con libreta y bol\u00edgrafo para personalizar con logo - ADL","description":"Art\u00edculo de merchandising Set de regalo con libreta y bol\u00edgrafo \"Moleskine\". Este set de regalo de \"Moleskine\" es el regalo perfecto para cualquier persona a la que le guste escribir, dibujar o tomar notas. El set incluye una libreta grande \"Moleskine\" y un elegante bol\u00edgrafo \"Moleskine\", lo que lo convierte en el paquete definitivo para cualquier persona que quiera elevar su toma de notas y creatividad diarias. La libreta grande \"Moleskine\" (10715100) cuenta con 240 p\u00e1ginas rayadas de color marfil, perfectas para anotar pensamientos, ideas y listas. La cubierta dura de la libreta ofrece una barrera duradera y protectora para tus notas, y el cierre el\u00e1stico mantiene la seguridad. La libreta tambi\u00e9n cuenta con un bolsillo interno extensible, lo que facilita el almacenamiento de notas adicionales, tarjetas de visita y otros art\u00edculos peque\u00f1os. El bol\u00edgrafo \"Moleskine\" (10735000) es una herramienta de escritura moderna y funcional, el complemento perfecto para la libreta \"Moleskine\". El bol\u00edgrafo cuenta con un cartucho de tinta negra que proporciona una l\u00ednea limpia y precisa, y su dise\u00f1o espec\u00edfico para sujetarlo en el lateral de la libreta lo convierte en la herramienta perfecta para el uso diario. Tanto si quieres premiar a un empleado, dar un capricho a un ser querido o simplemente mimarte a ti mismo, no hay duda de que el set de regalo \"Moleskine\" te impresionar\u00e1. La libreta est\u00e1 fabricada en Vietnam y el bol\u00edgrafo en Italia.","robots":{"index":"index","follow":"follow","max-snippet":"max-snippet:-1","max-image-preview":"max-image-preview:large","max-video-preview":"max-video-preview:-1"},"canonical":"https:\/\/adl-regalosempresa.com\/tiendaonline\/articulos\/merchandising\/set-de-regalo-con-libreta-y-boligrafo-para-personalizar-con-logo-2\/","og_locale":"es_ES","og_type":"article","og_title":"Merchandising Set de regalo con libreta y bol\u00edgrafo para personalizar con logo - ADL","og_description":"Art\u00edculo de merchandising Set de regalo con libreta y bol\u00edgrafo \"Moleskine\". Este set de regalo de \"Moleskine\" es el regalo perfecto para cualquier persona a la que le guste escribir, dibujar o tomar notas. El set incluye una libreta grande \"Moleskine\" y un elegante bol\u00edgrafo \"Moleskine\", lo que lo convierte en el paquete definitivo para cualquier persona que quiera elevar su toma de notas y creatividad diarias. La libreta grande \"Moleskine\" (10715100) cuenta con 240 p\u00e1ginas rayadas de color marfil, perfectas para anotar pensamientos, ideas y listas. La cubierta dura de la libreta ofrece una barrera duradera y protectora para tus notas, y el cierre el\u00e1stico mantiene la seguridad. La libreta tambi\u00e9n cuenta con un bolsillo interno extensible, lo que facilita el almacenamiento de notas adicionales, tarjetas de visita y otros art\u00edculos peque\u00f1os. El bol\u00edgrafo \"Moleskine\" (10735000) es una herramienta de escritura moderna y funcional, el complemento perfecto para la libreta \"Moleskine\". El bol\u00edgrafo cuenta con un cartucho de tinta negra que proporciona una l\u00ednea limpia y precisa, y su dise\u00f1o espec\u00edfico para sujetarlo en el lateral de la libreta lo convierte en la herramienta perfecta para el uso diario. Tanto si quieres premiar a un empleado, dar un capricho a un ser querido o simplemente mimarte a ti mismo, no hay duda de que el set de regalo \"Moleskine\" te impresionar\u00e1. La libreta est\u00e1 fabricada en Vietnam y el bol\u00edgrafo en Italia.","og_url":"https:\/\/adl-regalosempresa.com\/tiendaonline\/articulos\/merchandising\/set-de-regalo-con-libreta-y-boligrafo-para-personalizar-con-logo-2\/","og_site_name":"ADL Comunicaci\u00f3n","article_modified_time":"2026-04-21T07:52:09+00:00","og_image":[{"width":1600,"height":1600,"url":"https:\/\/adl-regalosempresa.com\/tiendaonline\/wp-content\/uploads\/2025\/06\/10734200.jpg","type":"image\/jpeg"}],"twitter_card":"summary_large_image","twitter_title":"Merchandising Set de regalo con libreta y bol\u00edgrafo para personalizar con logo - ADL","twitter_misc":{"Tiempo de lectura":"1 minuto"},"schema":{"@context":"https:\/\/schema.org","@graph":[{"@type":"WebPage","@id":"https:\/\/adl-regalosempresa.com\/tiendaonline\/articulos\/merchandising\/set-de-regalo-con-libreta-y-boligrafo-para-personalizar-con-logo-2\/","url":"https:\/\/adl-regalosempresa.com\/tiendaonline\/articulos\/merchandising\/set-de-regalo-con-libreta-y-boligrafo-para-personalizar-con-logo-2\/","name":"Merchandising Set de regalo con libreta y bol\u00edgrafo para personalizar con logo - ADL","isPartOf":{"@id":"https:\/\/adl-regalosempresa.com\/tiendaonline\/#website"},"primaryImageOfPage":{"@id":"https:\/\/adl-regalosempresa.com\/tiendaonline\/articulos\/merchandising\/set-de-regalo-con-libreta-y-boligrafo-para-personalizar-con-logo-2\/#primaryimage"},"image":{"@id":"https:\/\/adl-regalosempresa.com\/tiendaonline\/articulos\/merchandising\/set-de-regalo-con-libreta-y-boligrafo-para-personalizar-con-logo-2\/#primaryimage"},"thumbnailUrl":"https:\/\/adl-regalosempresa.com\/tiendaonline\/wp-content\/uploads\/2025\/06\/10734200.jpg","datePublished":"2026-04-19T04:01:42+00:00","dateModified":"2026-04-21T07:52:09+00:00","description":"Art\u00edculo de merchandising Set de regalo con libreta y bol\u00edgrafo \"Moleskine\". Este set de regalo de \"Moleskine\" es el regalo perfecto para cualquier persona a la que le guste escribir, dibujar o tomar notas. El set incluye una libreta grande \"Moleskine\" y un elegante bol\u00edgrafo \"Moleskine\", lo que lo convierte en el paquete definitivo para cualquier persona que quiera elevar su toma de notas y creatividad diarias. La libreta grande \"Moleskine\" (10715100) cuenta con 240 p\u00e1ginas rayadas de color marfil, perfectas para anotar pensamientos, ideas y listas. La cubierta dura de la libreta ofrece una barrera duradera y protectora para tus notas, y el cierre el\u00e1stico mantiene la seguridad. La libreta tambi\u00e9n cuenta con un bolsillo interno extensible, lo que facilita el almacenamiento de notas adicionales, tarjetas de visita y otros art\u00edculos peque\u00f1os. El bol\u00edgrafo \"Moleskine\" (10735000) es una herramienta de escritura moderna y funcional, el complemento perfecto para la libreta \"Moleskine\". El bol\u00edgrafo cuenta con un cartucho de tinta negra que proporciona una l\u00ednea limpia y precisa, y su dise\u00f1o espec\u00edfico para sujetarlo en el lateral de la libreta lo convierte en la herramienta perfecta para el uso diario. Tanto si quieres premiar a un empleado, dar un capricho a un ser querido o simplemente mimarte a ti mismo, no hay duda de que el set de regalo \"Moleskine\" te impresionar\u00e1. La libreta est\u00e1 fabricada en Vietnam y el bol\u00edgrafo en Italia.","breadcrumb":{"@id":"https:\/\/adl-regalosempresa.com\/tiendaonline\/articulos\/merchandising\/set-de-regalo-con-libreta-y-boligrafo-para-personalizar-con-logo-2\/#breadcrumb"},"inLanguage":"es","potentialAction":[{"@type":"ReadAction","target":["https:\/\/adl-regalosempresa.com\/tiendaonline\/articulos\/merchandising\/set-de-regalo-con-libreta-y-boligrafo-para-personalizar-con-logo-2\/"]}]},{"@type":"ImageObject","inLanguage":"es","@id":"https:\/\/adl-regalosempresa.com\/tiendaonline\/articulos\/merchandising\/set-de-regalo-con-libreta-y-boligrafo-para-personalizar-con-logo-2\/#primaryimage","url":"https:\/\/adl-regalosempresa.com\/tiendaonline\/wp-content\/uploads\/2025\/06\/10734200.jpg","contentUrl":"https:\/\/adl-regalosempresa.com\/tiendaonline\/wp-content\/uploads\/2025\/06\/10734200.jpg","width":1600,"height":1600,"caption":"Set de regalo con libreta y bol\u00edgrafo \"Moleskine\""},{"@type":"BreadcrumbList","@id":"https:\/\/adl-regalosempresa.com\/tiendaonline\/articulos\/merchandising\/set-de-regalo-con-libreta-y-boligrafo-para-personalizar-con-logo-2\/#breadcrumb","itemListElement":[{"@type":"ListItem","position":1,"name":"Portada","item":"https:\/\/adl-regalosempresa.com\/tiendaonline\/"},{"@type":"ListItem","position":2,"name":"Tienda","item":"https:\/\/adl-regalosempresa.com\/tiendaonline\/tienda\/"},{"@type":"ListItem","position":3,"name":"Set de regalo con libreta y bol\u00edgrafo para personalizar con logo"}]},{"@type":"WebSite","@id":"https:\/\/adl-regalosempresa.com\/tiendaonline\/#website","url":"https:\/\/adl-regalosempresa.com\/tiendaonline\/","name":"ADL Comunicaci\u00f3n","description":"Regalos de empresa","publisher":{"@id":"https:\/\/adl-regalosempresa.com\/tiendaonline\/#organization"},"potentialAction":[{"@type":"SearchAction","target":{"@type":"EntryPoint","urlTemplate":"https:\/\/adl-regalosempresa.com\/tiendaonline\/?s={search_term_string}"},"query-input":{"@type":"PropertyValueSpecification","valueRequired":true,"valueName":"search_term_string"}}],"inLanguage":"es"},{"@type":"Organization","@id":"https:\/\/adl-regalosempresa.com\/tiendaonline\/#organization","name":"ADL Comunicaci\u00f3n","url":"https:\/\/adl-regalosempresa.com\/tiendaonline\/","logo":{"@type":"ImageObject","inLanguage":"es","@id":"https:\/\/adl-regalosempresa.com\/tiendaonline\/#\/schema\/logo\/image\/","url":"https:\/\/adl-regalosempresa.com\/tiendaonline\/wp-content\/uploads\/2017\/09\/logo-adl-wp.png","contentUrl":"https:\/\/adl-regalosempresa.com\/tiendaonline\/wp-content\/uploads\/2017\/09\/logo-adl-wp.png","width":407,"height":185,"caption":"ADL Comunicaci\u00f3n"},"image":{"@id":"https:\/\/adl-regalosempresa.com\/tiendaonline\/#\/schema\/logo\/image\/"}}]}},"_links":{"self":[{"href":"https:\/\/adl-regalosempresa.com\/tiendaonline\/wp-json\/wp\/v2\/product\/141964","targetHints":{"allow":["GET"]}}],"collection":[{"href":"https:\/\/adl-regalosempresa.com\/tiendaonline\/wp-json\/wp\/v2\/product"}],"about":[{"href":"https:\/\/adl-regalosempresa.com\/tiendaonline\/wp-json\/wp\/v2\/types\/product"}],"wp:featuredmedia":[{"embeddable":true,"href":"https:\/\/adl-regalosempresa.com\/tiendaonline\/wp-json\/wp\/v2\/media\/141966"}],"wp:attachment":[{"href":"https:\/\/adl-regalosempresa.com\/tiendaonline\/wp-json\/wp\/v2\/media?parent=141964"}],"wp:term":[{"taxonomy":"product_brand","embeddable":true,"href":"https:\/\/adl-regalosempresa.com\/tiendaonline\/wp-json\/wp\/v2\/product_brand?post=141964"},{"taxonomy":"product_cat","embeddable":true,"href":"https:\/\/adl-regalosempresa.com\/tiendaonline\/wp-json\/wp\/v2\/product_cat?post=141964"},{"taxonomy":"product_tag","embeddable":true,"href":"https:\/\/adl-regalosempresa.com\/tiendaonline\/wp-json\/wp\/v2\/product_tag?post=141964"}],"curies":[{"name":"wp","href":"https:\/\/api.w.org\/{rel}","templated":true}]}}