{"id":141870,"date":"2026-03-24T08:10:43","date_gmt":"2026-03-24T08:10:43","guid":{"rendered":"https:\/\/adl-regalosempresa.com\/tiendaonline\/articulos\/merchandising\/tarjeta-de-felicitacion-cuadrada-para-personalizar-con-logo\/"},"modified":"2026-03-24T08:11:31","modified_gmt":"2026-03-24T08:11:31","slug":"tarjeta-de-felicitacion-cuadrada-para-personalizar-con-logo","status":"publish","type":"product","link":"https:\/\/adl-regalosempresa.com\/tiendaonline\/articulos\/merchandising\/tarjeta-de-felicitacion-cuadrada-para-personalizar-con-logo\/","title":{"rendered":"Tarjeta de felicitaci\u00f3n cuadrada  para personalizar con logo"},"content":{"rendered":"<p>La tarjeta de felicitaci\u00f3n cuadrada \u00abHerald\u00bb est\u00e1 fabricada en cartulina de 320 g\/m\u00b2 de alta calidad y se puede imprimir con tus propios dise\u00f1os tanto en el exterior como en el interior. Mejora tus dise\u00f1os con estampaci\u00f3n en caliente y con relieve para dar una nueva dimensi\u00f3n a tus tarjetas de felicitaci\u00f3n. Incluye por defecto un sobre blanco. Tama\u00f1o de la tarjeta: 148 x 148\u00a0mm.<\/p>\n","protected":false},"excerpt":{"rendered":"<p><strong>Descuentos por cantidades<\/strong><br \/>&#8211; a partir de 100 unidades: 1,12 \u20ac\/ud<br \/>&#8211; a partir de 250 unidades: 1,07 \u20ac\/ud<br \/>&#8211; a partir de 500 unidades: 1,04 \u20ac\/ud<\/p>\n<p>Para cantidades superiores a las aqu\u00ed indicadas, no dudes en ponerte en contacto con nuestro departamento comercial o <a href='https:\/\/adl-regalosempresa.com\/tiendaonline\/solicitud-presupuesto\/'>pedirnos presupuesto personalizado<\/a>, ajustaremos el presupuesto a tus necesidades.<\/p>\n","protected":false},"featured_media":141872,"template":"","meta":{"_kad_post_transparent":"","_kad_post_title":"","_kad_post_layout":"","_kad_post_sidebar_id":"","_kad_post_content_style":"","_kad_post_vertical_padding":"","_kad_post_feature":"","_kad_post_feature_position":"","_kad_post_header":false,"_kad_post_footer":false,"_kad_post_classname":""},"product_brand":[],"product_cat":[7688,7717],"product_tag":[],"class_list":{"0":"post-141870","1":"product","2":"type-product","3":"status-publish","4":"has-post-thumbnail","6":"product_cat-libretas-y-papeleria","7":"product_cat-tarjetas-de-agradecimiento-libretas-y-papeleria","8":"pa_alto-01-cm","9":"pa_ancho-148-cm","10":"pa_color-blanco","11":"pa_color-blanco-marfil","12":"pa_color-simple-blanco","13":"pa_largo-148-cm","14":"pa_marca-unbranded","15":"pa_material-carton-certificado-fsc","16":"pa_peso-33-gr","18":"first","19":"instock","20":"taxable","21":"shipping-taxable","22":"purchasable","23":"product-type-variable","24":"entry","25":"content-bg","26":"loop-entry"},"yoast_head":"<!-- This site is optimized with the Yoast SEO plugin v26.3 - https:\/\/yoast.com\/wordpress\/plugins\/seo\/ -->\n<title>Merchandising Tarjeta de felicitaci\u00f3n cuadrada para personalizar con logo - ADL<\/title>\n<meta name=\"description\" content=\"Art\u00edculo de merchandising Tarjeta de felicitaci\u00f3n cuadrada &quot;Herald&quot;. La tarjeta de felicitaci\u00f3n cuadrada &quot;Herald&quot; est\u00e1 fabricada en cartulina de 320 g\/m\u00b2 de alta calidad y se puede imprimir con tus propios dise\u00f1os tanto en el exterior como en el interior. Mejora tus dise\u00f1os con estampaci\u00f3n en caliente y con relieve para dar una nueva dimensi\u00f3n a tus tarjetas de felicitaci\u00f3n. Incluye por defecto un sobre blanco. Tama\u00f1o de la tarjeta: 148 x 148\u00a0mm.\" \/>\n<meta name=\"robots\" content=\"index, follow, max-snippet:-1, max-image-preview:large, max-video-preview:-1\" \/>\n<link rel=\"canonical\" href=\"https:\/\/adl-regalosempresa.com\/tiendaonline\/articulos\/merchandising\/tarjeta-de-felicitacion-cuadrada-para-personalizar-con-logo\/\" \/>\n<meta property=\"og:locale\" content=\"es_ES\" \/>\n<meta property=\"og:type\" content=\"article\" \/>\n<meta property=\"og:title\" content=\"Merchandising Tarjeta de felicitaci\u00f3n cuadrada para personalizar con logo - ADL\" \/>\n<meta property=\"og:description\" content=\"Art\u00edculo de merchandising Tarjeta de felicitaci\u00f3n cuadrada &quot;Herald&quot;. La tarjeta de felicitaci\u00f3n cuadrada &quot;Herald&quot; est\u00e1 fabricada en cartulina de 320 g\/m\u00b2 de alta calidad y se puede imprimir con tus propios dise\u00f1os tanto en el exterior como en el interior. Mejora tus dise\u00f1os con estampaci\u00f3n en caliente y con relieve para dar una nueva dimensi\u00f3n a tus tarjetas de felicitaci\u00f3n. Incluye por defecto un sobre blanco. Tama\u00f1o de la tarjeta: 148 x 148\u00a0mm.\" \/>\n<meta property=\"og:url\" content=\"https:\/\/adl-regalosempresa.com\/tiendaonline\/articulos\/merchandising\/tarjeta-de-felicitacion-cuadrada-para-personalizar-con-logo\/\" \/>\n<meta property=\"og:site_name\" content=\"ADL Comunicaci\u00f3n\" \/>\n<meta property=\"article:modified_time\" content=\"2026-03-24T08:11:31+00:00\" \/>\n<meta property=\"og:image\" content=\"https:\/\/adl-regalosempresa.com\/tiendaonline\/wp-content\/uploads\/2025\/06\/21075301.jpg\" \/>\n\t<meta property=\"og:image:width\" content=\"1600\" \/>\n\t<meta property=\"og:image:height\" content=\"1600\" \/>\n\t<meta property=\"og:image:type\" content=\"image\/jpeg\" \/>\n<meta name=\"twitter:card\" content=\"summary_large_image\" \/>\n<meta name=\"twitter:title\" content=\"Merchandising Tarjeta de felicitaci\u00f3n cuadrada para personalizar con logo - ADL\" \/>\n<script type=\"application\/ld+json\" class=\"yoast-schema-graph\">{\"@context\":\"https:\/\/schema.org\",\"@graph\":[{\"@type\":\"WebPage\",\"@id\":\"https:\/\/adl-regalosempresa.com\/tiendaonline\/articulos\/merchandising\/tarjeta-de-felicitacion-cuadrada-para-personalizar-con-logo\/\",\"url\":\"https:\/\/adl-regalosempresa.com\/tiendaonline\/articulos\/merchandising\/tarjeta-de-felicitacion-cuadrada-para-personalizar-con-logo\/\",\"name\":\"Merchandising Tarjeta de felicitaci\u00f3n cuadrada para personalizar con logo - ADL\",\"isPartOf\":{\"@id\":\"https:\/\/adl-regalosempresa.com\/tiendaonline\/#website\"},\"primaryImageOfPage\":{\"@id\":\"https:\/\/adl-regalosempresa.com\/tiendaonline\/articulos\/merchandising\/tarjeta-de-felicitacion-cuadrada-para-personalizar-con-logo\/#primaryimage\"},\"image\":{\"@id\":\"https:\/\/adl-regalosempresa.com\/tiendaonline\/articulos\/merchandising\/tarjeta-de-felicitacion-cuadrada-para-personalizar-con-logo\/#primaryimage\"},\"thumbnailUrl\":\"https:\/\/adl-regalosempresa.com\/tiendaonline\/wp-content\/uploads\/2025\/06\/21075301.jpg\",\"datePublished\":\"2026-03-24T08:10:43+00:00\",\"dateModified\":\"2026-03-24T08:11:31+00:00\",\"description\":\"Art\u00edculo de merchandising Tarjeta de felicitaci\u00f3n cuadrada \\\"Herald\\\". La tarjeta de felicitaci\u00f3n cuadrada \\\"Herald\\\" est\u00e1 fabricada en cartulina de 320 g\/m\u00b2 de alta calidad y se puede imprimir con tus propios dise\u00f1os tanto en el exterior como en el interior. Mejora tus dise\u00f1os con estampaci\u00f3n en caliente y con relieve para dar una nueva dimensi\u00f3n a tus tarjetas de felicitaci\u00f3n. Incluye por defecto un sobre blanco. Tama\u00f1o de la tarjeta: 148 x 148\u00a0mm.\",\"breadcrumb\":{\"@id\":\"https:\/\/adl-regalosempresa.com\/tiendaonline\/articulos\/merchandising\/tarjeta-de-felicitacion-cuadrada-para-personalizar-con-logo\/#breadcrumb\"},\"inLanguage\":\"es\",\"potentialAction\":[{\"@type\":\"ReadAction\",\"target\":[\"https:\/\/adl-regalosempresa.com\/tiendaonline\/articulos\/merchandising\/tarjeta-de-felicitacion-cuadrada-para-personalizar-con-logo\/\"]}]},{\"@type\":\"ImageObject\",\"inLanguage\":\"es\",\"@id\":\"https:\/\/adl-regalosempresa.com\/tiendaonline\/articulos\/merchandising\/tarjeta-de-felicitacion-cuadrada-para-personalizar-con-logo\/#primaryimage\",\"url\":\"https:\/\/adl-regalosempresa.com\/tiendaonline\/wp-content\/uploads\/2025\/06\/21075301.jpg\",\"contentUrl\":\"https:\/\/adl-regalosempresa.com\/tiendaonline\/wp-content\/uploads\/2025\/06\/21075301.jpg\",\"width\":1600,\"height\":1600,\"caption\":\"Tarjeta de felicitaci\u00f3n cuadrada \\\"Herald\\\"\"},{\"@type\":\"BreadcrumbList\",\"@id\":\"https:\/\/adl-regalosempresa.com\/tiendaonline\/articulos\/merchandising\/tarjeta-de-felicitacion-cuadrada-para-personalizar-con-logo\/#breadcrumb\",\"itemListElement\":[{\"@type\":\"ListItem\",\"position\":1,\"name\":\"Portada\",\"item\":\"https:\/\/adl-regalosempresa.com\/tiendaonline\/\"},{\"@type\":\"ListItem\",\"position\":2,\"name\":\"Tienda\",\"item\":\"https:\/\/adl-regalosempresa.com\/tiendaonline\/tienda\/\"},{\"@type\":\"ListItem\",\"position\":3,\"name\":\"Tarjeta de felicitaci\u00f3n cuadrada para personalizar con logo\"}]},{\"@type\":\"WebSite\",\"@id\":\"https:\/\/adl-regalosempresa.com\/tiendaonline\/#website\",\"url\":\"https:\/\/adl-regalosempresa.com\/tiendaonline\/\",\"name\":\"ADL Comunicaci\u00f3n\",\"description\":\"Regalos de empresa\",\"publisher\":{\"@id\":\"https:\/\/adl-regalosempresa.com\/tiendaonline\/#organization\"},\"potentialAction\":[{\"@type\":\"SearchAction\",\"target\":{\"@type\":\"EntryPoint\",\"urlTemplate\":\"https:\/\/adl-regalosempresa.com\/tiendaonline\/?s={search_term_string}\"},\"query-input\":{\"@type\":\"PropertyValueSpecification\",\"valueRequired\":true,\"valueName\":\"search_term_string\"}}],\"inLanguage\":\"es\"},{\"@type\":\"Organization\",\"@id\":\"https:\/\/adl-regalosempresa.com\/tiendaonline\/#organization\",\"name\":\"ADL Comunicaci\u00f3n\",\"url\":\"https:\/\/adl-regalosempresa.com\/tiendaonline\/\",\"logo\":{\"@type\":\"ImageObject\",\"inLanguage\":\"es\",\"@id\":\"https:\/\/adl-regalosempresa.com\/tiendaonline\/#\/schema\/logo\/image\/\",\"url\":\"https:\/\/adl-regalosempresa.com\/tiendaonline\/wp-content\/uploads\/2017\/09\/logo-adl-wp.png\",\"contentUrl\":\"https:\/\/adl-regalosempresa.com\/tiendaonline\/wp-content\/uploads\/2017\/09\/logo-adl-wp.png\",\"width\":407,\"height\":185,\"caption\":\"ADL Comunicaci\u00f3n\"},\"image\":{\"@id\":\"https:\/\/adl-regalosempresa.com\/tiendaonline\/#\/schema\/logo\/image\/\"}}]}<\/script>\n<!-- \/ Yoast SEO plugin. -->","yoast_head_json":{"title":"Merchandising Tarjeta de felicitaci\u00f3n cuadrada para personalizar con logo - ADL","description":"Art\u00edculo de merchandising Tarjeta de felicitaci\u00f3n cuadrada \"Herald\". La tarjeta de felicitaci\u00f3n cuadrada \"Herald\" est\u00e1 fabricada en cartulina de 320 g\/m\u00b2 de alta calidad y se puede imprimir con tus propios dise\u00f1os tanto en el exterior como en el interior. Mejora tus dise\u00f1os con estampaci\u00f3n en caliente y con relieve para dar una nueva dimensi\u00f3n a tus tarjetas de felicitaci\u00f3n. Incluye por defecto un sobre blanco. Tama\u00f1o de la tarjeta: 148 x 148\u00a0mm.","robots":{"index":"index","follow":"follow","max-snippet":"max-snippet:-1","max-image-preview":"max-image-preview:large","max-video-preview":"max-video-preview:-1"},"canonical":"https:\/\/adl-regalosempresa.com\/tiendaonline\/articulos\/merchandising\/tarjeta-de-felicitacion-cuadrada-para-personalizar-con-logo\/","og_locale":"es_ES","og_type":"article","og_title":"Merchandising Tarjeta de felicitaci\u00f3n cuadrada para personalizar con logo - ADL","og_description":"Art\u00edculo de merchandising Tarjeta de felicitaci\u00f3n cuadrada \"Herald\". La tarjeta de felicitaci\u00f3n cuadrada \"Herald\" est\u00e1 fabricada en cartulina de 320 g\/m\u00b2 de alta calidad y se puede imprimir con tus propios dise\u00f1os tanto en el exterior como en el interior. Mejora tus dise\u00f1os con estampaci\u00f3n en caliente y con relieve para dar una nueva dimensi\u00f3n a tus tarjetas de felicitaci\u00f3n. Incluye por defecto un sobre blanco. Tama\u00f1o de la tarjeta: 148 x 148\u00a0mm.","og_url":"https:\/\/adl-regalosempresa.com\/tiendaonline\/articulos\/merchandising\/tarjeta-de-felicitacion-cuadrada-para-personalizar-con-logo\/","og_site_name":"ADL Comunicaci\u00f3n","article_modified_time":"2026-03-24T08:11:31+00:00","og_image":[{"width":1600,"height":1600,"url":"https:\/\/adl-regalosempresa.com\/tiendaonline\/wp-content\/uploads\/2025\/06\/21075301.jpg","type":"image\/jpeg"}],"twitter_card":"summary_large_image","twitter_title":"Merchandising Tarjeta de felicitaci\u00f3n cuadrada para personalizar con logo - ADL","schema":{"@context":"https:\/\/schema.org","@graph":[{"@type":"WebPage","@id":"https:\/\/adl-regalosempresa.com\/tiendaonline\/articulos\/merchandising\/tarjeta-de-felicitacion-cuadrada-para-personalizar-con-logo\/","url":"https:\/\/adl-regalosempresa.com\/tiendaonline\/articulos\/merchandising\/tarjeta-de-felicitacion-cuadrada-para-personalizar-con-logo\/","name":"Merchandising Tarjeta de felicitaci\u00f3n cuadrada para personalizar con logo - ADL","isPartOf":{"@id":"https:\/\/adl-regalosempresa.com\/tiendaonline\/#website"},"primaryImageOfPage":{"@id":"https:\/\/adl-regalosempresa.com\/tiendaonline\/articulos\/merchandising\/tarjeta-de-felicitacion-cuadrada-para-personalizar-con-logo\/#primaryimage"},"image":{"@id":"https:\/\/adl-regalosempresa.com\/tiendaonline\/articulos\/merchandising\/tarjeta-de-felicitacion-cuadrada-para-personalizar-con-logo\/#primaryimage"},"thumbnailUrl":"https:\/\/adl-regalosempresa.com\/tiendaonline\/wp-content\/uploads\/2025\/06\/21075301.jpg","datePublished":"2026-03-24T08:10:43+00:00","dateModified":"2026-03-24T08:11:31+00:00","description":"Art\u00edculo de merchandising Tarjeta de felicitaci\u00f3n cuadrada \"Herald\". La tarjeta de felicitaci\u00f3n cuadrada \"Herald\" est\u00e1 fabricada en cartulina de 320 g\/m\u00b2 de alta calidad y se puede imprimir con tus propios dise\u00f1os tanto en el exterior como en el interior. Mejora tus dise\u00f1os con estampaci\u00f3n en caliente y con relieve para dar una nueva dimensi\u00f3n a tus tarjetas de felicitaci\u00f3n. Incluye por defecto un sobre blanco. Tama\u00f1o de la tarjeta: 148 x 148\u00a0mm.","breadcrumb":{"@id":"https:\/\/adl-regalosempresa.com\/tiendaonline\/articulos\/merchandising\/tarjeta-de-felicitacion-cuadrada-para-personalizar-con-logo\/#breadcrumb"},"inLanguage":"es","potentialAction":[{"@type":"ReadAction","target":["https:\/\/adl-regalosempresa.com\/tiendaonline\/articulos\/merchandising\/tarjeta-de-felicitacion-cuadrada-para-personalizar-con-logo\/"]}]},{"@type":"ImageObject","inLanguage":"es","@id":"https:\/\/adl-regalosempresa.com\/tiendaonline\/articulos\/merchandising\/tarjeta-de-felicitacion-cuadrada-para-personalizar-con-logo\/#primaryimage","url":"https:\/\/adl-regalosempresa.com\/tiendaonline\/wp-content\/uploads\/2025\/06\/21075301.jpg","contentUrl":"https:\/\/adl-regalosempresa.com\/tiendaonline\/wp-content\/uploads\/2025\/06\/21075301.jpg","width":1600,"height":1600,"caption":"Tarjeta de felicitaci\u00f3n cuadrada \"Herald\""},{"@type":"BreadcrumbList","@id":"https:\/\/adl-regalosempresa.com\/tiendaonline\/articulos\/merchandising\/tarjeta-de-felicitacion-cuadrada-para-personalizar-con-logo\/#breadcrumb","itemListElement":[{"@type":"ListItem","position":1,"name":"Portada","item":"https:\/\/adl-regalosempresa.com\/tiendaonline\/"},{"@type":"ListItem","position":2,"name":"Tienda","item":"https:\/\/adl-regalosempresa.com\/tiendaonline\/tienda\/"},{"@type":"ListItem","position":3,"name":"Tarjeta de felicitaci\u00f3n cuadrada para personalizar con logo"}]},{"@type":"WebSite","@id":"https:\/\/adl-regalosempresa.com\/tiendaonline\/#website","url":"https:\/\/adl-regalosempresa.com\/tiendaonline\/","name":"ADL Comunicaci\u00f3n","description":"Regalos de empresa","publisher":{"@id":"https:\/\/adl-regalosempresa.com\/tiendaonline\/#organization"},"potentialAction":[{"@type":"SearchAction","target":{"@type":"EntryPoint","urlTemplate":"https:\/\/adl-regalosempresa.com\/tiendaonline\/?s={search_term_string}"},"query-input":{"@type":"PropertyValueSpecification","valueRequired":true,"valueName":"search_term_string"}}],"inLanguage":"es"},{"@type":"Organization","@id":"https:\/\/adl-regalosempresa.com\/tiendaonline\/#organization","name":"ADL Comunicaci\u00f3n","url":"https:\/\/adl-regalosempresa.com\/tiendaonline\/","logo":{"@type":"ImageObject","inLanguage":"es","@id":"https:\/\/adl-regalosempresa.com\/tiendaonline\/#\/schema\/logo\/image\/","url":"https:\/\/adl-regalosempresa.com\/tiendaonline\/wp-content\/uploads\/2017\/09\/logo-adl-wp.png","contentUrl":"https:\/\/adl-regalosempresa.com\/tiendaonline\/wp-content\/uploads\/2017\/09\/logo-adl-wp.png","width":407,"height":185,"caption":"ADL Comunicaci\u00f3n"},"image":{"@id":"https:\/\/adl-regalosempresa.com\/tiendaonline\/#\/schema\/logo\/image\/"}}]}},"_links":{"self":[{"href":"https:\/\/adl-regalosempresa.com\/tiendaonline\/wp-json\/wp\/v2\/product\/141870","targetHints":{"allow":["GET"]}}],"collection":[{"href":"https:\/\/adl-regalosempresa.com\/tiendaonline\/wp-json\/wp\/v2\/product"}],"about":[{"href":"https:\/\/adl-regalosempresa.com\/tiendaonline\/wp-json\/wp\/v2\/types\/product"}],"wp:featuredmedia":[{"embeddable":true,"href":"https:\/\/adl-regalosempresa.com\/tiendaonline\/wp-json\/wp\/v2\/media\/141872"}],"wp:attachment":[{"href":"https:\/\/adl-regalosempresa.com\/tiendaonline\/wp-json\/wp\/v2\/media?parent=141870"}],"wp:term":[{"taxonomy":"product_brand","embeddable":true,"href":"https:\/\/adl-regalosempresa.com\/tiendaonline\/wp-json\/wp\/v2\/product_brand?post=141870"},{"taxonomy":"product_cat","embeddable":true,"href":"https:\/\/adl-regalosempresa.com\/tiendaonline\/wp-json\/wp\/v2\/product_cat?post=141870"},{"taxonomy":"product_tag","embeddable":true,"href":"https:\/\/adl-regalosempresa.com\/tiendaonline\/wp-json\/wp\/v2\/product_tag?post=141870"}],"curies":[{"name":"wp","href":"https:\/\/api.w.org\/{rel}","templated":true}]}}