{"id":141816,"date":"2026-03-28T05:49:49","date_gmt":"2026-03-28T05:49:49","guid":{"rendered":"https:\/\/adl-regalosempresa.com\/tiendaonline\/articulos\/merchandising\/botella-de-650-ml-de-acero-inoxidable-con-certificado-rcs-para-personalizar-con-logo\/"},"modified":"2026-04-04T07:34:14","modified_gmt":"2026-04-04T07:34:14","slug":"botella-de-650-ml-de-acero-inoxidable-con-certificado-rcs-para-personalizar-con-logo","status":"publish","type":"product","link":"https:\/\/adl-regalosempresa.com\/tiendaonline\/articulos\/merchandising\/botella-de-650-ml-de-acero-inoxidable-con-certificado-rcs-para-personalizar-con-logo\/","title":{"rendered":"Botella de 650\u00a0ml de acero inoxidable con certificado RCS  para personalizar con logo"},"content":{"rendered":"<p>Refr\u00e9scate con esta botella de agua de 650 ml de pared simple, fabricada en acero inoxidable reciclado con certificado RCS. Cuenta con una tapa de rosca transparente a prueba de derrames para que no tengas que preocuparte de nada y una cinta integrada con un toque de color, que hace que sea f\u00e1cil y c\u00f3moda de llevar. Ligera y elegante, es la compa\u00f1\u00eda perfecta para tus actividades diarias.<\/p>\n","protected":false},"excerpt":{"rendered":"<p><strong>Descuentos por cantidades<\/strong><br \/>&#8211; a partir de 100 unidades: 3,76 \u20ac\/ud<br \/>&#8211; a partir de 250 unidades: 3,76 \u20ac\/ud<br \/>&#8211; a partir de 1000 unidades: 3,69 \u20ac\/ud<\/p>\n<p>Para cantidades superiores a las aqu\u00ed indicadas, no dudes en ponerte en contacto con nuestro departamento comercial o <a href='https:\/\/adl-regalosempresa.com\/tiendaonline\/solicitud-presupuesto\/'>pedirnos presupuesto personalizado<\/a>, ajustaremos el presupuesto a tus necesidades.<\/p>\n","protected":false},"featured_media":141818,"template":"","meta":{"_kad_post_transparent":"","_kad_post_title":"","_kad_post_layout":"","_kad_post_sidebar_id":"","_kad_post_content_style":"","_kad_post_vertical_padding":"","_kad_post_feature":"","_kad_post_feature_position":"","_kad_post_header":false,"_kad_post_footer":false,"_kad_post_classname":""},"product_brand":[],"product_cat":[3372,3373],"product_tag":[],"class_list":{"0":"post-141816","1":"product","2":"type-product","3":"status-publish","4":"has-post-thumbnail","6":"product_cat-articulos-para-bebidas","7":"product_cat-botellas-de-agua","8":"pa_alto-245-cm","9":"pa_ancho-66-cm","10":"pa_color-azul-real","11":"pa_color-blanco","12":"pa_color-negro-intenso","13":"pa_color-simple-azul","14":"pa_color-simple-blanco","15":"pa_color-simple-negro-intenso","16":"pa_diametro-66-cm","17":"pa_largo-76-cm","18":"pa_marca-unbranded","19":"pa_material-90-acero-inoxidable-reciclado-certificado-rcs-10-plastico-ps","20":"pa_peso-119-gr","22":"first","23":"instock","24":"taxable","25":"shipping-taxable","26":"purchasable","27":"product-type-variable","28":"entry","29":"content-bg","30":"loop-entry"},"yoast_head":"<!-- This site is optimized with the Yoast SEO plugin v26.3 - https:\/\/yoast.com\/wordpress\/plugins\/seo\/ -->\n<title>Merchandising Botella de 650\u00a0ml de acero inoxidable con certificado RCS para personalizar con logo - ADL<\/title>\n<meta name=\"description\" content=\"Art\u00edculo de merchandising Botella de 650\u00a0ml de acero inoxidable con certificado RCS &quot;Grom&quot;. Refr\u00e9scate con esta botella de agua de 650 ml de pared simple, fabricada en acero inoxidable reciclado con certificado RCS. Cuenta con una tapa de rosca transparente a prueba de derrames para que no tengas que preocuparte de nada y una cinta integrada con un toque de color, que hace que sea f\u00e1cil y c\u00f3moda de llevar. Ligera y elegante, es la compa\u00f1\u00eda perfecta para tus actividades diarias.\" \/>\n<meta name=\"robots\" content=\"index, follow, max-snippet:-1, max-image-preview:large, max-video-preview:-1\" \/>\n<link rel=\"canonical\" href=\"https:\/\/adl-regalosempresa.com\/tiendaonline\/articulos\/merchandising\/botella-de-650-ml-de-acero-inoxidable-con-certificado-rcs-para-personalizar-con-logo\/\" \/>\n<meta property=\"og:locale\" content=\"es_ES\" \/>\n<meta property=\"og:type\" content=\"article\" \/>\n<meta property=\"og:title\" content=\"Merchandising Botella de 650\u00a0ml de acero inoxidable con certificado RCS para personalizar con logo - ADL\" \/>\n<meta property=\"og:description\" content=\"Art\u00edculo de merchandising Botella de 650\u00a0ml de acero inoxidable con certificado RCS &quot;Grom&quot;. Refr\u00e9scate con esta botella de agua de 650 ml de pared simple, fabricada en acero inoxidable reciclado con certificado RCS. Cuenta con una tapa de rosca transparente a prueba de derrames para que no tengas que preocuparte de nada y una cinta integrada con un toque de color, que hace que sea f\u00e1cil y c\u00f3moda de llevar. Ligera y elegante, es la compa\u00f1\u00eda perfecta para tus actividades diarias.\" \/>\n<meta property=\"og:url\" content=\"https:\/\/adl-regalosempresa.com\/tiendaonline\/articulos\/merchandising\/botella-de-650-ml-de-acero-inoxidable-con-certificado-rcs-para-personalizar-con-logo\/\" \/>\n<meta property=\"og:site_name\" content=\"ADL Comunicaci\u00f3n\" \/>\n<meta property=\"article:modified_time\" content=\"2026-04-04T07:34:14+00:00\" \/>\n<meta property=\"og:image\" content=\"https:\/\/adl-regalosempresa.com\/tiendaonline\/wp-content\/uploads\/2025\/06\/10086901.jpg\" \/>\n\t<meta property=\"og:image:width\" content=\"1600\" \/>\n\t<meta property=\"og:image:height\" content=\"1600\" \/>\n\t<meta property=\"og:image:type\" content=\"image\/jpeg\" \/>\n<meta name=\"twitter:card\" content=\"summary_large_image\" \/>\n<meta name=\"twitter:title\" content=\"Merchandising Botella de 650\u00a0ml de acero inoxidable con certificado RCS para personalizar con logo - ADL\" \/>\n<script type=\"application\/ld+json\" class=\"yoast-schema-graph\">{\"@context\":\"https:\/\/schema.org\",\"@graph\":[{\"@type\":\"WebPage\",\"@id\":\"https:\/\/adl-regalosempresa.com\/tiendaonline\/articulos\/merchandising\/botella-de-650-ml-de-acero-inoxidable-con-certificado-rcs-para-personalizar-con-logo\/\",\"url\":\"https:\/\/adl-regalosempresa.com\/tiendaonline\/articulos\/merchandising\/botella-de-650-ml-de-acero-inoxidable-con-certificado-rcs-para-personalizar-con-logo\/\",\"name\":\"Merchandising Botella de 650\u00a0ml de acero inoxidable con certificado RCS para personalizar con logo - ADL\",\"isPartOf\":{\"@id\":\"https:\/\/adl-regalosempresa.com\/tiendaonline\/#website\"},\"primaryImageOfPage\":{\"@id\":\"https:\/\/adl-regalosempresa.com\/tiendaonline\/articulos\/merchandising\/botella-de-650-ml-de-acero-inoxidable-con-certificado-rcs-para-personalizar-con-logo\/#primaryimage\"},\"image\":{\"@id\":\"https:\/\/adl-regalosempresa.com\/tiendaonline\/articulos\/merchandising\/botella-de-650-ml-de-acero-inoxidable-con-certificado-rcs-para-personalizar-con-logo\/#primaryimage\"},\"thumbnailUrl\":\"https:\/\/adl-regalosempresa.com\/tiendaonline\/wp-content\/uploads\/2025\/06\/10086901.jpg\",\"datePublished\":\"2026-03-28T05:49:49+00:00\",\"dateModified\":\"2026-04-04T07:34:14+00:00\",\"description\":\"Art\u00edculo de merchandising Botella de 650\u00a0ml de acero inoxidable con certificado RCS \\\"Grom\\\". Refr\u00e9scate con esta botella de agua de 650 ml de pared simple, fabricada en acero inoxidable reciclado con certificado RCS. Cuenta con una tapa de rosca transparente a prueba de derrames para que no tengas que preocuparte de nada y una cinta integrada con un toque de color, que hace que sea f\u00e1cil y c\u00f3moda de llevar. Ligera y elegante, es la compa\u00f1\u00eda perfecta para tus actividades diarias.\",\"breadcrumb\":{\"@id\":\"https:\/\/adl-regalosempresa.com\/tiendaonline\/articulos\/merchandising\/botella-de-650-ml-de-acero-inoxidable-con-certificado-rcs-para-personalizar-con-logo\/#breadcrumb\"},\"inLanguage\":\"es\",\"potentialAction\":[{\"@type\":\"ReadAction\",\"target\":[\"https:\/\/adl-regalosempresa.com\/tiendaonline\/articulos\/merchandising\/botella-de-650-ml-de-acero-inoxidable-con-certificado-rcs-para-personalizar-con-logo\/\"]}]},{\"@type\":\"ImageObject\",\"inLanguage\":\"es\",\"@id\":\"https:\/\/adl-regalosempresa.com\/tiendaonline\/articulos\/merchandising\/botella-de-650-ml-de-acero-inoxidable-con-certificado-rcs-para-personalizar-con-logo\/#primaryimage\",\"url\":\"https:\/\/adl-regalosempresa.com\/tiendaonline\/wp-content\/uploads\/2025\/06\/10086901.jpg\",\"contentUrl\":\"https:\/\/adl-regalosempresa.com\/tiendaonline\/wp-content\/uploads\/2025\/06\/10086901.jpg\",\"width\":1600,\"height\":1600,\"caption\":\"Botella de 650\u00a0ml de acero inoxidable con certificado RCS \\\"Grom\\\"\"},{\"@type\":\"BreadcrumbList\",\"@id\":\"https:\/\/adl-regalosempresa.com\/tiendaonline\/articulos\/merchandising\/botella-de-650-ml-de-acero-inoxidable-con-certificado-rcs-para-personalizar-con-logo\/#breadcrumb\",\"itemListElement\":[{\"@type\":\"ListItem\",\"position\":1,\"name\":\"Portada\",\"item\":\"https:\/\/adl-regalosempresa.com\/tiendaonline\/\"},{\"@type\":\"ListItem\",\"position\":2,\"name\":\"Tienda\",\"item\":\"https:\/\/adl-regalosempresa.com\/tiendaonline\/tienda\/\"},{\"@type\":\"ListItem\",\"position\":3,\"name\":\"Botella de 650\u00a0ml de acero inoxidable con certificado RCS para personalizar con logo\"}]},{\"@type\":\"WebSite\",\"@id\":\"https:\/\/adl-regalosempresa.com\/tiendaonline\/#website\",\"url\":\"https:\/\/adl-regalosempresa.com\/tiendaonline\/\",\"name\":\"ADL Comunicaci\u00f3n\",\"description\":\"Regalos de empresa\",\"publisher\":{\"@id\":\"https:\/\/adl-regalosempresa.com\/tiendaonline\/#organization\"},\"potentialAction\":[{\"@type\":\"SearchAction\",\"target\":{\"@type\":\"EntryPoint\",\"urlTemplate\":\"https:\/\/adl-regalosempresa.com\/tiendaonline\/?s={search_term_string}\"},\"query-input\":{\"@type\":\"PropertyValueSpecification\",\"valueRequired\":true,\"valueName\":\"search_term_string\"}}],\"inLanguage\":\"es\"},{\"@type\":\"Organization\",\"@id\":\"https:\/\/adl-regalosempresa.com\/tiendaonline\/#organization\",\"name\":\"ADL Comunicaci\u00f3n\",\"url\":\"https:\/\/adl-regalosempresa.com\/tiendaonline\/\",\"logo\":{\"@type\":\"ImageObject\",\"inLanguage\":\"es\",\"@id\":\"https:\/\/adl-regalosempresa.com\/tiendaonline\/#\/schema\/logo\/image\/\",\"url\":\"https:\/\/adl-regalosempresa.com\/tiendaonline\/wp-content\/uploads\/2017\/09\/logo-adl-wp.png\",\"contentUrl\":\"https:\/\/adl-regalosempresa.com\/tiendaonline\/wp-content\/uploads\/2017\/09\/logo-adl-wp.png\",\"width\":407,\"height\":185,\"caption\":\"ADL Comunicaci\u00f3n\"},\"image\":{\"@id\":\"https:\/\/adl-regalosempresa.com\/tiendaonline\/#\/schema\/logo\/image\/\"}}]}<\/script>\n<!-- \/ Yoast SEO plugin. -->","yoast_head_json":{"title":"Merchandising Botella de 650\u00a0ml de acero inoxidable con certificado RCS para personalizar con logo - ADL","description":"Art\u00edculo de merchandising Botella de 650\u00a0ml de acero inoxidable con certificado RCS \"Grom\". Refr\u00e9scate con esta botella de agua de 650 ml de pared simple, fabricada en acero inoxidable reciclado con certificado RCS. Cuenta con una tapa de rosca transparente a prueba de derrames para que no tengas que preocuparte de nada y una cinta integrada con un toque de color, que hace que sea f\u00e1cil y c\u00f3moda de llevar. Ligera y elegante, es la compa\u00f1\u00eda perfecta para tus actividades diarias.","robots":{"index":"index","follow":"follow","max-snippet":"max-snippet:-1","max-image-preview":"max-image-preview:large","max-video-preview":"max-video-preview:-1"},"canonical":"https:\/\/adl-regalosempresa.com\/tiendaonline\/articulos\/merchandising\/botella-de-650-ml-de-acero-inoxidable-con-certificado-rcs-para-personalizar-con-logo\/","og_locale":"es_ES","og_type":"article","og_title":"Merchandising Botella de 650\u00a0ml de acero inoxidable con certificado RCS para personalizar con logo - ADL","og_description":"Art\u00edculo de merchandising Botella de 650\u00a0ml de acero inoxidable con certificado RCS \"Grom\". Refr\u00e9scate con esta botella de agua de 650 ml de pared simple, fabricada en acero inoxidable reciclado con certificado RCS. Cuenta con una tapa de rosca transparente a prueba de derrames para que no tengas que preocuparte de nada y una cinta integrada con un toque de color, que hace que sea f\u00e1cil y c\u00f3moda de llevar. Ligera y elegante, es la compa\u00f1\u00eda perfecta para tus actividades diarias.","og_url":"https:\/\/adl-regalosempresa.com\/tiendaonline\/articulos\/merchandising\/botella-de-650-ml-de-acero-inoxidable-con-certificado-rcs-para-personalizar-con-logo\/","og_site_name":"ADL Comunicaci\u00f3n","article_modified_time":"2026-04-04T07:34:14+00:00","og_image":[{"width":1600,"height":1600,"url":"https:\/\/adl-regalosempresa.com\/tiendaonline\/wp-content\/uploads\/2025\/06\/10086901.jpg","type":"image\/jpeg"}],"twitter_card":"summary_large_image","twitter_title":"Merchandising Botella de 650\u00a0ml de acero inoxidable con certificado RCS para personalizar con logo - ADL","schema":{"@context":"https:\/\/schema.org","@graph":[{"@type":"WebPage","@id":"https:\/\/adl-regalosempresa.com\/tiendaonline\/articulos\/merchandising\/botella-de-650-ml-de-acero-inoxidable-con-certificado-rcs-para-personalizar-con-logo\/","url":"https:\/\/adl-regalosempresa.com\/tiendaonline\/articulos\/merchandising\/botella-de-650-ml-de-acero-inoxidable-con-certificado-rcs-para-personalizar-con-logo\/","name":"Merchandising Botella de 650\u00a0ml de acero inoxidable con certificado RCS para personalizar con logo - ADL","isPartOf":{"@id":"https:\/\/adl-regalosempresa.com\/tiendaonline\/#website"},"primaryImageOfPage":{"@id":"https:\/\/adl-regalosempresa.com\/tiendaonline\/articulos\/merchandising\/botella-de-650-ml-de-acero-inoxidable-con-certificado-rcs-para-personalizar-con-logo\/#primaryimage"},"image":{"@id":"https:\/\/adl-regalosempresa.com\/tiendaonline\/articulos\/merchandising\/botella-de-650-ml-de-acero-inoxidable-con-certificado-rcs-para-personalizar-con-logo\/#primaryimage"},"thumbnailUrl":"https:\/\/adl-regalosempresa.com\/tiendaonline\/wp-content\/uploads\/2025\/06\/10086901.jpg","datePublished":"2026-03-28T05:49:49+00:00","dateModified":"2026-04-04T07:34:14+00:00","description":"Art\u00edculo de merchandising Botella de 650\u00a0ml de acero inoxidable con certificado RCS \"Grom\". Refr\u00e9scate con esta botella de agua de 650 ml de pared simple, fabricada en acero inoxidable reciclado con certificado RCS. Cuenta con una tapa de rosca transparente a prueba de derrames para que no tengas que preocuparte de nada y una cinta integrada con un toque de color, que hace que sea f\u00e1cil y c\u00f3moda de llevar. Ligera y elegante, es la compa\u00f1\u00eda perfecta para tus actividades diarias.","breadcrumb":{"@id":"https:\/\/adl-regalosempresa.com\/tiendaonline\/articulos\/merchandising\/botella-de-650-ml-de-acero-inoxidable-con-certificado-rcs-para-personalizar-con-logo\/#breadcrumb"},"inLanguage":"es","potentialAction":[{"@type":"ReadAction","target":["https:\/\/adl-regalosempresa.com\/tiendaonline\/articulos\/merchandising\/botella-de-650-ml-de-acero-inoxidable-con-certificado-rcs-para-personalizar-con-logo\/"]}]},{"@type":"ImageObject","inLanguage":"es","@id":"https:\/\/adl-regalosempresa.com\/tiendaonline\/articulos\/merchandising\/botella-de-650-ml-de-acero-inoxidable-con-certificado-rcs-para-personalizar-con-logo\/#primaryimage","url":"https:\/\/adl-regalosempresa.com\/tiendaonline\/wp-content\/uploads\/2025\/06\/10086901.jpg","contentUrl":"https:\/\/adl-regalosempresa.com\/tiendaonline\/wp-content\/uploads\/2025\/06\/10086901.jpg","width":1600,"height":1600,"caption":"Botella de 650\u00a0ml de acero inoxidable con certificado RCS \"Grom\""},{"@type":"BreadcrumbList","@id":"https:\/\/adl-regalosempresa.com\/tiendaonline\/articulos\/merchandising\/botella-de-650-ml-de-acero-inoxidable-con-certificado-rcs-para-personalizar-con-logo\/#breadcrumb","itemListElement":[{"@type":"ListItem","position":1,"name":"Portada","item":"https:\/\/adl-regalosempresa.com\/tiendaonline\/"},{"@type":"ListItem","position":2,"name":"Tienda","item":"https:\/\/adl-regalosempresa.com\/tiendaonline\/tienda\/"},{"@type":"ListItem","position":3,"name":"Botella de 650\u00a0ml de acero inoxidable con certificado RCS para personalizar con logo"}]},{"@type":"WebSite","@id":"https:\/\/adl-regalosempresa.com\/tiendaonline\/#website","url":"https:\/\/adl-regalosempresa.com\/tiendaonline\/","name":"ADL Comunicaci\u00f3n","description":"Regalos de empresa","publisher":{"@id":"https:\/\/adl-regalosempresa.com\/tiendaonline\/#organization"},"potentialAction":[{"@type":"SearchAction","target":{"@type":"EntryPoint","urlTemplate":"https:\/\/adl-regalosempresa.com\/tiendaonline\/?s={search_term_string}"},"query-input":{"@type":"PropertyValueSpecification","valueRequired":true,"valueName":"search_term_string"}}],"inLanguage":"es"},{"@type":"Organization","@id":"https:\/\/adl-regalosempresa.com\/tiendaonline\/#organization","name":"ADL Comunicaci\u00f3n","url":"https:\/\/adl-regalosempresa.com\/tiendaonline\/","logo":{"@type":"ImageObject","inLanguage":"es","@id":"https:\/\/adl-regalosempresa.com\/tiendaonline\/#\/schema\/logo\/image\/","url":"https:\/\/adl-regalosempresa.com\/tiendaonline\/wp-content\/uploads\/2017\/09\/logo-adl-wp.png","contentUrl":"https:\/\/adl-regalosempresa.com\/tiendaonline\/wp-content\/uploads\/2017\/09\/logo-adl-wp.png","width":407,"height":185,"caption":"ADL Comunicaci\u00f3n"},"image":{"@id":"https:\/\/adl-regalosempresa.com\/tiendaonline\/#\/schema\/logo\/image\/"}}]}},"_links":{"self":[{"href":"https:\/\/adl-regalosempresa.com\/tiendaonline\/wp-json\/wp\/v2\/product\/141816","targetHints":{"allow":["GET"]}}],"collection":[{"href":"https:\/\/adl-regalosempresa.com\/tiendaonline\/wp-json\/wp\/v2\/product"}],"about":[{"href":"https:\/\/adl-regalosempresa.com\/tiendaonline\/wp-json\/wp\/v2\/types\/product"}],"wp:featuredmedia":[{"embeddable":true,"href":"https:\/\/adl-regalosempresa.com\/tiendaonline\/wp-json\/wp\/v2\/media\/141818"}],"wp:attachment":[{"href":"https:\/\/adl-regalosempresa.com\/tiendaonline\/wp-json\/wp\/v2\/media?parent=141816"}],"wp:term":[{"taxonomy":"product_brand","embeddable":true,"href":"https:\/\/adl-regalosempresa.com\/tiendaonline\/wp-json\/wp\/v2\/product_brand?post=141816"},{"taxonomy":"product_cat","embeddable":true,"href":"https:\/\/adl-regalosempresa.com\/tiendaonline\/wp-json\/wp\/v2\/product_cat?post=141816"},{"taxonomy":"product_tag","embeddable":true,"href":"https:\/\/adl-regalosempresa.com\/tiendaonline\/wp-json\/wp\/v2\/product_tag?post=141816"}],"curies":[{"name":"wp","href":"https:\/\/api.w.org\/{rel}","templated":true}]}}