{"id":141563,"date":"2026-03-31T06:13:22","date_gmt":"2026-03-31T06:13:22","guid":{"rendered":"https:\/\/adl-regalosempresa.com\/tiendaonline\/articulos\/merchandising\/cinta-de-correr-compacta-para-personalizar-con-logo\/"},"modified":"2026-04-17T08:36:14","modified_gmt":"2026-04-17T08:36:14","slug":"cinta-de-correr-compacta-para-personalizar-con-logo","status":"publish","type":"product","link":"https:\/\/adl-regalosempresa.com\/tiendaonline\/articulos\/merchandising\/cinta-de-correr-compacta-para-personalizar-con-logo\/","title":{"rendered":"Cinta de correr compacta  para personalizar con logo"},"content":{"rendered":"<p>La cinta de correr \u00abRF110 Run Fit\u00bb permite disfrutar de un entrenamiento c\u00f3modo desde casa, perfecto para principiantes que buscan mantenerse activos. Con una gama de velocidades de 1 a 10\u00a0km\/h, ofrece flexibilidad para ajustarse a tu nivel de forma f\u00edsica. Su dise\u00f1o ultracompacto y su sistema de plegado, combinado con dos ruedas incorporadas, facilitan su transporte y almacenamiento, incluso debajo de la cama, ya que solo mide 14 cm de alto cuando est\u00e1 plegada. La cinta de correr cuenta con seis programas preestablecidos y dos niveles de inclinaci\u00f3n, lo que le permite personalizar el entrenamiento para que sea variado y desafiante. Una pantalla LED integrada muestra informaci\u00f3n de la velocidad, distancia, calor\u00edas quemadas y tiempo de ejercicio, lo que te ayuda a mantener la motivaci\u00f3n y el rumbo hacia tus objetivos.<\/p>\n","protected":false},"excerpt":{"rendered":"<p><strong>Descuentos por cantidades<\/strong><br \/>&#8211; a partir de 2 unidades: 315,86 \u20ac\/ud<br \/>&#8211; a partir de 5 unidades: 298,93 \u20ac\/ud<br \/>&#8211; a partir de 25 unidades: 282,39 \u20ac\/ud<\/p>\n<p>Para cantidades superiores a las aqu\u00ed indicadas, no dudes en ponerte en contacto con nuestro departamento comercial o <a href='https:\/\/adl-regalosempresa.com\/tiendaonline\/solicitud-presupuesto\/'>pedirnos presupuesto personalizado<\/a>, ajustaremos el presupuesto a tus necesidades.<\/p>\n","protected":false},"featured_media":141565,"template":"","meta":{"_kad_post_transparent":"","_kad_post_title":"","_kad_post_layout":"","_kad_post_sidebar_id":"","_kad_post_content_style":"","_kad_post_vertical_padding":"","_kad_post_feature":"","_kad_post_feature_position":"","_kad_post_header":false,"_kad_post_footer":false,"_kad_post_classname":""},"product_brand":[],"product_cat":[3855,3375],"product_tag":[],"class_list":{"0":"post-141563","1":"product","2":"type-product","3":"status-publish","4":"has-post-thumbnail","6":"product_cat-fitness-y-deporte","7":"product_cat-deportes-y-ocio","8":"pa_alto-1095-cm","9":"pa_ancho-635-cm","10":"pa_color-negro-intenso","11":"pa_color-simple-negro-intenso","12":"pa_largo-1255-cm","13":"pa_marca-prixton","14":"pa_material-plastico-abs-vidrio","15":"pa_peso-24900-gr","17":"first","18":"instock","19":"taxable","20":"shipping-taxable","21":"purchasable","22":"product-type-variable","23":"entry","24":"content-bg","25":"loop-entry"},"yoast_head":"<!-- This site is optimized with the Yoast SEO plugin v26.3 - https:\/\/yoast.com\/wordpress\/plugins\/seo\/ -->\n<title>Merchandising Cinta de correr compacta para personalizar con logo - ADL<\/title>\n<meta name=\"description\" content=\"Art\u00edculo de merchandising Cinta de correr compacta &quot;Prixton RF110 Run Fit&quot;. La cinta de correr &quot;RF110 Run Fit&quot; permite disfrutar de un entrenamiento c\u00f3modo desde casa, perfecto para principiantes que buscan mantenerse activos. Con una gama de velocidades de 1 a 10\u00a0km\/h, ofrece flexibilidad para ajustarse a tu nivel de forma f\u00edsica. Su dise\u00f1o ultracompacto y su sistema de plegado, combinado con dos ruedas incorporadas, facilitan su transporte y almacenamiento, incluso debajo de la cama, ya que solo mide 14 cm de alto cuando est\u00e1 plegada. La cinta de correr cuenta con seis programas preestablecidos y dos niveles de inclinaci\u00f3n, lo que le permite personalizar el entrenamiento para que sea variado y desafiante. Una pantalla LED integrada muestra informaci\u00f3n de la velocidad, distancia, calor\u00edas quemadas y tiempo de ejercicio, lo que te ayuda a mantener la motivaci\u00f3n y el rumbo hacia tus objetivos.\" \/>\n<meta name=\"robots\" content=\"index, follow, max-snippet:-1, max-image-preview:large, max-video-preview:-1\" \/>\n<link rel=\"canonical\" href=\"https:\/\/adl-regalosempresa.com\/tiendaonline\/articulos\/merchandising\/cinta-de-correr-compacta-para-personalizar-con-logo\/\" \/>\n<meta property=\"og:locale\" content=\"es_ES\" \/>\n<meta property=\"og:type\" content=\"article\" \/>\n<meta property=\"og:title\" content=\"Merchandising Cinta de correr compacta para personalizar con logo - ADL\" \/>\n<meta property=\"og:description\" content=\"Art\u00edculo de merchandising Cinta de correr compacta &quot;Prixton RF110 Run Fit&quot;. La cinta de correr &quot;RF110 Run Fit&quot; permite disfrutar de un entrenamiento c\u00f3modo desde casa, perfecto para principiantes que buscan mantenerse activos. Con una gama de velocidades de 1 a 10\u00a0km\/h, ofrece flexibilidad para ajustarse a tu nivel de forma f\u00edsica. Su dise\u00f1o ultracompacto y su sistema de plegado, combinado con dos ruedas incorporadas, facilitan su transporte y almacenamiento, incluso debajo de la cama, ya que solo mide 14 cm de alto cuando est\u00e1 plegada. La cinta de correr cuenta con seis programas preestablecidos y dos niveles de inclinaci\u00f3n, lo que le permite personalizar el entrenamiento para que sea variado y desafiante. Una pantalla LED integrada muestra informaci\u00f3n de la velocidad, distancia, calor\u00edas quemadas y tiempo de ejercicio, lo que te ayuda a mantener la motivaci\u00f3n y el rumbo hacia tus objetivos.\" \/>\n<meta property=\"og:url\" content=\"https:\/\/adl-regalosempresa.com\/tiendaonline\/articulos\/merchandising\/cinta-de-correr-compacta-para-personalizar-con-logo\/\" \/>\n<meta property=\"og:site_name\" content=\"ADL Comunicaci\u00f3n\" \/>\n<meta property=\"article:modified_time\" content=\"2026-04-17T08:36:14+00:00\" \/>\n<meta property=\"og:image\" content=\"https:\/\/adl-regalosempresa.com\/tiendaonline\/wp-content\/uploads\/2025\/05\/1PA21290.jpg\" \/>\n\t<meta property=\"og:image:width\" content=\"1600\" \/>\n\t<meta property=\"og:image:height\" content=\"1600\" \/>\n\t<meta property=\"og:image:type\" content=\"image\/jpeg\" \/>\n<meta name=\"twitter:card\" content=\"summary_large_image\" \/>\n<meta name=\"twitter:title\" content=\"Merchandising Cinta de correr compacta para personalizar con logo - ADL\" \/>\n<meta name=\"twitter:label1\" content=\"Tiempo de lectura\" \/>\n\t<meta name=\"twitter:data1\" content=\"1 minuto\" \/>\n<script type=\"application\/ld+json\" class=\"yoast-schema-graph\">{\"@context\":\"https:\/\/schema.org\",\"@graph\":[{\"@type\":\"WebPage\",\"@id\":\"https:\/\/adl-regalosempresa.com\/tiendaonline\/articulos\/merchandising\/cinta-de-correr-compacta-para-personalizar-con-logo\/\",\"url\":\"https:\/\/adl-regalosempresa.com\/tiendaonline\/articulos\/merchandising\/cinta-de-correr-compacta-para-personalizar-con-logo\/\",\"name\":\"Merchandising Cinta de correr compacta para personalizar con logo - ADL\",\"isPartOf\":{\"@id\":\"https:\/\/adl-regalosempresa.com\/tiendaonline\/#website\"},\"primaryImageOfPage\":{\"@id\":\"https:\/\/adl-regalosempresa.com\/tiendaonline\/articulos\/merchandising\/cinta-de-correr-compacta-para-personalizar-con-logo\/#primaryimage\"},\"image\":{\"@id\":\"https:\/\/adl-regalosempresa.com\/tiendaonline\/articulos\/merchandising\/cinta-de-correr-compacta-para-personalizar-con-logo\/#primaryimage\"},\"thumbnailUrl\":\"https:\/\/adl-regalosempresa.com\/tiendaonline\/wp-content\/uploads\/2025\/05\/1PA21290.jpg\",\"datePublished\":\"2026-03-31T06:13:22+00:00\",\"dateModified\":\"2026-04-17T08:36:14+00:00\",\"description\":\"Art\u00edculo de merchandising Cinta de correr compacta \\\"Prixton RF110 Run Fit\\\". La cinta de correr \\\"RF110 Run Fit\\\" permite disfrutar de un entrenamiento c\u00f3modo desde casa, perfecto para principiantes que buscan mantenerse activos. Con una gama de velocidades de 1 a 10\u00a0km\/h, ofrece flexibilidad para ajustarse a tu nivel de forma f\u00edsica. Su dise\u00f1o ultracompacto y su sistema de plegado, combinado con dos ruedas incorporadas, facilitan su transporte y almacenamiento, incluso debajo de la cama, ya que solo mide 14 cm de alto cuando est\u00e1 plegada. La cinta de correr cuenta con seis programas preestablecidos y dos niveles de inclinaci\u00f3n, lo que le permite personalizar el entrenamiento para que sea variado y desafiante. Una pantalla LED integrada muestra informaci\u00f3n de la velocidad, distancia, calor\u00edas quemadas y tiempo de ejercicio, lo que te ayuda a mantener la motivaci\u00f3n y el rumbo hacia tus objetivos.\",\"breadcrumb\":{\"@id\":\"https:\/\/adl-regalosempresa.com\/tiendaonline\/articulos\/merchandising\/cinta-de-correr-compacta-para-personalizar-con-logo\/#breadcrumb\"},\"inLanguage\":\"es\",\"potentialAction\":[{\"@type\":\"ReadAction\",\"target\":[\"https:\/\/adl-regalosempresa.com\/tiendaonline\/articulos\/merchandising\/cinta-de-correr-compacta-para-personalizar-con-logo\/\"]}]},{\"@type\":\"ImageObject\",\"inLanguage\":\"es\",\"@id\":\"https:\/\/adl-regalosempresa.com\/tiendaonline\/articulos\/merchandising\/cinta-de-correr-compacta-para-personalizar-con-logo\/#primaryimage\",\"url\":\"https:\/\/adl-regalosempresa.com\/tiendaonline\/wp-content\/uploads\/2025\/05\/1PA21290.jpg\",\"contentUrl\":\"https:\/\/adl-regalosempresa.com\/tiendaonline\/wp-content\/uploads\/2025\/05\/1PA21290.jpg\",\"width\":1600,\"height\":1600,\"caption\":\"Cinta de correr compacta \\\"Prixton RF110 Run Fit\\\"\"},{\"@type\":\"BreadcrumbList\",\"@id\":\"https:\/\/adl-regalosempresa.com\/tiendaonline\/articulos\/merchandising\/cinta-de-correr-compacta-para-personalizar-con-logo\/#breadcrumb\",\"itemListElement\":[{\"@type\":\"ListItem\",\"position\":1,\"name\":\"Portada\",\"item\":\"https:\/\/adl-regalosempresa.com\/tiendaonline\/\"},{\"@type\":\"ListItem\",\"position\":2,\"name\":\"Tienda\",\"item\":\"https:\/\/adl-regalosempresa.com\/tiendaonline\/tienda\/\"},{\"@type\":\"ListItem\",\"position\":3,\"name\":\"Cinta de correr compacta para personalizar con logo\"}]},{\"@type\":\"WebSite\",\"@id\":\"https:\/\/adl-regalosempresa.com\/tiendaonline\/#website\",\"url\":\"https:\/\/adl-regalosempresa.com\/tiendaonline\/\",\"name\":\"ADL Comunicaci\u00f3n\",\"description\":\"Regalos de empresa\",\"publisher\":{\"@id\":\"https:\/\/adl-regalosempresa.com\/tiendaonline\/#organization\"},\"potentialAction\":[{\"@type\":\"SearchAction\",\"target\":{\"@type\":\"EntryPoint\",\"urlTemplate\":\"https:\/\/adl-regalosempresa.com\/tiendaonline\/?s={search_term_string}\"},\"query-input\":{\"@type\":\"PropertyValueSpecification\",\"valueRequired\":true,\"valueName\":\"search_term_string\"}}],\"inLanguage\":\"es\"},{\"@type\":\"Organization\",\"@id\":\"https:\/\/adl-regalosempresa.com\/tiendaonline\/#organization\",\"name\":\"ADL Comunicaci\u00f3n\",\"url\":\"https:\/\/adl-regalosempresa.com\/tiendaonline\/\",\"logo\":{\"@type\":\"ImageObject\",\"inLanguage\":\"es\",\"@id\":\"https:\/\/adl-regalosempresa.com\/tiendaonline\/#\/schema\/logo\/image\/\",\"url\":\"https:\/\/adl-regalosempresa.com\/tiendaonline\/wp-content\/uploads\/2017\/09\/logo-adl-wp.png\",\"contentUrl\":\"https:\/\/adl-regalosempresa.com\/tiendaonline\/wp-content\/uploads\/2017\/09\/logo-adl-wp.png\",\"width\":407,\"height\":185,\"caption\":\"ADL Comunicaci\u00f3n\"},\"image\":{\"@id\":\"https:\/\/adl-regalosempresa.com\/tiendaonline\/#\/schema\/logo\/image\/\"}}]}<\/script>\n<!-- \/ Yoast SEO plugin. -->","yoast_head_json":{"title":"Merchandising Cinta de correr compacta para personalizar con logo - ADL","description":"Art\u00edculo de merchandising Cinta de correr compacta \"Prixton RF110 Run Fit\". La cinta de correr \"RF110 Run Fit\" permite disfrutar de un entrenamiento c\u00f3modo desde casa, perfecto para principiantes que buscan mantenerse activos. Con una gama de velocidades de 1 a 10\u00a0km\/h, ofrece flexibilidad para ajustarse a tu nivel de forma f\u00edsica. Su dise\u00f1o ultracompacto y su sistema de plegado, combinado con dos ruedas incorporadas, facilitan su transporte y almacenamiento, incluso debajo de la cama, ya que solo mide 14 cm de alto cuando est\u00e1 plegada. La cinta de correr cuenta con seis programas preestablecidos y dos niveles de inclinaci\u00f3n, lo que le permite personalizar el entrenamiento para que sea variado y desafiante. Una pantalla LED integrada muestra informaci\u00f3n de la velocidad, distancia, calor\u00edas quemadas y tiempo de ejercicio, lo que te ayuda a mantener la motivaci\u00f3n y el rumbo hacia tus objetivos.","robots":{"index":"index","follow":"follow","max-snippet":"max-snippet:-1","max-image-preview":"max-image-preview:large","max-video-preview":"max-video-preview:-1"},"canonical":"https:\/\/adl-regalosempresa.com\/tiendaonline\/articulos\/merchandising\/cinta-de-correr-compacta-para-personalizar-con-logo\/","og_locale":"es_ES","og_type":"article","og_title":"Merchandising Cinta de correr compacta para personalizar con logo - ADL","og_description":"Art\u00edculo de merchandising Cinta de correr compacta \"Prixton RF110 Run Fit\". La cinta de correr \"RF110 Run Fit\" permite disfrutar de un entrenamiento c\u00f3modo desde casa, perfecto para principiantes que buscan mantenerse activos. Con una gama de velocidades de 1 a 10\u00a0km\/h, ofrece flexibilidad para ajustarse a tu nivel de forma f\u00edsica. Su dise\u00f1o ultracompacto y su sistema de plegado, combinado con dos ruedas incorporadas, facilitan su transporte y almacenamiento, incluso debajo de la cama, ya que solo mide 14 cm de alto cuando est\u00e1 plegada. La cinta de correr cuenta con seis programas preestablecidos y dos niveles de inclinaci\u00f3n, lo que le permite personalizar el entrenamiento para que sea variado y desafiante. Una pantalla LED integrada muestra informaci\u00f3n de la velocidad, distancia, calor\u00edas quemadas y tiempo de ejercicio, lo que te ayuda a mantener la motivaci\u00f3n y el rumbo hacia tus objetivos.","og_url":"https:\/\/adl-regalosempresa.com\/tiendaonline\/articulos\/merchandising\/cinta-de-correr-compacta-para-personalizar-con-logo\/","og_site_name":"ADL Comunicaci\u00f3n","article_modified_time":"2026-04-17T08:36:14+00:00","og_image":[{"width":1600,"height":1600,"url":"https:\/\/adl-regalosempresa.com\/tiendaonline\/wp-content\/uploads\/2025\/05\/1PA21290.jpg","type":"image\/jpeg"}],"twitter_card":"summary_large_image","twitter_title":"Merchandising Cinta de correr compacta para personalizar con logo - ADL","twitter_misc":{"Tiempo de lectura":"1 minuto"},"schema":{"@context":"https:\/\/schema.org","@graph":[{"@type":"WebPage","@id":"https:\/\/adl-regalosempresa.com\/tiendaonline\/articulos\/merchandising\/cinta-de-correr-compacta-para-personalizar-con-logo\/","url":"https:\/\/adl-regalosempresa.com\/tiendaonline\/articulos\/merchandising\/cinta-de-correr-compacta-para-personalizar-con-logo\/","name":"Merchandising Cinta de correr compacta para personalizar con logo - ADL","isPartOf":{"@id":"https:\/\/adl-regalosempresa.com\/tiendaonline\/#website"},"primaryImageOfPage":{"@id":"https:\/\/adl-regalosempresa.com\/tiendaonline\/articulos\/merchandising\/cinta-de-correr-compacta-para-personalizar-con-logo\/#primaryimage"},"image":{"@id":"https:\/\/adl-regalosempresa.com\/tiendaonline\/articulos\/merchandising\/cinta-de-correr-compacta-para-personalizar-con-logo\/#primaryimage"},"thumbnailUrl":"https:\/\/adl-regalosempresa.com\/tiendaonline\/wp-content\/uploads\/2025\/05\/1PA21290.jpg","datePublished":"2026-03-31T06:13:22+00:00","dateModified":"2026-04-17T08:36:14+00:00","description":"Art\u00edculo de merchandising Cinta de correr compacta \"Prixton RF110 Run Fit\". La cinta de correr \"RF110 Run Fit\" permite disfrutar de un entrenamiento c\u00f3modo desde casa, perfecto para principiantes que buscan mantenerse activos. Con una gama de velocidades de 1 a 10\u00a0km\/h, ofrece flexibilidad para ajustarse a tu nivel de forma f\u00edsica. Su dise\u00f1o ultracompacto y su sistema de plegado, combinado con dos ruedas incorporadas, facilitan su transporte y almacenamiento, incluso debajo de la cama, ya que solo mide 14 cm de alto cuando est\u00e1 plegada. La cinta de correr cuenta con seis programas preestablecidos y dos niveles de inclinaci\u00f3n, lo que le permite personalizar el entrenamiento para que sea variado y desafiante. Una pantalla LED integrada muestra informaci\u00f3n de la velocidad, distancia, calor\u00edas quemadas y tiempo de ejercicio, lo que te ayuda a mantener la motivaci\u00f3n y el rumbo hacia tus objetivos.","breadcrumb":{"@id":"https:\/\/adl-regalosempresa.com\/tiendaonline\/articulos\/merchandising\/cinta-de-correr-compacta-para-personalizar-con-logo\/#breadcrumb"},"inLanguage":"es","potentialAction":[{"@type":"ReadAction","target":["https:\/\/adl-regalosempresa.com\/tiendaonline\/articulos\/merchandising\/cinta-de-correr-compacta-para-personalizar-con-logo\/"]}]},{"@type":"ImageObject","inLanguage":"es","@id":"https:\/\/adl-regalosempresa.com\/tiendaonline\/articulos\/merchandising\/cinta-de-correr-compacta-para-personalizar-con-logo\/#primaryimage","url":"https:\/\/adl-regalosempresa.com\/tiendaonline\/wp-content\/uploads\/2025\/05\/1PA21290.jpg","contentUrl":"https:\/\/adl-regalosempresa.com\/tiendaonline\/wp-content\/uploads\/2025\/05\/1PA21290.jpg","width":1600,"height":1600,"caption":"Cinta de correr compacta \"Prixton RF110 Run Fit\""},{"@type":"BreadcrumbList","@id":"https:\/\/adl-regalosempresa.com\/tiendaonline\/articulos\/merchandising\/cinta-de-correr-compacta-para-personalizar-con-logo\/#breadcrumb","itemListElement":[{"@type":"ListItem","position":1,"name":"Portada","item":"https:\/\/adl-regalosempresa.com\/tiendaonline\/"},{"@type":"ListItem","position":2,"name":"Tienda","item":"https:\/\/adl-regalosempresa.com\/tiendaonline\/tienda\/"},{"@type":"ListItem","position":3,"name":"Cinta de correr compacta para personalizar con logo"}]},{"@type":"WebSite","@id":"https:\/\/adl-regalosempresa.com\/tiendaonline\/#website","url":"https:\/\/adl-regalosempresa.com\/tiendaonline\/","name":"ADL Comunicaci\u00f3n","description":"Regalos de empresa","publisher":{"@id":"https:\/\/adl-regalosempresa.com\/tiendaonline\/#organization"},"potentialAction":[{"@type":"SearchAction","target":{"@type":"EntryPoint","urlTemplate":"https:\/\/adl-regalosempresa.com\/tiendaonline\/?s={search_term_string}"},"query-input":{"@type":"PropertyValueSpecification","valueRequired":true,"valueName":"search_term_string"}}],"inLanguage":"es"},{"@type":"Organization","@id":"https:\/\/adl-regalosempresa.com\/tiendaonline\/#organization","name":"ADL Comunicaci\u00f3n","url":"https:\/\/adl-regalosempresa.com\/tiendaonline\/","logo":{"@type":"ImageObject","inLanguage":"es","@id":"https:\/\/adl-regalosempresa.com\/tiendaonline\/#\/schema\/logo\/image\/","url":"https:\/\/adl-regalosempresa.com\/tiendaonline\/wp-content\/uploads\/2017\/09\/logo-adl-wp.png","contentUrl":"https:\/\/adl-regalosempresa.com\/tiendaonline\/wp-content\/uploads\/2017\/09\/logo-adl-wp.png","width":407,"height":185,"caption":"ADL Comunicaci\u00f3n"},"image":{"@id":"https:\/\/adl-regalosempresa.com\/tiendaonline\/#\/schema\/logo\/image\/"}}]}},"_links":{"self":[{"href":"https:\/\/adl-regalosempresa.com\/tiendaonline\/wp-json\/wp\/v2\/product\/141563","targetHints":{"allow":["GET"]}}],"collection":[{"href":"https:\/\/adl-regalosempresa.com\/tiendaonline\/wp-json\/wp\/v2\/product"}],"about":[{"href":"https:\/\/adl-regalosempresa.com\/tiendaonline\/wp-json\/wp\/v2\/types\/product"}],"wp:featuredmedia":[{"embeddable":true,"href":"https:\/\/adl-regalosempresa.com\/tiendaonline\/wp-json\/wp\/v2\/media\/141565"}],"wp:attachment":[{"href":"https:\/\/adl-regalosempresa.com\/tiendaonline\/wp-json\/wp\/v2\/media?parent=141563"}],"wp:term":[{"taxonomy":"product_brand","embeddable":true,"href":"https:\/\/adl-regalosempresa.com\/tiendaonline\/wp-json\/wp\/v2\/product_brand?post=141563"},{"taxonomy":"product_cat","embeddable":true,"href":"https:\/\/adl-regalosempresa.com\/tiendaonline\/wp-json\/wp\/v2\/product_cat?post=141563"},{"taxonomy":"product_tag","embeddable":true,"href":"https:\/\/adl-regalosempresa.com\/tiendaonline\/wp-json\/wp\/v2\/product_tag?post=141563"}],"curies":[{"name":"wp","href":"https:\/\/api.w.org\/{rel}","templated":true}]}}