{"id":141548,"date":"2026-03-31T06:13:22","date_gmt":"2026-03-31T06:13:22","guid":{"rendered":"https:\/\/adl-regalosempresa.com\/tiendaonline\/articulos\/merchandising\/marco-de-fotos-digital-con-wifi-de-7-para-personalizar-con-logo\/"},"modified":"2026-04-21T08:12:27","modified_gmt":"2026-04-21T08:12:27","slug":"marco-de-fotos-digital-con-wifi-de-7-para-personalizar-con-logo","status":"publish","type":"product","link":"https:\/\/adl-regalosempresa.com\/tiendaonline\/articulos\/merchandising\/marco-de-fotos-digital-con-wifi-de-7-para-personalizar-con-logo\/","title":{"rendered":"Marco de fotos digital con wifi de 7&#8243; para personalizar con logo"},"content":{"rendered":"<p>El marco de fotos digital peque\u00f1o \u00abPrado\u00bb te permite capturar y revivir tus momentos favoritos al instante. Dise\u00f1ado para facilitar su uso, funciona con la aplicaci\u00f3n gratuita \u00abUhale Foto\u00bb, que permite enviar y recibir fotos directamente a trav\u00e9s de la aplicaci\u00f3n para compartirlas sin esfuerzo con amigos y familiares. La pantalla t\u00e1ctil de 7 pulgadas, con una n\u00edtida resoluci\u00f3n de 1024 x 600, ofrece im\u00e1genes n\u00edtidas y vibrantes que mejoran la experiencia visual. Su dise\u00f1o elegante y moderno a\u00f1ade un toque personal y elegante a cualquier espacio. Compatible tanto con fotos como con v\u00eddeos, es un complemento ideal para tu hogar o un regalo perfecto. Tenga en cuenta que este marco no es compatible con el software \u00abFrameo\u00bb.<\/p>\n","protected":false},"excerpt":{"rendered":"<p><strong>Descuentos por cantidades<\/strong><br \/>&#8211; a partir de 2 unidades: 67,88 \u20ac\/ud<br \/>&#8211; a partir de 5 unidades: 67,07 \u20ac\/ud<br \/>&#8211; a partir de 25 unidades: 66,28 \u20ac\/ud<\/p>\n<p>Para cantidades superiores a las aqu\u00ed indicadas, no dudes en ponerte en contacto con nuestro departamento comercial o <a href='https:\/\/adl-regalosempresa.com\/tiendaonline\/solicitud-presupuesto\/'>pedirnos presupuesto personalizado<\/a>, ajustaremos el presupuesto a tus necesidades.<\/p>\n","protected":false},"featured_media":141550,"template":"","meta":{"_kad_post_transparent":"","_kad_post_title":"","_kad_post_layout":"","_kad_post_sidebar_id":"","_kad_post_content_style":"","_kad_post_vertical_padding":"","_kad_post_feature":"","_kad_post_feature_position":"","_kad_post_header":false,"_kad_post_footer":false,"_kad_post_classname":""},"product_brand":[],"product_cat":[4186,3519],"product_tag":[],"class_list":{"0":"post-141548","1":"product","2":"type-product","3":"status-publish","4":"has-post-thumbnail","6":"product_cat-accesorios-del-hogar","7":"product_cat-articulos-personalizados-hogar","8":"pa_alto-28-cm","9":"pa_ancho-139-cm","10":"pa_color-negro-intenso","11":"pa_color-simple-negro-intenso","12":"pa_largo-208-cm","13":"pa_marca-prixton","14":"pa_material-plastico-abs-vidrio","15":"pa_peso-298-gr","17":"first","18":"instock","19":"taxable","20":"shipping-taxable","21":"purchasable","22":"product-type-variable","23":"entry","24":"content-bg","25":"loop-entry"},"yoast_head":"<!-- This site is optimized with the Yoast SEO plugin v26.3 - https:\/\/yoast.com\/wordpress\/plugins\/seo\/ -->\n<title>Merchandising Marco de fotos digital con wifi de 7&quot; para personalizar con logo - ADL<\/title>\n<meta name=\"description\" content=\"Art\u00edculo de merchandising Marco de fotos digital con wifi de 7&quot; &quot;Prixton Prado S&quot;. El marco de fotos digital peque\u00f1o &quot;Prado&quot; te permite capturar y revivir tus momentos favoritos al instante. Dise\u00f1ado para facilitar su uso, funciona con la aplicaci\u00f3n gratuita &quot;Uhale Foto&quot;, que permite enviar y recibir fotos directamente a trav\u00e9s de la aplicaci\u00f3n para compartirlas sin esfuerzo con amigos y familiares. La pantalla t\u00e1ctil de 7 pulgadas, con una n\u00edtida resoluci\u00f3n de 1024 x 600, ofrece im\u00e1genes n\u00edtidas y vibrantes que mejoran la experiencia visual. Su dise\u00f1o elegante y moderno a\u00f1ade un toque personal y elegante a cualquier espacio. Compatible tanto con fotos como con v\u00eddeos, es un complemento ideal para tu hogar o un regalo perfecto. Tenga en cuenta que este marco no es compatible con el software &quot;Frameo&quot;.\" \/>\n<meta name=\"robots\" content=\"index, follow, max-snippet:-1, max-image-preview:large, max-video-preview:-1\" \/>\n<link rel=\"canonical\" href=\"https:\/\/adl-regalosempresa.com\/tiendaonline\/articulos\/merchandising\/marco-de-fotos-digital-con-wifi-de-7-para-personalizar-con-logo\/\" \/>\n<meta property=\"og:locale\" content=\"es_ES\" \/>\n<meta property=\"og:type\" content=\"article\" \/>\n<meta property=\"og:title\" content=\"Merchandising Marco de fotos digital con wifi de 7&quot; para personalizar con logo - ADL\" \/>\n<meta property=\"og:description\" content=\"Art\u00edculo de merchandising Marco de fotos digital con wifi de 7&quot; &quot;Prixton Prado S&quot;. El marco de fotos digital peque\u00f1o &quot;Prado&quot; te permite capturar y revivir tus momentos favoritos al instante. Dise\u00f1ado para facilitar su uso, funciona con la aplicaci\u00f3n gratuita &quot;Uhale Foto&quot;, que permite enviar y recibir fotos directamente a trav\u00e9s de la aplicaci\u00f3n para compartirlas sin esfuerzo con amigos y familiares. La pantalla t\u00e1ctil de 7 pulgadas, con una n\u00edtida resoluci\u00f3n de 1024 x 600, ofrece im\u00e1genes n\u00edtidas y vibrantes que mejoran la experiencia visual. Su dise\u00f1o elegante y moderno a\u00f1ade un toque personal y elegante a cualquier espacio. Compatible tanto con fotos como con v\u00eddeos, es un complemento ideal para tu hogar o un regalo perfecto. Tenga en cuenta que este marco no es compatible con el software &quot;Frameo&quot;.\" \/>\n<meta property=\"og:url\" content=\"https:\/\/adl-regalosempresa.com\/tiendaonline\/articulos\/merchandising\/marco-de-fotos-digital-con-wifi-de-7-para-personalizar-con-logo\/\" \/>\n<meta property=\"og:site_name\" content=\"ADL Comunicaci\u00f3n\" \/>\n<meta property=\"article:modified_time\" content=\"2026-04-21T08:12:27+00:00\" \/>\n<meta property=\"og:image\" content=\"https:\/\/adl-regalosempresa.com\/tiendaonline\/wp-content\/uploads\/2025\/05\/1PA18690.jpg\" \/>\n\t<meta property=\"og:image:width\" content=\"1600\" \/>\n\t<meta property=\"og:image:height\" content=\"1600\" \/>\n\t<meta property=\"og:image:type\" content=\"image\/jpeg\" \/>\n<meta name=\"twitter:card\" content=\"summary_large_image\" \/>\n<meta name=\"twitter:title\" content=\"Merchandising Marco de fotos digital con wifi de 7&quot; para personalizar con logo - ADL\" \/>\n<meta name=\"twitter:label1\" content=\"Tiempo de lectura\" \/>\n\t<meta name=\"twitter:data1\" content=\"1 minuto\" \/>\n<script type=\"application\/ld+json\" class=\"yoast-schema-graph\">{\"@context\":\"https:\/\/schema.org\",\"@graph\":[{\"@type\":\"WebPage\",\"@id\":\"https:\/\/adl-regalosempresa.com\/tiendaonline\/articulos\/merchandising\/marco-de-fotos-digital-con-wifi-de-7-para-personalizar-con-logo\/\",\"url\":\"https:\/\/adl-regalosempresa.com\/tiendaonline\/articulos\/merchandising\/marco-de-fotos-digital-con-wifi-de-7-para-personalizar-con-logo\/\",\"name\":\"Merchandising Marco de fotos digital con wifi de 7\\\" para personalizar con logo - ADL\",\"isPartOf\":{\"@id\":\"https:\/\/adl-regalosempresa.com\/tiendaonline\/#website\"},\"primaryImageOfPage\":{\"@id\":\"https:\/\/adl-regalosempresa.com\/tiendaonline\/articulos\/merchandising\/marco-de-fotos-digital-con-wifi-de-7-para-personalizar-con-logo\/#primaryimage\"},\"image\":{\"@id\":\"https:\/\/adl-regalosempresa.com\/tiendaonline\/articulos\/merchandising\/marco-de-fotos-digital-con-wifi-de-7-para-personalizar-con-logo\/#primaryimage\"},\"thumbnailUrl\":\"https:\/\/adl-regalosempresa.com\/tiendaonline\/wp-content\/uploads\/2025\/05\/1PA18690.jpg\",\"datePublished\":\"2026-03-31T06:13:22+00:00\",\"dateModified\":\"2026-04-21T08:12:27+00:00\",\"description\":\"Art\u00edculo de merchandising Marco de fotos digital con wifi de 7\\\" \\\"Prixton Prado S\\\". El marco de fotos digital peque\u00f1o \\\"Prado\\\" te permite capturar y revivir tus momentos favoritos al instante. Dise\u00f1ado para facilitar su uso, funciona con la aplicaci\u00f3n gratuita \\\"Uhale Foto\\\", que permite enviar y recibir fotos directamente a trav\u00e9s de la aplicaci\u00f3n para compartirlas sin esfuerzo con amigos y familiares. La pantalla t\u00e1ctil de 7 pulgadas, con una n\u00edtida resoluci\u00f3n de 1024 x 600, ofrece im\u00e1genes n\u00edtidas y vibrantes que mejoran la experiencia visual. Su dise\u00f1o elegante y moderno a\u00f1ade un toque personal y elegante a cualquier espacio. Compatible tanto con fotos como con v\u00eddeos, es un complemento ideal para tu hogar o un regalo perfecto. Tenga en cuenta que este marco no es compatible con el software \\\"Frameo\\\".\",\"breadcrumb\":{\"@id\":\"https:\/\/adl-regalosempresa.com\/tiendaonline\/articulos\/merchandising\/marco-de-fotos-digital-con-wifi-de-7-para-personalizar-con-logo\/#breadcrumb\"},\"inLanguage\":\"es\",\"potentialAction\":[{\"@type\":\"ReadAction\",\"target\":[\"https:\/\/adl-regalosempresa.com\/tiendaonline\/articulos\/merchandising\/marco-de-fotos-digital-con-wifi-de-7-para-personalizar-con-logo\/\"]}]},{\"@type\":\"ImageObject\",\"inLanguage\":\"es\",\"@id\":\"https:\/\/adl-regalosempresa.com\/tiendaonline\/articulos\/merchandising\/marco-de-fotos-digital-con-wifi-de-7-para-personalizar-con-logo\/#primaryimage\",\"url\":\"https:\/\/adl-regalosempresa.com\/tiendaonline\/wp-content\/uploads\/2025\/05\/1PA18690.jpg\",\"contentUrl\":\"https:\/\/adl-regalosempresa.com\/tiendaonline\/wp-content\/uploads\/2025\/05\/1PA18690.jpg\",\"width\":1600,\"height\":1600,\"caption\":\"Marco de fotos digital con wifi de 7\\\" \\\"Prixton Prado S\\\"\"},{\"@type\":\"BreadcrumbList\",\"@id\":\"https:\/\/adl-regalosempresa.com\/tiendaonline\/articulos\/merchandising\/marco-de-fotos-digital-con-wifi-de-7-para-personalizar-con-logo\/#breadcrumb\",\"itemListElement\":[{\"@type\":\"ListItem\",\"position\":1,\"name\":\"Portada\",\"item\":\"https:\/\/adl-regalosempresa.com\/tiendaonline\/\"},{\"@type\":\"ListItem\",\"position\":2,\"name\":\"Tienda\",\"item\":\"https:\/\/adl-regalosempresa.com\/tiendaonline\/tienda\/\"},{\"@type\":\"ListItem\",\"position\":3,\"name\":\"Marco de fotos digital con wifi de 7&#8243; para personalizar con logo\"}]},{\"@type\":\"WebSite\",\"@id\":\"https:\/\/adl-regalosempresa.com\/tiendaonline\/#website\",\"url\":\"https:\/\/adl-regalosempresa.com\/tiendaonline\/\",\"name\":\"ADL Comunicaci\u00f3n\",\"description\":\"Regalos de empresa\",\"publisher\":{\"@id\":\"https:\/\/adl-regalosempresa.com\/tiendaonline\/#organization\"},\"potentialAction\":[{\"@type\":\"SearchAction\",\"target\":{\"@type\":\"EntryPoint\",\"urlTemplate\":\"https:\/\/adl-regalosempresa.com\/tiendaonline\/?s={search_term_string}\"},\"query-input\":{\"@type\":\"PropertyValueSpecification\",\"valueRequired\":true,\"valueName\":\"search_term_string\"}}],\"inLanguage\":\"es\"},{\"@type\":\"Organization\",\"@id\":\"https:\/\/adl-regalosempresa.com\/tiendaonline\/#organization\",\"name\":\"ADL Comunicaci\u00f3n\",\"url\":\"https:\/\/adl-regalosempresa.com\/tiendaonline\/\",\"logo\":{\"@type\":\"ImageObject\",\"inLanguage\":\"es\",\"@id\":\"https:\/\/adl-regalosempresa.com\/tiendaonline\/#\/schema\/logo\/image\/\",\"url\":\"https:\/\/adl-regalosempresa.com\/tiendaonline\/wp-content\/uploads\/2017\/09\/logo-adl-wp.png\",\"contentUrl\":\"https:\/\/adl-regalosempresa.com\/tiendaonline\/wp-content\/uploads\/2017\/09\/logo-adl-wp.png\",\"width\":407,\"height\":185,\"caption\":\"ADL Comunicaci\u00f3n\"},\"image\":{\"@id\":\"https:\/\/adl-regalosempresa.com\/tiendaonline\/#\/schema\/logo\/image\/\"}}]}<\/script>\n<!-- \/ Yoast SEO plugin. -->","yoast_head_json":{"title":"Merchandising Marco de fotos digital con wifi de 7\" para personalizar con logo - ADL","description":"Art\u00edculo de merchandising Marco de fotos digital con wifi de 7\" \"Prixton Prado S\". El marco de fotos digital peque\u00f1o \"Prado\" te permite capturar y revivir tus momentos favoritos al instante. Dise\u00f1ado para facilitar su uso, funciona con la aplicaci\u00f3n gratuita \"Uhale Foto\", que permite enviar y recibir fotos directamente a trav\u00e9s de la aplicaci\u00f3n para compartirlas sin esfuerzo con amigos y familiares. La pantalla t\u00e1ctil de 7 pulgadas, con una n\u00edtida resoluci\u00f3n de 1024 x 600, ofrece im\u00e1genes n\u00edtidas y vibrantes que mejoran la experiencia visual. Su dise\u00f1o elegante y moderno a\u00f1ade un toque personal y elegante a cualquier espacio. Compatible tanto con fotos como con v\u00eddeos, es un complemento ideal para tu hogar o un regalo perfecto. Tenga en cuenta que este marco no es compatible con el software \"Frameo\".","robots":{"index":"index","follow":"follow","max-snippet":"max-snippet:-1","max-image-preview":"max-image-preview:large","max-video-preview":"max-video-preview:-1"},"canonical":"https:\/\/adl-regalosempresa.com\/tiendaonline\/articulos\/merchandising\/marco-de-fotos-digital-con-wifi-de-7-para-personalizar-con-logo\/","og_locale":"es_ES","og_type":"article","og_title":"Merchandising Marco de fotos digital con wifi de 7\" para personalizar con logo - ADL","og_description":"Art\u00edculo de merchandising Marco de fotos digital con wifi de 7\" \"Prixton Prado S\". El marco de fotos digital peque\u00f1o \"Prado\" te permite capturar y revivir tus momentos favoritos al instante. Dise\u00f1ado para facilitar su uso, funciona con la aplicaci\u00f3n gratuita \"Uhale Foto\", que permite enviar y recibir fotos directamente a trav\u00e9s de la aplicaci\u00f3n para compartirlas sin esfuerzo con amigos y familiares. La pantalla t\u00e1ctil de 7 pulgadas, con una n\u00edtida resoluci\u00f3n de 1024 x 600, ofrece im\u00e1genes n\u00edtidas y vibrantes que mejoran la experiencia visual. Su dise\u00f1o elegante y moderno a\u00f1ade un toque personal y elegante a cualquier espacio. Compatible tanto con fotos como con v\u00eddeos, es un complemento ideal para tu hogar o un regalo perfecto. Tenga en cuenta que este marco no es compatible con el software \"Frameo\".","og_url":"https:\/\/adl-regalosempresa.com\/tiendaonline\/articulos\/merchandising\/marco-de-fotos-digital-con-wifi-de-7-para-personalizar-con-logo\/","og_site_name":"ADL Comunicaci\u00f3n","article_modified_time":"2026-04-21T08:12:27+00:00","og_image":[{"width":1600,"height":1600,"url":"https:\/\/adl-regalosempresa.com\/tiendaonline\/wp-content\/uploads\/2025\/05\/1PA18690.jpg","type":"image\/jpeg"}],"twitter_card":"summary_large_image","twitter_title":"Merchandising Marco de fotos digital con wifi de 7\" para personalizar con logo - ADL","twitter_misc":{"Tiempo de lectura":"1 minuto"},"schema":{"@context":"https:\/\/schema.org","@graph":[{"@type":"WebPage","@id":"https:\/\/adl-regalosempresa.com\/tiendaonline\/articulos\/merchandising\/marco-de-fotos-digital-con-wifi-de-7-para-personalizar-con-logo\/","url":"https:\/\/adl-regalosempresa.com\/tiendaonline\/articulos\/merchandising\/marco-de-fotos-digital-con-wifi-de-7-para-personalizar-con-logo\/","name":"Merchandising Marco de fotos digital con wifi de 7\" para personalizar con logo - ADL","isPartOf":{"@id":"https:\/\/adl-regalosempresa.com\/tiendaonline\/#website"},"primaryImageOfPage":{"@id":"https:\/\/adl-regalosempresa.com\/tiendaonline\/articulos\/merchandising\/marco-de-fotos-digital-con-wifi-de-7-para-personalizar-con-logo\/#primaryimage"},"image":{"@id":"https:\/\/adl-regalosempresa.com\/tiendaonline\/articulos\/merchandising\/marco-de-fotos-digital-con-wifi-de-7-para-personalizar-con-logo\/#primaryimage"},"thumbnailUrl":"https:\/\/adl-regalosempresa.com\/tiendaonline\/wp-content\/uploads\/2025\/05\/1PA18690.jpg","datePublished":"2026-03-31T06:13:22+00:00","dateModified":"2026-04-21T08:12:27+00:00","description":"Art\u00edculo de merchandising Marco de fotos digital con wifi de 7\" \"Prixton Prado S\". El marco de fotos digital peque\u00f1o \"Prado\" te permite capturar y revivir tus momentos favoritos al instante. Dise\u00f1ado para facilitar su uso, funciona con la aplicaci\u00f3n gratuita \"Uhale Foto\", que permite enviar y recibir fotos directamente a trav\u00e9s de la aplicaci\u00f3n para compartirlas sin esfuerzo con amigos y familiares. La pantalla t\u00e1ctil de 7 pulgadas, con una n\u00edtida resoluci\u00f3n de 1024 x 600, ofrece im\u00e1genes n\u00edtidas y vibrantes que mejoran la experiencia visual. Su dise\u00f1o elegante y moderno a\u00f1ade un toque personal y elegante a cualquier espacio. Compatible tanto con fotos como con v\u00eddeos, es un complemento ideal para tu hogar o un regalo perfecto. Tenga en cuenta que este marco no es compatible con el software \"Frameo\".","breadcrumb":{"@id":"https:\/\/adl-regalosempresa.com\/tiendaonline\/articulos\/merchandising\/marco-de-fotos-digital-con-wifi-de-7-para-personalizar-con-logo\/#breadcrumb"},"inLanguage":"es","potentialAction":[{"@type":"ReadAction","target":["https:\/\/adl-regalosempresa.com\/tiendaonline\/articulos\/merchandising\/marco-de-fotos-digital-con-wifi-de-7-para-personalizar-con-logo\/"]}]},{"@type":"ImageObject","inLanguage":"es","@id":"https:\/\/adl-regalosempresa.com\/tiendaonline\/articulos\/merchandising\/marco-de-fotos-digital-con-wifi-de-7-para-personalizar-con-logo\/#primaryimage","url":"https:\/\/adl-regalosempresa.com\/tiendaonline\/wp-content\/uploads\/2025\/05\/1PA18690.jpg","contentUrl":"https:\/\/adl-regalosempresa.com\/tiendaonline\/wp-content\/uploads\/2025\/05\/1PA18690.jpg","width":1600,"height":1600,"caption":"Marco de fotos digital con wifi de 7\" \"Prixton Prado S\""},{"@type":"BreadcrumbList","@id":"https:\/\/adl-regalosempresa.com\/tiendaonline\/articulos\/merchandising\/marco-de-fotos-digital-con-wifi-de-7-para-personalizar-con-logo\/#breadcrumb","itemListElement":[{"@type":"ListItem","position":1,"name":"Portada","item":"https:\/\/adl-regalosempresa.com\/tiendaonline\/"},{"@type":"ListItem","position":2,"name":"Tienda","item":"https:\/\/adl-regalosempresa.com\/tiendaonline\/tienda\/"},{"@type":"ListItem","position":3,"name":"Marco de fotos digital con wifi de 7&#8243; para personalizar con logo"}]},{"@type":"WebSite","@id":"https:\/\/adl-regalosempresa.com\/tiendaonline\/#website","url":"https:\/\/adl-regalosempresa.com\/tiendaonline\/","name":"ADL Comunicaci\u00f3n","description":"Regalos de empresa","publisher":{"@id":"https:\/\/adl-regalosempresa.com\/tiendaonline\/#organization"},"potentialAction":[{"@type":"SearchAction","target":{"@type":"EntryPoint","urlTemplate":"https:\/\/adl-regalosempresa.com\/tiendaonline\/?s={search_term_string}"},"query-input":{"@type":"PropertyValueSpecification","valueRequired":true,"valueName":"search_term_string"}}],"inLanguage":"es"},{"@type":"Organization","@id":"https:\/\/adl-regalosempresa.com\/tiendaonline\/#organization","name":"ADL Comunicaci\u00f3n","url":"https:\/\/adl-regalosempresa.com\/tiendaonline\/","logo":{"@type":"ImageObject","inLanguage":"es","@id":"https:\/\/adl-regalosempresa.com\/tiendaonline\/#\/schema\/logo\/image\/","url":"https:\/\/adl-regalosempresa.com\/tiendaonline\/wp-content\/uploads\/2017\/09\/logo-adl-wp.png","contentUrl":"https:\/\/adl-regalosempresa.com\/tiendaonline\/wp-content\/uploads\/2017\/09\/logo-adl-wp.png","width":407,"height":185,"caption":"ADL Comunicaci\u00f3n"},"image":{"@id":"https:\/\/adl-regalosempresa.com\/tiendaonline\/#\/schema\/logo\/image\/"}}]}},"_links":{"self":[{"href":"https:\/\/adl-regalosempresa.com\/tiendaonline\/wp-json\/wp\/v2\/product\/141548","targetHints":{"allow":["GET"]}}],"collection":[{"href":"https:\/\/adl-regalosempresa.com\/tiendaonline\/wp-json\/wp\/v2\/product"}],"about":[{"href":"https:\/\/adl-regalosempresa.com\/tiendaonline\/wp-json\/wp\/v2\/types\/product"}],"wp:featuredmedia":[{"embeddable":true,"href":"https:\/\/adl-regalosempresa.com\/tiendaonline\/wp-json\/wp\/v2\/media\/141550"}],"wp:attachment":[{"href":"https:\/\/adl-regalosempresa.com\/tiendaonline\/wp-json\/wp\/v2\/media?parent=141548"}],"wp:term":[{"taxonomy":"product_brand","embeddable":true,"href":"https:\/\/adl-regalosempresa.com\/tiendaonline\/wp-json\/wp\/v2\/product_brand?post=141548"},{"taxonomy":"product_cat","embeddable":true,"href":"https:\/\/adl-regalosempresa.com\/tiendaonline\/wp-json\/wp\/v2\/product_cat?post=141548"},{"taxonomy":"product_tag","embeddable":true,"href":"https:\/\/adl-regalosempresa.com\/tiendaonline\/wp-json\/wp\/v2\/product_tag?post=141548"}],"curies":[{"name":"wp","href":"https:\/\/api.w.org\/{rel}","templated":true}]}}