{"id":141512,"date":"2026-03-31T06:13:22","date_gmt":"2026-03-31T06:13:22","guid":{"rendered":"https:\/\/adl-regalosempresa.com\/tiendaonline\/articulos\/merchandising\/camara-de-accion-con-doble-pantalla-4k-para-personalizar-con-logo-2\/"},"modified":"2026-04-28T08:26:32","modified_gmt":"2026-04-28T08:26:32","slug":"camara-de-accion-con-doble-pantalla-4k-para-personalizar-con-logo-2","status":"publish","type":"product","link":"https:\/\/adl-regalosempresa.com\/tiendaonline\/articulos\/merchandising\/camara-de-accion-con-doble-pantalla-4k-para-personalizar-con-logo-2\/","title":{"rendered":"C\u00e1mara de acci\u00f3n con doble pantalla 4K  para personalizar con logo"},"content":{"rendered":"<p>La c\u00e1mara de acci\u00f3n \u00abAqua\u00bb captura impresionantes im\u00e1genes de 24 MP y graba v\u00eddeos n\u00edtidos en 4K. Cuenta con dos pantallas IPS (una frontal t\u00e1ctil y otra trasera) que permiten cambiar de vista f\u00e1cilmente. Con el zoom 4X, se pueden capturar im\u00e1genes detalladas desde lejos. Dise\u00f1ada para su uso bajo el agua, cuenta con protecci\u00f3n IP68, que permite sumergirla hasta 5 metros. La c\u00e1mara admite cuatro resoluciones de v\u00eddeo: 4K a 30 fps, 2,7K a 30 fps, 1080P a 60\/30 fps y 720P a 120\/60\/30 fps, junto con seis opciones de resoluci\u00f3n fotogr\u00e1fica: de 5 MP a 24 MP. Incluye 19 accesorios, como adaptadores y soportes adhesivos, para sujetar la c\u00e1mara con seguridad mientras se hace ejercicio o se realizan actividades al aire libre.<\/p>\n","protected":false},"excerpt":{"rendered":"<p><strong>Descuentos por cantidades<\/strong><br \/>&#8211; a partir de 2 unidades: 121,36 \u20ac\/ud<br \/>&#8211; a partir de 5 unidades: 119,8 \u20ac\/ud<br \/>&#8211; a partir de 10 unidades: 118,29 \u20ac\/ud<\/p>\n<p>Para cantidades superiores a las aqu\u00ed indicadas, no dudes en ponerte en contacto con nuestro departamento comercial o <a href='https:\/\/adl-regalosempresa.com\/tiendaonline\/solicitud-presupuesto\/'>pedirnos presupuesto personalizado<\/a>, ajustaremos el presupuesto a tus necesidades.<\/p>\n","protected":false},"featured_media":141514,"template":"","meta":{"_kad_post_transparent":"","_kad_post_title":"","_kad_post_layout":"","_kad_post_sidebar_id":"","_kad_post_content_style":"","_kad_post_vertical_padding":"","_kad_post_feature":"","_kad_post_feature_position":"","_kad_post_header":false,"_kad_post_footer":false,"_kad_post_classname":""},"product_brand":[],"product_cat":[6051,486],"product_tag":[],"class_list":{"0":"post-141512","1":"product","2":"type-product","3":"status-publish","4":"has-post-thumbnail","6":"product_cat-camaras","7":"product_cat-tecnologia","8":"pa_alto-34-cm","9":"pa_ancho-46-cm","10":"pa_color-negro-intenso","11":"pa_color-simple-negro-intenso","12":"pa_largo-65-cm","13":"pa_marca-prixton","14":"pa_material-plastico-abs-vidrio-metal","15":"pa_peso-200-gr","17":"first","18":"instock","19":"taxable","20":"shipping-taxable","21":"purchasable","22":"product-type-variable","23":"entry","24":"content-bg","25":"loop-entry"},"yoast_head":"<!-- This site is optimized with the Yoast SEO plugin v26.3 - https:\/\/yoast.com\/wordpress\/plugins\/seo\/ -->\n<title>Merchandising C\u00e1mara de acci\u00f3n con doble pantalla 4K para personalizar con logo - ADL<\/title>\n<meta name=\"description\" content=\"Art\u00edculo de merchandising C\u00e1mara de acci\u00f3n con doble pantalla 4K &quot;Prixton DV850 Aqua&quot;. La c\u00e1mara de acci\u00f3n &quot;Aqua&quot; captura impresionantes im\u00e1genes de 24 MP y graba v\u00eddeos n\u00edtidos en 4K. Cuenta con dos pantallas IPS (una frontal t\u00e1ctil y otra trasera) que permiten cambiar de vista f\u00e1cilmente. Con el zoom 4X, se pueden capturar im\u00e1genes detalladas desde lejos. Dise\u00f1ada para su uso bajo el agua, cuenta con protecci\u00f3n IP68, que permite sumergirla hasta 5 metros. La c\u00e1mara admite cuatro resoluciones de v\u00eddeo: 4K a 30 fps, 2,7K a 30 fps, 1080P a 60\/30 fps y 720P a 120\/60\/30 fps, junto con seis opciones de resoluci\u00f3n fotogr\u00e1fica: de 5 MP a 24 MP. Incluye 19 accesorios, como adaptadores y soportes adhesivos, para sujetar la c\u00e1mara con seguridad mientras se hace ejercicio o se realizan actividades al aire libre.\" \/>\n<meta name=\"robots\" content=\"index, follow, max-snippet:-1, max-image-preview:large, max-video-preview:-1\" \/>\n<link rel=\"canonical\" href=\"https:\/\/adl-regalosempresa.com\/tiendaonline\/articulos\/merchandising\/camara-de-accion-con-doble-pantalla-4k-para-personalizar-con-logo-2\/\" \/>\n<meta property=\"og:locale\" content=\"es_ES\" \/>\n<meta property=\"og:type\" content=\"article\" \/>\n<meta property=\"og:title\" content=\"Merchandising C\u00e1mara de acci\u00f3n con doble pantalla 4K para personalizar con logo - ADL\" \/>\n<meta property=\"og:description\" content=\"Art\u00edculo de merchandising C\u00e1mara de acci\u00f3n con doble pantalla 4K &quot;Prixton DV850 Aqua&quot;. La c\u00e1mara de acci\u00f3n &quot;Aqua&quot; captura impresionantes im\u00e1genes de 24 MP y graba v\u00eddeos n\u00edtidos en 4K. Cuenta con dos pantallas IPS (una frontal t\u00e1ctil y otra trasera) que permiten cambiar de vista f\u00e1cilmente. Con el zoom 4X, se pueden capturar im\u00e1genes detalladas desde lejos. Dise\u00f1ada para su uso bajo el agua, cuenta con protecci\u00f3n IP68, que permite sumergirla hasta 5 metros. La c\u00e1mara admite cuatro resoluciones de v\u00eddeo: 4K a 30 fps, 2,7K a 30 fps, 1080P a 60\/30 fps y 720P a 120\/60\/30 fps, junto con seis opciones de resoluci\u00f3n fotogr\u00e1fica: de 5 MP a 24 MP. Incluye 19 accesorios, como adaptadores y soportes adhesivos, para sujetar la c\u00e1mara con seguridad mientras se hace ejercicio o se realizan actividades al aire libre.\" \/>\n<meta property=\"og:url\" content=\"https:\/\/adl-regalosempresa.com\/tiendaonline\/articulos\/merchandising\/camara-de-accion-con-doble-pantalla-4k-para-personalizar-con-logo-2\/\" \/>\n<meta property=\"og:site_name\" content=\"ADL Comunicaci\u00f3n\" \/>\n<meta property=\"article:modified_time\" content=\"2026-04-28T08:26:32+00:00\" \/>\n<meta property=\"og:image\" content=\"https:\/\/adl-regalosempresa.com\/tiendaonline\/wp-content\/uploads\/2025\/05\/1PA19690.jpg\" \/>\n\t<meta property=\"og:image:width\" content=\"1600\" \/>\n\t<meta property=\"og:image:height\" content=\"1600\" \/>\n\t<meta property=\"og:image:type\" content=\"image\/jpeg\" \/>\n<meta name=\"twitter:card\" content=\"summary_large_image\" \/>\n<meta name=\"twitter:title\" content=\"Merchandising C\u00e1mara de acci\u00f3n con doble pantalla 4K para personalizar con logo - ADL\" \/>\n<meta name=\"twitter:label1\" content=\"Tiempo de lectura\" \/>\n\t<meta name=\"twitter:data1\" content=\"1 minuto\" \/>\n<script type=\"application\/ld+json\" class=\"yoast-schema-graph\">{\"@context\":\"https:\/\/schema.org\",\"@graph\":[{\"@type\":\"WebPage\",\"@id\":\"https:\/\/adl-regalosempresa.com\/tiendaonline\/articulos\/merchandising\/camara-de-accion-con-doble-pantalla-4k-para-personalizar-con-logo-2\/\",\"url\":\"https:\/\/adl-regalosempresa.com\/tiendaonline\/articulos\/merchandising\/camara-de-accion-con-doble-pantalla-4k-para-personalizar-con-logo-2\/\",\"name\":\"Merchandising C\u00e1mara de acci\u00f3n con doble pantalla 4K para personalizar con logo - ADL\",\"isPartOf\":{\"@id\":\"https:\/\/adl-regalosempresa.com\/tiendaonline\/#website\"},\"primaryImageOfPage\":{\"@id\":\"https:\/\/adl-regalosempresa.com\/tiendaonline\/articulos\/merchandising\/camara-de-accion-con-doble-pantalla-4k-para-personalizar-con-logo-2\/#primaryimage\"},\"image\":{\"@id\":\"https:\/\/adl-regalosempresa.com\/tiendaonline\/articulos\/merchandising\/camara-de-accion-con-doble-pantalla-4k-para-personalizar-con-logo-2\/#primaryimage\"},\"thumbnailUrl\":\"https:\/\/adl-regalosempresa.com\/tiendaonline\/wp-content\/uploads\/2025\/05\/1PA19690.jpg\",\"datePublished\":\"2026-03-31T06:13:22+00:00\",\"dateModified\":\"2026-04-28T08:26:32+00:00\",\"description\":\"Art\u00edculo de merchandising C\u00e1mara de acci\u00f3n con doble pantalla 4K \\\"Prixton DV850 Aqua\\\". La c\u00e1mara de acci\u00f3n \\\"Aqua\\\" captura impresionantes im\u00e1genes de 24 MP y graba v\u00eddeos n\u00edtidos en 4K. Cuenta con dos pantallas IPS (una frontal t\u00e1ctil y otra trasera) que permiten cambiar de vista f\u00e1cilmente. Con el zoom 4X, se pueden capturar im\u00e1genes detalladas desde lejos. Dise\u00f1ada para su uso bajo el agua, cuenta con protecci\u00f3n IP68, que permite sumergirla hasta 5 metros. La c\u00e1mara admite cuatro resoluciones de v\u00eddeo: 4K a 30 fps, 2,7K a 30 fps, 1080P a 60\/30 fps y 720P a 120\/60\/30 fps, junto con seis opciones de resoluci\u00f3n fotogr\u00e1fica: de 5 MP a 24 MP. Incluye 19 accesorios, como adaptadores y soportes adhesivos, para sujetar la c\u00e1mara con seguridad mientras se hace ejercicio o se realizan actividades al aire libre.\",\"breadcrumb\":{\"@id\":\"https:\/\/adl-regalosempresa.com\/tiendaonline\/articulos\/merchandising\/camara-de-accion-con-doble-pantalla-4k-para-personalizar-con-logo-2\/#breadcrumb\"},\"inLanguage\":\"es\",\"potentialAction\":[{\"@type\":\"ReadAction\",\"target\":[\"https:\/\/adl-regalosempresa.com\/tiendaonline\/articulos\/merchandising\/camara-de-accion-con-doble-pantalla-4k-para-personalizar-con-logo-2\/\"]}]},{\"@type\":\"ImageObject\",\"inLanguage\":\"es\",\"@id\":\"https:\/\/adl-regalosempresa.com\/tiendaonline\/articulos\/merchandising\/camara-de-accion-con-doble-pantalla-4k-para-personalizar-con-logo-2\/#primaryimage\",\"url\":\"https:\/\/adl-regalosempresa.com\/tiendaonline\/wp-content\/uploads\/2025\/05\/1PA19690.jpg\",\"contentUrl\":\"https:\/\/adl-regalosempresa.com\/tiendaonline\/wp-content\/uploads\/2025\/05\/1PA19690.jpg\",\"width\":1600,\"height\":1600,\"caption\":\"C\u00e1mara de acci\u00f3n con doble pantalla 4K \\\"Prixton DV850 Aqua\\\"\"},{\"@type\":\"BreadcrumbList\",\"@id\":\"https:\/\/adl-regalosempresa.com\/tiendaonline\/articulos\/merchandising\/camara-de-accion-con-doble-pantalla-4k-para-personalizar-con-logo-2\/#breadcrumb\",\"itemListElement\":[{\"@type\":\"ListItem\",\"position\":1,\"name\":\"Portada\",\"item\":\"https:\/\/adl-regalosempresa.com\/tiendaonline\/\"},{\"@type\":\"ListItem\",\"position\":2,\"name\":\"Tienda\",\"item\":\"https:\/\/adl-regalosempresa.com\/tiendaonline\/tienda\/\"},{\"@type\":\"ListItem\",\"position\":3,\"name\":\"C\u00e1mara de acci\u00f3n con doble pantalla 4K para personalizar con logo\"}]},{\"@type\":\"WebSite\",\"@id\":\"https:\/\/adl-regalosempresa.com\/tiendaonline\/#website\",\"url\":\"https:\/\/adl-regalosempresa.com\/tiendaonline\/\",\"name\":\"ADL Comunicaci\u00f3n\",\"description\":\"Regalos de empresa\",\"publisher\":{\"@id\":\"https:\/\/adl-regalosempresa.com\/tiendaonline\/#organization\"},\"potentialAction\":[{\"@type\":\"SearchAction\",\"target\":{\"@type\":\"EntryPoint\",\"urlTemplate\":\"https:\/\/adl-regalosempresa.com\/tiendaonline\/?s={search_term_string}\"},\"query-input\":{\"@type\":\"PropertyValueSpecification\",\"valueRequired\":true,\"valueName\":\"search_term_string\"}}],\"inLanguage\":\"es\"},{\"@type\":\"Organization\",\"@id\":\"https:\/\/adl-regalosempresa.com\/tiendaonline\/#organization\",\"name\":\"ADL Comunicaci\u00f3n\",\"url\":\"https:\/\/adl-regalosempresa.com\/tiendaonline\/\",\"logo\":{\"@type\":\"ImageObject\",\"inLanguage\":\"es\",\"@id\":\"https:\/\/adl-regalosempresa.com\/tiendaonline\/#\/schema\/logo\/image\/\",\"url\":\"https:\/\/adl-regalosempresa.com\/tiendaonline\/wp-content\/uploads\/2017\/09\/logo-adl-wp.png\",\"contentUrl\":\"https:\/\/adl-regalosempresa.com\/tiendaonline\/wp-content\/uploads\/2017\/09\/logo-adl-wp.png\",\"width\":407,\"height\":185,\"caption\":\"ADL Comunicaci\u00f3n\"},\"image\":{\"@id\":\"https:\/\/adl-regalosempresa.com\/tiendaonline\/#\/schema\/logo\/image\/\"}}]}<\/script>\n<!-- \/ Yoast SEO plugin. -->","yoast_head_json":{"title":"Merchandising C\u00e1mara de acci\u00f3n con doble pantalla 4K para personalizar con logo - ADL","description":"Art\u00edculo de merchandising C\u00e1mara de acci\u00f3n con doble pantalla 4K \"Prixton DV850 Aqua\". La c\u00e1mara de acci\u00f3n \"Aqua\" captura impresionantes im\u00e1genes de 24 MP y graba v\u00eddeos n\u00edtidos en 4K. Cuenta con dos pantallas IPS (una frontal t\u00e1ctil y otra trasera) que permiten cambiar de vista f\u00e1cilmente. Con el zoom 4X, se pueden capturar im\u00e1genes detalladas desde lejos. Dise\u00f1ada para su uso bajo el agua, cuenta con protecci\u00f3n IP68, que permite sumergirla hasta 5 metros. La c\u00e1mara admite cuatro resoluciones de v\u00eddeo: 4K a 30 fps, 2,7K a 30 fps, 1080P a 60\/30 fps y 720P a 120\/60\/30 fps, junto con seis opciones de resoluci\u00f3n fotogr\u00e1fica: de 5 MP a 24 MP. Incluye 19 accesorios, como adaptadores y soportes adhesivos, para sujetar la c\u00e1mara con seguridad mientras se hace ejercicio o se realizan actividades al aire libre.","robots":{"index":"index","follow":"follow","max-snippet":"max-snippet:-1","max-image-preview":"max-image-preview:large","max-video-preview":"max-video-preview:-1"},"canonical":"https:\/\/adl-regalosempresa.com\/tiendaonline\/articulos\/merchandising\/camara-de-accion-con-doble-pantalla-4k-para-personalizar-con-logo-2\/","og_locale":"es_ES","og_type":"article","og_title":"Merchandising C\u00e1mara de acci\u00f3n con doble pantalla 4K para personalizar con logo - ADL","og_description":"Art\u00edculo de merchandising C\u00e1mara de acci\u00f3n con doble pantalla 4K \"Prixton DV850 Aqua\". La c\u00e1mara de acci\u00f3n \"Aqua\" captura impresionantes im\u00e1genes de 24 MP y graba v\u00eddeos n\u00edtidos en 4K. Cuenta con dos pantallas IPS (una frontal t\u00e1ctil y otra trasera) que permiten cambiar de vista f\u00e1cilmente. Con el zoom 4X, se pueden capturar im\u00e1genes detalladas desde lejos. Dise\u00f1ada para su uso bajo el agua, cuenta con protecci\u00f3n IP68, que permite sumergirla hasta 5 metros. La c\u00e1mara admite cuatro resoluciones de v\u00eddeo: 4K a 30 fps, 2,7K a 30 fps, 1080P a 60\/30 fps y 720P a 120\/60\/30 fps, junto con seis opciones de resoluci\u00f3n fotogr\u00e1fica: de 5 MP a 24 MP. Incluye 19 accesorios, como adaptadores y soportes adhesivos, para sujetar la c\u00e1mara con seguridad mientras se hace ejercicio o se realizan actividades al aire libre.","og_url":"https:\/\/adl-regalosempresa.com\/tiendaonline\/articulos\/merchandising\/camara-de-accion-con-doble-pantalla-4k-para-personalizar-con-logo-2\/","og_site_name":"ADL Comunicaci\u00f3n","article_modified_time":"2026-04-28T08:26:32+00:00","og_image":[{"width":1600,"height":1600,"url":"https:\/\/adl-regalosempresa.com\/tiendaonline\/wp-content\/uploads\/2025\/05\/1PA19690.jpg","type":"image\/jpeg"}],"twitter_card":"summary_large_image","twitter_title":"Merchandising C\u00e1mara de acci\u00f3n con doble pantalla 4K para personalizar con logo - ADL","twitter_misc":{"Tiempo de lectura":"1 minuto"},"schema":{"@context":"https:\/\/schema.org","@graph":[{"@type":"WebPage","@id":"https:\/\/adl-regalosempresa.com\/tiendaonline\/articulos\/merchandising\/camara-de-accion-con-doble-pantalla-4k-para-personalizar-con-logo-2\/","url":"https:\/\/adl-regalosempresa.com\/tiendaonline\/articulos\/merchandising\/camara-de-accion-con-doble-pantalla-4k-para-personalizar-con-logo-2\/","name":"Merchandising C\u00e1mara de acci\u00f3n con doble pantalla 4K para personalizar con logo - ADL","isPartOf":{"@id":"https:\/\/adl-regalosempresa.com\/tiendaonline\/#website"},"primaryImageOfPage":{"@id":"https:\/\/adl-regalosempresa.com\/tiendaonline\/articulos\/merchandising\/camara-de-accion-con-doble-pantalla-4k-para-personalizar-con-logo-2\/#primaryimage"},"image":{"@id":"https:\/\/adl-regalosempresa.com\/tiendaonline\/articulos\/merchandising\/camara-de-accion-con-doble-pantalla-4k-para-personalizar-con-logo-2\/#primaryimage"},"thumbnailUrl":"https:\/\/adl-regalosempresa.com\/tiendaonline\/wp-content\/uploads\/2025\/05\/1PA19690.jpg","datePublished":"2026-03-31T06:13:22+00:00","dateModified":"2026-04-28T08:26:32+00:00","description":"Art\u00edculo de merchandising C\u00e1mara de acci\u00f3n con doble pantalla 4K \"Prixton DV850 Aqua\". La c\u00e1mara de acci\u00f3n \"Aqua\" captura impresionantes im\u00e1genes de 24 MP y graba v\u00eddeos n\u00edtidos en 4K. Cuenta con dos pantallas IPS (una frontal t\u00e1ctil y otra trasera) que permiten cambiar de vista f\u00e1cilmente. Con el zoom 4X, se pueden capturar im\u00e1genes detalladas desde lejos. Dise\u00f1ada para su uso bajo el agua, cuenta con protecci\u00f3n IP68, que permite sumergirla hasta 5 metros. La c\u00e1mara admite cuatro resoluciones de v\u00eddeo: 4K a 30 fps, 2,7K a 30 fps, 1080P a 60\/30 fps y 720P a 120\/60\/30 fps, junto con seis opciones de resoluci\u00f3n fotogr\u00e1fica: de 5 MP a 24 MP. Incluye 19 accesorios, como adaptadores y soportes adhesivos, para sujetar la c\u00e1mara con seguridad mientras se hace ejercicio o se realizan actividades al aire libre.","breadcrumb":{"@id":"https:\/\/adl-regalosempresa.com\/tiendaonline\/articulos\/merchandising\/camara-de-accion-con-doble-pantalla-4k-para-personalizar-con-logo-2\/#breadcrumb"},"inLanguage":"es","potentialAction":[{"@type":"ReadAction","target":["https:\/\/adl-regalosempresa.com\/tiendaonline\/articulos\/merchandising\/camara-de-accion-con-doble-pantalla-4k-para-personalizar-con-logo-2\/"]}]},{"@type":"ImageObject","inLanguage":"es","@id":"https:\/\/adl-regalosempresa.com\/tiendaonline\/articulos\/merchandising\/camara-de-accion-con-doble-pantalla-4k-para-personalizar-con-logo-2\/#primaryimage","url":"https:\/\/adl-regalosempresa.com\/tiendaonline\/wp-content\/uploads\/2025\/05\/1PA19690.jpg","contentUrl":"https:\/\/adl-regalosempresa.com\/tiendaonline\/wp-content\/uploads\/2025\/05\/1PA19690.jpg","width":1600,"height":1600,"caption":"C\u00e1mara de acci\u00f3n con doble pantalla 4K \"Prixton DV850 Aqua\""},{"@type":"BreadcrumbList","@id":"https:\/\/adl-regalosempresa.com\/tiendaonline\/articulos\/merchandising\/camara-de-accion-con-doble-pantalla-4k-para-personalizar-con-logo-2\/#breadcrumb","itemListElement":[{"@type":"ListItem","position":1,"name":"Portada","item":"https:\/\/adl-regalosempresa.com\/tiendaonline\/"},{"@type":"ListItem","position":2,"name":"Tienda","item":"https:\/\/adl-regalosempresa.com\/tiendaonline\/tienda\/"},{"@type":"ListItem","position":3,"name":"C\u00e1mara de acci\u00f3n con doble pantalla 4K para personalizar con logo"}]},{"@type":"WebSite","@id":"https:\/\/adl-regalosempresa.com\/tiendaonline\/#website","url":"https:\/\/adl-regalosempresa.com\/tiendaonline\/","name":"ADL Comunicaci\u00f3n","description":"Regalos de empresa","publisher":{"@id":"https:\/\/adl-regalosempresa.com\/tiendaonline\/#organization"},"potentialAction":[{"@type":"SearchAction","target":{"@type":"EntryPoint","urlTemplate":"https:\/\/adl-regalosempresa.com\/tiendaonline\/?s={search_term_string}"},"query-input":{"@type":"PropertyValueSpecification","valueRequired":true,"valueName":"search_term_string"}}],"inLanguage":"es"},{"@type":"Organization","@id":"https:\/\/adl-regalosempresa.com\/tiendaonline\/#organization","name":"ADL Comunicaci\u00f3n","url":"https:\/\/adl-regalosempresa.com\/tiendaonline\/","logo":{"@type":"ImageObject","inLanguage":"es","@id":"https:\/\/adl-regalosempresa.com\/tiendaonline\/#\/schema\/logo\/image\/","url":"https:\/\/adl-regalosempresa.com\/tiendaonline\/wp-content\/uploads\/2017\/09\/logo-adl-wp.png","contentUrl":"https:\/\/adl-regalosempresa.com\/tiendaonline\/wp-content\/uploads\/2017\/09\/logo-adl-wp.png","width":407,"height":185,"caption":"ADL Comunicaci\u00f3n"},"image":{"@id":"https:\/\/adl-regalosempresa.com\/tiendaonline\/#\/schema\/logo\/image\/"}}]}},"_links":{"self":[{"href":"https:\/\/adl-regalosempresa.com\/tiendaonline\/wp-json\/wp\/v2\/product\/141512","targetHints":{"allow":["GET"]}}],"collection":[{"href":"https:\/\/adl-regalosempresa.com\/tiendaonline\/wp-json\/wp\/v2\/product"}],"about":[{"href":"https:\/\/adl-regalosempresa.com\/tiendaonline\/wp-json\/wp\/v2\/types\/product"}],"wp:featuredmedia":[{"embeddable":true,"href":"https:\/\/adl-regalosempresa.com\/tiendaonline\/wp-json\/wp\/v2\/media\/141514"}],"wp:attachment":[{"href":"https:\/\/adl-regalosempresa.com\/tiendaonline\/wp-json\/wp\/v2\/media?parent=141512"}],"wp:term":[{"taxonomy":"product_brand","embeddable":true,"href":"https:\/\/adl-regalosempresa.com\/tiendaonline\/wp-json\/wp\/v2\/product_brand?post=141512"},{"taxonomy":"product_cat","embeddable":true,"href":"https:\/\/adl-regalosempresa.com\/tiendaonline\/wp-json\/wp\/v2\/product_cat?post=141512"},{"taxonomy":"product_tag","embeddable":true,"href":"https:\/\/adl-regalosempresa.com\/tiendaonline\/wp-json\/wp\/v2\/product_tag?post=141512"}],"curies":[{"name":"wp","href":"https:\/\/api.w.org\/{rel}","templated":true}]}}