{"id":141500,"date":"2026-03-31T06:13:09","date_gmt":"2026-03-31T06:13:09","guid":{"rendered":"https:\/\/adl-regalosempresa.com\/tiendaonline\/articulos\/merchandising\/altavoz-karaoke-de-75-w-con-bluetooth-para-personalizar-con-logo\/"},"modified":"2026-04-13T07:56:09","modified_gmt":"2026-04-13T07:56:09","slug":"altavoz-karaoke-de-75-w-con-bluetooth-para-personalizar-con-logo","status":"publish","type":"product","link":"https:\/\/adl-regalosempresa.com\/tiendaonline\/articulos\/merchandising\/altavoz-karaoke-de-75-w-con-bluetooth-para-personalizar-con-logo\/","title":{"rendered":"Altavoz karaoke de 75 W con Bluetooth\u00ae  para personalizar con logo"},"content":{"rendered":"<p>El altavoz de karaoke \u00abJaia Max\u00bb ofrece 75 W de sonido n\u00edtido y potente con ECO, BAJOS y AGUDOS ajustables para una experiencia de audio personalizada. Incluye un micr\u00f3fono y hasta 5 efectos de luz din\u00e1micos para crear el ambiente de fiesta perfecto. Conecte otros dispositivos a trav\u00e9s de la entrada AUX IN y disfrute de sesiones a d\u00fao con las dos entradas de micr\u00f3fono. La bater\u00eda de alta capacidad dura hasta 10 horas con una sola carga de 8 horas, lo que garantiza que la m\u00fasica pueda sonar durante toda la noche.<\/p>\n","protected":false},"excerpt":{"rendered":"<p><strong>Descuentos por cantidades<\/strong><br \/>&#8211; a partir de 2 unidades: 132,01 \u20ac\/ud<br \/>&#8211; a partir de 5 unidades: 125,95 \u20ac\/ud<br \/>&#8211; a partir de 10 unidades: 124,36 \u20ac\/ud<\/p>\n<p>Para cantidades superiores a las aqu\u00ed indicadas, no dudes en ponerte en contacto con nuestro departamento comercial o <a href='https:\/\/adl-regalosempresa.com\/tiendaonline\/solicitud-presupuesto\/'>pedirnos presupuesto personalizado<\/a>, ajustaremos el presupuesto a tus necesidades.<\/p>\n","protected":false},"featured_media":141502,"template":"","meta":{"_kad_post_transparent":"","_kad_post_title":"","_kad_post_layout":"","_kad_post_sidebar_id":"","_kad_post_content_style":"","_kad_post_vertical_padding":"","_kad_post_feature":"","_kad_post_feature_position":"","_kad_post_header":false,"_kad_post_footer":false,"_kad_post_classname":""},"product_brand":[],"product_cat":[8021,486],"product_tag":[],"class_list":{"0":"post-141500","1":"product","2":"type-product","3":"status-publish","4":"has-post-thumbnail","6":"product_cat-altavoces","7":"product_cat-tecnologia","8":"pa_alto-25-cm","9":"pa_ancho-23-cm","10":"pa_color-negro-intenso","11":"pa_color-simple-negro-intenso","12":"pa_largo-60-cm","13":"pa_marca-prixton","14":"pa_material-plastico-abs-plastico-pvc","15":"pa_peso-6700-gr","17":"first","18":"instock","19":"taxable","20":"shipping-taxable","21":"purchasable","22":"product-type-variable","23":"entry","24":"content-bg","25":"loop-entry"},"yoast_head":"<!-- This site is optimized with the Yoast SEO plugin v26.3 - https:\/\/yoast.com\/wordpress\/plugins\/seo\/ -->\n<title>Merchandising Altavoz karaoke de 75 W con Bluetooth\u00ae para personalizar con logo - ADL<\/title>\n<meta name=\"description\" content=\"Art\u00edculo de merchandising Altavoz karaoke de 75 W con Bluetooth\u00ae &quot;Prixton Jaia Max&quot;. El altavoz de karaoke &quot;Jaia Max&quot; ofrece 75 W de sonido n\u00edtido y potente con ECO, BAJOS y AGUDOS ajustables para una experiencia de audio personalizada. Incluye un micr\u00f3fono y hasta 5 efectos de luz din\u00e1micos para crear el ambiente de fiesta perfecto. Conecte otros dispositivos a trav\u00e9s de la entrada AUX IN y disfrute de sesiones a d\u00fao con las dos entradas de micr\u00f3fono. La bater\u00eda de alta capacidad dura hasta 10 horas con una sola carga de 8 horas, lo que garantiza que la m\u00fasica pueda sonar durante toda la noche.\" \/>\n<meta name=\"robots\" content=\"index, follow, max-snippet:-1, max-image-preview:large, max-video-preview:-1\" \/>\n<link rel=\"canonical\" href=\"https:\/\/adl-regalosempresa.com\/tiendaonline\/articulos\/merchandising\/altavoz-karaoke-de-75-w-con-bluetooth-para-personalizar-con-logo\/\" \/>\n<meta property=\"og:locale\" content=\"es_ES\" \/>\n<meta property=\"og:type\" content=\"article\" \/>\n<meta property=\"og:title\" content=\"Merchandising Altavoz karaoke de 75 W con Bluetooth\u00ae para personalizar con logo - ADL\" \/>\n<meta property=\"og:description\" content=\"Art\u00edculo de merchandising Altavoz karaoke de 75 W con Bluetooth\u00ae &quot;Prixton Jaia Max&quot;. El altavoz de karaoke &quot;Jaia Max&quot; ofrece 75 W de sonido n\u00edtido y potente con ECO, BAJOS y AGUDOS ajustables para una experiencia de audio personalizada. Incluye un micr\u00f3fono y hasta 5 efectos de luz din\u00e1micos para crear el ambiente de fiesta perfecto. Conecte otros dispositivos a trav\u00e9s de la entrada AUX IN y disfrute de sesiones a d\u00fao con las dos entradas de micr\u00f3fono. La bater\u00eda de alta capacidad dura hasta 10 horas con una sola carga de 8 horas, lo que garantiza que la m\u00fasica pueda sonar durante toda la noche.\" \/>\n<meta property=\"og:url\" content=\"https:\/\/adl-regalosempresa.com\/tiendaonline\/articulos\/merchandising\/altavoz-karaoke-de-75-w-con-bluetooth-para-personalizar-con-logo\/\" \/>\n<meta property=\"og:site_name\" content=\"ADL Comunicaci\u00f3n\" \/>\n<meta property=\"article:modified_time\" content=\"2026-04-13T07:56:09+00:00\" \/>\n<meta property=\"og:image\" content=\"https:\/\/adl-regalosempresa.com\/tiendaonline\/wp-content\/uploads\/2025\/05\/1PA20090.jpg\" \/>\n\t<meta property=\"og:image:width\" content=\"1600\" \/>\n\t<meta property=\"og:image:height\" content=\"1600\" \/>\n\t<meta property=\"og:image:type\" content=\"image\/jpeg\" \/>\n<meta name=\"twitter:card\" content=\"summary_large_image\" \/>\n<meta name=\"twitter:title\" content=\"Merchandising Altavoz karaoke de 75 W con Bluetooth\u00ae para personalizar con logo - ADL\" \/>\n<script type=\"application\/ld+json\" class=\"yoast-schema-graph\">{\"@context\":\"https:\/\/schema.org\",\"@graph\":[{\"@type\":\"WebPage\",\"@id\":\"https:\/\/adl-regalosempresa.com\/tiendaonline\/articulos\/merchandising\/altavoz-karaoke-de-75-w-con-bluetooth-para-personalizar-con-logo\/\",\"url\":\"https:\/\/adl-regalosempresa.com\/tiendaonline\/articulos\/merchandising\/altavoz-karaoke-de-75-w-con-bluetooth-para-personalizar-con-logo\/\",\"name\":\"Merchandising Altavoz karaoke de 75 W con Bluetooth\u00ae para personalizar con logo - ADL\",\"isPartOf\":{\"@id\":\"https:\/\/adl-regalosempresa.com\/tiendaonline\/#website\"},\"primaryImageOfPage\":{\"@id\":\"https:\/\/adl-regalosempresa.com\/tiendaonline\/articulos\/merchandising\/altavoz-karaoke-de-75-w-con-bluetooth-para-personalizar-con-logo\/#primaryimage\"},\"image\":{\"@id\":\"https:\/\/adl-regalosempresa.com\/tiendaonline\/articulos\/merchandising\/altavoz-karaoke-de-75-w-con-bluetooth-para-personalizar-con-logo\/#primaryimage\"},\"thumbnailUrl\":\"https:\/\/adl-regalosempresa.com\/tiendaonline\/wp-content\/uploads\/2025\/05\/1PA20090.jpg\",\"datePublished\":\"2026-03-31T06:13:09+00:00\",\"dateModified\":\"2026-04-13T07:56:09+00:00\",\"description\":\"Art\u00edculo de merchandising Altavoz karaoke de 75 W con Bluetooth\u00ae \\\"Prixton Jaia Max\\\". El altavoz de karaoke \\\"Jaia Max\\\" ofrece 75 W de sonido n\u00edtido y potente con ECO, BAJOS y AGUDOS ajustables para una experiencia de audio personalizada. Incluye un micr\u00f3fono y hasta 5 efectos de luz din\u00e1micos para crear el ambiente de fiesta perfecto. Conecte otros dispositivos a trav\u00e9s de la entrada AUX IN y disfrute de sesiones a d\u00fao con las dos entradas de micr\u00f3fono. La bater\u00eda de alta capacidad dura hasta 10 horas con una sola carga de 8 horas, lo que garantiza que la m\u00fasica pueda sonar durante toda la noche.\",\"breadcrumb\":{\"@id\":\"https:\/\/adl-regalosempresa.com\/tiendaonline\/articulos\/merchandising\/altavoz-karaoke-de-75-w-con-bluetooth-para-personalizar-con-logo\/#breadcrumb\"},\"inLanguage\":\"es\",\"potentialAction\":[{\"@type\":\"ReadAction\",\"target\":[\"https:\/\/adl-regalosempresa.com\/tiendaonline\/articulos\/merchandising\/altavoz-karaoke-de-75-w-con-bluetooth-para-personalizar-con-logo\/\"]}]},{\"@type\":\"ImageObject\",\"inLanguage\":\"es\",\"@id\":\"https:\/\/adl-regalosempresa.com\/tiendaonline\/articulos\/merchandising\/altavoz-karaoke-de-75-w-con-bluetooth-para-personalizar-con-logo\/#primaryimage\",\"url\":\"https:\/\/adl-regalosempresa.com\/tiendaonline\/wp-content\/uploads\/2025\/05\/1PA20090.jpg\",\"contentUrl\":\"https:\/\/adl-regalosempresa.com\/tiendaonline\/wp-content\/uploads\/2025\/05\/1PA20090.jpg\",\"width\":1600,\"height\":1600,\"caption\":\"Altavoz karaoke de 75 W con Bluetooth\u00ae \\\"Prixton Jaia Max\\\"\"},{\"@type\":\"BreadcrumbList\",\"@id\":\"https:\/\/adl-regalosempresa.com\/tiendaonline\/articulos\/merchandising\/altavoz-karaoke-de-75-w-con-bluetooth-para-personalizar-con-logo\/#breadcrumb\",\"itemListElement\":[{\"@type\":\"ListItem\",\"position\":1,\"name\":\"Portada\",\"item\":\"https:\/\/adl-regalosempresa.com\/tiendaonline\/\"},{\"@type\":\"ListItem\",\"position\":2,\"name\":\"Tienda\",\"item\":\"https:\/\/adl-regalosempresa.com\/tiendaonline\/tienda\/\"},{\"@type\":\"ListItem\",\"position\":3,\"name\":\"Altavoz karaoke de 75 W con Bluetooth\u00ae para personalizar con logo\"}]},{\"@type\":\"WebSite\",\"@id\":\"https:\/\/adl-regalosempresa.com\/tiendaonline\/#website\",\"url\":\"https:\/\/adl-regalosempresa.com\/tiendaonline\/\",\"name\":\"ADL Comunicaci\u00f3n\",\"description\":\"Regalos de empresa\",\"publisher\":{\"@id\":\"https:\/\/adl-regalosempresa.com\/tiendaonline\/#organization\"},\"potentialAction\":[{\"@type\":\"SearchAction\",\"target\":{\"@type\":\"EntryPoint\",\"urlTemplate\":\"https:\/\/adl-regalosempresa.com\/tiendaonline\/?s={search_term_string}\"},\"query-input\":{\"@type\":\"PropertyValueSpecification\",\"valueRequired\":true,\"valueName\":\"search_term_string\"}}],\"inLanguage\":\"es\"},{\"@type\":\"Organization\",\"@id\":\"https:\/\/adl-regalosempresa.com\/tiendaonline\/#organization\",\"name\":\"ADL Comunicaci\u00f3n\",\"url\":\"https:\/\/adl-regalosempresa.com\/tiendaonline\/\",\"logo\":{\"@type\":\"ImageObject\",\"inLanguage\":\"es\",\"@id\":\"https:\/\/adl-regalosempresa.com\/tiendaonline\/#\/schema\/logo\/image\/\",\"url\":\"https:\/\/adl-regalosempresa.com\/tiendaonline\/wp-content\/uploads\/2017\/09\/logo-adl-wp.png\",\"contentUrl\":\"https:\/\/adl-regalosempresa.com\/tiendaonline\/wp-content\/uploads\/2017\/09\/logo-adl-wp.png\",\"width\":407,\"height\":185,\"caption\":\"ADL Comunicaci\u00f3n\"},\"image\":{\"@id\":\"https:\/\/adl-regalosempresa.com\/tiendaonline\/#\/schema\/logo\/image\/\"}}]}<\/script>\n<!-- \/ Yoast SEO plugin. -->","yoast_head_json":{"title":"Merchandising Altavoz karaoke de 75 W con Bluetooth\u00ae para personalizar con logo - ADL","description":"Art\u00edculo de merchandising Altavoz karaoke de 75 W con Bluetooth\u00ae \"Prixton Jaia Max\". El altavoz de karaoke \"Jaia Max\" ofrece 75 W de sonido n\u00edtido y potente con ECO, BAJOS y AGUDOS ajustables para una experiencia de audio personalizada. Incluye un micr\u00f3fono y hasta 5 efectos de luz din\u00e1micos para crear el ambiente de fiesta perfecto. Conecte otros dispositivos a trav\u00e9s de la entrada AUX IN y disfrute de sesiones a d\u00fao con las dos entradas de micr\u00f3fono. La bater\u00eda de alta capacidad dura hasta 10 horas con una sola carga de 8 horas, lo que garantiza que la m\u00fasica pueda sonar durante toda la noche.","robots":{"index":"index","follow":"follow","max-snippet":"max-snippet:-1","max-image-preview":"max-image-preview:large","max-video-preview":"max-video-preview:-1"},"canonical":"https:\/\/adl-regalosempresa.com\/tiendaonline\/articulos\/merchandising\/altavoz-karaoke-de-75-w-con-bluetooth-para-personalizar-con-logo\/","og_locale":"es_ES","og_type":"article","og_title":"Merchandising Altavoz karaoke de 75 W con Bluetooth\u00ae para personalizar con logo - ADL","og_description":"Art\u00edculo de merchandising Altavoz karaoke de 75 W con Bluetooth\u00ae \"Prixton Jaia Max\". El altavoz de karaoke \"Jaia Max\" ofrece 75 W de sonido n\u00edtido y potente con ECO, BAJOS y AGUDOS ajustables para una experiencia de audio personalizada. Incluye un micr\u00f3fono y hasta 5 efectos de luz din\u00e1micos para crear el ambiente de fiesta perfecto. Conecte otros dispositivos a trav\u00e9s de la entrada AUX IN y disfrute de sesiones a d\u00fao con las dos entradas de micr\u00f3fono. La bater\u00eda de alta capacidad dura hasta 10 horas con una sola carga de 8 horas, lo que garantiza que la m\u00fasica pueda sonar durante toda la noche.","og_url":"https:\/\/adl-regalosempresa.com\/tiendaonline\/articulos\/merchandising\/altavoz-karaoke-de-75-w-con-bluetooth-para-personalizar-con-logo\/","og_site_name":"ADL Comunicaci\u00f3n","article_modified_time":"2026-04-13T07:56:09+00:00","og_image":[{"width":1600,"height":1600,"url":"https:\/\/adl-regalosempresa.com\/tiendaonline\/wp-content\/uploads\/2025\/05\/1PA20090.jpg","type":"image\/jpeg"}],"twitter_card":"summary_large_image","twitter_title":"Merchandising Altavoz karaoke de 75 W con Bluetooth\u00ae para personalizar con logo - ADL","schema":{"@context":"https:\/\/schema.org","@graph":[{"@type":"WebPage","@id":"https:\/\/adl-regalosempresa.com\/tiendaonline\/articulos\/merchandising\/altavoz-karaoke-de-75-w-con-bluetooth-para-personalizar-con-logo\/","url":"https:\/\/adl-regalosempresa.com\/tiendaonline\/articulos\/merchandising\/altavoz-karaoke-de-75-w-con-bluetooth-para-personalizar-con-logo\/","name":"Merchandising Altavoz karaoke de 75 W con Bluetooth\u00ae para personalizar con logo - ADL","isPartOf":{"@id":"https:\/\/adl-regalosempresa.com\/tiendaonline\/#website"},"primaryImageOfPage":{"@id":"https:\/\/adl-regalosempresa.com\/tiendaonline\/articulos\/merchandising\/altavoz-karaoke-de-75-w-con-bluetooth-para-personalizar-con-logo\/#primaryimage"},"image":{"@id":"https:\/\/adl-regalosempresa.com\/tiendaonline\/articulos\/merchandising\/altavoz-karaoke-de-75-w-con-bluetooth-para-personalizar-con-logo\/#primaryimage"},"thumbnailUrl":"https:\/\/adl-regalosempresa.com\/tiendaonline\/wp-content\/uploads\/2025\/05\/1PA20090.jpg","datePublished":"2026-03-31T06:13:09+00:00","dateModified":"2026-04-13T07:56:09+00:00","description":"Art\u00edculo de merchandising Altavoz karaoke de 75 W con Bluetooth\u00ae \"Prixton Jaia Max\". El altavoz de karaoke \"Jaia Max\" ofrece 75 W de sonido n\u00edtido y potente con ECO, BAJOS y AGUDOS ajustables para una experiencia de audio personalizada. Incluye un micr\u00f3fono y hasta 5 efectos de luz din\u00e1micos para crear el ambiente de fiesta perfecto. Conecte otros dispositivos a trav\u00e9s de la entrada AUX IN y disfrute de sesiones a d\u00fao con las dos entradas de micr\u00f3fono. La bater\u00eda de alta capacidad dura hasta 10 horas con una sola carga de 8 horas, lo que garantiza que la m\u00fasica pueda sonar durante toda la noche.","breadcrumb":{"@id":"https:\/\/adl-regalosempresa.com\/tiendaonline\/articulos\/merchandising\/altavoz-karaoke-de-75-w-con-bluetooth-para-personalizar-con-logo\/#breadcrumb"},"inLanguage":"es","potentialAction":[{"@type":"ReadAction","target":["https:\/\/adl-regalosempresa.com\/tiendaonline\/articulos\/merchandising\/altavoz-karaoke-de-75-w-con-bluetooth-para-personalizar-con-logo\/"]}]},{"@type":"ImageObject","inLanguage":"es","@id":"https:\/\/adl-regalosempresa.com\/tiendaonline\/articulos\/merchandising\/altavoz-karaoke-de-75-w-con-bluetooth-para-personalizar-con-logo\/#primaryimage","url":"https:\/\/adl-regalosempresa.com\/tiendaonline\/wp-content\/uploads\/2025\/05\/1PA20090.jpg","contentUrl":"https:\/\/adl-regalosempresa.com\/tiendaonline\/wp-content\/uploads\/2025\/05\/1PA20090.jpg","width":1600,"height":1600,"caption":"Altavoz karaoke de 75 W con Bluetooth\u00ae \"Prixton Jaia Max\""},{"@type":"BreadcrumbList","@id":"https:\/\/adl-regalosempresa.com\/tiendaonline\/articulos\/merchandising\/altavoz-karaoke-de-75-w-con-bluetooth-para-personalizar-con-logo\/#breadcrumb","itemListElement":[{"@type":"ListItem","position":1,"name":"Portada","item":"https:\/\/adl-regalosempresa.com\/tiendaonline\/"},{"@type":"ListItem","position":2,"name":"Tienda","item":"https:\/\/adl-regalosempresa.com\/tiendaonline\/tienda\/"},{"@type":"ListItem","position":3,"name":"Altavoz karaoke de 75 W con Bluetooth\u00ae para personalizar con logo"}]},{"@type":"WebSite","@id":"https:\/\/adl-regalosempresa.com\/tiendaonline\/#website","url":"https:\/\/adl-regalosempresa.com\/tiendaonline\/","name":"ADL Comunicaci\u00f3n","description":"Regalos de empresa","publisher":{"@id":"https:\/\/adl-regalosempresa.com\/tiendaonline\/#organization"},"potentialAction":[{"@type":"SearchAction","target":{"@type":"EntryPoint","urlTemplate":"https:\/\/adl-regalosempresa.com\/tiendaonline\/?s={search_term_string}"},"query-input":{"@type":"PropertyValueSpecification","valueRequired":true,"valueName":"search_term_string"}}],"inLanguage":"es"},{"@type":"Organization","@id":"https:\/\/adl-regalosempresa.com\/tiendaonline\/#organization","name":"ADL Comunicaci\u00f3n","url":"https:\/\/adl-regalosempresa.com\/tiendaonline\/","logo":{"@type":"ImageObject","inLanguage":"es","@id":"https:\/\/adl-regalosempresa.com\/tiendaonline\/#\/schema\/logo\/image\/","url":"https:\/\/adl-regalosempresa.com\/tiendaonline\/wp-content\/uploads\/2017\/09\/logo-adl-wp.png","contentUrl":"https:\/\/adl-regalosempresa.com\/tiendaonline\/wp-content\/uploads\/2017\/09\/logo-adl-wp.png","width":407,"height":185,"caption":"ADL Comunicaci\u00f3n"},"image":{"@id":"https:\/\/adl-regalosempresa.com\/tiendaonline\/#\/schema\/logo\/image\/"}}]}},"_links":{"self":[{"href":"https:\/\/adl-regalosempresa.com\/tiendaonline\/wp-json\/wp\/v2\/product\/141500","targetHints":{"allow":["GET"]}}],"collection":[{"href":"https:\/\/adl-regalosempresa.com\/tiendaonline\/wp-json\/wp\/v2\/product"}],"about":[{"href":"https:\/\/adl-regalosempresa.com\/tiendaonline\/wp-json\/wp\/v2\/types\/product"}],"wp:featuredmedia":[{"embeddable":true,"href":"https:\/\/adl-regalosempresa.com\/tiendaonline\/wp-json\/wp\/v2\/media\/141502"}],"wp:attachment":[{"href":"https:\/\/adl-regalosempresa.com\/tiendaonline\/wp-json\/wp\/v2\/media?parent=141500"}],"wp:term":[{"taxonomy":"product_brand","embeddable":true,"href":"https:\/\/adl-regalosempresa.com\/tiendaonline\/wp-json\/wp\/v2\/product_brand?post=141500"},{"taxonomy":"product_cat","embeddable":true,"href":"https:\/\/adl-regalosempresa.com\/tiendaonline\/wp-json\/wp\/v2\/product_cat?post=141500"},{"taxonomy":"product_tag","embeddable":true,"href":"https:\/\/adl-regalosempresa.com\/tiendaonline\/wp-json\/wp\/v2\/product_tag?post=141500"}],"curies":[{"name":"wp","href":"https:\/\/api.w.org\/{rel}","templated":true}]}}