{"id":141443,"date":"2026-03-24T08:03:05","date_gmt":"2026-03-24T08:03:05","guid":{"rendered":"https:\/\/adl-regalosempresa.com\/tiendaonline\/articulos\/merchandising\/botella-de-agua-de-106-litros-con-pajita-abatible-para-personalizar-con-logo\/"},"modified":"2026-04-04T07:34:15","modified_gmt":"2026-04-04T07:34:15","slug":"botella-de-agua-de-106-litros-con-pajita-abatible-para-personalizar-con-logo","status":"publish","type":"product","link":"https:\/\/adl-regalosempresa.com\/tiendaonline\/articulos\/merchandising\/botella-de-agua-de-106-litros-con-pajita-abatible-para-personalizar-con-logo\/","title":{"rendered":"Botella de agua de 1,06 litros con pajita abatible  para personalizar con logo"},"content":{"rendered":"<p>La botella de agua de 1,06 litros \u00abIceFlow\u2122 2.0\u00bb cuenta con la tecnolog\u00eda avanzada AeroLight\u2122 que la hace un 33\u00a0% m\u00e1s ligera que las botellas de acero inoxidable est\u00e1ndar. Su ligero aislamiento de acero hilado mantiene el agua helada durante horas, por lo que es ideal para entrenamientos o para la hidrataci\u00f3n diaria. El asa plegable permite transportarla f\u00e1cilmente; es perfecta para llevarla a una clase de yoga. La tapa tiene una abertura m\u00e1s grande y una pajita abatible incorporada para una hidrataci\u00f3n m\u00e1s r\u00e1pida: \u00e1brela para beber y ci\u00e9rrala cuando hayas terminado. La boquilla puede extraerse para una limpieza m\u00e1s profunda, lo que garantiza siempre el buen sabor del agua.<\/p>\n","protected":false},"excerpt":{"rendered":"<p><strong>Descuentos por cantidades<\/strong><br \/>&#8211; a partir de 50 unidades: 52,6 \u20ac\/ud<br \/>&#8211; a partir de 100 unidades: 52,6 \u20ac\/ud<br \/>&#8211; a partir de 250 unidades: 52,6 \u20ac\/ud<\/p>\n<p>Para cantidades superiores a las aqu\u00ed indicadas, no dudes en ponerte en contacto con nuestro departamento comercial o <a href='https:\/\/adl-regalosempresa.com\/tiendaonline\/solicitud-presupuesto\/'>pedirnos presupuesto personalizado<\/a>, ajustaremos el presupuesto a tus necesidades.<\/p>\n","protected":false},"featured_media":141445,"template":"","meta":{"_kad_post_transparent":"","_kad_post_title":"","_kad_post_layout":"","_kad_post_sidebar_id":"","_kad_post_content_style":"","_kad_post_vertical_padding":"","_kad_post_feature":"","_kad_post_feature_position":"","_kad_post_header":false,"_kad_post_footer":false,"_kad_post_classname":""},"product_brand":[],"product_cat":[3372,3373],"product_tag":[],"class_list":{"0":"post-141443","1":"product","2":"type-product","3":"status-publish","4":"has-post-thumbnail","6":"product_cat-articulos-para-bebidas","7":"product_cat-botellas-de-agua","8":"pa_alto-305-cm","9":"pa_ancho-10-cm","10":"pa_color-blanco-traslucido","11":"pa_color-negro-intenso","12":"pa_color-rosa-claro","13":"pa_color-simple-blanco","14":"pa_color-simple-negro-intenso","15":"pa_color-simple-rosa","16":"pa_largo-9-cm","17":"pa_marca-stanley","18":"pa_material-acero-inoxidable-reciclado","19":"pa_peso-550-gr","21":"first","22":"instock","23":"taxable","24":"shipping-taxable","25":"purchasable","26":"product-type-variable","27":"entry","28":"content-bg","29":"loop-entry"},"yoast_head":"<!-- This site is optimized with the Yoast SEO plugin v26.3 - https:\/\/yoast.com\/wordpress\/plugins\/seo\/ -->\n<title>Merchandising Botella de agua de 1,06 litros con pajita abatible para personalizar con logo - ADL<\/title>\n<meta name=\"description\" content=\"Art\u00edculo de merchandising Botella de agua de 1,06 litros con pajita abatible &quot;Stanley IceFlow\u2122 2.0&quot;. La botella de agua de 1,06 litros &quot;IceFlow\u2122 2.0&quot; cuenta con la tecnolog\u00eda avanzada AeroLight\u2122 que la hace un 33\u00a0% m\u00e1s ligera que las botellas de acero inoxidable est\u00e1ndar. Su ligero aislamiento de acero hilado mantiene el agua helada durante horas, por lo que es ideal para entrenamientos o para la hidrataci\u00f3n diaria. El asa plegable permite transportarla f\u00e1cilmente; es perfecta para llevarla a una clase de yoga. La tapa tiene una abertura m\u00e1s grande y una pajita abatible incorporada para una hidrataci\u00f3n m\u00e1s r\u00e1pida: \u00e1brela para beber y ci\u00e9rrala cuando hayas terminado. La boquilla puede extraerse para una limpieza m\u00e1s profunda, lo que garantiza siempre el buen sabor del agua.\" \/>\n<meta name=\"robots\" content=\"index, follow, max-snippet:-1, max-image-preview:large, max-video-preview:-1\" \/>\n<link rel=\"canonical\" href=\"https:\/\/adl-regalosempresa.com\/tiendaonline\/articulos\/merchandising\/botella-de-agua-de-106-litros-con-pajita-abatible-para-personalizar-con-logo\/\" \/>\n<meta property=\"og:locale\" content=\"es_ES\" \/>\n<meta property=\"og:type\" content=\"article\" \/>\n<meta property=\"og:title\" content=\"Merchandising Botella de agua de 1,06 litros con pajita abatible para personalizar con logo - ADL\" \/>\n<meta property=\"og:description\" content=\"Art\u00edculo de merchandising Botella de agua de 1,06 litros con pajita abatible &quot;Stanley IceFlow\u2122 2.0&quot;. La botella de agua de 1,06 litros &quot;IceFlow\u2122 2.0&quot; cuenta con la tecnolog\u00eda avanzada AeroLight\u2122 que la hace un 33\u00a0% m\u00e1s ligera que las botellas de acero inoxidable est\u00e1ndar. Su ligero aislamiento de acero hilado mantiene el agua helada durante horas, por lo que es ideal para entrenamientos o para la hidrataci\u00f3n diaria. El asa plegable permite transportarla f\u00e1cilmente; es perfecta para llevarla a una clase de yoga. La tapa tiene una abertura m\u00e1s grande y una pajita abatible incorporada para una hidrataci\u00f3n m\u00e1s r\u00e1pida: \u00e1brela para beber y ci\u00e9rrala cuando hayas terminado. La boquilla puede extraerse para una limpieza m\u00e1s profunda, lo que garantiza siempre el buen sabor del agua.\" \/>\n<meta property=\"og:url\" content=\"https:\/\/adl-regalosempresa.com\/tiendaonline\/articulos\/merchandising\/botella-de-agua-de-106-litros-con-pajita-abatible-para-personalizar-con-logo\/\" \/>\n<meta property=\"og:site_name\" content=\"ADL Comunicaci\u00f3n\" \/>\n<meta property=\"article:modified_time\" content=\"2026-04-04T07:34:15+00:00\" \/>\n<meta property=\"og:image\" content=\"https:\/\/adl-regalosempresa.com\/tiendaonline\/wp-content\/uploads\/2025\/05\/10088401.jpg\" \/>\n\t<meta property=\"og:image:width\" content=\"1600\" \/>\n\t<meta property=\"og:image:height\" content=\"1600\" \/>\n\t<meta property=\"og:image:type\" content=\"image\/jpeg\" \/>\n<meta name=\"twitter:card\" content=\"summary_large_image\" \/>\n<meta name=\"twitter:title\" content=\"Merchandising Botella de agua de 1,06 litros con pajita abatible para personalizar con logo - ADL\" \/>\n<meta name=\"twitter:label1\" content=\"Tiempo de lectura\" \/>\n\t<meta name=\"twitter:data1\" content=\"1 minuto\" \/>\n<script type=\"application\/ld+json\" class=\"yoast-schema-graph\">{\"@context\":\"https:\/\/schema.org\",\"@graph\":[{\"@type\":\"WebPage\",\"@id\":\"https:\/\/adl-regalosempresa.com\/tiendaonline\/articulos\/merchandising\/botella-de-agua-de-106-litros-con-pajita-abatible-para-personalizar-con-logo\/\",\"url\":\"https:\/\/adl-regalosempresa.com\/tiendaonline\/articulos\/merchandising\/botella-de-agua-de-106-litros-con-pajita-abatible-para-personalizar-con-logo\/\",\"name\":\"Merchandising Botella de agua de 1,06 litros con pajita abatible para personalizar con logo - ADL\",\"isPartOf\":{\"@id\":\"https:\/\/adl-regalosempresa.com\/tiendaonline\/#website\"},\"primaryImageOfPage\":{\"@id\":\"https:\/\/adl-regalosempresa.com\/tiendaonline\/articulos\/merchandising\/botella-de-agua-de-106-litros-con-pajita-abatible-para-personalizar-con-logo\/#primaryimage\"},\"image\":{\"@id\":\"https:\/\/adl-regalosempresa.com\/tiendaonline\/articulos\/merchandising\/botella-de-agua-de-106-litros-con-pajita-abatible-para-personalizar-con-logo\/#primaryimage\"},\"thumbnailUrl\":\"https:\/\/adl-regalosempresa.com\/tiendaonline\/wp-content\/uploads\/2025\/05\/10088401.jpg\",\"datePublished\":\"2026-03-24T08:03:05+00:00\",\"dateModified\":\"2026-04-04T07:34:15+00:00\",\"description\":\"Art\u00edculo de merchandising Botella de agua de 1,06 litros con pajita abatible \\\"Stanley IceFlow\u2122 2.0\\\". La botella de agua de 1,06 litros \\\"IceFlow\u2122 2.0\\\" cuenta con la tecnolog\u00eda avanzada AeroLight\u2122 que la hace un 33\u00a0% m\u00e1s ligera que las botellas de acero inoxidable est\u00e1ndar. Su ligero aislamiento de acero hilado mantiene el agua helada durante horas, por lo que es ideal para entrenamientos o para la hidrataci\u00f3n diaria. El asa plegable permite transportarla f\u00e1cilmente; es perfecta para llevarla a una clase de yoga. La tapa tiene una abertura m\u00e1s grande y una pajita abatible incorporada para una hidrataci\u00f3n m\u00e1s r\u00e1pida: \u00e1brela para beber y ci\u00e9rrala cuando hayas terminado. La boquilla puede extraerse para una limpieza m\u00e1s profunda, lo que garantiza siempre el buen sabor del agua.\",\"breadcrumb\":{\"@id\":\"https:\/\/adl-regalosempresa.com\/tiendaonline\/articulos\/merchandising\/botella-de-agua-de-106-litros-con-pajita-abatible-para-personalizar-con-logo\/#breadcrumb\"},\"inLanguage\":\"es\",\"potentialAction\":[{\"@type\":\"ReadAction\",\"target\":[\"https:\/\/adl-regalosempresa.com\/tiendaonline\/articulos\/merchandising\/botella-de-agua-de-106-litros-con-pajita-abatible-para-personalizar-con-logo\/\"]}]},{\"@type\":\"ImageObject\",\"inLanguage\":\"es\",\"@id\":\"https:\/\/adl-regalosempresa.com\/tiendaonline\/articulos\/merchandising\/botella-de-agua-de-106-litros-con-pajita-abatible-para-personalizar-con-logo\/#primaryimage\",\"url\":\"https:\/\/adl-regalosempresa.com\/tiendaonline\/wp-content\/uploads\/2025\/05\/10088401.jpg\",\"contentUrl\":\"https:\/\/adl-regalosempresa.com\/tiendaonline\/wp-content\/uploads\/2025\/05\/10088401.jpg\",\"width\":1600,\"height\":1600,\"caption\":\"Botella de agua de 1\"},{\"@type\":\"BreadcrumbList\",\"@id\":\"https:\/\/adl-regalosempresa.com\/tiendaonline\/articulos\/merchandising\/botella-de-agua-de-106-litros-con-pajita-abatible-para-personalizar-con-logo\/#breadcrumb\",\"itemListElement\":[{\"@type\":\"ListItem\",\"position\":1,\"name\":\"Portada\",\"item\":\"https:\/\/adl-regalosempresa.com\/tiendaonline\/\"},{\"@type\":\"ListItem\",\"position\":2,\"name\":\"Tienda\",\"item\":\"https:\/\/adl-regalosempresa.com\/tiendaonline\/tienda\/\"},{\"@type\":\"ListItem\",\"position\":3,\"name\":\"Botella de agua de 1,06 litros con pajita abatible para personalizar con logo\"}]},{\"@type\":\"WebSite\",\"@id\":\"https:\/\/adl-regalosempresa.com\/tiendaonline\/#website\",\"url\":\"https:\/\/adl-regalosempresa.com\/tiendaonline\/\",\"name\":\"ADL Comunicaci\u00f3n\",\"description\":\"Regalos de empresa\",\"publisher\":{\"@id\":\"https:\/\/adl-regalosempresa.com\/tiendaonline\/#organization\"},\"potentialAction\":[{\"@type\":\"SearchAction\",\"target\":{\"@type\":\"EntryPoint\",\"urlTemplate\":\"https:\/\/adl-regalosempresa.com\/tiendaonline\/?s={search_term_string}\"},\"query-input\":{\"@type\":\"PropertyValueSpecification\",\"valueRequired\":true,\"valueName\":\"search_term_string\"}}],\"inLanguage\":\"es\"},{\"@type\":\"Organization\",\"@id\":\"https:\/\/adl-regalosempresa.com\/tiendaonline\/#organization\",\"name\":\"ADL Comunicaci\u00f3n\",\"url\":\"https:\/\/adl-regalosempresa.com\/tiendaonline\/\",\"logo\":{\"@type\":\"ImageObject\",\"inLanguage\":\"es\",\"@id\":\"https:\/\/adl-regalosempresa.com\/tiendaonline\/#\/schema\/logo\/image\/\",\"url\":\"https:\/\/adl-regalosempresa.com\/tiendaonline\/wp-content\/uploads\/2017\/09\/logo-adl-wp.png\",\"contentUrl\":\"https:\/\/adl-regalosempresa.com\/tiendaonline\/wp-content\/uploads\/2017\/09\/logo-adl-wp.png\",\"width\":407,\"height\":185,\"caption\":\"ADL Comunicaci\u00f3n\"},\"image\":{\"@id\":\"https:\/\/adl-regalosempresa.com\/tiendaonline\/#\/schema\/logo\/image\/\"}}]}<\/script>\n<!-- \/ Yoast SEO plugin. -->","yoast_head_json":{"title":"Merchandising Botella de agua de 1,06 litros con pajita abatible para personalizar con logo - ADL","description":"Art\u00edculo de merchandising Botella de agua de 1,06 litros con pajita abatible \"Stanley IceFlow\u2122 2.0\". La botella de agua de 1,06 litros \"IceFlow\u2122 2.0\" cuenta con la tecnolog\u00eda avanzada AeroLight\u2122 que la hace un 33\u00a0% m\u00e1s ligera que las botellas de acero inoxidable est\u00e1ndar. Su ligero aislamiento de acero hilado mantiene el agua helada durante horas, por lo que es ideal para entrenamientos o para la hidrataci\u00f3n diaria. El asa plegable permite transportarla f\u00e1cilmente; es perfecta para llevarla a una clase de yoga. La tapa tiene una abertura m\u00e1s grande y una pajita abatible incorporada para una hidrataci\u00f3n m\u00e1s r\u00e1pida: \u00e1brela para beber y ci\u00e9rrala cuando hayas terminado. La boquilla puede extraerse para una limpieza m\u00e1s profunda, lo que garantiza siempre el buen sabor del agua.","robots":{"index":"index","follow":"follow","max-snippet":"max-snippet:-1","max-image-preview":"max-image-preview:large","max-video-preview":"max-video-preview:-1"},"canonical":"https:\/\/adl-regalosempresa.com\/tiendaonline\/articulos\/merchandising\/botella-de-agua-de-106-litros-con-pajita-abatible-para-personalizar-con-logo\/","og_locale":"es_ES","og_type":"article","og_title":"Merchandising Botella de agua de 1,06 litros con pajita abatible para personalizar con logo - ADL","og_description":"Art\u00edculo de merchandising Botella de agua de 1,06 litros con pajita abatible \"Stanley IceFlow\u2122 2.0\". La botella de agua de 1,06 litros \"IceFlow\u2122 2.0\" cuenta con la tecnolog\u00eda avanzada AeroLight\u2122 que la hace un 33\u00a0% m\u00e1s ligera que las botellas de acero inoxidable est\u00e1ndar. Su ligero aislamiento de acero hilado mantiene el agua helada durante horas, por lo que es ideal para entrenamientos o para la hidrataci\u00f3n diaria. El asa plegable permite transportarla f\u00e1cilmente; es perfecta para llevarla a una clase de yoga. La tapa tiene una abertura m\u00e1s grande y una pajita abatible incorporada para una hidrataci\u00f3n m\u00e1s r\u00e1pida: \u00e1brela para beber y ci\u00e9rrala cuando hayas terminado. La boquilla puede extraerse para una limpieza m\u00e1s profunda, lo que garantiza siempre el buen sabor del agua.","og_url":"https:\/\/adl-regalosempresa.com\/tiendaonline\/articulos\/merchandising\/botella-de-agua-de-106-litros-con-pajita-abatible-para-personalizar-con-logo\/","og_site_name":"ADL Comunicaci\u00f3n","article_modified_time":"2026-04-04T07:34:15+00:00","og_image":[{"width":1600,"height":1600,"url":"https:\/\/adl-regalosempresa.com\/tiendaonline\/wp-content\/uploads\/2025\/05\/10088401.jpg","type":"image\/jpeg"}],"twitter_card":"summary_large_image","twitter_title":"Merchandising Botella de agua de 1,06 litros con pajita abatible para personalizar con logo - ADL","twitter_misc":{"Tiempo de lectura":"1 minuto"},"schema":{"@context":"https:\/\/schema.org","@graph":[{"@type":"WebPage","@id":"https:\/\/adl-regalosempresa.com\/tiendaonline\/articulos\/merchandising\/botella-de-agua-de-106-litros-con-pajita-abatible-para-personalizar-con-logo\/","url":"https:\/\/adl-regalosempresa.com\/tiendaonline\/articulos\/merchandising\/botella-de-agua-de-106-litros-con-pajita-abatible-para-personalizar-con-logo\/","name":"Merchandising Botella de agua de 1,06 litros con pajita abatible para personalizar con logo - ADL","isPartOf":{"@id":"https:\/\/adl-regalosempresa.com\/tiendaonline\/#website"},"primaryImageOfPage":{"@id":"https:\/\/adl-regalosempresa.com\/tiendaonline\/articulos\/merchandising\/botella-de-agua-de-106-litros-con-pajita-abatible-para-personalizar-con-logo\/#primaryimage"},"image":{"@id":"https:\/\/adl-regalosempresa.com\/tiendaonline\/articulos\/merchandising\/botella-de-agua-de-106-litros-con-pajita-abatible-para-personalizar-con-logo\/#primaryimage"},"thumbnailUrl":"https:\/\/adl-regalosempresa.com\/tiendaonline\/wp-content\/uploads\/2025\/05\/10088401.jpg","datePublished":"2026-03-24T08:03:05+00:00","dateModified":"2026-04-04T07:34:15+00:00","description":"Art\u00edculo de merchandising Botella de agua de 1,06 litros con pajita abatible \"Stanley IceFlow\u2122 2.0\". La botella de agua de 1,06 litros \"IceFlow\u2122 2.0\" cuenta con la tecnolog\u00eda avanzada AeroLight\u2122 que la hace un 33\u00a0% m\u00e1s ligera que las botellas de acero inoxidable est\u00e1ndar. Su ligero aislamiento de acero hilado mantiene el agua helada durante horas, por lo que es ideal para entrenamientos o para la hidrataci\u00f3n diaria. El asa plegable permite transportarla f\u00e1cilmente; es perfecta para llevarla a una clase de yoga. La tapa tiene una abertura m\u00e1s grande y una pajita abatible incorporada para una hidrataci\u00f3n m\u00e1s r\u00e1pida: \u00e1brela para beber y ci\u00e9rrala cuando hayas terminado. La boquilla puede extraerse para una limpieza m\u00e1s profunda, lo que garantiza siempre el buen sabor del agua.","breadcrumb":{"@id":"https:\/\/adl-regalosempresa.com\/tiendaonline\/articulos\/merchandising\/botella-de-agua-de-106-litros-con-pajita-abatible-para-personalizar-con-logo\/#breadcrumb"},"inLanguage":"es","potentialAction":[{"@type":"ReadAction","target":["https:\/\/adl-regalosempresa.com\/tiendaonline\/articulos\/merchandising\/botella-de-agua-de-106-litros-con-pajita-abatible-para-personalizar-con-logo\/"]}]},{"@type":"ImageObject","inLanguage":"es","@id":"https:\/\/adl-regalosempresa.com\/tiendaonline\/articulos\/merchandising\/botella-de-agua-de-106-litros-con-pajita-abatible-para-personalizar-con-logo\/#primaryimage","url":"https:\/\/adl-regalosempresa.com\/tiendaonline\/wp-content\/uploads\/2025\/05\/10088401.jpg","contentUrl":"https:\/\/adl-regalosempresa.com\/tiendaonline\/wp-content\/uploads\/2025\/05\/10088401.jpg","width":1600,"height":1600,"caption":"Botella de agua de 1"},{"@type":"BreadcrumbList","@id":"https:\/\/adl-regalosempresa.com\/tiendaonline\/articulos\/merchandising\/botella-de-agua-de-106-litros-con-pajita-abatible-para-personalizar-con-logo\/#breadcrumb","itemListElement":[{"@type":"ListItem","position":1,"name":"Portada","item":"https:\/\/adl-regalosempresa.com\/tiendaonline\/"},{"@type":"ListItem","position":2,"name":"Tienda","item":"https:\/\/adl-regalosempresa.com\/tiendaonline\/tienda\/"},{"@type":"ListItem","position":3,"name":"Botella de agua de 1,06 litros con pajita abatible para personalizar con logo"}]},{"@type":"WebSite","@id":"https:\/\/adl-regalosempresa.com\/tiendaonline\/#website","url":"https:\/\/adl-regalosempresa.com\/tiendaonline\/","name":"ADL Comunicaci\u00f3n","description":"Regalos de empresa","publisher":{"@id":"https:\/\/adl-regalosempresa.com\/tiendaonline\/#organization"},"potentialAction":[{"@type":"SearchAction","target":{"@type":"EntryPoint","urlTemplate":"https:\/\/adl-regalosempresa.com\/tiendaonline\/?s={search_term_string}"},"query-input":{"@type":"PropertyValueSpecification","valueRequired":true,"valueName":"search_term_string"}}],"inLanguage":"es"},{"@type":"Organization","@id":"https:\/\/adl-regalosempresa.com\/tiendaonline\/#organization","name":"ADL Comunicaci\u00f3n","url":"https:\/\/adl-regalosempresa.com\/tiendaonline\/","logo":{"@type":"ImageObject","inLanguage":"es","@id":"https:\/\/adl-regalosempresa.com\/tiendaonline\/#\/schema\/logo\/image\/","url":"https:\/\/adl-regalosempresa.com\/tiendaonline\/wp-content\/uploads\/2017\/09\/logo-adl-wp.png","contentUrl":"https:\/\/adl-regalosempresa.com\/tiendaonline\/wp-content\/uploads\/2017\/09\/logo-adl-wp.png","width":407,"height":185,"caption":"ADL Comunicaci\u00f3n"},"image":{"@id":"https:\/\/adl-regalosempresa.com\/tiendaonline\/#\/schema\/logo\/image\/"}}]}},"_links":{"self":[{"href":"https:\/\/adl-regalosempresa.com\/tiendaonline\/wp-json\/wp\/v2\/product\/141443","targetHints":{"allow":["GET"]}}],"collection":[{"href":"https:\/\/adl-regalosempresa.com\/tiendaonline\/wp-json\/wp\/v2\/product"}],"about":[{"href":"https:\/\/adl-regalosempresa.com\/tiendaonline\/wp-json\/wp\/v2\/types\/product"}],"wp:featuredmedia":[{"embeddable":true,"href":"https:\/\/adl-regalosempresa.com\/tiendaonline\/wp-json\/wp\/v2\/media\/141445"}],"wp:attachment":[{"href":"https:\/\/adl-regalosempresa.com\/tiendaonline\/wp-json\/wp\/v2\/media?parent=141443"}],"wp:term":[{"taxonomy":"product_brand","embeddable":true,"href":"https:\/\/adl-regalosempresa.com\/tiendaonline\/wp-json\/wp\/v2\/product_brand?post=141443"},{"taxonomy":"product_cat","embeddable":true,"href":"https:\/\/adl-regalosempresa.com\/tiendaonline\/wp-json\/wp\/v2\/product_cat?post=141443"},{"taxonomy":"product_tag","embeddable":true,"href":"https:\/\/adl-regalosempresa.com\/tiendaonline\/wp-json\/wp\/v2\/product_tag?post=141443"}],"curies":[{"name":"wp","href":"https:\/\/api.w.org\/{rel}","templated":true}]}}