{"id":140897,"date":"2026-03-24T07:51:59","date_gmt":"2026-03-24T07:51:59","guid":{"rendered":"https:\/\/adl-regalosempresa.com\/tiendaonline\/articulos\/merchandising\/bolsa-de-lona-de-36-litros-reciclada-grs-para-portatil-de-156-para-personalizar-con-logo\/"},"modified":"2026-04-28T08:18:10","modified_gmt":"2026-04-28T08:18:10","slug":"bolsa-de-36-litros-reciclada-grs-para-portatil-de-156-para-personalizar-con-logo","status":"publish","type":"product","link":"https:\/\/adl-regalosempresa.com\/tiendaonline\/articulos\/merchandising\/bolsa-de-36-litros-reciclada-grs-para-portatil-de-156-para-personalizar-con-logo\/","title":{"rendered":"Bolsa de 36 litros reciclada GRS para port\u00e1til de 15,6&#8243; para personalizar con logo"},"content":{"rendered":"<p>La bolsa \u00abTurner\u00bb est\u00e1 fabricada con un 51\u00a0% de pl\u00e1stico reciclado certificado GRS y el forro est\u00e1 fabricado con un 100\u00a0% de RPET certificado GRS. Incluye un compartimento acolchado para el port\u00e1til de 15,6&#8243;, una tira interior para sujetar una botella de agua y un bolsillo con cremallera para objetos m\u00e1s peque\u00f1os. Adem\u00e1s, una correa de equipaje en la parte posterior permite sujetarla f\u00e1cilmente al equipaje con ruedas, convirti\u00e9ndola en un c\u00f3modo accesorio de viaje. La bolsa se puede llevar por las 2 asas cortas o por la correa de hombro extensible y desmontable, que se puede ajustar para m\u00e1xima comodidad. Capacidad: 36 litros.<\/p>\n","protected":false},"excerpt":{"rendered":"<p><strong>Descuentos por cantidades<\/strong><br \/>&#8211; a partir de 100 unidades: 36,69 \u20ac\/ud<br \/>&#8211; a partir de 250 unidades: 36,69 \u20ac\/ud<br \/>&#8211; a partir de 1000 unidades: 35,97 \u20ac\/ud<\/p>\n<p>Para cantidades superiores a las aqu\u00ed indicadas, no dudes en ponerte en contacto con nuestro departamento comercial o <a href='https:\/\/adl-regalosempresa.com\/tiendaonline\/solicitud-presupuesto\/'>pedirnos presupuesto personalizado<\/a>, ajustaremos el presupuesto a tus necesidades.<\/p>\n","protected":false},"featured_media":140899,"template":"","meta":{"_kad_post_transparent":"","_kad_post_title":"","_kad_post_layout":"","_kad_post_sidebar_id":"","_kad_post_content_style":"","_kad_post_vertical_padding":"","_kad_post_feature":"","_kad_post_feature_position":"","_kad_post_header":false,"_kad_post_footer":false,"_kad_post_classname":""},"product_brand":[],"product_cat":[3526,4859],"product_tag":[],"class_list":{"0":"post-140897","1":"product","2":"type-product","3":"status-publish","4":"has-post-thumbnail","6":"product_cat-bolsas","7":"product_cat-bolsas-para-portatiles-y-tabletas","8":"pa_alto-27-cm","9":"pa_ancho-29-cm","10":"pa_color-negro-intenso","11":"pa_color-simple-negro-intenso","12":"pa_largo-52-cm","13":"pa_marca-unbranded","14":"pa_material-51-pu-reciclado-grs-49-poliuretano","15":"pa_peso-720-gr","17":"first","18":"instock","19":"taxable","20":"shipping-taxable","21":"purchasable","22":"product-type-variable","23":"entry","24":"content-bg","25":"loop-entry"},"yoast_head":"<!-- This site is optimized with the Yoast SEO plugin v26.3 - https:\/\/yoast.com\/wordpress\/plugins\/seo\/ -->\n<title>Merchandising Bolsa de 36 litros reciclada GRS para port\u00e1til de 15,6&quot; para personalizar con logo - ADL<\/title>\n<meta name=\"description\" content=\"Art\u00edculo de merchandising Bolsa de 36 litros reciclada GRS para port\u00e1til de 15,6&quot; &quot;Turner&quot;. La bolsa &quot;Turner&quot; est\u00e1 fabricada con un 51\u00a0% de pl\u00e1stico reciclado certificado GRS y el forro est\u00e1 fabricado con un 100\u00a0% de RPET certificado GRS. Incluye un compartimento acolchado para el port\u00e1til de 15,6&quot;, una tira interior para sujetar una botella de agua y un bolsillo con cremallera para objetos m\u00e1s peque\u00f1os. Adem\u00e1s, una correa de equipaje en la parte posterior permite sujetarla f\u00e1cilmente al equipaje con ruedas, convirti\u00e9ndola en un c\u00f3modo accesorio de viaje. La bolsa se puede llevar por las 2 asas cortas o por la correa de hombro extensible y desmontable, que se puede ajustar para m\u00e1xima comodidad. Capacidad: 36 litros.\" \/>\n<meta name=\"robots\" content=\"index, follow, max-snippet:-1, max-image-preview:large, max-video-preview:-1\" \/>\n<link rel=\"canonical\" href=\"https:\/\/adl-regalosempresa.com\/tiendaonline\/articulos\/merchandising\/bolsa-de-36-litros-reciclada-grs-para-portatil-de-156-para-personalizar-con-logo\/\" \/>\n<meta property=\"og:locale\" content=\"es_ES\" \/>\n<meta property=\"og:type\" content=\"article\" \/>\n<meta property=\"og:title\" content=\"Merchandising Bolsa de 36 litros reciclada GRS para port\u00e1til de 15,6&quot; para personalizar con logo - ADL\" \/>\n<meta property=\"og:description\" content=\"Art\u00edculo de merchandising Bolsa de 36 litros reciclada GRS para port\u00e1til de 15,6&quot; &quot;Turner&quot;. La bolsa &quot;Turner&quot; est\u00e1 fabricada con un 51\u00a0% de pl\u00e1stico reciclado certificado GRS y el forro est\u00e1 fabricado con un 100\u00a0% de RPET certificado GRS. Incluye un compartimento acolchado para el port\u00e1til de 15,6&quot;, una tira interior para sujetar una botella de agua y un bolsillo con cremallera para objetos m\u00e1s peque\u00f1os. Adem\u00e1s, una correa de equipaje en la parte posterior permite sujetarla f\u00e1cilmente al equipaje con ruedas, convirti\u00e9ndola en un c\u00f3modo accesorio de viaje. La bolsa se puede llevar por las 2 asas cortas o por la correa de hombro extensible y desmontable, que se puede ajustar para m\u00e1xima comodidad. Capacidad: 36 litros.\" \/>\n<meta property=\"og:url\" content=\"https:\/\/adl-regalosempresa.com\/tiendaonline\/articulos\/merchandising\/bolsa-de-36-litros-reciclada-grs-para-portatil-de-156-para-personalizar-con-logo\/\" \/>\n<meta property=\"og:site_name\" content=\"ADL Comunicaci\u00f3n\" \/>\n<meta property=\"article:modified_time\" content=\"2026-04-28T08:18:10+00:00\" \/>\n<meta property=\"og:image\" content=\"https:\/\/adl-regalosempresa.com\/tiendaonline\/wp-content\/uploads\/2025\/04\/12075190.jpg\" \/>\n\t<meta property=\"og:image:width\" content=\"1600\" \/>\n\t<meta property=\"og:image:height\" content=\"1600\" \/>\n\t<meta property=\"og:image:type\" content=\"image\/jpeg\" \/>\n<meta name=\"twitter:card\" content=\"summary_large_image\" \/>\n<meta name=\"twitter:title\" content=\"Merchandising Bolsa de 36 litros reciclada GRS para port\u00e1til de 15,6&quot; para personalizar con logo - ADL\" \/>\n<meta name=\"twitter:label1\" content=\"Tiempo de lectura\" \/>\n\t<meta name=\"twitter:data1\" content=\"1 minuto\" \/>\n<script type=\"application\/ld+json\" class=\"yoast-schema-graph\">{\"@context\":\"https:\/\/schema.org\",\"@graph\":[{\"@type\":\"WebPage\",\"@id\":\"https:\/\/adl-regalosempresa.com\/tiendaonline\/articulos\/merchandising\/bolsa-de-36-litros-reciclada-grs-para-portatil-de-156-para-personalizar-con-logo\/\",\"url\":\"https:\/\/adl-regalosempresa.com\/tiendaonline\/articulos\/merchandising\/bolsa-de-36-litros-reciclada-grs-para-portatil-de-156-para-personalizar-con-logo\/\",\"name\":\"Merchandising Bolsa de 36 litros reciclada GRS para port\u00e1til de 15,6\\\" para personalizar con logo - ADL\",\"isPartOf\":{\"@id\":\"https:\/\/adl-regalosempresa.com\/tiendaonline\/#website\"},\"primaryImageOfPage\":{\"@id\":\"https:\/\/adl-regalosempresa.com\/tiendaonline\/articulos\/merchandising\/bolsa-de-36-litros-reciclada-grs-para-portatil-de-156-para-personalizar-con-logo\/#primaryimage\"},\"image\":{\"@id\":\"https:\/\/adl-regalosempresa.com\/tiendaonline\/articulos\/merchandising\/bolsa-de-36-litros-reciclada-grs-para-portatil-de-156-para-personalizar-con-logo\/#primaryimage\"},\"thumbnailUrl\":\"https:\/\/adl-regalosempresa.com\/tiendaonline\/wp-content\/uploads\/2025\/04\/12075190.jpg\",\"datePublished\":\"2026-03-24T07:51:59+00:00\",\"dateModified\":\"2026-04-28T08:18:10+00:00\",\"description\":\"Art\u00edculo de merchandising Bolsa de 36 litros reciclada GRS para port\u00e1til de 15,6\\\" \\\"Turner\\\". La bolsa \\\"Turner\\\" est\u00e1 fabricada con un 51\u00a0% de pl\u00e1stico reciclado certificado GRS y el forro est\u00e1 fabricado con un 100\u00a0% de RPET certificado GRS. Incluye un compartimento acolchado para el port\u00e1til de 15,6\\\", una tira interior para sujetar una botella de agua y un bolsillo con cremallera para objetos m\u00e1s peque\u00f1os. Adem\u00e1s, una correa de equipaje en la parte posterior permite sujetarla f\u00e1cilmente al equipaje con ruedas, convirti\u00e9ndola en un c\u00f3modo accesorio de viaje. La bolsa se puede llevar por las 2 asas cortas o por la correa de hombro extensible y desmontable, que se puede ajustar para m\u00e1xima comodidad. Capacidad: 36 litros.\",\"breadcrumb\":{\"@id\":\"https:\/\/adl-regalosempresa.com\/tiendaonline\/articulos\/merchandising\/bolsa-de-36-litros-reciclada-grs-para-portatil-de-156-para-personalizar-con-logo\/#breadcrumb\"},\"inLanguage\":\"es\",\"potentialAction\":[{\"@type\":\"ReadAction\",\"target\":[\"https:\/\/adl-regalosempresa.com\/tiendaonline\/articulos\/merchandising\/bolsa-de-36-litros-reciclada-grs-para-portatil-de-156-para-personalizar-con-logo\/\"]}]},{\"@type\":\"ImageObject\",\"inLanguage\":\"es\",\"@id\":\"https:\/\/adl-regalosempresa.com\/tiendaonline\/articulos\/merchandising\/bolsa-de-36-litros-reciclada-grs-para-portatil-de-156-para-personalizar-con-logo\/#primaryimage\",\"url\":\"https:\/\/adl-regalosempresa.com\/tiendaonline\/wp-content\/uploads\/2025\/04\/12075190.jpg\",\"contentUrl\":\"https:\/\/adl-regalosempresa.com\/tiendaonline\/wp-content\/uploads\/2025\/04\/12075190.jpg\",\"width\":1600,\"height\":1600,\"caption\":\"Bolsa de 36 litros reciclada GRS para port\u00e1til de 15\"},{\"@type\":\"BreadcrumbList\",\"@id\":\"https:\/\/adl-regalosempresa.com\/tiendaonline\/articulos\/merchandising\/bolsa-de-36-litros-reciclada-grs-para-portatil-de-156-para-personalizar-con-logo\/#breadcrumb\",\"itemListElement\":[{\"@type\":\"ListItem\",\"position\":1,\"name\":\"Portada\",\"item\":\"https:\/\/adl-regalosempresa.com\/tiendaonline\/\"},{\"@type\":\"ListItem\",\"position\":2,\"name\":\"Tienda\",\"item\":\"https:\/\/adl-regalosempresa.com\/tiendaonline\/tienda\/\"},{\"@type\":\"ListItem\",\"position\":3,\"name\":\"Bolsa de 36 litros reciclada GRS para port\u00e1til de 15,6&#8243; para personalizar con logo\"}]},{\"@type\":\"WebSite\",\"@id\":\"https:\/\/adl-regalosempresa.com\/tiendaonline\/#website\",\"url\":\"https:\/\/adl-regalosempresa.com\/tiendaonline\/\",\"name\":\"ADL Comunicaci\u00f3n\",\"description\":\"Regalos de empresa\",\"publisher\":{\"@id\":\"https:\/\/adl-regalosempresa.com\/tiendaonline\/#organization\"},\"potentialAction\":[{\"@type\":\"SearchAction\",\"target\":{\"@type\":\"EntryPoint\",\"urlTemplate\":\"https:\/\/adl-regalosempresa.com\/tiendaonline\/?s={search_term_string}\"},\"query-input\":{\"@type\":\"PropertyValueSpecification\",\"valueRequired\":true,\"valueName\":\"search_term_string\"}}],\"inLanguage\":\"es\"},{\"@type\":\"Organization\",\"@id\":\"https:\/\/adl-regalosempresa.com\/tiendaonline\/#organization\",\"name\":\"ADL Comunicaci\u00f3n\",\"url\":\"https:\/\/adl-regalosempresa.com\/tiendaonline\/\",\"logo\":{\"@type\":\"ImageObject\",\"inLanguage\":\"es\",\"@id\":\"https:\/\/adl-regalosempresa.com\/tiendaonline\/#\/schema\/logo\/image\/\",\"url\":\"https:\/\/adl-regalosempresa.com\/tiendaonline\/wp-content\/uploads\/2017\/09\/logo-adl-wp.png\",\"contentUrl\":\"https:\/\/adl-regalosempresa.com\/tiendaonline\/wp-content\/uploads\/2017\/09\/logo-adl-wp.png\",\"width\":407,\"height\":185,\"caption\":\"ADL Comunicaci\u00f3n\"},\"image\":{\"@id\":\"https:\/\/adl-regalosempresa.com\/tiendaonline\/#\/schema\/logo\/image\/\"}}]}<\/script>\n<!-- \/ Yoast SEO plugin. -->","yoast_head_json":{"title":"Merchandising Bolsa de 36 litros reciclada GRS para port\u00e1til de 15,6\" para personalizar con logo - ADL","description":"Art\u00edculo de merchandising Bolsa de 36 litros reciclada GRS para port\u00e1til de 15,6\" \"Turner\". La bolsa \"Turner\" est\u00e1 fabricada con un 51\u00a0% de pl\u00e1stico reciclado certificado GRS y el forro est\u00e1 fabricado con un 100\u00a0% de RPET certificado GRS. Incluye un compartimento acolchado para el port\u00e1til de 15,6\", una tira interior para sujetar una botella de agua y un bolsillo con cremallera para objetos m\u00e1s peque\u00f1os. Adem\u00e1s, una correa de equipaje en la parte posterior permite sujetarla f\u00e1cilmente al equipaje con ruedas, convirti\u00e9ndola en un c\u00f3modo accesorio de viaje. La bolsa se puede llevar por las 2 asas cortas o por la correa de hombro extensible y desmontable, que se puede ajustar para m\u00e1xima comodidad. Capacidad: 36 litros.","robots":{"index":"index","follow":"follow","max-snippet":"max-snippet:-1","max-image-preview":"max-image-preview:large","max-video-preview":"max-video-preview:-1"},"canonical":"https:\/\/adl-regalosempresa.com\/tiendaonline\/articulos\/merchandising\/bolsa-de-36-litros-reciclada-grs-para-portatil-de-156-para-personalizar-con-logo\/","og_locale":"es_ES","og_type":"article","og_title":"Merchandising Bolsa de 36 litros reciclada GRS para port\u00e1til de 15,6\" para personalizar con logo - ADL","og_description":"Art\u00edculo de merchandising Bolsa de 36 litros reciclada GRS para port\u00e1til de 15,6\" \"Turner\". La bolsa \"Turner\" est\u00e1 fabricada con un 51\u00a0% de pl\u00e1stico reciclado certificado GRS y el forro est\u00e1 fabricado con un 100\u00a0% de RPET certificado GRS. Incluye un compartimento acolchado para el port\u00e1til de 15,6\", una tira interior para sujetar una botella de agua y un bolsillo con cremallera para objetos m\u00e1s peque\u00f1os. Adem\u00e1s, una correa de equipaje en la parte posterior permite sujetarla f\u00e1cilmente al equipaje con ruedas, convirti\u00e9ndola en un c\u00f3modo accesorio de viaje. La bolsa se puede llevar por las 2 asas cortas o por la correa de hombro extensible y desmontable, que se puede ajustar para m\u00e1xima comodidad. Capacidad: 36 litros.","og_url":"https:\/\/adl-regalosempresa.com\/tiendaonline\/articulos\/merchandising\/bolsa-de-36-litros-reciclada-grs-para-portatil-de-156-para-personalizar-con-logo\/","og_site_name":"ADL Comunicaci\u00f3n","article_modified_time":"2026-04-28T08:18:10+00:00","og_image":[{"width":1600,"height":1600,"url":"https:\/\/adl-regalosempresa.com\/tiendaonline\/wp-content\/uploads\/2025\/04\/12075190.jpg","type":"image\/jpeg"}],"twitter_card":"summary_large_image","twitter_title":"Merchandising Bolsa de 36 litros reciclada GRS para port\u00e1til de 15,6\" para personalizar con logo - ADL","twitter_misc":{"Tiempo de lectura":"1 minuto"},"schema":{"@context":"https:\/\/schema.org","@graph":[{"@type":"WebPage","@id":"https:\/\/adl-regalosempresa.com\/tiendaonline\/articulos\/merchandising\/bolsa-de-36-litros-reciclada-grs-para-portatil-de-156-para-personalizar-con-logo\/","url":"https:\/\/adl-regalosempresa.com\/tiendaonline\/articulos\/merchandising\/bolsa-de-36-litros-reciclada-grs-para-portatil-de-156-para-personalizar-con-logo\/","name":"Merchandising Bolsa de 36 litros reciclada GRS para port\u00e1til de 15,6\" para personalizar con logo - ADL","isPartOf":{"@id":"https:\/\/adl-regalosempresa.com\/tiendaonline\/#website"},"primaryImageOfPage":{"@id":"https:\/\/adl-regalosempresa.com\/tiendaonline\/articulos\/merchandising\/bolsa-de-36-litros-reciclada-grs-para-portatil-de-156-para-personalizar-con-logo\/#primaryimage"},"image":{"@id":"https:\/\/adl-regalosempresa.com\/tiendaonline\/articulos\/merchandising\/bolsa-de-36-litros-reciclada-grs-para-portatil-de-156-para-personalizar-con-logo\/#primaryimage"},"thumbnailUrl":"https:\/\/adl-regalosempresa.com\/tiendaonline\/wp-content\/uploads\/2025\/04\/12075190.jpg","datePublished":"2026-03-24T07:51:59+00:00","dateModified":"2026-04-28T08:18:10+00:00","description":"Art\u00edculo de merchandising Bolsa de 36 litros reciclada GRS para port\u00e1til de 15,6\" \"Turner\". La bolsa \"Turner\" est\u00e1 fabricada con un 51\u00a0% de pl\u00e1stico reciclado certificado GRS y el forro est\u00e1 fabricado con un 100\u00a0% de RPET certificado GRS. Incluye un compartimento acolchado para el port\u00e1til de 15,6\", una tira interior para sujetar una botella de agua y un bolsillo con cremallera para objetos m\u00e1s peque\u00f1os. Adem\u00e1s, una correa de equipaje en la parte posterior permite sujetarla f\u00e1cilmente al equipaje con ruedas, convirti\u00e9ndola en un c\u00f3modo accesorio de viaje. La bolsa se puede llevar por las 2 asas cortas o por la correa de hombro extensible y desmontable, que se puede ajustar para m\u00e1xima comodidad. Capacidad: 36 litros.","breadcrumb":{"@id":"https:\/\/adl-regalosempresa.com\/tiendaonline\/articulos\/merchandising\/bolsa-de-36-litros-reciclada-grs-para-portatil-de-156-para-personalizar-con-logo\/#breadcrumb"},"inLanguage":"es","potentialAction":[{"@type":"ReadAction","target":["https:\/\/adl-regalosempresa.com\/tiendaonline\/articulos\/merchandising\/bolsa-de-36-litros-reciclada-grs-para-portatil-de-156-para-personalizar-con-logo\/"]}]},{"@type":"ImageObject","inLanguage":"es","@id":"https:\/\/adl-regalosempresa.com\/tiendaonline\/articulos\/merchandising\/bolsa-de-36-litros-reciclada-grs-para-portatil-de-156-para-personalizar-con-logo\/#primaryimage","url":"https:\/\/adl-regalosempresa.com\/tiendaonline\/wp-content\/uploads\/2025\/04\/12075190.jpg","contentUrl":"https:\/\/adl-regalosempresa.com\/tiendaonline\/wp-content\/uploads\/2025\/04\/12075190.jpg","width":1600,"height":1600,"caption":"Bolsa de 36 litros reciclada GRS para port\u00e1til de 15"},{"@type":"BreadcrumbList","@id":"https:\/\/adl-regalosempresa.com\/tiendaonline\/articulos\/merchandising\/bolsa-de-36-litros-reciclada-grs-para-portatil-de-156-para-personalizar-con-logo\/#breadcrumb","itemListElement":[{"@type":"ListItem","position":1,"name":"Portada","item":"https:\/\/adl-regalosempresa.com\/tiendaonline\/"},{"@type":"ListItem","position":2,"name":"Tienda","item":"https:\/\/adl-regalosempresa.com\/tiendaonline\/tienda\/"},{"@type":"ListItem","position":3,"name":"Bolsa de 36 litros reciclada GRS para port\u00e1til de 15,6&#8243; para personalizar con logo"}]},{"@type":"WebSite","@id":"https:\/\/adl-regalosempresa.com\/tiendaonline\/#website","url":"https:\/\/adl-regalosempresa.com\/tiendaonline\/","name":"ADL Comunicaci\u00f3n","description":"Regalos de empresa","publisher":{"@id":"https:\/\/adl-regalosempresa.com\/tiendaonline\/#organization"},"potentialAction":[{"@type":"SearchAction","target":{"@type":"EntryPoint","urlTemplate":"https:\/\/adl-regalosempresa.com\/tiendaonline\/?s={search_term_string}"},"query-input":{"@type":"PropertyValueSpecification","valueRequired":true,"valueName":"search_term_string"}}],"inLanguage":"es"},{"@type":"Organization","@id":"https:\/\/adl-regalosempresa.com\/tiendaonline\/#organization","name":"ADL Comunicaci\u00f3n","url":"https:\/\/adl-regalosempresa.com\/tiendaonline\/","logo":{"@type":"ImageObject","inLanguage":"es","@id":"https:\/\/adl-regalosempresa.com\/tiendaonline\/#\/schema\/logo\/image\/","url":"https:\/\/adl-regalosempresa.com\/tiendaonline\/wp-content\/uploads\/2017\/09\/logo-adl-wp.png","contentUrl":"https:\/\/adl-regalosempresa.com\/tiendaonline\/wp-content\/uploads\/2017\/09\/logo-adl-wp.png","width":407,"height":185,"caption":"ADL Comunicaci\u00f3n"},"image":{"@id":"https:\/\/adl-regalosempresa.com\/tiendaonline\/#\/schema\/logo\/image\/"}}]}},"_links":{"self":[{"href":"https:\/\/adl-regalosempresa.com\/tiendaonline\/wp-json\/wp\/v2\/product\/140897","targetHints":{"allow":["GET"]}}],"collection":[{"href":"https:\/\/adl-regalosempresa.com\/tiendaonline\/wp-json\/wp\/v2\/product"}],"about":[{"href":"https:\/\/adl-regalosempresa.com\/tiendaonline\/wp-json\/wp\/v2\/types\/product"}],"wp:featuredmedia":[{"embeddable":true,"href":"https:\/\/adl-regalosempresa.com\/tiendaonline\/wp-json\/wp\/v2\/media\/140899"}],"wp:attachment":[{"href":"https:\/\/adl-regalosempresa.com\/tiendaonline\/wp-json\/wp\/v2\/media?parent=140897"}],"wp:term":[{"taxonomy":"product_brand","embeddable":true,"href":"https:\/\/adl-regalosempresa.com\/tiendaonline\/wp-json\/wp\/v2\/product_brand?post=140897"},{"taxonomy":"product_cat","embeddable":true,"href":"https:\/\/adl-regalosempresa.com\/tiendaonline\/wp-json\/wp\/v2\/product_cat?post=140897"},{"taxonomy":"product_tag","embeddable":true,"href":"https:\/\/adl-regalosempresa.com\/tiendaonline\/wp-json\/wp\/v2\/product_tag?post=140897"}],"curies":[{"name":"wp","href":"https:\/\/api.w.org\/{rel}","templated":true}]}}