{"id":140624,"date":"2026-03-24T07:54:06","date_gmt":"2026-03-24T07:54:06","guid":{"rendered":"https:\/\/adl-regalosempresa.com\/tiendaonline\/articulos\/merchandising\/gorro-para-personalizar-con-logo-5\/"},"modified":"2026-04-16T08:40:08","modified_gmt":"2026-04-16T08:40:08","slug":"gorro-para-personalizar-con-logo-5","status":"publish","type":"product","link":"https:\/\/adl-regalosempresa.com\/tiendaonline\/articulos\/merchandising\/gorro-para-personalizar-con-logo-5\/","title":{"rendered":"Gorro  para personalizar con logo"},"content":{"rendered":"<p>Disfruta de la calidez en cualquier estaci\u00f3n con el gorro \u00abHerschel Elmer\u00bb, un accesorio vers\u00e1til que combina el estilo urbano con la comodidad durante todo el d\u00eda. Fabricado en suave acr\u00edlico, este gorro ofrece un ajuste ce\u00f1ido que conserva el calor a la vez que proporciona comodidad y transpiraci\u00f3n. Su dise\u00f1o limpio y minimalista y su ribete cl\u00e1sico son ideales para llevar a diario.<\/p>\n","protected":false},"excerpt":{"rendered":"<p><strong>Descuentos por cantidades<\/strong><br \/>&#8211; a partir de 25 unidades: 16,98 \u20ac\/ud<br \/>&#8211; a partir de 50 unidades: 16,98 \u20ac\/ud<br \/>&#8211; a partir de 100 unidades: 16,98 \u20ac\/ud<\/p>\n<p>Para cantidades superiores a las aqu\u00ed indicadas, no dudes en ponerte en contacto con nuestro departamento comercial o <a href='https:\/\/adl-regalosempresa.com\/tiendaonline\/solicitud-presupuesto\/'>pedirnos presupuesto personalizado<\/a>, ajustaremos el presupuesto a tus necesidades.<\/p>\n","protected":false},"featured_media":140626,"template":"","meta":{"_kad_post_transparent":"","_kad_post_title":"","_kad_post_layout":"","_kad_post_sidebar_id":"","_kad_post_content_style":"","_kad_post_vertical_padding":"","_kad_post_feature":"","_kad_post_feature_position":"","_kad_post_header":false,"_kad_post_footer":false,"_kad_post_classname":""},"product_brand":[],"product_cat":[6229,3649],"product_tag":[],"class_list":{"0":"post-140624","1":"product","2":"type-product","3":"status-publish","4":"has-post-thumbnail","6":"product_cat-gorros","7":"product_cat-ropa","8":"pa_ancho-195-cm","9":"pa_color-gris-mezcla","10":"pa_color-negro-intenso","11":"pa_color-simple-gris","12":"pa_largo-22-cm","13":"pa_marca-herschel","14":"pa_material-acrilico","15":"pa_peso-84-gr","17":"first","18":"instock","19":"taxable","20":"shipping-taxable","21":"purchasable","22":"product-type-variable","23":"entry","24":"content-bg","25":"loop-entry"},"yoast_head":"<!-- This site is optimized with the Yoast SEO plugin v26.3 - https:\/\/yoast.com\/wordpress\/plugins\/seo\/ -->\n<title>Merchandising Gorro para personalizar con logo - ADL<\/title>\n<meta name=\"description\" content=\"Art\u00edculo de merchandising Gorro &quot;Herschel Elmer&quot;. Disfruta de la calidez en cualquier estaci\u00f3n con el gorro &quot;Herschel Elmer&quot;, un accesorio vers\u00e1til que combina el estilo urbano con la comodidad durante todo el d\u00eda. Fabricado en suave acr\u00edlico, este gorro ofrece un ajuste ce\u00f1ido que conserva el calor a la vez que proporciona comodidad y transpiraci\u00f3n. Su dise\u00f1o limpio y minimalista y su ribete cl\u00e1sico son ideales para llevar a diario.\" \/>\n<meta name=\"robots\" content=\"index, follow, max-snippet:-1, max-image-preview:large, max-video-preview:-1\" \/>\n<link rel=\"canonical\" href=\"https:\/\/adl-regalosempresa.com\/tiendaonline\/articulos\/merchandising\/gorro-para-personalizar-con-logo-5\/\" \/>\n<meta property=\"og:locale\" content=\"es_ES\" \/>\n<meta property=\"og:type\" content=\"article\" \/>\n<meta property=\"og:title\" content=\"Merchandising Gorro para personalizar con logo - ADL\" \/>\n<meta property=\"og:description\" content=\"Art\u00edculo de merchandising Gorro &quot;Herschel Elmer&quot;. Disfruta de la calidez en cualquier estaci\u00f3n con el gorro &quot;Herschel Elmer&quot;, un accesorio vers\u00e1til que combina el estilo urbano con la comodidad durante todo el d\u00eda. Fabricado en suave acr\u00edlico, este gorro ofrece un ajuste ce\u00f1ido que conserva el calor a la vez que proporciona comodidad y transpiraci\u00f3n. Su dise\u00f1o limpio y minimalista y su ribete cl\u00e1sico son ideales para llevar a diario.\" \/>\n<meta property=\"og:url\" content=\"https:\/\/adl-regalosempresa.com\/tiendaonline\/articulos\/merchandising\/gorro-para-personalizar-con-logo-5\/\" \/>\n<meta property=\"og:site_name\" content=\"ADL Comunicaci\u00f3n\" \/>\n<meta property=\"article:modified_time\" content=\"2026-04-16T08:40:08+00:00\" \/>\n<meta property=\"og:image\" content=\"https:\/\/adl-regalosempresa.com\/tiendaonline\/wp-content\/uploads\/2025\/03\/3754780.jpg\" \/>\n\t<meta property=\"og:image:width\" content=\"1600\" \/>\n\t<meta property=\"og:image:height\" content=\"1600\" \/>\n\t<meta property=\"og:image:type\" content=\"image\/jpeg\" \/>\n<meta name=\"twitter:card\" content=\"summary_large_image\" \/>\n<meta name=\"twitter:title\" content=\"Merchandising Gorro para personalizar con logo - ADL\" \/>\n<script type=\"application\/ld+json\" class=\"yoast-schema-graph\">{\"@context\":\"https:\/\/schema.org\",\"@graph\":[{\"@type\":\"WebPage\",\"@id\":\"https:\/\/adl-regalosempresa.com\/tiendaonline\/articulos\/merchandising\/gorro-para-personalizar-con-logo-5\/\",\"url\":\"https:\/\/adl-regalosempresa.com\/tiendaonline\/articulos\/merchandising\/gorro-para-personalizar-con-logo-5\/\",\"name\":\"Merchandising Gorro para personalizar con logo - ADL\",\"isPartOf\":{\"@id\":\"https:\/\/adl-regalosempresa.com\/tiendaonline\/#website\"},\"primaryImageOfPage\":{\"@id\":\"https:\/\/adl-regalosempresa.com\/tiendaonline\/articulos\/merchandising\/gorro-para-personalizar-con-logo-5\/#primaryimage\"},\"image\":{\"@id\":\"https:\/\/adl-regalosempresa.com\/tiendaonline\/articulos\/merchandising\/gorro-para-personalizar-con-logo-5\/#primaryimage\"},\"thumbnailUrl\":\"https:\/\/adl-regalosempresa.com\/tiendaonline\/wp-content\/uploads\/2025\/03\/3754780.jpg\",\"datePublished\":\"2026-03-24T07:54:06+00:00\",\"dateModified\":\"2026-04-16T08:40:08+00:00\",\"description\":\"Art\u00edculo de merchandising Gorro \\\"Herschel Elmer\\\". Disfruta de la calidez en cualquier estaci\u00f3n con el gorro \\\"Herschel Elmer\\\", un accesorio vers\u00e1til que combina el estilo urbano con la comodidad durante todo el d\u00eda. Fabricado en suave acr\u00edlico, este gorro ofrece un ajuste ce\u00f1ido que conserva el calor a la vez que proporciona comodidad y transpiraci\u00f3n. Su dise\u00f1o limpio y minimalista y su ribete cl\u00e1sico son ideales para llevar a diario.\",\"breadcrumb\":{\"@id\":\"https:\/\/adl-regalosempresa.com\/tiendaonline\/articulos\/merchandising\/gorro-para-personalizar-con-logo-5\/#breadcrumb\"},\"inLanguage\":\"es\",\"potentialAction\":[{\"@type\":\"ReadAction\",\"target\":[\"https:\/\/adl-regalosempresa.com\/tiendaonline\/articulos\/merchandising\/gorro-para-personalizar-con-logo-5\/\"]}]},{\"@type\":\"ImageObject\",\"inLanguage\":\"es\",\"@id\":\"https:\/\/adl-regalosempresa.com\/tiendaonline\/articulos\/merchandising\/gorro-para-personalizar-con-logo-5\/#primaryimage\",\"url\":\"https:\/\/adl-regalosempresa.com\/tiendaonline\/wp-content\/uploads\/2025\/03\/3754780.jpg\",\"contentUrl\":\"https:\/\/adl-regalosempresa.com\/tiendaonline\/wp-content\/uploads\/2025\/03\/3754780.jpg\",\"width\":1600,\"height\":1600,\"caption\":\"Gorro \\\"Herschel Elmer\\\"\"},{\"@type\":\"BreadcrumbList\",\"@id\":\"https:\/\/adl-regalosempresa.com\/tiendaonline\/articulos\/merchandising\/gorro-para-personalizar-con-logo-5\/#breadcrumb\",\"itemListElement\":[{\"@type\":\"ListItem\",\"position\":1,\"name\":\"Portada\",\"item\":\"https:\/\/adl-regalosempresa.com\/tiendaonline\/\"},{\"@type\":\"ListItem\",\"position\":2,\"name\":\"Tienda\",\"item\":\"https:\/\/adl-regalosempresa.com\/tiendaonline\/tienda\/\"},{\"@type\":\"ListItem\",\"position\":3,\"name\":\"Gorro para personalizar con logo\"}]},{\"@type\":\"WebSite\",\"@id\":\"https:\/\/adl-regalosempresa.com\/tiendaonline\/#website\",\"url\":\"https:\/\/adl-regalosempresa.com\/tiendaonline\/\",\"name\":\"ADL Comunicaci\u00f3n\",\"description\":\"Regalos de empresa\",\"publisher\":{\"@id\":\"https:\/\/adl-regalosempresa.com\/tiendaonline\/#organization\"},\"potentialAction\":[{\"@type\":\"SearchAction\",\"target\":{\"@type\":\"EntryPoint\",\"urlTemplate\":\"https:\/\/adl-regalosempresa.com\/tiendaonline\/?s={search_term_string}\"},\"query-input\":{\"@type\":\"PropertyValueSpecification\",\"valueRequired\":true,\"valueName\":\"search_term_string\"}}],\"inLanguage\":\"es\"},{\"@type\":\"Organization\",\"@id\":\"https:\/\/adl-regalosempresa.com\/tiendaonline\/#organization\",\"name\":\"ADL Comunicaci\u00f3n\",\"url\":\"https:\/\/adl-regalosempresa.com\/tiendaonline\/\",\"logo\":{\"@type\":\"ImageObject\",\"inLanguage\":\"es\",\"@id\":\"https:\/\/adl-regalosempresa.com\/tiendaonline\/#\/schema\/logo\/image\/\",\"url\":\"https:\/\/adl-regalosempresa.com\/tiendaonline\/wp-content\/uploads\/2017\/09\/logo-adl-wp.png\",\"contentUrl\":\"https:\/\/adl-regalosempresa.com\/tiendaonline\/wp-content\/uploads\/2017\/09\/logo-adl-wp.png\",\"width\":407,\"height\":185,\"caption\":\"ADL Comunicaci\u00f3n\"},\"image\":{\"@id\":\"https:\/\/adl-regalosempresa.com\/tiendaonline\/#\/schema\/logo\/image\/\"}}]}<\/script>\n<!-- \/ Yoast SEO plugin. -->","yoast_head_json":{"title":"Merchandising Gorro para personalizar con logo - ADL","description":"Art\u00edculo de merchandising Gorro \"Herschel Elmer\". Disfruta de la calidez en cualquier estaci\u00f3n con el gorro \"Herschel Elmer\", un accesorio vers\u00e1til que combina el estilo urbano con la comodidad durante todo el d\u00eda. Fabricado en suave acr\u00edlico, este gorro ofrece un ajuste ce\u00f1ido que conserva el calor a la vez que proporciona comodidad y transpiraci\u00f3n. Su dise\u00f1o limpio y minimalista y su ribete cl\u00e1sico son ideales para llevar a diario.","robots":{"index":"index","follow":"follow","max-snippet":"max-snippet:-1","max-image-preview":"max-image-preview:large","max-video-preview":"max-video-preview:-1"},"canonical":"https:\/\/adl-regalosempresa.com\/tiendaonline\/articulos\/merchandising\/gorro-para-personalizar-con-logo-5\/","og_locale":"es_ES","og_type":"article","og_title":"Merchandising Gorro para personalizar con logo - ADL","og_description":"Art\u00edculo de merchandising Gorro \"Herschel Elmer\". Disfruta de la calidez en cualquier estaci\u00f3n con el gorro \"Herschel Elmer\", un accesorio vers\u00e1til que combina el estilo urbano con la comodidad durante todo el d\u00eda. Fabricado en suave acr\u00edlico, este gorro ofrece un ajuste ce\u00f1ido que conserva el calor a la vez que proporciona comodidad y transpiraci\u00f3n. Su dise\u00f1o limpio y minimalista y su ribete cl\u00e1sico son ideales para llevar a diario.","og_url":"https:\/\/adl-regalosempresa.com\/tiendaonline\/articulos\/merchandising\/gorro-para-personalizar-con-logo-5\/","og_site_name":"ADL Comunicaci\u00f3n","article_modified_time":"2026-04-16T08:40:08+00:00","og_image":[{"width":1600,"height":1600,"url":"https:\/\/adl-regalosempresa.com\/tiendaonline\/wp-content\/uploads\/2025\/03\/3754780.jpg","type":"image\/jpeg"}],"twitter_card":"summary_large_image","twitter_title":"Merchandising Gorro para personalizar con logo - ADL","schema":{"@context":"https:\/\/schema.org","@graph":[{"@type":"WebPage","@id":"https:\/\/adl-regalosempresa.com\/tiendaonline\/articulos\/merchandising\/gorro-para-personalizar-con-logo-5\/","url":"https:\/\/adl-regalosempresa.com\/tiendaonline\/articulos\/merchandising\/gorro-para-personalizar-con-logo-5\/","name":"Merchandising Gorro para personalizar con logo - ADL","isPartOf":{"@id":"https:\/\/adl-regalosempresa.com\/tiendaonline\/#website"},"primaryImageOfPage":{"@id":"https:\/\/adl-regalosempresa.com\/tiendaonline\/articulos\/merchandising\/gorro-para-personalizar-con-logo-5\/#primaryimage"},"image":{"@id":"https:\/\/adl-regalosempresa.com\/tiendaonline\/articulos\/merchandising\/gorro-para-personalizar-con-logo-5\/#primaryimage"},"thumbnailUrl":"https:\/\/adl-regalosempresa.com\/tiendaonline\/wp-content\/uploads\/2025\/03\/3754780.jpg","datePublished":"2026-03-24T07:54:06+00:00","dateModified":"2026-04-16T08:40:08+00:00","description":"Art\u00edculo de merchandising Gorro \"Herschel Elmer\". Disfruta de la calidez en cualquier estaci\u00f3n con el gorro \"Herschel Elmer\", un accesorio vers\u00e1til que combina el estilo urbano con la comodidad durante todo el d\u00eda. Fabricado en suave acr\u00edlico, este gorro ofrece un ajuste ce\u00f1ido que conserva el calor a la vez que proporciona comodidad y transpiraci\u00f3n. Su dise\u00f1o limpio y minimalista y su ribete cl\u00e1sico son ideales para llevar a diario.","breadcrumb":{"@id":"https:\/\/adl-regalosempresa.com\/tiendaonline\/articulos\/merchandising\/gorro-para-personalizar-con-logo-5\/#breadcrumb"},"inLanguage":"es","potentialAction":[{"@type":"ReadAction","target":["https:\/\/adl-regalosempresa.com\/tiendaonline\/articulos\/merchandising\/gorro-para-personalizar-con-logo-5\/"]}]},{"@type":"ImageObject","inLanguage":"es","@id":"https:\/\/adl-regalosempresa.com\/tiendaonline\/articulos\/merchandising\/gorro-para-personalizar-con-logo-5\/#primaryimage","url":"https:\/\/adl-regalosempresa.com\/tiendaonline\/wp-content\/uploads\/2025\/03\/3754780.jpg","contentUrl":"https:\/\/adl-regalosempresa.com\/tiendaonline\/wp-content\/uploads\/2025\/03\/3754780.jpg","width":1600,"height":1600,"caption":"Gorro \"Herschel Elmer\""},{"@type":"BreadcrumbList","@id":"https:\/\/adl-regalosempresa.com\/tiendaonline\/articulos\/merchandising\/gorro-para-personalizar-con-logo-5\/#breadcrumb","itemListElement":[{"@type":"ListItem","position":1,"name":"Portada","item":"https:\/\/adl-regalosempresa.com\/tiendaonline\/"},{"@type":"ListItem","position":2,"name":"Tienda","item":"https:\/\/adl-regalosempresa.com\/tiendaonline\/tienda\/"},{"@type":"ListItem","position":3,"name":"Gorro para personalizar con logo"}]},{"@type":"WebSite","@id":"https:\/\/adl-regalosempresa.com\/tiendaonline\/#website","url":"https:\/\/adl-regalosempresa.com\/tiendaonline\/","name":"ADL Comunicaci\u00f3n","description":"Regalos de empresa","publisher":{"@id":"https:\/\/adl-regalosempresa.com\/tiendaonline\/#organization"},"potentialAction":[{"@type":"SearchAction","target":{"@type":"EntryPoint","urlTemplate":"https:\/\/adl-regalosempresa.com\/tiendaonline\/?s={search_term_string}"},"query-input":{"@type":"PropertyValueSpecification","valueRequired":true,"valueName":"search_term_string"}}],"inLanguage":"es"},{"@type":"Organization","@id":"https:\/\/adl-regalosempresa.com\/tiendaonline\/#organization","name":"ADL Comunicaci\u00f3n","url":"https:\/\/adl-regalosempresa.com\/tiendaonline\/","logo":{"@type":"ImageObject","inLanguage":"es","@id":"https:\/\/adl-regalosempresa.com\/tiendaonline\/#\/schema\/logo\/image\/","url":"https:\/\/adl-regalosempresa.com\/tiendaonline\/wp-content\/uploads\/2017\/09\/logo-adl-wp.png","contentUrl":"https:\/\/adl-regalosempresa.com\/tiendaonline\/wp-content\/uploads\/2017\/09\/logo-adl-wp.png","width":407,"height":185,"caption":"ADL Comunicaci\u00f3n"},"image":{"@id":"https:\/\/adl-regalosempresa.com\/tiendaonline\/#\/schema\/logo\/image\/"}}]}},"_links":{"self":[{"href":"https:\/\/adl-regalosempresa.com\/tiendaonline\/wp-json\/wp\/v2\/product\/140624","targetHints":{"allow":["GET"]}}],"collection":[{"href":"https:\/\/adl-regalosempresa.com\/tiendaonline\/wp-json\/wp\/v2\/product"}],"about":[{"href":"https:\/\/adl-regalosempresa.com\/tiendaonline\/wp-json\/wp\/v2\/types\/product"}],"wp:featuredmedia":[{"embeddable":true,"href":"https:\/\/adl-regalosempresa.com\/tiendaonline\/wp-json\/wp\/v2\/media\/140626"}],"wp:attachment":[{"href":"https:\/\/adl-regalosempresa.com\/tiendaonline\/wp-json\/wp\/v2\/media?parent=140624"}],"wp:term":[{"taxonomy":"product_brand","embeddable":true,"href":"https:\/\/adl-regalosempresa.com\/tiendaonline\/wp-json\/wp\/v2\/product_brand?post=140624"},{"taxonomy":"product_cat","embeddable":true,"href":"https:\/\/adl-regalosempresa.com\/tiendaonline\/wp-json\/wp\/v2\/product_cat?post=140624"},{"taxonomy":"product_tag","embeddable":true,"href":"https:\/\/adl-regalosempresa.com\/tiendaonline\/wp-json\/wp\/v2\/product_tag?post=140624"}],"curies":[{"name":"wp","href":"https:\/\/api.w.org\/{rel}","templated":true}]}}