{"id":140534,"date":"2026-03-31T06:12:46","date_gmt":"2026-03-31T06:12:46","guid":{"rendered":"https:\/\/adl-regalosempresa.com\/tiendaonline\/articulos\/merchandising\/set-de-cables-y-adaptadores-para-personalizar-con-logo\/"},"modified":"2026-03-31T06:14:10","modified_gmt":"2026-03-31T06:14:10","slug":"set-de-cables-y-adaptadores-65w-para-personalizar-con-logo","status":"publish","type":"product","link":"https:\/\/adl-regalosempresa.com\/tiendaonline\/articulos\/merchandising\/set-de-cables-y-adaptadores-65w-para-personalizar-con-logo\/","title":{"rendered":"Set de cables y adaptadores 65W  para personalizar con logo"},"content":{"rendered":"<p>Carga todos tus dispositivos a toda velocidad con este set de carga ultracompacto. Incluye un adaptador \u00abGaN\u00bb de 65 W con tecnolog\u00eda PD, un cable de carga r\u00e1pida 5 en 1 de 60 W fabricado en rPET y una funda de algod\u00f3n negro para facilitar su transporte. Perfecto para port\u00e1tiles, tabletas y smartphones, admite la carga simult\u00e1nea y es totalmente compatible con los dispositivos m\u00e1s recientes. Longitud del cable: 1 metro.<\/p>\n","protected":false},"excerpt":{"rendered":"<p><strong>Descuentos por cantidades<\/strong><br \/>&#8211; a partir de 50 unidades: 51,9 \u20ac\/ud<br \/>&#8211; a partir de 100 unidades: 47,58 \u20ac\/ud<br \/>&#8211; a partir de 500 unidades: 44,71 \u20ac\/ud<\/p>\n<p>Para cantidades superiores a las aqu\u00ed indicadas, no dudes en ponerte en contacto con nuestro departamento comercial o <a href='https:\/\/adl-regalosempresa.com\/tiendaonline\/solicitud-presupuesto\/'>pedirnos presupuesto personalizado<\/a>, ajustaremos el presupuesto a tus necesidades.<\/p>\n","protected":false},"featured_media":140536,"template":"","meta":{"_kad_post_transparent":"","_kad_post_title":"","_kad_post_layout":"","_kad_post_sidebar_id":"","_kad_post_content_style":"","_kad_post_vertical_padding":"","_kad_post_feature":"","_kad_post_feature_position":"","_kad_post_header":false,"_kad_post_footer":false,"_kad_post_classname":""},"product_brand":[],"product_cat":[6933,486],"product_tag":[],"class_list":{"0":"post-140534","1":"product","2":"type-product","3":"status-publish","4":"has-post-thumbnail","6":"product_cat-cargadores","7":"product_cat-tecnologia","8":"pa_alto-52-cm","9":"pa_ancho-29-cm","10":"pa_color-negro-intenso","11":"pa_color-simple-negro-intenso","12":"pa_largo-9-cm","13":"pa_marca-scx-design","14":"pa_material-plastico-abs-reciclado","15":"pa_peso-180-gr","17":"first","18":"instock","19":"taxable","20":"shipping-taxable","21":"purchasable","22":"product-type-variable","23":"entry","24":"content-bg","25":"loop-entry"},"yoast_head":"<!-- This site is optimized with the Yoast SEO plugin v26.3 - https:\/\/yoast.com\/wordpress\/plugins\/seo\/ -->\n<title>Merchandising Set de cables y adaptadores 65W para personalizar con logo - ADL<\/title>\n<meta name=\"description\" content=\"Art\u00edculo de merchandising Set de cables y adaptadores 65W &quot;SCX.design C55&quot;. Carga todos tus dispositivos a toda velocidad con este set de carga ultracompacto. Incluye un adaptador &quot;GaN&quot; de 65 W con tecnolog\u00eda PD, un cable de carga r\u00e1pida 5 en 1 de 60 W fabricado en rPET y una funda de algod\u00f3n negro para facilitar su transporte. Perfecto para port\u00e1tiles, tabletas y smartphones, admite la carga simult\u00e1nea y es totalmente compatible con los dispositivos m\u00e1s recientes. Longitud del cable: 1 metro.\" \/>\n<meta name=\"robots\" content=\"index, follow, max-snippet:-1, max-image-preview:large, max-video-preview:-1\" \/>\n<link rel=\"canonical\" href=\"https:\/\/adl-regalosempresa.com\/tiendaonline\/articulos\/merchandising\/set-de-cables-y-adaptadores-65w-para-personalizar-con-logo\/\" \/>\n<meta property=\"og:locale\" content=\"es_ES\" \/>\n<meta property=\"og:type\" content=\"article\" \/>\n<meta property=\"og:title\" content=\"Merchandising Set de cables y adaptadores 65W para personalizar con logo - ADL\" \/>\n<meta property=\"og:description\" content=\"Art\u00edculo de merchandising Set de cables y adaptadores 65W &quot;SCX.design C55&quot;. Carga todos tus dispositivos a toda velocidad con este set de carga ultracompacto. Incluye un adaptador &quot;GaN&quot; de 65 W con tecnolog\u00eda PD, un cable de carga r\u00e1pida 5 en 1 de 60 W fabricado en rPET y una funda de algod\u00f3n negro para facilitar su transporte. Perfecto para port\u00e1tiles, tabletas y smartphones, admite la carga simult\u00e1nea y es totalmente compatible con los dispositivos m\u00e1s recientes. Longitud del cable: 1 metro.\" \/>\n<meta property=\"og:url\" content=\"https:\/\/adl-regalosempresa.com\/tiendaonline\/articulos\/merchandising\/set-de-cables-y-adaptadores-65w-para-personalizar-con-logo\/\" \/>\n<meta property=\"og:site_name\" content=\"ADL Comunicaci\u00f3n\" \/>\n<meta property=\"article:modified_time\" content=\"2026-03-31T06:14:10+00:00\" \/>\n<meta property=\"og:image\" content=\"https:\/\/adl-regalosempresa.com\/tiendaonline\/wp-content\/uploads\/2025\/02\/1PX19490.jpg\" \/>\n\t<meta property=\"og:image:width\" content=\"1600\" \/>\n\t<meta property=\"og:image:height\" content=\"1600\" \/>\n\t<meta property=\"og:image:type\" content=\"image\/jpeg\" \/>\n<meta name=\"twitter:card\" content=\"summary_large_image\" \/>\n<meta name=\"twitter:title\" content=\"Merchandising Set de cables y adaptadores 65W para personalizar con logo - ADL\" \/>\n<script type=\"application\/ld+json\" class=\"yoast-schema-graph\">{\"@context\":\"https:\/\/schema.org\",\"@graph\":[{\"@type\":\"WebPage\",\"@id\":\"https:\/\/adl-regalosempresa.com\/tiendaonline\/articulos\/merchandising\/set-de-cables-y-adaptadores-65w-para-personalizar-con-logo\/\",\"url\":\"https:\/\/adl-regalosempresa.com\/tiendaonline\/articulos\/merchandising\/set-de-cables-y-adaptadores-65w-para-personalizar-con-logo\/\",\"name\":\"Merchandising Set de cables y adaptadores 65W para personalizar con logo - ADL\",\"isPartOf\":{\"@id\":\"https:\/\/adl-regalosempresa.com\/tiendaonline\/#website\"},\"primaryImageOfPage\":{\"@id\":\"https:\/\/adl-regalosempresa.com\/tiendaonline\/articulos\/merchandising\/set-de-cables-y-adaptadores-65w-para-personalizar-con-logo\/#primaryimage\"},\"image\":{\"@id\":\"https:\/\/adl-regalosempresa.com\/tiendaonline\/articulos\/merchandising\/set-de-cables-y-adaptadores-65w-para-personalizar-con-logo\/#primaryimage\"},\"thumbnailUrl\":\"https:\/\/adl-regalosempresa.com\/tiendaonline\/wp-content\/uploads\/2025\/02\/1PX19490.jpg\",\"datePublished\":\"2026-03-31T06:12:46+00:00\",\"dateModified\":\"2026-03-31T06:14:10+00:00\",\"description\":\"Art\u00edculo de merchandising Set de cables y adaptadores 65W \\\"SCX.design C55\\\". Carga todos tus dispositivos a toda velocidad con este set de carga ultracompacto. Incluye un adaptador \\\"GaN\\\" de 65 W con tecnolog\u00eda PD, un cable de carga r\u00e1pida 5 en 1 de 60 W fabricado en rPET y una funda de algod\u00f3n negro para facilitar su transporte. Perfecto para port\u00e1tiles, tabletas y smartphones, admite la carga simult\u00e1nea y es totalmente compatible con los dispositivos m\u00e1s recientes. Longitud del cable: 1 metro.\",\"breadcrumb\":{\"@id\":\"https:\/\/adl-regalosempresa.com\/tiendaonline\/articulos\/merchandising\/set-de-cables-y-adaptadores-65w-para-personalizar-con-logo\/#breadcrumb\"},\"inLanguage\":\"es\",\"potentialAction\":[{\"@type\":\"ReadAction\",\"target\":[\"https:\/\/adl-regalosempresa.com\/tiendaonline\/articulos\/merchandising\/set-de-cables-y-adaptadores-65w-para-personalizar-con-logo\/\"]}]},{\"@type\":\"ImageObject\",\"inLanguage\":\"es\",\"@id\":\"https:\/\/adl-regalosempresa.com\/tiendaonline\/articulos\/merchandising\/set-de-cables-y-adaptadores-65w-para-personalizar-con-logo\/#primaryimage\",\"url\":\"https:\/\/adl-regalosempresa.com\/tiendaonline\/wp-content\/uploads\/2025\/02\/1PX19490.jpg\",\"contentUrl\":\"https:\/\/adl-regalosempresa.com\/tiendaonline\/wp-content\/uploads\/2025\/02\/1PX19490.jpg\",\"width\":1600,\"height\":1600,\"caption\":\"Set de cables y adaptadores 65W \\\"SCX.design C55\\\"\"},{\"@type\":\"BreadcrumbList\",\"@id\":\"https:\/\/adl-regalosempresa.com\/tiendaonline\/articulos\/merchandising\/set-de-cables-y-adaptadores-65w-para-personalizar-con-logo\/#breadcrumb\",\"itemListElement\":[{\"@type\":\"ListItem\",\"position\":1,\"name\":\"Portada\",\"item\":\"https:\/\/adl-regalosempresa.com\/tiendaonline\/\"},{\"@type\":\"ListItem\",\"position\":2,\"name\":\"Tienda\",\"item\":\"https:\/\/adl-regalosempresa.com\/tiendaonline\/tienda\/\"},{\"@type\":\"ListItem\",\"position\":3,\"name\":\"Set de cables y adaptadores 65W para personalizar con logo\"}]},{\"@type\":\"WebSite\",\"@id\":\"https:\/\/adl-regalosempresa.com\/tiendaonline\/#website\",\"url\":\"https:\/\/adl-regalosempresa.com\/tiendaonline\/\",\"name\":\"ADL Comunicaci\u00f3n\",\"description\":\"Regalos de empresa\",\"publisher\":{\"@id\":\"https:\/\/adl-regalosempresa.com\/tiendaonline\/#organization\"},\"potentialAction\":[{\"@type\":\"SearchAction\",\"target\":{\"@type\":\"EntryPoint\",\"urlTemplate\":\"https:\/\/adl-regalosempresa.com\/tiendaonline\/?s={search_term_string}\"},\"query-input\":{\"@type\":\"PropertyValueSpecification\",\"valueRequired\":true,\"valueName\":\"search_term_string\"}}],\"inLanguage\":\"es\"},{\"@type\":\"Organization\",\"@id\":\"https:\/\/adl-regalosempresa.com\/tiendaonline\/#organization\",\"name\":\"ADL Comunicaci\u00f3n\",\"url\":\"https:\/\/adl-regalosempresa.com\/tiendaonline\/\",\"logo\":{\"@type\":\"ImageObject\",\"inLanguage\":\"es\",\"@id\":\"https:\/\/adl-regalosempresa.com\/tiendaonline\/#\/schema\/logo\/image\/\",\"url\":\"https:\/\/adl-regalosempresa.com\/tiendaonline\/wp-content\/uploads\/2017\/09\/logo-adl-wp.png\",\"contentUrl\":\"https:\/\/adl-regalosempresa.com\/tiendaonline\/wp-content\/uploads\/2017\/09\/logo-adl-wp.png\",\"width\":407,\"height\":185,\"caption\":\"ADL Comunicaci\u00f3n\"},\"image\":{\"@id\":\"https:\/\/adl-regalosempresa.com\/tiendaonline\/#\/schema\/logo\/image\/\"}}]}<\/script>\n<!-- \/ Yoast SEO plugin. -->","yoast_head_json":{"title":"Merchandising Set de cables y adaptadores 65W para personalizar con logo - ADL","description":"Art\u00edculo de merchandising Set de cables y adaptadores 65W \"SCX.design C55\". Carga todos tus dispositivos a toda velocidad con este set de carga ultracompacto. Incluye un adaptador \"GaN\" de 65 W con tecnolog\u00eda PD, un cable de carga r\u00e1pida 5 en 1 de 60 W fabricado en rPET y una funda de algod\u00f3n negro para facilitar su transporte. Perfecto para port\u00e1tiles, tabletas y smartphones, admite la carga simult\u00e1nea y es totalmente compatible con los dispositivos m\u00e1s recientes. Longitud del cable: 1 metro.","robots":{"index":"index","follow":"follow","max-snippet":"max-snippet:-1","max-image-preview":"max-image-preview:large","max-video-preview":"max-video-preview:-1"},"canonical":"https:\/\/adl-regalosempresa.com\/tiendaonline\/articulos\/merchandising\/set-de-cables-y-adaptadores-65w-para-personalizar-con-logo\/","og_locale":"es_ES","og_type":"article","og_title":"Merchandising Set de cables y adaptadores 65W para personalizar con logo - ADL","og_description":"Art\u00edculo de merchandising Set de cables y adaptadores 65W \"SCX.design C55\". Carga todos tus dispositivos a toda velocidad con este set de carga ultracompacto. Incluye un adaptador \"GaN\" de 65 W con tecnolog\u00eda PD, un cable de carga r\u00e1pida 5 en 1 de 60 W fabricado en rPET y una funda de algod\u00f3n negro para facilitar su transporte. Perfecto para port\u00e1tiles, tabletas y smartphones, admite la carga simult\u00e1nea y es totalmente compatible con los dispositivos m\u00e1s recientes. Longitud del cable: 1 metro.","og_url":"https:\/\/adl-regalosempresa.com\/tiendaonline\/articulos\/merchandising\/set-de-cables-y-adaptadores-65w-para-personalizar-con-logo\/","og_site_name":"ADL Comunicaci\u00f3n","article_modified_time":"2026-03-31T06:14:10+00:00","og_image":[{"width":1600,"height":1600,"url":"https:\/\/adl-regalosempresa.com\/tiendaonline\/wp-content\/uploads\/2025\/02\/1PX19490.jpg","type":"image\/jpeg"}],"twitter_card":"summary_large_image","twitter_title":"Merchandising Set de cables y adaptadores 65W para personalizar con logo - ADL","schema":{"@context":"https:\/\/schema.org","@graph":[{"@type":"WebPage","@id":"https:\/\/adl-regalosempresa.com\/tiendaonline\/articulos\/merchandising\/set-de-cables-y-adaptadores-65w-para-personalizar-con-logo\/","url":"https:\/\/adl-regalosempresa.com\/tiendaonline\/articulos\/merchandising\/set-de-cables-y-adaptadores-65w-para-personalizar-con-logo\/","name":"Merchandising Set de cables y adaptadores 65W para personalizar con logo - ADL","isPartOf":{"@id":"https:\/\/adl-regalosempresa.com\/tiendaonline\/#website"},"primaryImageOfPage":{"@id":"https:\/\/adl-regalosempresa.com\/tiendaonline\/articulos\/merchandising\/set-de-cables-y-adaptadores-65w-para-personalizar-con-logo\/#primaryimage"},"image":{"@id":"https:\/\/adl-regalosempresa.com\/tiendaonline\/articulos\/merchandising\/set-de-cables-y-adaptadores-65w-para-personalizar-con-logo\/#primaryimage"},"thumbnailUrl":"https:\/\/adl-regalosempresa.com\/tiendaonline\/wp-content\/uploads\/2025\/02\/1PX19490.jpg","datePublished":"2026-03-31T06:12:46+00:00","dateModified":"2026-03-31T06:14:10+00:00","description":"Art\u00edculo de merchandising Set de cables y adaptadores 65W \"SCX.design C55\". Carga todos tus dispositivos a toda velocidad con este set de carga ultracompacto. Incluye un adaptador \"GaN\" de 65 W con tecnolog\u00eda PD, un cable de carga r\u00e1pida 5 en 1 de 60 W fabricado en rPET y una funda de algod\u00f3n negro para facilitar su transporte. Perfecto para port\u00e1tiles, tabletas y smartphones, admite la carga simult\u00e1nea y es totalmente compatible con los dispositivos m\u00e1s recientes. Longitud del cable: 1 metro.","breadcrumb":{"@id":"https:\/\/adl-regalosempresa.com\/tiendaonline\/articulos\/merchandising\/set-de-cables-y-adaptadores-65w-para-personalizar-con-logo\/#breadcrumb"},"inLanguage":"es","potentialAction":[{"@type":"ReadAction","target":["https:\/\/adl-regalosempresa.com\/tiendaonline\/articulos\/merchandising\/set-de-cables-y-adaptadores-65w-para-personalizar-con-logo\/"]}]},{"@type":"ImageObject","inLanguage":"es","@id":"https:\/\/adl-regalosempresa.com\/tiendaonline\/articulos\/merchandising\/set-de-cables-y-adaptadores-65w-para-personalizar-con-logo\/#primaryimage","url":"https:\/\/adl-regalosempresa.com\/tiendaonline\/wp-content\/uploads\/2025\/02\/1PX19490.jpg","contentUrl":"https:\/\/adl-regalosempresa.com\/tiendaonline\/wp-content\/uploads\/2025\/02\/1PX19490.jpg","width":1600,"height":1600,"caption":"Set de cables y adaptadores 65W \"SCX.design C55\""},{"@type":"BreadcrumbList","@id":"https:\/\/adl-regalosempresa.com\/tiendaonline\/articulos\/merchandising\/set-de-cables-y-adaptadores-65w-para-personalizar-con-logo\/#breadcrumb","itemListElement":[{"@type":"ListItem","position":1,"name":"Portada","item":"https:\/\/adl-regalosempresa.com\/tiendaonline\/"},{"@type":"ListItem","position":2,"name":"Tienda","item":"https:\/\/adl-regalosempresa.com\/tiendaonline\/tienda\/"},{"@type":"ListItem","position":3,"name":"Set de cables y adaptadores 65W para personalizar con logo"}]},{"@type":"WebSite","@id":"https:\/\/adl-regalosempresa.com\/tiendaonline\/#website","url":"https:\/\/adl-regalosempresa.com\/tiendaonline\/","name":"ADL Comunicaci\u00f3n","description":"Regalos de empresa","publisher":{"@id":"https:\/\/adl-regalosempresa.com\/tiendaonline\/#organization"},"potentialAction":[{"@type":"SearchAction","target":{"@type":"EntryPoint","urlTemplate":"https:\/\/adl-regalosempresa.com\/tiendaonline\/?s={search_term_string}"},"query-input":{"@type":"PropertyValueSpecification","valueRequired":true,"valueName":"search_term_string"}}],"inLanguage":"es"},{"@type":"Organization","@id":"https:\/\/adl-regalosempresa.com\/tiendaonline\/#organization","name":"ADL Comunicaci\u00f3n","url":"https:\/\/adl-regalosempresa.com\/tiendaonline\/","logo":{"@type":"ImageObject","inLanguage":"es","@id":"https:\/\/adl-regalosempresa.com\/tiendaonline\/#\/schema\/logo\/image\/","url":"https:\/\/adl-regalosempresa.com\/tiendaonline\/wp-content\/uploads\/2017\/09\/logo-adl-wp.png","contentUrl":"https:\/\/adl-regalosempresa.com\/tiendaonline\/wp-content\/uploads\/2017\/09\/logo-adl-wp.png","width":407,"height":185,"caption":"ADL Comunicaci\u00f3n"},"image":{"@id":"https:\/\/adl-regalosempresa.com\/tiendaonline\/#\/schema\/logo\/image\/"}}]}},"_links":{"self":[{"href":"https:\/\/adl-regalosempresa.com\/tiendaonline\/wp-json\/wp\/v2\/product\/140534","targetHints":{"allow":["GET"]}}],"collection":[{"href":"https:\/\/adl-regalosempresa.com\/tiendaonline\/wp-json\/wp\/v2\/product"}],"about":[{"href":"https:\/\/adl-regalosempresa.com\/tiendaonline\/wp-json\/wp\/v2\/types\/product"}],"wp:featuredmedia":[{"embeddable":true,"href":"https:\/\/adl-regalosempresa.com\/tiendaonline\/wp-json\/wp\/v2\/media\/140536"}],"wp:attachment":[{"href":"https:\/\/adl-regalosempresa.com\/tiendaonline\/wp-json\/wp\/v2\/media?parent=140534"}],"wp:term":[{"taxonomy":"product_brand","embeddable":true,"href":"https:\/\/adl-regalosempresa.com\/tiendaonline\/wp-json\/wp\/v2\/product_brand?post=140534"},{"taxonomy":"product_cat","embeddable":true,"href":"https:\/\/adl-regalosempresa.com\/tiendaonline\/wp-json\/wp\/v2\/product_cat?post=140534"},{"taxonomy":"product_tag","embeddable":true,"href":"https:\/\/adl-regalosempresa.com\/tiendaonline\/wp-json\/wp\/v2\/product_tag?post=140534"}],"curies":[{"name":"wp","href":"https:\/\/api.w.org\/{rel}","templated":true}]}}