{"id":140165,"date":"2026-03-24T07:52:40","date_gmt":"2026-03-24T07:52:40","guid":{"rendered":"https:\/\/adl-regalosempresa.com\/tiendaonline\/articulos\/merchandising\/boligrafo-con-acabado-en-oro-rosa-para-personalizar-con-logo-2\/"},"modified":"2026-04-04T07:38:12","modified_gmt":"2026-04-04T07:38:12","slug":"boligrafo-con-acabado-en-oro-rosa-para-personalizar-con-logo-2","status":"publish","type":"product","link":"https:\/\/adl-regalosempresa.com\/tiendaonline\/articulos\/merchandising\/boligrafo-con-acabado-en-oro-rosa-para-personalizar-con-logo-2\/","title":{"rendered":"Bol\u00edgrafo con acabado en oro rosa  para personalizar con logo"},"content":{"rendered":"<p>El bol\u00edgrafo \u00abNanna\u00bb con acabado en oro rosa tiene un cuerpo de aluminio reciclado y un l\u00e1piz t\u00e1ctil de silicona. El aluminio reciclado disminuye la cantidad de residuos en los vertederos y ayuda a conservar los recursos naturales con el objetivo de reducir las emisiones de gases de efecto invernadero. Color de la tinta: Negro. Longitud de escritura: 800 metros. Tama\u00f1o del plum\u00edn: 1,0 mm.<\/p>\n","protected":false},"excerpt":{"rendered":"<p><strong>Descuentos por cantidades<\/strong><br \/>&#8211; a partir de 500 unidades: 0,51 \u20ac\/ud<br \/>&#8211; a partir de 1000 unidades: 0,51 \u20ac\/ud<br \/>&#8211; a partir de 2500 unidades: 0,49 \u20ac\/ud<\/p>\n<p>Para cantidades superiores a las aqu\u00ed indicadas, no dudes en ponerte en contacto con nuestro departamento comercial o <a href='https:\/\/adl-regalosempresa.com\/tiendaonline\/solicitud-presupuesto\/'>pedirnos presupuesto personalizado<\/a>, ajustaremos el presupuesto a tus necesidades.<\/p>\n","protected":false},"featured_media":140167,"template":"","meta":{"_kad_post_transparent":"","_kad_post_title":"","_kad_post_layout":"","_kad_post_sidebar_id":"","_kad_post_content_style":"","_kad_post_vertical_padding":"","_kad_post_feature":"","_kad_post_feature_position":"","_kad_post_header":false,"_kad_post_footer":false,"_kad_post_classname":""},"product_brand":[],"product_cat":[4288,4287],"product_tag":[],"class_list":{"0":"post-140165","1":"product","2":"type-product","3":"status-publish","4":"has-post-thumbnail","6":"product_cat-boligrafos","7":"product_cat-boligrafos-y-escritura","8":"pa_color-azul-oceano","9":"pa_color-blanco","10":"pa_color-burdeos","11":"pa_color-gris-crepusculo","12":"pa_color-negro-intenso","13":"pa_color-rosa-empolvado","14":"pa_color-simple-azul","15":"pa_color-simple-blanco","16":"pa_color-simple-gris","17":"pa_color-simple-negro-intenso","18":"pa_color-simple-rojo","19":"pa_color-simple-rosa","20":"pa_diametro-1-cm","21":"pa_largo-144-cm","22":"pa_marca-unbranded","23":"pa_material-aluminio-reciclado","24":"pa_peso-177-gr","26":"first","27":"instock","28":"taxable","29":"shipping-taxable","30":"purchasable","31":"product-type-variable","32":"entry","33":"content-bg","34":"loop-entry"},"yoast_head":"<!-- This site is optimized with the Yoast SEO plugin v26.3 - https:\/\/yoast.com\/wordpress\/plugins\/seo\/ -->\n<title>Merchandising Bol\u00edgrafo con acabado en oro rosa para personalizar con logo - ADL<\/title>\n<meta name=\"description\" content=\"Art\u00edculo de merchandising Bol\u00edgrafo con acabado en oro rosa &quot;Nanna&quot;. El bol\u00edgrafo &quot;Nanna&quot; con acabado en oro rosa tiene un cuerpo de aluminio reciclado y un l\u00e1piz t\u00e1ctil de silicona. El aluminio reciclado disminuye la cantidad de residuos en los vertederos y ayuda a conservar los recursos naturales con el objetivo de reducir las emisiones de gases de efecto invernadero. Color de la tinta: Negro. Longitud de escritura: 800 metros. Tama\u00f1o del plum\u00edn: 1,0 mm.\" \/>\n<meta name=\"robots\" content=\"index, follow, max-snippet:-1, max-image-preview:large, max-video-preview:-1\" \/>\n<link rel=\"canonical\" href=\"https:\/\/adl-regalosempresa.com\/tiendaonline\/articulos\/merchandising\/boligrafo-con-acabado-en-oro-rosa-para-personalizar-con-logo-2\/\" \/>\n<meta property=\"og:locale\" content=\"es_ES\" \/>\n<meta property=\"og:type\" content=\"article\" \/>\n<meta property=\"og:title\" content=\"Merchandising Bol\u00edgrafo con acabado en oro rosa para personalizar con logo - ADL\" \/>\n<meta property=\"og:description\" content=\"Art\u00edculo de merchandising Bol\u00edgrafo con acabado en oro rosa &quot;Nanna&quot;. El bol\u00edgrafo &quot;Nanna&quot; con acabado en oro rosa tiene un cuerpo de aluminio reciclado y un l\u00e1piz t\u00e1ctil de silicona. El aluminio reciclado disminuye la cantidad de residuos en los vertederos y ayuda a conservar los recursos naturales con el objetivo de reducir las emisiones de gases de efecto invernadero. Color de la tinta: Negro. Longitud de escritura: 800 metros. Tama\u00f1o del plum\u00edn: 1,0 mm.\" \/>\n<meta property=\"og:url\" content=\"https:\/\/adl-regalosempresa.com\/tiendaonline\/articulos\/merchandising\/boligrafo-con-acabado-en-oro-rosa-para-personalizar-con-logo-2\/\" \/>\n<meta property=\"og:site_name\" content=\"ADL Comunicaci\u00f3n\" \/>\n<meta property=\"article:modified_time\" content=\"2026-04-04T07:38:12+00:00\" \/>\n<meta property=\"og:image\" content=\"https:\/\/adl-regalosempresa.com\/tiendaonline\/wp-content\/uploads\/2024\/12\/10624601.jpg\" \/>\n\t<meta property=\"og:image:width\" content=\"1600\" \/>\n\t<meta property=\"og:image:height\" content=\"1600\" \/>\n\t<meta property=\"og:image:type\" content=\"image\/jpeg\" \/>\n<meta name=\"twitter:card\" content=\"summary_large_image\" \/>\n<meta name=\"twitter:title\" content=\"Merchandising Bol\u00edgrafo con acabado en oro rosa para personalizar con logo - ADL\" \/>\n<script type=\"application\/ld+json\" class=\"yoast-schema-graph\">{\"@context\":\"https:\/\/schema.org\",\"@graph\":[{\"@type\":\"WebPage\",\"@id\":\"https:\/\/adl-regalosempresa.com\/tiendaonline\/articulos\/merchandising\/boligrafo-con-acabado-en-oro-rosa-para-personalizar-con-logo-2\/\",\"url\":\"https:\/\/adl-regalosempresa.com\/tiendaonline\/articulos\/merchandising\/boligrafo-con-acabado-en-oro-rosa-para-personalizar-con-logo-2\/\",\"name\":\"Merchandising Bol\u00edgrafo con acabado en oro rosa para personalizar con logo - ADL\",\"isPartOf\":{\"@id\":\"https:\/\/adl-regalosempresa.com\/tiendaonline\/#website\"},\"primaryImageOfPage\":{\"@id\":\"https:\/\/adl-regalosempresa.com\/tiendaonline\/articulos\/merchandising\/boligrafo-con-acabado-en-oro-rosa-para-personalizar-con-logo-2\/#primaryimage\"},\"image\":{\"@id\":\"https:\/\/adl-regalosempresa.com\/tiendaonline\/articulos\/merchandising\/boligrafo-con-acabado-en-oro-rosa-para-personalizar-con-logo-2\/#primaryimage\"},\"thumbnailUrl\":\"https:\/\/adl-regalosempresa.com\/tiendaonline\/wp-content\/uploads\/2024\/12\/10624601.jpg\",\"datePublished\":\"2026-03-24T07:52:40+00:00\",\"dateModified\":\"2026-04-04T07:38:12+00:00\",\"description\":\"Art\u00edculo de merchandising Bol\u00edgrafo con acabado en oro rosa \\\"Nanna\\\". El bol\u00edgrafo \\\"Nanna\\\" con acabado en oro rosa tiene un cuerpo de aluminio reciclado y un l\u00e1piz t\u00e1ctil de silicona. El aluminio reciclado disminuye la cantidad de residuos en los vertederos y ayuda a conservar los recursos naturales con el objetivo de reducir las emisiones de gases de efecto invernadero. Color de la tinta: Negro. Longitud de escritura: 800 metros. Tama\u00f1o del plum\u00edn: 1,0 mm.\",\"breadcrumb\":{\"@id\":\"https:\/\/adl-regalosempresa.com\/tiendaonline\/articulos\/merchandising\/boligrafo-con-acabado-en-oro-rosa-para-personalizar-con-logo-2\/#breadcrumb\"},\"inLanguage\":\"es\",\"potentialAction\":[{\"@type\":\"ReadAction\",\"target\":[\"https:\/\/adl-regalosempresa.com\/tiendaonline\/articulos\/merchandising\/boligrafo-con-acabado-en-oro-rosa-para-personalizar-con-logo-2\/\"]}]},{\"@type\":\"ImageObject\",\"inLanguage\":\"es\",\"@id\":\"https:\/\/adl-regalosempresa.com\/tiendaonline\/articulos\/merchandising\/boligrafo-con-acabado-en-oro-rosa-para-personalizar-con-logo-2\/#primaryimage\",\"url\":\"https:\/\/adl-regalosempresa.com\/tiendaonline\/wp-content\/uploads\/2024\/12\/10624601.jpg\",\"contentUrl\":\"https:\/\/adl-regalosempresa.com\/tiendaonline\/wp-content\/uploads\/2024\/12\/10624601.jpg\",\"width\":1600,\"height\":1600,\"caption\":\"Bol\u00edgrafo con acabado en oro rosa \\\"Nanna\\\"\"},{\"@type\":\"BreadcrumbList\",\"@id\":\"https:\/\/adl-regalosempresa.com\/tiendaonline\/articulos\/merchandising\/boligrafo-con-acabado-en-oro-rosa-para-personalizar-con-logo-2\/#breadcrumb\",\"itemListElement\":[{\"@type\":\"ListItem\",\"position\":1,\"name\":\"Portada\",\"item\":\"https:\/\/adl-regalosempresa.com\/tiendaonline\/\"},{\"@type\":\"ListItem\",\"position\":2,\"name\":\"Tienda\",\"item\":\"https:\/\/adl-regalosempresa.com\/tiendaonline\/tienda\/\"},{\"@type\":\"ListItem\",\"position\":3,\"name\":\"Bol\u00edgrafo con acabado en oro rosa para personalizar con logo\"}]},{\"@type\":\"WebSite\",\"@id\":\"https:\/\/adl-regalosempresa.com\/tiendaonline\/#website\",\"url\":\"https:\/\/adl-regalosempresa.com\/tiendaonline\/\",\"name\":\"ADL Comunicaci\u00f3n\",\"description\":\"Regalos de empresa\",\"publisher\":{\"@id\":\"https:\/\/adl-regalosempresa.com\/tiendaonline\/#organization\"},\"potentialAction\":[{\"@type\":\"SearchAction\",\"target\":{\"@type\":\"EntryPoint\",\"urlTemplate\":\"https:\/\/adl-regalosempresa.com\/tiendaonline\/?s={search_term_string}\"},\"query-input\":{\"@type\":\"PropertyValueSpecification\",\"valueRequired\":true,\"valueName\":\"search_term_string\"}}],\"inLanguage\":\"es\"},{\"@type\":\"Organization\",\"@id\":\"https:\/\/adl-regalosempresa.com\/tiendaonline\/#organization\",\"name\":\"ADL Comunicaci\u00f3n\",\"url\":\"https:\/\/adl-regalosempresa.com\/tiendaonline\/\",\"logo\":{\"@type\":\"ImageObject\",\"inLanguage\":\"es\",\"@id\":\"https:\/\/adl-regalosempresa.com\/tiendaonline\/#\/schema\/logo\/image\/\",\"url\":\"https:\/\/adl-regalosempresa.com\/tiendaonline\/wp-content\/uploads\/2017\/09\/logo-adl-wp.png\",\"contentUrl\":\"https:\/\/adl-regalosempresa.com\/tiendaonline\/wp-content\/uploads\/2017\/09\/logo-adl-wp.png\",\"width\":407,\"height\":185,\"caption\":\"ADL Comunicaci\u00f3n\"},\"image\":{\"@id\":\"https:\/\/adl-regalosempresa.com\/tiendaonline\/#\/schema\/logo\/image\/\"}}]}<\/script>\n<!-- \/ Yoast SEO plugin. -->","yoast_head_json":{"title":"Merchandising Bol\u00edgrafo con acabado en oro rosa para personalizar con logo - ADL","description":"Art\u00edculo de merchandising Bol\u00edgrafo con acabado en oro rosa \"Nanna\". El bol\u00edgrafo \"Nanna\" con acabado en oro rosa tiene un cuerpo de aluminio reciclado y un l\u00e1piz t\u00e1ctil de silicona. El aluminio reciclado disminuye la cantidad de residuos en los vertederos y ayuda a conservar los recursos naturales con el objetivo de reducir las emisiones de gases de efecto invernadero. Color de la tinta: Negro. Longitud de escritura: 800 metros. Tama\u00f1o del plum\u00edn: 1,0 mm.","robots":{"index":"index","follow":"follow","max-snippet":"max-snippet:-1","max-image-preview":"max-image-preview:large","max-video-preview":"max-video-preview:-1"},"canonical":"https:\/\/adl-regalosempresa.com\/tiendaonline\/articulos\/merchandising\/boligrafo-con-acabado-en-oro-rosa-para-personalizar-con-logo-2\/","og_locale":"es_ES","og_type":"article","og_title":"Merchandising Bol\u00edgrafo con acabado en oro rosa para personalizar con logo - ADL","og_description":"Art\u00edculo de merchandising Bol\u00edgrafo con acabado en oro rosa \"Nanna\". El bol\u00edgrafo \"Nanna\" con acabado en oro rosa tiene un cuerpo de aluminio reciclado y un l\u00e1piz t\u00e1ctil de silicona. El aluminio reciclado disminuye la cantidad de residuos en los vertederos y ayuda a conservar los recursos naturales con el objetivo de reducir las emisiones de gases de efecto invernadero. Color de la tinta: Negro. Longitud de escritura: 800 metros. Tama\u00f1o del plum\u00edn: 1,0 mm.","og_url":"https:\/\/adl-regalosempresa.com\/tiendaonline\/articulos\/merchandising\/boligrafo-con-acabado-en-oro-rosa-para-personalizar-con-logo-2\/","og_site_name":"ADL Comunicaci\u00f3n","article_modified_time":"2026-04-04T07:38:12+00:00","og_image":[{"width":1600,"height":1600,"url":"https:\/\/adl-regalosempresa.com\/tiendaonline\/wp-content\/uploads\/2024\/12\/10624601.jpg","type":"image\/jpeg"}],"twitter_card":"summary_large_image","twitter_title":"Merchandising Bol\u00edgrafo con acabado en oro rosa para personalizar con logo - ADL","schema":{"@context":"https:\/\/schema.org","@graph":[{"@type":"WebPage","@id":"https:\/\/adl-regalosempresa.com\/tiendaonline\/articulos\/merchandising\/boligrafo-con-acabado-en-oro-rosa-para-personalizar-con-logo-2\/","url":"https:\/\/adl-regalosempresa.com\/tiendaonline\/articulos\/merchandising\/boligrafo-con-acabado-en-oro-rosa-para-personalizar-con-logo-2\/","name":"Merchandising Bol\u00edgrafo con acabado en oro rosa para personalizar con logo - ADL","isPartOf":{"@id":"https:\/\/adl-regalosempresa.com\/tiendaonline\/#website"},"primaryImageOfPage":{"@id":"https:\/\/adl-regalosempresa.com\/tiendaonline\/articulos\/merchandising\/boligrafo-con-acabado-en-oro-rosa-para-personalizar-con-logo-2\/#primaryimage"},"image":{"@id":"https:\/\/adl-regalosempresa.com\/tiendaonline\/articulos\/merchandising\/boligrafo-con-acabado-en-oro-rosa-para-personalizar-con-logo-2\/#primaryimage"},"thumbnailUrl":"https:\/\/adl-regalosempresa.com\/tiendaonline\/wp-content\/uploads\/2024\/12\/10624601.jpg","datePublished":"2026-03-24T07:52:40+00:00","dateModified":"2026-04-04T07:38:12+00:00","description":"Art\u00edculo de merchandising Bol\u00edgrafo con acabado en oro rosa \"Nanna\". El bol\u00edgrafo \"Nanna\" con acabado en oro rosa tiene un cuerpo de aluminio reciclado y un l\u00e1piz t\u00e1ctil de silicona. El aluminio reciclado disminuye la cantidad de residuos en los vertederos y ayuda a conservar los recursos naturales con el objetivo de reducir las emisiones de gases de efecto invernadero. Color de la tinta: Negro. Longitud de escritura: 800 metros. Tama\u00f1o del plum\u00edn: 1,0 mm.","breadcrumb":{"@id":"https:\/\/adl-regalosempresa.com\/tiendaonline\/articulos\/merchandising\/boligrafo-con-acabado-en-oro-rosa-para-personalizar-con-logo-2\/#breadcrumb"},"inLanguage":"es","potentialAction":[{"@type":"ReadAction","target":["https:\/\/adl-regalosempresa.com\/tiendaonline\/articulos\/merchandising\/boligrafo-con-acabado-en-oro-rosa-para-personalizar-con-logo-2\/"]}]},{"@type":"ImageObject","inLanguage":"es","@id":"https:\/\/adl-regalosempresa.com\/tiendaonline\/articulos\/merchandising\/boligrafo-con-acabado-en-oro-rosa-para-personalizar-con-logo-2\/#primaryimage","url":"https:\/\/adl-regalosempresa.com\/tiendaonline\/wp-content\/uploads\/2024\/12\/10624601.jpg","contentUrl":"https:\/\/adl-regalosempresa.com\/tiendaonline\/wp-content\/uploads\/2024\/12\/10624601.jpg","width":1600,"height":1600,"caption":"Bol\u00edgrafo con acabado en oro rosa \"Nanna\""},{"@type":"BreadcrumbList","@id":"https:\/\/adl-regalosempresa.com\/tiendaonline\/articulos\/merchandising\/boligrafo-con-acabado-en-oro-rosa-para-personalizar-con-logo-2\/#breadcrumb","itemListElement":[{"@type":"ListItem","position":1,"name":"Portada","item":"https:\/\/adl-regalosempresa.com\/tiendaonline\/"},{"@type":"ListItem","position":2,"name":"Tienda","item":"https:\/\/adl-regalosempresa.com\/tiendaonline\/tienda\/"},{"@type":"ListItem","position":3,"name":"Bol\u00edgrafo con acabado en oro rosa para personalizar con logo"}]},{"@type":"WebSite","@id":"https:\/\/adl-regalosempresa.com\/tiendaonline\/#website","url":"https:\/\/adl-regalosempresa.com\/tiendaonline\/","name":"ADL Comunicaci\u00f3n","description":"Regalos de empresa","publisher":{"@id":"https:\/\/adl-regalosempresa.com\/tiendaonline\/#organization"},"potentialAction":[{"@type":"SearchAction","target":{"@type":"EntryPoint","urlTemplate":"https:\/\/adl-regalosempresa.com\/tiendaonline\/?s={search_term_string}"},"query-input":{"@type":"PropertyValueSpecification","valueRequired":true,"valueName":"search_term_string"}}],"inLanguage":"es"},{"@type":"Organization","@id":"https:\/\/adl-regalosempresa.com\/tiendaonline\/#organization","name":"ADL Comunicaci\u00f3n","url":"https:\/\/adl-regalosempresa.com\/tiendaonline\/","logo":{"@type":"ImageObject","inLanguage":"es","@id":"https:\/\/adl-regalosempresa.com\/tiendaonline\/#\/schema\/logo\/image\/","url":"https:\/\/adl-regalosempresa.com\/tiendaonline\/wp-content\/uploads\/2017\/09\/logo-adl-wp.png","contentUrl":"https:\/\/adl-regalosempresa.com\/tiendaonline\/wp-content\/uploads\/2017\/09\/logo-adl-wp.png","width":407,"height":185,"caption":"ADL Comunicaci\u00f3n"},"image":{"@id":"https:\/\/adl-regalosempresa.com\/tiendaonline\/#\/schema\/logo\/image\/"}}]}},"_links":{"self":[{"href":"https:\/\/adl-regalosempresa.com\/tiendaonline\/wp-json\/wp\/v2\/product\/140165","targetHints":{"allow":["GET"]}}],"collection":[{"href":"https:\/\/adl-regalosempresa.com\/tiendaonline\/wp-json\/wp\/v2\/product"}],"about":[{"href":"https:\/\/adl-regalosempresa.com\/tiendaonline\/wp-json\/wp\/v2\/types\/product"}],"wp:featuredmedia":[{"embeddable":true,"href":"https:\/\/adl-regalosempresa.com\/tiendaonline\/wp-json\/wp\/v2\/media\/140167"}],"wp:attachment":[{"href":"https:\/\/adl-regalosempresa.com\/tiendaonline\/wp-json\/wp\/v2\/media?parent=140165"}],"wp:term":[{"taxonomy":"product_brand","embeddable":true,"href":"https:\/\/adl-regalosempresa.com\/tiendaonline\/wp-json\/wp\/v2\/product_brand?post=140165"},{"taxonomy":"product_cat","embeddable":true,"href":"https:\/\/adl-regalosempresa.com\/tiendaonline\/wp-json\/wp\/v2\/product_cat?post=140165"},{"taxonomy":"product_tag","embeddable":true,"href":"https:\/\/adl-regalosempresa.com\/tiendaonline\/wp-json\/wp\/v2\/product_tag?post=140165"}],"curies":[{"name":"wp","href":"https:\/\/api.w.org\/{rel}","templated":true}]}}