{"id":139235,"date":"2026-03-31T05:37:29","date_gmt":"2026-03-31T05:37:29","guid":{"rendered":"https:\/\/adl-regalosempresa.com\/tiendaonline\/articulos\/merchandising\/sudadera-de-manga-larga-con-media-cremallera-para-hombre-para-personalizar-con-logo\/"},"modified":"2026-04-05T09:06:15","modified_gmt":"2026-04-05T09:06:15","slug":"sudadera-de-manga-larga-con-media-cremallera-para-hombre-para-personalizar-con-logo","status":"publish","type":"product","link":"https:\/\/adl-regalosempresa.com\/tiendaonline\/articulos\/merchandising\/sudadera-de-manga-larga-con-media-cremallera-para-hombre-para-personalizar-con-logo\/","title":{"rendered":"Sudadera de manga larga con media cremallera para hombre  para personalizar con logo"},"content":{"rendered":"<p>Sudadera t\u00e9cnica de manga larga ragl\u00e1n para hombre. Cuello con dise\u00f1o invertido de media cremallera con elementos reflectantes. Cubiertas de costuras reforzadas. Pu\u00f1os con aberturas para el pulgar. Elementos reflectantes en la espalda. Dobladillo trasero ligeramente m\u00e1s largo que el delantero. C\u00e1lido tejido interior cepillado.<\/p>\n","protected":false},"excerpt":{"rendered":"<p><strong>Descuentos por cantidades<\/strong><br \/>&#8211; a partir de 100 unidades: 13,65 \u20ac\/ud<br \/>&#8211; a partir de 250 unidades: 13,65 \u20ac\/ud<br \/>&#8211; a partir de 1000 unidades: 13,52 \u20ac\/ud<\/p>\n<p>Para cantidades superiores a las aqu\u00ed indicadas, no dudes en ponerte en contacto con nuestro departamento comercial o <a href='https:\/\/adl-regalosempresa.com\/tiendaonline\/solicitud-presupuesto\/'>pedirnos presupuesto personalizado<\/a>, ajustaremos el presupuesto a tus necesidades.<\/p>\n","protected":false},"featured_media":140194,"template":"","meta":{"_kad_post_transparent":"","_kad_post_title":"","_kad_post_layout":"","_kad_post_sidebar_id":"","_kad_post_content_style":"","_kad_post_vertical_padding":"","_kad_post_feature":"","_kad_post_feature_position":"","_kad_post_header":false,"_kad_post_footer":false,"_kad_post_classname":""},"product_brand":[],"product_cat":[3649,3650],"product_tag":[],"class_list":{"0":"post-139235","1":"product","2":"type-product","3":"status-publish","4":"has-post-thumbnail","6":"product_cat-ropa","7":"product_cat-sueteres","8":"pa_color-azul-marino","9":"pa_color-azul-real","10":"pa_color-azul-tormenta","11":"pa_color-naranja-fuego","12":"pa_color-negro-intenso","13":"pa_color-rojo-ciruela","14":"pa_color-verde-laurel","15":"pa_color-simple-azul","16":"pa_color-simple-naranja","17":"pa_color-simple-negro-intenso","18":"pa_color-simple-purpura","19":"pa_color-simple-verde","20":"pa_genero-hombre","21":"pa_marca-roly","22":"pa_material-punto-88-poliester-reciclado-12-elastano-200-g-m2","23":"pa_peso-251-gr","24":"pa_talla-2xl","25":"pa_talla-s","26":"pa_talla-m","27":"pa_talla-l","28":"pa_talla-xl","29":"pa_talla-3xl","31":"first","32":"instock","33":"taxable","34":"shipping-taxable","35":"purchasable","36":"product-type-variable","37":"entry","38":"content-bg","39":"loop-entry"},"yoast_head":"<!-- This site is optimized with the Yoast SEO plugin v26.3 - https:\/\/yoast.com\/wordpress\/plugins\/seo\/ -->\n<title>Merchandising Sudadera de manga larga con media cremallera para hombre para personalizar con logo - ADL<\/title>\n<meta name=\"description\" content=\"Art\u00edculo de merchandising Sudadera de manga larga con media cremallera para hombre &quot;Estambul&quot;. Sudadera t\u00e9cnica de manga larga ragl\u00e1n para hombre. Cuello con dise\u00f1o invertido de media cremallera con elementos reflectantes. Cubiertas de costuras reforzadas. Pu\u00f1os con aberturas para el pulgar. Elementos reflectantes en la espalda. Dobladillo trasero ligeramente m\u00e1s largo que el delantero. C\u00e1lido tejido interior cepillado.\" \/>\n<meta name=\"robots\" content=\"index, follow, max-snippet:-1, max-image-preview:large, max-video-preview:-1\" \/>\n<link rel=\"canonical\" href=\"https:\/\/adl-regalosempresa.com\/tiendaonline\/articulos\/merchandising\/sudadera-de-manga-larga-con-media-cremallera-para-hombre-para-personalizar-con-logo\/\" \/>\n<meta property=\"og:locale\" content=\"es_ES\" \/>\n<meta property=\"og:type\" content=\"article\" \/>\n<meta property=\"og:title\" content=\"Merchandising Sudadera de manga larga con media cremallera para hombre para personalizar con logo - ADL\" \/>\n<meta property=\"og:description\" content=\"Art\u00edculo de merchandising Sudadera de manga larga con media cremallera para hombre &quot;Estambul&quot;. Sudadera t\u00e9cnica de manga larga ragl\u00e1n para hombre. Cuello con dise\u00f1o invertido de media cremallera con elementos reflectantes. Cubiertas de costuras reforzadas. Pu\u00f1os con aberturas para el pulgar. Elementos reflectantes en la espalda. Dobladillo trasero ligeramente m\u00e1s largo que el delantero. C\u00e1lido tejido interior cepillado.\" \/>\n<meta property=\"og:url\" content=\"https:\/\/adl-regalosempresa.com\/tiendaonline\/articulos\/merchandising\/sudadera-de-manga-larga-con-media-cremallera-para-hombre-para-personalizar-con-logo\/\" \/>\n<meta property=\"og:site_name\" content=\"ADL Comunicaci\u00f3n\" \/>\n<meta property=\"article:modified_time\" content=\"2026-04-05T09:06:15+00:00\" \/>\n<meta property=\"og:image\" content=\"https:\/\/adl-regalosempresa.com\/tiendaonline\/wp-content\/uploads\/2025\/01\/R10311R.jpg\" \/>\n\t<meta property=\"og:image:width\" content=\"1600\" \/>\n\t<meta property=\"og:image:height\" content=\"1600\" \/>\n\t<meta property=\"og:image:type\" content=\"image\/jpeg\" \/>\n<meta name=\"twitter:card\" content=\"summary_large_image\" \/>\n<meta name=\"twitter:title\" content=\"Merchandising Sudadera de manga larga con media cremallera para hombre para personalizar con logo - ADL\" \/>\n<script type=\"application\/ld+json\" class=\"yoast-schema-graph\">{\"@context\":\"https:\/\/schema.org\",\"@graph\":[{\"@type\":\"WebPage\",\"@id\":\"https:\/\/adl-regalosempresa.com\/tiendaonline\/articulos\/merchandising\/sudadera-de-manga-larga-con-media-cremallera-para-hombre-para-personalizar-con-logo\/\",\"url\":\"https:\/\/adl-regalosempresa.com\/tiendaonline\/articulos\/merchandising\/sudadera-de-manga-larga-con-media-cremallera-para-hombre-para-personalizar-con-logo\/\",\"name\":\"Merchandising Sudadera de manga larga con media cremallera para hombre para personalizar con logo - ADL\",\"isPartOf\":{\"@id\":\"https:\/\/adl-regalosempresa.com\/tiendaonline\/#website\"},\"primaryImageOfPage\":{\"@id\":\"https:\/\/adl-regalosempresa.com\/tiendaonline\/articulos\/merchandising\/sudadera-de-manga-larga-con-media-cremallera-para-hombre-para-personalizar-con-logo\/#primaryimage\"},\"image\":{\"@id\":\"https:\/\/adl-regalosempresa.com\/tiendaonline\/articulos\/merchandising\/sudadera-de-manga-larga-con-media-cremallera-para-hombre-para-personalizar-con-logo\/#primaryimage\"},\"thumbnailUrl\":\"https:\/\/adl-regalosempresa.com\/tiendaonline\/wp-content\/uploads\/2025\/01\/R10311R.jpg\",\"datePublished\":\"2026-03-31T05:37:29+00:00\",\"dateModified\":\"2026-04-05T09:06:15+00:00\",\"description\":\"Art\u00edculo de merchandising Sudadera de manga larga con media cremallera para hombre \\\"Estambul\\\". Sudadera t\u00e9cnica de manga larga ragl\u00e1n para hombre. Cuello con dise\u00f1o invertido de media cremallera con elementos reflectantes. Cubiertas de costuras reforzadas. Pu\u00f1os con aberturas para el pulgar. Elementos reflectantes en la espalda. Dobladillo trasero ligeramente m\u00e1s largo que el delantero. C\u00e1lido tejido interior cepillado.\",\"breadcrumb\":{\"@id\":\"https:\/\/adl-regalosempresa.com\/tiendaonline\/articulos\/merchandising\/sudadera-de-manga-larga-con-media-cremallera-para-hombre-para-personalizar-con-logo\/#breadcrumb\"},\"inLanguage\":\"es\",\"potentialAction\":[{\"@type\":\"ReadAction\",\"target\":[\"https:\/\/adl-regalosempresa.com\/tiendaonline\/articulos\/merchandising\/sudadera-de-manga-larga-con-media-cremallera-para-hombre-para-personalizar-con-logo\/\"]}]},{\"@type\":\"ImageObject\",\"inLanguage\":\"es\",\"@id\":\"https:\/\/adl-regalosempresa.com\/tiendaonline\/articulos\/merchandising\/sudadera-de-manga-larga-con-media-cremallera-para-hombre-para-personalizar-con-logo\/#primaryimage\",\"url\":\"https:\/\/adl-regalosempresa.com\/tiendaonline\/wp-content\/uploads\/2025\/01\/R10311R.jpg\",\"contentUrl\":\"https:\/\/adl-regalosempresa.com\/tiendaonline\/wp-content\/uploads\/2025\/01\/R10311R.jpg\",\"width\":1600,\"height\":1600,\"caption\":\"Sudadera de manga larga con media cremallera para hombre \\\"Estambul\\\"\"},{\"@type\":\"BreadcrumbList\",\"@id\":\"https:\/\/adl-regalosempresa.com\/tiendaonline\/articulos\/merchandising\/sudadera-de-manga-larga-con-media-cremallera-para-hombre-para-personalizar-con-logo\/#breadcrumb\",\"itemListElement\":[{\"@type\":\"ListItem\",\"position\":1,\"name\":\"Portada\",\"item\":\"https:\/\/adl-regalosempresa.com\/tiendaonline\/\"},{\"@type\":\"ListItem\",\"position\":2,\"name\":\"Tienda\",\"item\":\"https:\/\/adl-regalosempresa.com\/tiendaonline\/tienda\/\"},{\"@type\":\"ListItem\",\"position\":3,\"name\":\"Sudadera de manga larga con media cremallera para hombre para personalizar con logo\"}]},{\"@type\":\"WebSite\",\"@id\":\"https:\/\/adl-regalosempresa.com\/tiendaonline\/#website\",\"url\":\"https:\/\/adl-regalosempresa.com\/tiendaonline\/\",\"name\":\"ADL Comunicaci\u00f3n\",\"description\":\"Regalos de empresa\",\"publisher\":{\"@id\":\"https:\/\/adl-regalosempresa.com\/tiendaonline\/#organization\"},\"potentialAction\":[{\"@type\":\"SearchAction\",\"target\":{\"@type\":\"EntryPoint\",\"urlTemplate\":\"https:\/\/adl-regalosempresa.com\/tiendaonline\/?s={search_term_string}\"},\"query-input\":{\"@type\":\"PropertyValueSpecification\",\"valueRequired\":true,\"valueName\":\"search_term_string\"}}],\"inLanguage\":\"es\"},{\"@type\":\"Organization\",\"@id\":\"https:\/\/adl-regalosempresa.com\/tiendaonline\/#organization\",\"name\":\"ADL Comunicaci\u00f3n\",\"url\":\"https:\/\/adl-regalosempresa.com\/tiendaonline\/\",\"logo\":{\"@type\":\"ImageObject\",\"inLanguage\":\"es\",\"@id\":\"https:\/\/adl-regalosempresa.com\/tiendaonline\/#\/schema\/logo\/image\/\",\"url\":\"https:\/\/adl-regalosempresa.com\/tiendaonline\/wp-content\/uploads\/2017\/09\/logo-adl-wp.png\",\"contentUrl\":\"https:\/\/adl-regalosempresa.com\/tiendaonline\/wp-content\/uploads\/2017\/09\/logo-adl-wp.png\",\"width\":407,\"height\":185,\"caption\":\"ADL Comunicaci\u00f3n\"},\"image\":{\"@id\":\"https:\/\/adl-regalosempresa.com\/tiendaonline\/#\/schema\/logo\/image\/\"}}]}<\/script>\n<!-- \/ Yoast SEO plugin. -->","yoast_head_json":{"title":"Merchandising Sudadera de manga larga con media cremallera para hombre para personalizar con logo - ADL","description":"Art\u00edculo de merchandising Sudadera de manga larga con media cremallera para hombre \"Estambul\". Sudadera t\u00e9cnica de manga larga ragl\u00e1n para hombre. Cuello con dise\u00f1o invertido de media cremallera con elementos reflectantes. Cubiertas de costuras reforzadas. Pu\u00f1os con aberturas para el pulgar. Elementos reflectantes en la espalda. Dobladillo trasero ligeramente m\u00e1s largo que el delantero. C\u00e1lido tejido interior cepillado.","robots":{"index":"index","follow":"follow","max-snippet":"max-snippet:-1","max-image-preview":"max-image-preview:large","max-video-preview":"max-video-preview:-1"},"canonical":"https:\/\/adl-regalosempresa.com\/tiendaonline\/articulos\/merchandising\/sudadera-de-manga-larga-con-media-cremallera-para-hombre-para-personalizar-con-logo\/","og_locale":"es_ES","og_type":"article","og_title":"Merchandising Sudadera de manga larga con media cremallera para hombre para personalizar con logo - ADL","og_description":"Art\u00edculo de merchandising Sudadera de manga larga con media cremallera para hombre \"Estambul\". Sudadera t\u00e9cnica de manga larga ragl\u00e1n para hombre. Cuello con dise\u00f1o invertido de media cremallera con elementos reflectantes. Cubiertas de costuras reforzadas. Pu\u00f1os con aberturas para el pulgar. Elementos reflectantes en la espalda. Dobladillo trasero ligeramente m\u00e1s largo que el delantero. C\u00e1lido tejido interior cepillado.","og_url":"https:\/\/adl-regalosempresa.com\/tiendaonline\/articulos\/merchandising\/sudadera-de-manga-larga-con-media-cremallera-para-hombre-para-personalizar-con-logo\/","og_site_name":"ADL Comunicaci\u00f3n","article_modified_time":"2026-04-05T09:06:15+00:00","og_image":[{"width":1600,"height":1600,"url":"https:\/\/adl-regalosempresa.com\/tiendaonline\/wp-content\/uploads\/2025\/01\/R10311R.jpg","type":"image\/jpeg"}],"twitter_card":"summary_large_image","twitter_title":"Merchandising Sudadera de manga larga con media cremallera para hombre para personalizar con logo - ADL","schema":{"@context":"https:\/\/schema.org","@graph":[{"@type":"WebPage","@id":"https:\/\/adl-regalosempresa.com\/tiendaonline\/articulos\/merchandising\/sudadera-de-manga-larga-con-media-cremallera-para-hombre-para-personalizar-con-logo\/","url":"https:\/\/adl-regalosempresa.com\/tiendaonline\/articulos\/merchandising\/sudadera-de-manga-larga-con-media-cremallera-para-hombre-para-personalizar-con-logo\/","name":"Merchandising Sudadera de manga larga con media cremallera para hombre para personalizar con logo - ADL","isPartOf":{"@id":"https:\/\/adl-regalosempresa.com\/tiendaonline\/#website"},"primaryImageOfPage":{"@id":"https:\/\/adl-regalosempresa.com\/tiendaonline\/articulos\/merchandising\/sudadera-de-manga-larga-con-media-cremallera-para-hombre-para-personalizar-con-logo\/#primaryimage"},"image":{"@id":"https:\/\/adl-regalosempresa.com\/tiendaonline\/articulos\/merchandising\/sudadera-de-manga-larga-con-media-cremallera-para-hombre-para-personalizar-con-logo\/#primaryimage"},"thumbnailUrl":"https:\/\/adl-regalosempresa.com\/tiendaonline\/wp-content\/uploads\/2025\/01\/R10311R.jpg","datePublished":"2026-03-31T05:37:29+00:00","dateModified":"2026-04-05T09:06:15+00:00","description":"Art\u00edculo de merchandising Sudadera de manga larga con media cremallera para hombre \"Estambul\". Sudadera t\u00e9cnica de manga larga ragl\u00e1n para hombre. Cuello con dise\u00f1o invertido de media cremallera con elementos reflectantes. Cubiertas de costuras reforzadas. Pu\u00f1os con aberturas para el pulgar. Elementos reflectantes en la espalda. Dobladillo trasero ligeramente m\u00e1s largo que el delantero. C\u00e1lido tejido interior cepillado.","breadcrumb":{"@id":"https:\/\/adl-regalosempresa.com\/tiendaonline\/articulos\/merchandising\/sudadera-de-manga-larga-con-media-cremallera-para-hombre-para-personalizar-con-logo\/#breadcrumb"},"inLanguage":"es","potentialAction":[{"@type":"ReadAction","target":["https:\/\/adl-regalosempresa.com\/tiendaonline\/articulos\/merchandising\/sudadera-de-manga-larga-con-media-cremallera-para-hombre-para-personalizar-con-logo\/"]}]},{"@type":"ImageObject","inLanguage":"es","@id":"https:\/\/adl-regalosempresa.com\/tiendaonline\/articulos\/merchandising\/sudadera-de-manga-larga-con-media-cremallera-para-hombre-para-personalizar-con-logo\/#primaryimage","url":"https:\/\/adl-regalosempresa.com\/tiendaonline\/wp-content\/uploads\/2025\/01\/R10311R.jpg","contentUrl":"https:\/\/adl-regalosempresa.com\/tiendaonline\/wp-content\/uploads\/2025\/01\/R10311R.jpg","width":1600,"height":1600,"caption":"Sudadera de manga larga con media cremallera para hombre \"Estambul\""},{"@type":"BreadcrumbList","@id":"https:\/\/adl-regalosempresa.com\/tiendaonline\/articulos\/merchandising\/sudadera-de-manga-larga-con-media-cremallera-para-hombre-para-personalizar-con-logo\/#breadcrumb","itemListElement":[{"@type":"ListItem","position":1,"name":"Portada","item":"https:\/\/adl-regalosempresa.com\/tiendaonline\/"},{"@type":"ListItem","position":2,"name":"Tienda","item":"https:\/\/adl-regalosempresa.com\/tiendaonline\/tienda\/"},{"@type":"ListItem","position":3,"name":"Sudadera de manga larga con media cremallera para hombre para personalizar con logo"}]},{"@type":"WebSite","@id":"https:\/\/adl-regalosempresa.com\/tiendaonline\/#website","url":"https:\/\/adl-regalosempresa.com\/tiendaonline\/","name":"ADL Comunicaci\u00f3n","description":"Regalos de empresa","publisher":{"@id":"https:\/\/adl-regalosempresa.com\/tiendaonline\/#organization"},"potentialAction":[{"@type":"SearchAction","target":{"@type":"EntryPoint","urlTemplate":"https:\/\/adl-regalosempresa.com\/tiendaonline\/?s={search_term_string}"},"query-input":{"@type":"PropertyValueSpecification","valueRequired":true,"valueName":"search_term_string"}}],"inLanguage":"es"},{"@type":"Organization","@id":"https:\/\/adl-regalosempresa.com\/tiendaonline\/#organization","name":"ADL Comunicaci\u00f3n","url":"https:\/\/adl-regalosempresa.com\/tiendaonline\/","logo":{"@type":"ImageObject","inLanguage":"es","@id":"https:\/\/adl-regalosempresa.com\/tiendaonline\/#\/schema\/logo\/image\/","url":"https:\/\/adl-regalosempresa.com\/tiendaonline\/wp-content\/uploads\/2017\/09\/logo-adl-wp.png","contentUrl":"https:\/\/adl-regalosempresa.com\/tiendaonline\/wp-content\/uploads\/2017\/09\/logo-adl-wp.png","width":407,"height":185,"caption":"ADL Comunicaci\u00f3n"},"image":{"@id":"https:\/\/adl-regalosempresa.com\/tiendaonline\/#\/schema\/logo\/image\/"}}]}},"_links":{"self":[{"href":"https:\/\/adl-regalosempresa.com\/tiendaonline\/wp-json\/wp\/v2\/product\/139235","targetHints":{"allow":["GET"]}}],"collection":[{"href":"https:\/\/adl-regalosempresa.com\/tiendaonline\/wp-json\/wp\/v2\/product"}],"about":[{"href":"https:\/\/adl-regalosempresa.com\/tiendaonline\/wp-json\/wp\/v2\/types\/product"}],"wp:featuredmedia":[{"embeddable":true,"href":"https:\/\/adl-regalosempresa.com\/tiendaonline\/wp-json\/wp\/v2\/media\/140194"}],"wp:attachment":[{"href":"https:\/\/adl-regalosempresa.com\/tiendaonline\/wp-json\/wp\/v2\/media?parent=139235"}],"wp:term":[{"taxonomy":"product_brand","embeddable":true,"href":"https:\/\/adl-regalosempresa.com\/tiendaonline\/wp-json\/wp\/v2\/product_brand?post=139235"},{"taxonomy":"product_cat","embeddable":true,"href":"https:\/\/adl-regalosempresa.com\/tiendaonline\/wp-json\/wp\/v2\/product_cat?post=139235"},{"taxonomy":"product_tag","embeddable":true,"href":"https:\/\/adl-regalosempresa.com\/tiendaonline\/wp-json\/wp\/v2\/product_tag?post=139235"}],"curies":[{"name":"wp","href":"https:\/\/api.w.org\/{rel}","templated":true}]}}