{"id":138911,"date":"2026-03-31T05:28:27","date_gmt":"2026-03-31T05:28:27","guid":{"rendered":"https:\/\/adl-regalosempresa.com\/tiendaonline\/articulos\/merchandising\/cable-retractil-5-en-1-de-plastico-reciclado-de-100-cm-para-sincronizacion-de-datos-y-carga-rapida-de-45-w-con-detalles-de-bambu-para-personalizar-con-logo\/"},"modified":"2026-04-17T08:28:17","modified_gmt":"2026-04-17T08:28:17","slug":"cable-retractil-5-en-1-de-plastico-reciclado-de-100-cm-para-sincronizacion-de-datos-y-carga-rapida-de-45-w-con-detalles-de-ba-para-personalizar-con-logo","status":"publish","type":"product","link":"https:\/\/adl-regalosempresa.com\/tiendaonline\/articulos\/merchandising\/cable-retractil-5-en-1-de-plastico-reciclado-de-100-cm-para-sincronizacion-de-datos-y-carga-rapida-de-45-w-con-detalles-de-ba-para-personalizar-con-logo\/","title":{"rendered":"Cable retr\u00e1ctil 5 en 1 de pl\u00e1stico reciclado de 100\u00a0cm para sincronizaci\u00f3n de datos y carga r\u00e1pida de 45\u00a0W con detalles de ba para personalizar con logo"},"content":{"rendered":"<p>El cable 5 en 1 de sincronizaci\u00f3n de datos y de carga r\u00e1pida de 45 W \u00abChechia\u00bb est\u00e1 fabricado con pl\u00e1stico reciclado con detalles de bamb\u00fa de origen responsable. El cable cuenta con un conector de entrada USB\u00a0A y otro tipo\u00a0C, adem\u00e1s de un conector de salida tipo\u00a0C 2 en 1 y un conector combinado Lightning\/Micro\u00a0USB. USB C a USB C proporciona una potencia de salida de 45 W como m\u00e1ximo, USB A a USB C de 24 W como m\u00e1ximo y todas las dem\u00e1s opciones de conexi\u00f3n de 15 W como m\u00e1ximo. Compatible con CarPlay y Android Autoy tambi\u00e9n cuenta con un soporte para tel\u00e9fono integrado para mayor comodidad. Ya sea en casa, en la oficina o en movimiento, el cable \u00abChechia\u00bb ofrece rendimiento y estilo en un paquete compacto. Longitud del cable: 100 cm.<\/p>\n","protected":false},"excerpt":{"rendered":"<p><strong>Descuentos por cantidades<\/strong><br \/>&#8211; a partir de 100 unidades: 4,01 \u20ac\/ud<br \/>&#8211; a partir de 250 unidades: 3,93 \u20ac\/ud<br \/>&#8211; a partir de 1000 unidades: 3,86 \u20ac\/ud<\/p>\n<p>Para cantidades superiores a las aqu\u00ed indicadas, no dudes en ponerte en contacto con nuestro departamento comercial o <a href='https:\/\/adl-regalosempresa.com\/tiendaonline\/solicitud-presupuesto\/'>pedirnos presupuesto personalizado<\/a>, ajustaremos el presupuesto a tus necesidades.<\/p>\n","protected":false},"featured_media":138913,"template":"","meta":{"_kad_post_transparent":"","_kad_post_title":"","_kad_post_layout":"","_kad_post_sidebar_id":"","_kad_post_content_style":"","_kad_post_vertical_padding":"","_kad_post_feature":"","_kad_post_feature_position":"","_kad_post_header":false,"_kad_post_footer":false,"_kad_post_classname":""},"product_brand":[],"product_cat":[5101,486],"product_tag":[],"class_list":{"0":"post-138911","1":"product","2":"type-product","3":"status-publish","4":"has-post-thumbnail","6":"product_cat-cables","7":"product_cat-tecnologia","8":"pa_alto-22-cm","9":"pa_color-blanco","10":"pa_color-negro-intenso","11":"pa_color-simple-blanco","12":"pa_color-simple-negro-intenso","13":"pa_diametro-61-cm","14":"pa_largo-100-cm","15":"pa_marca-unbranded","16":"pa_material-bambu-certificado-fsc-plastico-abs-reciclado","17":"pa_peso-48-gr","19":"first","20":"instock","21":"taxable","22":"shipping-taxable","23":"purchasable","24":"product-type-variable","25":"entry","26":"content-bg","27":"loop-entry"},"yoast_head":"<!-- This site is optimized with the Yoast SEO plugin v26.3 - https:\/\/yoast.com\/wordpress\/plugins\/seo\/ -->\n<title>Merchandising Cable retr\u00e1ctil 5 en 1 de pl\u00e1stico reciclado de 100\u00a0cm para sincronizaci\u00f3n de datos y carga r\u00e1pida de 45\u00a0W con detalles de ba para personalizar con logo - ADL<\/title>\n<meta name=\"description\" content=\"Art\u00edculo de merchandising Cable retr\u00e1ctil 5 en 1 de pl\u00e1stico reciclado de 100\u00a0cm para sincronizaci\u00f3n de datos y carga r\u00e1pida de 45\u00a0W con detalles de ba. El cable 5 en 1 de sincronizaci\u00f3n de datos y de carga r\u00e1pida de 45 W &quot;Chechia&quot; est\u00e1 fabricado con pl\u00e1stico reciclado con detalles de bamb\u00fa de origen responsable. El cable cuenta con un conector de entrada USB\u00a0A y otro tipo\u00a0C, adem\u00e1s de un conector de salida tipo\u00a0C 2 en 1 y un conector combinado Lightning\/Micro\u00a0USB. USB C a USB C proporciona una potencia de salida de 45 W como m\u00e1ximo, USB A a USB C de 24 W como m\u00e1ximo y todas las dem\u00e1s opciones de conexi\u00f3n de 15 W como m\u00e1ximo. Compatible con CarPlay y Android Autoy tambi\u00e9n cuenta con un soporte para tel\u00e9fono integrado para mayor comodidad. Ya sea en casa, en la oficina o en movimiento, el cable &quot;Chechia&quot; ofrece rendimiento y estilo en un paquete compacto. Longitud del cable: 100 cm.\" \/>\n<meta name=\"robots\" content=\"index, follow, max-snippet:-1, max-image-preview:large, max-video-preview:-1\" \/>\n<link rel=\"canonical\" href=\"https:\/\/adl-regalosempresa.com\/tiendaonline\/articulos\/merchandising\/cable-retractil-5-en-1-de-plastico-reciclado-de-100-cm-para-sincronizacion-de-datos-y-carga-rapida-de-45-w-con-detalles-de-ba-para-personalizar-con-logo\/\" \/>\n<meta property=\"og:locale\" content=\"es_ES\" \/>\n<meta property=\"og:type\" content=\"article\" \/>\n<meta property=\"og:title\" content=\"Merchandising Cable retr\u00e1ctil 5 en 1 de pl\u00e1stico reciclado de 100\u00a0cm para sincronizaci\u00f3n de datos y carga r\u00e1pida de 45\u00a0W con detalles de ba para personalizar con logo - ADL\" \/>\n<meta property=\"og:description\" content=\"Art\u00edculo de merchandising Cable retr\u00e1ctil 5 en 1 de pl\u00e1stico reciclado de 100\u00a0cm para sincronizaci\u00f3n de datos y carga r\u00e1pida de 45\u00a0W con detalles de ba. El cable 5 en 1 de sincronizaci\u00f3n de datos y de carga r\u00e1pida de 45 W &quot;Chechia&quot; est\u00e1 fabricado con pl\u00e1stico reciclado con detalles de bamb\u00fa de origen responsable. El cable cuenta con un conector de entrada USB\u00a0A y otro tipo\u00a0C, adem\u00e1s de un conector de salida tipo\u00a0C 2 en 1 y un conector combinado Lightning\/Micro\u00a0USB. USB C a USB C proporciona una potencia de salida de 45 W como m\u00e1ximo, USB A a USB C de 24 W como m\u00e1ximo y todas las dem\u00e1s opciones de conexi\u00f3n de 15 W como m\u00e1ximo. Compatible con CarPlay y Android Autoy tambi\u00e9n cuenta con un soporte para tel\u00e9fono integrado para mayor comodidad. Ya sea en casa, en la oficina o en movimiento, el cable &quot;Chechia&quot; ofrece rendimiento y estilo en un paquete compacto. Longitud del cable: 100 cm.\" \/>\n<meta property=\"og:url\" content=\"https:\/\/adl-regalosempresa.com\/tiendaonline\/articulos\/merchandising\/cable-retractil-5-en-1-de-plastico-reciclado-de-100-cm-para-sincronizacion-de-datos-y-carga-rapida-de-45-w-con-detalles-de-ba-para-personalizar-con-logo\/\" \/>\n<meta property=\"og:site_name\" content=\"ADL Comunicaci\u00f3n\" \/>\n<meta property=\"article:modified_time\" content=\"2026-04-17T08:28:17+00:00\" \/>\n<meta property=\"og:image\" content=\"https:\/\/adl-regalosempresa.com\/tiendaonline\/wp-content\/uploads\/2024\/12\/1244190.jpg\" \/>\n\t<meta property=\"og:image:width\" content=\"1600\" \/>\n\t<meta property=\"og:image:height\" content=\"1600\" \/>\n\t<meta property=\"og:image:type\" content=\"image\/jpeg\" \/>\n<meta name=\"twitter:card\" content=\"summary_large_image\" \/>\n<meta name=\"twitter:title\" content=\"Merchandising Cable retr\u00e1ctil 5 en 1 de pl\u00e1stico reciclado de 100\u00a0cm para sincronizaci\u00f3n de datos y carga r\u00e1pida de 45\u00a0W con detalles de ba para personalizar con logo - ADL\" \/>\n<meta name=\"twitter:label1\" content=\"Tiempo de lectura\" \/>\n\t<meta name=\"twitter:data1\" content=\"1 minuto\" \/>\n<script type=\"application\/ld+json\" class=\"yoast-schema-graph\">{\"@context\":\"https:\/\/schema.org\",\"@graph\":[{\"@type\":\"WebPage\",\"@id\":\"https:\/\/adl-regalosempresa.com\/tiendaonline\/articulos\/merchandising\/cable-retractil-5-en-1-de-plastico-reciclado-de-100-cm-para-sincronizacion-de-datos-y-carga-rapida-de-45-w-con-detalles-de-ba-para-personalizar-con-logo\/\",\"url\":\"https:\/\/adl-regalosempresa.com\/tiendaonline\/articulos\/merchandising\/cable-retractil-5-en-1-de-plastico-reciclado-de-100-cm-para-sincronizacion-de-datos-y-carga-rapida-de-45-w-con-detalles-de-ba-para-personalizar-con-logo\/\",\"name\":\"Merchandising Cable retr\u00e1ctil 5 en 1 de pl\u00e1stico reciclado de 100\u00a0cm para sincronizaci\u00f3n de datos y carga r\u00e1pida de 45\u00a0W con detalles de ba para personalizar con logo - ADL\",\"isPartOf\":{\"@id\":\"https:\/\/adl-regalosempresa.com\/tiendaonline\/#website\"},\"primaryImageOfPage\":{\"@id\":\"https:\/\/adl-regalosempresa.com\/tiendaonline\/articulos\/merchandising\/cable-retractil-5-en-1-de-plastico-reciclado-de-100-cm-para-sincronizacion-de-datos-y-carga-rapida-de-45-w-con-detalles-de-ba-para-personalizar-con-logo\/#primaryimage\"},\"image\":{\"@id\":\"https:\/\/adl-regalosempresa.com\/tiendaonline\/articulos\/merchandising\/cable-retractil-5-en-1-de-plastico-reciclado-de-100-cm-para-sincronizacion-de-datos-y-carga-rapida-de-45-w-con-detalles-de-ba-para-personalizar-con-logo\/#primaryimage\"},\"thumbnailUrl\":\"https:\/\/adl-regalosempresa.com\/tiendaonline\/wp-content\/uploads\/2024\/12\/1244190.jpg\",\"datePublished\":\"2026-03-31T05:28:27+00:00\",\"dateModified\":\"2026-04-17T08:28:17+00:00\",\"description\":\"Art\u00edculo de merchandising Cable retr\u00e1ctil 5 en 1 de pl\u00e1stico reciclado de 100\u00a0cm para sincronizaci\u00f3n de datos y carga r\u00e1pida de 45\u00a0W con detalles de ba. El cable 5 en 1 de sincronizaci\u00f3n de datos y de carga r\u00e1pida de 45 W \\\"Chechia\\\" est\u00e1 fabricado con pl\u00e1stico reciclado con detalles de bamb\u00fa de origen responsable. El cable cuenta con un conector de entrada USB\u00a0A y otro tipo\u00a0C, adem\u00e1s de un conector de salida tipo\u00a0C 2 en 1 y un conector combinado Lightning\/Micro\u00a0USB. USB C a USB C proporciona una potencia de salida de 45 W como m\u00e1ximo, USB A a USB C de 24 W como m\u00e1ximo y todas las dem\u00e1s opciones de conexi\u00f3n de 15 W como m\u00e1ximo. Compatible con CarPlay y Android Autoy tambi\u00e9n cuenta con un soporte para tel\u00e9fono integrado para mayor comodidad. Ya sea en casa, en la oficina o en movimiento, el cable \\\"Chechia\\\" ofrece rendimiento y estilo en un paquete compacto. Longitud del cable: 100 cm.\",\"breadcrumb\":{\"@id\":\"https:\/\/adl-regalosempresa.com\/tiendaonline\/articulos\/merchandising\/cable-retractil-5-en-1-de-plastico-reciclado-de-100-cm-para-sincronizacion-de-datos-y-carga-rapida-de-45-w-con-detalles-de-ba-para-personalizar-con-logo\/#breadcrumb\"},\"inLanguage\":\"es\",\"potentialAction\":[{\"@type\":\"ReadAction\",\"target\":[\"https:\/\/adl-regalosempresa.com\/tiendaonline\/articulos\/merchandising\/cable-retractil-5-en-1-de-plastico-reciclado-de-100-cm-para-sincronizacion-de-datos-y-carga-rapida-de-45-w-con-detalles-de-ba-para-personalizar-con-logo\/\"]}]},{\"@type\":\"ImageObject\",\"inLanguage\":\"es\",\"@id\":\"https:\/\/adl-regalosempresa.com\/tiendaonline\/articulos\/merchandising\/cable-retractil-5-en-1-de-plastico-reciclado-de-100-cm-para-sincronizacion-de-datos-y-carga-rapida-de-45-w-con-detalles-de-ba-para-personalizar-con-logo\/#primaryimage\",\"url\":\"https:\/\/adl-regalosempresa.com\/tiendaonline\/wp-content\/uploads\/2024\/12\/1244190.jpg\",\"contentUrl\":\"https:\/\/adl-regalosempresa.com\/tiendaonline\/wp-content\/uploads\/2024\/12\/1244190.jpg\",\"width\":1600,\"height\":1600,\"caption\":\"Cable retr\u00e1ctil 5 en 1 de pl\u00e1stico reciclado de 100\u00a0cm para sincronizaci\u00f3n de datos y carga r\u00e1pida de 45\u00a0W con detalles de bamb\u00fa \\\"Chechia\\\"\"},{\"@type\":\"BreadcrumbList\",\"@id\":\"https:\/\/adl-regalosempresa.com\/tiendaonline\/articulos\/merchandising\/cable-retractil-5-en-1-de-plastico-reciclado-de-100-cm-para-sincronizacion-de-datos-y-carga-rapida-de-45-w-con-detalles-de-ba-para-personalizar-con-logo\/#breadcrumb\",\"itemListElement\":[{\"@type\":\"ListItem\",\"position\":1,\"name\":\"Portada\",\"item\":\"https:\/\/adl-regalosempresa.com\/tiendaonline\/\"},{\"@type\":\"ListItem\",\"position\":2,\"name\":\"Tienda\",\"item\":\"https:\/\/adl-regalosempresa.com\/tiendaonline\/tienda\/\"},{\"@type\":\"ListItem\",\"position\":3,\"name\":\"Cable retr\u00e1ctil 5 en 1 de pl\u00e1stico reciclado de 100\u00a0cm para sincronizaci\u00f3n de datos y carga r\u00e1pida de 45\u00a0W con detalles de ba para personalizar con logo\"}]},{\"@type\":\"WebSite\",\"@id\":\"https:\/\/adl-regalosempresa.com\/tiendaonline\/#website\",\"url\":\"https:\/\/adl-regalosempresa.com\/tiendaonline\/\",\"name\":\"ADL Comunicaci\u00f3n\",\"description\":\"Regalos de empresa\",\"publisher\":{\"@id\":\"https:\/\/adl-regalosempresa.com\/tiendaonline\/#organization\"},\"potentialAction\":[{\"@type\":\"SearchAction\",\"target\":{\"@type\":\"EntryPoint\",\"urlTemplate\":\"https:\/\/adl-regalosempresa.com\/tiendaonline\/?s={search_term_string}\"},\"query-input\":{\"@type\":\"PropertyValueSpecification\",\"valueRequired\":true,\"valueName\":\"search_term_string\"}}],\"inLanguage\":\"es\"},{\"@type\":\"Organization\",\"@id\":\"https:\/\/adl-regalosempresa.com\/tiendaonline\/#organization\",\"name\":\"ADL Comunicaci\u00f3n\",\"url\":\"https:\/\/adl-regalosempresa.com\/tiendaonline\/\",\"logo\":{\"@type\":\"ImageObject\",\"inLanguage\":\"es\",\"@id\":\"https:\/\/adl-regalosempresa.com\/tiendaonline\/#\/schema\/logo\/image\/\",\"url\":\"https:\/\/adl-regalosempresa.com\/tiendaonline\/wp-content\/uploads\/2017\/09\/logo-adl-wp.png\",\"contentUrl\":\"https:\/\/adl-regalosempresa.com\/tiendaonline\/wp-content\/uploads\/2017\/09\/logo-adl-wp.png\",\"width\":407,\"height\":185,\"caption\":\"ADL Comunicaci\u00f3n\"},\"image\":{\"@id\":\"https:\/\/adl-regalosempresa.com\/tiendaonline\/#\/schema\/logo\/image\/\"}}]}<\/script>\n<!-- \/ Yoast SEO plugin. -->","yoast_head_json":{"title":"Merchandising Cable retr\u00e1ctil 5 en 1 de pl\u00e1stico reciclado de 100\u00a0cm para sincronizaci\u00f3n de datos y carga r\u00e1pida de 45\u00a0W con detalles de ba para personalizar con logo - ADL","description":"Art\u00edculo de merchandising Cable retr\u00e1ctil 5 en 1 de pl\u00e1stico reciclado de 100\u00a0cm para sincronizaci\u00f3n de datos y carga r\u00e1pida de 45\u00a0W con detalles de ba. El cable 5 en 1 de sincronizaci\u00f3n de datos y de carga r\u00e1pida de 45 W \"Chechia\" est\u00e1 fabricado con pl\u00e1stico reciclado con detalles de bamb\u00fa de origen responsable. El cable cuenta con un conector de entrada USB\u00a0A y otro tipo\u00a0C, adem\u00e1s de un conector de salida tipo\u00a0C 2 en 1 y un conector combinado Lightning\/Micro\u00a0USB. USB C a USB C proporciona una potencia de salida de 45 W como m\u00e1ximo, USB A a USB C de 24 W como m\u00e1ximo y todas las dem\u00e1s opciones de conexi\u00f3n de 15 W como m\u00e1ximo. Compatible con CarPlay y Android Autoy tambi\u00e9n cuenta con un soporte para tel\u00e9fono integrado para mayor comodidad. Ya sea en casa, en la oficina o en movimiento, el cable \"Chechia\" ofrece rendimiento y estilo en un paquete compacto. Longitud del cable: 100 cm.","robots":{"index":"index","follow":"follow","max-snippet":"max-snippet:-1","max-image-preview":"max-image-preview:large","max-video-preview":"max-video-preview:-1"},"canonical":"https:\/\/adl-regalosempresa.com\/tiendaonline\/articulos\/merchandising\/cable-retractil-5-en-1-de-plastico-reciclado-de-100-cm-para-sincronizacion-de-datos-y-carga-rapida-de-45-w-con-detalles-de-ba-para-personalizar-con-logo\/","og_locale":"es_ES","og_type":"article","og_title":"Merchandising Cable retr\u00e1ctil 5 en 1 de pl\u00e1stico reciclado de 100\u00a0cm para sincronizaci\u00f3n de datos y carga r\u00e1pida de 45\u00a0W con detalles de ba para personalizar con logo - ADL","og_description":"Art\u00edculo de merchandising Cable retr\u00e1ctil 5 en 1 de pl\u00e1stico reciclado de 100\u00a0cm para sincronizaci\u00f3n de datos y carga r\u00e1pida de 45\u00a0W con detalles de ba. El cable 5 en 1 de sincronizaci\u00f3n de datos y de carga r\u00e1pida de 45 W \"Chechia\" est\u00e1 fabricado con pl\u00e1stico reciclado con detalles de bamb\u00fa de origen responsable. El cable cuenta con un conector de entrada USB\u00a0A y otro tipo\u00a0C, adem\u00e1s de un conector de salida tipo\u00a0C 2 en 1 y un conector combinado Lightning\/Micro\u00a0USB. USB C a USB C proporciona una potencia de salida de 45 W como m\u00e1ximo, USB A a USB C de 24 W como m\u00e1ximo y todas las dem\u00e1s opciones de conexi\u00f3n de 15 W como m\u00e1ximo. Compatible con CarPlay y Android Autoy tambi\u00e9n cuenta con un soporte para tel\u00e9fono integrado para mayor comodidad. Ya sea en casa, en la oficina o en movimiento, el cable \"Chechia\" ofrece rendimiento y estilo en un paquete compacto. Longitud del cable: 100 cm.","og_url":"https:\/\/adl-regalosempresa.com\/tiendaonline\/articulos\/merchandising\/cable-retractil-5-en-1-de-plastico-reciclado-de-100-cm-para-sincronizacion-de-datos-y-carga-rapida-de-45-w-con-detalles-de-ba-para-personalizar-con-logo\/","og_site_name":"ADL Comunicaci\u00f3n","article_modified_time":"2026-04-17T08:28:17+00:00","og_image":[{"width":1600,"height":1600,"url":"https:\/\/adl-regalosempresa.com\/tiendaonline\/wp-content\/uploads\/2024\/12\/1244190.jpg","type":"image\/jpeg"}],"twitter_card":"summary_large_image","twitter_title":"Merchandising Cable retr\u00e1ctil 5 en 1 de pl\u00e1stico reciclado de 100\u00a0cm para sincronizaci\u00f3n de datos y carga r\u00e1pida de 45\u00a0W con detalles de ba para personalizar con logo - ADL","twitter_misc":{"Tiempo de lectura":"1 minuto"},"schema":{"@context":"https:\/\/schema.org","@graph":[{"@type":"WebPage","@id":"https:\/\/adl-regalosempresa.com\/tiendaonline\/articulos\/merchandising\/cable-retractil-5-en-1-de-plastico-reciclado-de-100-cm-para-sincronizacion-de-datos-y-carga-rapida-de-45-w-con-detalles-de-ba-para-personalizar-con-logo\/","url":"https:\/\/adl-regalosempresa.com\/tiendaonline\/articulos\/merchandising\/cable-retractil-5-en-1-de-plastico-reciclado-de-100-cm-para-sincronizacion-de-datos-y-carga-rapida-de-45-w-con-detalles-de-ba-para-personalizar-con-logo\/","name":"Merchandising Cable retr\u00e1ctil 5 en 1 de pl\u00e1stico reciclado de 100\u00a0cm para sincronizaci\u00f3n de datos y carga r\u00e1pida de 45\u00a0W con detalles de ba para personalizar con logo - ADL","isPartOf":{"@id":"https:\/\/adl-regalosempresa.com\/tiendaonline\/#website"},"primaryImageOfPage":{"@id":"https:\/\/adl-regalosempresa.com\/tiendaonline\/articulos\/merchandising\/cable-retractil-5-en-1-de-plastico-reciclado-de-100-cm-para-sincronizacion-de-datos-y-carga-rapida-de-45-w-con-detalles-de-ba-para-personalizar-con-logo\/#primaryimage"},"image":{"@id":"https:\/\/adl-regalosempresa.com\/tiendaonline\/articulos\/merchandising\/cable-retractil-5-en-1-de-plastico-reciclado-de-100-cm-para-sincronizacion-de-datos-y-carga-rapida-de-45-w-con-detalles-de-ba-para-personalizar-con-logo\/#primaryimage"},"thumbnailUrl":"https:\/\/adl-regalosempresa.com\/tiendaonline\/wp-content\/uploads\/2024\/12\/1244190.jpg","datePublished":"2026-03-31T05:28:27+00:00","dateModified":"2026-04-17T08:28:17+00:00","description":"Art\u00edculo de merchandising Cable retr\u00e1ctil 5 en 1 de pl\u00e1stico reciclado de 100\u00a0cm para sincronizaci\u00f3n de datos y carga r\u00e1pida de 45\u00a0W con detalles de ba. El cable 5 en 1 de sincronizaci\u00f3n de datos y de carga r\u00e1pida de 45 W \"Chechia\" est\u00e1 fabricado con pl\u00e1stico reciclado con detalles de bamb\u00fa de origen responsable. El cable cuenta con un conector de entrada USB\u00a0A y otro tipo\u00a0C, adem\u00e1s de un conector de salida tipo\u00a0C 2 en 1 y un conector combinado Lightning\/Micro\u00a0USB. USB C a USB C proporciona una potencia de salida de 45 W como m\u00e1ximo, USB A a USB C de 24 W como m\u00e1ximo y todas las dem\u00e1s opciones de conexi\u00f3n de 15 W como m\u00e1ximo. Compatible con CarPlay y Android Autoy tambi\u00e9n cuenta con un soporte para tel\u00e9fono integrado para mayor comodidad. Ya sea en casa, en la oficina o en movimiento, el cable \"Chechia\" ofrece rendimiento y estilo en un paquete compacto. Longitud del cable: 100 cm.","breadcrumb":{"@id":"https:\/\/adl-regalosempresa.com\/tiendaonline\/articulos\/merchandising\/cable-retractil-5-en-1-de-plastico-reciclado-de-100-cm-para-sincronizacion-de-datos-y-carga-rapida-de-45-w-con-detalles-de-ba-para-personalizar-con-logo\/#breadcrumb"},"inLanguage":"es","potentialAction":[{"@type":"ReadAction","target":["https:\/\/adl-regalosempresa.com\/tiendaonline\/articulos\/merchandising\/cable-retractil-5-en-1-de-plastico-reciclado-de-100-cm-para-sincronizacion-de-datos-y-carga-rapida-de-45-w-con-detalles-de-ba-para-personalizar-con-logo\/"]}]},{"@type":"ImageObject","inLanguage":"es","@id":"https:\/\/adl-regalosempresa.com\/tiendaonline\/articulos\/merchandising\/cable-retractil-5-en-1-de-plastico-reciclado-de-100-cm-para-sincronizacion-de-datos-y-carga-rapida-de-45-w-con-detalles-de-ba-para-personalizar-con-logo\/#primaryimage","url":"https:\/\/adl-regalosempresa.com\/tiendaonline\/wp-content\/uploads\/2024\/12\/1244190.jpg","contentUrl":"https:\/\/adl-regalosempresa.com\/tiendaonline\/wp-content\/uploads\/2024\/12\/1244190.jpg","width":1600,"height":1600,"caption":"Cable retr\u00e1ctil 5 en 1 de pl\u00e1stico reciclado de 100\u00a0cm para sincronizaci\u00f3n de datos y carga r\u00e1pida de 45\u00a0W con detalles de bamb\u00fa \"Chechia\""},{"@type":"BreadcrumbList","@id":"https:\/\/adl-regalosempresa.com\/tiendaonline\/articulos\/merchandising\/cable-retractil-5-en-1-de-plastico-reciclado-de-100-cm-para-sincronizacion-de-datos-y-carga-rapida-de-45-w-con-detalles-de-ba-para-personalizar-con-logo\/#breadcrumb","itemListElement":[{"@type":"ListItem","position":1,"name":"Portada","item":"https:\/\/adl-regalosempresa.com\/tiendaonline\/"},{"@type":"ListItem","position":2,"name":"Tienda","item":"https:\/\/adl-regalosempresa.com\/tiendaonline\/tienda\/"},{"@type":"ListItem","position":3,"name":"Cable retr\u00e1ctil 5 en 1 de pl\u00e1stico reciclado de 100\u00a0cm para sincronizaci\u00f3n de datos y carga r\u00e1pida de 45\u00a0W con detalles de ba para personalizar con logo"}]},{"@type":"WebSite","@id":"https:\/\/adl-regalosempresa.com\/tiendaonline\/#website","url":"https:\/\/adl-regalosempresa.com\/tiendaonline\/","name":"ADL Comunicaci\u00f3n","description":"Regalos de empresa","publisher":{"@id":"https:\/\/adl-regalosempresa.com\/tiendaonline\/#organization"},"potentialAction":[{"@type":"SearchAction","target":{"@type":"EntryPoint","urlTemplate":"https:\/\/adl-regalosempresa.com\/tiendaonline\/?s={search_term_string}"},"query-input":{"@type":"PropertyValueSpecification","valueRequired":true,"valueName":"search_term_string"}}],"inLanguage":"es"},{"@type":"Organization","@id":"https:\/\/adl-regalosempresa.com\/tiendaonline\/#organization","name":"ADL Comunicaci\u00f3n","url":"https:\/\/adl-regalosempresa.com\/tiendaonline\/","logo":{"@type":"ImageObject","inLanguage":"es","@id":"https:\/\/adl-regalosempresa.com\/tiendaonline\/#\/schema\/logo\/image\/","url":"https:\/\/adl-regalosempresa.com\/tiendaonline\/wp-content\/uploads\/2017\/09\/logo-adl-wp.png","contentUrl":"https:\/\/adl-regalosempresa.com\/tiendaonline\/wp-content\/uploads\/2017\/09\/logo-adl-wp.png","width":407,"height":185,"caption":"ADL Comunicaci\u00f3n"},"image":{"@id":"https:\/\/adl-regalosempresa.com\/tiendaonline\/#\/schema\/logo\/image\/"}}]}},"_links":{"self":[{"href":"https:\/\/adl-regalosempresa.com\/tiendaonline\/wp-json\/wp\/v2\/product\/138911","targetHints":{"allow":["GET"]}}],"collection":[{"href":"https:\/\/adl-regalosempresa.com\/tiendaonline\/wp-json\/wp\/v2\/product"}],"about":[{"href":"https:\/\/adl-regalosempresa.com\/tiendaonline\/wp-json\/wp\/v2\/types\/product"}],"wp:featuredmedia":[{"embeddable":true,"href":"https:\/\/adl-regalosempresa.com\/tiendaonline\/wp-json\/wp\/v2\/media\/138913"}],"wp:attachment":[{"href":"https:\/\/adl-regalosempresa.com\/tiendaonline\/wp-json\/wp\/v2\/media?parent=138911"}],"wp:term":[{"taxonomy":"product_brand","embeddable":true,"href":"https:\/\/adl-regalosempresa.com\/tiendaonline\/wp-json\/wp\/v2\/product_brand?post=138911"},{"taxonomy":"product_cat","embeddable":true,"href":"https:\/\/adl-regalosempresa.com\/tiendaonline\/wp-json\/wp\/v2\/product_cat?post=138911"},{"taxonomy":"product_tag","embeddable":true,"href":"https:\/\/adl-regalosempresa.com\/tiendaonline\/wp-json\/wp\/v2\/product_tag?post=138911"}],"curies":[{"name":"wp","href":"https:\/\/api.w.org\/{rel}","templated":true}]}}