{"id":138829,"date":"2026-03-24T07:49:21","date_gmt":"2026-03-24T07:49:21","guid":{"rendered":"https:\/\/adl-regalosempresa.com\/tiendaonline\/articulos\/merchandising\/maletin-para-portatil-de-material-reciclado-grs-2-en-1-de-3-l-para-personalizar-con-logo\/"},"modified":"2026-04-21T08:08:11","modified_gmt":"2026-04-21T08:08:11","slug":"maletin-para-portatil-de-14de-material-reciclado-grs-2-en-1-de-3-l-para-personalizar-con-logo","status":"publish","type":"product","link":"https:\/\/adl-regalosempresa.com\/tiendaonline\/articulos\/merchandising\/maletin-para-portatil-de-14de-material-reciclado-grs-2-en-1-de-3-l-para-personalizar-con-logo\/","title":{"rendered":"Malet\u00edn para port\u00e1til de 14\u201dde material reciclado GRS 2 en 1 de 3 l  para personalizar con logo"},"content":{"rendered":"<p>El malet\u00edn 2 en 1 para port\u00e1til de 14&#8243; \u00abLibra\u00bb es perfecto para los desplazamientos diarios o los viajes gracias a sus funcionalidades y dise\u00f1o bien pensados. Est\u00e1 fabricado con poli\u00e9ster reciclado con certificado GRS y forro de RPET, y tiene un compartimento principal con cremallera que puede abrirse 180 grados para facilitar los controles de seguridad. El malet\u00edn tambi\u00e9n cuenta con una funda de neopreno de calidad para prooteger el port\u00e1til en un lado, dos bolsillos de malla en el otro, un bolsillo frontal con cremallera y una correa para trolley en la parte posterior. Adem\u00e1s, dispone de dos bolsillos abiertos para almacenamiento adicional en los que tambi\u00e9n se pueden meter con facilidad las asas de correa, con lo que se convierte en una funda para port\u00e1til.<\/p>\n","protected":false},"excerpt":{"rendered":"<p><strong>Descuentos por cantidades<\/strong><br \/>&#8211; a partir de 50 unidades: 10,93 \u20ac\/ud<br \/>&#8211; a partir de 100 unidades: 10,93 \u20ac\/ud<br \/>&#8211; a partir de 500 unidades: 10,71 \u20ac\/ud<\/p>\n<p>Para cantidades superiores a las aqu\u00ed indicadas, no dudes en ponerte en contacto con nuestro departamento comercial o <a href='https:\/\/adl-regalosempresa.com\/tiendaonline\/solicitud-presupuesto\/'>pedirnos presupuesto personalizado<\/a>, ajustaremos el presupuesto a tus necesidades.<\/p>\n","protected":false},"featured_media":139065,"template":"","meta":{"_kad_post_transparent":"","_kad_post_title":"","_kad_post_layout":"","_kad_post_sidebar_id":"","_kad_post_content_style":"","_kad_post_vertical_padding":"","_kad_post_feature":"","_kad_post_feature_position":"","_kad_post_header":false,"_kad_post_footer":false,"_kad_post_classname":""},"product_brand":[],"product_cat":[3526,4859],"product_tag":[],"class_list":{"0":"post-138829","1":"product","2":"type-product","3":"status-publish","4":"has-post-thumbnail","6":"product_cat-bolsas","7":"product_cat-bolsas-para-portatiles-y-tabletas","8":"pa_alto-28-cm","9":"pa_ancho-25-cm","10":"pa_color-antracita-jaspeado","11":"pa_color-gris-mezcla","12":"pa_color-simple-gris","13":"pa_largo-39-cm","14":"pa_marca-unbranded","15":"pa_material-poliester-reciclado-con-certificado-grs","16":"pa_peso-300-gr","18":"first","19":"instock","20":"taxable","21":"shipping-taxable","22":"purchasable","23":"product-type-variable","24":"entry","25":"content-bg","26":"loop-entry"},"yoast_head":"<!-- This site is optimized with the Yoast SEO plugin v26.3 - https:\/\/yoast.com\/wordpress\/plugins\/seo\/ -->\n<title>Merchandising Malet\u00edn para port\u00e1til de 14\u201dde material reciclado GRS 2 en 1 de 3 l para personalizar con logo - ADL<\/title>\n<meta name=\"description\" content=\"Art\u00edculo de merchandising Malet\u00edn para port\u00e1til de 14\u201dde material reciclado GRS 2 en 1 de 3 l &quot;Libra&quot;. El malet\u00edn 2 en 1 para port\u00e1til de 14&quot; &quot;Libra&quot; es perfecto para los desplazamientos diarios o los viajes gracias a sus funcionalidades y dise\u00f1o bien pensados. Est\u00e1 fabricado con poli\u00e9ster reciclado con certificado GRS y forro de RPET, y tiene un compartimento principal con cremallera que puede abrirse 180 grados para facilitar los controles de seguridad. El malet\u00edn tambi\u00e9n cuenta con una funda de neopreno de calidad para prooteger el port\u00e1til en un lado, dos bolsillos de malla en el otro, un bolsillo frontal con cremallera y una correa para trolley en la parte posterior. Adem\u00e1s, dispone de dos bolsillos abiertos para almacenamiento adicional en los que tambi\u00e9n se pueden meter con facilidad las asas de correa, con lo que se convierte en una funda para port\u00e1til.\" \/>\n<meta name=\"robots\" content=\"index, follow, max-snippet:-1, max-image-preview:large, max-video-preview:-1\" \/>\n<link rel=\"canonical\" href=\"https:\/\/adl-regalosempresa.com\/tiendaonline\/articulos\/merchandising\/maletin-para-portatil-de-14de-material-reciclado-grs-2-en-1-de-3-l-para-personalizar-con-logo\/\" \/>\n<meta property=\"og:locale\" content=\"es_ES\" \/>\n<meta property=\"og:type\" content=\"article\" \/>\n<meta property=\"og:title\" content=\"Merchandising Malet\u00edn para port\u00e1til de 14\u201dde material reciclado GRS 2 en 1 de 3 l para personalizar con logo - ADL\" \/>\n<meta property=\"og:description\" content=\"Art\u00edculo de merchandising Malet\u00edn para port\u00e1til de 14\u201dde material reciclado GRS 2 en 1 de 3 l &quot;Libra&quot;. El malet\u00edn 2 en 1 para port\u00e1til de 14&quot; &quot;Libra&quot; es perfecto para los desplazamientos diarios o los viajes gracias a sus funcionalidades y dise\u00f1o bien pensados. Est\u00e1 fabricado con poli\u00e9ster reciclado con certificado GRS y forro de RPET, y tiene un compartimento principal con cremallera que puede abrirse 180 grados para facilitar los controles de seguridad. El malet\u00edn tambi\u00e9n cuenta con una funda de neopreno de calidad para prooteger el port\u00e1til en un lado, dos bolsillos de malla en el otro, un bolsillo frontal con cremallera y una correa para trolley en la parte posterior. Adem\u00e1s, dispone de dos bolsillos abiertos para almacenamiento adicional en los que tambi\u00e9n se pueden meter con facilidad las asas de correa, con lo que se convierte en una funda para port\u00e1til.\" \/>\n<meta property=\"og:url\" content=\"https:\/\/adl-regalosempresa.com\/tiendaonline\/articulos\/merchandising\/maletin-para-portatil-de-14de-material-reciclado-grs-2-en-1-de-3-l-para-personalizar-con-logo\/\" \/>\n<meta property=\"og:site_name\" content=\"ADL Comunicaci\u00f3n\" \/>\n<meta property=\"article:modified_time\" content=\"2026-04-21T08:08:11+00:00\" \/>\n<meta property=\"og:image\" content=\"https:\/\/adl-regalosempresa.com\/tiendaonline\/wp-content\/uploads\/2024\/12\/13008580.jpg\" \/>\n\t<meta property=\"og:image:width\" content=\"1600\" \/>\n\t<meta property=\"og:image:height\" content=\"1600\" \/>\n\t<meta property=\"og:image:type\" content=\"image\/jpeg\" \/>\n<meta name=\"twitter:card\" content=\"summary_large_image\" \/>\n<meta name=\"twitter:title\" content=\"Merchandising Malet\u00edn para port\u00e1til de 14\u201dde material reciclado GRS 2 en 1 de 3 l para personalizar con logo - ADL\" \/>\n<meta name=\"twitter:label1\" content=\"Tiempo de lectura\" \/>\n\t<meta name=\"twitter:data1\" content=\"1 minuto\" \/>\n<script type=\"application\/ld+json\" class=\"yoast-schema-graph\">{\"@context\":\"https:\/\/schema.org\",\"@graph\":[{\"@type\":\"WebPage\",\"@id\":\"https:\/\/adl-regalosempresa.com\/tiendaonline\/articulos\/merchandising\/maletin-para-portatil-de-14de-material-reciclado-grs-2-en-1-de-3-l-para-personalizar-con-logo\/\",\"url\":\"https:\/\/adl-regalosempresa.com\/tiendaonline\/articulos\/merchandising\/maletin-para-portatil-de-14de-material-reciclado-grs-2-en-1-de-3-l-para-personalizar-con-logo\/\",\"name\":\"Merchandising Malet\u00edn para port\u00e1til de 14\u201dde material reciclado GRS 2 en 1 de 3 l para personalizar con logo - ADL\",\"isPartOf\":{\"@id\":\"https:\/\/adl-regalosempresa.com\/tiendaonline\/#website\"},\"primaryImageOfPage\":{\"@id\":\"https:\/\/adl-regalosempresa.com\/tiendaonline\/articulos\/merchandising\/maletin-para-portatil-de-14de-material-reciclado-grs-2-en-1-de-3-l-para-personalizar-con-logo\/#primaryimage\"},\"image\":{\"@id\":\"https:\/\/adl-regalosempresa.com\/tiendaonline\/articulos\/merchandising\/maletin-para-portatil-de-14de-material-reciclado-grs-2-en-1-de-3-l-para-personalizar-con-logo\/#primaryimage\"},\"thumbnailUrl\":\"https:\/\/adl-regalosempresa.com\/tiendaonline\/wp-content\/uploads\/2024\/12\/13008580.jpg\",\"datePublished\":\"2026-03-24T07:49:21+00:00\",\"dateModified\":\"2026-04-21T08:08:11+00:00\",\"description\":\"Art\u00edculo de merchandising Malet\u00edn para port\u00e1til de 14\u201dde material reciclado GRS 2 en 1 de 3 l \\\"Libra\\\". El malet\u00edn 2 en 1 para port\u00e1til de 14\\\" \\\"Libra\\\" es perfecto para los desplazamientos diarios o los viajes gracias a sus funcionalidades y dise\u00f1o bien pensados. Est\u00e1 fabricado con poli\u00e9ster reciclado con certificado GRS y forro de RPET, y tiene un compartimento principal con cremallera que puede abrirse 180 grados para facilitar los controles de seguridad. El malet\u00edn tambi\u00e9n cuenta con una funda de neopreno de calidad para prooteger el port\u00e1til en un lado, dos bolsillos de malla en el otro, un bolsillo frontal con cremallera y una correa para trolley en la parte posterior. Adem\u00e1s, dispone de dos bolsillos abiertos para almacenamiento adicional en los que tambi\u00e9n se pueden meter con facilidad las asas de correa, con lo que se convierte en una funda para port\u00e1til.\",\"breadcrumb\":{\"@id\":\"https:\/\/adl-regalosempresa.com\/tiendaonline\/articulos\/merchandising\/maletin-para-portatil-de-14de-material-reciclado-grs-2-en-1-de-3-l-para-personalizar-con-logo\/#breadcrumb\"},\"inLanguage\":\"es\",\"potentialAction\":[{\"@type\":\"ReadAction\",\"target\":[\"https:\/\/adl-regalosempresa.com\/tiendaonline\/articulos\/merchandising\/maletin-para-portatil-de-14de-material-reciclado-grs-2-en-1-de-3-l-para-personalizar-con-logo\/\"]}]},{\"@type\":\"ImageObject\",\"inLanguage\":\"es\",\"@id\":\"https:\/\/adl-regalosempresa.com\/tiendaonline\/articulos\/merchandising\/maletin-para-portatil-de-14de-material-reciclado-grs-2-en-1-de-3-l-para-personalizar-con-logo\/#primaryimage\",\"url\":\"https:\/\/adl-regalosempresa.com\/tiendaonline\/wp-content\/uploads\/2024\/12\/13008580.jpg\",\"contentUrl\":\"https:\/\/adl-regalosempresa.com\/tiendaonline\/wp-content\/uploads\/2024\/12\/13008580.jpg\",\"width\":1600,\"height\":1600,\"caption\":\"Malet\u00edn para port\u00e1til de 14\u201dde material reciclado GRS 2 en 1 de 3 l \\\"Libra\\\"\"},{\"@type\":\"BreadcrumbList\",\"@id\":\"https:\/\/adl-regalosempresa.com\/tiendaonline\/articulos\/merchandising\/maletin-para-portatil-de-14de-material-reciclado-grs-2-en-1-de-3-l-para-personalizar-con-logo\/#breadcrumb\",\"itemListElement\":[{\"@type\":\"ListItem\",\"position\":1,\"name\":\"Portada\",\"item\":\"https:\/\/adl-regalosempresa.com\/tiendaonline\/\"},{\"@type\":\"ListItem\",\"position\":2,\"name\":\"Tienda\",\"item\":\"https:\/\/adl-regalosempresa.com\/tiendaonline\/tienda\/\"},{\"@type\":\"ListItem\",\"position\":3,\"name\":\"Malet\u00edn para port\u00e1til de 14\u201dde material reciclado GRS 2 en 1 de 3 l para personalizar con logo\"}]},{\"@type\":\"WebSite\",\"@id\":\"https:\/\/adl-regalosempresa.com\/tiendaonline\/#website\",\"url\":\"https:\/\/adl-regalosempresa.com\/tiendaonline\/\",\"name\":\"ADL Comunicaci\u00f3n\",\"description\":\"Regalos de empresa\",\"publisher\":{\"@id\":\"https:\/\/adl-regalosempresa.com\/tiendaonline\/#organization\"},\"potentialAction\":[{\"@type\":\"SearchAction\",\"target\":{\"@type\":\"EntryPoint\",\"urlTemplate\":\"https:\/\/adl-regalosempresa.com\/tiendaonline\/?s={search_term_string}\"},\"query-input\":{\"@type\":\"PropertyValueSpecification\",\"valueRequired\":true,\"valueName\":\"search_term_string\"}}],\"inLanguage\":\"es\"},{\"@type\":\"Organization\",\"@id\":\"https:\/\/adl-regalosempresa.com\/tiendaonline\/#organization\",\"name\":\"ADL Comunicaci\u00f3n\",\"url\":\"https:\/\/adl-regalosempresa.com\/tiendaonline\/\",\"logo\":{\"@type\":\"ImageObject\",\"inLanguage\":\"es\",\"@id\":\"https:\/\/adl-regalosempresa.com\/tiendaonline\/#\/schema\/logo\/image\/\",\"url\":\"https:\/\/adl-regalosempresa.com\/tiendaonline\/wp-content\/uploads\/2017\/09\/logo-adl-wp.png\",\"contentUrl\":\"https:\/\/adl-regalosempresa.com\/tiendaonline\/wp-content\/uploads\/2017\/09\/logo-adl-wp.png\",\"width\":407,\"height\":185,\"caption\":\"ADL Comunicaci\u00f3n\"},\"image\":{\"@id\":\"https:\/\/adl-regalosempresa.com\/tiendaonline\/#\/schema\/logo\/image\/\"}}]}<\/script>\n<!-- \/ Yoast SEO plugin. -->","yoast_head_json":{"title":"Merchandising Malet\u00edn para port\u00e1til de 14\u201dde material reciclado GRS 2 en 1 de 3 l para personalizar con logo - ADL","description":"Art\u00edculo de merchandising Malet\u00edn para port\u00e1til de 14\u201dde material reciclado GRS 2 en 1 de 3 l \"Libra\". El malet\u00edn 2 en 1 para port\u00e1til de 14\" \"Libra\" es perfecto para los desplazamientos diarios o los viajes gracias a sus funcionalidades y dise\u00f1o bien pensados. Est\u00e1 fabricado con poli\u00e9ster reciclado con certificado GRS y forro de RPET, y tiene un compartimento principal con cremallera que puede abrirse 180 grados para facilitar los controles de seguridad. El malet\u00edn tambi\u00e9n cuenta con una funda de neopreno de calidad para prooteger el port\u00e1til en un lado, dos bolsillos de malla en el otro, un bolsillo frontal con cremallera y una correa para trolley en la parte posterior. Adem\u00e1s, dispone de dos bolsillos abiertos para almacenamiento adicional en los que tambi\u00e9n se pueden meter con facilidad las asas de correa, con lo que se convierte en una funda para port\u00e1til.","robots":{"index":"index","follow":"follow","max-snippet":"max-snippet:-1","max-image-preview":"max-image-preview:large","max-video-preview":"max-video-preview:-1"},"canonical":"https:\/\/adl-regalosempresa.com\/tiendaonline\/articulos\/merchandising\/maletin-para-portatil-de-14de-material-reciclado-grs-2-en-1-de-3-l-para-personalizar-con-logo\/","og_locale":"es_ES","og_type":"article","og_title":"Merchandising Malet\u00edn para port\u00e1til de 14\u201dde material reciclado GRS 2 en 1 de 3 l para personalizar con logo - ADL","og_description":"Art\u00edculo de merchandising Malet\u00edn para port\u00e1til de 14\u201dde material reciclado GRS 2 en 1 de 3 l \"Libra\". El malet\u00edn 2 en 1 para port\u00e1til de 14\" \"Libra\" es perfecto para los desplazamientos diarios o los viajes gracias a sus funcionalidades y dise\u00f1o bien pensados. Est\u00e1 fabricado con poli\u00e9ster reciclado con certificado GRS y forro de RPET, y tiene un compartimento principal con cremallera que puede abrirse 180 grados para facilitar los controles de seguridad. El malet\u00edn tambi\u00e9n cuenta con una funda de neopreno de calidad para prooteger el port\u00e1til en un lado, dos bolsillos de malla en el otro, un bolsillo frontal con cremallera y una correa para trolley en la parte posterior. Adem\u00e1s, dispone de dos bolsillos abiertos para almacenamiento adicional en los que tambi\u00e9n se pueden meter con facilidad las asas de correa, con lo que se convierte en una funda para port\u00e1til.","og_url":"https:\/\/adl-regalosempresa.com\/tiendaonline\/articulos\/merchandising\/maletin-para-portatil-de-14de-material-reciclado-grs-2-en-1-de-3-l-para-personalizar-con-logo\/","og_site_name":"ADL Comunicaci\u00f3n","article_modified_time":"2026-04-21T08:08:11+00:00","og_image":[{"width":1600,"height":1600,"url":"https:\/\/adl-regalosempresa.com\/tiendaonline\/wp-content\/uploads\/2024\/12\/13008580.jpg","type":"image\/jpeg"}],"twitter_card":"summary_large_image","twitter_title":"Merchandising Malet\u00edn para port\u00e1til de 14\u201dde material reciclado GRS 2 en 1 de 3 l para personalizar con logo - ADL","twitter_misc":{"Tiempo de lectura":"1 minuto"},"schema":{"@context":"https:\/\/schema.org","@graph":[{"@type":"WebPage","@id":"https:\/\/adl-regalosempresa.com\/tiendaonline\/articulos\/merchandising\/maletin-para-portatil-de-14de-material-reciclado-grs-2-en-1-de-3-l-para-personalizar-con-logo\/","url":"https:\/\/adl-regalosempresa.com\/tiendaonline\/articulos\/merchandising\/maletin-para-portatil-de-14de-material-reciclado-grs-2-en-1-de-3-l-para-personalizar-con-logo\/","name":"Merchandising Malet\u00edn para port\u00e1til de 14\u201dde material reciclado GRS 2 en 1 de 3 l para personalizar con logo - ADL","isPartOf":{"@id":"https:\/\/adl-regalosempresa.com\/tiendaonline\/#website"},"primaryImageOfPage":{"@id":"https:\/\/adl-regalosempresa.com\/tiendaonline\/articulos\/merchandising\/maletin-para-portatil-de-14de-material-reciclado-grs-2-en-1-de-3-l-para-personalizar-con-logo\/#primaryimage"},"image":{"@id":"https:\/\/adl-regalosempresa.com\/tiendaonline\/articulos\/merchandising\/maletin-para-portatil-de-14de-material-reciclado-grs-2-en-1-de-3-l-para-personalizar-con-logo\/#primaryimage"},"thumbnailUrl":"https:\/\/adl-regalosempresa.com\/tiendaonline\/wp-content\/uploads\/2024\/12\/13008580.jpg","datePublished":"2026-03-24T07:49:21+00:00","dateModified":"2026-04-21T08:08:11+00:00","description":"Art\u00edculo de merchandising Malet\u00edn para port\u00e1til de 14\u201dde material reciclado GRS 2 en 1 de 3 l \"Libra\". El malet\u00edn 2 en 1 para port\u00e1til de 14\" \"Libra\" es perfecto para los desplazamientos diarios o los viajes gracias a sus funcionalidades y dise\u00f1o bien pensados. Est\u00e1 fabricado con poli\u00e9ster reciclado con certificado GRS y forro de RPET, y tiene un compartimento principal con cremallera que puede abrirse 180 grados para facilitar los controles de seguridad. El malet\u00edn tambi\u00e9n cuenta con una funda de neopreno de calidad para prooteger el port\u00e1til en un lado, dos bolsillos de malla en el otro, un bolsillo frontal con cremallera y una correa para trolley en la parte posterior. Adem\u00e1s, dispone de dos bolsillos abiertos para almacenamiento adicional en los que tambi\u00e9n se pueden meter con facilidad las asas de correa, con lo que se convierte en una funda para port\u00e1til.","breadcrumb":{"@id":"https:\/\/adl-regalosempresa.com\/tiendaonline\/articulos\/merchandising\/maletin-para-portatil-de-14de-material-reciclado-grs-2-en-1-de-3-l-para-personalizar-con-logo\/#breadcrumb"},"inLanguage":"es","potentialAction":[{"@type":"ReadAction","target":["https:\/\/adl-regalosempresa.com\/tiendaonline\/articulos\/merchandising\/maletin-para-portatil-de-14de-material-reciclado-grs-2-en-1-de-3-l-para-personalizar-con-logo\/"]}]},{"@type":"ImageObject","inLanguage":"es","@id":"https:\/\/adl-regalosempresa.com\/tiendaonline\/articulos\/merchandising\/maletin-para-portatil-de-14de-material-reciclado-grs-2-en-1-de-3-l-para-personalizar-con-logo\/#primaryimage","url":"https:\/\/adl-regalosempresa.com\/tiendaonline\/wp-content\/uploads\/2024\/12\/13008580.jpg","contentUrl":"https:\/\/adl-regalosempresa.com\/tiendaonline\/wp-content\/uploads\/2024\/12\/13008580.jpg","width":1600,"height":1600,"caption":"Malet\u00edn para port\u00e1til de 14\u201dde material reciclado GRS 2 en 1 de 3 l \"Libra\""},{"@type":"BreadcrumbList","@id":"https:\/\/adl-regalosempresa.com\/tiendaonline\/articulos\/merchandising\/maletin-para-portatil-de-14de-material-reciclado-grs-2-en-1-de-3-l-para-personalizar-con-logo\/#breadcrumb","itemListElement":[{"@type":"ListItem","position":1,"name":"Portada","item":"https:\/\/adl-regalosempresa.com\/tiendaonline\/"},{"@type":"ListItem","position":2,"name":"Tienda","item":"https:\/\/adl-regalosempresa.com\/tiendaonline\/tienda\/"},{"@type":"ListItem","position":3,"name":"Malet\u00edn para port\u00e1til de 14\u201dde material reciclado GRS 2 en 1 de 3 l para personalizar con logo"}]},{"@type":"WebSite","@id":"https:\/\/adl-regalosempresa.com\/tiendaonline\/#website","url":"https:\/\/adl-regalosempresa.com\/tiendaonline\/","name":"ADL Comunicaci\u00f3n","description":"Regalos de empresa","publisher":{"@id":"https:\/\/adl-regalosempresa.com\/tiendaonline\/#organization"},"potentialAction":[{"@type":"SearchAction","target":{"@type":"EntryPoint","urlTemplate":"https:\/\/adl-regalosempresa.com\/tiendaonline\/?s={search_term_string}"},"query-input":{"@type":"PropertyValueSpecification","valueRequired":true,"valueName":"search_term_string"}}],"inLanguage":"es"},{"@type":"Organization","@id":"https:\/\/adl-regalosempresa.com\/tiendaonline\/#organization","name":"ADL Comunicaci\u00f3n","url":"https:\/\/adl-regalosempresa.com\/tiendaonline\/","logo":{"@type":"ImageObject","inLanguage":"es","@id":"https:\/\/adl-regalosempresa.com\/tiendaonline\/#\/schema\/logo\/image\/","url":"https:\/\/adl-regalosempresa.com\/tiendaonline\/wp-content\/uploads\/2017\/09\/logo-adl-wp.png","contentUrl":"https:\/\/adl-regalosempresa.com\/tiendaonline\/wp-content\/uploads\/2017\/09\/logo-adl-wp.png","width":407,"height":185,"caption":"ADL Comunicaci\u00f3n"},"image":{"@id":"https:\/\/adl-regalosempresa.com\/tiendaonline\/#\/schema\/logo\/image\/"}}]}},"_links":{"self":[{"href":"https:\/\/adl-regalosempresa.com\/tiendaonline\/wp-json\/wp\/v2\/product\/138829","targetHints":{"allow":["GET"]}}],"collection":[{"href":"https:\/\/adl-regalosempresa.com\/tiendaonline\/wp-json\/wp\/v2\/product"}],"about":[{"href":"https:\/\/adl-regalosempresa.com\/tiendaonline\/wp-json\/wp\/v2\/types\/product"}],"wp:featuredmedia":[{"embeddable":true,"href":"https:\/\/adl-regalosempresa.com\/tiendaonline\/wp-json\/wp\/v2\/media\/139065"}],"wp:attachment":[{"href":"https:\/\/adl-regalosempresa.com\/tiendaonline\/wp-json\/wp\/v2\/media?parent=138829"}],"wp:term":[{"taxonomy":"product_brand","embeddable":true,"href":"https:\/\/adl-regalosempresa.com\/tiendaonline\/wp-json\/wp\/v2\/product_brand?post=138829"},{"taxonomy":"product_cat","embeddable":true,"href":"https:\/\/adl-regalosempresa.com\/tiendaonline\/wp-json\/wp\/v2\/product_cat?post=138829"},{"taxonomy":"product_tag","embeddable":true,"href":"https:\/\/adl-regalosempresa.com\/tiendaonline\/wp-json\/wp\/v2\/product_tag?post=138829"}],"curies":[{"name":"wp","href":"https:\/\/api.w.org\/{rel}","templated":true}]}}