{"id":138496,"date":"2026-03-24T07:24:05","date_gmt":"2026-03-24T07:24:05","guid":{"rendered":"https:\/\/adl-regalosempresa.com\/tiendaonline\/articulos\/merchandising\/chubasquero-para-personalizar-con-logo\/"},"modified":"2026-04-29T08:30:18","modified_gmt":"2026-04-29T08:30:18","slug":"chubasquero-para-personalizar-con-logo","status":"publish","type":"product","link":"https:\/\/adl-regalosempresa.com\/tiendaonline\/articulos\/merchandising\/chubasquero-para-personalizar-con-logo\/","title":{"rendered":"Chubasquero  para personalizar con logo"},"content":{"rendered":"<p>El chubasquero \u00abAda\u00bb, donde el estilo se une a la funcionalidad cuando llueve. Fabricado con un exterior de PVC para ofrecer una protecci\u00f3n impermeable, que te mantiene seco y c\u00f3modo. Los botones y el cord\u00f3n son de color, a juego con el exterior de PVC, para lograr un aspecto elegante y sin costuras. El chubasquero \u00abAda\u00bb de talla \u00fanica es tu compa\u00f1ero perfecto para los d\u00edas lluviosos, ya que ofrece un toque pr\u00e1ctico y moderno all\u00e1 donde vayas.<\/p>\n","protected":false},"excerpt":{"rendered":"<p><strong>Descuentos por cantidades<\/strong><br \/>&#8211; a partir de 100 unidades: 2,91 \u20ac\/ud<br \/>&#8211; a partir de 250 unidades: 2,91 \u20ac\/ud<br \/>&#8211; a partir de 500 unidades: 2,86 \u20ac\/ud<\/p>\n<p>Para cantidades superiores a las aqu\u00ed indicadas, no dudes en ponerte en contacto con nuestro departamento comercial o <a href='https:\/\/adl-regalosempresa.com\/tiendaonline\/solicitud-presupuesto\/'>pedirnos presupuesto personalizado<\/a>, ajustaremos el presupuesto a tus necesidades.<\/p>\n","protected":false},"featured_media":138498,"template":"","meta":{"_kad_post_transparent":"","_kad_post_title":"","_kad_post_layout":"","_kad_post_sidebar_id":"","_kad_post_content_style":"","_kad_post_vertical_padding":"","_kad_post_feature":"","_kad_post_feature_position":"","_kad_post_header":false,"_kad_post_footer":false,"_kad_post_classname":""},"product_brand":[],"product_cat":[5423,3649],"product_tag":[],"class_list":{"0":"post-138496","1":"product","2":"type-product","3":"status-publish","4":"has-post-thumbnail","6":"product_cat-chaquetas-ropa","7":"product_cat-ropa","8":"pa_ancho-50-cm","9":"pa_color-amarillo","10":"pa_color-azul-marino","11":"pa_color-azul-real","12":"pa_color-blanco","13":"pa_color-negro-intenso","14":"pa_color-rojo","15":"pa_color-simple-amarillo","16":"pa_color-simple-azul","17":"pa_color-simple-blanco","18":"pa_color-simple-negro-intenso","19":"pa_color-simple-rojo","20":"pa_largo-92-cm","21":"pa_marca-unbranded","22":"pa_material-plastico-pvc-90-g-m2","23":"pa_peso-196-gr","25":"first","26":"instock","27":"taxable","28":"shipping-taxable","29":"purchasable","30":"product-type-variable","31":"entry","32":"content-bg","33":"loop-entry"},"yoast_head":"<!-- This site is optimized with the Yoast SEO plugin v26.3 - https:\/\/yoast.com\/wordpress\/plugins\/seo\/ -->\n<title>Merchandising Chubasquero para personalizar con logo - ADL<\/title>\n<meta name=\"description\" content=\"Art\u00edculo de merchandising Chubasquero &quot;Ada&quot;. El chubasquero &quot;Ada&quot;, donde el estilo se une a la funcionalidad cuando llueve. Fabricado con un exterior de PVC para ofrecer una protecci\u00f3n impermeable, que te mantiene seco y c\u00f3modo. Los botones y el cord\u00f3n son de color, a juego con el exterior de PVC, para lograr un aspecto elegante y sin costuras. El chubasquero &quot;Ada&quot; de talla \u00fanica es tu compa\u00f1ero perfecto para los d\u00edas lluviosos, ya que ofrece un toque pr\u00e1ctico y moderno all\u00e1 donde vayas.\" \/>\n<meta name=\"robots\" content=\"index, follow, max-snippet:-1, max-image-preview:large, max-video-preview:-1\" \/>\n<link rel=\"canonical\" href=\"https:\/\/adl-regalosempresa.com\/tiendaonline\/articulos\/merchandising\/chubasquero-para-personalizar-con-logo\/\" \/>\n<meta property=\"og:locale\" content=\"es_ES\" \/>\n<meta property=\"og:type\" content=\"article\" \/>\n<meta property=\"og:title\" content=\"Merchandising Chubasquero para personalizar con logo - ADL\" \/>\n<meta property=\"og:description\" content=\"Art\u00edculo de merchandising Chubasquero &quot;Ada&quot;. El chubasquero &quot;Ada&quot;, donde el estilo se une a la funcionalidad cuando llueve. Fabricado con un exterior de PVC para ofrecer una protecci\u00f3n impermeable, que te mantiene seco y c\u00f3modo. Los botones y el cord\u00f3n son de color, a juego con el exterior de PVC, para lograr un aspecto elegante y sin costuras. El chubasquero &quot;Ada&quot; de talla \u00fanica es tu compa\u00f1ero perfecto para los d\u00edas lluviosos, ya que ofrece un toque pr\u00e1ctico y moderno all\u00e1 donde vayas.\" \/>\n<meta property=\"og:url\" content=\"https:\/\/adl-regalosempresa.com\/tiendaonline\/articulos\/merchandising\/chubasquero-para-personalizar-con-logo\/\" \/>\n<meta property=\"og:site_name\" content=\"ADL Comunicaci\u00f3n\" \/>\n<meta property=\"article:modified_time\" content=\"2026-04-29T08:30:18+00:00\" \/>\n<meta property=\"og:image\" content=\"https:\/\/adl-regalosempresa.com\/tiendaonline\/wp-content\/uploads\/2024\/10\/11333001.jpg\" \/>\n\t<meta property=\"og:image:width\" content=\"1600\" \/>\n\t<meta property=\"og:image:height\" content=\"1600\" \/>\n\t<meta property=\"og:image:type\" content=\"image\/jpeg\" \/>\n<meta name=\"twitter:card\" content=\"summary_large_image\" \/>\n<meta name=\"twitter:title\" content=\"Merchandising Chubasquero para personalizar con logo - ADL\" \/>\n<script type=\"application\/ld+json\" class=\"yoast-schema-graph\">{\"@context\":\"https:\/\/schema.org\",\"@graph\":[{\"@type\":\"WebPage\",\"@id\":\"https:\/\/adl-regalosempresa.com\/tiendaonline\/articulos\/merchandising\/chubasquero-para-personalizar-con-logo\/\",\"url\":\"https:\/\/adl-regalosempresa.com\/tiendaonline\/articulos\/merchandising\/chubasquero-para-personalizar-con-logo\/\",\"name\":\"Merchandising Chubasquero para personalizar con logo - ADL\",\"isPartOf\":{\"@id\":\"https:\/\/adl-regalosempresa.com\/tiendaonline\/#website\"},\"primaryImageOfPage\":{\"@id\":\"https:\/\/adl-regalosempresa.com\/tiendaonline\/articulos\/merchandising\/chubasquero-para-personalizar-con-logo\/#primaryimage\"},\"image\":{\"@id\":\"https:\/\/adl-regalosempresa.com\/tiendaonline\/articulos\/merchandising\/chubasquero-para-personalizar-con-logo\/#primaryimage\"},\"thumbnailUrl\":\"https:\/\/adl-regalosempresa.com\/tiendaonline\/wp-content\/uploads\/2024\/10\/11333001.jpg\",\"datePublished\":\"2026-03-24T07:24:05+00:00\",\"dateModified\":\"2026-04-29T08:30:18+00:00\",\"description\":\"Art\u00edculo de merchandising Chubasquero \\\"Ada\\\". El chubasquero \\\"Ada\\\", donde el estilo se une a la funcionalidad cuando llueve. Fabricado con un exterior de PVC para ofrecer una protecci\u00f3n impermeable, que te mantiene seco y c\u00f3modo. Los botones y el cord\u00f3n son de color, a juego con el exterior de PVC, para lograr un aspecto elegante y sin costuras. El chubasquero \\\"Ada\\\" de talla \u00fanica es tu compa\u00f1ero perfecto para los d\u00edas lluviosos, ya que ofrece un toque pr\u00e1ctico y moderno all\u00e1 donde vayas.\",\"breadcrumb\":{\"@id\":\"https:\/\/adl-regalosempresa.com\/tiendaonline\/articulos\/merchandising\/chubasquero-para-personalizar-con-logo\/#breadcrumb\"},\"inLanguage\":\"es\",\"potentialAction\":[{\"@type\":\"ReadAction\",\"target\":[\"https:\/\/adl-regalosempresa.com\/tiendaonline\/articulos\/merchandising\/chubasquero-para-personalizar-con-logo\/\"]}]},{\"@type\":\"ImageObject\",\"inLanguage\":\"es\",\"@id\":\"https:\/\/adl-regalosempresa.com\/tiendaonline\/articulos\/merchandising\/chubasquero-para-personalizar-con-logo\/#primaryimage\",\"url\":\"https:\/\/adl-regalosempresa.com\/tiendaonline\/wp-content\/uploads\/2024\/10\/11333001.jpg\",\"contentUrl\":\"https:\/\/adl-regalosempresa.com\/tiendaonline\/wp-content\/uploads\/2024\/10\/11333001.jpg\",\"width\":1600,\"height\":1600,\"caption\":\"Chubasquero \\\"Ada\\\"\"},{\"@type\":\"BreadcrumbList\",\"@id\":\"https:\/\/adl-regalosempresa.com\/tiendaonline\/articulos\/merchandising\/chubasquero-para-personalizar-con-logo\/#breadcrumb\",\"itemListElement\":[{\"@type\":\"ListItem\",\"position\":1,\"name\":\"Portada\",\"item\":\"https:\/\/adl-regalosempresa.com\/tiendaonline\/\"},{\"@type\":\"ListItem\",\"position\":2,\"name\":\"Tienda\",\"item\":\"https:\/\/adl-regalosempresa.com\/tiendaonline\/tienda\/\"},{\"@type\":\"ListItem\",\"position\":3,\"name\":\"Chubasquero para personalizar con logo\"}]},{\"@type\":\"WebSite\",\"@id\":\"https:\/\/adl-regalosempresa.com\/tiendaonline\/#website\",\"url\":\"https:\/\/adl-regalosempresa.com\/tiendaonline\/\",\"name\":\"ADL Comunicaci\u00f3n\",\"description\":\"Regalos de empresa\",\"publisher\":{\"@id\":\"https:\/\/adl-regalosempresa.com\/tiendaonline\/#organization\"},\"potentialAction\":[{\"@type\":\"SearchAction\",\"target\":{\"@type\":\"EntryPoint\",\"urlTemplate\":\"https:\/\/adl-regalosempresa.com\/tiendaonline\/?s={search_term_string}\"},\"query-input\":{\"@type\":\"PropertyValueSpecification\",\"valueRequired\":true,\"valueName\":\"search_term_string\"}}],\"inLanguage\":\"es\"},{\"@type\":\"Organization\",\"@id\":\"https:\/\/adl-regalosempresa.com\/tiendaonline\/#organization\",\"name\":\"ADL Comunicaci\u00f3n\",\"url\":\"https:\/\/adl-regalosempresa.com\/tiendaonline\/\",\"logo\":{\"@type\":\"ImageObject\",\"inLanguage\":\"es\",\"@id\":\"https:\/\/adl-regalosempresa.com\/tiendaonline\/#\/schema\/logo\/image\/\",\"url\":\"https:\/\/adl-regalosempresa.com\/tiendaonline\/wp-content\/uploads\/2017\/09\/logo-adl-wp.png\",\"contentUrl\":\"https:\/\/adl-regalosempresa.com\/tiendaonline\/wp-content\/uploads\/2017\/09\/logo-adl-wp.png\",\"width\":407,\"height\":185,\"caption\":\"ADL Comunicaci\u00f3n\"},\"image\":{\"@id\":\"https:\/\/adl-regalosempresa.com\/tiendaonline\/#\/schema\/logo\/image\/\"}}]}<\/script>\n<!-- \/ Yoast SEO plugin. -->","yoast_head_json":{"title":"Merchandising Chubasquero para personalizar con logo - ADL","description":"Art\u00edculo de merchandising Chubasquero \"Ada\". El chubasquero \"Ada\", donde el estilo se une a la funcionalidad cuando llueve. Fabricado con un exterior de PVC para ofrecer una protecci\u00f3n impermeable, que te mantiene seco y c\u00f3modo. Los botones y el cord\u00f3n son de color, a juego con el exterior de PVC, para lograr un aspecto elegante y sin costuras. El chubasquero \"Ada\" de talla \u00fanica es tu compa\u00f1ero perfecto para los d\u00edas lluviosos, ya que ofrece un toque pr\u00e1ctico y moderno all\u00e1 donde vayas.","robots":{"index":"index","follow":"follow","max-snippet":"max-snippet:-1","max-image-preview":"max-image-preview:large","max-video-preview":"max-video-preview:-1"},"canonical":"https:\/\/adl-regalosempresa.com\/tiendaonline\/articulos\/merchandising\/chubasquero-para-personalizar-con-logo\/","og_locale":"es_ES","og_type":"article","og_title":"Merchandising Chubasquero para personalizar con logo - ADL","og_description":"Art\u00edculo de merchandising Chubasquero \"Ada\". El chubasquero \"Ada\", donde el estilo se une a la funcionalidad cuando llueve. Fabricado con un exterior de PVC para ofrecer una protecci\u00f3n impermeable, que te mantiene seco y c\u00f3modo. Los botones y el cord\u00f3n son de color, a juego con el exterior de PVC, para lograr un aspecto elegante y sin costuras. El chubasquero \"Ada\" de talla \u00fanica es tu compa\u00f1ero perfecto para los d\u00edas lluviosos, ya que ofrece un toque pr\u00e1ctico y moderno all\u00e1 donde vayas.","og_url":"https:\/\/adl-regalosempresa.com\/tiendaonline\/articulos\/merchandising\/chubasquero-para-personalizar-con-logo\/","og_site_name":"ADL Comunicaci\u00f3n","article_modified_time":"2026-04-29T08:30:18+00:00","og_image":[{"width":1600,"height":1600,"url":"https:\/\/adl-regalosempresa.com\/tiendaonline\/wp-content\/uploads\/2024\/10\/11333001.jpg","type":"image\/jpeg"}],"twitter_card":"summary_large_image","twitter_title":"Merchandising Chubasquero para personalizar con logo - ADL","schema":{"@context":"https:\/\/schema.org","@graph":[{"@type":"WebPage","@id":"https:\/\/adl-regalosempresa.com\/tiendaonline\/articulos\/merchandising\/chubasquero-para-personalizar-con-logo\/","url":"https:\/\/adl-regalosempresa.com\/tiendaonline\/articulos\/merchandising\/chubasquero-para-personalizar-con-logo\/","name":"Merchandising Chubasquero para personalizar con logo - ADL","isPartOf":{"@id":"https:\/\/adl-regalosempresa.com\/tiendaonline\/#website"},"primaryImageOfPage":{"@id":"https:\/\/adl-regalosempresa.com\/tiendaonline\/articulos\/merchandising\/chubasquero-para-personalizar-con-logo\/#primaryimage"},"image":{"@id":"https:\/\/adl-regalosempresa.com\/tiendaonline\/articulos\/merchandising\/chubasquero-para-personalizar-con-logo\/#primaryimage"},"thumbnailUrl":"https:\/\/adl-regalosempresa.com\/tiendaonline\/wp-content\/uploads\/2024\/10\/11333001.jpg","datePublished":"2026-03-24T07:24:05+00:00","dateModified":"2026-04-29T08:30:18+00:00","description":"Art\u00edculo de merchandising Chubasquero \"Ada\". El chubasquero \"Ada\", donde el estilo se une a la funcionalidad cuando llueve. Fabricado con un exterior de PVC para ofrecer una protecci\u00f3n impermeable, que te mantiene seco y c\u00f3modo. Los botones y el cord\u00f3n son de color, a juego con el exterior de PVC, para lograr un aspecto elegante y sin costuras. El chubasquero \"Ada\" de talla \u00fanica es tu compa\u00f1ero perfecto para los d\u00edas lluviosos, ya que ofrece un toque pr\u00e1ctico y moderno all\u00e1 donde vayas.","breadcrumb":{"@id":"https:\/\/adl-regalosempresa.com\/tiendaonline\/articulos\/merchandising\/chubasquero-para-personalizar-con-logo\/#breadcrumb"},"inLanguage":"es","potentialAction":[{"@type":"ReadAction","target":["https:\/\/adl-regalosempresa.com\/tiendaonline\/articulos\/merchandising\/chubasquero-para-personalizar-con-logo\/"]}]},{"@type":"ImageObject","inLanguage":"es","@id":"https:\/\/adl-regalosempresa.com\/tiendaonline\/articulos\/merchandising\/chubasquero-para-personalizar-con-logo\/#primaryimage","url":"https:\/\/adl-regalosempresa.com\/tiendaonline\/wp-content\/uploads\/2024\/10\/11333001.jpg","contentUrl":"https:\/\/adl-regalosempresa.com\/tiendaonline\/wp-content\/uploads\/2024\/10\/11333001.jpg","width":1600,"height":1600,"caption":"Chubasquero \"Ada\""},{"@type":"BreadcrumbList","@id":"https:\/\/adl-regalosempresa.com\/tiendaonline\/articulos\/merchandising\/chubasquero-para-personalizar-con-logo\/#breadcrumb","itemListElement":[{"@type":"ListItem","position":1,"name":"Portada","item":"https:\/\/adl-regalosempresa.com\/tiendaonline\/"},{"@type":"ListItem","position":2,"name":"Tienda","item":"https:\/\/adl-regalosempresa.com\/tiendaonline\/tienda\/"},{"@type":"ListItem","position":3,"name":"Chubasquero para personalizar con logo"}]},{"@type":"WebSite","@id":"https:\/\/adl-regalosempresa.com\/tiendaonline\/#website","url":"https:\/\/adl-regalosempresa.com\/tiendaonline\/","name":"ADL Comunicaci\u00f3n","description":"Regalos de empresa","publisher":{"@id":"https:\/\/adl-regalosempresa.com\/tiendaonline\/#organization"},"potentialAction":[{"@type":"SearchAction","target":{"@type":"EntryPoint","urlTemplate":"https:\/\/adl-regalosempresa.com\/tiendaonline\/?s={search_term_string}"},"query-input":{"@type":"PropertyValueSpecification","valueRequired":true,"valueName":"search_term_string"}}],"inLanguage":"es"},{"@type":"Organization","@id":"https:\/\/adl-regalosempresa.com\/tiendaonline\/#organization","name":"ADL Comunicaci\u00f3n","url":"https:\/\/adl-regalosempresa.com\/tiendaonline\/","logo":{"@type":"ImageObject","inLanguage":"es","@id":"https:\/\/adl-regalosempresa.com\/tiendaonline\/#\/schema\/logo\/image\/","url":"https:\/\/adl-regalosempresa.com\/tiendaonline\/wp-content\/uploads\/2017\/09\/logo-adl-wp.png","contentUrl":"https:\/\/adl-regalosempresa.com\/tiendaonline\/wp-content\/uploads\/2017\/09\/logo-adl-wp.png","width":407,"height":185,"caption":"ADL Comunicaci\u00f3n"},"image":{"@id":"https:\/\/adl-regalosempresa.com\/tiendaonline\/#\/schema\/logo\/image\/"}}]}},"_links":{"self":[{"href":"https:\/\/adl-regalosempresa.com\/tiendaonline\/wp-json\/wp\/v2\/product\/138496","targetHints":{"allow":["GET"]}}],"collection":[{"href":"https:\/\/adl-regalosempresa.com\/tiendaonline\/wp-json\/wp\/v2\/product"}],"about":[{"href":"https:\/\/adl-regalosempresa.com\/tiendaonline\/wp-json\/wp\/v2\/types\/product"}],"wp:featuredmedia":[{"embeddable":true,"href":"https:\/\/adl-regalosempresa.com\/tiendaonline\/wp-json\/wp\/v2\/media\/138498"}],"wp:attachment":[{"href":"https:\/\/adl-regalosempresa.com\/tiendaonline\/wp-json\/wp\/v2\/media?parent=138496"}],"wp:term":[{"taxonomy":"product_brand","embeddable":true,"href":"https:\/\/adl-regalosempresa.com\/tiendaonline\/wp-json\/wp\/v2\/product_brand?post=138496"},{"taxonomy":"product_cat","embeddable":true,"href":"https:\/\/adl-regalosempresa.com\/tiendaonline\/wp-json\/wp\/v2\/product_cat?post=138496"},{"taxonomy":"product_tag","embeddable":true,"href":"https:\/\/adl-regalosempresa.com\/tiendaonline\/wp-json\/wp\/v2\/product_tag?post=138496"}],"curies":[{"name":"wp","href":"https:\/\/api.w.org\/{rel}","templated":true}]}}