{"id":137869,"date":"2026-03-31T06:12:09","date_gmt":"2026-03-31T06:12:09","guid":{"rendered":"https:\/\/adl-regalosempresa.com\/tiendaonline\/articulos\/merchandising\/altavoz-bluetooth-impermeable-de-10-w-para-personalizar-con-logo\/"},"modified":"2026-03-31T06:14:08","modified_gmt":"2026-03-31T06:14:08","slug":"altavoz-bluetooth-impermeable-de-10-w-para-personalizar-con-logo","status":"publish","type":"product","link":"https:\/\/adl-regalosempresa.com\/tiendaonline\/articulos\/merchandising\/altavoz-bluetooth-impermeable-de-10-w-para-personalizar-con-logo\/","title":{"rendered":"Altavoz Bluetooth\u00ae impermeable de 10\u00a0W  para personalizar con logo"},"content":{"rendered":"<p>Altavoz inal\u00e1mbrico Bluetooth\u00ae de 10\u00a0W con logotipo luminoso y acabado de caucho. El altavoz tiene una salida de sonido doble para una calidad de sonido inigualable. Adem\u00e1s, se pueden emparejar 2 altavoces para un sonido a\u00fan mejor. Incluye un mosquet\u00f3n para su uso en exteriores. Impermeabilidad IPX6. Modo radio FM. Se entrega en una caja de regalo de cart\u00f3n reciclado (11,3 \u00d7 10,7 \u00d7 8,7\u00a0cm).<\/p>\n","protected":false},"excerpt":{"rendered":"<p><strong>Descuentos por cantidades<\/strong><br \/>&#8211; a partir de 50 unidades: 44,68 \u20ac\/ud<br \/>&#8211; a partir de 100 unidades: 42,81 \u20ac\/ud<br \/>&#8211; a partir de 250 unidades: 40,66 \u20ac\/ud<\/p>\n<p>Para cantidades superiores a las aqu\u00ed indicadas, no dudes en ponerte en contacto con nuestro departamento comercial o <a href='https:\/\/adl-regalosempresa.com\/tiendaonline\/solicitud-presupuesto\/'>pedirnos presupuesto personalizado<\/a>, ajustaremos el presupuesto a tus necesidades.<\/p>\n","protected":false},"featured_media":137871,"template":"","meta":{"_kad_post_transparent":"","_kad_post_title":"","_kad_post_layout":"","_kad_post_sidebar_id":"","_kad_post_content_style":"","_kad_post_vertical_padding":"","_kad_post_feature":"","_kad_post_feature_position":"","_kad_post_header":false,"_kad_post_footer":false,"_kad_post_classname":""},"product_brand":[],"product_cat":[8021,486],"product_tag":[],"class_list":{"0":"post-137869","1":"product","2":"type-product","3":"status-publish","4":"has-post-thumbnail","6":"product_cat-altavoces","7":"product_cat-tecnologia","8":"pa_alto-65-cm","9":"pa_ancho-82-cm","10":"pa_color-negro-intenso","11":"pa_color-simple-negro-intenso","12":"pa_largo-85-cm","13":"pa_marca-scx-design","14":"pa_material-plastico-pet-plastico-pet-reciclado","15":"pa_peso-190-gr","17":"first","18":"instock","19":"taxable","20":"shipping-taxable","21":"purchasable","22":"product-type-variable","23":"entry","24":"content-bg","25":"loop-entry"},"yoast_head":"<!-- This site is optimized with the Yoast SEO plugin v26.3 - https:\/\/yoast.com\/wordpress\/plugins\/seo\/ -->\n<title>Merchandising Altavoz Bluetooth\u00ae impermeable de 10\u00a0W para personalizar con logo - ADL<\/title>\n<meta name=\"description\" content=\"Art\u00edculo de merchandising Altavoz Bluetooth\u00ae impermeable de 10\u00a0W &quot;SCX.design S42&quot;. Altavoz inal\u00e1mbrico Bluetooth\u00ae de 10\u00a0W con logotipo luminoso y acabado de caucho. El altavoz tiene una salida de sonido doble para una calidad de sonido inigualable. Adem\u00e1s, se pueden emparejar 2 altavoces para un sonido a\u00fan mejor. Incluye un mosquet\u00f3n para su uso en exteriores. Impermeabilidad IPX6. Modo radio FM. Se entrega en una caja de regalo de cart\u00f3n reciclado (11,3 \u00d7 10,7 \u00d7 8,7\u00a0cm).\" \/>\n<meta name=\"robots\" content=\"index, follow, max-snippet:-1, max-image-preview:large, max-video-preview:-1\" \/>\n<link rel=\"canonical\" href=\"https:\/\/adl-regalosempresa.com\/tiendaonline\/articulos\/merchandising\/altavoz-bluetooth-impermeable-de-10-w-para-personalizar-con-logo\/\" \/>\n<meta property=\"og:locale\" content=\"es_ES\" \/>\n<meta property=\"og:type\" content=\"article\" \/>\n<meta property=\"og:title\" content=\"Merchandising Altavoz Bluetooth\u00ae impermeable de 10\u00a0W para personalizar con logo - ADL\" \/>\n<meta property=\"og:description\" content=\"Art\u00edculo de merchandising Altavoz Bluetooth\u00ae impermeable de 10\u00a0W &quot;SCX.design S42&quot;. Altavoz inal\u00e1mbrico Bluetooth\u00ae de 10\u00a0W con logotipo luminoso y acabado de caucho. El altavoz tiene una salida de sonido doble para una calidad de sonido inigualable. Adem\u00e1s, se pueden emparejar 2 altavoces para un sonido a\u00fan mejor. Incluye un mosquet\u00f3n para su uso en exteriores. Impermeabilidad IPX6. Modo radio FM. Se entrega en una caja de regalo de cart\u00f3n reciclado (11,3 \u00d7 10,7 \u00d7 8,7\u00a0cm).\" \/>\n<meta property=\"og:url\" content=\"https:\/\/adl-regalosempresa.com\/tiendaonline\/articulos\/merchandising\/altavoz-bluetooth-impermeable-de-10-w-para-personalizar-con-logo\/\" \/>\n<meta property=\"og:site_name\" content=\"ADL Comunicaci\u00f3n\" \/>\n<meta property=\"article:modified_time\" content=\"2026-03-31T06:14:08+00:00\" \/>\n<meta property=\"og:image\" content=\"https:\/\/adl-regalosempresa.com\/tiendaonline\/wp-content\/uploads\/2024\/09\/1PX16490.jpg\" \/>\n\t<meta property=\"og:image:width\" content=\"1600\" \/>\n\t<meta property=\"og:image:height\" content=\"1600\" \/>\n\t<meta property=\"og:image:type\" content=\"image\/jpeg\" \/>\n<meta name=\"twitter:card\" content=\"summary_large_image\" \/>\n<meta name=\"twitter:title\" content=\"Merchandising Altavoz Bluetooth\u00ae impermeable de 10\u00a0W para personalizar con logo - ADL\" \/>\n<script type=\"application\/ld+json\" class=\"yoast-schema-graph\">{\"@context\":\"https:\/\/schema.org\",\"@graph\":[{\"@type\":\"WebPage\",\"@id\":\"https:\/\/adl-regalosempresa.com\/tiendaonline\/articulos\/merchandising\/altavoz-bluetooth-impermeable-de-10-w-para-personalizar-con-logo\/\",\"url\":\"https:\/\/adl-regalosempresa.com\/tiendaonline\/articulos\/merchandising\/altavoz-bluetooth-impermeable-de-10-w-para-personalizar-con-logo\/\",\"name\":\"Merchandising Altavoz Bluetooth\u00ae impermeable de 10\u00a0W para personalizar con logo - ADL\",\"isPartOf\":{\"@id\":\"https:\/\/adl-regalosempresa.com\/tiendaonline\/#website\"},\"primaryImageOfPage\":{\"@id\":\"https:\/\/adl-regalosempresa.com\/tiendaonline\/articulos\/merchandising\/altavoz-bluetooth-impermeable-de-10-w-para-personalizar-con-logo\/#primaryimage\"},\"image\":{\"@id\":\"https:\/\/adl-regalosempresa.com\/tiendaonline\/articulos\/merchandising\/altavoz-bluetooth-impermeable-de-10-w-para-personalizar-con-logo\/#primaryimage\"},\"thumbnailUrl\":\"https:\/\/adl-regalosempresa.com\/tiendaonline\/wp-content\/uploads\/2024\/09\/1PX16490.jpg\",\"datePublished\":\"2026-03-31T06:12:09+00:00\",\"dateModified\":\"2026-03-31T06:14:08+00:00\",\"description\":\"Art\u00edculo de merchandising Altavoz Bluetooth\u00ae impermeable de 10\u00a0W \\\"SCX.design S42\\\". Altavoz inal\u00e1mbrico Bluetooth\u00ae de 10\u00a0W con logotipo luminoso y acabado de caucho. El altavoz tiene una salida de sonido doble para una calidad de sonido inigualable. Adem\u00e1s, se pueden emparejar 2 altavoces para un sonido a\u00fan mejor. Incluye un mosquet\u00f3n para su uso en exteriores. Impermeabilidad IPX6. Modo radio FM. Se entrega en una caja de regalo de cart\u00f3n reciclado (11,3 \u00d7 10,7 \u00d7 8,7\u00a0cm).\",\"breadcrumb\":{\"@id\":\"https:\/\/adl-regalosempresa.com\/tiendaonline\/articulos\/merchandising\/altavoz-bluetooth-impermeable-de-10-w-para-personalizar-con-logo\/#breadcrumb\"},\"inLanguage\":\"es\",\"potentialAction\":[{\"@type\":\"ReadAction\",\"target\":[\"https:\/\/adl-regalosempresa.com\/tiendaonline\/articulos\/merchandising\/altavoz-bluetooth-impermeable-de-10-w-para-personalizar-con-logo\/\"]}]},{\"@type\":\"ImageObject\",\"inLanguage\":\"es\",\"@id\":\"https:\/\/adl-regalosempresa.com\/tiendaonline\/articulos\/merchandising\/altavoz-bluetooth-impermeable-de-10-w-para-personalizar-con-logo\/#primaryimage\",\"url\":\"https:\/\/adl-regalosempresa.com\/tiendaonline\/wp-content\/uploads\/2024\/09\/1PX16490.jpg\",\"contentUrl\":\"https:\/\/adl-regalosempresa.com\/tiendaonline\/wp-content\/uploads\/2024\/09\/1PX16490.jpg\",\"width\":1600,\"height\":1600,\"caption\":\"Altavoz Bluetooth\u00ae impermeable de 10\u00a0W \\\"SCX.design S42\\\"\"},{\"@type\":\"BreadcrumbList\",\"@id\":\"https:\/\/adl-regalosempresa.com\/tiendaonline\/articulos\/merchandising\/altavoz-bluetooth-impermeable-de-10-w-para-personalizar-con-logo\/#breadcrumb\",\"itemListElement\":[{\"@type\":\"ListItem\",\"position\":1,\"name\":\"Portada\",\"item\":\"https:\/\/adl-regalosempresa.com\/tiendaonline\/\"},{\"@type\":\"ListItem\",\"position\":2,\"name\":\"Tienda\",\"item\":\"https:\/\/adl-regalosempresa.com\/tiendaonline\/tienda\/\"},{\"@type\":\"ListItem\",\"position\":3,\"name\":\"Altavoz Bluetooth\u00ae impermeable de 10\u00a0W para personalizar con logo\"}]},{\"@type\":\"WebSite\",\"@id\":\"https:\/\/adl-regalosempresa.com\/tiendaonline\/#website\",\"url\":\"https:\/\/adl-regalosempresa.com\/tiendaonline\/\",\"name\":\"ADL Comunicaci\u00f3n\",\"description\":\"Regalos de empresa\",\"publisher\":{\"@id\":\"https:\/\/adl-regalosempresa.com\/tiendaonline\/#organization\"},\"potentialAction\":[{\"@type\":\"SearchAction\",\"target\":{\"@type\":\"EntryPoint\",\"urlTemplate\":\"https:\/\/adl-regalosempresa.com\/tiendaonline\/?s={search_term_string}\"},\"query-input\":{\"@type\":\"PropertyValueSpecification\",\"valueRequired\":true,\"valueName\":\"search_term_string\"}}],\"inLanguage\":\"es\"},{\"@type\":\"Organization\",\"@id\":\"https:\/\/adl-regalosempresa.com\/tiendaonline\/#organization\",\"name\":\"ADL Comunicaci\u00f3n\",\"url\":\"https:\/\/adl-regalosempresa.com\/tiendaonline\/\",\"logo\":{\"@type\":\"ImageObject\",\"inLanguage\":\"es\",\"@id\":\"https:\/\/adl-regalosempresa.com\/tiendaonline\/#\/schema\/logo\/image\/\",\"url\":\"https:\/\/adl-regalosempresa.com\/tiendaonline\/wp-content\/uploads\/2017\/09\/logo-adl-wp.png\",\"contentUrl\":\"https:\/\/adl-regalosempresa.com\/tiendaonline\/wp-content\/uploads\/2017\/09\/logo-adl-wp.png\",\"width\":407,\"height\":185,\"caption\":\"ADL Comunicaci\u00f3n\"},\"image\":{\"@id\":\"https:\/\/adl-regalosempresa.com\/tiendaonline\/#\/schema\/logo\/image\/\"}}]}<\/script>\n<!-- \/ Yoast SEO plugin. -->","yoast_head_json":{"title":"Merchandising Altavoz Bluetooth\u00ae impermeable de 10\u00a0W para personalizar con logo - ADL","description":"Art\u00edculo de merchandising Altavoz Bluetooth\u00ae impermeable de 10\u00a0W \"SCX.design S42\". Altavoz inal\u00e1mbrico Bluetooth\u00ae de 10\u00a0W con logotipo luminoso y acabado de caucho. El altavoz tiene una salida de sonido doble para una calidad de sonido inigualable. Adem\u00e1s, se pueden emparejar 2 altavoces para un sonido a\u00fan mejor. Incluye un mosquet\u00f3n para su uso en exteriores. Impermeabilidad IPX6. Modo radio FM. Se entrega en una caja de regalo de cart\u00f3n reciclado (11,3 \u00d7 10,7 \u00d7 8,7\u00a0cm).","robots":{"index":"index","follow":"follow","max-snippet":"max-snippet:-1","max-image-preview":"max-image-preview:large","max-video-preview":"max-video-preview:-1"},"canonical":"https:\/\/adl-regalosempresa.com\/tiendaonline\/articulos\/merchandising\/altavoz-bluetooth-impermeable-de-10-w-para-personalizar-con-logo\/","og_locale":"es_ES","og_type":"article","og_title":"Merchandising Altavoz Bluetooth\u00ae impermeable de 10\u00a0W para personalizar con logo - ADL","og_description":"Art\u00edculo de merchandising Altavoz Bluetooth\u00ae impermeable de 10\u00a0W \"SCX.design S42\". Altavoz inal\u00e1mbrico Bluetooth\u00ae de 10\u00a0W con logotipo luminoso y acabado de caucho. El altavoz tiene una salida de sonido doble para una calidad de sonido inigualable. Adem\u00e1s, se pueden emparejar 2 altavoces para un sonido a\u00fan mejor. Incluye un mosquet\u00f3n para su uso en exteriores. Impermeabilidad IPX6. Modo radio FM. Se entrega en una caja de regalo de cart\u00f3n reciclado (11,3 \u00d7 10,7 \u00d7 8,7\u00a0cm).","og_url":"https:\/\/adl-regalosempresa.com\/tiendaonline\/articulos\/merchandising\/altavoz-bluetooth-impermeable-de-10-w-para-personalizar-con-logo\/","og_site_name":"ADL Comunicaci\u00f3n","article_modified_time":"2026-03-31T06:14:08+00:00","og_image":[{"width":1600,"height":1600,"url":"https:\/\/adl-regalosempresa.com\/tiendaonline\/wp-content\/uploads\/2024\/09\/1PX16490.jpg","type":"image\/jpeg"}],"twitter_card":"summary_large_image","twitter_title":"Merchandising Altavoz Bluetooth\u00ae impermeable de 10\u00a0W para personalizar con logo - ADL","schema":{"@context":"https:\/\/schema.org","@graph":[{"@type":"WebPage","@id":"https:\/\/adl-regalosempresa.com\/tiendaonline\/articulos\/merchandising\/altavoz-bluetooth-impermeable-de-10-w-para-personalizar-con-logo\/","url":"https:\/\/adl-regalosempresa.com\/tiendaonline\/articulos\/merchandising\/altavoz-bluetooth-impermeable-de-10-w-para-personalizar-con-logo\/","name":"Merchandising Altavoz Bluetooth\u00ae impermeable de 10\u00a0W para personalizar con logo - ADL","isPartOf":{"@id":"https:\/\/adl-regalosempresa.com\/tiendaonline\/#website"},"primaryImageOfPage":{"@id":"https:\/\/adl-regalosempresa.com\/tiendaonline\/articulos\/merchandising\/altavoz-bluetooth-impermeable-de-10-w-para-personalizar-con-logo\/#primaryimage"},"image":{"@id":"https:\/\/adl-regalosempresa.com\/tiendaonline\/articulos\/merchandising\/altavoz-bluetooth-impermeable-de-10-w-para-personalizar-con-logo\/#primaryimage"},"thumbnailUrl":"https:\/\/adl-regalosempresa.com\/tiendaonline\/wp-content\/uploads\/2024\/09\/1PX16490.jpg","datePublished":"2026-03-31T06:12:09+00:00","dateModified":"2026-03-31T06:14:08+00:00","description":"Art\u00edculo de merchandising Altavoz Bluetooth\u00ae impermeable de 10\u00a0W \"SCX.design S42\". Altavoz inal\u00e1mbrico Bluetooth\u00ae de 10\u00a0W con logotipo luminoso y acabado de caucho. El altavoz tiene una salida de sonido doble para una calidad de sonido inigualable. Adem\u00e1s, se pueden emparejar 2 altavoces para un sonido a\u00fan mejor. Incluye un mosquet\u00f3n para su uso en exteriores. Impermeabilidad IPX6. Modo radio FM. Se entrega en una caja de regalo de cart\u00f3n reciclado (11,3 \u00d7 10,7 \u00d7 8,7\u00a0cm).","breadcrumb":{"@id":"https:\/\/adl-regalosempresa.com\/tiendaonline\/articulos\/merchandising\/altavoz-bluetooth-impermeable-de-10-w-para-personalizar-con-logo\/#breadcrumb"},"inLanguage":"es","potentialAction":[{"@type":"ReadAction","target":["https:\/\/adl-regalosempresa.com\/tiendaonline\/articulos\/merchandising\/altavoz-bluetooth-impermeable-de-10-w-para-personalizar-con-logo\/"]}]},{"@type":"ImageObject","inLanguage":"es","@id":"https:\/\/adl-regalosempresa.com\/tiendaonline\/articulos\/merchandising\/altavoz-bluetooth-impermeable-de-10-w-para-personalizar-con-logo\/#primaryimage","url":"https:\/\/adl-regalosempresa.com\/tiendaonline\/wp-content\/uploads\/2024\/09\/1PX16490.jpg","contentUrl":"https:\/\/adl-regalosempresa.com\/tiendaonline\/wp-content\/uploads\/2024\/09\/1PX16490.jpg","width":1600,"height":1600,"caption":"Altavoz Bluetooth\u00ae impermeable de 10\u00a0W \"SCX.design S42\""},{"@type":"BreadcrumbList","@id":"https:\/\/adl-regalosempresa.com\/tiendaonline\/articulos\/merchandising\/altavoz-bluetooth-impermeable-de-10-w-para-personalizar-con-logo\/#breadcrumb","itemListElement":[{"@type":"ListItem","position":1,"name":"Portada","item":"https:\/\/adl-regalosempresa.com\/tiendaonline\/"},{"@type":"ListItem","position":2,"name":"Tienda","item":"https:\/\/adl-regalosempresa.com\/tiendaonline\/tienda\/"},{"@type":"ListItem","position":3,"name":"Altavoz Bluetooth\u00ae impermeable de 10\u00a0W para personalizar con logo"}]},{"@type":"WebSite","@id":"https:\/\/adl-regalosempresa.com\/tiendaonline\/#website","url":"https:\/\/adl-regalosempresa.com\/tiendaonline\/","name":"ADL Comunicaci\u00f3n","description":"Regalos de empresa","publisher":{"@id":"https:\/\/adl-regalosempresa.com\/tiendaonline\/#organization"},"potentialAction":[{"@type":"SearchAction","target":{"@type":"EntryPoint","urlTemplate":"https:\/\/adl-regalosempresa.com\/tiendaonline\/?s={search_term_string}"},"query-input":{"@type":"PropertyValueSpecification","valueRequired":true,"valueName":"search_term_string"}}],"inLanguage":"es"},{"@type":"Organization","@id":"https:\/\/adl-regalosempresa.com\/tiendaonline\/#organization","name":"ADL Comunicaci\u00f3n","url":"https:\/\/adl-regalosempresa.com\/tiendaonline\/","logo":{"@type":"ImageObject","inLanguage":"es","@id":"https:\/\/adl-regalosempresa.com\/tiendaonline\/#\/schema\/logo\/image\/","url":"https:\/\/adl-regalosempresa.com\/tiendaonline\/wp-content\/uploads\/2017\/09\/logo-adl-wp.png","contentUrl":"https:\/\/adl-regalosempresa.com\/tiendaonline\/wp-content\/uploads\/2017\/09\/logo-adl-wp.png","width":407,"height":185,"caption":"ADL Comunicaci\u00f3n"},"image":{"@id":"https:\/\/adl-regalosempresa.com\/tiendaonline\/#\/schema\/logo\/image\/"}}]}},"_links":{"self":[{"href":"https:\/\/adl-regalosempresa.com\/tiendaonline\/wp-json\/wp\/v2\/product\/137869","targetHints":{"allow":["GET"]}}],"collection":[{"href":"https:\/\/adl-regalosempresa.com\/tiendaonline\/wp-json\/wp\/v2\/product"}],"about":[{"href":"https:\/\/adl-regalosempresa.com\/tiendaonline\/wp-json\/wp\/v2\/types\/product"}],"wp:featuredmedia":[{"embeddable":true,"href":"https:\/\/adl-regalosempresa.com\/tiendaonline\/wp-json\/wp\/v2\/media\/137871"}],"wp:attachment":[{"href":"https:\/\/adl-regalosempresa.com\/tiendaonline\/wp-json\/wp\/v2\/media?parent=137869"}],"wp:term":[{"taxonomy":"product_brand","embeddable":true,"href":"https:\/\/adl-regalosempresa.com\/tiendaonline\/wp-json\/wp\/v2\/product_brand?post=137869"},{"taxonomy":"product_cat","embeddable":true,"href":"https:\/\/adl-regalosempresa.com\/tiendaonline\/wp-json\/wp\/v2\/product_cat?post=137869"},{"taxonomy":"product_tag","embeddable":true,"href":"https:\/\/adl-regalosempresa.com\/tiendaonline\/wp-json\/wp\/v2\/product_tag?post=137869"}],"curies":[{"name":"wp","href":"https:\/\/api.w.org\/{rel}","templated":true}]}}