{"id":137826,"date":"2026-03-26T05:48:31","date_gmt":"2026-03-26T05:48:31","guid":{"rendered":"https:\/\/adl-regalosempresa.com\/tiendaonline\/articulos\/merchandising\/chaleco-calentador-con-bateria-externa-para-personalizar-con-logo\/"},"modified":"2026-04-18T08:36:10","modified_gmt":"2026-04-18T08:36:10","slug":"chaleco-calentador-con-bateria-externa-para-personalizar-con-logo","status":"publish","type":"product","link":"https:\/\/adl-regalosempresa.com\/tiendaonline\/articulos\/merchandising\/chaleco-calentador-con-bateria-externa-para-personalizar-con-logo\/","title":{"rendered":"Chaleco calentador con bater\u00eda externa  para personalizar con logo"},"content":{"rendered":"<p>Chaleco innovador, vers\u00e1til y cortavientos que ofrece una calidez homog\u00e9nea gracias a sus 11 almohadillas t\u00e9rmicas situadas en la parte delantera, trasera y superior. Puedes elegir entre 3 niveles de temperatura (baja, media y alta). Hay cuatro tallas diferentes disponibles: S y M 2PX13901 (longitud 58\u00a0cm \u00d7 pecho 48\u00a0cm), M y L  2PX13903 (longitud 64\u00a0cm \u00d7 pecho 54\u00a0cm), L y XL 2PX13905 (longitud 66\u00a0cm \u00d7 pecho 60\u00a0cm), y XXL y XXXL 2PX13906 (longitud 74\u00a0cm \u00d7 pecho 66\u00a0cm). El chaleco se ha dise\u00f1ado con cremalleras laterales para adaptarse perfectamente a cualquier anatom\u00eda y para las personas que desean mantener la libertad de movimiento en climas fr\u00edos. Se incluye una bater\u00eda externa de 10\u00a0000\u00a0mAh ya conectada para facilitar su uso. Se presenta en una funda de TPU (38 x 30 cm).<\/p>\n","protected":false},"excerpt":{"rendered":"<p><strong>Descuentos por cantidades<\/strong><br \/>&#8211; a partir de 25 unidades: 118,22 \u20ac\/ud<br \/>&#8211; a partir de 50 unidades: 113,22 \u20ac\/ud<br \/>&#8211; a partir de 100 unidades: 104,64 \u20ac\/ud<\/p>\n<p>Para cantidades superiores a las aqu\u00ed indicadas, no dudes en ponerte en contacto con nuestro departamento comercial o <a href='https:\/\/adl-regalosempresa.com\/tiendaonline\/solicitud-presupuesto\/'>pedirnos presupuesto personalizado<\/a>, ajustaremos el presupuesto a tus necesidades.<\/p>\n","protected":false},"featured_media":137828,"template":"","meta":{"_kad_post_transparent":"","_kad_post_title":"","_kad_post_layout":"","_kad_post_sidebar_id":"","_kad_post_content_style":"","_kad_post_vertical_padding":"","_kad_post_feature":"","_kad_post_feature_position":"","_kad_post_header":false,"_kad_post_footer":false,"_kad_post_classname":""},"product_brand":[],"product_cat":[5425,3649],"product_tag":[],"class_list":{"0":"post-137826","1":"product","2":"type-product","3":"status-publish","4":"has-post-thumbnail","6":"product_cat-chalecos","7":"product_cat-ropa","8":"pa_color-negro-intenso","9":"pa_color-simple-negro-intenso","10":"pa_marca-scx-design","11":"pa_material-poliester-aluminio","12":"pa_peso-712-gr","13":"pa_talla-s","14":"pa_talla-l","15":"pa_talla-xxl","16":"pa_talla-3xl","18":"first","19":"instock","20":"taxable","21":"shipping-taxable","22":"purchasable","23":"product-type-variable","24":"entry","25":"content-bg","26":"loop-entry"},"yoast_head":"<!-- This site is optimized with the Yoast SEO plugin v26.3 - https:\/\/yoast.com\/wordpress\/plugins\/seo\/ -->\n<title>Merchandising Chaleco calentador con bater\u00eda externa para personalizar con logo - ADL<\/title>\n<meta name=\"description\" content=\"Art\u00edculo de merchandising Chaleco calentador con bater\u00eda externa &quot;SCX.design G01&quot;. Chaleco innovador, vers\u00e1til y cortavientos que ofrece una calidez homog\u00e9nea gracias a sus 11 almohadillas t\u00e9rmicas situadas en la parte delantera, trasera y superior. Puedes elegir entre 3 niveles de temperatura (baja, media y alta). Hay cuatro tallas diferentes disponibles: S y M 2PX13901 (longitud 58\u00a0cm \u00d7 pecho 48\u00a0cm), M y L 2PX13903 (longitud 64\u00a0cm \u00d7 pecho 54\u00a0cm), L y XL 2PX13905 (longitud 66\u00a0cm \u00d7 pecho 60\u00a0cm), y XXL y XXXL 2PX13906 (longitud 74\u00a0cm \u00d7 pecho 66\u00a0cm). El chaleco se ha dise\u00f1ado con cremalleras laterales para adaptarse perfectamente a cualquier anatom\u00eda y para las personas que desean mantener la libertad de movimiento en climas fr\u00edos. Se incluye una bater\u00eda externa de 10\u00a0000\u00a0mAh ya conectada para facilitar su uso. Se presenta en una funda de TPU (38 x 30 cm).\" \/>\n<meta name=\"robots\" content=\"index, follow, max-snippet:-1, max-image-preview:large, max-video-preview:-1\" \/>\n<link rel=\"canonical\" href=\"https:\/\/adl-regalosempresa.com\/tiendaonline\/articulos\/merchandising\/chaleco-calentador-con-bateria-externa-para-personalizar-con-logo\/\" \/>\n<meta property=\"og:locale\" content=\"es_ES\" \/>\n<meta property=\"og:type\" content=\"article\" \/>\n<meta property=\"og:title\" content=\"Merchandising Chaleco calentador con bater\u00eda externa para personalizar con logo - ADL\" \/>\n<meta property=\"og:description\" content=\"Art\u00edculo de merchandising Chaleco calentador con bater\u00eda externa &quot;SCX.design G01&quot;. Chaleco innovador, vers\u00e1til y cortavientos que ofrece una calidez homog\u00e9nea gracias a sus 11 almohadillas t\u00e9rmicas situadas en la parte delantera, trasera y superior. Puedes elegir entre 3 niveles de temperatura (baja, media y alta). Hay cuatro tallas diferentes disponibles: S y M 2PX13901 (longitud 58\u00a0cm \u00d7 pecho 48\u00a0cm), M y L 2PX13903 (longitud 64\u00a0cm \u00d7 pecho 54\u00a0cm), L y XL 2PX13905 (longitud 66\u00a0cm \u00d7 pecho 60\u00a0cm), y XXL y XXXL 2PX13906 (longitud 74\u00a0cm \u00d7 pecho 66\u00a0cm). El chaleco se ha dise\u00f1ado con cremalleras laterales para adaptarse perfectamente a cualquier anatom\u00eda y para las personas que desean mantener la libertad de movimiento en climas fr\u00edos. Se incluye una bater\u00eda externa de 10\u00a0000\u00a0mAh ya conectada para facilitar su uso. Se presenta en una funda de TPU (38 x 30 cm).\" \/>\n<meta property=\"og:url\" content=\"https:\/\/adl-regalosempresa.com\/tiendaonline\/articulos\/merchandising\/chaleco-calentador-con-bateria-externa-para-personalizar-con-logo\/\" \/>\n<meta property=\"og:site_name\" content=\"ADL Comunicaci\u00f3n\" \/>\n<meta property=\"article:modified_time\" content=\"2026-04-18T08:36:10+00:00\" \/>\n<meta property=\"og:image\" content=\"https:\/\/adl-regalosempresa.com\/tiendaonline\/wp-content\/uploads\/2024\/09\/2PX13901.jpg\" \/>\n\t<meta property=\"og:image:width\" content=\"1600\" \/>\n\t<meta property=\"og:image:height\" content=\"1600\" \/>\n\t<meta property=\"og:image:type\" content=\"image\/jpeg\" \/>\n<meta name=\"twitter:card\" content=\"summary_large_image\" \/>\n<meta name=\"twitter:title\" content=\"Merchandising Chaleco calentador con bater\u00eda externa para personalizar con logo - ADL\" \/>\n<meta name=\"twitter:label1\" content=\"Tiempo de lectura\" \/>\n\t<meta name=\"twitter:data1\" content=\"1 minuto\" \/>\n<script type=\"application\/ld+json\" class=\"yoast-schema-graph\">{\"@context\":\"https:\/\/schema.org\",\"@graph\":[{\"@type\":\"WebPage\",\"@id\":\"https:\/\/adl-regalosempresa.com\/tiendaonline\/articulos\/merchandising\/chaleco-calentador-con-bateria-externa-para-personalizar-con-logo\/\",\"url\":\"https:\/\/adl-regalosempresa.com\/tiendaonline\/articulos\/merchandising\/chaleco-calentador-con-bateria-externa-para-personalizar-con-logo\/\",\"name\":\"Merchandising Chaleco calentador con bater\u00eda externa para personalizar con logo - ADL\",\"isPartOf\":{\"@id\":\"https:\/\/adl-regalosempresa.com\/tiendaonline\/#website\"},\"primaryImageOfPage\":{\"@id\":\"https:\/\/adl-regalosempresa.com\/tiendaonline\/articulos\/merchandising\/chaleco-calentador-con-bateria-externa-para-personalizar-con-logo\/#primaryimage\"},\"image\":{\"@id\":\"https:\/\/adl-regalosempresa.com\/tiendaonline\/articulos\/merchandising\/chaleco-calentador-con-bateria-externa-para-personalizar-con-logo\/#primaryimage\"},\"thumbnailUrl\":\"https:\/\/adl-regalosempresa.com\/tiendaonline\/wp-content\/uploads\/2024\/09\/2PX13901.jpg\",\"datePublished\":\"2026-03-26T05:48:31+00:00\",\"dateModified\":\"2026-04-18T08:36:10+00:00\",\"description\":\"Art\u00edculo de merchandising Chaleco calentador con bater\u00eda externa \\\"SCX.design G01\\\". Chaleco innovador, vers\u00e1til y cortavientos que ofrece una calidez homog\u00e9nea gracias a sus 11 almohadillas t\u00e9rmicas situadas en la parte delantera, trasera y superior. Puedes elegir entre 3 niveles de temperatura (baja, media y alta). Hay cuatro tallas diferentes disponibles: S y M 2PX13901 (longitud 58\u00a0cm \u00d7 pecho 48\u00a0cm), M y L 2PX13903 (longitud 64\u00a0cm \u00d7 pecho 54\u00a0cm), L y XL 2PX13905 (longitud 66\u00a0cm \u00d7 pecho 60\u00a0cm), y XXL y XXXL 2PX13906 (longitud 74\u00a0cm \u00d7 pecho 66\u00a0cm). El chaleco se ha dise\u00f1ado con cremalleras laterales para adaptarse perfectamente a cualquier anatom\u00eda y para las personas que desean mantener la libertad de movimiento en climas fr\u00edos. Se incluye una bater\u00eda externa de 10\u00a0000\u00a0mAh ya conectada para facilitar su uso. Se presenta en una funda de TPU (38 x 30 cm).\",\"breadcrumb\":{\"@id\":\"https:\/\/adl-regalosempresa.com\/tiendaonline\/articulos\/merchandising\/chaleco-calentador-con-bateria-externa-para-personalizar-con-logo\/#breadcrumb\"},\"inLanguage\":\"es\",\"potentialAction\":[{\"@type\":\"ReadAction\",\"target\":[\"https:\/\/adl-regalosempresa.com\/tiendaonline\/articulos\/merchandising\/chaleco-calentador-con-bateria-externa-para-personalizar-con-logo\/\"]}]},{\"@type\":\"ImageObject\",\"inLanguage\":\"es\",\"@id\":\"https:\/\/adl-regalosempresa.com\/tiendaonline\/articulos\/merchandising\/chaleco-calentador-con-bateria-externa-para-personalizar-con-logo\/#primaryimage\",\"url\":\"https:\/\/adl-regalosempresa.com\/tiendaonline\/wp-content\/uploads\/2024\/09\/2PX13901.jpg\",\"contentUrl\":\"https:\/\/adl-regalosempresa.com\/tiendaonline\/wp-content\/uploads\/2024\/09\/2PX13901.jpg\",\"width\":1600,\"height\":1600,\"caption\":\"Chaleco calentador con bater\u00eda externa \\\"SCX.design G01\\\"\"},{\"@type\":\"BreadcrumbList\",\"@id\":\"https:\/\/adl-regalosempresa.com\/tiendaonline\/articulos\/merchandising\/chaleco-calentador-con-bateria-externa-para-personalizar-con-logo\/#breadcrumb\",\"itemListElement\":[{\"@type\":\"ListItem\",\"position\":1,\"name\":\"Portada\",\"item\":\"https:\/\/adl-regalosempresa.com\/tiendaonline\/\"},{\"@type\":\"ListItem\",\"position\":2,\"name\":\"Tienda\",\"item\":\"https:\/\/adl-regalosempresa.com\/tiendaonline\/tienda\/\"},{\"@type\":\"ListItem\",\"position\":3,\"name\":\"Chaleco calentador con bater\u00eda externa para personalizar con logo\"}]},{\"@type\":\"WebSite\",\"@id\":\"https:\/\/adl-regalosempresa.com\/tiendaonline\/#website\",\"url\":\"https:\/\/adl-regalosempresa.com\/tiendaonline\/\",\"name\":\"ADL Comunicaci\u00f3n\",\"description\":\"Regalos de empresa\",\"publisher\":{\"@id\":\"https:\/\/adl-regalosempresa.com\/tiendaonline\/#organization\"},\"potentialAction\":[{\"@type\":\"SearchAction\",\"target\":{\"@type\":\"EntryPoint\",\"urlTemplate\":\"https:\/\/adl-regalosempresa.com\/tiendaonline\/?s={search_term_string}\"},\"query-input\":{\"@type\":\"PropertyValueSpecification\",\"valueRequired\":true,\"valueName\":\"search_term_string\"}}],\"inLanguage\":\"es\"},{\"@type\":\"Organization\",\"@id\":\"https:\/\/adl-regalosempresa.com\/tiendaonline\/#organization\",\"name\":\"ADL Comunicaci\u00f3n\",\"url\":\"https:\/\/adl-regalosempresa.com\/tiendaonline\/\",\"logo\":{\"@type\":\"ImageObject\",\"inLanguage\":\"es\",\"@id\":\"https:\/\/adl-regalosempresa.com\/tiendaonline\/#\/schema\/logo\/image\/\",\"url\":\"https:\/\/adl-regalosempresa.com\/tiendaonline\/wp-content\/uploads\/2017\/09\/logo-adl-wp.png\",\"contentUrl\":\"https:\/\/adl-regalosempresa.com\/tiendaonline\/wp-content\/uploads\/2017\/09\/logo-adl-wp.png\",\"width\":407,\"height\":185,\"caption\":\"ADL Comunicaci\u00f3n\"},\"image\":{\"@id\":\"https:\/\/adl-regalosempresa.com\/tiendaonline\/#\/schema\/logo\/image\/\"}}]}<\/script>\n<!-- \/ Yoast SEO plugin. -->","yoast_head_json":{"title":"Merchandising Chaleco calentador con bater\u00eda externa para personalizar con logo - ADL","description":"Art\u00edculo de merchandising Chaleco calentador con bater\u00eda externa \"SCX.design G01\". Chaleco innovador, vers\u00e1til y cortavientos que ofrece una calidez homog\u00e9nea gracias a sus 11 almohadillas t\u00e9rmicas situadas en la parte delantera, trasera y superior. Puedes elegir entre 3 niveles de temperatura (baja, media y alta). Hay cuatro tallas diferentes disponibles: S y M 2PX13901 (longitud 58\u00a0cm \u00d7 pecho 48\u00a0cm), M y L 2PX13903 (longitud 64\u00a0cm \u00d7 pecho 54\u00a0cm), L y XL 2PX13905 (longitud 66\u00a0cm \u00d7 pecho 60\u00a0cm), y XXL y XXXL 2PX13906 (longitud 74\u00a0cm \u00d7 pecho 66\u00a0cm). El chaleco se ha dise\u00f1ado con cremalleras laterales para adaptarse perfectamente a cualquier anatom\u00eda y para las personas que desean mantener la libertad de movimiento en climas fr\u00edos. Se incluye una bater\u00eda externa de 10\u00a0000\u00a0mAh ya conectada para facilitar su uso. Se presenta en una funda de TPU (38 x 30 cm).","robots":{"index":"index","follow":"follow","max-snippet":"max-snippet:-1","max-image-preview":"max-image-preview:large","max-video-preview":"max-video-preview:-1"},"canonical":"https:\/\/adl-regalosempresa.com\/tiendaonline\/articulos\/merchandising\/chaleco-calentador-con-bateria-externa-para-personalizar-con-logo\/","og_locale":"es_ES","og_type":"article","og_title":"Merchandising Chaleco calentador con bater\u00eda externa para personalizar con logo - ADL","og_description":"Art\u00edculo de merchandising Chaleco calentador con bater\u00eda externa \"SCX.design G01\". Chaleco innovador, vers\u00e1til y cortavientos que ofrece una calidez homog\u00e9nea gracias a sus 11 almohadillas t\u00e9rmicas situadas en la parte delantera, trasera y superior. Puedes elegir entre 3 niveles de temperatura (baja, media y alta). Hay cuatro tallas diferentes disponibles: S y M 2PX13901 (longitud 58\u00a0cm \u00d7 pecho 48\u00a0cm), M y L 2PX13903 (longitud 64\u00a0cm \u00d7 pecho 54\u00a0cm), L y XL 2PX13905 (longitud 66\u00a0cm \u00d7 pecho 60\u00a0cm), y XXL y XXXL 2PX13906 (longitud 74\u00a0cm \u00d7 pecho 66\u00a0cm). El chaleco se ha dise\u00f1ado con cremalleras laterales para adaptarse perfectamente a cualquier anatom\u00eda y para las personas que desean mantener la libertad de movimiento en climas fr\u00edos. Se incluye una bater\u00eda externa de 10\u00a0000\u00a0mAh ya conectada para facilitar su uso. Se presenta en una funda de TPU (38 x 30 cm).","og_url":"https:\/\/adl-regalosempresa.com\/tiendaonline\/articulos\/merchandising\/chaleco-calentador-con-bateria-externa-para-personalizar-con-logo\/","og_site_name":"ADL Comunicaci\u00f3n","article_modified_time":"2026-04-18T08:36:10+00:00","og_image":[{"width":1600,"height":1600,"url":"https:\/\/adl-regalosempresa.com\/tiendaonline\/wp-content\/uploads\/2024\/09\/2PX13901.jpg","type":"image\/jpeg"}],"twitter_card":"summary_large_image","twitter_title":"Merchandising Chaleco calentador con bater\u00eda externa para personalizar con logo - ADL","twitter_misc":{"Tiempo de lectura":"1 minuto"},"schema":{"@context":"https:\/\/schema.org","@graph":[{"@type":"WebPage","@id":"https:\/\/adl-regalosempresa.com\/tiendaonline\/articulos\/merchandising\/chaleco-calentador-con-bateria-externa-para-personalizar-con-logo\/","url":"https:\/\/adl-regalosempresa.com\/tiendaonline\/articulos\/merchandising\/chaleco-calentador-con-bateria-externa-para-personalizar-con-logo\/","name":"Merchandising Chaleco calentador con bater\u00eda externa para personalizar con logo - ADL","isPartOf":{"@id":"https:\/\/adl-regalosempresa.com\/tiendaonline\/#website"},"primaryImageOfPage":{"@id":"https:\/\/adl-regalosempresa.com\/tiendaonline\/articulos\/merchandising\/chaleco-calentador-con-bateria-externa-para-personalizar-con-logo\/#primaryimage"},"image":{"@id":"https:\/\/adl-regalosempresa.com\/tiendaonline\/articulos\/merchandising\/chaleco-calentador-con-bateria-externa-para-personalizar-con-logo\/#primaryimage"},"thumbnailUrl":"https:\/\/adl-regalosempresa.com\/tiendaonline\/wp-content\/uploads\/2024\/09\/2PX13901.jpg","datePublished":"2026-03-26T05:48:31+00:00","dateModified":"2026-04-18T08:36:10+00:00","description":"Art\u00edculo de merchandising Chaleco calentador con bater\u00eda externa \"SCX.design G01\". Chaleco innovador, vers\u00e1til y cortavientos que ofrece una calidez homog\u00e9nea gracias a sus 11 almohadillas t\u00e9rmicas situadas en la parte delantera, trasera y superior. Puedes elegir entre 3 niveles de temperatura (baja, media y alta). Hay cuatro tallas diferentes disponibles: S y M 2PX13901 (longitud 58\u00a0cm \u00d7 pecho 48\u00a0cm), M y L 2PX13903 (longitud 64\u00a0cm \u00d7 pecho 54\u00a0cm), L y XL 2PX13905 (longitud 66\u00a0cm \u00d7 pecho 60\u00a0cm), y XXL y XXXL 2PX13906 (longitud 74\u00a0cm \u00d7 pecho 66\u00a0cm). El chaleco se ha dise\u00f1ado con cremalleras laterales para adaptarse perfectamente a cualquier anatom\u00eda y para las personas que desean mantener la libertad de movimiento en climas fr\u00edos. Se incluye una bater\u00eda externa de 10\u00a0000\u00a0mAh ya conectada para facilitar su uso. Se presenta en una funda de TPU (38 x 30 cm).","breadcrumb":{"@id":"https:\/\/adl-regalosempresa.com\/tiendaonline\/articulos\/merchandising\/chaleco-calentador-con-bateria-externa-para-personalizar-con-logo\/#breadcrumb"},"inLanguage":"es","potentialAction":[{"@type":"ReadAction","target":["https:\/\/adl-regalosempresa.com\/tiendaonline\/articulos\/merchandising\/chaleco-calentador-con-bateria-externa-para-personalizar-con-logo\/"]}]},{"@type":"ImageObject","inLanguage":"es","@id":"https:\/\/adl-regalosempresa.com\/tiendaonline\/articulos\/merchandising\/chaleco-calentador-con-bateria-externa-para-personalizar-con-logo\/#primaryimage","url":"https:\/\/adl-regalosempresa.com\/tiendaonline\/wp-content\/uploads\/2024\/09\/2PX13901.jpg","contentUrl":"https:\/\/adl-regalosempresa.com\/tiendaonline\/wp-content\/uploads\/2024\/09\/2PX13901.jpg","width":1600,"height":1600,"caption":"Chaleco calentador con bater\u00eda externa \"SCX.design G01\""},{"@type":"BreadcrumbList","@id":"https:\/\/adl-regalosempresa.com\/tiendaonline\/articulos\/merchandising\/chaleco-calentador-con-bateria-externa-para-personalizar-con-logo\/#breadcrumb","itemListElement":[{"@type":"ListItem","position":1,"name":"Portada","item":"https:\/\/adl-regalosempresa.com\/tiendaonline\/"},{"@type":"ListItem","position":2,"name":"Tienda","item":"https:\/\/adl-regalosempresa.com\/tiendaonline\/tienda\/"},{"@type":"ListItem","position":3,"name":"Chaleco calentador con bater\u00eda externa para personalizar con logo"}]},{"@type":"WebSite","@id":"https:\/\/adl-regalosempresa.com\/tiendaonline\/#website","url":"https:\/\/adl-regalosempresa.com\/tiendaonline\/","name":"ADL Comunicaci\u00f3n","description":"Regalos de empresa","publisher":{"@id":"https:\/\/adl-regalosempresa.com\/tiendaonline\/#organization"},"potentialAction":[{"@type":"SearchAction","target":{"@type":"EntryPoint","urlTemplate":"https:\/\/adl-regalosempresa.com\/tiendaonline\/?s={search_term_string}"},"query-input":{"@type":"PropertyValueSpecification","valueRequired":true,"valueName":"search_term_string"}}],"inLanguage":"es"},{"@type":"Organization","@id":"https:\/\/adl-regalosempresa.com\/tiendaonline\/#organization","name":"ADL Comunicaci\u00f3n","url":"https:\/\/adl-regalosempresa.com\/tiendaonline\/","logo":{"@type":"ImageObject","inLanguage":"es","@id":"https:\/\/adl-regalosempresa.com\/tiendaonline\/#\/schema\/logo\/image\/","url":"https:\/\/adl-regalosempresa.com\/tiendaonline\/wp-content\/uploads\/2017\/09\/logo-adl-wp.png","contentUrl":"https:\/\/adl-regalosempresa.com\/tiendaonline\/wp-content\/uploads\/2017\/09\/logo-adl-wp.png","width":407,"height":185,"caption":"ADL Comunicaci\u00f3n"},"image":{"@id":"https:\/\/adl-regalosempresa.com\/tiendaonline\/#\/schema\/logo\/image\/"}}]}},"_links":{"self":[{"href":"https:\/\/adl-regalosempresa.com\/tiendaonline\/wp-json\/wp\/v2\/product\/137826","targetHints":{"allow":["GET"]}}],"collection":[{"href":"https:\/\/adl-regalosempresa.com\/tiendaonline\/wp-json\/wp\/v2\/product"}],"about":[{"href":"https:\/\/adl-regalosempresa.com\/tiendaonline\/wp-json\/wp\/v2\/types\/product"}],"wp:featuredmedia":[{"embeddable":true,"href":"https:\/\/adl-regalosempresa.com\/tiendaonline\/wp-json\/wp\/v2\/media\/137828"}],"wp:attachment":[{"href":"https:\/\/adl-regalosempresa.com\/tiendaonline\/wp-json\/wp\/v2\/media?parent=137826"}],"wp:term":[{"taxonomy":"product_brand","embeddable":true,"href":"https:\/\/adl-regalosempresa.com\/tiendaonline\/wp-json\/wp\/v2\/product_brand?post=137826"},{"taxonomy":"product_cat","embeddable":true,"href":"https:\/\/adl-regalosempresa.com\/tiendaonline\/wp-json\/wp\/v2\/product_cat?post=137826"},{"taxonomy":"product_tag","embeddable":true,"href":"https:\/\/adl-regalosempresa.com\/tiendaonline\/wp-json\/wp\/v2\/product_tag?post=137826"}],"curies":[{"name":"wp","href":"https:\/\/api.w.org\/{rel}","templated":true}]}}