{"id":137704,"date":"2026-04-10T06:04:12","date_gmt":"2026-04-10T06:04:12","guid":{"rendered":"https:\/\/adl-regalosempresa.com\/tiendaonline\/articulos\/merchandising\/mezcla-de-hierbas-para-jardin-de-sobremesa-juego-de-tres-para-personalizar-con-logo\/"},"modified":"2026-04-10T06:06:03","modified_gmt":"2026-04-10T06:06:03","slug":"mezcla-de-hierbas-para-jardin-de-sobremesa-juego-de-tres-para-personalizar-con-logo","status":"publish","type":"product","link":"https:\/\/adl-regalosempresa.com\/tiendaonline\/articulos\/merchandising\/mezcla-de-hierbas-para-jardin-de-sobremesa-juego-de-tres-para-personalizar-con-logo\/","title":{"rendered":"Mezcla de hierbas para jard\u00edn de sobremesa, juego de tres,  para personalizar con logo"},"content":{"rendered":"<p>Este set de jardiner\u00eda de sobremesa contiene tres macetas de aluminio cepillado reciclado. Incluye innovadoras bolas de semillas que germinar\u00e1n en 1-2 semanas y que contienen una mezcla de hierbas(cebollino, albahaca dulce, perejil, eneldo y mejorana dulce). Cada maceta incluye un tap\u00f3n de corcho, instrucciones de cultivo y discos de tierra org\u00e1nica. Y una vez que tus plantas hayan crecido, puedes reutilizar las macetas para cultivar de nuevo, utilizarlas como almacenaje o reciclarlas. Se entrega en una caja de regalo que puede rotularse. Fabricado en Europa.<\/p>\n","protected":false},"excerpt":{"rendered":"<p><strong>Descuentos por cantidades<\/strong><br \/>&#8211; a partir de 100 unidades: 19,86 \u20ac\/ud<br \/>&#8211; a partir de 250 unidades: 17,14 \u20ac\/ud<br \/>&#8211; a partir de 500 unidades: 15,71 \u20ac\/ud<\/p>\n<p>Para cantidades superiores a las aqu\u00ed indicadas, no dudes en ponerte en contacto con nuestro departamento comercial o <a href='https:\/\/adl-regalosempresa.com\/tiendaonline\/solicitud-presupuesto\/'>pedirnos presupuesto personalizado<\/a>, ajustaremos el presupuesto a tus necesidades.<\/p>\n","protected":false},"featured_media":137706,"template":"","meta":{"_kad_post_transparent":"","_kad_post_title":"","_kad_post_layout":"","_kad_post_sidebar_id":"","_kad_post_content_style":"","_kad_post_vertical_padding":"","_kad_post_feature":"","_kad_post_feature_position":"","_kad_post_header":false,"_kad_post_footer":false,"_kad_post_classname":""},"product_brand":[],"product_cat":[4186,3519],"product_tag":[],"class_list":{"0":"post-137704","1":"product","2":"type-product","3":"status-publish","4":"has-post-thumbnail","6":"product_cat-accesorios-del-hogar","7":"product_cat-articulos-personalizados-hogar","8":"pa_alto-5-cm","9":"pa_ancho-15-cm","10":"pa_color-negro-intenso","11":"pa_color-plateado","12":"pa_color-simple-gris","13":"pa_color-simple-negro-intenso","14":"pa_largo-15-cm","15":"pa_marca-hey-pots","16":"pa_material-corcho-aluminio-reciclado","17":"pa_peso-150-gr","19":"first","20":"instock","21":"taxable","22":"shipping-taxable","23":"purchasable","24":"product-type-variable","25":"entry","26":"content-bg","27":"loop-entry"},"yoast_head":"<!-- This site is optimized with the Yoast SEO plugin v26.3 - https:\/\/yoast.com\/wordpress\/plugins\/seo\/ -->\n<title>Merchandising Mezcla de hierbas para jard\u00edn de sobremesa, juego de tres, para personalizar con logo - ADL<\/title>\n<meta name=\"description\" content=\"Art\u00edculo de merchandising Mezcla de hierbas para jard\u00edn de sobremesa, juego de tres, &quot;Hey Pots&quot;. Este set de jardiner\u00eda de sobremesa contiene tres macetas de aluminio cepillado reciclado. Incluye innovadoras bolas de semillas que germinar\u00e1n en 1-2 semanas y que contienen una mezcla de hierbas(cebollino, albahaca dulce, perejil, eneldo y mejorana dulce). Cada maceta incluye un tap\u00f3n de corcho, instrucciones de cultivo y discos de tierra org\u00e1nica. Y una vez que tus plantas hayan crecido, puedes reutilizar las macetas para cultivar de nuevo, utilizarlas como almacenaje o reciclarlas. Se entrega en una caja de regalo que puede rotularse. Fabricado en Europa.\" \/>\n<meta name=\"robots\" content=\"index, follow, max-snippet:-1, max-image-preview:large, max-video-preview:-1\" \/>\n<link rel=\"canonical\" href=\"https:\/\/adl-regalosempresa.com\/tiendaonline\/articulos\/merchandising\/mezcla-de-hierbas-para-jardin-de-sobremesa-juego-de-tres-para-personalizar-con-logo\/\" \/>\n<meta property=\"og:locale\" content=\"es_ES\" \/>\n<meta property=\"og:type\" content=\"article\" \/>\n<meta property=\"og:title\" content=\"Merchandising Mezcla de hierbas para jard\u00edn de sobremesa, juego de tres, para personalizar con logo - ADL\" \/>\n<meta property=\"og:description\" content=\"Art\u00edculo de merchandising Mezcla de hierbas para jard\u00edn de sobremesa, juego de tres, &quot;Hey Pots&quot;. Este set de jardiner\u00eda de sobremesa contiene tres macetas de aluminio cepillado reciclado. Incluye innovadoras bolas de semillas que germinar\u00e1n en 1-2 semanas y que contienen una mezcla de hierbas(cebollino, albahaca dulce, perejil, eneldo y mejorana dulce). Cada maceta incluye un tap\u00f3n de corcho, instrucciones de cultivo y discos de tierra org\u00e1nica. Y una vez que tus plantas hayan crecido, puedes reutilizar las macetas para cultivar de nuevo, utilizarlas como almacenaje o reciclarlas. Se entrega en una caja de regalo que puede rotularse. Fabricado en Europa.\" \/>\n<meta property=\"og:url\" content=\"https:\/\/adl-regalosempresa.com\/tiendaonline\/articulos\/merchandising\/mezcla-de-hierbas-para-jardin-de-sobremesa-juego-de-tres-para-personalizar-con-logo\/\" \/>\n<meta property=\"og:site_name\" content=\"ADL Comunicaci\u00f3n\" \/>\n<meta property=\"article:modified_time\" content=\"2026-04-10T06:06:03+00:00\" \/>\n<meta property=\"og:image\" content=\"https:\/\/adl-regalosempresa.com\/tiendaonline\/wp-content\/uploads\/2024\/08\/1PY00281.jpg\" \/>\n\t<meta property=\"og:image:width\" content=\"1600\" \/>\n\t<meta property=\"og:image:height\" content=\"1600\" \/>\n\t<meta property=\"og:image:type\" content=\"image\/jpeg\" \/>\n<meta name=\"twitter:card\" content=\"summary_large_image\" \/>\n<meta name=\"twitter:title\" content=\"Merchandising Mezcla de hierbas para jard\u00edn de sobremesa, juego de tres, para personalizar con logo - ADL\" \/>\n<script type=\"application\/ld+json\" class=\"yoast-schema-graph\">{\"@context\":\"https:\/\/schema.org\",\"@graph\":[{\"@type\":\"WebPage\",\"@id\":\"https:\/\/adl-regalosempresa.com\/tiendaonline\/articulos\/merchandising\/mezcla-de-hierbas-para-jardin-de-sobremesa-juego-de-tres-para-personalizar-con-logo\/\",\"url\":\"https:\/\/adl-regalosempresa.com\/tiendaonline\/articulos\/merchandising\/mezcla-de-hierbas-para-jardin-de-sobremesa-juego-de-tres-para-personalizar-con-logo\/\",\"name\":\"Merchandising Mezcla de hierbas para jard\u00edn de sobremesa, juego de tres, para personalizar con logo - ADL\",\"isPartOf\":{\"@id\":\"https:\/\/adl-regalosempresa.com\/tiendaonline\/#website\"},\"primaryImageOfPage\":{\"@id\":\"https:\/\/adl-regalosempresa.com\/tiendaonline\/articulos\/merchandising\/mezcla-de-hierbas-para-jardin-de-sobremesa-juego-de-tres-para-personalizar-con-logo\/#primaryimage\"},\"image\":{\"@id\":\"https:\/\/adl-regalosempresa.com\/tiendaonline\/articulos\/merchandising\/mezcla-de-hierbas-para-jardin-de-sobremesa-juego-de-tres-para-personalizar-con-logo\/#primaryimage\"},\"thumbnailUrl\":\"https:\/\/adl-regalosempresa.com\/tiendaonline\/wp-content\/uploads\/2024\/08\/1PY00281.jpg\",\"datePublished\":\"2026-04-10T06:04:12+00:00\",\"dateModified\":\"2026-04-10T06:06:03+00:00\",\"description\":\"Art\u00edculo de merchandising Mezcla de hierbas para jard\u00edn de sobremesa, juego de tres, \\\"Hey Pots\\\". Este set de jardiner\u00eda de sobremesa contiene tres macetas de aluminio cepillado reciclado. Incluye innovadoras bolas de semillas que germinar\u00e1n en 1-2 semanas y que contienen una mezcla de hierbas(cebollino, albahaca dulce, perejil, eneldo y mejorana dulce). Cada maceta incluye un tap\u00f3n de corcho, instrucciones de cultivo y discos de tierra org\u00e1nica. Y una vez que tus plantas hayan crecido, puedes reutilizar las macetas para cultivar de nuevo, utilizarlas como almacenaje o reciclarlas. Se entrega en una caja de regalo que puede rotularse. Fabricado en Europa.\",\"breadcrumb\":{\"@id\":\"https:\/\/adl-regalosempresa.com\/tiendaonline\/articulos\/merchandising\/mezcla-de-hierbas-para-jardin-de-sobremesa-juego-de-tres-para-personalizar-con-logo\/#breadcrumb\"},\"inLanguage\":\"es\",\"potentialAction\":[{\"@type\":\"ReadAction\",\"target\":[\"https:\/\/adl-regalosempresa.com\/tiendaonline\/articulos\/merchandising\/mezcla-de-hierbas-para-jardin-de-sobremesa-juego-de-tres-para-personalizar-con-logo\/\"]}]},{\"@type\":\"ImageObject\",\"inLanguage\":\"es\",\"@id\":\"https:\/\/adl-regalosempresa.com\/tiendaonline\/articulos\/merchandising\/mezcla-de-hierbas-para-jardin-de-sobremesa-juego-de-tres-para-personalizar-con-logo\/#primaryimage\",\"url\":\"https:\/\/adl-regalosempresa.com\/tiendaonline\/wp-content\/uploads\/2024\/08\/1PY00281.jpg\",\"contentUrl\":\"https:\/\/adl-regalosempresa.com\/tiendaonline\/wp-content\/uploads\/2024\/08\/1PY00281.jpg\",\"width\":1600,\"height\":1600,\"caption\":\"Mezcla de hierbas para jard\u00edn de sobremesa\"},{\"@type\":\"BreadcrumbList\",\"@id\":\"https:\/\/adl-regalosempresa.com\/tiendaonline\/articulos\/merchandising\/mezcla-de-hierbas-para-jardin-de-sobremesa-juego-de-tres-para-personalizar-con-logo\/#breadcrumb\",\"itemListElement\":[{\"@type\":\"ListItem\",\"position\":1,\"name\":\"Portada\",\"item\":\"https:\/\/adl-regalosempresa.com\/tiendaonline\/\"},{\"@type\":\"ListItem\",\"position\":2,\"name\":\"Tienda\",\"item\":\"https:\/\/adl-regalosempresa.com\/tiendaonline\/tienda\/\"},{\"@type\":\"ListItem\",\"position\":3,\"name\":\"Mezcla de hierbas para jard\u00edn de sobremesa, juego de tres, para personalizar con logo\"}]},{\"@type\":\"WebSite\",\"@id\":\"https:\/\/adl-regalosempresa.com\/tiendaonline\/#website\",\"url\":\"https:\/\/adl-regalosempresa.com\/tiendaonline\/\",\"name\":\"ADL Comunicaci\u00f3n\",\"description\":\"Regalos de empresa\",\"publisher\":{\"@id\":\"https:\/\/adl-regalosempresa.com\/tiendaonline\/#organization\"},\"potentialAction\":[{\"@type\":\"SearchAction\",\"target\":{\"@type\":\"EntryPoint\",\"urlTemplate\":\"https:\/\/adl-regalosempresa.com\/tiendaonline\/?s={search_term_string}\"},\"query-input\":{\"@type\":\"PropertyValueSpecification\",\"valueRequired\":true,\"valueName\":\"search_term_string\"}}],\"inLanguage\":\"es\"},{\"@type\":\"Organization\",\"@id\":\"https:\/\/adl-regalosempresa.com\/tiendaonline\/#organization\",\"name\":\"ADL Comunicaci\u00f3n\",\"url\":\"https:\/\/adl-regalosempresa.com\/tiendaonline\/\",\"logo\":{\"@type\":\"ImageObject\",\"inLanguage\":\"es\",\"@id\":\"https:\/\/adl-regalosempresa.com\/tiendaonline\/#\/schema\/logo\/image\/\",\"url\":\"https:\/\/adl-regalosempresa.com\/tiendaonline\/wp-content\/uploads\/2017\/09\/logo-adl-wp.png\",\"contentUrl\":\"https:\/\/adl-regalosempresa.com\/tiendaonline\/wp-content\/uploads\/2017\/09\/logo-adl-wp.png\",\"width\":407,\"height\":185,\"caption\":\"ADL Comunicaci\u00f3n\"},\"image\":{\"@id\":\"https:\/\/adl-regalosempresa.com\/tiendaonline\/#\/schema\/logo\/image\/\"}}]}<\/script>\n<!-- \/ Yoast SEO plugin. -->","yoast_head_json":{"title":"Merchandising Mezcla de hierbas para jard\u00edn de sobremesa, juego de tres, para personalizar con logo - ADL","description":"Art\u00edculo de merchandising Mezcla de hierbas para jard\u00edn de sobremesa, juego de tres, \"Hey Pots\". Este set de jardiner\u00eda de sobremesa contiene tres macetas de aluminio cepillado reciclado. Incluye innovadoras bolas de semillas que germinar\u00e1n en 1-2 semanas y que contienen una mezcla de hierbas(cebollino, albahaca dulce, perejil, eneldo y mejorana dulce). Cada maceta incluye un tap\u00f3n de corcho, instrucciones de cultivo y discos de tierra org\u00e1nica. Y una vez que tus plantas hayan crecido, puedes reutilizar las macetas para cultivar de nuevo, utilizarlas como almacenaje o reciclarlas. Se entrega en una caja de regalo que puede rotularse. Fabricado en Europa.","robots":{"index":"index","follow":"follow","max-snippet":"max-snippet:-1","max-image-preview":"max-image-preview:large","max-video-preview":"max-video-preview:-1"},"canonical":"https:\/\/adl-regalosempresa.com\/tiendaonline\/articulos\/merchandising\/mezcla-de-hierbas-para-jardin-de-sobremesa-juego-de-tres-para-personalizar-con-logo\/","og_locale":"es_ES","og_type":"article","og_title":"Merchandising Mezcla de hierbas para jard\u00edn de sobremesa, juego de tres, para personalizar con logo - ADL","og_description":"Art\u00edculo de merchandising Mezcla de hierbas para jard\u00edn de sobremesa, juego de tres, \"Hey Pots\". Este set de jardiner\u00eda de sobremesa contiene tres macetas de aluminio cepillado reciclado. Incluye innovadoras bolas de semillas que germinar\u00e1n en 1-2 semanas y que contienen una mezcla de hierbas(cebollino, albahaca dulce, perejil, eneldo y mejorana dulce). Cada maceta incluye un tap\u00f3n de corcho, instrucciones de cultivo y discos de tierra org\u00e1nica. Y una vez que tus plantas hayan crecido, puedes reutilizar las macetas para cultivar de nuevo, utilizarlas como almacenaje o reciclarlas. Se entrega en una caja de regalo que puede rotularse. Fabricado en Europa.","og_url":"https:\/\/adl-regalosempresa.com\/tiendaonline\/articulos\/merchandising\/mezcla-de-hierbas-para-jardin-de-sobremesa-juego-de-tres-para-personalizar-con-logo\/","og_site_name":"ADL Comunicaci\u00f3n","article_modified_time":"2026-04-10T06:06:03+00:00","og_image":[{"width":1600,"height":1600,"url":"https:\/\/adl-regalosempresa.com\/tiendaonline\/wp-content\/uploads\/2024\/08\/1PY00281.jpg","type":"image\/jpeg"}],"twitter_card":"summary_large_image","twitter_title":"Merchandising Mezcla de hierbas para jard\u00edn de sobremesa, juego de tres, para personalizar con logo - ADL","schema":{"@context":"https:\/\/schema.org","@graph":[{"@type":"WebPage","@id":"https:\/\/adl-regalosempresa.com\/tiendaonline\/articulos\/merchandising\/mezcla-de-hierbas-para-jardin-de-sobremesa-juego-de-tres-para-personalizar-con-logo\/","url":"https:\/\/adl-regalosempresa.com\/tiendaonline\/articulos\/merchandising\/mezcla-de-hierbas-para-jardin-de-sobremesa-juego-de-tres-para-personalizar-con-logo\/","name":"Merchandising Mezcla de hierbas para jard\u00edn de sobremesa, juego de tres, para personalizar con logo - ADL","isPartOf":{"@id":"https:\/\/adl-regalosempresa.com\/tiendaonline\/#website"},"primaryImageOfPage":{"@id":"https:\/\/adl-regalosempresa.com\/tiendaonline\/articulos\/merchandising\/mezcla-de-hierbas-para-jardin-de-sobremesa-juego-de-tres-para-personalizar-con-logo\/#primaryimage"},"image":{"@id":"https:\/\/adl-regalosempresa.com\/tiendaonline\/articulos\/merchandising\/mezcla-de-hierbas-para-jardin-de-sobremesa-juego-de-tres-para-personalizar-con-logo\/#primaryimage"},"thumbnailUrl":"https:\/\/adl-regalosempresa.com\/tiendaonline\/wp-content\/uploads\/2024\/08\/1PY00281.jpg","datePublished":"2026-04-10T06:04:12+00:00","dateModified":"2026-04-10T06:06:03+00:00","description":"Art\u00edculo de merchandising Mezcla de hierbas para jard\u00edn de sobremesa, juego de tres, \"Hey Pots\". Este set de jardiner\u00eda de sobremesa contiene tres macetas de aluminio cepillado reciclado. Incluye innovadoras bolas de semillas que germinar\u00e1n en 1-2 semanas y que contienen una mezcla de hierbas(cebollino, albahaca dulce, perejil, eneldo y mejorana dulce). Cada maceta incluye un tap\u00f3n de corcho, instrucciones de cultivo y discos de tierra org\u00e1nica. Y una vez que tus plantas hayan crecido, puedes reutilizar las macetas para cultivar de nuevo, utilizarlas como almacenaje o reciclarlas. Se entrega en una caja de regalo que puede rotularse. Fabricado en Europa.","breadcrumb":{"@id":"https:\/\/adl-regalosempresa.com\/tiendaonline\/articulos\/merchandising\/mezcla-de-hierbas-para-jardin-de-sobremesa-juego-de-tres-para-personalizar-con-logo\/#breadcrumb"},"inLanguage":"es","potentialAction":[{"@type":"ReadAction","target":["https:\/\/adl-regalosempresa.com\/tiendaonline\/articulos\/merchandising\/mezcla-de-hierbas-para-jardin-de-sobremesa-juego-de-tres-para-personalizar-con-logo\/"]}]},{"@type":"ImageObject","inLanguage":"es","@id":"https:\/\/adl-regalosempresa.com\/tiendaonline\/articulos\/merchandising\/mezcla-de-hierbas-para-jardin-de-sobremesa-juego-de-tres-para-personalizar-con-logo\/#primaryimage","url":"https:\/\/adl-regalosempresa.com\/tiendaonline\/wp-content\/uploads\/2024\/08\/1PY00281.jpg","contentUrl":"https:\/\/adl-regalosempresa.com\/tiendaonline\/wp-content\/uploads\/2024\/08\/1PY00281.jpg","width":1600,"height":1600,"caption":"Mezcla de hierbas para jard\u00edn de sobremesa"},{"@type":"BreadcrumbList","@id":"https:\/\/adl-regalosempresa.com\/tiendaonline\/articulos\/merchandising\/mezcla-de-hierbas-para-jardin-de-sobremesa-juego-de-tres-para-personalizar-con-logo\/#breadcrumb","itemListElement":[{"@type":"ListItem","position":1,"name":"Portada","item":"https:\/\/adl-regalosempresa.com\/tiendaonline\/"},{"@type":"ListItem","position":2,"name":"Tienda","item":"https:\/\/adl-regalosempresa.com\/tiendaonline\/tienda\/"},{"@type":"ListItem","position":3,"name":"Mezcla de hierbas para jard\u00edn de sobremesa, juego de tres, para personalizar con logo"}]},{"@type":"WebSite","@id":"https:\/\/adl-regalosempresa.com\/tiendaonline\/#website","url":"https:\/\/adl-regalosempresa.com\/tiendaonline\/","name":"ADL Comunicaci\u00f3n","description":"Regalos de empresa","publisher":{"@id":"https:\/\/adl-regalosempresa.com\/tiendaonline\/#organization"},"potentialAction":[{"@type":"SearchAction","target":{"@type":"EntryPoint","urlTemplate":"https:\/\/adl-regalosempresa.com\/tiendaonline\/?s={search_term_string}"},"query-input":{"@type":"PropertyValueSpecification","valueRequired":true,"valueName":"search_term_string"}}],"inLanguage":"es"},{"@type":"Organization","@id":"https:\/\/adl-regalosempresa.com\/tiendaonline\/#organization","name":"ADL Comunicaci\u00f3n","url":"https:\/\/adl-regalosempresa.com\/tiendaonline\/","logo":{"@type":"ImageObject","inLanguage":"es","@id":"https:\/\/adl-regalosempresa.com\/tiendaonline\/#\/schema\/logo\/image\/","url":"https:\/\/adl-regalosempresa.com\/tiendaonline\/wp-content\/uploads\/2017\/09\/logo-adl-wp.png","contentUrl":"https:\/\/adl-regalosempresa.com\/tiendaonline\/wp-content\/uploads\/2017\/09\/logo-adl-wp.png","width":407,"height":185,"caption":"ADL Comunicaci\u00f3n"},"image":{"@id":"https:\/\/adl-regalosempresa.com\/tiendaonline\/#\/schema\/logo\/image\/"}}]}},"_links":{"self":[{"href":"https:\/\/adl-regalosempresa.com\/tiendaonline\/wp-json\/wp\/v2\/product\/137704","targetHints":{"allow":["GET"]}}],"collection":[{"href":"https:\/\/adl-regalosempresa.com\/tiendaonline\/wp-json\/wp\/v2\/product"}],"about":[{"href":"https:\/\/adl-regalosempresa.com\/tiendaonline\/wp-json\/wp\/v2\/types\/product"}],"wp:featuredmedia":[{"embeddable":true,"href":"https:\/\/adl-regalosempresa.com\/tiendaonline\/wp-json\/wp\/v2\/media\/137706"}],"wp:attachment":[{"href":"https:\/\/adl-regalosempresa.com\/tiendaonline\/wp-json\/wp\/v2\/media?parent=137704"}],"wp:term":[{"taxonomy":"product_brand","embeddable":true,"href":"https:\/\/adl-regalosempresa.com\/tiendaonline\/wp-json\/wp\/v2\/product_brand?post=137704"},{"taxonomy":"product_cat","embeddable":true,"href":"https:\/\/adl-regalosempresa.com\/tiendaonline\/wp-json\/wp\/v2\/product_cat?post=137704"},{"taxonomy":"product_tag","embeddable":true,"href":"https:\/\/adl-regalosempresa.com\/tiendaonline\/wp-json\/wp\/v2\/product_tag?post=137704"}],"curies":[{"name":"wp","href":"https:\/\/api.w.org\/{rel}","templated":true}]}}