{"id":137690,"date":"2026-03-31T06:12:26","date_gmt":"2026-03-31T06:12:26","guid":{"rendered":"https:\/\/adl-regalosempresa.com\/tiendaonline\/articulos\/merchandising\/reloj-inteligente-con-alexa-para-personalizar-con-logo\/"},"modified":"2026-04-28T06:17:17","modified_gmt":"2026-04-28T06:17:17","slug":"reloj-inteligente-con-alexa-para-personalizar-con-logo","status":"publish","type":"product","link":"https:\/\/adl-regalosempresa.com\/tiendaonline\/articulos\/merchandising\/reloj-inteligente-con-alexa-para-personalizar-con-logo\/","title":{"rendered":"Reloj inteligente con Alexa  para personalizar con logo"},"content":{"rendered":"<p>El reloj inteligente \u00abAlexa\u00a0SWB32\u00bb tiene una pantalla AMOLED que proporciona una calidad de color inmejorable. Dispone de una memoria flash de 1\u00a0GB para almacenar rutas, canciones favoritas y otros datos. Adem\u00e1s, con su tecnolog\u00eda TWS, puede conectarse directamente a auriculares o altavoces inal\u00e1mbricos. El reloj inteligente ofrece diferentes funciones para medir la actividad f\u00edsica diaria y cuenta con un riguroso modo multideporte que mide con precisi\u00f3n hasta 100\u00a0actividades diferentes. Tambi\u00e9n integra el asistente de voz Alexa, con el que se puede acceder a informaci\u00f3n y controlar funciones.<\/p>\n","protected":false},"excerpt":{"rendered":"<p><strong>Descuentos por cantidades<\/strong><br \/>&#8211; a partir de 2 unidades: 55,79 \u20ac\/ud<br \/>&#8211; a partir de 5 unidades: 55,06 \u20ac\/ud<br \/>&#8211; a partir de 10 unidades: 54,35 \u20ac\/ud<\/p>\n<p>Para cantidades superiores a las aqu\u00ed indicadas, no dudes en ponerte en contacto con nuestro departamento comercial o <a href='https:\/\/adl-regalosempresa.com\/tiendaonline\/solicitud-presupuesto\/'>pedirnos presupuesto personalizado<\/a>, ajustaremos el presupuesto a tus necesidades.<\/p>\n","protected":false},"featured_media":137692,"template":"","meta":{"_kad_post_transparent":"","_kad_post_title":"","_kad_post_layout":"","_kad_post_sidebar_id":"","_kad_post_content_style":"","_kad_post_vertical_padding":"","_kad_post_feature":"","_kad_post_feature_position":"","_kad_post_header":false,"_kad_post_footer":false,"_kad_post_classname":""},"product_brand":[],"product_cat":[3745,486],"product_tag":[],"class_list":{"0":"post-137690","1":"product","2":"type-product","3":"status-publish","4":"has-post-thumbnail","6":"product_cat-smartwatch","7":"product_cat-tecnologia","8":"pa_alto-55-cm","9":"pa_ancho-75-cm","10":"pa_color-negro-intenso","11":"pa_color-simple-negro-intenso","12":"pa_largo-11-cm","13":"pa_marca-prixton","14":"pa_material-plastico","15":"pa_peso-629-gr","17":"first","18":"instock","19":"taxable","20":"shipping-taxable","21":"product-type-variable","22":"entry","23":"content-bg","24":"loop-entry"},"yoast_head":"<!-- This site is optimized with the Yoast SEO plugin v26.3 - https:\/\/yoast.com\/wordpress\/plugins\/seo\/ -->\n<title>Merchandising Reloj inteligente con Alexa para personalizar con logo - ADL<\/title>\n<meta name=\"description\" content=\"Art\u00edculo de merchandising Reloj inteligente con Alexa &quot;Prixton SWB32&quot;. El reloj inteligente &quot;Alexa\u00a0SWB32&quot; tiene una pantalla AMOLED que proporciona una calidad de color inmejorable. Dispone de una memoria flash de 1\u00a0GB para almacenar rutas, canciones favoritas y otros datos. Adem\u00e1s, con su tecnolog\u00eda TWS, puede conectarse directamente a auriculares o altavoces inal\u00e1mbricos. El reloj inteligente ofrece diferentes funciones para medir la actividad f\u00edsica diaria y cuenta con un riguroso modo multideporte que mide con precisi\u00f3n hasta 100\u00a0actividades diferentes. Tambi\u00e9n integra el asistente de voz Alexa, con el que se puede acceder a informaci\u00f3n y controlar funciones.\" \/>\n<meta name=\"robots\" content=\"index, follow, max-snippet:-1, max-image-preview:large, max-video-preview:-1\" \/>\n<link rel=\"canonical\" href=\"https:\/\/adl-regalosempresa.com\/tiendaonline\/articulos\/merchandising\/reloj-inteligente-con-alexa-para-personalizar-con-logo\/\" \/>\n<meta property=\"og:locale\" content=\"es_ES\" \/>\n<meta property=\"og:type\" content=\"article\" \/>\n<meta property=\"og:title\" content=\"Merchandising Reloj inteligente con Alexa para personalizar con logo - ADL\" \/>\n<meta property=\"og:description\" content=\"Art\u00edculo de merchandising Reloj inteligente con Alexa &quot;Prixton SWB32&quot;. El reloj inteligente &quot;Alexa\u00a0SWB32&quot; tiene una pantalla AMOLED que proporciona una calidad de color inmejorable. Dispone de una memoria flash de 1\u00a0GB para almacenar rutas, canciones favoritas y otros datos. Adem\u00e1s, con su tecnolog\u00eda TWS, puede conectarse directamente a auriculares o altavoces inal\u00e1mbricos. El reloj inteligente ofrece diferentes funciones para medir la actividad f\u00edsica diaria y cuenta con un riguroso modo multideporte que mide con precisi\u00f3n hasta 100\u00a0actividades diferentes. Tambi\u00e9n integra el asistente de voz Alexa, con el que se puede acceder a informaci\u00f3n y controlar funciones.\" \/>\n<meta property=\"og:url\" content=\"https:\/\/adl-regalosempresa.com\/tiendaonline\/articulos\/merchandising\/reloj-inteligente-con-alexa-para-personalizar-con-logo\/\" \/>\n<meta property=\"og:site_name\" content=\"ADL Comunicaci\u00f3n\" \/>\n<meta property=\"article:modified_time\" content=\"2026-04-28T06:17:17+00:00\" \/>\n<meta property=\"og:image\" content=\"https:\/\/adl-regalosempresa.com\/tiendaonline\/wp-content\/uploads\/2024\/08\/1PA18090.jpg\" \/>\n\t<meta property=\"og:image:width\" content=\"1600\" \/>\n\t<meta property=\"og:image:height\" content=\"1600\" \/>\n\t<meta property=\"og:image:type\" content=\"image\/jpeg\" \/>\n<meta name=\"twitter:card\" content=\"summary_large_image\" \/>\n<meta name=\"twitter:title\" content=\"Merchandising Reloj inteligente con Alexa para personalizar con logo - ADL\" \/>\n<script type=\"application\/ld+json\" class=\"yoast-schema-graph\">{\"@context\":\"https:\/\/schema.org\",\"@graph\":[{\"@type\":\"WebPage\",\"@id\":\"https:\/\/adl-regalosempresa.com\/tiendaonline\/articulos\/merchandising\/reloj-inteligente-con-alexa-para-personalizar-con-logo\/\",\"url\":\"https:\/\/adl-regalosempresa.com\/tiendaonline\/articulos\/merchandising\/reloj-inteligente-con-alexa-para-personalizar-con-logo\/\",\"name\":\"Merchandising Reloj inteligente con Alexa para personalizar con logo - ADL\",\"isPartOf\":{\"@id\":\"https:\/\/adl-regalosempresa.com\/tiendaonline\/#website\"},\"primaryImageOfPage\":{\"@id\":\"https:\/\/adl-regalosempresa.com\/tiendaonline\/articulos\/merchandising\/reloj-inteligente-con-alexa-para-personalizar-con-logo\/#primaryimage\"},\"image\":{\"@id\":\"https:\/\/adl-regalosempresa.com\/tiendaonline\/articulos\/merchandising\/reloj-inteligente-con-alexa-para-personalizar-con-logo\/#primaryimage\"},\"thumbnailUrl\":\"https:\/\/adl-regalosempresa.com\/tiendaonline\/wp-content\/uploads\/2024\/08\/1PA18090.jpg\",\"datePublished\":\"2026-03-31T06:12:26+00:00\",\"dateModified\":\"2026-04-28T06:17:17+00:00\",\"description\":\"Art\u00edculo de merchandising Reloj inteligente con Alexa \\\"Prixton SWB32\\\". El reloj inteligente \\\"Alexa\u00a0SWB32\\\" tiene una pantalla AMOLED que proporciona una calidad de color inmejorable. Dispone de una memoria flash de 1\u00a0GB para almacenar rutas, canciones favoritas y otros datos. Adem\u00e1s, con su tecnolog\u00eda TWS, puede conectarse directamente a auriculares o altavoces inal\u00e1mbricos. El reloj inteligente ofrece diferentes funciones para medir la actividad f\u00edsica diaria y cuenta con un riguroso modo multideporte que mide con precisi\u00f3n hasta 100\u00a0actividades diferentes. Tambi\u00e9n integra el asistente de voz Alexa, con el que se puede acceder a informaci\u00f3n y controlar funciones.\",\"breadcrumb\":{\"@id\":\"https:\/\/adl-regalosempresa.com\/tiendaonline\/articulos\/merchandising\/reloj-inteligente-con-alexa-para-personalizar-con-logo\/#breadcrumb\"},\"inLanguage\":\"es\",\"potentialAction\":[{\"@type\":\"ReadAction\",\"target\":[\"https:\/\/adl-regalosempresa.com\/tiendaonline\/articulos\/merchandising\/reloj-inteligente-con-alexa-para-personalizar-con-logo\/\"]}]},{\"@type\":\"ImageObject\",\"inLanguage\":\"es\",\"@id\":\"https:\/\/adl-regalosempresa.com\/tiendaonline\/articulos\/merchandising\/reloj-inteligente-con-alexa-para-personalizar-con-logo\/#primaryimage\",\"url\":\"https:\/\/adl-regalosempresa.com\/tiendaonline\/wp-content\/uploads\/2024\/08\/1PA18090.jpg\",\"contentUrl\":\"https:\/\/adl-regalosempresa.com\/tiendaonline\/wp-content\/uploads\/2024\/08\/1PA18090.jpg\",\"width\":1600,\"height\":1600,\"caption\":\"Reloj inteligente con Alexa \\\"Prixton SWB32\\\"\"},{\"@type\":\"BreadcrumbList\",\"@id\":\"https:\/\/adl-regalosempresa.com\/tiendaonline\/articulos\/merchandising\/reloj-inteligente-con-alexa-para-personalizar-con-logo\/#breadcrumb\",\"itemListElement\":[{\"@type\":\"ListItem\",\"position\":1,\"name\":\"Portada\",\"item\":\"https:\/\/adl-regalosempresa.com\/tiendaonline\/\"},{\"@type\":\"ListItem\",\"position\":2,\"name\":\"Tienda\",\"item\":\"https:\/\/adl-regalosempresa.com\/tiendaonline\/tienda\/\"},{\"@type\":\"ListItem\",\"position\":3,\"name\":\"Reloj inteligente con Alexa para personalizar con logo\"}]},{\"@type\":\"WebSite\",\"@id\":\"https:\/\/adl-regalosempresa.com\/tiendaonline\/#website\",\"url\":\"https:\/\/adl-regalosempresa.com\/tiendaonline\/\",\"name\":\"ADL Comunicaci\u00f3n\",\"description\":\"Regalos de empresa\",\"publisher\":{\"@id\":\"https:\/\/adl-regalosempresa.com\/tiendaonline\/#organization\"},\"potentialAction\":[{\"@type\":\"SearchAction\",\"target\":{\"@type\":\"EntryPoint\",\"urlTemplate\":\"https:\/\/adl-regalosempresa.com\/tiendaonline\/?s={search_term_string}\"},\"query-input\":{\"@type\":\"PropertyValueSpecification\",\"valueRequired\":true,\"valueName\":\"search_term_string\"}}],\"inLanguage\":\"es\"},{\"@type\":\"Organization\",\"@id\":\"https:\/\/adl-regalosempresa.com\/tiendaonline\/#organization\",\"name\":\"ADL Comunicaci\u00f3n\",\"url\":\"https:\/\/adl-regalosempresa.com\/tiendaonline\/\",\"logo\":{\"@type\":\"ImageObject\",\"inLanguage\":\"es\",\"@id\":\"https:\/\/adl-regalosempresa.com\/tiendaonline\/#\/schema\/logo\/image\/\",\"url\":\"https:\/\/adl-regalosempresa.com\/tiendaonline\/wp-content\/uploads\/2017\/09\/logo-adl-wp.png\",\"contentUrl\":\"https:\/\/adl-regalosempresa.com\/tiendaonline\/wp-content\/uploads\/2017\/09\/logo-adl-wp.png\",\"width\":407,\"height\":185,\"caption\":\"ADL Comunicaci\u00f3n\"},\"image\":{\"@id\":\"https:\/\/adl-regalosempresa.com\/tiendaonline\/#\/schema\/logo\/image\/\"}}]}<\/script>\n<!-- \/ Yoast SEO plugin. -->","yoast_head_json":{"title":"Merchandising Reloj inteligente con Alexa para personalizar con logo - ADL","description":"Art\u00edculo de merchandising Reloj inteligente con Alexa \"Prixton SWB32\". El reloj inteligente \"Alexa\u00a0SWB32\" tiene una pantalla AMOLED que proporciona una calidad de color inmejorable. Dispone de una memoria flash de 1\u00a0GB para almacenar rutas, canciones favoritas y otros datos. Adem\u00e1s, con su tecnolog\u00eda TWS, puede conectarse directamente a auriculares o altavoces inal\u00e1mbricos. El reloj inteligente ofrece diferentes funciones para medir la actividad f\u00edsica diaria y cuenta con un riguroso modo multideporte que mide con precisi\u00f3n hasta 100\u00a0actividades diferentes. Tambi\u00e9n integra el asistente de voz Alexa, con el que se puede acceder a informaci\u00f3n y controlar funciones.","robots":{"index":"index","follow":"follow","max-snippet":"max-snippet:-1","max-image-preview":"max-image-preview:large","max-video-preview":"max-video-preview:-1"},"canonical":"https:\/\/adl-regalosempresa.com\/tiendaonline\/articulos\/merchandising\/reloj-inteligente-con-alexa-para-personalizar-con-logo\/","og_locale":"es_ES","og_type":"article","og_title":"Merchandising Reloj inteligente con Alexa para personalizar con logo - ADL","og_description":"Art\u00edculo de merchandising Reloj inteligente con Alexa \"Prixton SWB32\". El reloj inteligente \"Alexa\u00a0SWB32\" tiene una pantalla AMOLED que proporciona una calidad de color inmejorable. Dispone de una memoria flash de 1\u00a0GB para almacenar rutas, canciones favoritas y otros datos. Adem\u00e1s, con su tecnolog\u00eda TWS, puede conectarse directamente a auriculares o altavoces inal\u00e1mbricos. El reloj inteligente ofrece diferentes funciones para medir la actividad f\u00edsica diaria y cuenta con un riguroso modo multideporte que mide con precisi\u00f3n hasta 100\u00a0actividades diferentes. Tambi\u00e9n integra el asistente de voz Alexa, con el que se puede acceder a informaci\u00f3n y controlar funciones.","og_url":"https:\/\/adl-regalosempresa.com\/tiendaonline\/articulos\/merchandising\/reloj-inteligente-con-alexa-para-personalizar-con-logo\/","og_site_name":"ADL Comunicaci\u00f3n","article_modified_time":"2026-04-28T06:17:17+00:00","og_image":[{"width":1600,"height":1600,"url":"https:\/\/adl-regalosempresa.com\/tiendaonline\/wp-content\/uploads\/2024\/08\/1PA18090.jpg","type":"image\/jpeg"}],"twitter_card":"summary_large_image","twitter_title":"Merchandising Reloj inteligente con Alexa para personalizar con logo - ADL","schema":{"@context":"https:\/\/schema.org","@graph":[{"@type":"WebPage","@id":"https:\/\/adl-regalosempresa.com\/tiendaonline\/articulos\/merchandising\/reloj-inteligente-con-alexa-para-personalizar-con-logo\/","url":"https:\/\/adl-regalosempresa.com\/tiendaonline\/articulos\/merchandising\/reloj-inteligente-con-alexa-para-personalizar-con-logo\/","name":"Merchandising Reloj inteligente con Alexa para personalizar con logo - ADL","isPartOf":{"@id":"https:\/\/adl-regalosempresa.com\/tiendaonline\/#website"},"primaryImageOfPage":{"@id":"https:\/\/adl-regalosempresa.com\/tiendaonline\/articulos\/merchandising\/reloj-inteligente-con-alexa-para-personalizar-con-logo\/#primaryimage"},"image":{"@id":"https:\/\/adl-regalosempresa.com\/tiendaonline\/articulos\/merchandising\/reloj-inteligente-con-alexa-para-personalizar-con-logo\/#primaryimage"},"thumbnailUrl":"https:\/\/adl-regalosempresa.com\/tiendaonline\/wp-content\/uploads\/2024\/08\/1PA18090.jpg","datePublished":"2026-03-31T06:12:26+00:00","dateModified":"2026-04-28T06:17:17+00:00","description":"Art\u00edculo de merchandising Reloj inteligente con Alexa \"Prixton SWB32\". El reloj inteligente \"Alexa\u00a0SWB32\" tiene una pantalla AMOLED que proporciona una calidad de color inmejorable. Dispone de una memoria flash de 1\u00a0GB para almacenar rutas, canciones favoritas y otros datos. Adem\u00e1s, con su tecnolog\u00eda TWS, puede conectarse directamente a auriculares o altavoces inal\u00e1mbricos. El reloj inteligente ofrece diferentes funciones para medir la actividad f\u00edsica diaria y cuenta con un riguroso modo multideporte que mide con precisi\u00f3n hasta 100\u00a0actividades diferentes. Tambi\u00e9n integra el asistente de voz Alexa, con el que se puede acceder a informaci\u00f3n y controlar funciones.","breadcrumb":{"@id":"https:\/\/adl-regalosempresa.com\/tiendaonline\/articulos\/merchandising\/reloj-inteligente-con-alexa-para-personalizar-con-logo\/#breadcrumb"},"inLanguage":"es","potentialAction":[{"@type":"ReadAction","target":["https:\/\/adl-regalosempresa.com\/tiendaonline\/articulos\/merchandising\/reloj-inteligente-con-alexa-para-personalizar-con-logo\/"]}]},{"@type":"ImageObject","inLanguage":"es","@id":"https:\/\/adl-regalosempresa.com\/tiendaonline\/articulos\/merchandising\/reloj-inteligente-con-alexa-para-personalizar-con-logo\/#primaryimage","url":"https:\/\/adl-regalosempresa.com\/tiendaonline\/wp-content\/uploads\/2024\/08\/1PA18090.jpg","contentUrl":"https:\/\/adl-regalosempresa.com\/tiendaonline\/wp-content\/uploads\/2024\/08\/1PA18090.jpg","width":1600,"height":1600,"caption":"Reloj inteligente con Alexa \"Prixton SWB32\""},{"@type":"BreadcrumbList","@id":"https:\/\/adl-regalosempresa.com\/tiendaonline\/articulos\/merchandising\/reloj-inteligente-con-alexa-para-personalizar-con-logo\/#breadcrumb","itemListElement":[{"@type":"ListItem","position":1,"name":"Portada","item":"https:\/\/adl-regalosempresa.com\/tiendaonline\/"},{"@type":"ListItem","position":2,"name":"Tienda","item":"https:\/\/adl-regalosempresa.com\/tiendaonline\/tienda\/"},{"@type":"ListItem","position":3,"name":"Reloj inteligente con Alexa para personalizar con logo"}]},{"@type":"WebSite","@id":"https:\/\/adl-regalosempresa.com\/tiendaonline\/#website","url":"https:\/\/adl-regalosempresa.com\/tiendaonline\/","name":"ADL Comunicaci\u00f3n","description":"Regalos de empresa","publisher":{"@id":"https:\/\/adl-regalosempresa.com\/tiendaonline\/#organization"},"potentialAction":[{"@type":"SearchAction","target":{"@type":"EntryPoint","urlTemplate":"https:\/\/adl-regalosempresa.com\/tiendaonline\/?s={search_term_string}"},"query-input":{"@type":"PropertyValueSpecification","valueRequired":true,"valueName":"search_term_string"}}],"inLanguage":"es"},{"@type":"Organization","@id":"https:\/\/adl-regalosempresa.com\/tiendaonline\/#organization","name":"ADL Comunicaci\u00f3n","url":"https:\/\/adl-regalosempresa.com\/tiendaonline\/","logo":{"@type":"ImageObject","inLanguage":"es","@id":"https:\/\/adl-regalosempresa.com\/tiendaonline\/#\/schema\/logo\/image\/","url":"https:\/\/adl-regalosempresa.com\/tiendaonline\/wp-content\/uploads\/2017\/09\/logo-adl-wp.png","contentUrl":"https:\/\/adl-regalosempresa.com\/tiendaonline\/wp-content\/uploads\/2017\/09\/logo-adl-wp.png","width":407,"height":185,"caption":"ADL Comunicaci\u00f3n"},"image":{"@id":"https:\/\/adl-regalosempresa.com\/tiendaonline\/#\/schema\/logo\/image\/"}}]}},"_links":{"self":[{"href":"https:\/\/adl-regalosempresa.com\/tiendaonline\/wp-json\/wp\/v2\/product\/137690","targetHints":{"allow":["GET"]}}],"collection":[{"href":"https:\/\/adl-regalosempresa.com\/tiendaonline\/wp-json\/wp\/v2\/product"}],"about":[{"href":"https:\/\/adl-regalosempresa.com\/tiendaonline\/wp-json\/wp\/v2\/types\/product"}],"wp:featuredmedia":[{"embeddable":true,"href":"https:\/\/adl-regalosempresa.com\/tiendaonline\/wp-json\/wp\/v2\/media\/137692"}],"wp:attachment":[{"href":"https:\/\/adl-regalosempresa.com\/tiendaonline\/wp-json\/wp\/v2\/media?parent=137690"}],"wp:term":[{"taxonomy":"product_brand","embeddable":true,"href":"https:\/\/adl-regalosempresa.com\/tiendaonline\/wp-json\/wp\/v2\/product_brand?post=137690"},{"taxonomy":"product_cat","embeddable":true,"href":"https:\/\/adl-regalosempresa.com\/tiendaonline\/wp-json\/wp\/v2\/product_cat?post=137690"},{"taxonomy":"product_tag","embeddable":true,"href":"https:\/\/adl-regalosempresa.com\/tiendaonline\/wp-json\/wp\/v2\/product_tag?post=137690"}],"curies":[{"name":"wp","href":"https:\/\/api.w.org\/{rel}","templated":true}]}}