{"id":137121,"date":"2024-08-04T01:47:06","date_gmt":"2024-08-04T01:47:06","guid":{"rendered":"https:\/\/adl-regalosempresa.com\/tiendaonline\/articulos\/merchandising\/chaqueta-de-vellon-con-cremallera-completa-para-hombre-para-personalizar-con-logo-2\/"},"modified":"2026-04-05T09:14:06","modified_gmt":"2026-04-05T09:14:06","slug":"chaqueta-de-vellon-con-cremallera-completa-para-hombre-para-personalizar-con-logo-2","status":"publish","type":"product","link":"https:\/\/adl-regalosempresa.com\/tiendaonline\/articulos\/merchandising\/chaqueta-de-vellon-con-cremallera-completa-para-hombre-para-personalizar-con-logo-2\/","title":{"rendered":"Chaqueta de vell\u00f3n con cremallera completa para hombre  para personalizar con logo"},"content":{"rendered":"<p>Chaqueta sudadera de microfibra para uso diario con cuello alto, mangas largas y canal\u00e9 en contraste. Bolsillo con cremallera en contraste en la manga izquierda y cremallera frontal en contraste. Costuras a los lados y en el pecho. Coderas del mismo tejido.<\/p>\n","protected":false},"excerpt":{"rendered":"<p><strong>Descuentos por cantidades<\/strong><br \/>&#8211; a partir de 100 unidades: 17,09 \u20ac\/ud<br \/>&#8211; a partir de 250 unidades: 17,09 \u20ac\/ud<br \/>&#8211; a partir de 1000 unidades: 16,92 \u20ac\/ud<\/p>\n<p>Para cantidades superiores a las aqu\u00ed indicadas, no dudes en ponerte en contacto con nuestro departamento comercial o <a href='https:\/\/adl-regalosempresa.com\/tiendaonline\/solicitud-presupuesto\/'>pedirnos presupuesto personalizado<\/a>, ajustaremos el presupuesto a tus necesidades.<\/p>\n","protected":false},"featured_media":137124,"template":"","meta":{"_kad_post_transparent":"","_kad_post_title":"","_kad_post_layout":"","_kad_post_sidebar_id":"","_kad_post_content_style":"","_kad_post_vertical_padding":"","_kad_post_feature":"","_kad_post_feature_position":"","_kad_post_header":false,"_kad_post_footer":false,"_kad_post_classname":""},"product_brand":[],"product_cat":[5491,3649],"product_tag":[],"class_list":{"0":"post-137121","1":"product","2":"type-product","3":"status-publish","4":"has-post-thumbnail","6":"product_cat-felpa","7":"product_cat-ropa","8":"pa_color-garnet","9":"pa_color-navy-blue","10":"pa_color-negro-intenso","11":"pa_color-simple-azul","12":"pa_color-simple-negro-intenso","13":"pa_color-simple-purpura","14":"pa_genero-hombre","15":"pa_marca-roly","16":"pa_material-microforro-100-poliester-300-g-m2","17":"pa_talla-2xl","18":"pa_talla-s","19":"pa_talla-m","20":"pa_talla-l","21":"pa_talla-xl","22":"pa_talla-3xl","24":"first","25":"instock","26":"taxable","27":"shipping-taxable","28":"purchasable","29":"product-type-variable","30":"entry","31":"content-bg","32":"loop-entry"},"yoast_head":"<!-- This site is optimized with the Yoast SEO plugin v26.3 - https:\/\/yoast.com\/wordpress\/plugins\/seo\/ -->\n<title>Merchandising Chaqueta de vell\u00f3n con cremallera completa para hombre para personalizar con logo - ADL<\/title>\n<meta name=\"description\" content=\"Art\u00edculo de merchandising Chaqueta de vell\u00f3n con cremallera completa para hombre &quot;Luciane&quot;. Chaqueta sudadera de microfibra para uso diario con cuello alto, mangas largas y canal\u00e9 en contraste. Bolsillo con cremallera en contraste en la manga izquierda y cremallera frontal en contraste. Costuras a los lados y en el pecho. Coderas del mismo tejido.\" \/>\n<meta name=\"robots\" content=\"index, follow, max-snippet:-1, max-image-preview:large, max-video-preview:-1\" \/>\n<link rel=\"canonical\" href=\"https:\/\/adl-regalosempresa.com\/tiendaonline\/articulos\/merchandising\/chaqueta-de-vellon-con-cremallera-completa-para-hombre-para-personalizar-con-logo-2\/\" \/>\n<meta property=\"og:locale\" content=\"es_ES\" \/>\n<meta property=\"og:type\" content=\"article\" \/>\n<meta property=\"og:title\" content=\"Merchandising Chaqueta de vell\u00f3n con cremallera completa para hombre para personalizar con logo - ADL\" \/>\n<meta property=\"og:description\" content=\"Art\u00edculo de merchandising Chaqueta de vell\u00f3n con cremallera completa para hombre &quot;Luciane&quot;. Chaqueta sudadera de microfibra para uso diario con cuello alto, mangas largas y canal\u00e9 en contraste. Bolsillo con cremallera en contraste en la manga izquierda y cremallera frontal en contraste. Costuras a los lados y en el pecho. Coderas del mismo tejido.\" \/>\n<meta property=\"og:url\" content=\"https:\/\/adl-regalosempresa.com\/tiendaonline\/articulos\/merchandising\/chaqueta-de-vellon-con-cremallera-completa-para-hombre-para-personalizar-con-logo-2\/\" \/>\n<meta property=\"og:site_name\" content=\"ADL Comunicaci\u00f3n\" \/>\n<meta property=\"article:modified_time\" content=\"2026-04-05T09:14:06+00:00\" \/>\n<meta property=\"og:image\" content=\"https:\/\/adl-regalosempresa.com\/tiendaonline\/wp-content\/uploads\/2024\/08\/R11951R.jpg\" \/>\n\t<meta property=\"og:image:width\" content=\"1600\" \/>\n\t<meta property=\"og:image:height\" content=\"1600\" \/>\n\t<meta property=\"og:image:type\" content=\"image\/jpeg\" \/>\n<meta name=\"twitter:card\" content=\"summary_large_image\" \/>\n<meta name=\"twitter:title\" content=\"Merchandising Chaqueta de vell\u00f3n con cremallera completa para hombre para personalizar con logo - ADL\" \/>\n<script type=\"application\/ld+json\" class=\"yoast-schema-graph\">{\"@context\":\"https:\/\/schema.org\",\"@graph\":[{\"@type\":\"WebPage\",\"@id\":\"https:\/\/adl-regalosempresa.com\/tiendaonline\/articulos\/merchandising\/chaqueta-de-vellon-con-cremallera-completa-para-hombre-para-personalizar-con-logo-2\/\",\"url\":\"https:\/\/adl-regalosempresa.com\/tiendaonline\/articulos\/merchandising\/chaqueta-de-vellon-con-cremallera-completa-para-hombre-para-personalizar-con-logo-2\/\",\"name\":\"Merchandising Chaqueta de vell\u00f3n con cremallera completa para hombre para personalizar con logo - ADL\",\"isPartOf\":{\"@id\":\"https:\/\/adl-regalosempresa.com\/tiendaonline\/#website\"},\"primaryImageOfPage\":{\"@id\":\"https:\/\/adl-regalosempresa.com\/tiendaonline\/articulos\/merchandising\/chaqueta-de-vellon-con-cremallera-completa-para-hombre-para-personalizar-con-logo-2\/#primaryimage\"},\"image\":{\"@id\":\"https:\/\/adl-regalosempresa.com\/tiendaonline\/articulos\/merchandising\/chaqueta-de-vellon-con-cremallera-completa-para-hombre-para-personalizar-con-logo-2\/#primaryimage\"},\"thumbnailUrl\":\"https:\/\/adl-regalosempresa.com\/tiendaonline\/wp-content\/uploads\/2024\/08\/R11951R.jpg\",\"datePublished\":\"2024-08-04T01:47:06+00:00\",\"dateModified\":\"2026-04-05T09:14:06+00:00\",\"description\":\"Art\u00edculo de merchandising Chaqueta de vell\u00f3n con cremallera completa para hombre \\\"Luciane\\\". Chaqueta sudadera de microfibra para uso diario con cuello alto, mangas largas y canal\u00e9 en contraste. Bolsillo con cremallera en contraste en la manga izquierda y cremallera frontal en contraste. Costuras a los lados y en el pecho. Coderas del mismo tejido.\",\"breadcrumb\":{\"@id\":\"https:\/\/adl-regalosempresa.com\/tiendaonline\/articulos\/merchandising\/chaqueta-de-vellon-con-cremallera-completa-para-hombre-para-personalizar-con-logo-2\/#breadcrumb\"},\"inLanguage\":\"es\",\"potentialAction\":[{\"@type\":\"ReadAction\",\"target\":[\"https:\/\/adl-regalosempresa.com\/tiendaonline\/articulos\/merchandising\/chaqueta-de-vellon-con-cremallera-completa-para-hombre-para-personalizar-con-logo-2\/\"]}]},{\"@type\":\"ImageObject\",\"inLanguage\":\"es\",\"@id\":\"https:\/\/adl-regalosempresa.com\/tiendaonline\/articulos\/merchandising\/chaqueta-de-vellon-con-cremallera-completa-para-hombre-para-personalizar-con-logo-2\/#primaryimage\",\"url\":\"https:\/\/adl-regalosempresa.com\/tiendaonline\/wp-content\/uploads\/2024\/08\/R11951R.jpg\",\"contentUrl\":\"https:\/\/adl-regalosempresa.com\/tiendaonline\/wp-content\/uploads\/2024\/08\/R11951R.jpg\",\"width\":1600,\"height\":1600,\"caption\":\"Sudadera polar con cremallera completa para hombre \\\"Luciane\\\"\"},{\"@type\":\"BreadcrumbList\",\"@id\":\"https:\/\/adl-regalosempresa.com\/tiendaonline\/articulos\/merchandising\/chaqueta-de-vellon-con-cremallera-completa-para-hombre-para-personalizar-con-logo-2\/#breadcrumb\",\"itemListElement\":[{\"@type\":\"ListItem\",\"position\":1,\"name\":\"Portada\",\"item\":\"https:\/\/adl-regalosempresa.com\/tiendaonline\/\"},{\"@type\":\"ListItem\",\"position\":2,\"name\":\"Tienda\",\"item\":\"https:\/\/adl-regalosempresa.com\/tiendaonline\/tienda\/\"},{\"@type\":\"ListItem\",\"position\":3,\"name\":\"Chaqueta de vell\u00f3n con cremallera completa para hombre para personalizar con logo\"}]},{\"@type\":\"WebSite\",\"@id\":\"https:\/\/adl-regalosempresa.com\/tiendaonline\/#website\",\"url\":\"https:\/\/adl-regalosempresa.com\/tiendaonline\/\",\"name\":\"ADL Comunicaci\u00f3n\",\"description\":\"Regalos de empresa\",\"publisher\":{\"@id\":\"https:\/\/adl-regalosempresa.com\/tiendaonline\/#organization\"},\"potentialAction\":[{\"@type\":\"SearchAction\",\"target\":{\"@type\":\"EntryPoint\",\"urlTemplate\":\"https:\/\/adl-regalosempresa.com\/tiendaonline\/?s={search_term_string}\"},\"query-input\":{\"@type\":\"PropertyValueSpecification\",\"valueRequired\":true,\"valueName\":\"search_term_string\"}}],\"inLanguage\":\"es\"},{\"@type\":\"Organization\",\"@id\":\"https:\/\/adl-regalosempresa.com\/tiendaonline\/#organization\",\"name\":\"ADL Comunicaci\u00f3n\",\"url\":\"https:\/\/adl-regalosempresa.com\/tiendaonline\/\",\"logo\":{\"@type\":\"ImageObject\",\"inLanguage\":\"es\",\"@id\":\"https:\/\/adl-regalosempresa.com\/tiendaonline\/#\/schema\/logo\/image\/\",\"url\":\"https:\/\/adl-regalosempresa.com\/tiendaonline\/wp-content\/uploads\/2017\/09\/logo-adl-wp.png\",\"contentUrl\":\"https:\/\/adl-regalosempresa.com\/tiendaonline\/wp-content\/uploads\/2017\/09\/logo-adl-wp.png\",\"width\":407,\"height\":185,\"caption\":\"ADL Comunicaci\u00f3n\"},\"image\":{\"@id\":\"https:\/\/adl-regalosempresa.com\/tiendaonline\/#\/schema\/logo\/image\/\"}}]}<\/script>\n<!-- \/ Yoast SEO plugin. -->","yoast_head_json":{"title":"Merchandising Chaqueta de vell\u00f3n con cremallera completa para hombre para personalizar con logo - ADL","description":"Art\u00edculo de merchandising Chaqueta de vell\u00f3n con cremallera completa para hombre \"Luciane\". Chaqueta sudadera de microfibra para uso diario con cuello alto, mangas largas y canal\u00e9 en contraste. Bolsillo con cremallera en contraste en la manga izquierda y cremallera frontal en contraste. Costuras a los lados y en el pecho. Coderas del mismo tejido.","robots":{"index":"index","follow":"follow","max-snippet":"max-snippet:-1","max-image-preview":"max-image-preview:large","max-video-preview":"max-video-preview:-1"},"canonical":"https:\/\/adl-regalosempresa.com\/tiendaonline\/articulos\/merchandising\/chaqueta-de-vellon-con-cremallera-completa-para-hombre-para-personalizar-con-logo-2\/","og_locale":"es_ES","og_type":"article","og_title":"Merchandising Chaqueta de vell\u00f3n con cremallera completa para hombre para personalizar con logo - ADL","og_description":"Art\u00edculo de merchandising Chaqueta de vell\u00f3n con cremallera completa para hombre \"Luciane\". Chaqueta sudadera de microfibra para uso diario con cuello alto, mangas largas y canal\u00e9 en contraste. Bolsillo con cremallera en contraste en la manga izquierda y cremallera frontal en contraste. Costuras a los lados y en el pecho. Coderas del mismo tejido.","og_url":"https:\/\/adl-regalosempresa.com\/tiendaonline\/articulos\/merchandising\/chaqueta-de-vellon-con-cremallera-completa-para-hombre-para-personalizar-con-logo-2\/","og_site_name":"ADL Comunicaci\u00f3n","article_modified_time":"2026-04-05T09:14:06+00:00","og_image":[{"width":1600,"height":1600,"url":"https:\/\/adl-regalosempresa.com\/tiendaonline\/wp-content\/uploads\/2024\/08\/R11951R.jpg","type":"image\/jpeg"}],"twitter_card":"summary_large_image","twitter_title":"Merchandising Chaqueta de vell\u00f3n con cremallera completa para hombre para personalizar con logo - ADL","schema":{"@context":"https:\/\/schema.org","@graph":[{"@type":"WebPage","@id":"https:\/\/adl-regalosempresa.com\/tiendaonline\/articulos\/merchandising\/chaqueta-de-vellon-con-cremallera-completa-para-hombre-para-personalizar-con-logo-2\/","url":"https:\/\/adl-regalosempresa.com\/tiendaonline\/articulos\/merchandising\/chaqueta-de-vellon-con-cremallera-completa-para-hombre-para-personalizar-con-logo-2\/","name":"Merchandising Chaqueta de vell\u00f3n con cremallera completa para hombre para personalizar con logo - ADL","isPartOf":{"@id":"https:\/\/adl-regalosempresa.com\/tiendaonline\/#website"},"primaryImageOfPage":{"@id":"https:\/\/adl-regalosempresa.com\/tiendaonline\/articulos\/merchandising\/chaqueta-de-vellon-con-cremallera-completa-para-hombre-para-personalizar-con-logo-2\/#primaryimage"},"image":{"@id":"https:\/\/adl-regalosempresa.com\/tiendaonline\/articulos\/merchandising\/chaqueta-de-vellon-con-cremallera-completa-para-hombre-para-personalizar-con-logo-2\/#primaryimage"},"thumbnailUrl":"https:\/\/adl-regalosempresa.com\/tiendaonline\/wp-content\/uploads\/2024\/08\/R11951R.jpg","datePublished":"2024-08-04T01:47:06+00:00","dateModified":"2026-04-05T09:14:06+00:00","description":"Art\u00edculo de merchandising Chaqueta de vell\u00f3n con cremallera completa para hombre \"Luciane\". Chaqueta sudadera de microfibra para uso diario con cuello alto, mangas largas y canal\u00e9 en contraste. Bolsillo con cremallera en contraste en la manga izquierda y cremallera frontal en contraste. Costuras a los lados y en el pecho. Coderas del mismo tejido.","breadcrumb":{"@id":"https:\/\/adl-regalosempresa.com\/tiendaonline\/articulos\/merchandising\/chaqueta-de-vellon-con-cremallera-completa-para-hombre-para-personalizar-con-logo-2\/#breadcrumb"},"inLanguage":"es","potentialAction":[{"@type":"ReadAction","target":["https:\/\/adl-regalosempresa.com\/tiendaonline\/articulos\/merchandising\/chaqueta-de-vellon-con-cremallera-completa-para-hombre-para-personalizar-con-logo-2\/"]}]},{"@type":"ImageObject","inLanguage":"es","@id":"https:\/\/adl-regalosempresa.com\/tiendaonline\/articulos\/merchandising\/chaqueta-de-vellon-con-cremallera-completa-para-hombre-para-personalizar-con-logo-2\/#primaryimage","url":"https:\/\/adl-regalosempresa.com\/tiendaonline\/wp-content\/uploads\/2024\/08\/R11951R.jpg","contentUrl":"https:\/\/adl-regalosempresa.com\/tiendaonline\/wp-content\/uploads\/2024\/08\/R11951R.jpg","width":1600,"height":1600,"caption":"Sudadera polar con cremallera completa para hombre \"Luciane\""},{"@type":"BreadcrumbList","@id":"https:\/\/adl-regalosempresa.com\/tiendaonline\/articulos\/merchandising\/chaqueta-de-vellon-con-cremallera-completa-para-hombre-para-personalizar-con-logo-2\/#breadcrumb","itemListElement":[{"@type":"ListItem","position":1,"name":"Portada","item":"https:\/\/adl-regalosempresa.com\/tiendaonline\/"},{"@type":"ListItem","position":2,"name":"Tienda","item":"https:\/\/adl-regalosempresa.com\/tiendaonline\/tienda\/"},{"@type":"ListItem","position":3,"name":"Chaqueta de vell\u00f3n con cremallera completa para hombre para personalizar con logo"}]},{"@type":"WebSite","@id":"https:\/\/adl-regalosempresa.com\/tiendaonline\/#website","url":"https:\/\/adl-regalosempresa.com\/tiendaonline\/","name":"ADL Comunicaci\u00f3n","description":"Regalos de empresa","publisher":{"@id":"https:\/\/adl-regalosempresa.com\/tiendaonline\/#organization"},"potentialAction":[{"@type":"SearchAction","target":{"@type":"EntryPoint","urlTemplate":"https:\/\/adl-regalosempresa.com\/tiendaonline\/?s={search_term_string}"},"query-input":{"@type":"PropertyValueSpecification","valueRequired":true,"valueName":"search_term_string"}}],"inLanguage":"es"},{"@type":"Organization","@id":"https:\/\/adl-regalosempresa.com\/tiendaonline\/#organization","name":"ADL Comunicaci\u00f3n","url":"https:\/\/adl-regalosempresa.com\/tiendaonline\/","logo":{"@type":"ImageObject","inLanguage":"es","@id":"https:\/\/adl-regalosempresa.com\/tiendaonline\/#\/schema\/logo\/image\/","url":"https:\/\/adl-regalosempresa.com\/tiendaonline\/wp-content\/uploads\/2017\/09\/logo-adl-wp.png","contentUrl":"https:\/\/adl-regalosempresa.com\/tiendaonline\/wp-content\/uploads\/2017\/09\/logo-adl-wp.png","width":407,"height":185,"caption":"ADL Comunicaci\u00f3n"},"image":{"@id":"https:\/\/adl-regalosempresa.com\/tiendaonline\/#\/schema\/logo\/image\/"}}]}},"_links":{"self":[{"href":"https:\/\/adl-regalosempresa.com\/tiendaonline\/wp-json\/wp\/v2\/product\/137121","targetHints":{"allow":["GET"]}}],"collection":[{"href":"https:\/\/adl-regalosempresa.com\/tiendaonline\/wp-json\/wp\/v2\/product"}],"about":[{"href":"https:\/\/adl-regalosempresa.com\/tiendaonline\/wp-json\/wp\/v2\/types\/product"}],"wp:featuredmedia":[{"embeddable":true,"href":"https:\/\/adl-regalosempresa.com\/tiendaonline\/wp-json\/wp\/v2\/media\/137124"}],"wp:attachment":[{"href":"https:\/\/adl-regalosempresa.com\/tiendaonline\/wp-json\/wp\/v2\/media?parent=137121"}],"wp:term":[{"taxonomy":"product_brand","embeddable":true,"href":"https:\/\/adl-regalosempresa.com\/tiendaonline\/wp-json\/wp\/v2\/product_brand?post=137121"},{"taxonomy":"product_cat","embeddable":true,"href":"https:\/\/adl-regalosempresa.com\/tiendaonline\/wp-json\/wp\/v2\/product_cat?post=137121"},{"taxonomy":"product_tag","embeddable":true,"href":"https:\/\/adl-regalosempresa.com\/tiendaonline\/wp-json\/wp\/v2\/product_tag?post=137121"}],"curies":[{"name":"wp","href":"https:\/\/api.w.org\/{rel}","templated":true}]}}