{"id":136014,"date":"2026-03-24T07:30:07","date_gmt":"2026-03-24T07:30:07","guid":{"rendered":"https:\/\/adl-regalosempresa.com\/tiendaonline\/articulos\/merchandising\/pluma-con-bloques-de-color-y-ribete-plateado-para-personalizar-con-logo\/"},"modified":"2026-04-08T08:06:14","modified_gmt":"2026-04-08T08:06:14","slug":"pluma-con-bloques-de-color-y-ribete-plateado-para-personalizar-con-logo","status":"publish","type":"product","link":"https:\/\/adl-regalosempresa.com\/tiendaonline\/articulos\/merchandising\/pluma-con-bloques-de-color-y-ribete-plateado-para-personalizar-con-logo\/","title":{"rendered":"Pluma con bloques de color y ribete plateado  para personalizar con logo"},"content":{"rendered":"<p>La pluma con bloques de color y ribete plateado \u00abWaterman Hemisphere\u00bb es un instrumento de escritura elegante y de alta calidad. Combina el dise\u00f1o moderno con la artesan\u00eda tradicional, lo que la convierte en una elecci\u00f3n adecuada tanto para el uso diario como para las ocasiones especiales. Su fino plum\u00edn garantiza una escritura suave y precisa, mientras que el ribete plateado proporciona un toque de elegancia. Ya sea para uso personal o como regalo, esta pluma destaca por su est\u00e9tica atractiva y su rendimiento fiable. Se entrega en una caja de regalo. Color de la tinta: Azul. Longitud de escritura: 1000 metros.<\/p>\n","protected":false},"excerpt":{"rendered":"<p><strong>Descuentos por cantidades<\/strong><br \/>&#8211; a partir de 25 unidades: 84,98 \u20ac\/ud<br \/>&#8211; a partir de 50 unidades: 84,98 \u20ac\/ud<br \/>&#8211; a partir de 100 unidades: 84,98 \u20ac\/ud<\/p>\n<p>Para cantidades superiores a las aqu\u00ed indicadas, no dudes en ponerte en contacto con nuestro departamento comercial o <a href='https:\/\/adl-regalosempresa.com\/tiendaonline\/solicitud-presupuesto\/'>pedirnos presupuesto personalizado<\/a>, ajustaremos el presupuesto a tus necesidades.<\/p>\n","protected":false},"featured_media":136016,"template":"","meta":{"_kad_post_transparent":"","_kad_post_title":"","_kad_post_layout":"","_kad_post_sidebar_id":"","_kad_post_content_style":"","_kad_post_vertical_padding":"","_kad_post_feature":"","_kad_post_feature_position":"","_kad_post_header":false,"_kad_post_footer":false,"_kad_post_classname":""},"product_brand":[],"product_cat":[4287,4407],"product_tag":[],"class_list":{"0":"post-136014","1":"product","2":"type-product","3":"status-publish","4":"has-post-thumbnail","6":"product_cat-boligrafos-y-escritura","7":"product_cat-estilograficas","8":"pa_color-azul-negro-intenso","9":"pa_color-blanco-negro-intenso","10":"pa_color-simple-azul","11":"pa_color-simple-blanco","12":"pa_color-simple-negro-intenso","13":"pa_diametro-11-cm","14":"pa_largo-137-cm","15":"pa_marca-waterman","16":"pa_material-metal","17":"pa_peso-24-gr","19":"first","20":"instock","21":"taxable","22":"shipping-taxable","23":"purchasable","24":"product-type-variable","25":"entry","26":"content-bg","27":"loop-entry"},"yoast_head":"<!-- This site is optimized with the Yoast SEO plugin v26.3 - https:\/\/yoast.com\/wordpress\/plugins\/seo\/ -->\n<title>Merchandising Pluma con bloques de color y ribete plateado para personalizar con logo - ADL<\/title>\n<meta name=\"description\" content=\"Art\u00edculo de merchandising Pluma con bloques de color y ribete plateado &quot;Hemisphere&quot; (tinta azul). La pluma con bloques de color y ribete plateado &quot;Waterman Hemisphere&quot; es un instrumento de escritura elegante y de alta calidad. Combina el dise\u00f1o moderno con la artesan\u00eda tradicional, lo que la convierte en una elecci\u00f3n adecuada tanto para el uso diario como para las ocasiones especiales. Su fino plum\u00edn garantiza una escritura suave y precisa, mientras que el ribete plateado proporciona un toque de elegancia. Ya sea para uso personal o como regalo, esta pluma destaca por su est\u00e9tica atractiva y su rendimiento fiable. Se entrega en una caja de regalo. Color de la tinta: Azul. Longitud de escritura: 1000 metros.\" \/>\n<meta name=\"robots\" content=\"index, follow, max-snippet:-1, max-image-preview:large, max-video-preview:-1\" \/>\n<link rel=\"canonical\" href=\"https:\/\/adl-regalosempresa.com\/tiendaonline\/articulos\/merchandising\/pluma-con-bloques-de-color-y-ribete-plateado-para-personalizar-con-logo\/\" \/>\n<meta property=\"og:locale\" content=\"es_ES\" \/>\n<meta property=\"og:type\" content=\"article\" \/>\n<meta property=\"og:title\" content=\"Merchandising Pluma con bloques de color y ribete plateado para personalizar con logo - ADL\" \/>\n<meta property=\"og:description\" content=\"Art\u00edculo de merchandising Pluma con bloques de color y ribete plateado &quot;Hemisphere&quot; (tinta azul). La pluma con bloques de color y ribete plateado &quot;Waterman Hemisphere&quot; es un instrumento de escritura elegante y de alta calidad. Combina el dise\u00f1o moderno con la artesan\u00eda tradicional, lo que la convierte en una elecci\u00f3n adecuada tanto para el uso diario como para las ocasiones especiales. Su fino plum\u00edn garantiza una escritura suave y precisa, mientras que el ribete plateado proporciona un toque de elegancia. Ya sea para uso personal o como regalo, esta pluma destaca por su est\u00e9tica atractiva y su rendimiento fiable. Se entrega en una caja de regalo. Color de la tinta: Azul. Longitud de escritura: 1000 metros.\" \/>\n<meta property=\"og:url\" content=\"https:\/\/adl-regalosempresa.com\/tiendaonline\/articulos\/merchandising\/pluma-con-bloques-de-color-y-ribete-plateado-para-personalizar-con-logo\/\" \/>\n<meta property=\"og:site_name\" content=\"ADL Comunicaci\u00f3n\" \/>\n<meta property=\"article:modified_time\" content=\"2026-04-08T08:06:14+00:00\" \/>\n<meta property=\"og:image\" content=\"https:\/\/adl-regalosempresa.com\/tiendaonline\/wp-content\/uploads\/2024\/08\/10793401.jpg\" \/>\n\t<meta property=\"og:image:width\" content=\"1600\" \/>\n\t<meta property=\"og:image:height\" content=\"1600\" \/>\n\t<meta property=\"og:image:type\" content=\"image\/jpeg\" \/>\n<meta name=\"twitter:card\" content=\"summary_large_image\" \/>\n<meta name=\"twitter:title\" content=\"Merchandising Pluma con bloques de color y ribete plateado para personalizar con logo - ADL\" \/>\n<meta name=\"twitter:label1\" content=\"Tiempo de lectura\" \/>\n\t<meta name=\"twitter:data1\" content=\"1 minuto\" \/>\n<script type=\"application\/ld+json\" class=\"yoast-schema-graph\">{\"@context\":\"https:\/\/schema.org\",\"@graph\":[{\"@type\":\"WebPage\",\"@id\":\"https:\/\/adl-regalosempresa.com\/tiendaonline\/articulos\/merchandising\/pluma-con-bloques-de-color-y-ribete-plateado-para-personalizar-con-logo\/\",\"url\":\"https:\/\/adl-regalosempresa.com\/tiendaonline\/articulos\/merchandising\/pluma-con-bloques-de-color-y-ribete-plateado-para-personalizar-con-logo\/\",\"name\":\"Merchandising Pluma con bloques de color y ribete plateado para personalizar con logo - ADL\",\"isPartOf\":{\"@id\":\"https:\/\/adl-regalosempresa.com\/tiendaonline\/#website\"},\"primaryImageOfPage\":{\"@id\":\"https:\/\/adl-regalosempresa.com\/tiendaonline\/articulos\/merchandising\/pluma-con-bloques-de-color-y-ribete-plateado-para-personalizar-con-logo\/#primaryimage\"},\"image\":{\"@id\":\"https:\/\/adl-regalosempresa.com\/tiendaonline\/articulos\/merchandising\/pluma-con-bloques-de-color-y-ribete-plateado-para-personalizar-con-logo\/#primaryimage\"},\"thumbnailUrl\":\"https:\/\/adl-regalosempresa.com\/tiendaonline\/wp-content\/uploads\/2024\/08\/10793401.jpg\",\"datePublished\":\"2026-03-24T07:30:07+00:00\",\"dateModified\":\"2026-04-08T08:06:14+00:00\",\"description\":\"Art\u00edculo de merchandising Pluma con bloques de color y ribete plateado \\\"Hemisphere\\\" (tinta azul). La pluma con bloques de color y ribete plateado \\\"Waterman Hemisphere\\\" es un instrumento de escritura elegante y de alta calidad. Combina el dise\u00f1o moderno con la artesan\u00eda tradicional, lo que la convierte en una elecci\u00f3n adecuada tanto para el uso diario como para las ocasiones especiales. Su fino plum\u00edn garantiza una escritura suave y precisa, mientras que el ribete plateado proporciona un toque de elegancia. Ya sea para uso personal o como regalo, esta pluma destaca por su est\u00e9tica atractiva y su rendimiento fiable. Se entrega en una caja de regalo. Color de la tinta: Azul. Longitud de escritura: 1000 metros.\",\"breadcrumb\":{\"@id\":\"https:\/\/adl-regalosempresa.com\/tiendaonline\/articulos\/merchandising\/pluma-con-bloques-de-color-y-ribete-plateado-para-personalizar-con-logo\/#breadcrumb\"},\"inLanguage\":\"es\",\"potentialAction\":[{\"@type\":\"ReadAction\",\"target\":[\"https:\/\/adl-regalosempresa.com\/tiendaonline\/articulos\/merchandising\/pluma-con-bloques-de-color-y-ribete-plateado-para-personalizar-con-logo\/\"]}]},{\"@type\":\"ImageObject\",\"inLanguage\":\"es\",\"@id\":\"https:\/\/adl-regalosempresa.com\/tiendaonline\/articulos\/merchandising\/pluma-con-bloques-de-color-y-ribete-plateado-para-personalizar-con-logo\/#primaryimage\",\"url\":\"https:\/\/adl-regalosempresa.com\/tiendaonline\/wp-content\/uploads\/2024\/08\/10793401.jpg\",\"contentUrl\":\"https:\/\/adl-regalosempresa.com\/tiendaonline\/wp-content\/uploads\/2024\/08\/10793401.jpg\",\"width\":1600,\"height\":1600,\"caption\":\"Pluma con bloques de color y ribete plateado \\\"Hemisphere\\\" (tinta azul)\"},{\"@type\":\"BreadcrumbList\",\"@id\":\"https:\/\/adl-regalosempresa.com\/tiendaonline\/articulos\/merchandising\/pluma-con-bloques-de-color-y-ribete-plateado-para-personalizar-con-logo\/#breadcrumb\",\"itemListElement\":[{\"@type\":\"ListItem\",\"position\":1,\"name\":\"Portada\",\"item\":\"https:\/\/adl-regalosempresa.com\/tiendaonline\/\"},{\"@type\":\"ListItem\",\"position\":2,\"name\":\"Tienda\",\"item\":\"https:\/\/adl-regalosempresa.com\/tiendaonline\/tienda\/\"},{\"@type\":\"ListItem\",\"position\":3,\"name\":\"Pluma con bloques de color y ribete plateado para personalizar con logo\"}]},{\"@type\":\"WebSite\",\"@id\":\"https:\/\/adl-regalosempresa.com\/tiendaonline\/#website\",\"url\":\"https:\/\/adl-regalosempresa.com\/tiendaonline\/\",\"name\":\"ADL Comunicaci\u00f3n\",\"description\":\"Regalos de empresa\",\"publisher\":{\"@id\":\"https:\/\/adl-regalosempresa.com\/tiendaonline\/#organization\"},\"potentialAction\":[{\"@type\":\"SearchAction\",\"target\":{\"@type\":\"EntryPoint\",\"urlTemplate\":\"https:\/\/adl-regalosempresa.com\/tiendaonline\/?s={search_term_string}\"},\"query-input\":{\"@type\":\"PropertyValueSpecification\",\"valueRequired\":true,\"valueName\":\"search_term_string\"}}],\"inLanguage\":\"es\"},{\"@type\":\"Organization\",\"@id\":\"https:\/\/adl-regalosempresa.com\/tiendaonline\/#organization\",\"name\":\"ADL Comunicaci\u00f3n\",\"url\":\"https:\/\/adl-regalosempresa.com\/tiendaonline\/\",\"logo\":{\"@type\":\"ImageObject\",\"inLanguage\":\"es\",\"@id\":\"https:\/\/adl-regalosempresa.com\/tiendaonline\/#\/schema\/logo\/image\/\",\"url\":\"https:\/\/adl-regalosempresa.com\/tiendaonline\/wp-content\/uploads\/2017\/09\/logo-adl-wp.png\",\"contentUrl\":\"https:\/\/adl-regalosempresa.com\/tiendaonline\/wp-content\/uploads\/2017\/09\/logo-adl-wp.png\",\"width\":407,\"height\":185,\"caption\":\"ADL Comunicaci\u00f3n\"},\"image\":{\"@id\":\"https:\/\/adl-regalosempresa.com\/tiendaonline\/#\/schema\/logo\/image\/\"}}]}<\/script>\n<!-- \/ Yoast SEO plugin. -->","yoast_head_json":{"title":"Merchandising Pluma con bloques de color y ribete plateado para personalizar con logo - ADL","description":"Art\u00edculo de merchandising Pluma con bloques de color y ribete plateado \"Hemisphere\" (tinta azul). La pluma con bloques de color y ribete plateado \"Waterman Hemisphere\" es un instrumento de escritura elegante y de alta calidad. Combina el dise\u00f1o moderno con la artesan\u00eda tradicional, lo que la convierte en una elecci\u00f3n adecuada tanto para el uso diario como para las ocasiones especiales. Su fino plum\u00edn garantiza una escritura suave y precisa, mientras que el ribete plateado proporciona un toque de elegancia. Ya sea para uso personal o como regalo, esta pluma destaca por su est\u00e9tica atractiva y su rendimiento fiable. Se entrega en una caja de regalo. Color de la tinta: Azul. Longitud de escritura: 1000 metros.","robots":{"index":"index","follow":"follow","max-snippet":"max-snippet:-1","max-image-preview":"max-image-preview:large","max-video-preview":"max-video-preview:-1"},"canonical":"https:\/\/adl-regalosempresa.com\/tiendaonline\/articulos\/merchandising\/pluma-con-bloques-de-color-y-ribete-plateado-para-personalizar-con-logo\/","og_locale":"es_ES","og_type":"article","og_title":"Merchandising Pluma con bloques de color y ribete plateado para personalizar con logo - ADL","og_description":"Art\u00edculo de merchandising Pluma con bloques de color y ribete plateado \"Hemisphere\" (tinta azul). La pluma con bloques de color y ribete plateado \"Waterman Hemisphere\" es un instrumento de escritura elegante y de alta calidad. Combina el dise\u00f1o moderno con la artesan\u00eda tradicional, lo que la convierte en una elecci\u00f3n adecuada tanto para el uso diario como para las ocasiones especiales. Su fino plum\u00edn garantiza una escritura suave y precisa, mientras que el ribete plateado proporciona un toque de elegancia. Ya sea para uso personal o como regalo, esta pluma destaca por su est\u00e9tica atractiva y su rendimiento fiable. Se entrega en una caja de regalo. Color de la tinta: Azul. Longitud de escritura: 1000 metros.","og_url":"https:\/\/adl-regalosempresa.com\/tiendaonline\/articulos\/merchandising\/pluma-con-bloques-de-color-y-ribete-plateado-para-personalizar-con-logo\/","og_site_name":"ADL Comunicaci\u00f3n","article_modified_time":"2026-04-08T08:06:14+00:00","og_image":[{"width":1600,"height":1600,"url":"https:\/\/adl-regalosempresa.com\/tiendaonline\/wp-content\/uploads\/2024\/08\/10793401.jpg","type":"image\/jpeg"}],"twitter_card":"summary_large_image","twitter_title":"Merchandising Pluma con bloques de color y ribete plateado para personalizar con logo - ADL","twitter_misc":{"Tiempo de lectura":"1 minuto"},"schema":{"@context":"https:\/\/schema.org","@graph":[{"@type":"WebPage","@id":"https:\/\/adl-regalosempresa.com\/tiendaonline\/articulos\/merchandising\/pluma-con-bloques-de-color-y-ribete-plateado-para-personalizar-con-logo\/","url":"https:\/\/adl-regalosempresa.com\/tiendaonline\/articulos\/merchandising\/pluma-con-bloques-de-color-y-ribete-plateado-para-personalizar-con-logo\/","name":"Merchandising Pluma con bloques de color y ribete plateado para personalizar con logo - ADL","isPartOf":{"@id":"https:\/\/adl-regalosempresa.com\/tiendaonline\/#website"},"primaryImageOfPage":{"@id":"https:\/\/adl-regalosempresa.com\/tiendaonline\/articulos\/merchandising\/pluma-con-bloques-de-color-y-ribete-plateado-para-personalizar-con-logo\/#primaryimage"},"image":{"@id":"https:\/\/adl-regalosempresa.com\/tiendaonline\/articulos\/merchandising\/pluma-con-bloques-de-color-y-ribete-plateado-para-personalizar-con-logo\/#primaryimage"},"thumbnailUrl":"https:\/\/adl-regalosempresa.com\/tiendaonline\/wp-content\/uploads\/2024\/08\/10793401.jpg","datePublished":"2026-03-24T07:30:07+00:00","dateModified":"2026-04-08T08:06:14+00:00","description":"Art\u00edculo de merchandising Pluma con bloques de color y ribete plateado \"Hemisphere\" (tinta azul). La pluma con bloques de color y ribete plateado \"Waterman Hemisphere\" es un instrumento de escritura elegante y de alta calidad. Combina el dise\u00f1o moderno con la artesan\u00eda tradicional, lo que la convierte en una elecci\u00f3n adecuada tanto para el uso diario como para las ocasiones especiales. Su fino plum\u00edn garantiza una escritura suave y precisa, mientras que el ribete plateado proporciona un toque de elegancia. Ya sea para uso personal o como regalo, esta pluma destaca por su est\u00e9tica atractiva y su rendimiento fiable. Se entrega en una caja de regalo. Color de la tinta: Azul. Longitud de escritura: 1000 metros.","breadcrumb":{"@id":"https:\/\/adl-regalosempresa.com\/tiendaonline\/articulos\/merchandising\/pluma-con-bloques-de-color-y-ribete-plateado-para-personalizar-con-logo\/#breadcrumb"},"inLanguage":"es","potentialAction":[{"@type":"ReadAction","target":["https:\/\/adl-regalosempresa.com\/tiendaonline\/articulos\/merchandising\/pluma-con-bloques-de-color-y-ribete-plateado-para-personalizar-con-logo\/"]}]},{"@type":"ImageObject","inLanguage":"es","@id":"https:\/\/adl-regalosempresa.com\/tiendaonline\/articulos\/merchandising\/pluma-con-bloques-de-color-y-ribete-plateado-para-personalizar-con-logo\/#primaryimage","url":"https:\/\/adl-regalosempresa.com\/tiendaonline\/wp-content\/uploads\/2024\/08\/10793401.jpg","contentUrl":"https:\/\/adl-regalosempresa.com\/tiendaonline\/wp-content\/uploads\/2024\/08\/10793401.jpg","width":1600,"height":1600,"caption":"Pluma con bloques de color y ribete plateado \"Hemisphere\" (tinta azul)"},{"@type":"BreadcrumbList","@id":"https:\/\/adl-regalosempresa.com\/tiendaonline\/articulos\/merchandising\/pluma-con-bloques-de-color-y-ribete-plateado-para-personalizar-con-logo\/#breadcrumb","itemListElement":[{"@type":"ListItem","position":1,"name":"Portada","item":"https:\/\/adl-regalosempresa.com\/tiendaonline\/"},{"@type":"ListItem","position":2,"name":"Tienda","item":"https:\/\/adl-regalosempresa.com\/tiendaonline\/tienda\/"},{"@type":"ListItem","position":3,"name":"Pluma con bloques de color y ribete plateado para personalizar con logo"}]},{"@type":"WebSite","@id":"https:\/\/adl-regalosempresa.com\/tiendaonline\/#website","url":"https:\/\/adl-regalosempresa.com\/tiendaonline\/","name":"ADL Comunicaci\u00f3n","description":"Regalos de empresa","publisher":{"@id":"https:\/\/adl-regalosempresa.com\/tiendaonline\/#organization"},"potentialAction":[{"@type":"SearchAction","target":{"@type":"EntryPoint","urlTemplate":"https:\/\/adl-regalosempresa.com\/tiendaonline\/?s={search_term_string}"},"query-input":{"@type":"PropertyValueSpecification","valueRequired":true,"valueName":"search_term_string"}}],"inLanguage":"es"},{"@type":"Organization","@id":"https:\/\/adl-regalosempresa.com\/tiendaonline\/#organization","name":"ADL Comunicaci\u00f3n","url":"https:\/\/adl-regalosempresa.com\/tiendaonline\/","logo":{"@type":"ImageObject","inLanguage":"es","@id":"https:\/\/adl-regalosempresa.com\/tiendaonline\/#\/schema\/logo\/image\/","url":"https:\/\/adl-regalosempresa.com\/tiendaonline\/wp-content\/uploads\/2017\/09\/logo-adl-wp.png","contentUrl":"https:\/\/adl-regalosempresa.com\/tiendaonline\/wp-content\/uploads\/2017\/09\/logo-adl-wp.png","width":407,"height":185,"caption":"ADL Comunicaci\u00f3n"},"image":{"@id":"https:\/\/adl-regalosempresa.com\/tiendaonline\/#\/schema\/logo\/image\/"}}]}},"_links":{"self":[{"href":"https:\/\/adl-regalosempresa.com\/tiendaonline\/wp-json\/wp\/v2\/product\/136014","targetHints":{"allow":["GET"]}}],"collection":[{"href":"https:\/\/adl-regalosempresa.com\/tiendaonline\/wp-json\/wp\/v2\/product"}],"about":[{"href":"https:\/\/adl-regalosempresa.com\/tiendaonline\/wp-json\/wp\/v2\/types\/product"}],"wp:featuredmedia":[{"embeddable":true,"href":"https:\/\/adl-regalosempresa.com\/tiendaonline\/wp-json\/wp\/v2\/media\/136016"}],"wp:attachment":[{"href":"https:\/\/adl-regalosempresa.com\/tiendaonline\/wp-json\/wp\/v2\/media?parent=136014"}],"wp:term":[{"taxonomy":"product_brand","embeddable":true,"href":"https:\/\/adl-regalosempresa.com\/tiendaonline\/wp-json\/wp\/v2\/product_brand?post=136014"},{"taxonomy":"product_cat","embeddable":true,"href":"https:\/\/adl-regalosempresa.com\/tiendaonline\/wp-json\/wp\/v2\/product_cat?post=136014"},{"taxonomy":"product_tag","embeddable":true,"href":"https:\/\/adl-regalosempresa.com\/tiendaonline\/wp-json\/wp\/v2\/product_tag?post=136014"}],"curies":[{"name":"wp","href":"https:\/\/api.w.org\/{rel}","templated":true}]}}