{"id":136009,"date":"2026-04-14T04:22:27","date_gmt":"2026-04-14T04:22:27","guid":{"rendered":"https:\/\/adl-regalosempresa.com\/tiendaonline\/articulos\/merchandising\/boligrafo-para-personalizar-con-logo-31\/"},"modified":"2026-05-01T07:56:10","modified_gmt":"2026-05-01T07:56:10","slug":"boligrafo-para-personalizar-con-logo-31","status":"publish","type":"product","link":"https:\/\/adl-regalosempresa.com\/tiendaonline\/articulos\/merchandising\/boligrafo-para-personalizar-con-logo-31\/","title":{"rendered":"Bol\u00edgrafo  para personalizar con logo"},"content":{"rendered":"<p>Bol\u00edgrafo con tinta azul entregado en una caja de regalo \u00abParker Jotter SE Global Icons\u00bb. Los \u00abParker Jotter SE Global Icons\u00bb son una serie de bol\u00edgrafos de \u00abParker\u00bb,una conocida marca con una larga trayectoria en la fabricaci\u00f3n de instrumentos de escritura de alta calidad. La abreviatura \u00abSE\u00bb significa \u00abedici\u00f3n especial\u00bb en ingl\u00e9s y la tem\u00e1tica \u00abGlobal Icons\u00bb ofrece un dise\u00f1o que rinde homenaje a elementos emblem\u00e1ticos de todo el mundo. Longitud de escritura: 2000 metros.<\/p>\n","protected":false},"excerpt":{"rendered":"<p><strong>Descuentos por cantidades<\/strong><br \/>&#8211; a partir de 25 unidades: 37,72 \u20ac\/ud<br \/>&#8211; a partir de 50 unidades: 36,98 \u20ac\/ud<br \/>&#8211; a partir de 100 unidades: 36,6 \u20ac\/ud<\/p>\n<p>Para cantidades superiores a las aqu\u00ed indicadas, no dudes en ponerte en contacto con nuestro departamento comercial o <a href='https:\/\/adl-regalosempresa.com\/tiendaonline\/solicitud-presupuesto\/'>pedirnos presupuesto personalizado<\/a>, ajustaremos el presupuesto a tus necesidades.<\/p>\n","protected":false},"featured_media":137822,"template":"","meta":{"_kad_post_transparent":"","_kad_post_title":"","_kad_post_layout":"","_kad_post_sidebar_id":"","_kad_post_content_style":"","_kad_post_vertical_padding":"","_kad_post_feature":"","_kad_post_feature_position":"","_kad_post_header":false,"_kad_post_footer":false,"_kad_post_classname":""},"product_brand":[],"product_cat":[4288,4287],"product_tag":[],"class_list":{"0":"post-136009","1":"product","2":"type-product","3":"status-publish","4":"has-post-thumbnail","6":"product_cat-boligrafos","7":"product_cat-boligrafos-y-escritura","8":"pa_color-azul","9":"pa_color-azul-electrico","10":"pa_color-azul-turquesa","11":"pa_color-bronce","12":"pa_color-cromado","13":"pa_color-gris","14":"pa_color-rojo","15":"pa_color-rosa","16":"pa_color-simple-azul","17":"pa_color-simple-rojo","18":"pa_color-simple-rosa","19":"pa_diametro-1-cm","20":"pa_largo-128-cm","21":"pa_marca-parker","22":"pa_material-metal","23":"pa_peso-18-gr","25":"first","26":"instock","27":"taxable","28":"shipping-taxable","29":"purchasable","30":"product-type-variable","31":"entry","32":"content-bg","33":"loop-entry"},"yoast_head":"<!-- This site is optimized with the Yoast SEO plugin v26.3 - https:\/\/yoast.com\/wordpress\/plugins\/seo\/ -->\n<title>Merchandising Bol\u00edgrafo para personalizar con logo - ADL<\/title>\n<meta name=\"description\" content=\"Art\u00edculo de merchandising Bol\u00edgrafo &quot;Parker Jotter SE Global Icons&quot; (tinta azul). Bol\u00edgrafo con tinta azul entregado en una caja de regalo &quot;Parker Jotter SE Global Icons&quot;. Los &quot;Parker Jotter SE Global Icons&quot; son una serie de bol\u00edgrafos de &quot;Parker&quot;,una conocida marca con una larga trayectoria en la fabricaci\u00f3n de instrumentos de escritura de alta calidad. La abreviatura &quot;SE&quot; significa &quot;edici\u00f3n especial&quot; en ingl\u00e9s y la tem\u00e1tica &quot;Global Icons&quot; ofrece un dise\u00f1o que rinde homenaje a elementos emblem\u00e1ticos de todo el mundo. Longitud de escritura: 2000 metros.\" \/>\n<meta name=\"robots\" content=\"index, follow, max-snippet:-1, max-image-preview:large, max-video-preview:-1\" \/>\n<link rel=\"canonical\" href=\"https:\/\/adl-regalosempresa.com\/tiendaonline\/articulos\/merchandising\/boligrafo-para-personalizar-con-logo-31\/\" \/>\n<meta property=\"og:locale\" content=\"es_ES\" \/>\n<meta property=\"og:type\" content=\"article\" \/>\n<meta property=\"og:title\" content=\"Merchandising Bol\u00edgrafo para personalizar con logo - ADL\" \/>\n<meta property=\"og:description\" content=\"Art\u00edculo de merchandising Bol\u00edgrafo &quot;Parker Jotter SE Global Icons&quot; (tinta azul). Bol\u00edgrafo con tinta azul entregado en una caja de regalo &quot;Parker Jotter SE Global Icons&quot;. Los &quot;Parker Jotter SE Global Icons&quot; son una serie de bol\u00edgrafos de &quot;Parker&quot;,una conocida marca con una larga trayectoria en la fabricaci\u00f3n de instrumentos de escritura de alta calidad. La abreviatura &quot;SE&quot; significa &quot;edici\u00f3n especial&quot; en ingl\u00e9s y la tem\u00e1tica &quot;Global Icons&quot; ofrece un dise\u00f1o que rinde homenaje a elementos emblem\u00e1ticos de todo el mundo. Longitud de escritura: 2000 metros.\" \/>\n<meta property=\"og:url\" content=\"https:\/\/adl-regalosempresa.com\/tiendaonline\/articulos\/merchandising\/boligrafo-para-personalizar-con-logo-31\/\" \/>\n<meta property=\"og:site_name\" content=\"ADL Comunicaci\u00f3n\" \/>\n<meta property=\"article:modified_time\" content=\"2026-05-01T07:56:10+00:00\" \/>\n<meta property=\"og:image\" content=\"https:\/\/adl-regalosempresa.com\/tiendaonline\/wp-content\/uploads\/2024\/09\/10793341.jpg\" \/>\n\t<meta property=\"og:image:width\" content=\"1600\" \/>\n\t<meta property=\"og:image:height\" content=\"1600\" \/>\n\t<meta property=\"og:image:type\" content=\"image\/jpeg\" \/>\n<meta name=\"twitter:card\" content=\"summary_large_image\" \/>\n<meta name=\"twitter:title\" content=\"Merchandising Bol\u00edgrafo para personalizar con logo - ADL\" \/>\n<script type=\"application\/ld+json\" class=\"yoast-schema-graph\">{\"@context\":\"https:\/\/schema.org\",\"@graph\":[{\"@type\":\"WebPage\",\"@id\":\"https:\/\/adl-regalosempresa.com\/tiendaonline\/articulos\/merchandising\/boligrafo-para-personalizar-con-logo-31\/\",\"url\":\"https:\/\/adl-regalosempresa.com\/tiendaonline\/articulos\/merchandising\/boligrafo-para-personalizar-con-logo-31\/\",\"name\":\"Merchandising Bol\u00edgrafo para personalizar con logo - ADL\",\"isPartOf\":{\"@id\":\"https:\/\/adl-regalosempresa.com\/tiendaonline\/#website\"},\"primaryImageOfPage\":{\"@id\":\"https:\/\/adl-regalosempresa.com\/tiendaonline\/articulos\/merchandising\/boligrafo-para-personalizar-con-logo-31\/#primaryimage\"},\"image\":{\"@id\":\"https:\/\/adl-regalosempresa.com\/tiendaonline\/articulos\/merchandising\/boligrafo-para-personalizar-con-logo-31\/#primaryimage\"},\"thumbnailUrl\":\"https:\/\/adl-regalosempresa.com\/tiendaonline\/wp-content\/uploads\/2024\/09\/10793341.jpg\",\"datePublished\":\"2026-04-14T04:22:27+00:00\",\"dateModified\":\"2026-05-01T07:56:10+00:00\",\"description\":\"Art\u00edculo de merchandising Bol\u00edgrafo \\\"Parker Jotter SE Global Icons\\\" (tinta azul). Bol\u00edgrafo con tinta azul entregado en una caja de regalo \\\"Parker Jotter SE Global Icons\\\". Los \\\"Parker Jotter SE Global Icons\\\" son una serie de bol\u00edgrafos de \\\"Parker\\\",una conocida marca con una larga trayectoria en la fabricaci\u00f3n de instrumentos de escritura de alta calidad. La abreviatura \\\"SE\\\" significa \\\"edici\u00f3n especial\\\" en ingl\u00e9s y la tem\u00e1tica \\\"Global Icons\\\" ofrece un dise\u00f1o que rinde homenaje a elementos emblem\u00e1ticos de todo el mundo. Longitud de escritura: 2000 metros.\",\"breadcrumb\":{\"@id\":\"https:\/\/adl-regalosempresa.com\/tiendaonline\/articulos\/merchandising\/boligrafo-para-personalizar-con-logo-31\/#breadcrumb\"},\"inLanguage\":\"es\",\"potentialAction\":[{\"@type\":\"ReadAction\",\"target\":[\"https:\/\/adl-regalosempresa.com\/tiendaonline\/articulos\/merchandising\/boligrafo-para-personalizar-con-logo-31\/\"]}]},{\"@type\":\"ImageObject\",\"inLanguage\":\"es\",\"@id\":\"https:\/\/adl-regalosempresa.com\/tiendaonline\/articulos\/merchandising\/boligrafo-para-personalizar-con-logo-31\/#primaryimage\",\"url\":\"https:\/\/adl-regalosempresa.com\/tiendaonline\/wp-content\/uploads\/2024\/09\/10793341.jpg\",\"contentUrl\":\"https:\/\/adl-regalosempresa.com\/tiendaonline\/wp-content\/uploads\/2024\/09\/10793341.jpg\",\"width\":1600,\"height\":1600,\"caption\":\"Bol\u00edgrafo \\\"Parker Jotter SE Global Icons\\\" (tinta azul)\"},{\"@type\":\"BreadcrumbList\",\"@id\":\"https:\/\/adl-regalosempresa.com\/tiendaonline\/articulos\/merchandising\/boligrafo-para-personalizar-con-logo-31\/#breadcrumb\",\"itemListElement\":[{\"@type\":\"ListItem\",\"position\":1,\"name\":\"Portada\",\"item\":\"https:\/\/adl-regalosempresa.com\/tiendaonline\/\"},{\"@type\":\"ListItem\",\"position\":2,\"name\":\"Tienda\",\"item\":\"https:\/\/adl-regalosempresa.com\/tiendaonline\/tienda\/\"},{\"@type\":\"ListItem\",\"position\":3,\"name\":\"Bol\u00edgrafo para personalizar con logo\"}]},{\"@type\":\"WebSite\",\"@id\":\"https:\/\/adl-regalosempresa.com\/tiendaonline\/#website\",\"url\":\"https:\/\/adl-regalosempresa.com\/tiendaonline\/\",\"name\":\"ADL Comunicaci\u00f3n\",\"description\":\"Regalos de empresa\",\"publisher\":{\"@id\":\"https:\/\/adl-regalosempresa.com\/tiendaonline\/#organization\"},\"potentialAction\":[{\"@type\":\"SearchAction\",\"target\":{\"@type\":\"EntryPoint\",\"urlTemplate\":\"https:\/\/adl-regalosempresa.com\/tiendaonline\/?s={search_term_string}\"},\"query-input\":{\"@type\":\"PropertyValueSpecification\",\"valueRequired\":true,\"valueName\":\"search_term_string\"}}],\"inLanguage\":\"es\"},{\"@type\":\"Organization\",\"@id\":\"https:\/\/adl-regalosempresa.com\/tiendaonline\/#organization\",\"name\":\"ADL Comunicaci\u00f3n\",\"url\":\"https:\/\/adl-regalosempresa.com\/tiendaonline\/\",\"logo\":{\"@type\":\"ImageObject\",\"inLanguage\":\"es\",\"@id\":\"https:\/\/adl-regalosempresa.com\/tiendaonline\/#\/schema\/logo\/image\/\",\"url\":\"https:\/\/adl-regalosempresa.com\/tiendaonline\/wp-content\/uploads\/2017\/09\/logo-adl-wp.png\",\"contentUrl\":\"https:\/\/adl-regalosempresa.com\/tiendaonline\/wp-content\/uploads\/2017\/09\/logo-adl-wp.png\",\"width\":407,\"height\":185,\"caption\":\"ADL Comunicaci\u00f3n\"},\"image\":{\"@id\":\"https:\/\/adl-regalosempresa.com\/tiendaonline\/#\/schema\/logo\/image\/\"}}]}<\/script>\n<!-- \/ Yoast SEO plugin. -->","yoast_head_json":{"title":"Merchandising Bol\u00edgrafo para personalizar con logo - ADL","description":"Art\u00edculo de merchandising Bol\u00edgrafo \"Parker Jotter SE Global Icons\" (tinta azul). Bol\u00edgrafo con tinta azul entregado en una caja de regalo \"Parker Jotter SE Global Icons\". Los \"Parker Jotter SE Global Icons\" son una serie de bol\u00edgrafos de \"Parker\",una conocida marca con una larga trayectoria en la fabricaci\u00f3n de instrumentos de escritura de alta calidad. La abreviatura \"SE\" significa \"edici\u00f3n especial\" en ingl\u00e9s y la tem\u00e1tica \"Global Icons\" ofrece un dise\u00f1o que rinde homenaje a elementos emblem\u00e1ticos de todo el mundo. Longitud de escritura: 2000 metros.","robots":{"index":"index","follow":"follow","max-snippet":"max-snippet:-1","max-image-preview":"max-image-preview:large","max-video-preview":"max-video-preview:-1"},"canonical":"https:\/\/adl-regalosempresa.com\/tiendaonline\/articulos\/merchandising\/boligrafo-para-personalizar-con-logo-31\/","og_locale":"es_ES","og_type":"article","og_title":"Merchandising Bol\u00edgrafo para personalizar con logo - ADL","og_description":"Art\u00edculo de merchandising Bol\u00edgrafo \"Parker Jotter SE Global Icons\" (tinta azul). Bol\u00edgrafo con tinta azul entregado en una caja de regalo \"Parker Jotter SE Global Icons\". Los \"Parker Jotter SE Global Icons\" son una serie de bol\u00edgrafos de \"Parker\",una conocida marca con una larga trayectoria en la fabricaci\u00f3n de instrumentos de escritura de alta calidad. La abreviatura \"SE\" significa \"edici\u00f3n especial\" en ingl\u00e9s y la tem\u00e1tica \"Global Icons\" ofrece un dise\u00f1o que rinde homenaje a elementos emblem\u00e1ticos de todo el mundo. Longitud de escritura: 2000 metros.","og_url":"https:\/\/adl-regalosempresa.com\/tiendaonline\/articulos\/merchandising\/boligrafo-para-personalizar-con-logo-31\/","og_site_name":"ADL Comunicaci\u00f3n","article_modified_time":"2026-05-01T07:56:10+00:00","og_image":[{"width":1600,"height":1600,"url":"https:\/\/adl-regalosempresa.com\/tiendaonline\/wp-content\/uploads\/2024\/09\/10793341.jpg","type":"image\/jpeg"}],"twitter_card":"summary_large_image","twitter_title":"Merchandising Bol\u00edgrafo para personalizar con logo - ADL","schema":{"@context":"https:\/\/schema.org","@graph":[{"@type":"WebPage","@id":"https:\/\/adl-regalosempresa.com\/tiendaonline\/articulos\/merchandising\/boligrafo-para-personalizar-con-logo-31\/","url":"https:\/\/adl-regalosempresa.com\/tiendaonline\/articulos\/merchandising\/boligrafo-para-personalizar-con-logo-31\/","name":"Merchandising Bol\u00edgrafo para personalizar con logo - ADL","isPartOf":{"@id":"https:\/\/adl-regalosempresa.com\/tiendaonline\/#website"},"primaryImageOfPage":{"@id":"https:\/\/adl-regalosempresa.com\/tiendaonline\/articulos\/merchandising\/boligrafo-para-personalizar-con-logo-31\/#primaryimage"},"image":{"@id":"https:\/\/adl-regalosempresa.com\/tiendaonline\/articulos\/merchandising\/boligrafo-para-personalizar-con-logo-31\/#primaryimage"},"thumbnailUrl":"https:\/\/adl-regalosempresa.com\/tiendaonline\/wp-content\/uploads\/2024\/09\/10793341.jpg","datePublished":"2026-04-14T04:22:27+00:00","dateModified":"2026-05-01T07:56:10+00:00","description":"Art\u00edculo de merchandising Bol\u00edgrafo \"Parker Jotter SE Global Icons\" (tinta azul). Bol\u00edgrafo con tinta azul entregado en una caja de regalo \"Parker Jotter SE Global Icons\". Los \"Parker Jotter SE Global Icons\" son una serie de bol\u00edgrafos de \"Parker\",una conocida marca con una larga trayectoria en la fabricaci\u00f3n de instrumentos de escritura de alta calidad. La abreviatura \"SE\" significa \"edici\u00f3n especial\" en ingl\u00e9s y la tem\u00e1tica \"Global Icons\" ofrece un dise\u00f1o que rinde homenaje a elementos emblem\u00e1ticos de todo el mundo. Longitud de escritura: 2000 metros.","breadcrumb":{"@id":"https:\/\/adl-regalosempresa.com\/tiendaonline\/articulos\/merchandising\/boligrafo-para-personalizar-con-logo-31\/#breadcrumb"},"inLanguage":"es","potentialAction":[{"@type":"ReadAction","target":["https:\/\/adl-regalosempresa.com\/tiendaonline\/articulos\/merchandising\/boligrafo-para-personalizar-con-logo-31\/"]}]},{"@type":"ImageObject","inLanguage":"es","@id":"https:\/\/adl-regalosempresa.com\/tiendaonline\/articulos\/merchandising\/boligrafo-para-personalizar-con-logo-31\/#primaryimage","url":"https:\/\/adl-regalosempresa.com\/tiendaonline\/wp-content\/uploads\/2024\/09\/10793341.jpg","contentUrl":"https:\/\/adl-regalosempresa.com\/tiendaonline\/wp-content\/uploads\/2024\/09\/10793341.jpg","width":1600,"height":1600,"caption":"Bol\u00edgrafo \"Parker Jotter SE Global Icons\" (tinta azul)"},{"@type":"BreadcrumbList","@id":"https:\/\/adl-regalosempresa.com\/tiendaonline\/articulos\/merchandising\/boligrafo-para-personalizar-con-logo-31\/#breadcrumb","itemListElement":[{"@type":"ListItem","position":1,"name":"Portada","item":"https:\/\/adl-regalosempresa.com\/tiendaonline\/"},{"@type":"ListItem","position":2,"name":"Tienda","item":"https:\/\/adl-regalosempresa.com\/tiendaonline\/tienda\/"},{"@type":"ListItem","position":3,"name":"Bol\u00edgrafo para personalizar con logo"}]},{"@type":"WebSite","@id":"https:\/\/adl-regalosempresa.com\/tiendaonline\/#website","url":"https:\/\/adl-regalosempresa.com\/tiendaonline\/","name":"ADL Comunicaci\u00f3n","description":"Regalos de empresa","publisher":{"@id":"https:\/\/adl-regalosempresa.com\/tiendaonline\/#organization"},"potentialAction":[{"@type":"SearchAction","target":{"@type":"EntryPoint","urlTemplate":"https:\/\/adl-regalosempresa.com\/tiendaonline\/?s={search_term_string}"},"query-input":{"@type":"PropertyValueSpecification","valueRequired":true,"valueName":"search_term_string"}}],"inLanguage":"es"},{"@type":"Organization","@id":"https:\/\/adl-regalosempresa.com\/tiendaonline\/#organization","name":"ADL Comunicaci\u00f3n","url":"https:\/\/adl-regalosempresa.com\/tiendaonline\/","logo":{"@type":"ImageObject","inLanguage":"es","@id":"https:\/\/adl-regalosempresa.com\/tiendaonline\/#\/schema\/logo\/image\/","url":"https:\/\/adl-regalosempresa.com\/tiendaonline\/wp-content\/uploads\/2017\/09\/logo-adl-wp.png","contentUrl":"https:\/\/adl-regalosempresa.com\/tiendaonline\/wp-content\/uploads\/2017\/09\/logo-adl-wp.png","width":407,"height":185,"caption":"ADL Comunicaci\u00f3n"},"image":{"@id":"https:\/\/adl-regalosempresa.com\/tiendaonline\/#\/schema\/logo\/image\/"}}]}},"_links":{"self":[{"href":"https:\/\/adl-regalosempresa.com\/tiendaonline\/wp-json\/wp\/v2\/product\/136009","targetHints":{"allow":["GET"]}}],"collection":[{"href":"https:\/\/adl-regalosempresa.com\/tiendaonline\/wp-json\/wp\/v2\/product"}],"about":[{"href":"https:\/\/adl-regalosempresa.com\/tiendaonline\/wp-json\/wp\/v2\/types\/product"}],"wp:featuredmedia":[{"embeddable":true,"href":"https:\/\/adl-regalosempresa.com\/tiendaonline\/wp-json\/wp\/v2\/media\/137822"}],"wp:attachment":[{"href":"https:\/\/adl-regalosempresa.com\/tiendaonline\/wp-json\/wp\/v2\/media?parent=136009"}],"wp:term":[{"taxonomy":"product_brand","embeddable":true,"href":"https:\/\/adl-regalosempresa.com\/tiendaonline\/wp-json\/wp\/v2\/product_brand?post=136009"},{"taxonomy":"product_cat","embeddable":true,"href":"https:\/\/adl-regalosempresa.com\/tiendaonline\/wp-json\/wp\/v2\/product_cat?post=136009"},{"taxonomy":"product_tag","embeddable":true,"href":"https:\/\/adl-regalosempresa.com\/tiendaonline\/wp-json\/wp\/v2\/product_tag?post=136009"}],"curies":[{"name":"wp","href":"https:\/\/api.w.org\/{rel}","templated":true}]}}