{"id":135571,"date":"2026-03-24T07:18:06","date_gmt":"2026-03-24T07:18:06","guid":{"rendered":"https:\/\/adl-regalosempresa.com\/tiendaonline\/articulos\/merchandising\/taza-con-aislamiento-de-cobre-de-350-ml-con-certificado-rcs-para-personalizar-con-logo\/"},"modified":"2026-04-22T08:04:11","modified_gmt":"2026-04-22T08:04:11","slug":"taza-con-aislamiento-de-cobre-de-350-ml-de-acero-inoxidable-reciclado-con-certificado-rcs-para-personalizar-con-logo","status":"publish","type":"product","link":"https:\/\/adl-regalosempresa.com\/tiendaonline\/articulos\/merchandising\/taza-con-aislamiento-de-cobre-de-350-ml-de-acero-inoxidable-reciclado-con-certificado-rcs-para-personalizar-con-logo\/","title":{"rendered":"Taza con aislamiento de cobre de 350 ml de acero in\u00f3xidable reciclado con certificado RCS  para personalizar con logo"},"content":{"rendered":"<p>La taza \u00abCorzo\u00bb est\u00e1 fabricada con acero inoxidable con certificaci\u00f3n RCS y tiene una estructura de doble pared con aislamiento de cobre para mantenet las bebidas calientes durante 6\u00a0horas o fr\u00edas durante 24\u00a0horas. La estructura evita la condensaci\u00f3n en el exterior del vaso. Tapa de bot\u00f3n de presi\u00f3n para beber f\u00e1cilmente. Cuenta con un recubrimiento de polvo en aerosol en el cuerpo exterior. Amplia abertura para rellenar y verter c\u00f3modamente. Capacidad de 350\u00a0ml. Se presenta en una caja de regalo de cart\u00f3n reciclado.<\/p>\n","protected":false},"excerpt":{"rendered":"<p><strong>Descuentos por cantidades<\/strong><br \/>&#8211; a partir de 50 unidades: 8,69 \u20ac\/ud<br \/>&#8211; a partir de 100 unidades: 8,43 \u20ac\/ud<br \/>&#8211; a partir de 500 unidades: 8,26 \u20ac\/ud<\/p>\n<p>Para cantidades superiores a las aqu\u00ed indicadas, no dudes en ponerte en contacto con nuestro departamento comercial o <a href='https:\/\/adl-regalosempresa.com\/tiendaonline\/solicitud-presupuesto\/'>pedirnos presupuesto personalizado<\/a>, ajustaremos el presupuesto a tus necesidades.<\/p>\n","protected":false},"featured_media":135573,"template":"","meta":{"_kad_post_transparent":"","_kad_post_title":"","_kad_post_layout":"","_kad_post_sidebar_id":"","_kad_post_content_style":"","_kad_post_vertical_padding":"","_kad_post_feature":"","_kad_post_feature_position":"","_kad_post_header":false,"_kad_post_footer":false,"_kad_post_classname":""},"product_brand":[],"product_cat":[3795,3372],"product_tag":[],"class_list":{"0":"post-135571","1":"product","2":"type-product","3":"status-publish","4":"has-post-thumbnail","6":"product_cat-vasos-tazas-isotermicas","7":"product_cat-articulos-para-bebidas","8":"pa_alto-1142-cm","9":"pa_ancho-89-cm","10":"pa_color-azul-hale","11":"pa_color-blanco","12":"pa_color-bronce","13":"pa_color-negro-intenso","14":"pa_color-plateado","15":"pa_color-rojo","16":"pa_color-simple-azul","17":"pa_color-simple-blanco","18":"pa_color-simple-gris","19":"pa_color-simple-marron","20":"pa_color-simple-negro-intenso","21":"pa_color-simple-rojo","22":"pa_diametro-58-cm","23":"pa_marca-unbranded","24":"pa_material-acero-inoxidable-reciclado","25":"pa_peso-171-gr","27":"first","28":"instock","29":"taxable","30":"shipping-taxable","31":"purchasable","32":"product-type-variable","33":"entry","34":"content-bg","35":"loop-entry"},"yoast_head":"<!-- This site is optimized with the Yoast SEO plugin v26.3 - https:\/\/yoast.com\/wordpress\/plugins\/seo\/ -->\n<title>Merchandising Taza con aislamiento de cobre de 350 ml de acero in\u00f3xidable reciclado con certificado RCS para personalizar con logo - ADL<\/title>\n<meta name=\"description\" content=\"Art\u00edculo de merchandising Taza con aislamiento de cobre de 350 ml de acero in\u00f3xidable reciclado con certificado RCS &quot;Corzo&quot;. La taza &quot;Corzo&quot; est\u00e1 fabricada con acero inoxidable con certificaci\u00f3n RCS y tiene una estructura de doble pared con aislamiento de cobre para mantenet las bebidas calientes durante 6\u00a0horas o fr\u00edas durante 24\u00a0horas. La estructura evita la condensaci\u00f3n en el exterior del vaso. Tapa de bot\u00f3n de presi\u00f3n para beber f\u00e1cilmente. Cuenta con un recubrimiento de polvo en aerosol en el cuerpo exterior. Amplia abertura para rellenar y verter c\u00f3modamente. Capacidad de 350\u00a0ml. Se presenta en una caja de regalo de cart\u00f3n reciclado.\" \/>\n<meta name=\"robots\" content=\"index, follow, max-snippet:-1, max-image-preview:large, max-video-preview:-1\" \/>\n<link rel=\"canonical\" href=\"https:\/\/adl-regalosempresa.com\/tiendaonline\/articulos\/merchandising\/taza-con-aislamiento-de-cobre-de-350-ml-de-acero-inoxidable-reciclado-con-certificado-rcs-para-personalizar-con-logo\/\" \/>\n<meta property=\"og:locale\" content=\"es_ES\" \/>\n<meta property=\"og:type\" content=\"article\" \/>\n<meta property=\"og:title\" content=\"Merchandising Taza con aislamiento de cobre de 350 ml de acero in\u00f3xidable reciclado con certificado RCS para personalizar con logo - ADL\" \/>\n<meta property=\"og:description\" content=\"Art\u00edculo de merchandising Taza con aislamiento de cobre de 350 ml de acero in\u00f3xidable reciclado con certificado RCS &quot;Corzo&quot;. La taza &quot;Corzo&quot; est\u00e1 fabricada con acero inoxidable con certificaci\u00f3n RCS y tiene una estructura de doble pared con aislamiento de cobre para mantenet las bebidas calientes durante 6\u00a0horas o fr\u00edas durante 24\u00a0horas. La estructura evita la condensaci\u00f3n en el exterior del vaso. Tapa de bot\u00f3n de presi\u00f3n para beber f\u00e1cilmente. Cuenta con un recubrimiento de polvo en aerosol en el cuerpo exterior. Amplia abertura para rellenar y verter c\u00f3modamente. Capacidad de 350\u00a0ml. Se presenta en una caja de regalo de cart\u00f3n reciclado.\" \/>\n<meta property=\"og:url\" content=\"https:\/\/adl-regalosempresa.com\/tiendaonline\/articulos\/merchandising\/taza-con-aislamiento-de-cobre-de-350-ml-de-acero-inoxidable-reciclado-con-certificado-rcs-para-personalizar-con-logo\/\" \/>\n<meta property=\"og:site_name\" content=\"ADL Comunicaci\u00f3n\" \/>\n<meta property=\"article:modified_time\" content=\"2026-04-22T08:04:11+00:00\" \/>\n<meta property=\"og:image\" content=\"https:\/\/adl-regalosempresa.com\/tiendaonline\/wp-content\/uploads\/2024\/08\/10079901.jpg\" \/>\n\t<meta property=\"og:image:width\" content=\"1600\" \/>\n\t<meta property=\"og:image:height\" content=\"1600\" \/>\n\t<meta property=\"og:image:type\" content=\"image\/jpeg\" \/>\n<meta name=\"twitter:card\" content=\"summary_large_image\" \/>\n<meta name=\"twitter:title\" content=\"Merchandising Taza con aislamiento de cobre de 350 ml de acero in\u00f3xidable reciclado con certificado RCS para personalizar con logo - ADL\" \/>\n<script type=\"application\/ld+json\" class=\"yoast-schema-graph\">{\"@context\":\"https:\/\/schema.org\",\"@graph\":[{\"@type\":\"WebPage\",\"@id\":\"https:\/\/adl-regalosempresa.com\/tiendaonline\/articulos\/merchandising\/taza-con-aislamiento-de-cobre-de-350-ml-de-acero-inoxidable-reciclado-con-certificado-rcs-para-personalizar-con-logo\/\",\"url\":\"https:\/\/adl-regalosempresa.com\/tiendaonline\/articulos\/merchandising\/taza-con-aislamiento-de-cobre-de-350-ml-de-acero-inoxidable-reciclado-con-certificado-rcs-para-personalizar-con-logo\/\",\"name\":\"Merchandising Taza con aislamiento de cobre de 350 ml de acero in\u00f3xidable reciclado con certificado RCS para personalizar con logo - ADL\",\"isPartOf\":{\"@id\":\"https:\/\/adl-regalosempresa.com\/tiendaonline\/#website\"},\"primaryImageOfPage\":{\"@id\":\"https:\/\/adl-regalosempresa.com\/tiendaonline\/articulos\/merchandising\/taza-con-aislamiento-de-cobre-de-350-ml-de-acero-inoxidable-reciclado-con-certificado-rcs-para-personalizar-con-logo\/#primaryimage\"},\"image\":{\"@id\":\"https:\/\/adl-regalosempresa.com\/tiendaonline\/articulos\/merchandising\/taza-con-aislamiento-de-cobre-de-350-ml-de-acero-inoxidable-reciclado-con-certificado-rcs-para-personalizar-con-logo\/#primaryimage\"},\"thumbnailUrl\":\"https:\/\/adl-regalosempresa.com\/tiendaonline\/wp-content\/uploads\/2024\/08\/10079901.jpg\",\"datePublished\":\"2026-03-24T07:18:06+00:00\",\"dateModified\":\"2026-04-22T08:04:11+00:00\",\"description\":\"Art\u00edculo de merchandising Taza con aislamiento de cobre de 350 ml de acero in\u00f3xidable reciclado con certificado RCS \\\"Corzo\\\". La taza \\\"Corzo\\\" est\u00e1 fabricada con acero inoxidable con certificaci\u00f3n RCS y tiene una estructura de doble pared con aislamiento de cobre para mantenet las bebidas calientes durante 6\u00a0horas o fr\u00edas durante 24\u00a0horas. La estructura evita la condensaci\u00f3n en el exterior del vaso. Tapa de bot\u00f3n de presi\u00f3n para beber f\u00e1cilmente. Cuenta con un recubrimiento de polvo en aerosol en el cuerpo exterior. Amplia abertura para rellenar y verter c\u00f3modamente. Capacidad de 350\u00a0ml. Se presenta en una caja de regalo de cart\u00f3n reciclado.\",\"breadcrumb\":{\"@id\":\"https:\/\/adl-regalosempresa.com\/tiendaonline\/articulos\/merchandising\/taza-con-aislamiento-de-cobre-de-350-ml-de-acero-inoxidable-reciclado-con-certificado-rcs-para-personalizar-con-logo\/#breadcrumb\"},\"inLanguage\":\"es\",\"potentialAction\":[{\"@type\":\"ReadAction\",\"target\":[\"https:\/\/adl-regalosempresa.com\/tiendaonline\/articulos\/merchandising\/taza-con-aislamiento-de-cobre-de-350-ml-de-acero-inoxidable-reciclado-con-certificado-rcs-para-personalizar-con-logo\/\"]}]},{\"@type\":\"ImageObject\",\"inLanguage\":\"es\",\"@id\":\"https:\/\/adl-regalosempresa.com\/tiendaonline\/articulos\/merchandising\/taza-con-aislamiento-de-cobre-de-350-ml-de-acero-inoxidable-reciclado-con-certificado-rcs-para-personalizar-con-logo\/#primaryimage\",\"url\":\"https:\/\/adl-regalosempresa.com\/tiendaonline\/wp-content\/uploads\/2024\/08\/10079901.jpg\",\"contentUrl\":\"https:\/\/adl-regalosempresa.com\/tiendaonline\/wp-content\/uploads\/2024\/08\/10079901.jpg\",\"width\":1600,\"height\":1600,\"caption\":\"Taza con aislamiento de cobre de 350 ml de acero in\u00f3xidable reciclado con certificado RCS \\\"Corzo\\\"\"},{\"@type\":\"BreadcrumbList\",\"@id\":\"https:\/\/adl-regalosempresa.com\/tiendaonline\/articulos\/merchandising\/taza-con-aislamiento-de-cobre-de-350-ml-de-acero-inoxidable-reciclado-con-certificado-rcs-para-personalizar-con-logo\/#breadcrumb\",\"itemListElement\":[{\"@type\":\"ListItem\",\"position\":1,\"name\":\"Portada\",\"item\":\"https:\/\/adl-regalosempresa.com\/tiendaonline\/\"},{\"@type\":\"ListItem\",\"position\":2,\"name\":\"Tienda\",\"item\":\"https:\/\/adl-regalosempresa.com\/tiendaonline\/tienda\/\"},{\"@type\":\"ListItem\",\"position\":3,\"name\":\"Taza con aislamiento de cobre de 350 ml de acero in\u00f3xidable reciclado con certificado RCS para personalizar con logo\"}]},{\"@type\":\"WebSite\",\"@id\":\"https:\/\/adl-regalosempresa.com\/tiendaonline\/#website\",\"url\":\"https:\/\/adl-regalosempresa.com\/tiendaonline\/\",\"name\":\"ADL Comunicaci\u00f3n\",\"description\":\"Regalos de empresa\",\"publisher\":{\"@id\":\"https:\/\/adl-regalosempresa.com\/tiendaonline\/#organization\"},\"potentialAction\":[{\"@type\":\"SearchAction\",\"target\":{\"@type\":\"EntryPoint\",\"urlTemplate\":\"https:\/\/adl-regalosempresa.com\/tiendaonline\/?s={search_term_string}\"},\"query-input\":{\"@type\":\"PropertyValueSpecification\",\"valueRequired\":true,\"valueName\":\"search_term_string\"}}],\"inLanguage\":\"es\"},{\"@type\":\"Organization\",\"@id\":\"https:\/\/adl-regalosempresa.com\/tiendaonline\/#organization\",\"name\":\"ADL Comunicaci\u00f3n\",\"url\":\"https:\/\/adl-regalosempresa.com\/tiendaonline\/\",\"logo\":{\"@type\":\"ImageObject\",\"inLanguage\":\"es\",\"@id\":\"https:\/\/adl-regalosempresa.com\/tiendaonline\/#\/schema\/logo\/image\/\",\"url\":\"https:\/\/adl-regalosempresa.com\/tiendaonline\/wp-content\/uploads\/2017\/09\/logo-adl-wp.png\",\"contentUrl\":\"https:\/\/adl-regalosempresa.com\/tiendaonline\/wp-content\/uploads\/2017\/09\/logo-adl-wp.png\",\"width\":407,\"height\":185,\"caption\":\"ADL Comunicaci\u00f3n\"},\"image\":{\"@id\":\"https:\/\/adl-regalosempresa.com\/tiendaonline\/#\/schema\/logo\/image\/\"}}]}<\/script>\n<!-- \/ Yoast SEO plugin. -->","yoast_head_json":{"title":"Merchandising Taza con aislamiento de cobre de 350 ml de acero in\u00f3xidable reciclado con certificado RCS para personalizar con logo - ADL","description":"Art\u00edculo de merchandising Taza con aislamiento de cobre de 350 ml de acero in\u00f3xidable reciclado con certificado RCS \"Corzo\". La taza \"Corzo\" est\u00e1 fabricada con acero inoxidable con certificaci\u00f3n RCS y tiene una estructura de doble pared con aislamiento de cobre para mantenet las bebidas calientes durante 6\u00a0horas o fr\u00edas durante 24\u00a0horas. La estructura evita la condensaci\u00f3n en el exterior del vaso. Tapa de bot\u00f3n de presi\u00f3n para beber f\u00e1cilmente. Cuenta con un recubrimiento de polvo en aerosol en el cuerpo exterior. Amplia abertura para rellenar y verter c\u00f3modamente. Capacidad de 350\u00a0ml. Se presenta en una caja de regalo de cart\u00f3n reciclado.","robots":{"index":"index","follow":"follow","max-snippet":"max-snippet:-1","max-image-preview":"max-image-preview:large","max-video-preview":"max-video-preview:-1"},"canonical":"https:\/\/adl-regalosempresa.com\/tiendaonline\/articulos\/merchandising\/taza-con-aislamiento-de-cobre-de-350-ml-de-acero-inoxidable-reciclado-con-certificado-rcs-para-personalizar-con-logo\/","og_locale":"es_ES","og_type":"article","og_title":"Merchandising Taza con aislamiento de cobre de 350 ml de acero in\u00f3xidable reciclado con certificado RCS para personalizar con logo - ADL","og_description":"Art\u00edculo de merchandising Taza con aislamiento de cobre de 350 ml de acero in\u00f3xidable reciclado con certificado RCS \"Corzo\". La taza \"Corzo\" est\u00e1 fabricada con acero inoxidable con certificaci\u00f3n RCS y tiene una estructura de doble pared con aislamiento de cobre para mantenet las bebidas calientes durante 6\u00a0horas o fr\u00edas durante 24\u00a0horas. La estructura evita la condensaci\u00f3n en el exterior del vaso. Tapa de bot\u00f3n de presi\u00f3n para beber f\u00e1cilmente. Cuenta con un recubrimiento de polvo en aerosol en el cuerpo exterior. Amplia abertura para rellenar y verter c\u00f3modamente. Capacidad de 350\u00a0ml. Se presenta en una caja de regalo de cart\u00f3n reciclado.","og_url":"https:\/\/adl-regalosempresa.com\/tiendaonline\/articulos\/merchandising\/taza-con-aislamiento-de-cobre-de-350-ml-de-acero-inoxidable-reciclado-con-certificado-rcs-para-personalizar-con-logo\/","og_site_name":"ADL Comunicaci\u00f3n","article_modified_time":"2026-04-22T08:04:11+00:00","og_image":[{"width":1600,"height":1600,"url":"https:\/\/adl-regalosempresa.com\/tiendaonline\/wp-content\/uploads\/2024\/08\/10079901.jpg","type":"image\/jpeg"}],"twitter_card":"summary_large_image","twitter_title":"Merchandising Taza con aislamiento de cobre de 350 ml de acero in\u00f3xidable reciclado con certificado RCS para personalizar con logo - ADL","schema":{"@context":"https:\/\/schema.org","@graph":[{"@type":"WebPage","@id":"https:\/\/adl-regalosempresa.com\/tiendaonline\/articulos\/merchandising\/taza-con-aislamiento-de-cobre-de-350-ml-de-acero-inoxidable-reciclado-con-certificado-rcs-para-personalizar-con-logo\/","url":"https:\/\/adl-regalosempresa.com\/tiendaonline\/articulos\/merchandising\/taza-con-aislamiento-de-cobre-de-350-ml-de-acero-inoxidable-reciclado-con-certificado-rcs-para-personalizar-con-logo\/","name":"Merchandising Taza con aislamiento de cobre de 350 ml de acero in\u00f3xidable reciclado con certificado RCS para personalizar con logo - ADL","isPartOf":{"@id":"https:\/\/adl-regalosempresa.com\/tiendaonline\/#website"},"primaryImageOfPage":{"@id":"https:\/\/adl-regalosempresa.com\/tiendaonline\/articulos\/merchandising\/taza-con-aislamiento-de-cobre-de-350-ml-de-acero-inoxidable-reciclado-con-certificado-rcs-para-personalizar-con-logo\/#primaryimage"},"image":{"@id":"https:\/\/adl-regalosempresa.com\/tiendaonline\/articulos\/merchandising\/taza-con-aislamiento-de-cobre-de-350-ml-de-acero-inoxidable-reciclado-con-certificado-rcs-para-personalizar-con-logo\/#primaryimage"},"thumbnailUrl":"https:\/\/adl-regalosempresa.com\/tiendaonline\/wp-content\/uploads\/2024\/08\/10079901.jpg","datePublished":"2026-03-24T07:18:06+00:00","dateModified":"2026-04-22T08:04:11+00:00","description":"Art\u00edculo de merchandising Taza con aislamiento de cobre de 350 ml de acero in\u00f3xidable reciclado con certificado RCS \"Corzo\". La taza \"Corzo\" est\u00e1 fabricada con acero inoxidable con certificaci\u00f3n RCS y tiene una estructura de doble pared con aislamiento de cobre para mantenet las bebidas calientes durante 6\u00a0horas o fr\u00edas durante 24\u00a0horas. La estructura evita la condensaci\u00f3n en el exterior del vaso. Tapa de bot\u00f3n de presi\u00f3n para beber f\u00e1cilmente. Cuenta con un recubrimiento de polvo en aerosol en el cuerpo exterior. Amplia abertura para rellenar y verter c\u00f3modamente. Capacidad de 350\u00a0ml. Se presenta en una caja de regalo de cart\u00f3n reciclado.","breadcrumb":{"@id":"https:\/\/adl-regalosempresa.com\/tiendaonline\/articulos\/merchandising\/taza-con-aislamiento-de-cobre-de-350-ml-de-acero-inoxidable-reciclado-con-certificado-rcs-para-personalizar-con-logo\/#breadcrumb"},"inLanguage":"es","potentialAction":[{"@type":"ReadAction","target":["https:\/\/adl-regalosempresa.com\/tiendaonline\/articulos\/merchandising\/taza-con-aislamiento-de-cobre-de-350-ml-de-acero-inoxidable-reciclado-con-certificado-rcs-para-personalizar-con-logo\/"]}]},{"@type":"ImageObject","inLanguage":"es","@id":"https:\/\/adl-regalosempresa.com\/tiendaonline\/articulos\/merchandising\/taza-con-aislamiento-de-cobre-de-350-ml-de-acero-inoxidable-reciclado-con-certificado-rcs-para-personalizar-con-logo\/#primaryimage","url":"https:\/\/adl-regalosempresa.com\/tiendaonline\/wp-content\/uploads\/2024\/08\/10079901.jpg","contentUrl":"https:\/\/adl-regalosempresa.com\/tiendaonline\/wp-content\/uploads\/2024\/08\/10079901.jpg","width":1600,"height":1600,"caption":"Taza con aislamiento de cobre de 350 ml de acero in\u00f3xidable reciclado con certificado RCS \"Corzo\""},{"@type":"BreadcrumbList","@id":"https:\/\/adl-regalosempresa.com\/tiendaonline\/articulos\/merchandising\/taza-con-aislamiento-de-cobre-de-350-ml-de-acero-inoxidable-reciclado-con-certificado-rcs-para-personalizar-con-logo\/#breadcrumb","itemListElement":[{"@type":"ListItem","position":1,"name":"Portada","item":"https:\/\/adl-regalosempresa.com\/tiendaonline\/"},{"@type":"ListItem","position":2,"name":"Tienda","item":"https:\/\/adl-regalosempresa.com\/tiendaonline\/tienda\/"},{"@type":"ListItem","position":3,"name":"Taza con aislamiento de cobre de 350 ml de acero in\u00f3xidable reciclado con certificado RCS para personalizar con logo"}]},{"@type":"WebSite","@id":"https:\/\/adl-regalosempresa.com\/tiendaonline\/#website","url":"https:\/\/adl-regalosempresa.com\/tiendaonline\/","name":"ADL Comunicaci\u00f3n","description":"Regalos de empresa","publisher":{"@id":"https:\/\/adl-regalosempresa.com\/tiendaonline\/#organization"},"potentialAction":[{"@type":"SearchAction","target":{"@type":"EntryPoint","urlTemplate":"https:\/\/adl-regalosempresa.com\/tiendaonline\/?s={search_term_string}"},"query-input":{"@type":"PropertyValueSpecification","valueRequired":true,"valueName":"search_term_string"}}],"inLanguage":"es"},{"@type":"Organization","@id":"https:\/\/adl-regalosempresa.com\/tiendaonline\/#organization","name":"ADL Comunicaci\u00f3n","url":"https:\/\/adl-regalosempresa.com\/tiendaonline\/","logo":{"@type":"ImageObject","inLanguage":"es","@id":"https:\/\/adl-regalosempresa.com\/tiendaonline\/#\/schema\/logo\/image\/","url":"https:\/\/adl-regalosempresa.com\/tiendaonline\/wp-content\/uploads\/2017\/09\/logo-adl-wp.png","contentUrl":"https:\/\/adl-regalosempresa.com\/tiendaonline\/wp-content\/uploads\/2017\/09\/logo-adl-wp.png","width":407,"height":185,"caption":"ADL Comunicaci\u00f3n"},"image":{"@id":"https:\/\/adl-regalosempresa.com\/tiendaonline\/#\/schema\/logo\/image\/"}}]}},"_links":{"self":[{"href":"https:\/\/adl-regalosempresa.com\/tiendaonline\/wp-json\/wp\/v2\/product\/135571","targetHints":{"allow":["GET"]}}],"collection":[{"href":"https:\/\/adl-regalosempresa.com\/tiendaonline\/wp-json\/wp\/v2\/product"}],"about":[{"href":"https:\/\/adl-regalosempresa.com\/tiendaonline\/wp-json\/wp\/v2\/types\/product"}],"wp:featuredmedia":[{"embeddable":true,"href":"https:\/\/adl-regalosempresa.com\/tiendaonline\/wp-json\/wp\/v2\/media\/135573"}],"wp:attachment":[{"href":"https:\/\/adl-regalosempresa.com\/tiendaonline\/wp-json\/wp\/v2\/media?parent=135571"}],"wp:term":[{"taxonomy":"product_brand","embeddable":true,"href":"https:\/\/adl-regalosempresa.com\/tiendaonline\/wp-json\/wp\/v2\/product_brand?post=135571"},{"taxonomy":"product_cat","embeddable":true,"href":"https:\/\/adl-regalosempresa.com\/tiendaonline\/wp-json\/wp\/v2\/product_cat?post=135571"},{"taxonomy":"product_tag","embeddable":true,"href":"https:\/\/adl-regalosempresa.com\/tiendaonline\/wp-json\/wp\/v2\/product_tag?post=135571"}],"curies":[{"name":"wp","href":"https:\/\/api.w.org\/{rel}","templated":true}]}}