{"id":135303,"date":"2026-03-24T06:19:00","date_gmt":"2026-03-24T06:19:00","guid":{"rendered":"https:\/\/adl-regalosempresa.com\/tiendaonline\/articulos\/merchandising\/mochila-para-portatil-de-17-para-personalizar-con-logo-6\/"},"modified":"2026-04-28T08:22:15","modified_gmt":"2026-04-28T08:22:15","slug":"mochila-para-portatil-de-17-para-personalizar-con-logo-6","status":"publish","type":"product","link":"https:\/\/adl-regalosempresa.com\/tiendaonline\/articulos\/merchandising\/mochila-para-portatil-de-17-para-personalizar-con-logo-6\/","title":{"rendered":"Mochila para port\u00e1til de 17&#8243; para personalizar con logo"},"content":{"rendered":"<p>La mochila para port\u00e1til ampliable, resistente y con certificaci\u00f3n GRS \u00abExpedition Pro\u00bb es la mejor elecci\u00f3n para los profesionales que tienen que compaginar viajes y trabajo constantemente. La mochila tiene una capacidad ampliada equivalente a la de una maleta de mano y est\u00e1 fabricada con RPET repelente al agua, con elementos de poliuretano de primera calidad y forro de RPET. Cuenta con un compartimento espec\u00edfico para port\u00e1tiles de 17&#8243; y una funda para tabletas, un compartimento extensible tipo maleta para guardar la ropa, un bolsillo grande integrado a prueba de fugas para los art\u00edculos de aseo y un espacioso compartimento frontal con m\u00faltiples bolsillos organizadores tanto dentro como fuera. Dispone de correas para hombro acolchadas y ajustables, un bolsillo integrado para tarjetas, un bucle para gafas de sol, un respaldo ergon\u00f3mico con malla aireadora y un asa acolchada que garantiza la m\u00e1xima comodidad de transporte. Capacidad: 35 litros. Sin PVC.<\/p>\n","protected":false},"excerpt":{"rendered":"<p><strong>Descuentos por cantidades<\/strong><br \/>&#8211; a partir de 50 unidades: 65,45 \u20ac\/ud<br \/>&#8211; a partir de 100 unidades: 65,45 \u20ac\/ud<br \/>&#8211; a partir de 500 unidades: 64,18 \u20ac\/ud<\/p>\n<p>Para cantidades superiores a las aqu\u00ed indicadas, no dudes en ponerte en contacto con nuestro departamento comercial o <a href='https:\/\/adl-regalosempresa.com\/tiendaonline\/solicitud-presupuesto\/'>pedirnos presupuesto personalizado<\/a>, ajustaremos el presupuesto a tus necesidades.<\/p>\n","protected":false},"featured_media":135305,"template":"","meta":{"_kad_post_transparent":"","_kad_post_title":"","_kad_post_layout":"","_kad_post_sidebar_id":"","_kad_post_content_style":"","_kad_post_vertical_padding":"","_kad_post_feature":"","_kad_post_feature_position":"","_kad_post_header":false,"_kad_post_footer":false,"_kad_post_classname":""},"product_brand":[],"product_cat":[3526,4808],"product_tag":[],"class_list":{"0":"post-135303","1":"product","2":"type-product","3":"status-publish","4":"has-post-thumbnail","6":"product_cat-bolsas","7":"product_cat-mochilas","8":"pa_alto-48-cm","9":"pa_ancho-15-cm","10":"pa_color-negro-intenso","11":"pa_color-simple-negro-intenso","12":"pa_largo-31-cm","13":"pa_marca-unbranded","14":"pa_material-poliester-reciclado-con-certificado-grs","15":"pa_peso-1350-gr","17":"first","18":"instock","19":"taxable","20":"shipping-taxable","21":"purchasable","22":"product-type-variable","23":"entry","24":"content-bg","25":"loop-entry"},"yoast_head":"<!-- This site is optimized with the Yoast SEO plugin v26.3 - https:\/\/yoast.com\/wordpress\/plugins\/seo\/ -->\n<title>Merchandising Mochila para port\u00e1til de 17&quot; para personalizar con logo - ADL<\/title>\n<meta name=\"description\" content=\"Art\u00edculo de merchandising Mochila para port\u00e1til de 17&quot; expandible de material reciclado GRS de 35\u00a0l &quot;Expedition Pro&quot;. La mochila para port\u00e1til ampliable, resistente y con certificaci\u00f3n GRS &quot;Expedition Pro&quot; es la mejor elecci\u00f3n para los profesionales que tienen que compaginar viajes y trabajo constantemente. La mochila tiene una capacidad ampliada equivalente a la de una maleta de mano y est\u00e1 fabricada con RPET repelente al agua, con elementos de poliuretano de primera calidad y forro de RPET. Cuenta con un compartimento espec\u00edfico para port\u00e1tiles de 17&quot; y una funda para tabletas, un compartimento extensible tipo maleta para guardar la ropa, un bolsillo grande integrado a prueba de fugas para los art\u00edculos de aseo y un espacioso compartimento frontal con m\u00faltiples bolsillos organizadores tanto dentro como fuera. Dispone de correas para hombro acolchadas y ajustables, un bolsillo integrado para tarjetas, un bucle para gafas de sol, un respaldo ergon\u00f3mico con malla aireadora y un asa acolchada que garantiza la m\u00e1xima comodidad de transporte. Capacidad: 35 litros. Sin PVC.\" \/>\n<meta name=\"robots\" content=\"index, follow, max-snippet:-1, max-image-preview:large, max-video-preview:-1\" \/>\n<link rel=\"canonical\" href=\"https:\/\/adl-regalosempresa.com\/tiendaonline\/articulos\/merchandising\/mochila-para-portatil-de-17-para-personalizar-con-logo-6\/\" \/>\n<meta property=\"og:locale\" content=\"es_ES\" \/>\n<meta property=\"og:type\" content=\"article\" \/>\n<meta property=\"og:title\" content=\"Merchandising Mochila para port\u00e1til de 17&quot; para personalizar con logo - ADL\" \/>\n<meta property=\"og:description\" content=\"Art\u00edculo de merchandising Mochila para port\u00e1til de 17&quot; expandible de material reciclado GRS de 35\u00a0l &quot;Expedition Pro&quot;. La mochila para port\u00e1til ampliable, resistente y con certificaci\u00f3n GRS &quot;Expedition Pro&quot; es la mejor elecci\u00f3n para los profesionales que tienen que compaginar viajes y trabajo constantemente. La mochila tiene una capacidad ampliada equivalente a la de una maleta de mano y est\u00e1 fabricada con RPET repelente al agua, con elementos de poliuretano de primera calidad y forro de RPET. Cuenta con un compartimento espec\u00edfico para port\u00e1tiles de 17&quot; y una funda para tabletas, un compartimento extensible tipo maleta para guardar la ropa, un bolsillo grande integrado a prueba de fugas para los art\u00edculos de aseo y un espacioso compartimento frontal con m\u00faltiples bolsillos organizadores tanto dentro como fuera. Dispone de correas para hombro acolchadas y ajustables, un bolsillo integrado para tarjetas, un bucle para gafas de sol, un respaldo ergon\u00f3mico con malla aireadora y un asa acolchada que garantiza la m\u00e1xima comodidad de transporte. Capacidad: 35 litros. Sin PVC.\" \/>\n<meta property=\"og:url\" content=\"https:\/\/adl-regalosempresa.com\/tiendaonline\/articulos\/merchandising\/mochila-para-portatil-de-17-para-personalizar-con-logo-6\/\" \/>\n<meta property=\"og:site_name\" content=\"ADL Comunicaci\u00f3n\" \/>\n<meta property=\"article:modified_time\" content=\"2026-04-28T08:22:15+00:00\" \/>\n<meta property=\"og:image\" content=\"https:\/\/adl-regalosempresa.com\/tiendaonline\/wp-content\/uploads\/2024\/08\/13005790.jpg\" \/>\n\t<meta property=\"og:image:width\" content=\"1600\" \/>\n\t<meta property=\"og:image:height\" content=\"1600\" \/>\n\t<meta property=\"og:image:type\" content=\"image\/jpeg\" \/>\n<meta name=\"twitter:card\" content=\"summary_large_image\" \/>\n<meta name=\"twitter:title\" content=\"Merchandising Mochila para port\u00e1til de 17&quot; para personalizar con logo - ADL\" \/>\n<meta name=\"twitter:label1\" content=\"Tiempo de lectura\" \/>\n\t<meta name=\"twitter:data1\" content=\"1 minuto\" \/>\n<script type=\"application\/ld+json\" class=\"yoast-schema-graph\">{\"@context\":\"https:\/\/schema.org\",\"@graph\":[{\"@type\":\"WebPage\",\"@id\":\"https:\/\/adl-regalosempresa.com\/tiendaonline\/articulos\/merchandising\/mochila-para-portatil-de-17-para-personalizar-con-logo-6\/\",\"url\":\"https:\/\/adl-regalosempresa.com\/tiendaonline\/articulos\/merchandising\/mochila-para-portatil-de-17-para-personalizar-con-logo-6\/\",\"name\":\"Merchandising Mochila para port\u00e1til de 17\\\" para personalizar con logo - ADL\",\"isPartOf\":{\"@id\":\"https:\/\/adl-regalosempresa.com\/tiendaonline\/#website\"},\"primaryImageOfPage\":{\"@id\":\"https:\/\/adl-regalosempresa.com\/tiendaonline\/articulos\/merchandising\/mochila-para-portatil-de-17-para-personalizar-con-logo-6\/#primaryimage\"},\"image\":{\"@id\":\"https:\/\/adl-regalosempresa.com\/tiendaonline\/articulos\/merchandising\/mochila-para-portatil-de-17-para-personalizar-con-logo-6\/#primaryimage\"},\"thumbnailUrl\":\"https:\/\/adl-regalosempresa.com\/tiendaonline\/wp-content\/uploads\/2024\/08\/13005790.jpg\",\"datePublished\":\"2026-03-24T06:19:00+00:00\",\"dateModified\":\"2026-04-28T08:22:15+00:00\",\"description\":\"Art\u00edculo de merchandising Mochila para port\u00e1til de 17\\\" expandible de material reciclado GRS de 35\u00a0l \\\"Expedition Pro\\\". La mochila para port\u00e1til ampliable, resistente y con certificaci\u00f3n GRS \\\"Expedition Pro\\\" es la mejor elecci\u00f3n para los profesionales que tienen que compaginar viajes y trabajo constantemente. La mochila tiene una capacidad ampliada equivalente a la de una maleta de mano y est\u00e1 fabricada con RPET repelente al agua, con elementos de poliuretano de primera calidad y forro de RPET. Cuenta con un compartimento espec\u00edfico para port\u00e1tiles de 17\\\" y una funda para tabletas, un compartimento extensible tipo maleta para guardar la ropa, un bolsillo grande integrado a prueba de fugas para los art\u00edculos de aseo y un espacioso compartimento frontal con m\u00faltiples bolsillos organizadores tanto dentro como fuera. Dispone de correas para hombro acolchadas y ajustables, un bolsillo integrado para tarjetas, un bucle para gafas de sol, un respaldo ergon\u00f3mico con malla aireadora y un asa acolchada que garantiza la m\u00e1xima comodidad de transporte. Capacidad: 35 litros. Sin PVC.\",\"breadcrumb\":{\"@id\":\"https:\/\/adl-regalosempresa.com\/tiendaonline\/articulos\/merchandising\/mochila-para-portatil-de-17-para-personalizar-con-logo-6\/#breadcrumb\"},\"inLanguage\":\"es\",\"potentialAction\":[{\"@type\":\"ReadAction\",\"target\":[\"https:\/\/adl-regalosempresa.com\/tiendaonline\/articulos\/merchandising\/mochila-para-portatil-de-17-para-personalizar-con-logo-6\/\"]}]},{\"@type\":\"ImageObject\",\"inLanguage\":\"es\",\"@id\":\"https:\/\/adl-regalosempresa.com\/tiendaonline\/articulos\/merchandising\/mochila-para-portatil-de-17-para-personalizar-con-logo-6\/#primaryimage\",\"url\":\"https:\/\/adl-regalosempresa.com\/tiendaonline\/wp-content\/uploads\/2024\/08\/13005790.jpg\",\"contentUrl\":\"https:\/\/adl-regalosempresa.com\/tiendaonline\/wp-content\/uploads\/2024\/08\/13005790.jpg\",\"width\":1600,\"height\":1600,\"caption\":\"Mochila para port\u00e1til de 17\\\" expandible de material reciclado GRS de 35\u00a0l \\\"Expedition Pro\\\"\"},{\"@type\":\"BreadcrumbList\",\"@id\":\"https:\/\/adl-regalosempresa.com\/tiendaonline\/articulos\/merchandising\/mochila-para-portatil-de-17-para-personalizar-con-logo-6\/#breadcrumb\",\"itemListElement\":[{\"@type\":\"ListItem\",\"position\":1,\"name\":\"Portada\",\"item\":\"https:\/\/adl-regalosempresa.com\/tiendaonline\/\"},{\"@type\":\"ListItem\",\"position\":2,\"name\":\"Tienda\",\"item\":\"https:\/\/adl-regalosempresa.com\/tiendaonline\/tienda\/\"},{\"@type\":\"ListItem\",\"position\":3,\"name\":\"Mochila para port\u00e1til de 17&#8243; para personalizar con logo\"}]},{\"@type\":\"WebSite\",\"@id\":\"https:\/\/adl-regalosempresa.com\/tiendaonline\/#website\",\"url\":\"https:\/\/adl-regalosempresa.com\/tiendaonline\/\",\"name\":\"ADL Comunicaci\u00f3n\",\"description\":\"Regalos de empresa\",\"publisher\":{\"@id\":\"https:\/\/adl-regalosempresa.com\/tiendaonline\/#organization\"},\"potentialAction\":[{\"@type\":\"SearchAction\",\"target\":{\"@type\":\"EntryPoint\",\"urlTemplate\":\"https:\/\/adl-regalosempresa.com\/tiendaonline\/?s={search_term_string}\"},\"query-input\":{\"@type\":\"PropertyValueSpecification\",\"valueRequired\":true,\"valueName\":\"search_term_string\"}}],\"inLanguage\":\"es\"},{\"@type\":\"Organization\",\"@id\":\"https:\/\/adl-regalosempresa.com\/tiendaonline\/#organization\",\"name\":\"ADL Comunicaci\u00f3n\",\"url\":\"https:\/\/adl-regalosempresa.com\/tiendaonline\/\",\"logo\":{\"@type\":\"ImageObject\",\"inLanguage\":\"es\",\"@id\":\"https:\/\/adl-regalosempresa.com\/tiendaonline\/#\/schema\/logo\/image\/\",\"url\":\"https:\/\/adl-regalosempresa.com\/tiendaonline\/wp-content\/uploads\/2017\/09\/logo-adl-wp.png\",\"contentUrl\":\"https:\/\/adl-regalosempresa.com\/tiendaonline\/wp-content\/uploads\/2017\/09\/logo-adl-wp.png\",\"width\":407,\"height\":185,\"caption\":\"ADL Comunicaci\u00f3n\"},\"image\":{\"@id\":\"https:\/\/adl-regalosempresa.com\/tiendaonline\/#\/schema\/logo\/image\/\"}}]}<\/script>\n<!-- \/ Yoast SEO plugin. -->","yoast_head_json":{"title":"Merchandising Mochila para port\u00e1til de 17\" para personalizar con logo - ADL","description":"Art\u00edculo de merchandising Mochila para port\u00e1til de 17\" expandible de material reciclado GRS de 35\u00a0l \"Expedition Pro\". La mochila para port\u00e1til ampliable, resistente y con certificaci\u00f3n GRS \"Expedition Pro\" es la mejor elecci\u00f3n para los profesionales que tienen que compaginar viajes y trabajo constantemente. La mochila tiene una capacidad ampliada equivalente a la de una maleta de mano y est\u00e1 fabricada con RPET repelente al agua, con elementos de poliuretano de primera calidad y forro de RPET. Cuenta con un compartimento espec\u00edfico para port\u00e1tiles de 17\" y una funda para tabletas, un compartimento extensible tipo maleta para guardar la ropa, un bolsillo grande integrado a prueba de fugas para los art\u00edculos de aseo y un espacioso compartimento frontal con m\u00faltiples bolsillos organizadores tanto dentro como fuera. Dispone de correas para hombro acolchadas y ajustables, un bolsillo integrado para tarjetas, un bucle para gafas de sol, un respaldo ergon\u00f3mico con malla aireadora y un asa acolchada que garantiza la m\u00e1xima comodidad de transporte. Capacidad: 35 litros. Sin PVC.","robots":{"index":"index","follow":"follow","max-snippet":"max-snippet:-1","max-image-preview":"max-image-preview:large","max-video-preview":"max-video-preview:-1"},"canonical":"https:\/\/adl-regalosempresa.com\/tiendaonline\/articulos\/merchandising\/mochila-para-portatil-de-17-para-personalizar-con-logo-6\/","og_locale":"es_ES","og_type":"article","og_title":"Merchandising Mochila para port\u00e1til de 17\" para personalizar con logo - ADL","og_description":"Art\u00edculo de merchandising Mochila para port\u00e1til de 17\" expandible de material reciclado GRS de 35\u00a0l \"Expedition Pro\". La mochila para port\u00e1til ampliable, resistente y con certificaci\u00f3n GRS \"Expedition Pro\" es la mejor elecci\u00f3n para los profesionales que tienen que compaginar viajes y trabajo constantemente. La mochila tiene una capacidad ampliada equivalente a la de una maleta de mano y est\u00e1 fabricada con RPET repelente al agua, con elementos de poliuretano de primera calidad y forro de RPET. Cuenta con un compartimento espec\u00edfico para port\u00e1tiles de 17\" y una funda para tabletas, un compartimento extensible tipo maleta para guardar la ropa, un bolsillo grande integrado a prueba de fugas para los art\u00edculos de aseo y un espacioso compartimento frontal con m\u00faltiples bolsillos organizadores tanto dentro como fuera. Dispone de correas para hombro acolchadas y ajustables, un bolsillo integrado para tarjetas, un bucle para gafas de sol, un respaldo ergon\u00f3mico con malla aireadora y un asa acolchada que garantiza la m\u00e1xima comodidad de transporte. Capacidad: 35 litros. Sin PVC.","og_url":"https:\/\/adl-regalosempresa.com\/tiendaonline\/articulos\/merchandising\/mochila-para-portatil-de-17-para-personalizar-con-logo-6\/","og_site_name":"ADL Comunicaci\u00f3n","article_modified_time":"2026-04-28T08:22:15+00:00","og_image":[{"width":1600,"height":1600,"url":"https:\/\/adl-regalosempresa.com\/tiendaonline\/wp-content\/uploads\/2024\/08\/13005790.jpg","type":"image\/jpeg"}],"twitter_card":"summary_large_image","twitter_title":"Merchandising Mochila para port\u00e1til de 17\" para personalizar con logo - ADL","twitter_misc":{"Tiempo de lectura":"1 minuto"},"schema":{"@context":"https:\/\/schema.org","@graph":[{"@type":"WebPage","@id":"https:\/\/adl-regalosempresa.com\/tiendaonline\/articulos\/merchandising\/mochila-para-portatil-de-17-para-personalizar-con-logo-6\/","url":"https:\/\/adl-regalosempresa.com\/tiendaonline\/articulos\/merchandising\/mochila-para-portatil-de-17-para-personalizar-con-logo-6\/","name":"Merchandising Mochila para port\u00e1til de 17\" para personalizar con logo - ADL","isPartOf":{"@id":"https:\/\/adl-regalosempresa.com\/tiendaonline\/#website"},"primaryImageOfPage":{"@id":"https:\/\/adl-regalosempresa.com\/tiendaonline\/articulos\/merchandising\/mochila-para-portatil-de-17-para-personalizar-con-logo-6\/#primaryimage"},"image":{"@id":"https:\/\/adl-regalosempresa.com\/tiendaonline\/articulos\/merchandising\/mochila-para-portatil-de-17-para-personalizar-con-logo-6\/#primaryimage"},"thumbnailUrl":"https:\/\/adl-regalosempresa.com\/tiendaonline\/wp-content\/uploads\/2024\/08\/13005790.jpg","datePublished":"2026-03-24T06:19:00+00:00","dateModified":"2026-04-28T08:22:15+00:00","description":"Art\u00edculo de merchandising Mochila para port\u00e1til de 17\" expandible de material reciclado GRS de 35\u00a0l \"Expedition Pro\". La mochila para port\u00e1til ampliable, resistente y con certificaci\u00f3n GRS \"Expedition Pro\" es la mejor elecci\u00f3n para los profesionales que tienen que compaginar viajes y trabajo constantemente. La mochila tiene una capacidad ampliada equivalente a la de una maleta de mano y est\u00e1 fabricada con RPET repelente al agua, con elementos de poliuretano de primera calidad y forro de RPET. Cuenta con un compartimento espec\u00edfico para port\u00e1tiles de 17\" y una funda para tabletas, un compartimento extensible tipo maleta para guardar la ropa, un bolsillo grande integrado a prueba de fugas para los art\u00edculos de aseo y un espacioso compartimento frontal con m\u00faltiples bolsillos organizadores tanto dentro como fuera. Dispone de correas para hombro acolchadas y ajustables, un bolsillo integrado para tarjetas, un bucle para gafas de sol, un respaldo ergon\u00f3mico con malla aireadora y un asa acolchada que garantiza la m\u00e1xima comodidad de transporte. Capacidad: 35 litros. Sin PVC.","breadcrumb":{"@id":"https:\/\/adl-regalosempresa.com\/tiendaonline\/articulos\/merchandising\/mochila-para-portatil-de-17-para-personalizar-con-logo-6\/#breadcrumb"},"inLanguage":"es","potentialAction":[{"@type":"ReadAction","target":["https:\/\/adl-regalosempresa.com\/tiendaonline\/articulos\/merchandising\/mochila-para-portatil-de-17-para-personalizar-con-logo-6\/"]}]},{"@type":"ImageObject","inLanguage":"es","@id":"https:\/\/adl-regalosempresa.com\/tiendaonline\/articulos\/merchandising\/mochila-para-portatil-de-17-para-personalizar-con-logo-6\/#primaryimage","url":"https:\/\/adl-regalosempresa.com\/tiendaonline\/wp-content\/uploads\/2024\/08\/13005790.jpg","contentUrl":"https:\/\/adl-regalosempresa.com\/tiendaonline\/wp-content\/uploads\/2024\/08\/13005790.jpg","width":1600,"height":1600,"caption":"Mochila para port\u00e1til de 17\" expandible de material reciclado GRS de 35\u00a0l \"Expedition Pro\""},{"@type":"BreadcrumbList","@id":"https:\/\/adl-regalosempresa.com\/tiendaonline\/articulos\/merchandising\/mochila-para-portatil-de-17-para-personalizar-con-logo-6\/#breadcrumb","itemListElement":[{"@type":"ListItem","position":1,"name":"Portada","item":"https:\/\/adl-regalosempresa.com\/tiendaonline\/"},{"@type":"ListItem","position":2,"name":"Tienda","item":"https:\/\/adl-regalosempresa.com\/tiendaonline\/tienda\/"},{"@type":"ListItem","position":3,"name":"Mochila para port\u00e1til de 17&#8243; para personalizar con logo"}]},{"@type":"WebSite","@id":"https:\/\/adl-regalosempresa.com\/tiendaonline\/#website","url":"https:\/\/adl-regalosempresa.com\/tiendaonline\/","name":"ADL Comunicaci\u00f3n","description":"Regalos de empresa","publisher":{"@id":"https:\/\/adl-regalosempresa.com\/tiendaonline\/#organization"},"potentialAction":[{"@type":"SearchAction","target":{"@type":"EntryPoint","urlTemplate":"https:\/\/adl-regalosempresa.com\/tiendaonline\/?s={search_term_string}"},"query-input":{"@type":"PropertyValueSpecification","valueRequired":true,"valueName":"search_term_string"}}],"inLanguage":"es"},{"@type":"Organization","@id":"https:\/\/adl-regalosempresa.com\/tiendaonline\/#organization","name":"ADL Comunicaci\u00f3n","url":"https:\/\/adl-regalosempresa.com\/tiendaonline\/","logo":{"@type":"ImageObject","inLanguage":"es","@id":"https:\/\/adl-regalosempresa.com\/tiendaonline\/#\/schema\/logo\/image\/","url":"https:\/\/adl-regalosempresa.com\/tiendaonline\/wp-content\/uploads\/2017\/09\/logo-adl-wp.png","contentUrl":"https:\/\/adl-regalosempresa.com\/tiendaonline\/wp-content\/uploads\/2017\/09\/logo-adl-wp.png","width":407,"height":185,"caption":"ADL Comunicaci\u00f3n"},"image":{"@id":"https:\/\/adl-regalosempresa.com\/tiendaonline\/#\/schema\/logo\/image\/"}}]}},"_links":{"self":[{"href":"https:\/\/adl-regalosempresa.com\/tiendaonline\/wp-json\/wp\/v2\/product\/135303","targetHints":{"allow":["GET"]}}],"collection":[{"href":"https:\/\/adl-regalosempresa.com\/tiendaonline\/wp-json\/wp\/v2\/product"}],"about":[{"href":"https:\/\/adl-regalosempresa.com\/tiendaonline\/wp-json\/wp\/v2\/types\/product"}],"wp:featuredmedia":[{"embeddable":true,"href":"https:\/\/adl-regalosempresa.com\/tiendaonline\/wp-json\/wp\/v2\/media\/135305"}],"wp:attachment":[{"href":"https:\/\/adl-regalosempresa.com\/tiendaonline\/wp-json\/wp\/v2\/media?parent=135303"}],"wp:term":[{"taxonomy":"product_brand","embeddable":true,"href":"https:\/\/adl-regalosempresa.com\/tiendaonline\/wp-json\/wp\/v2\/product_brand?post=135303"},{"taxonomy":"product_cat","embeddable":true,"href":"https:\/\/adl-regalosempresa.com\/tiendaonline\/wp-json\/wp\/v2\/product_cat?post=135303"},{"taxonomy":"product_tag","embeddable":true,"href":"https:\/\/adl-regalosempresa.com\/tiendaonline\/wp-json\/wp\/v2\/product_tag?post=135303"}],"curies":[{"name":"wp","href":"https:\/\/api.w.org\/{rel}","templated":true}]}}