{"id":133401,"date":"2026-03-24T07:21:05","date_gmt":"2026-03-24T07:21:05","guid":{"rendered":"https:\/\/adl-regalosempresa.com\/tiendaonline\/articulos\/merchandising\/botella-de-agua-con-aislamiento-de-500-ml-ocean-bottle-go-para-personalizar-con-logo\/"},"modified":"2026-04-22T08:08:12","modified_gmt":"2026-04-22T08:08:12","slug":"botella-de-agua-con-aislamiento-de-500-ml-ocean-bottle-go-para-personalizar-con-logo","status":"publish","type":"product","link":"https:\/\/adl-regalosempresa.com\/tiendaonline\/articulos\/merchandising\/botella-de-agua-con-aislamiento-de-500-ml-ocean-bottle-go-para-personalizar-con-logo\/","title":{"rendered":"Botella de agua con aislamiento de 500\u00a0ml \u201cOcean Bottle GO\u201d para personalizar con logo"},"content":{"rendered":"<p>La botella \u00abOcean Bottle GO\u00bb de 500\u00a0ml tiene aislamiento de doble pared para mantener las bebidas fr\u00edas hasta dieciocho horas y est\u00e1 dise\u00f1ada con doble funci\u00f3n de apertura, por lo que es perfecta para llevar. La botella tiene una tapa a prueba de fugas que tambi\u00e9n facilita el llenado, la limpieza y la adici\u00f3n de hielo. La botella \u00abGO\u00bb tiene las mejores caracter\u00edsticas de la botella \u00abOcean Bottle\u00bb original, pero ofrece un dise\u00f1o m\u00e1s deportivo que permite beber con una sola mano. Cada \u00abOcean Bottle\u00bb es totalmente neutra en carbono y sirve para financiar la recogida de 1000\u00a0botellas de pl\u00e1stico para mejorar los medios de vida en las comunidades costeras. La botella est\u00e1 fabricada con un 90\u00a0% de acero inoxidable reciclado y otros materiales reciclados. Debido a la pajita de silicona, la botella \u00abGO\u00bb solo puede utilizarse para bebidas fr\u00edas. Se presenta en una caja de regalo de cart\u00f3n reciclado de origen responsable.<\/p>\n","protected":false},"excerpt":{"rendered":"<p><strong>Descuentos por cantidades<\/strong><br \/>&#8211; a partir de 50 unidades: 47,72 \u20ac\/ud<br \/>&#8211; a partir de 100 unidades: 47,26 \u20ac\/ud<br \/>&#8211; a partir de 250 unidades: 46,78 \u20ac\/ud<\/p>\n<p>Para cantidades superiores a las aqu\u00ed indicadas, no dudes en ponerte en contacto con nuestro departamento comercial o <a href='https:\/\/adl-regalosempresa.com\/tiendaonline\/solicitud-presupuesto\/'>pedirnos presupuesto personalizado<\/a>, ajustaremos el presupuesto a tus necesidades.<\/p>\n","protected":false},"featured_media":133403,"template":"","meta":{"_kad_post_transparent":"","_kad_post_title":"","_kad_post_layout":"","_kad_post_sidebar_id":"","_kad_post_content_style":"","_kad_post_vertical_padding":"","_kad_post_feature":"","_kad_post_feature_position":"","_kad_post_header":false,"_kad_post_footer":false,"_kad_post_classname":""},"product_brand":[],"product_cat":[3372,3373],"product_tag":[],"class_list":{"0":"post-133401","1":"product","2":"type-product","3":"status-publish","4":"has-post-thumbnail","6":"product_cat-articulos-para-bebidas","7":"product_cat-botellas-de-agua","8":"pa_alto-233-cm","9":"pa_color-azul-celeste","10":"pa_color-azul-oceano","11":"pa_color-gris-roca","12":"pa_color-naranja-sol","13":"pa_color-negro-obsidiana","14":"pa_color-verde-bosque","15":"pa_color-simple-azul","16":"pa_color-simple-gris","17":"pa_color-simple-naranja","18":"pa_color-simple-negro-intenso","19":"pa_color-simple-verde","20":"pa_diametro-68-cm","21":"pa_marca-ocean-bottle","22":"pa_material-acero-inoxidable-reciclado","23":"pa_peso-271-gr","25":"first","26":"instock","27":"taxable","28":"shipping-taxable","29":"purchasable","30":"product-type-variable","31":"entry","32":"content-bg","33":"loop-entry"},"yoast_head":"<!-- This site is optimized with the Yoast SEO plugin v26.3 - https:\/\/yoast.com\/wordpress\/plugins\/seo\/ -->\n<title>Merchandising Botella de agua con aislamiento de 500\u00a0ml \u201cOcean Bottle GO\u201d para personalizar con logo - ADL<\/title>\n<meta name=\"description\" content=\"Art\u00edculo de merchandising Botella de agua con aislamiento de 500\u00a0ml \u201cOcean Bottle GO\u201d. La botella &quot;Ocean Bottle GO&quot; de 500\u00a0ml tiene aislamiento de doble pared para mantener las bebidas fr\u00edas hasta dieciocho horas y est\u00e1 dise\u00f1ada con doble funci\u00f3n de apertura, por lo que es perfecta para llevar. La botella tiene una tapa a prueba de fugas que tambi\u00e9n facilita el llenado, la limpieza y la adici\u00f3n de hielo. La botella &quot;GO&quot; tiene las mejores caracter\u00edsticas de la botella &quot;Ocean Bottle&quot; original, pero ofrece un dise\u00f1o m\u00e1s deportivo que permite beber con una sola mano. Cada &quot;Ocean Bottle&quot; es totalmente neutra en carbono y sirve para financiar la recogida de 1000\u00a0botellas de pl\u00e1stico para mejorar los medios de vida en las comunidades costeras. La botella est\u00e1 fabricada con un 90\u00a0% de acero inoxidable reciclado y otros materiales reciclados. Debido a la pajita de silicona, la botella &quot;GO&quot; solo puede utilizarse para bebidas fr\u00edas. Se presenta en una caja de regalo de cart\u00f3n reciclado de origen responsable.\" \/>\n<meta name=\"robots\" content=\"index, follow, max-snippet:-1, max-image-preview:large, max-video-preview:-1\" \/>\n<link rel=\"canonical\" href=\"https:\/\/adl-regalosempresa.com\/tiendaonline\/articulos\/merchandising\/botella-de-agua-con-aislamiento-de-500-ml-ocean-bottle-go-para-personalizar-con-logo\/\" \/>\n<meta property=\"og:locale\" content=\"es_ES\" \/>\n<meta property=\"og:type\" content=\"article\" \/>\n<meta property=\"og:title\" content=\"Merchandising Botella de agua con aislamiento de 500\u00a0ml \u201cOcean Bottle GO\u201d para personalizar con logo - ADL\" \/>\n<meta property=\"og:description\" content=\"Art\u00edculo de merchandising Botella de agua con aislamiento de 500\u00a0ml \u201cOcean Bottle GO\u201d. La botella &quot;Ocean Bottle GO&quot; de 500\u00a0ml tiene aislamiento de doble pared para mantener las bebidas fr\u00edas hasta dieciocho horas y est\u00e1 dise\u00f1ada con doble funci\u00f3n de apertura, por lo que es perfecta para llevar. La botella tiene una tapa a prueba de fugas que tambi\u00e9n facilita el llenado, la limpieza y la adici\u00f3n de hielo. La botella &quot;GO&quot; tiene las mejores caracter\u00edsticas de la botella &quot;Ocean Bottle&quot; original, pero ofrece un dise\u00f1o m\u00e1s deportivo que permite beber con una sola mano. Cada &quot;Ocean Bottle&quot; es totalmente neutra en carbono y sirve para financiar la recogida de 1000\u00a0botellas de pl\u00e1stico para mejorar los medios de vida en las comunidades costeras. La botella est\u00e1 fabricada con un 90\u00a0% de acero inoxidable reciclado y otros materiales reciclados. Debido a la pajita de silicona, la botella &quot;GO&quot; solo puede utilizarse para bebidas fr\u00edas. Se presenta en una caja de regalo de cart\u00f3n reciclado de origen responsable.\" \/>\n<meta property=\"og:url\" content=\"https:\/\/adl-regalosempresa.com\/tiendaonline\/articulos\/merchandising\/botella-de-agua-con-aislamiento-de-500-ml-ocean-bottle-go-para-personalizar-con-logo\/\" \/>\n<meta property=\"og:site_name\" content=\"ADL Comunicaci\u00f3n\" \/>\n<meta property=\"article:modified_time\" content=\"2026-04-22T08:08:12+00:00\" \/>\n<meta property=\"og:image\" content=\"https:\/\/adl-regalosempresa.com\/tiendaonline\/wp-content\/uploads\/2024\/06\/10081630.jpg\" \/>\n\t<meta property=\"og:image:width\" content=\"1600\" \/>\n\t<meta property=\"og:image:height\" content=\"1600\" \/>\n\t<meta property=\"og:image:type\" content=\"image\/jpeg\" \/>\n<meta name=\"twitter:card\" content=\"summary_large_image\" \/>\n<meta name=\"twitter:title\" content=\"Merchandising Botella de agua con aislamiento de 500\u00a0ml \u201cOcean Bottle GO\u201d para personalizar con logo - ADL\" \/>\n<meta name=\"twitter:label1\" content=\"Tiempo de lectura\" \/>\n\t<meta name=\"twitter:data1\" content=\"1 minuto\" \/>\n<script type=\"application\/ld+json\" class=\"yoast-schema-graph\">{\"@context\":\"https:\/\/schema.org\",\"@graph\":[{\"@type\":\"WebPage\",\"@id\":\"https:\/\/adl-regalosempresa.com\/tiendaonline\/articulos\/merchandising\/botella-de-agua-con-aislamiento-de-500-ml-ocean-bottle-go-para-personalizar-con-logo\/\",\"url\":\"https:\/\/adl-regalosempresa.com\/tiendaonline\/articulos\/merchandising\/botella-de-agua-con-aislamiento-de-500-ml-ocean-bottle-go-para-personalizar-con-logo\/\",\"name\":\"Merchandising Botella de agua con aislamiento de 500\u00a0ml \u201cOcean Bottle GO\u201d para personalizar con logo - ADL\",\"isPartOf\":{\"@id\":\"https:\/\/adl-regalosempresa.com\/tiendaonline\/#website\"},\"primaryImageOfPage\":{\"@id\":\"https:\/\/adl-regalosempresa.com\/tiendaonline\/articulos\/merchandising\/botella-de-agua-con-aislamiento-de-500-ml-ocean-bottle-go-para-personalizar-con-logo\/#primaryimage\"},\"image\":{\"@id\":\"https:\/\/adl-regalosempresa.com\/tiendaonline\/articulos\/merchandising\/botella-de-agua-con-aislamiento-de-500-ml-ocean-bottle-go-para-personalizar-con-logo\/#primaryimage\"},\"thumbnailUrl\":\"https:\/\/adl-regalosempresa.com\/tiendaonline\/wp-content\/uploads\/2024\/06\/10081630.jpg\",\"datePublished\":\"2026-03-24T07:21:05+00:00\",\"dateModified\":\"2026-04-22T08:08:12+00:00\",\"description\":\"Art\u00edculo de merchandising Botella de agua con aislamiento de 500\u00a0ml \u201cOcean Bottle GO\u201d. La botella \\\"Ocean Bottle GO\\\" de 500\u00a0ml tiene aislamiento de doble pared para mantener las bebidas fr\u00edas hasta dieciocho horas y est\u00e1 dise\u00f1ada con doble funci\u00f3n de apertura, por lo que es perfecta para llevar. La botella tiene una tapa a prueba de fugas que tambi\u00e9n facilita el llenado, la limpieza y la adici\u00f3n de hielo. La botella \\\"GO\\\" tiene las mejores caracter\u00edsticas de la botella \\\"Ocean Bottle\\\" original, pero ofrece un dise\u00f1o m\u00e1s deportivo que permite beber con una sola mano. Cada \\\"Ocean Bottle\\\" es totalmente neutra en carbono y sirve para financiar la recogida de 1000\u00a0botellas de pl\u00e1stico para mejorar los medios de vida en las comunidades costeras. La botella est\u00e1 fabricada con un 90\u00a0% de acero inoxidable reciclado y otros materiales reciclados. Debido a la pajita de silicona, la botella \\\"GO\\\" solo puede utilizarse para bebidas fr\u00edas. Se presenta en una caja de regalo de cart\u00f3n reciclado de origen responsable.\",\"breadcrumb\":{\"@id\":\"https:\/\/adl-regalosempresa.com\/tiendaonline\/articulos\/merchandising\/botella-de-agua-con-aislamiento-de-500-ml-ocean-bottle-go-para-personalizar-con-logo\/#breadcrumb\"},\"inLanguage\":\"es\",\"potentialAction\":[{\"@type\":\"ReadAction\",\"target\":[\"https:\/\/adl-regalosempresa.com\/tiendaonline\/articulos\/merchandising\/botella-de-agua-con-aislamiento-de-500-ml-ocean-bottle-go-para-personalizar-con-logo\/\"]}]},{\"@type\":\"ImageObject\",\"inLanguage\":\"es\",\"@id\":\"https:\/\/adl-regalosempresa.com\/tiendaonline\/articulos\/merchandising\/botella-de-agua-con-aislamiento-de-500-ml-ocean-bottle-go-para-personalizar-con-logo\/#primaryimage\",\"url\":\"https:\/\/adl-regalosempresa.com\/tiendaonline\/wp-content\/uploads\/2024\/06\/10081630.jpg\",\"contentUrl\":\"https:\/\/adl-regalosempresa.com\/tiendaonline\/wp-content\/uploads\/2024\/06\/10081630.jpg\",\"width\":1600,\"height\":1600,\"caption\":\"Botella de agua con aislamiento de 500\u00a0ml \u201cOcean Bottle GO\u201d\"},{\"@type\":\"BreadcrumbList\",\"@id\":\"https:\/\/adl-regalosempresa.com\/tiendaonline\/articulos\/merchandising\/botella-de-agua-con-aislamiento-de-500-ml-ocean-bottle-go-para-personalizar-con-logo\/#breadcrumb\",\"itemListElement\":[{\"@type\":\"ListItem\",\"position\":1,\"name\":\"Portada\",\"item\":\"https:\/\/adl-regalosempresa.com\/tiendaonline\/\"},{\"@type\":\"ListItem\",\"position\":2,\"name\":\"Tienda\",\"item\":\"https:\/\/adl-regalosempresa.com\/tiendaonline\/tienda\/\"},{\"@type\":\"ListItem\",\"position\":3,\"name\":\"Botella de agua con aislamiento de 500\u00a0ml \u201cOcean Bottle GO\u201d para personalizar con logo\"}]},{\"@type\":\"WebSite\",\"@id\":\"https:\/\/adl-regalosempresa.com\/tiendaonline\/#website\",\"url\":\"https:\/\/adl-regalosempresa.com\/tiendaonline\/\",\"name\":\"ADL Comunicaci\u00f3n\",\"description\":\"Regalos de empresa\",\"publisher\":{\"@id\":\"https:\/\/adl-regalosempresa.com\/tiendaonline\/#organization\"},\"potentialAction\":[{\"@type\":\"SearchAction\",\"target\":{\"@type\":\"EntryPoint\",\"urlTemplate\":\"https:\/\/adl-regalosempresa.com\/tiendaonline\/?s={search_term_string}\"},\"query-input\":{\"@type\":\"PropertyValueSpecification\",\"valueRequired\":true,\"valueName\":\"search_term_string\"}}],\"inLanguage\":\"es\"},{\"@type\":\"Organization\",\"@id\":\"https:\/\/adl-regalosempresa.com\/tiendaonline\/#organization\",\"name\":\"ADL Comunicaci\u00f3n\",\"url\":\"https:\/\/adl-regalosempresa.com\/tiendaonline\/\",\"logo\":{\"@type\":\"ImageObject\",\"inLanguage\":\"es\",\"@id\":\"https:\/\/adl-regalosempresa.com\/tiendaonline\/#\/schema\/logo\/image\/\",\"url\":\"https:\/\/adl-regalosempresa.com\/tiendaonline\/wp-content\/uploads\/2017\/09\/logo-adl-wp.png\",\"contentUrl\":\"https:\/\/adl-regalosempresa.com\/tiendaonline\/wp-content\/uploads\/2017\/09\/logo-adl-wp.png\",\"width\":407,\"height\":185,\"caption\":\"ADL Comunicaci\u00f3n\"},\"image\":{\"@id\":\"https:\/\/adl-regalosempresa.com\/tiendaonline\/#\/schema\/logo\/image\/\"}}]}<\/script>\n<!-- \/ Yoast SEO plugin. -->","yoast_head_json":{"title":"Merchandising Botella de agua con aislamiento de 500\u00a0ml \u201cOcean Bottle GO\u201d para personalizar con logo - ADL","description":"Art\u00edculo de merchandising Botella de agua con aislamiento de 500\u00a0ml \u201cOcean Bottle GO\u201d. La botella \"Ocean Bottle GO\" de 500\u00a0ml tiene aislamiento de doble pared para mantener las bebidas fr\u00edas hasta dieciocho horas y est\u00e1 dise\u00f1ada con doble funci\u00f3n de apertura, por lo que es perfecta para llevar. La botella tiene una tapa a prueba de fugas que tambi\u00e9n facilita el llenado, la limpieza y la adici\u00f3n de hielo. La botella \"GO\" tiene las mejores caracter\u00edsticas de la botella \"Ocean Bottle\" original, pero ofrece un dise\u00f1o m\u00e1s deportivo que permite beber con una sola mano. Cada \"Ocean Bottle\" es totalmente neutra en carbono y sirve para financiar la recogida de 1000\u00a0botellas de pl\u00e1stico para mejorar los medios de vida en las comunidades costeras. La botella est\u00e1 fabricada con un 90\u00a0% de acero inoxidable reciclado y otros materiales reciclados. Debido a la pajita de silicona, la botella \"GO\" solo puede utilizarse para bebidas fr\u00edas. Se presenta en una caja de regalo de cart\u00f3n reciclado de origen responsable.","robots":{"index":"index","follow":"follow","max-snippet":"max-snippet:-1","max-image-preview":"max-image-preview:large","max-video-preview":"max-video-preview:-1"},"canonical":"https:\/\/adl-regalosempresa.com\/tiendaonline\/articulos\/merchandising\/botella-de-agua-con-aislamiento-de-500-ml-ocean-bottle-go-para-personalizar-con-logo\/","og_locale":"es_ES","og_type":"article","og_title":"Merchandising Botella de agua con aislamiento de 500\u00a0ml \u201cOcean Bottle GO\u201d para personalizar con logo - ADL","og_description":"Art\u00edculo de merchandising Botella de agua con aislamiento de 500\u00a0ml \u201cOcean Bottle GO\u201d. La botella \"Ocean Bottle GO\" de 500\u00a0ml tiene aislamiento de doble pared para mantener las bebidas fr\u00edas hasta dieciocho horas y est\u00e1 dise\u00f1ada con doble funci\u00f3n de apertura, por lo que es perfecta para llevar. La botella tiene una tapa a prueba de fugas que tambi\u00e9n facilita el llenado, la limpieza y la adici\u00f3n de hielo. La botella \"GO\" tiene las mejores caracter\u00edsticas de la botella \"Ocean Bottle\" original, pero ofrece un dise\u00f1o m\u00e1s deportivo que permite beber con una sola mano. Cada \"Ocean Bottle\" es totalmente neutra en carbono y sirve para financiar la recogida de 1000\u00a0botellas de pl\u00e1stico para mejorar los medios de vida en las comunidades costeras. La botella est\u00e1 fabricada con un 90\u00a0% de acero inoxidable reciclado y otros materiales reciclados. Debido a la pajita de silicona, la botella \"GO\" solo puede utilizarse para bebidas fr\u00edas. Se presenta en una caja de regalo de cart\u00f3n reciclado de origen responsable.","og_url":"https:\/\/adl-regalosempresa.com\/tiendaonline\/articulos\/merchandising\/botella-de-agua-con-aislamiento-de-500-ml-ocean-bottle-go-para-personalizar-con-logo\/","og_site_name":"ADL Comunicaci\u00f3n","article_modified_time":"2026-04-22T08:08:12+00:00","og_image":[{"width":1600,"height":1600,"url":"https:\/\/adl-regalosempresa.com\/tiendaonline\/wp-content\/uploads\/2024\/06\/10081630.jpg","type":"image\/jpeg"}],"twitter_card":"summary_large_image","twitter_title":"Merchandising Botella de agua con aislamiento de 500\u00a0ml \u201cOcean Bottle GO\u201d para personalizar con logo - ADL","twitter_misc":{"Tiempo de lectura":"1 minuto"},"schema":{"@context":"https:\/\/schema.org","@graph":[{"@type":"WebPage","@id":"https:\/\/adl-regalosempresa.com\/tiendaonline\/articulos\/merchandising\/botella-de-agua-con-aislamiento-de-500-ml-ocean-bottle-go-para-personalizar-con-logo\/","url":"https:\/\/adl-regalosempresa.com\/tiendaonline\/articulos\/merchandising\/botella-de-agua-con-aislamiento-de-500-ml-ocean-bottle-go-para-personalizar-con-logo\/","name":"Merchandising Botella de agua con aislamiento de 500\u00a0ml \u201cOcean Bottle GO\u201d para personalizar con logo - ADL","isPartOf":{"@id":"https:\/\/adl-regalosempresa.com\/tiendaonline\/#website"},"primaryImageOfPage":{"@id":"https:\/\/adl-regalosempresa.com\/tiendaonline\/articulos\/merchandising\/botella-de-agua-con-aislamiento-de-500-ml-ocean-bottle-go-para-personalizar-con-logo\/#primaryimage"},"image":{"@id":"https:\/\/adl-regalosempresa.com\/tiendaonline\/articulos\/merchandising\/botella-de-agua-con-aislamiento-de-500-ml-ocean-bottle-go-para-personalizar-con-logo\/#primaryimage"},"thumbnailUrl":"https:\/\/adl-regalosempresa.com\/tiendaonline\/wp-content\/uploads\/2024\/06\/10081630.jpg","datePublished":"2026-03-24T07:21:05+00:00","dateModified":"2026-04-22T08:08:12+00:00","description":"Art\u00edculo de merchandising Botella de agua con aislamiento de 500\u00a0ml \u201cOcean Bottle GO\u201d. La botella \"Ocean Bottle GO\" de 500\u00a0ml tiene aislamiento de doble pared para mantener las bebidas fr\u00edas hasta dieciocho horas y est\u00e1 dise\u00f1ada con doble funci\u00f3n de apertura, por lo que es perfecta para llevar. La botella tiene una tapa a prueba de fugas que tambi\u00e9n facilita el llenado, la limpieza y la adici\u00f3n de hielo. La botella \"GO\" tiene las mejores caracter\u00edsticas de la botella \"Ocean Bottle\" original, pero ofrece un dise\u00f1o m\u00e1s deportivo que permite beber con una sola mano. Cada \"Ocean Bottle\" es totalmente neutra en carbono y sirve para financiar la recogida de 1000\u00a0botellas de pl\u00e1stico para mejorar los medios de vida en las comunidades costeras. La botella est\u00e1 fabricada con un 90\u00a0% de acero inoxidable reciclado y otros materiales reciclados. Debido a la pajita de silicona, la botella \"GO\" solo puede utilizarse para bebidas fr\u00edas. Se presenta en una caja de regalo de cart\u00f3n reciclado de origen responsable.","breadcrumb":{"@id":"https:\/\/adl-regalosempresa.com\/tiendaonline\/articulos\/merchandising\/botella-de-agua-con-aislamiento-de-500-ml-ocean-bottle-go-para-personalizar-con-logo\/#breadcrumb"},"inLanguage":"es","potentialAction":[{"@type":"ReadAction","target":["https:\/\/adl-regalosempresa.com\/tiendaonline\/articulos\/merchandising\/botella-de-agua-con-aislamiento-de-500-ml-ocean-bottle-go-para-personalizar-con-logo\/"]}]},{"@type":"ImageObject","inLanguage":"es","@id":"https:\/\/adl-regalosempresa.com\/tiendaonline\/articulos\/merchandising\/botella-de-agua-con-aislamiento-de-500-ml-ocean-bottle-go-para-personalizar-con-logo\/#primaryimage","url":"https:\/\/adl-regalosempresa.com\/tiendaonline\/wp-content\/uploads\/2024\/06\/10081630.jpg","contentUrl":"https:\/\/adl-regalosempresa.com\/tiendaonline\/wp-content\/uploads\/2024\/06\/10081630.jpg","width":1600,"height":1600,"caption":"Botella de agua con aislamiento de 500\u00a0ml \u201cOcean Bottle GO\u201d"},{"@type":"BreadcrumbList","@id":"https:\/\/adl-regalosempresa.com\/tiendaonline\/articulos\/merchandising\/botella-de-agua-con-aislamiento-de-500-ml-ocean-bottle-go-para-personalizar-con-logo\/#breadcrumb","itemListElement":[{"@type":"ListItem","position":1,"name":"Portada","item":"https:\/\/adl-regalosempresa.com\/tiendaonline\/"},{"@type":"ListItem","position":2,"name":"Tienda","item":"https:\/\/adl-regalosempresa.com\/tiendaonline\/tienda\/"},{"@type":"ListItem","position":3,"name":"Botella de agua con aislamiento de 500\u00a0ml \u201cOcean Bottle GO\u201d para personalizar con logo"}]},{"@type":"WebSite","@id":"https:\/\/adl-regalosempresa.com\/tiendaonline\/#website","url":"https:\/\/adl-regalosempresa.com\/tiendaonline\/","name":"ADL Comunicaci\u00f3n","description":"Regalos de empresa","publisher":{"@id":"https:\/\/adl-regalosempresa.com\/tiendaonline\/#organization"},"potentialAction":[{"@type":"SearchAction","target":{"@type":"EntryPoint","urlTemplate":"https:\/\/adl-regalosempresa.com\/tiendaonline\/?s={search_term_string}"},"query-input":{"@type":"PropertyValueSpecification","valueRequired":true,"valueName":"search_term_string"}}],"inLanguage":"es"},{"@type":"Organization","@id":"https:\/\/adl-regalosempresa.com\/tiendaonline\/#organization","name":"ADL Comunicaci\u00f3n","url":"https:\/\/adl-regalosempresa.com\/tiendaonline\/","logo":{"@type":"ImageObject","inLanguage":"es","@id":"https:\/\/adl-regalosempresa.com\/tiendaonline\/#\/schema\/logo\/image\/","url":"https:\/\/adl-regalosempresa.com\/tiendaonline\/wp-content\/uploads\/2017\/09\/logo-adl-wp.png","contentUrl":"https:\/\/adl-regalosempresa.com\/tiendaonline\/wp-content\/uploads\/2017\/09\/logo-adl-wp.png","width":407,"height":185,"caption":"ADL Comunicaci\u00f3n"},"image":{"@id":"https:\/\/adl-regalosempresa.com\/tiendaonline\/#\/schema\/logo\/image\/"}}]}},"_links":{"self":[{"href":"https:\/\/adl-regalosempresa.com\/tiendaonline\/wp-json\/wp\/v2\/product\/133401","targetHints":{"allow":["GET"]}}],"collection":[{"href":"https:\/\/adl-regalosempresa.com\/tiendaonline\/wp-json\/wp\/v2\/product"}],"about":[{"href":"https:\/\/adl-regalosempresa.com\/tiendaonline\/wp-json\/wp\/v2\/types\/product"}],"wp:featuredmedia":[{"embeddable":true,"href":"https:\/\/adl-regalosempresa.com\/tiendaonline\/wp-json\/wp\/v2\/media\/133403"}],"wp:attachment":[{"href":"https:\/\/adl-regalosempresa.com\/tiendaonline\/wp-json\/wp\/v2\/media?parent=133401"}],"wp:term":[{"taxonomy":"product_brand","embeddable":true,"href":"https:\/\/adl-regalosempresa.com\/tiendaonline\/wp-json\/wp\/v2\/product_brand?post=133401"},{"taxonomy":"product_cat","embeddable":true,"href":"https:\/\/adl-regalosempresa.com\/tiendaonline\/wp-json\/wp\/v2\/product_cat?post=133401"},{"taxonomy":"product_tag","embeddable":true,"href":"https:\/\/adl-regalosempresa.com\/tiendaonline\/wp-json\/wp\/v2\/product_tag?post=133401"}],"curies":[{"name":"wp","href":"https:\/\/api.w.org\/{rel}","templated":true}]}}