{"id":133369,"date":"2026-04-19T06:13:07","date_gmt":"2026-04-19T06:13:07","guid":{"rendered":"https:\/\/adl-regalosempresa.com\/tiendaonline\/articulos\/merchandising\/10-tiritas-personalizables-con-bolsita-de-papel-impresa-a-todo-color-para-personalizar-con-logo\/"},"modified":"2026-04-19T06:14:06","modified_gmt":"2026-04-19T06:14:06","slug":"10-tiritas-personalizables-con-bolsita-de-papel-impresa-a-todo-color-para-personalizar-con-logo","status":"publish","type":"product","link":"https:\/\/adl-regalosempresa.com\/tiendaonline\/articulos\/merchandising\/10-tiritas-personalizables-con-bolsita-de-papel-impresa-a-todo-color-para-personalizar-con-logo\/","title":{"rendered":"10 tiritas personalizables con bolsita de papel impresa a todo color para personalizar con logo"},"content":{"rendered":"<p>Diez tiritas personalizables presentadas en una bolsa de papel (tama\u00f1o 150 x 95\u00a0mm). Impresi\u00f3n digital a todo color disponible en el embalaje. Este producto cumple con los estrictos requisitos del Reglamento sobre los productos sanitarios (MDR) y est\u00e1 registrado en la FDA en varios pa\u00edses. Cumple las normas ISO14001:2015 e ISO9001:2015. Tama\u00f1o del ap\u00f3sito: 72 x 19\u00a0mm.<\/p>\n","protected":false},"excerpt":{"rendered":"<p><strong>Descuentos por cantidades<\/strong><br \/>&#8211; a partir de 5000 unidades: 1,46 \u20ac\/ud<br \/>&#8211; a partir de 10000 unidades: 1,39 \u20ac\/ud<br \/>&#8211; a partir de 25000 unidades: 1,36 \u20ac\/ud<\/p>\n<p>Para cantidades superiores a las aqu\u00ed indicadas, no dudes en ponerte en contacto con nuestro departamento comercial o <a href='https:\/\/adl-regalosempresa.com\/tiendaonline\/solicitud-presupuesto\/'>pedirnos presupuesto personalizado<\/a>, ajustaremos el presupuesto a tus necesidades.<\/p>\n","protected":false},"featured_media":133371,"template":"","meta":{"_kad_post_transparent":"","_kad_post_title":"","_kad_post_layout":"","_kad_post_sidebar_id":"","_kad_post_content_style":"","_kad_post_vertical_padding":"","_kad_post_feature":"","_kad_post_feature_position":"","_kad_post_header":false,"_kad_post_footer":false,"_kad_post_classname":""},"product_brand":[],"product_cat":[4130,4129],"product_tag":[],"class_list":{"0":"post-133369","1":"product","2":"type-product","3":"status-publish","4":"has-post-thumbnail","6":"product_cat-kits-de-primeros-auxilios","7":"product_cat-salud-y-cuidado-personal","8":"pa_alto-15-cm","9":"pa_ancho-06-cm","10":"pa_color-blanco","11":"pa_color-marron-kraft","12":"pa_color-simple-blanco","13":"pa_color-simple-natural","14":"pa_largo-99-cm","15":"pa_marca-graid","16":"pa_material-papel-certificado-fsc","17":"pa_peso-8-gr","19":"first","20":"instock","21":"taxable","22":"shipping-taxable","23":"purchasable","24":"product-type-variable","25":"entry","26":"content-bg","27":"loop-entry"},"yoast_head":"<!-- This site is optimized with the Yoast SEO plugin v26.3 - https:\/\/yoast.com\/wordpress\/plugins\/seo\/ -->\n<title>Merchandising 10 tiritas personalizables con bolsita de papel impresa a todo color para personalizar con logo - ADL<\/title>\n<meta name=\"description\" content=\"Art\u00edculo de merchandising 10 tiritas personalizables con bolsita de papel impresa a todo color. Diez tiritas personalizables presentadas en una bolsa de papel (tama\u00f1o 150 x 95\u00a0mm). Impresi\u00f3n digital a todo color disponible en el embalaje. Este producto cumple con los estrictos requisitos del Reglamento sobre los productos sanitarios (MDR) y est\u00e1 registrado en la FDA en varios pa\u00edses. Cumple las normas ISO14001:2015 e ISO9001:2015. Tama\u00f1o del ap\u00f3sito: 72 x 19\u00a0mm.\" \/>\n<meta name=\"robots\" content=\"index, follow, max-snippet:-1, max-image-preview:large, max-video-preview:-1\" \/>\n<link rel=\"canonical\" href=\"https:\/\/adl-regalosempresa.com\/tiendaonline\/articulos\/merchandising\/10-tiritas-personalizables-con-bolsita-de-papel-impresa-a-todo-color-para-personalizar-con-logo\/\" \/>\n<meta property=\"og:locale\" content=\"es_ES\" \/>\n<meta property=\"og:type\" content=\"article\" \/>\n<meta property=\"og:title\" content=\"Merchandising 10 tiritas personalizables con bolsita de papel impresa a todo color para personalizar con logo - ADL\" \/>\n<meta property=\"og:description\" content=\"Art\u00edculo de merchandising 10 tiritas personalizables con bolsita de papel impresa a todo color. Diez tiritas personalizables presentadas en una bolsa de papel (tama\u00f1o 150 x 95\u00a0mm). Impresi\u00f3n digital a todo color disponible en el embalaje. Este producto cumple con los estrictos requisitos del Reglamento sobre los productos sanitarios (MDR) y est\u00e1 registrado en la FDA en varios pa\u00edses. Cumple las normas ISO14001:2015 e ISO9001:2015. Tama\u00f1o del ap\u00f3sito: 72 x 19\u00a0mm.\" \/>\n<meta property=\"og:url\" content=\"https:\/\/adl-regalosempresa.com\/tiendaonline\/articulos\/merchandising\/10-tiritas-personalizables-con-bolsita-de-papel-impresa-a-todo-color-para-personalizar-con-logo\/\" \/>\n<meta property=\"og:site_name\" content=\"ADL Comunicaci\u00f3n\" \/>\n<meta property=\"article:modified_time\" content=\"2026-04-19T06:14:06+00:00\" \/>\n<meta property=\"og:image\" content=\"https:\/\/adl-regalosempresa.com\/tiendaonline\/wp-content\/uploads\/2024\/04\/1Z279010.jpg\" \/>\n\t<meta property=\"og:image:width\" content=\"1590\" \/>\n\t<meta property=\"og:image:height\" content=\"1590\" \/>\n\t<meta property=\"og:image:type\" content=\"image\/jpeg\" \/>\n<meta name=\"twitter:card\" content=\"summary_large_image\" \/>\n<meta name=\"twitter:title\" content=\"Merchandising 10 tiritas personalizables con bolsita de papel impresa a todo color para personalizar con logo - ADL\" \/>\n<script type=\"application\/ld+json\" class=\"yoast-schema-graph\">{\"@context\":\"https:\/\/schema.org\",\"@graph\":[{\"@type\":\"WebPage\",\"@id\":\"https:\/\/adl-regalosempresa.com\/tiendaonline\/articulos\/merchandising\/10-tiritas-personalizables-con-bolsita-de-papel-impresa-a-todo-color-para-personalizar-con-logo\/\",\"url\":\"https:\/\/adl-regalosempresa.com\/tiendaonline\/articulos\/merchandising\/10-tiritas-personalizables-con-bolsita-de-papel-impresa-a-todo-color-para-personalizar-con-logo\/\",\"name\":\"Merchandising 10 tiritas personalizables con bolsita de papel impresa a todo color para personalizar con logo - ADL\",\"isPartOf\":{\"@id\":\"https:\/\/adl-regalosempresa.com\/tiendaonline\/#website\"},\"primaryImageOfPage\":{\"@id\":\"https:\/\/adl-regalosempresa.com\/tiendaonline\/articulos\/merchandising\/10-tiritas-personalizables-con-bolsita-de-papel-impresa-a-todo-color-para-personalizar-con-logo\/#primaryimage\"},\"image\":{\"@id\":\"https:\/\/adl-regalosempresa.com\/tiendaonline\/articulos\/merchandising\/10-tiritas-personalizables-con-bolsita-de-papel-impresa-a-todo-color-para-personalizar-con-logo\/#primaryimage\"},\"thumbnailUrl\":\"https:\/\/adl-regalosempresa.com\/tiendaonline\/wp-content\/uploads\/2024\/04\/1Z279010.jpg\",\"datePublished\":\"2026-04-19T06:13:07+00:00\",\"dateModified\":\"2026-04-19T06:14:06+00:00\",\"description\":\"Art\u00edculo de merchandising 10 tiritas personalizables con bolsita de papel impresa a todo color. Diez tiritas personalizables presentadas en una bolsa de papel (tama\u00f1o 150 x 95\u00a0mm). Impresi\u00f3n digital a todo color disponible en el embalaje. Este producto cumple con los estrictos requisitos del Reglamento sobre los productos sanitarios (MDR) y est\u00e1 registrado en la FDA en varios pa\u00edses. Cumple las normas ISO14001:2015 e ISO9001:2015. Tama\u00f1o del ap\u00f3sito: 72 x 19\u00a0mm.\",\"breadcrumb\":{\"@id\":\"https:\/\/adl-regalosempresa.com\/tiendaonline\/articulos\/merchandising\/10-tiritas-personalizables-con-bolsita-de-papel-impresa-a-todo-color-para-personalizar-con-logo\/#breadcrumb\"},\"inLanguage\":\"es\",\"potentialAction\":[{\"@type\":\"ReadAction\",\"target\":[\"https:\/\/adl-regalosempresa.com\/tiendaonline\/articulos\/merchandising\/10-tiritas-personalizables-con-bolsita-de-papel-impresa-a-todo-color-para-personalizar-con-logo\/\"]}]},{\"@type\":\"ImageObject\",\"inLanguage\":\"es\",\"@id\":\"https:\/\/adl-regalosempresa.com\/tiendaonline\/articulos\/merchandising\/10-tiritas-personalizables-con-bolsita-de-papel-impresa-a-todo-color-para-personalizar-con-logo\/#primaryimage\",\"url\":\"https:\/\/adl-regalosempresa.com\/tiendaonline\/wp-content\/uploads\/2024\/04\/1Z279010.jpg\",\"contentUrl\":\"https:\/\/adl-regalosempresa.com\/tiendaonline\/wp-content\/uploads\/2024\/04\/1Z279010.jpg\",\"width\":1590,\"height\":1590,\"caption\":\"10 tiritas personalizables con bolsita de papel impresa a todo color\"},{\"@type\":\"BreadcrumbList\",\"@id\":\"https:\/\/adl-regalosempresa.com\/tiendaonline\/articulos\/merchandising\/10-tiritas-personalizables-con-bolsita-de-papel-impresa-a-todo-color-para-personalizar-con-logo\/#breadcrumb\",\"itemListElement\":[{\"@type\":\"ListItem\",\"position\":1,\"name\":\"Portada\",\"item\":\"https:\/\/adl-regalosempresa.com\/tiendaonline\/\"},{\"@type\":\"ListItem\",\"position\":2,\"name\":\"Tienda\",\"item\":\"https:\/\/adl-regalosempresa.com\/tiendaonline\/tienda\/\"},{\"@type\":\"ListItem\",\"position\":3,\"name\":\"10 tiritas personalizables con bolsita de papel impresa a todo color para personalizar con logo\"}]},{\"@type\":\"WebSite\",\"@id\":\"https:\/\/adl-regalosempresa.com\/tiendaonline\/#website\",\"url\":\"https:\/\/adl-regalosempresa.com\/tiendaonline\/\",\"name\":\"ADL Comunicaci\u00f3n\",\"description\":\"Regalos de empresa\",\"publisher\":{\"@id\":\"https:\/\/adl-regalosempresa.com\/tiendaonline\/#organization\"},\"potentialAction\":[{\"@type\":\"SearchAction\",\"target\":{\"@type\":\"EntryPoint\",\"urlTemplate\":\"https:\/\/adl-regalosempresa.com\/tiendaonline\/?s={search_term_string}\"},\"query-input\":{\"@type\":\"PropertyValueSpecification\",\"valueRequired\":true,\"valueName\":\"search_term_string\"}}],\"inLanguage\":\"es\"},{\"@type\":\"Organization\",\"@id\":\"https:\/\/adl-regalosempresa.com\/tiendaonline\/#organization\",\"name\":\"ADL Comunicaci\u00f3n\",\"url\":\"https:\/\/adl-regalosempresa.com\/tiendaonline\/\",\"logo\":{\"@type\":\"ImageObject\",\"inLanguage\":\"es\",\"@id\":\"https:\/\/adl-regalosempresa.com\/tiendaonline\/#\/schema\/logo\/image\/\",\"url\":\"https:\/\/adl-regalosempresa.com\/tiendaonline\/wp-content\/uploads\/2017\/09\/logo-adl-wp.png\",\"contentUrl\":\"https:\/\/adl-regalosempresa.com\/tiendaonline\/wp-content\/uploads\/2017\/09\/logo-adl-wp.png\",\"width\":407,\"height\":185,\"caption\":\"ADL Comunicaci\u00f3n\"},\"image\":{\"@id\":\"https:\/\/adl-regalosempresa.com\/tiendaonline\/#\/schema\/logo\/image\/\"}}]}<\/script>\n<!-- \/ Yoast SEO plugin. -->","yoast_head_json":{"title":"Merchandising 10 tiritas personalizables con bolsita de papel impresa a todo color para personalizar con logo - ADL","description":"Art\u00edculo de merchandising 10 tiritas personalizables con bolsita de papel impresa a todo color. Diez tiritas personalizables presentadas en una bolsa de papel (tama\u00f1o 150 x 95\u00a0mm). Impresi\u00f3n digital a todo color disponible en el embalaje. Este producto cumple con los estrictos requisitos del Reglamento sobre los productos sanitarios (MDR) y est\u00e1 registrado en la FDA en varios pa\u00edses. Cumple las normas ISO14001:2015 e ISO9001:2015. Tama\u00f1o del ap\u00f3sito: 72 x 19\u00a0mm.","robots":{"index":"index","follow":"follow","max-snippet":"max-snippet:-1","max-image-preview":"max-image-preview:large","max-video-preview":"max-video-preview:-1"},"canonical":"https:\/\/adl-regalosempresa.com\/tiendaonline\/articulos\/merchandising\/10-tiritas-personalizables-con-bolsita-de-papel-impresa-a-todo-color-para-personalizar-con-logo\/","og_locale":"es_ES","og_type":"article","og_title":"Merchandising 10 tiritas personalizables con bolsita de papel impresa a todo color para personalizar con logo - ADL","og_description":"Art\u00edculo de merchandising 10 tiritas personalizables con bolsita de papel impresa a todo color. Diez tiritas personalizables presentadas en una bolsa de papel (tama\u00f1o 150 x 95\u00a0mm). Impresi\u00f3n digital a todo color disponible en el embalaje. Este producto cumple con los estrictos requisitos del Reglamento sobre los productos sanitarios (MDR) y est\u00e1 registrado en la FDA en varios pa\u00edses. Cumple las normas ISO14001:2015 e ISO9001:2015. Tama\u00f1o del ap\u00f3sito: 72 x 19\u00a0mm.","og_url":"https:\/\/adl-regalosempresa.com\/tiendaonline\/articulos\/merchandising\/10-tiritas-personalizables-con-bolsita-de-papel-impresa-a-todo-color-para-personalizar-con-logo\/","og_site_name":"ADL Comunicaci\u00f3n","article_modified_time":"2026-04-19T06:14:06+00:00","og_image":[{"width":1590,"height":1590,"url":"https:\/\/adl-regalosempresa.com\/tiendaonline\/wp-content\/uploads\/2024\/04\/1Z279010.jpg","type":"image\/jpeg"}],"twitter_card":"summary_large_image","twitter_title":"Merchandising 10 tiritas personalizables con bolsita de papel impresa a todo color para personalizar con logo - ADL","schema":{"@context":"https:\/\/schema.org","@graph":[{"@type":"WebPage","@id":"https:\/\/adl-regalosempresa.com\/tiendaonline\/articulos\/merchandising\/10-tiritas-personalizables-con-bolsita-de-papel-impresa-a-todo-color-para-personalizar-con-logo\/","url":"https:\/\/adl-regalosempresa.com\/tiendaonline\/articulos\/merchandising\/10-tiritas-personalizables-con-bolsita-de-papel-impresa-a-todo-color-para-personalizar-con-logo\/","name":"Merchandising 10 tiritas personalizables con bolsita de papel impresa a todo color para personalizar con logo - ADL","isPartOf":{"@id":"https:\/\/adl-regalosempresa.com\/tiendaonline\/#website"},"primaryImageOfPage":{"@id":"https:\/\/adl-regalosempresa.com\/tiendaonline\/articulos\/merchandising\/10-tiritas-personalizables-con-bolsita-de-papel-impresa-a-todo-color-para-personalizar-con-logo\/#primaryimage"},"image":{"@id":"https:\/\/adl-regalosempresa.com\/tiendaonline\/articulos\/merchandising\/10-tiritas-personalizables-con-bolsita-de-papel-impresa-a-todo-color-para-personalizar-con-logo\/#primaryimage"},"thumbnailUrl":"https:\/\/adl-regalosempresa.com\/tiendaonline\/wp-content\/uploads\/2024\/04\/1Z279010.jpg","datePublished":"2026-04-19T06:13:07+00:00","dateModified":"2026-04-19T06:14:06+00:00","description":"Art\u00edculo de merchandising 10 tiritas personalizables con bolsita de papel impresa a todo color. Diez tiritas personalizables presentadas en una bolsa de papel (tama\u00f1o 150 x 95\u00a0mm). Impresi\u00f3n digital a todo color disponible en el embalaje. Este producto cumple con los estrictos requisitos del Reglamento sobre los productos sanitarios (MDR) y est\u00e1 registrado en la FDA en varios pa\u00edses. Cumple las normas ISO14001:2015 e ISO9001:2015. Tama\u00f1o del ap\u00f3sito: 72 x 19\u00a0mm.","breadcrumb":{"@id":"https:\/\/adl-regalosempresa.com\/tiendaonline\/articulos\/merchandising\/10-tiritas-personalizables-con-bolsita-de-papel-impresa-a-todo-color-para-personalizar-con-logo\/#breadcrumb"},"inLanguage":"es","potentialAction":[{"@type":"ReadAction","target":["https:\/\/adl-regalosempresa.com\/tiendaonline\/articulos\/merchandising\/10-tiritas-personalizables-con-bolsita-de-papel-impresa-a-todo-color-para-personalizar-con-logo\/"]}]},{"@type":"ImageObject","inLanguage":"es","@id":"https:\/\/adl-regalosempresa.com\/tiendaonline\/articulos\/merchandising\/10-tiritas-personalizables-con-bolsita-de-papel-impresa-a-todo-color-para-personalizar-con-logo\/#primaryimage","url":"https:\/\/adl-regalosempresa.com\/tiendaonline\/wp-content\/uploads\/2024\/04\/1Z279010.jpg","contentUrl":"https:\/\/adl-regalosempresa.com\/tiendaonline\/wp-content\/uploads\/2024\/04\/1Z279010.jpg","width":1590,"height":1590,"caption":"10 tiritas personalizables con bolsita de papel impresa a todo color"},{"@type":"BreadcrumbList","@id":"https:\/\/adl-regalosempresa.com\/tiendaonline\/articulos\/merchandising\/10-tiritas-personalizables-con-bolsita-de-papel-impresa-a-todo-color-para-personalizar-con-logo\/#breadcrumb","itemListElement":[{"@type":"ListItem","position":1,"name":"Portada","item":"https:\/\/adl-regalosempresa.com\/tiendaonline\/"},{"@type":"ListItem","position":2,"name":"Tienda","item":"https:\/\/adl-regalosempresa.com\/tiendaonline\/tienda\/"},{"@type":"ListItem","position":3,"name":"10 tiritas personalizables con bolsita de papel impresa a todo color para personalizar con logo"}]},{"@type":"WebSite","@id":"https:\/\/adl-regalosempresa.com\/tiendaonline\/#website","url":"https:\/\/adl-regalosempresa.com\/tiendaonline\/","name":"ADL Comunicaci\u00f3n","description":"Regalos de empresa","publisher":{"@id":"https:\/\/adl-regalosempresa.com\/tiendaonline\/#organization"},"potentialAction":[{"@type":"SearchAction","target":{"@type":"EntryPoint","urlTemplate":"https:\/\/adl-regalosempresa.com\/tiendaonline\/?s={search_term_string}"},"query-input":{"@type":"PropertyValueSpecification","valueRequired":true,"valueName":"search_term_string"}}],"inLanguage":"es"},{"@type":"Organization","@id":"https:\/\/adl-regalosempresa.com\/tiendaonline\/#organization","name":"ADL Comunicaci\u00f3n","url":"https:\/\/adl-regalosempresa.com\/tiendaonline\/","logo":{"@type":"ImageObject","inLanguage":"es","@id":"https:\/\/adl-regalosempresa.com\/tiendaonline\/#\/schema\/logo\/image\/","url":"https:\/\/adl-regalosempresa.com\/tiendaonline\/wp-content\/uploads\/2017\/09\/logo-adl-wp.png","contentUrl":"https:\/\/adl-regalosempresa.com\/tiendaonline\/wp-content\/uploads\/2017\/09\/logo-adl-wp.png","width":407,"height":185,"caption":"ADL Comunicaci\u00f3n"},"image":{"@id":"https:\/\/adl-regalosempresa.com\/tiendaonline\/#\/schema\/logo\/image\/"}}]}},"_links":{"self":[{"href":"https:\/\/adl-regalosempresa.com\/tiendaonline\/wp-json\/wp\/v2\/product\/133369","targetHints":{"allow":["GET"]}}],"collection":[{"href":"https:\/\/adl-regalosempresa.com\/tiendaonline\/wp-json\/wp\/v2\/product"}],"about":[{"href":"https:\/\/adl-regalosempresa.com\/tiendaonline\/wp-json\/wp\/v2\/types\/product"}],"wp:featuredmedia":[{"embeddable":true,"href":"https:\/\/adl-regalosempresa.com\/tiendaonline\/wp-json\/wp\/v2\/media\/133371"}],"wp:attachment":[{"href":"https:\/\/adl-regalosempresa.com\/tiendaonline\/wp-json\/wp\/v2\/media?parent=133369"}],"wp:term":[{"taxonomy":"product_brand","embeddable":true,"href":"https:\/\/adl-regalosempresa.com\/tiendaonline\/wp-json\/wp\/v2\/product_brand?post=133369"},{"taxonomy":"product_cat","embeddable":true,"href":"https:\/\/adl-regalosempresa.com\/tiendaonline\/wp-json\/wp\/v2\/product_cat?post=133369"},{"taxonomy":"product_tag","embeddable":true,"href":"https:\/\/adl-regalosempresa.com\/tiendaonline\/wp-json\/wp\/v2\/product_tag?post=133369"}],"curies":[{"name":"wp","href":"https:\/\/api.w.org\/{rel}","templated":true}]}}