{"id":133212,"date":"2026-04-04T04:27:59","date_gmt":"2026-04-04T04:27:59","guid":{"rendered":"https:\/\/adl-regalosempresa.com\/tiendaonline\/articulos\/merchandising\/botella-de-agua-de-500-ml-de-tritan-para-personalizar-con-logo\/"},"modified":"2026-04-30T07:44:15","modified_gmt":"2026-04-30T07:44:15","slug":"botella-de-agua-de-500-ml-para-personalizar-con-logo-2","status":"publish","type":"product","link":"https:\/\/adl-regalosempresa.com\/tiendaonline\/articulos\/merchandising\/botella-de-agua-de-500-ml-para-personalizar-con-logo-2\/","title":{"rendered":"Botella de agua de 500\u00a0ml  para personalizar con logo"},"content":{"rendered":"<p>La botella de agua de 500\u00a0ml \u00abVita\u00bb es duradera y garantiza la frescura de las bebidas. Su tecnolog\u00eda a prueba de fugas y sus dos aberturas garantizan que no haya derrames, por lo que es perfecta para hidratarse fuera de casa. Como el tap\u00f3n se descuelga con facilidad sobre el borde para beber, se puede lavar c\u00f3modamente en el lavavajillas. Mant\u00e9n la hidrataci\u00f3n y el estilo con la botella de agua \u00abVita\u00bb tanto si vas al gimnasio como si disfrutas de actividades de ocio. Sin BPA. Cuando se use para bebidas carbonatadas, evita llenarla hasta el borde.<\/p>\n","protected":false},"excerpt":{"rendered":"<p><strong>Descuentos por cantidades<\/strong><br \/>&#8211; a partir de 50 unidades: 15,2 \u20ac\/ud<br \/>&#8211; a partir de 100 unidades: 14,89 \u20ac\/ud<br \/>&#8211; a partir de 250 unidades: 14,74 \u20ac\/ud<\/p>\n<p>Para cantidades superiores a las aqu\u00ed indicadas, no dudes en ponerte en contacto con nuestro departamento comercial o <a href='https:\/\/adl-regalosempresa.com\/tiendaonline\/solicitud-presupuesto\/'>pedirnos presupuesto personalizado<\/a>, ajustaremos el presupuesto a tus necesidades.<\/p>\n","protected":false},"featured_media":133214,"template":"","meta":{"_kad_post_transparent":"","_kad_post_title":"","_kad_post_layout":"","_kad_post_sidebar_id":"","_kad_post_content_style":"","_kad_post_vertical_padding":"","_kad_post_feature":"","_kad_post_feature_position":"","_kad_post_header":false,"_kad_post_footer":false,"_kad_post_classname":""},"product_brand":[],"product_cat":[3372,3373],"product_tag":[],"class_list":{"0":"post-133212","1":"product","2":"type-product","3":"status-publish","4":"has-post-thumbnail","6":"product_cat-articulos-para-bebidas","7":"product_cat-botellas-de-agua","8":"pa_alto-21-cm","9":"pa_ancho-65-cm","10":"pa_color-carbon","11":"pa_color-verde-salvia","12":"pa_color-simple-gris","13":"pa_color-simple-verde","14":"pa_largo-87-cm","15":"pa_marca-mepal","16":"pa_material-90-plastico-pp-10-tritan","17":"pa_peso-136-gr","19":"first","20":"instock","21":"taxable","22":"shipping-taxable","23":"purchasable","24":"product-type-variable","25":"entry","26":"content-bg","27":"loop-entry"},"yoast_head":"<!-- This site is optimized with the Yoast SEO plugin v26.3 - https:\/\/yoast.com\/wordpress\/plugins\/seo\/ -->\n<title>Merchandising Botella de agua de 500\u00a0ml para personalizar con logo - ADL<\/title>\n<meta name=\"description\" content=\"Art\u00edculo de merchandising Botella de agua de 500\u00a0ml &quot;Mepal Vita&quot;. La botella de agua de 500\u00a0ml &quot;Vita&quot; es duradera y garantiza la frescura de las bebidas. Su tecnolog\u00eda a prueba de fugas y sus dos aberturas garantizan que no haya derrames, por lo que es perfecta para hidratarse fuera de casa. Como el tap\u00f3n se descuelga con facilidad sobre el borde para beber, se puede lavar c\u00f3modamente en el lavavajillas. Mant\u00e9n la hidrataci\u00f3n y el estilo con la botella de agua &quot;Vita&quot; tanto si vas al gimnasio como si disfrutas de actividades de ocio. Sin BPA. Cuando se use para bebidas carbonatadas, evita llenarla hasta el borde.\" \/>\n<meta name=\"robots\" content=\"index, follow, max-snippet:-1, max-image-preview:large, max-video-preview:-1\" \/>\n<link rel=\"canonical\" href=\"https:\/\/adl-regalosempresa.com\/tiendaonline\/articulos\/merchandising\/botella-de-agua-de-500-ml-para-personalizar-con-logo-2\/\" \/>\n<meta property=\"og:locale\" content=\"es_ES\" \/>\n<meta property=\"og:type\" content=\"article\" \/>\n<meta property=\"og:title\" content=\"Merchandising Botella de agua de 500\u00a0ml para personalizar con logo - ADL\" \/>\n<meta property=\"og:description\" content=\"Art\u00edculo de merchandising Botella de agua de 500\u00a0ml &quot;Mepal Vita&quot;. La botella de agua de 500\u00a0ml &quot;Vita&quot; es duradera y garantiza la frescura de las bebidas. Su tecnolog\u00eda a prueba de fugas y sus dos aberturas garantizan que no haya derrames, por lo que es perfecta para hidratarse fuera de casa. Como el tap\u00f3n se descuelga con facilidad sobre el borde para beber, se puede lavar c\u00f3modamente en el lavavajillas. Mant\u00e9n la hidrataci\u00f3n y el estilo con la botella de agua &quot;Vita&quot; tanto si vas al gimnasio como si disfrutas de actividades de ocio. Sin BPA. Cuando se use para bebidas carbonatadas, evita llenarla hasta el borde.\" \/>\n<meta property=\"og:url\" content=\"https:\/\/adl-regalosempresa.com\/tiendaonline\/articulos\/merchandising\/botella-de-agua-de-500-ml-para-personalizar-con-logo-2\/\" \/>\n<meta property=\"og:site_name\" content=\"ADL Comunicaci\u00f3n\" \/>\n<meta property=\"article:modified_time\" content=\"2026-04-30T07:44:15+00:00\" \/>\n<meta property=\"og:image\" content=\"https:\/\/adl-regalosempresa.com\/tiendaonline\/wp-content\/uploads\/2024\/04\/10081162.jpg\" \/>\n\t<meta property=\"og:image:width\" content=\"1600\" \/>\n\t<meta property=\"og:image:height\" content=\"1600\" \/>\n\t<meta property=\"og:image:type\" content=\"image\/jpeg\" \/>\n<meta name=\"twitter:card\" content=\"summary_large_image\" \/>\n<meta name=\"twitter:title\" content=\"Merchandising Botella de agua de 500\u00a0ml para personalizar con logo - ADL\" \/>\n<meta name=\"twitter:label1\" content=\"Tiempo de lectura\" \/>\n\t<meta name=\"twitter:data1\" content=\"1 minuto\" \/>\n<script type=\"application\/ld+json\" class=\"yoast-schema-graph\">{\"@context\":\"https:\/\/schema.org\",\"@graph\":[{\"@type\":\"WebPage\",\"@id\":\"https:\/\/adl-regalosempresa.com\/tiendaonline\/articulos\/merchandising\/botella-de-agua-de-500-ml-para-personalizar-con-logo-2\/\",\"url\":\"https:\/\/adl-regalosempresa.com\/tiendaonline\/articulos\/merchandising\/botella-de-agua-de-500-ml-para-personalizar-con-logo-2\/\",\"name\":\"Merchandising Botella de agua de 500\u00a0ml para personalizar con logo - ADL\",\"isPartOf\":{\"@id\":\"https:\/\/adl-regalosempresa.com\/tiendaonline\/#website\"},\"primaryImageOfPage\":{\"@id\":\"https:\/\/adl-regalosempresa.com\/tiendaonline\/articulos\/merchandising\/botella-de-agua-de-500-ml-para-personalizar-con-logo-2\/#primaryimage\"},\"image\":{\"@id\":\"https:\/\/adl-regalosempresa.com\/tiendaonline\/articulos\/merchandising\/botella-de-agua-de-500-ml-para-personalizar-con-logo-2\/#primaryimage\"},\"thumbnailUrl\":\"https:\/\/adl-regalosempresa.com\/tiendaonline\/wp-content\/uploads\/2024\/04\/10081162.jpg\",\"datePublished\":\"2026-04-04T04:27:59+00:00\",\"dateModified\":\"2026-04-30T07:44:15+00:00\",\"description\":\"Art\u00edculo de merchandising Botella de agua de 500\u00a0ml \\\"Mepal Vita\\\". La botella de agua de 500\u00a0ml \\\"Vita\\\" es duradera y garantiza la frescura de las bebidas. Su tecnolog\u00eda a prueba de fugas y sus dos aberturas garantizan que no haya derrames, por lo que es perfecta para hidratarse fuera de casa. Como el tap\u00f3n se descuelga con facilidad sobre el borde para beber, se puede lavar c\u00f3modamente en el lavavajillas. Mant\u00e9n la hidrataci\u00f3n y el estilo con la botella de agua \\\"Vita\\\" tanto si vas al gimnasio como si disfrutas de actividades de ocio. Sin BPA. Cuando se use para bebidas carbonatadas, evita llenarla hasta el borde.\",\"breadcrumb\":{\"@id\":\"https:\/\/adl-regalosempresa.com\/tiendaonline\/articulos\/merchandising\/botella-de-agua-de-500-ml-para-personalizar-con-logo-2\/#breadcrumb\"},\"inLanguage\":\"es\",\"potentialAction\":[{\"@type\":\"ReadAction\",\"target\":[\"https:\/\/adl-regalosempresa.com\/tiendaonline\/articulos\/merchandising\/botella-de-agua-de-500-ml-para-personalizar-con-logo-2\/\"]}]},{\"@type\":\"ImageObject\",\"inLanguage\":\"es\",\"@id\":\"https:\/\/adl-regalosempresa.com\/tiendaonline\/articulos\/merchandising\/botella-de-agua-de-500-ml-para-personalizar-con-logo-2\/#primaryimage\",\"url\":\"https:\/\/adl-regalosempresa.com\/tiendaonline\/wp-content\/uploads\/2024\/04\/10081162.jpg\",\"contentUrl\":\"https:\/\/adl-regalosempresa.com\/tiendaonline\/wp-content\/uploads\/2024\/04\/10081162.jpg\",\"width\":1600,\"height\":1600,\"caption\":\"Botella de agua de 500\u00a0ml \\\"Mepal Vita\\\"\"},{\"@type\":\"BreadcrumbList\",\"@id\":\"https:\/\/adl-regalosempresa.com\/tiendaonline\/articulos\/merchandising\/botella-de-agua-de-500-ml-para-personalizar-con-logo-2\/#breadcrumb\",\"itemListElement\":[{\"@type\":\"ListItem\",\"position\":1,\"name\":\"Portada\",\"item\":\"https:\/\/adl-regalosempresa.com\/tiendaonline\/\"},{\"@type\":\"ListItem\",\"position\":2,\"name\":\"Tienda\",\"item\":\"https:\/\/adl-regalosempresa.com\/tiendaonline\/tienda\/\"},{\"@type\":\"ListItem\",\"position\":3,\"name\":\"Botella de agua de 500\u00a0ml para personalizar con logo\"}]},{\"@type\":\"WebSite\",\"@id\":\"https:\/\/adl-regalosempresa.com\/tiendaonline\/#website\",\"url\":\"https:\/\/adl-regalosempresa.com\/tiendaonline\/\",\"name\":\"ADL Comunicaci\u00f3n\",\"description\":\"Regalos de empresa\",\"publisher\":{\"@id\":\"https:\/\/adl-regalosempresa.com\/tiendaonline\/#organization\"},\"potentialAction\":[{\"@type\":\"SearchAction\",\"target\":{\"@type\":\"EntryPoint\",\"urlTemplate\":\"https:\/\/adl-regalosempresa.com\/tiendaonline\/?s={search_term_string}\"},\"query-input\":{\"@type\":\"PropertyValueSpecification\",\"valueRequired\":true,\"valueName\":\"search_term_string\"}}],\"inLanguage\":\"es\"},{\"@type\":\"Organization\",\"@id\":\"https:\/\/adl-regalosempresa.com\/tiendaonline\/#organization\",\"name\":\"ADL Comunicaci\u00f3n\",\"url\":\"https:\/\/adl-regalosempresa.com\/tiendaonline\/\",\"logo\":{\"@type\":\"ImageObject\",\"inLanguage\":\"es\",\"@id\":\"https:\/\/adl-regalosempresa.com\/tiendaonline\/#\/schema\/logo\/image\/\",\"url\":\"https:\/\/adl-regalosempresa.com\/tiendaonline\/wp-content\/uploads\/2017\/09\/logo-adl-wp.png\",\"contentUrl\":\"https:\/\/adl-regalosempresa.com\/tiendaonline\/wp-content\/uploads\/2017\/09\/logo-adl-wp.png\",\"width\":407,\"height\":185,\"caption\":\"ADL Comunicaci\u00f3n\"},\"image\":{\"@id\":\"https:\/\/adl-regalosempresa.com\/tiendaonline\/#\/schema\/logo\/image\/\"}}]}<\/script>\n<!-- \/ Yoast SEO plugin. -->","yoast_head_json":{"title":"Merchandising Botella de agua de 500\u00a0ml para personalizar con logo - ADL","description":"Art\u00edculo de merchandising Botella de agua de 500\u00a0ml \"Mepal Vita\". La botella de agua de 500\u00a0ml \"Vita\" es duradera y garantiza la frescura de las bebidas. Su tecnolog\u00eda a prueba de fugas y sus dos aberturas garantizan que no haya derrames, por lo que es perfecta para hidratarse fuera de casa. Como el tap\u00f3n se descuelga con facilidad sobre el borde para beber, se puede lavar c\u00f3modamente en el lavavajillas. Mant\u00e9n la hidrataci\u00f3n y el estilo con la botella de agua \"Vita\" tanto si vas al gimnasio como si disfrutas de actividades de ocio. Sin BPA. Cuando se use para bebidas carbonatadas, evita llenarla hasta el borde.","robots":{"index":"index","follow":"follow","max-snippet":"max-snippet:-1","max-image-preview":"max-image-preview:large","max-video-preview":"max-video-preview:-1"},"canonical":"https:\/\/adl-regalosempresa.com\/tiendaonline\/articulos\/merchandising\/botella-de-agua-de-500-ml-para-personalizar-con-logo-2\/","og_locale":"es_ES","og_type":"article","og_title":"Merchandising Botella de agua de 500\u00a0ml para personalizar con logo - ADL","og_description":"Art\u00edculo de merchandising Botella de agua de 500\u00a0ml \"Mepal Vita\". La botella de agua de 500\u00a0ml \"Vita\" es duradera y garantiza la frescura de las bebidas. Su tecnolog\u00eda a prueba de fugas y sus dos aberturas garantizan que no haya derrames, por lo que es perfecta para hidratarse fuera de casa. Como el tap\u00f3n se descuelga con facilidad sobre el borde para beber, se puede lavar c\u00f3modamente en el lavavajillas. Mant\u00e9n la hidrataci\u00f3n y el estilo con la botella de agua \"Vita\" tanto si vas al gimnasio como si disfrutas de actividades de ocio. Sin BPA. Cuando se use para bebidas carbonatadas, evita llenarla hasta el borde.","og_url":"https:\/\/adl-regalosempresa.com\/tiendaonline\/articulos\/merchandising\/botella-de-agua-de-500-ml-para-personalizar-con-logo-2\/","og_site_name":"ADL Comunicaci\u00f3n","article_modified_time":"2026-04-30T07:44:15+00:00","og_image":[{"width":1600,"height":1600,"url":"https:\/\/adl-regalosempresa.com\/tiendaonline\/wp-content\/uploads\/2024\/04\/10081162.jpg","type":"image\/jpeg"}],"twitter_card":"summary_large_image","twitter_title":"Merchandising Botella de agua de 500\u00a0ml para personalizar con logo - ADL","twitter_misc":{"Tiempo de lectura":"1 minuto"},"schema":{"@context":"https:\/\/schema.org","@graph":[{"@type":"WebPage","@id":"https:\/\/adl-regalosempresa.com\/tiendaonline\/articulos\/merchandising\/botella-de-agua-de-500-ml-para-personalizar-con-logo-2\/","url":"https:\/\/adl-regalosempresa.com\/tiendaonline\/articulos\/merchandising\/botella-de-agua-de-500-ml-para-personalizar-con-logo-2\/","name":"Merchandising Botella de agua de 500\u00a0ml para personalizar con logo - ADL","isPartOf":{"@id":"https:\/\/adl-regalosempresa.com\/tiendaonline\/#website"},"primaryImageOfPage":{"@id":"https:\/\/adl-regalosempresa.com\/tiendaonline\/articulos\/merchandising\/botella-de-agua-de-500-ml-para-personalizar-con-logo-2\/#primaryimage"},"image":{"@id":"https:\/\/adl-regalosempresa.com\/tiendaonline\/articulos\/merchandising\/botella-de-agua-de-500-ml-para-personalizar-con-logo-2\/#primaryimage"},"thumbnailUrl":"https:\/\/adl-regalosempresa.com\/tiendaonline\/wp-content\/uploads\/2024\/04\/10081162.jpg","datePublished":"2026-04-04T04:27:59+00:00","dateModified":"2026-04-30T07:44:15+00:00","description":"Art\u00edculo de merchandising Botella de agua de 500\u00a0ml \"Mepal Vita\". La botella de agua de 500\u00a0ml \"Vita\" es duradera y garantiza la frescura de las bebidas. Su tecnolog\u00eda a prueba de fugas y sus dos aberturas garantizan que no haya derrames, por lo que es perfecta para hidratarse fuera de casa. Como el tap\u00f3n se descuelga con facilidad sobre el borde para beber, se puede lavar c\u00f3modamente en el lavavajillas. Mant\u00e9n la hidrataci\u00f3n y el estilo con la botella de agua \"Vita\" tanto si vas al gimnasio como si disfrutas de actividades de ocio. Sin BPA. Cuando se use para bebidas carbonatadas, evita llenarla hasta el borde.","breadcrumb":{"@id":"https:\/\/adl-regalosempresa.com\/tiendaonline\/articulos\/merchandising\/botella-de-agua-de-500-ml-para-personalizar-con-logo-2\/#breadcrumb"},"inLanguage":"es","potentialAction":[{"@type":"ReadAction","target":["https:\/\/adl-regalosempresa.com\/tiendaonline\/articulos\/merchandising\/botella-de-agua-de-500-ml-para-personalizar-con-logo-2\/"]}]},{"@type":"ImageObject","inLanguage":"es","@id":"https:\/\/adl-regalosempresa.com\/tiendaonline\/articulos\/merchandising\/botella-de-agua-de-500-ml-para-personalizar-con-logo-2\/#primaryimage","url":"https:\/\/adl-regalosempresa.com\/tiendaonline\/wp-content\/uploads\/2024\/04\/10081162.jpg","contentUrl":"https:\/\/adl-regalosempresa.com\/tiendaonline\/wp-content\/uploads\/2024\/04\/10081162.jpg","width":1600,"height":1600,"caption":"Botella de agua de 500\u00a0ml \"Mepal Vita\""},{"@type":"BreadcrumbList","@id":"https:\/\/adl-regalosempresa.com\/tiendaonline\/articulos\/merchandising\/botella-de-agua-de-500-ml-para-personalizar-con-logo-2\/#breadcrumb","itemListElement":[{"@type":"ListItem","position":1,"name":"Portada","item":"https:\/\/adl-regalosempresa.com\/tiendaonline\/"},{"@type":"ListItem","position":2,"name":"Tienda","item":"https:\/\/adl-regalosempresa.com\/tiendaonline\/tienda\/"},{"@type":"ListItem","position":3,"name":"Botella de agua de 500\u00a0ml para personalizar con logo"}]},{"@type":"WebSite","@id":"https:\/\/adl-regalosempresa.com\/tiendaonline\/#website","url":"https:\/\/adl-regalosempresa.com\/tiendaonline\/","name":"ADL Comunicaci\u00f3n","description":"Regalos de empresa","publisher":{"@id":"https:\/\/adl-regalosempresa.com\/tiendaonline\/#organization"},"potentialAction":[{"@type":"SearchAction","target":{"@type":"EntryPoint","urlTemplate":"https:\/\/adl-regalosempresa.com\/tiendaonline\/?s={search_term_string}"},"query-input":{"@type":"PropertyValueSpecification","valueRequired":true,"valueName":"search_term_string"}}],"inLanguage":"es"},{"@type":"Organization","@id":"https:\/\/adl-regalosempresa.com\/tiendaonline\/#organization","name":"ADL Comunicaci\u00f3n","url":"https:\/\/adl-regalosempresa.com\/tiendaonline\/","logo":{"@type":"ImageObject","inLanguage":"es","@id":"https:\/\/adl-regalosempresa.com\/tiendaonline\/#\/schema\/logo\/image\/","url":"https:\/\/adl-regalosempresa.com\/tiendaonline\/wp-content\/uploads\/2017\/09\/logo-adl-wp.png","contentUrl":"https:\/\/adl-regalosempresa.com\/tiendaonline\/wp-content\/uploads\/2017\/09\/logo-adl-wp.png","width":407,"height":185,"caption":"ADL Comunicaci\u00f3n"},"image":{"@id":"https:\/\/adl-regalosempresa.com\/tiendaonline\/#\/schema\/logo\/image\/"}}]}},"_links":{"self":[{"href":"https:\/\/adl-regalosempresa.com\/tiendaonline\/wp-json\/wp\/v2\/product\/133212","targetHints":{"allow":["GET"]}}],"collection":[{"href":"https:\/\/adl-regalosempresa.com\/tiendaonline\/wp-json\/wp\/v2\/product"}],"about":[{"href":"https:\/\/adl-regalosempresa.com\/tiendaonline\/wp-json\/wp\/v2\/types\/product"}],"wp:featuredmedia":[{"embeddable":true,"href":"https:\/\/adl-regalosempresa.com\/tiendaonline\/wp-json\/wp\/v2\/media\/133214"}],"wp:attachment":[{"href":"https:\/\/adl-regalosempresa.com\/tiendaonline\/wp-json\/wp\/v2\/media?parent=133212"}],"wp:term":[{"taxonomy":"product_brand","embeddable":true,"href":"https:\/\/adl-regalosempresa.com\/tiendaonline\/wp-json\/wp\/v2\/product_brand?post=133212"},{"taxonomy":"product_cat","embeddable":true,"href":"https:\/\/adl-regalosempresa.com\/tiendaonline\/wp-json\/wp\/v2\/product_cat?post=133212"},{"taxonomy":"product_tag","embeddable":true,"href":"https:\/\/adl-regalosempresa.com\/tiendaonline\/wp-json\/wp\/v2\/product_tag?post=133212"}],"curies":[{"name":"wp","href":"https:\/\/api.w.org\/{rel}","templated":true}]}}