{"id":133189,"date":"2026-03-31T05:19:58","date_gmt":"2026-03-31T05:19:58","guid":{"rendered":"https:\/\/adl-regalosempresa.com\/tiendaonline\/articulos\/merchandising\/bateria-externa-de-20-000-mah-y-35-w-para-personalizar-con-logo\/"},"modified":"2026-04-22T08:30:15","modified_gmt":"2026-04-22T08:30:15","slug":"bateria-externa-de-20-000-mah-y-35-w-para-personalizar-con-logo","status":"publish","type":"product","link":"https:\/\/adl-regalosempresa.com\/tiendaonline\/articulos\/merchandising\/bateria-externa-de-20-000-mah-y-35-w-para-personalizar-con-logo\/","title":{"rendered":"Bater\u00eda externa de 20\u00a0000\u00a0mAh y 35\u00a0W  para personalizar con logo"},"content":{"rendered":"<p>La bater\u00eda externa \u00abFuel Series\u00bb de 20\u00a0000\u00a0mAh cuenta con 2 puertos USB-C y un puerto USB-A, as\u00ed como con una salida USB-C PD de 35\u00a0W, por lo que es perfecta para cargar r\u00e1pidamente todo tipo de dispositivos m\u00f3viles. El color actual y neutro, combinado con el exclusivo dise\u00f1o de la bater\u00eda externa, hacen que sea un producto magn\u00edfico para llevar a todas partes. Salida: 2 USB-C de 35\u00a0W de suministro de energ\u00eda y 1 USB-A de 22,5\u00a0W. Se entrega con un cable USB-C a USB-C y un manual de usuario.<\/p>\n","protected":false},"excerpt":{"rendered":"<p><strong>Descuentos por cantidades<\/strong><br \/>&#8211; a partir de 25 unidades: 66,69 \u20ac\/ud<br \/>&#8211; a partir de 50 unidades: 65,37 \u20ac\/ud<br \/>&#8211; a partir de 100 unidades: 64,72 \u20ac\/ud<\/p>\n<p>Para cantidades superiores a las aqu\u00ed indicadas, no dudes en ponerte en contacto con nuestro departamento comercial o <a href='https:\/\/adl-regalosempresa.com\/tiendaonline\/solicitud-presupuesto\/'>pedirnos presupuesto personalizado<\/a>, ajustaremos el presupuesto a tus necesidades.<\/p>\n","protected":false},"featured_media":133191,"template":"","meta":{"_kad_post_transparent":"","_kad_post_title":"","_kad_post_layout":"","_kad_post_sidebar_id":"","_kad_post_content_style":"","_kad_post_vertical_padding":"","_kad_post_feature":"","_kad_post_feature_position":"","_kad_post_header":false,"_kad_post_footer":false,"_kad_post_classname":""},"product_brand":[],"product_cat":[5085,486],"product_tag":[],"class_list":{"0":"post-133189","1":"product","2":"type-product","3":"status-publish","4":"has-post-thumbnail","6":"product_cat-baterias-externas","7":"product_cat-tecnologia","8":"pa_alto-28-cm","9":"pa_ancho-77-cm","10":"pa_color-blanco","11":"pa_color-negro-medianoche","12":"pa_color-simple-negro-intenso","13":"pa_largo-143-cm","14":"pa_marca-xtorm","15":"pa_material-plastico-abs-reciclado","16":"pa_peso-400-gr","18":"first","19":"instock","20":"taxable","21":"shipping-taxable","22":"purchasable","23":"product-type-variable","24":"entry","25":"content-bg","26":"loop-entry"},"yoast_head":"<!-- This site is optimized with the Yoast SEO plugin v26.3 - https:\/\/yoast.com\/wordpress\/plugins\/seo\/ -->\n<title>Merchandising Bater\u00eda externa de 20\u00a0000\u00a0mAh y 35\u00a0W para personalizar con logo - ADL<\/title>\n<meta name=\"description\" content=\"Art\u00edculo de merchandising Bater\u00eda externa de 20\u00a0000\u00a0mAh y 35\u00a0W &quot;Xtorm FS520 Fuel Series&quot;. La bater\u00eda externa &quot;Fuel Series&quot; de 20\u00a0000\u00a0mAh cuenta con 2 puertos USB-C y un puerto USB-A, as\u00ed como con una salida USB-C PD de 35\u00a0W, por lo que es perfecta para cargar r\u00e1pidamente todo tipo de dispositivos m\u00f3viles. El color actual y neutro, combinado con el exclusivo dise\u00f1o de la bater\u00eda externa, hacen que sea un producto magn\u00edfico para llevar a todas partes. Salida: 2 USB-C de 35\u00a0W de suministro de energ\u00eda y 1 USB-A de 22,5\u00a0W. Se entrega con un cable USB-C a USB-C y un manual de usuario.\" \/>\n<meta name=\"robots\" content=\"index, follow, max-snippet:-1, max-image-preview:large, max-video-preview:-1\" \/>\n<link rel=\"canonical\" href=\"https:\/\/adl-regalosempresa.com\/tiendaonline\/articulos\/merchandising\/bateria-externa-de-20-000-mah-y-35-w-para-personalizar-con-logo\/\" \/>\n<meta property=\"og:locale\" content=\"es_ES\" \/>\n<meta property=\"og:type\" content=\"article\" \/>\n<meta property=\"og:title\" content=\"Merchandising Bater\u00eda externa de 20\u00a0000\u00a0mAh y 35\u00a0W para personalizar con logo - ADL\" \/>\n<meta property=\"og:description\" content=\"Art\u00edculo de merchandising Bater\u00eda externa de 20\u00a0000\u00a0mAh y 35\u00a0W &quot;Xtorm FS520 Fuel Series&quot;. La bater\u00eda externa &quot;Fuel Series&quot; de 20\u00a0000\u00a0mAh cuenta con 2 puertos USB-C y un puerto USB-A, as\u00ed como con una salida USB-C PD de 35\u00a0W, por lo que es perfecta para cargar r\u00e1pidamente todo tipo de dispositivos m\u00f3viles. El color actual y neutro, combinado con el exclusivo dise\u00f1o de la bater\u00eda externa, hacen que sea un producto magn\u00edfico para llevar a todas partes. Salida: 2 USB-C de 35\u00a0W de suministro de energ\u00eda y 1 USB-A de 22,5\u00a0W. Se entrega con un cable USB-C a USB-C y un manual de usuario.\" \/>\n<meta property=\"og:url\" content=\"https:\/\/adl-regalosempresa.com\/tiendaonline\/articulos\/merchandising\/bateria-externa-de-20-000-mah-y-35-w-para-personalizar-con-logo\/\" \/>\n<meta property=\"og:site_name\" content=\"ADL Comunicaci\u00f3n\" \/>\n<meta property=\"article:modified_time\" content=\"2026-04-22T08:30:15+00:00\" \/>\n<meta property=\"og:image\" content=\"https:\/\/adl-regalosempresa.com\/tiendaonline\/wp-content\/uploads\/2024\/04\/12439901.jpg\" \/>\n\t<meta property=\"og:image:width\" content=\"1600\" \/>\n\t<meta property=\"og:image:height\" content=\"1600\" \/>\n\t<meta property=\"og:image:type\" content=\"image\/jpeg\" \/>\n<meta name=\"twitter:card\" content=\"summary_large_image\" \/>\n<meta name=\"twitter:title\" content=\"Merchandising Bater\u00eda externa de 20\u00a0000\u00a0mAh y 35\u00a0W para personalizar con logo - ADL\" \/>\n<script type=\"application\/ld+json\" class=\"yoast-schema-graph\">{\"@context\":\"https:\/\/schema.org\",\"@graph\":[{\"@type\":\"WebPage\",\"@id\":\"https:\/\/adl-regalosempresa.com\/tiendaonline\/articulos\/merchandising\/bateria-externa-de-20-000-mah-y-35-w-para-personalizar-con-logo\/\",\"url\":\"https:\/\/adl-regalosempresa.com\/tiendaonline\/articulos\/merchandising\/bateria-externa-de-20-000-mah-y-35-w-para-personalizar-con-logo\/\",\"name\":\"Merchandising Bater\u00eda externa de 20\u00a0000\u00a0mAh y 35\u00a0W para personalizar con logo - ADL\",\"isPartOf\":{\"@id\":\"https:\/\/adl-regalosempresa.com\/tiendaonline\/#website\"},\"primaryImageOfPage\":{\"@id\":\"https:\/\/adl-regalosempresa.com\/tiendaonline\/articulos\/merchandising\/bateria-externa-de-20-000-mah-y-35-w-para-personalizar-con-logo\/#primaryimage\"},\"image\":{\"@id\":\"https:\/\/adl-regalosempresa.com\/tiendaonline\/articulos\/merchandising\/bateria-externa-de-20-000-mah-y-35-w-para-personalizar-con-logo\/#primaryimage\"},\"thumbnailUrl\":\"https:\/\/adl-regalosempresa.com\/tiendaonline\/wp-content\/uploads\/2024\/04\/12439901.jpg\",\"datePublished\":\"2026-03-31T05:19:58+00:00\",\"dateModified\":\"2026-04-22T08:30:15+00:00\",\"description\":\"Art\u00edculo de merchandising Bater\u00eda externa de 20\u00a0000\u00a0mAh y 35\u00a0W \\\"Xtorm FS520 Fuel Series\\\". La bater\u00eda externa \\\"Fuel Series\\\" de 20\u00a0000\u00a0mAh cuenta con 2 puertos USB-C y un puerto USB-A, as\u00ed como con una salida USB-C PD de 35\u00a0W, por lo que es perfecta para cargar r\u00e1pidamente todo tipo de dispositivos m\u00f3viles. El color actual y neutro, combinado con el exclusivo dise\u00f1o de la bater\u00eda externa, hacen que sea un producto magn\u00edfico para llevar a todas partes. Salida: 2 USB-C de 35\u00a0W de suministro de energ\u00eda y 1 USB-A de 22,5\u00a0W. Se entrega con un cable USB-C a USB-C y un manual de usuario.\",\"breadcrumb\":{\"@id\":\"https:\/\/adl-regalosempresa.com\/tiendaonline\/articulos\/merchandising\/bateria-externa-de-20-000-mah-y-35-w-para-personalizar-con-logo\/#breadcrumb\"},\"inLanguage\":\"es\",\"potentialAction\":[{\"@type\":\"ReadAction\",\"target\":[\"https:\/\/adl-regalosempresa.com\/tiendaonline\/articulos\/merchandising\/bateria-externa-de-20-000-mah-y-35-w-para-personalizar-con-logo\/\"]}]},{\"@type\":\"ImageObject\",\"inLanguage\":\"es\",\"@id\":\"https:\/\/adl-regalosempresa.com\/tiendaonline\/articulos\/merchandising\/bateria-externa-de-20-000-mah-y-35-w-para-personalizar-con-logo\/#primaryimage\",\"url\":\"https:\/\/adl-regalosempresa.com\/tiendaonline\/wp-content\/uploads\/2024\/04\/12439901.jpg\",\"contentUrl\":\"https:\/\/adl-regalosempresa.com\/tiendaonline\/wp-content\/uploads\/2024\/04\/12439901.jpg\",\"width\":1600,\"height\":1600,\"caption\":\"Bater\u00eda externa de 20\u00a0000\u00a0mAh y 35\u00a0W \\\"Xtorm FS520 Fuel Series\\\"\"},{\"@type\":\"BreadcrumbList\",\"@id\":\"https:\/\/adl-regalosempresa.com\/tiendaonline\/articulos\/merchandising\/bateria-externa-de-20-000-mah-y-35-w-para-personalizar-con-logo\/#breadcrumb\",\"itemListElement\":[{\"@type\":\"ListItem\",\"position\":1,\"name\":\"Portada\",\"item\":\"https:\/\/adl-regalosempresa.com\/tiendaonline\/\"},{\"@type\":\"ListItem\",\"position\":2,\"name\":\"Tienda\",\"item\":\"https:\/\/adl-regalosempresa.com\/tiendaonline\/tienda\/\"},{\"@type\":\"ListItem\",\"position\":3,\"name\":\"Bater\u00eda externa de 20\u00a0000\u00a0mAh y 35\u00a0W para personalizar con logo\"}]},{\"@type\":\"WebSite\",\"@id\":\"https:\/\/adl-regalosempresa.com\/tiendaonline\/#website\",\"url\":\"https:\/\/adl-regalosempresa.com\/tiendaonline\/\",\"name\":\"ADL Comunicaci\u00f3n\",\"description\":\"Regalos de empresa\",\"publisher\":{\"@id\":\"https:\/\/adl-regalosempresa.com\/tiendaonline\/#organization\"},\"potentialAction\":[{\"@type\":\"SearchAction\",\"target\":{\"@type\":\"EntryPoint\",\"urlTemplate\":\"https:\/\/adl-regalosempresa.com\/tiendaonline\/?s={search_term_string}\"},\"query-input\":{\"@type\":\"PropertyValueSpecification\",\"valueRequired\":true,\"valueName\":\"search_term_string\"}}],\"inLanguage\":\"es\"},{\"@type\":\"Organization\",\"@id\":\"https:\/\/adl-regalosempresa.com\/tiendaonline\/#organization\",\"name\":\"ADL Comunicaci\u00f3n\",\"url\":\"https:\/\/adl-regalosempresa.com\/tiendaonline\/\",\"logo\":{\"@type\":\"ImageObject\",\"inLanguage\":\"es\",\"@id\":\"https:\/\/adl-regalosempresa.com\/tiendaonline\/#\/schema\/logo\/image\/\",\"url\":\"https:\/\/adl-regalosempresa.com\/tiendaonline\/wp-content\/uploads\/2017\/09\/logo-adl-wp.png\",\"contentUrl\":\"https:\/\/adl-regalosempresa.com\/tiendaonline\/wp-content\/uploads\/2017\/09\/logo-adl-wp.png\",\"width\":407,\"height\":185,\"caption\":\"ADL Comunicaci\u00f3n\"},\"image\":{\"@id\":\"https:\/\/adl-regalosempresa.com\/tiendaonline\/#\/schema\/logo\/image\/\"}}]}<\/script>\n<!-- \/ Yoast SEO plugin. -->","yoast_head_json":{"title":"Merchandising Bater\u00eda externa de 20\u00a0000\u00a0mAh y 35\u00a0W para personalizar con logo - ADL","description":"Art\u00edculo de merchandising Bater\u00eda externa de 20\u00a0000\u00a0mAh y 35\u00a0W \"Xtorm FS520 Fuel Series\". La bater\u00eda externa \"Fuel Series\" de 20\u00a0000\u00a0mAh cuenta con 2 puertos USB-C y un puerto USB-A, as\u00ed como con una salida USB-C PD de 35\u00a0W, por lo que es perfecta para cargar r\u00e1pidamente todo tipo de dispositivos m\u00f3viles. El color actual y neutro, combinado con el exclusivo dise\u00f1o de la bater\u00eda externa, hacen que sea un producto magn\u00edfico para llevar a todas partes. Salida: 2 USB-C de 35\u00a0W de suministro de energ\u00eda y 1 USB-A de 22,5\u00a0W. Se entrega con un cable USB-C a USB-C y un manual de usuario.","robots":{"index":"index","follow":"follow","max-snippet":"max-snippet:-1","max-image-preview":"max-image-preview:large","max-video-preview":"max-video-preview:-1"},"canonical":"https:\/\/adl-regalosempresa.com\/tiendaonline\/articulos\/merchandising\/bateria-externa-de-20-000-mah-y-35-w-para-personalizar-con-logo\/","og_locale":"es_ES","og_type":"article","og_title":"Merchandising Bater\u00eda externa de 20\u00a0000\u00a0mAh y 35\u00a0W para personalizar con logo - ADL","og_description":"Art\u00edculo de merchandising Bater\u00eda externa de 20\u00a0000\u00a0mAh y 35\u00a0W \"Xtorm FS520 Fuel Series\". La bater\u00eda externa \"Fuel Series\" de 20\u00a0000\u00a0mAh cuenta con 2 puertos USB-C y un puerto USB-A, as\u00ed como con una salida USB-C PD de 35\u00a0W, por lo que es perfecta para cargar r\u00e1pidamente todo tipo de dispositivos m\u00f3viles. El color actual y neutro, combinado con el exclusivo dise\u00f1o de la bater\u00eda externa, hacen que sea un producto magn\u00edfico para llevar a todas partes. Salida: 2 USB-C de 35\u00a0W de suministro de energ\u00eda y 1 USB-A de 22,5\u00a0W. Se entrega con un cable USB-C a USB-C y un manual de usuario.","og_url":"https:\/\/adl-regalosempresa.com\/tiendaonline\/articulos\/merchandising\/bateria-externa-de-20-000-mah-y-35-w-para-personalizar-con-logo\/","og_site_name":"ADL Comunicaci\u00f3n","article_modified_time":"2026-04-22T08:30:15+00:00","og_image":[{"width":1600,"height":1600,"url":"https:\/\/adl-regalosempresa.com\/tiendaonline\/wp-content\/uploads\/2024\/04\/12439901.jpg","type":"image\/jpeg"}],"twitter_card":"summary_large_image","twitter_title":"Merchandising Bater\u00eda externa de 20\u00a0000\u00a0mAh y 35\u00a0W para personalizar con logo - ADL","schema":{"@context":"https:\/\/schema.org","@graph":[{"@type":"WebPage","@id":"https:\/\/adl-regalosempresa.com\/tiendaonline\/articulos\/merchandising\/bateria-externa-de-20-000-mah-y-35-w-para-personalizar-con-logo\/","url":"https:\/\/adl-regalosempresa.com\/tiendaonline\/articulos\/merchandising\/bateria-externa-de-20-000-mah-y-35-w-para-personalizar-con-logo\/","name":"Merchandising Bater\u00eda externa de 20\u00a0000\u00a0mAh y 35\u00a0W para personalizar con logo - ADL","isPartOf":{"@id":"https:\/\/adl-regalosempresa.com\/tiendaonline\/#website"},"primaryImageOfPage":{"@id":"https:\/\/adl-regalosempresa.com\/tiendaonline\/articulos\/merchandising\/bateria-externa-de-20-000-mah-y-35-w-para-personalizar-con-logo\/#primaryimage"},"image":{"@id":"https:\/\/adl-regalosempresa.com\/tiendaonline\/articulos\/merchandising\/bateria-externa-de-20-000-mah-y-35-w-para-personalizar-con-logo\/#primaryimage"},"thumbnailUrl":"https:\/\/adl-regalosempresa.com\/tiendaonline\/wp-content\/uploads\/2024\/04\/12439901.jpg","datePublished":"2026-03-31T05:19:58+00:00","dateModified":"2026-04-22T08:30:15+00:00","description":"Art\u00edculo de merchandising Bater\u00eda externa de 20\u00a0000\u00a0mAh y 35\u00a0W \"Xtorm FS520 Fuel Series\". La bater\u00eda externa \"Fuel Series\" de 20\u00a0000\u00a0mAh cuenta con 2 puertos USB-C y un puerto USB-A, as\u00ed como con una salida USB-C PD de 35\u00a0W, por lo que es perfecta para cargar r\u00e1pidamente todo tipo de dispositivos m\u00f3viles. El color actual y neutro, combinado con el exclusivo dise\u00f1o de la bater\u00eda externa, hacen que sea un producto magn\u00edfico para llevar a todas partes. Salida: 2 USB-C de 35\u00a0W de suministro de energ\u00eda y 1 USB-A de 22,5\u00a0W. Se entrega con un cable USB-C a USB-C y un manual de usuario.","breadcrumb":{"@id":"https:\/\/adl-regalosempresa.com\/tiendaonline\/articulos\/merchandising\/bateria-externa-de-20-000-mah-y-35-w-para-personalizar-con-logo\/#breadcrumb"},"inLanguage":"es","potentialAction":[{"@type":"ReadAction","target":["https:\/\/adl-regalosempresa.com\/tiendaonline\/articulos\/merchandising\/bateria-externa-de-20-000-mah-y-35-w-para-personalizar-con-logo\/"]}]},{"@type":"ImageObject","inLanguage":"es","@id":"https:\/\/adl-regalosempresa.com\/tiendaonline\/articulos\/merchandising\/bateria-externa-de-20-000-mah-y-35-w-para-personalizar-con-logo\/#primaryimage","url":"https:\/\/adl-regalosempresa.com\/tiendaonline\/wp-content\/uploads\/2024\/04\/12439901.jpg","contentUrl":"https:\/\/adl-regalosempresa.com\/tiendaonline\/wp-content\/uploads\/2024\/04\/12439901.jpg","width":1600,"height":1600,"caption":"Bater\u00eda externa de 20\u00a0000\u00a0mAh y 35\u00a0W \"Xtorm FS520 Fuel Series\""},{"@type":"BreadcrumbList","@id":"https:\/\/adl-regalosempresa.com\/tiendaonline\/articulos\/merchandising\/bateria-externa-de-20-000-mah-y-35-w-para-personalizar-con-logo\/#breadcrumb","itemListElement":[{"@type":"ListItem","position":1,"name":"Portada","item":"https:\/\/adl-regalosempresa.com\/tiendaonline\/"},{"@type":"ListItem","position":2,"name":"Tienda","item":"https:\/\/adl-regalosempresa.com\/tiendaonline\/tienda\/"},{"@type":"ListItem","position":3,"name":"Bater\u00eda externa de 20\u00a0000\u00a0mAh y 35\u00a0W para personalizar con logo"}]},{"@type":"WebSite","@id":"https:\/\/adl-regalosempresa.com\/tiendaonline\/#website","url":"https:\/\/adl-regalosempresa.com\/tiendaonline\/","name":"ADL Comunicaci\u00f3n","description":"Regalos de empresa","publisher":{"@id":"https:\/\/adl-regalosempresa.com\/tiendaonline\/#organization"},"potentialAction":[{"@type":"SearchAction","target":{"@type":"EntryPoint","urlTemplate":"https:\/\/adl-regalosempresa.com\/tiendaonline\/?s={search_term_string}"},"query-input":{"@type":"PropertyValueSpecification","valueRequired":true,"valueName":"search_term_string"}}],"inLanguage":"es"},{"@type":"Organization","@id":"https:\/\/adl-regalosempresa.com\/tiendaonline\/#organization","name":"ADL Comunicaci\u00f3n","url":"https:\/\/adl-regalosempresa.com\/tiendaonline\/","logo":{"@type":"ImageObject","inLanguage":"es","@id":"https:\/\/adl-regalosempresa.com\/tiendaonline\/#\/schema\/logo\/image\/","url":"https:\/\/adl-regalosempresa.com\/tiendaonline\/wp-content\/uploads\/2017\/09\/logo-adl-wp.png","contentUrl":"https:\/\/adl-regalosempresa.com\/tiendaonline\/wp-content\/uploads\/2017\/09\/logo-adl-wp.png","width":407,"height":185,"caption":"ADL Comunicaci\u00f3n"},"image":{"@id":"https:\/\/adl-regalosempresa.com\/tiendaonline\/#\/schema\/logo\/image\/"}}]}},"_links":{"self":[{"href":"https:\/\/adl-regalosempresa.com\/tiendaonline\/wp-json\/wp\/v2\/product\/133189","targetHints":{"allow":["GET"]}}],"collection":[{"href":"https:\/\/adl-regalosempresa.com\/tiendaonline\/wp-json\/wp\/v2\/product"}],"about":[{"href":"https:\/\/adl-regalosempresa.com\/tiendaonline\/wp-json\/wp\/v2\/types\/product"}],"wp:featuredmedia":[{"embeddable":true,"href":"https:\/\/adl-regalosempresa.com\/tiendaonline\/wp-json\/wp\/v2\/media\/133191"}],"wp:attachment":[{"href":"https:\/\/adl-regalosempresa.com\/tiendaonline\/wp-json\/wp\/v2\/media?parent=133189"}],"wp:term":[{"taxonomy":"product_brand","embeddable":true,"href":"https:\/\/adl-regalosempresa.com\/tiendaonline\/wp-json\/wp\/v2\/product_brand?post=133189"},{"taxonomy":"product_cat","embeddable":true,"href":"https:\/\/adl-regalosempresa.com\/tiendaonline\/wp-json\/wp\/v2\/product_cat?post=133189"},{"taxonomy":"product_tag","embeddable":true,"href":"https:\/\/adl-regalosempresa.com\/tiendaonline\/wp-json\/wp\/v2\/product_tag?post=133189"}],"curies":[{"name":"wp","href":"https:\/\/api.w.org\/{rel}","templated":true}]}}