{"id":133118,"date":"2026-03-24T07:16:22","date_gmt":"2026-03-24T07:16:22","guid":{"rendered":"https:\/\/adl-regalosempresa.com\/tiendaonline\/articulos\/merchandising\/bidon-deportivo-con-tapa-abatible-de-500-ml-para-personalizar-con-logo\/"},"modified":"2026-03-24T07:17:56","modified_gmt":"2026-03-24T07:17:56","slug":"bidon-deportivo-con-tapa-abatible-de-500-ml-para-personalizar-con-logo","status":"publish","type":"product","link":"https:\/\/adl-regalosempresa.com\/tiendaonline\/articulos\/merchandising\/bidon-deportivo-con-tapa-abatible-de-500-ml-para-personalizar-con-logo\/","title":{"rendered":"Bid\u00f3n deportivo con tapa abatible de 500\u00a0ml  para personalizar con logo"},"content":{"rendered":"<p>Haz que tu mensaje destaque con el bid\u00f3n deportivo \u00abBaseline Rise\u00bb. El dise\u00f1o se moldea en la botella para crear un efecto t\u00e1ctil en relieve. El bid\u00f3n deportivo de una sola pared tiene una capacidad de 500\u00a0ml y una tapa a prueba de derrames con cierre abatible. Puedes mezclar y combinar colores para crear el bid\u00f3n perfecto. Ponte en contacto con nosotros para obtener m\u00e1s informaci\u00f3n. Fabricado en el Reino Unido. Sin BPA. Cumple la norma EN12875-1 y se puede lavar en el lavavajillas.<\/p>\n","protected":false},"excerpt":{"rendered":"<p><strong>Descuentos por cantidades<\/strong><br \/>&#8211; a partir de 100 unidades: 2,35 \u20ac\/ud<br \/>&#8211; a partir de 250 unidades: 1,96 \u20ac\/ud<br \/>&#8211; a partir de 500 unidades: 1,84 \u20ac\/ud<\/p>\n<p>Para cantidades superiores a las aqu\u00ed indicadas, no dudes en ponerte en contacto con nuestro departamento comercial o <a href='https:\/\/adl-regalosempresa.com\/tiendaonline\/solicitud-presupuesto\/'>pedirnos presupuesto personalizado<\/a>, ajustaremos el presupuesto a tus necesidades.<\/p>\n","protected":false},"featured_media":133120,"template":"","meta":{"_kad_post_transparent":"","_kad_post_title":"","_kad_post_layout":"","_kad_post_sidebar_id":"","_kad_post_content_style":"","_kad_post_vertical_padding":"","_kad_post_feature":"","_kad_post_feature_position":"","_kad_post_header":false,"_kad_post_footer":false,"_kad_post_classname":""},"product_brand":[],"product_cat":[3805,3372],"product_tag":[],"class_list":{"0":"post-133118","1":"product","2":"type-product","3":"status-publish","4":"has-post-thumbnail","6":"product_cat-bidones-deportivos","7":"product_cat-articulos-para-bebidas","8":"pa_alto-185-cm","9":"pa_color-azul-azul","10":"pa_color-blanco-azul","11":"pa_color-blanco-verde","12":"pa_color-negro-intenso-negro-intenso","13":"pa_color-rojo-rojo","14":"pa_color-simple-azul","15":"pa_color-simple-blanco","16":"pa_color-simple-negro-intenso","17":"pa_color-simple-rojo","18":"pa_color-simple-verde","19":"pa_diametro-75-cm","20":"pa_marca-unbranded","21":"pa_material-plastico-hdpe-plastico-pp","22":"pa_peso-73-gr","24":"first","25":"instock","26":"taxable","27":"shipping-taxable","28":"purchasable","29":"product-type-variable","30":"entry","31":"content-bg","32":"loop-entry"},"yoast_head":"<!-- This site is optimized with the Yoast SEO plugin v26.3 - https:\/\/yoast.com\/wordpress\/plugins\/seo\/ -->\n<title>Merchandising Bid\u00f3n deportivo con tapa abatible de 500\u00a0ml para personalizar con logo - ADL<\/title>\n<meta name=\"description\" content=\"Art\u00edculo de merchandising Bid\u00f3n deportivo con tapa abatible de 500\u00a0ml &quot;Baseline Rise&quot;. Haz que tu mensaje destaque con el bid\u00f3n deportivo &quot;Baseline Rise&quot;. El dise\u00f1o se moldea en la botella para crear un efecto t\u00e1ctil en relieve. El bid\u00f3n deportivo de una sola pared tiene una capacidad de 500\u00a0ml y una tapa a prueba de derrames con cierre abatible. Puedes mezclar y combinar colores para crear el bid\u00f3n perfecto. Ponte en contacto con nosotros para obtener m\u00e1s informaci\u00f3n. Fabricado en el Reino Unido. Sin BPA. Cumple la norma EN12875-1 y se puede lavar en el lavavajillas.\" \/>\n<meta name=\"robots\" content=\"index, follow, max-snippet:-1, max-image-preview:large, max-video-preview:-1\" \/>\n<link rel=\"canonical\" href=\"https:\/\/adl-regalosempresa.com\/tiendaonline\/articulos\/merchandising\/bidon-deportivo-con-tapa-abatible-de-500-ml-para-personalizar-con-logo\/\" \/>\n<meta property=\"og:locale\" content=\"es_ES\" \/>\n<meta property=\"og:type\" content=\"article\" \/>\n<meta property=\"og:title\" content=\"Merchandising Bid\u00f3n deportivo con tapa abatible de 500\u00a0ml para personalizar con logo - ADL\" \/>\n<meta property=\"og:description\" content=\"Art\u00edculo de merchandising Bid\u00f3n deportivo con tapa abatible de 500\u00a0ml &quot;Baseline Rise&quot;. Haz que tu mensaje destaque con el bid\u00f3n deportivo &quot;Baseline Rise&quot;. El dise\u00f1o se moldea en la botella para crear un efecto t\u00e1ctil en relieve. El bid\u00f3n deportivo de una sola pared tiene una capacidad de 500\u00a0ml y una tapa a prueba de derrames con cierre abatible. Puedes mezclar y combinar colores para crear el bid\u00f3n perfecto. Ponte en contacto con nosotros para obtener m\u00e1s informaci\u00f3n. Fabricado en el Reino Unido. Sin BPA. Cumple la norma EN12875-1 y se puede lavar en el lavavajillas.\" \/>\n<meta property=\"og:url\" content=\"https:\/\/adl-regalosempresa.com\/tiendaonline\/articulos\/merchandising\/bidon-deportivo-con-tapa-abatible-de-500-ml-para-personalizar-con-logo\/\" \/>\n<meta property=\"og:site_name\" content=\"ADL Comunicaci\u00f3n\" \/>\n<meta property=\"article:modified_time\" content=\"2026-03-24T07:17:56+00:00\" \/>\n<meta property=\"og:image\" content=\"https:\/\/adl-regalosempresa.com\/tiendaonline\/wp-content\/uploads\/2024\/04\/21028901.jpg\" \/>\n\t<meta property=\"og:image:width\" content=\"1600\" \/>\n\t<meta property=\"og:image:height\" content=\"1600\" \/>\n\t<meta property=\"og:image:type\" content=\"image\/jpeg\" \/>\n<meta name=\"twitter:card\" content=\"summary_large_image\" \/>\n<meta name=\"twitter:title\" content=\"Merchandising Bid\u00f3n deportivo con tapa abatible de 500\u00a0ml para personalizar con logo - ADL\" \/>\n<script type=\"application\/ld+json\" class=\"yoast-schema-graph\">{\"@context\":\"https:\/\/schema.org\",\"@graph\":[{\"@type\":\"WebPage\",\"@id\":\"https:\/\/adl-regalosempresa.com\/tiendaonline\/articulos\/merchandising\/bidon-deportivo-con-tapa-abatible-de-500-ml-para-personalizar-con-logo\/\",\"url\":\"https:\/\/adl-regalosempresa.com\/tiendaonline\/articulos\/merchandising\/bidon-deportivo-con-tapa-abatible-de-500-ml-para-personalizar-con-logo\/\",\"name\":\"Merchandising Bid\u00f3n deportivo con tapa abatible de 500\u00a0ml para personalizar con logo - ADL\",\"isPartOf\":{\"@id\":\"https:\/\/adl-regalosempresa.com\/tiendaonline\/#website\"},\"primaryImageOfPage\":{\"@id\":\"https:\/\/adl-regalosempresa.com\/tiendaonline\/articulos\/merchandising\/bidon-deportivo-con-tapa-abatible-de-500-ml-para-personalizar-con-logo\/#primaryimage\"},\"image\":{\"@id\":\"https:\/\/adl-regalosempresa.com\/tiendaonline\/articulos\/merchandising\/bidon-deportivo-con-tapa-abatible-de-500-ml-para-personalizar-con-logo\/#primaryimage\"},\"thumbnailUrl\":\"https:\/\/adl-regalosempresa.com\/tiendaonline\/wp-content\/uploads\/2024\/04\/21028901.jpg\",\"datePublished\":\"2026-03-24T07:16:22+00:00\",\"dateModified\":\"2026-03-24T07:17:56+00:00\",\"description\":\"Art\u00edculo de merchandising Bid\u00f3n deportivo con tapa abatible de 500\u00a0ml \\\"Baseline Rise\\\". Haz que tu mensaje destaque con el bid\u00f3n deportivo \\\"Baseline Rise\\\". El dise\u00f1o se moldea en la botella para crear un efecto t\u00e1ctil en relieve. El bid\u00f3n deportivo de una sola pared tiene una capacidad de 500\u00a0ml y una tapa a prueba de derrames con cierre abatible. Puedes mezclar y combinar colores para crear el bid\u00f3n perfecto. Ponte en contacto con nosotros para obtener m\u00e1s informaci\u00f3n. Fabricado en el Reino Unido. Sin BPA. Cumple la norma EN12875-1 y se puede lavar en el lavavajillas.\",\"breadcrumb\":{\"@id\":\"https:\/\/adl-regalosempresa.com\/tiendaonline\/articulos\/merchandising\/bidon-deportivo-con-tapa-abatible-de-500-ml-para-personalizar-con-logo\/#breadcrumb\"},\"inLanguage\":\"es\",\"potentialAction\":[{\"@type\":\"ReadAction\",\"target\":[\"https:\/\/adl-regalosempresa.com\/tiendaonline\/articulos\/merchandising\/bidon-deportivo-con-tapa-abatible-de-500-ml-para-personalizar-con-logo\/\"]}]},{\"@type\":\"ImageObject\",\"inLanguage\":\"es\",\"@id\":\"https:\/\/adl-regalosempresa.com\/tiendaonline\/articulos\/merchandising\/bidon-deportivo-con-tapa-abatible-de-500-ml-para-personalizar-con-logo\/#primaryimage\",\"url\":\"https:\/\/adl-regalosempresa.com\/tiendaonline\/wp-content\/uploads\/2024\/04\/21028901.jpg\",\"contentUrl\":\"https:\/\/adl-regalosempresa.com\/tiendaonline\/wp-content\/uploads\/2024\/04\/21028901.jpg\",\"width\":1600,\"height\":1600,\"caption\":\"Bid\u00f3n deportivo con tapa abatible de 500\u00a0ml \\\"Baseline Rise\\\"\"},{\"@type\":\"BreadcrumbList\",\"@id\":\"https:\/\/adl-regalosempresa.com\/tiendaonline\/articulos\/merchandising\/bidon-deportivo-con-tapa-abatible-de-500-ml-para-personalizar-con-logo\/#breadcrumb\",\"itemListElement\":[{\"@type\":\"ListItem\",\"position\":1,\"name\":\"Portada\",\"item\":\"https:\/\/adl-regalosempresa.com\/tiendaonline\/\"},{\"@type\":\"ListItem\",\"position\":2,\"name\":\"Tienda\",\"item\":\"https:\/\/adl-regalosempresa.com\/tiendaonline\/tienda\/\"},{\"@type\":\"ListItem\",\"position\":3,\"name\":\"Bid\u00f3n deportivo con tapa abatible de 500\u00a0ml para personalizar con logo\"}]},{\"@type\":\"WebSite\",\"@id\":\"https:\/\/adl-regalosempresa.com\/tiendaonline\/#website\",\"url\":\"https:\/\/adl-regalosempresa.com\/tiendaonline\/\",\"name\":\"ADL Comunicaci\u00f3n\",\"description\":\"Regalos de empresa\",\"publisher\":{\"@id\":\"https:\/\/adl-regalosempresa.com\/tiendaonline\/#organization\"},\"potentialAction\":[{\"@type\":\"SearchAction\",\"target\":{\"@type\":\"EntryPoint\",\"urlTemplate\":\"https:\/\/adl-regalosempresa.com\/tiendaonline\/?s={search_term_string}\"},\"query-input\":{\"@type\":\"PropertyValueSpecification\",\"valueRequired\":true,\"valueName\":\"search_term_string\"}}],\"inLanguage\":\"es\"},{\"@type\":\"Organization\",\"@id\":\"https:\/\/adl-regalosempresa.com\/tiendaonline\/#organization\",\"name\":\"ADL Comunicaci\u00f3n\",\"url\":\"https:\/\/adl-regalosempresa.com\/tiendaonline\/\",\"logo\":{\"@type\":\"ImageObject\",\"inLanguage\":\"es\",\"@id\":\"https:\/\/adl-regalosempresa.com\/tiendaonline\/#\/schema\/logo\/image\/\",\"url\":\"https:\/\/adl-regalosempresa.com\/tiendaonline\/wp-content\/uploads\/2017\/09\/logo-adl-wp.png\",\"contentUrl\":\"https:\/\/adl-regalosempresa.com\/tiendaonline\/wp-content\/uploads\/2017\/09\/logo-adl-wp.png\",\"width\":407,\"height\":185,\"caption\":\"ADL Comunicaci\u00f3n\"},\"image\":{\"@id\":\"https:\/\/adl-regalosempresa.com\/tiendaonline\/#\/schema\/logo\/image\/\"}}]}<\/script>\n<!-- \/ Yoast SEO plugin. -->","yoast_head_json":{"title":"Merchandising Bid\u00f3n deportivo con tapa abatible de 500\u00a0ml para personalizar con logo - ADL","description":"Art\u00edculo de merchandising Bid\u00f3n deportivo con tapa abatible de 500\u00a0ml \"Baseline Rise\". Haz que tu mensaje destaque con el bid\u00f3n deportivo \"Baseline Rise\". El dise\u00f1o se moldea en la botella para crear un efecto t\u00e1ctil en relieve. El bid\u00f3n deportivo de una sola pared tiene una capacidad de 500\u00a0ml y una tapa a prueba de derrames con cierre abatible. Puedes mezclar y combinar colores para crear el bid\u00f3n perfecto. Ponte en contacto con nosotros para obtener m\u00e1s informaci\u00f3n. Fabricado en el Reino Unido. Sin BPA. Cumple la norma EN12875-1 y se puede lavar en el lavavajillas.","robots":{"index":"index","follow":"follow","max-snippet":"max-snippet:-1","max-image-preview":"max-image-preview:large","max-video-preview":"max-video-preview:-1"},"canonical":"https:\/\/adl-regalosempresa.com\/tiendaonline\/articulos\/merchandising\/bidon-deportivo-con-tapa-abatible-de-500-ml-para-personalizar-con-logo\/","og_locale":"es_ES","og_type":"article","og_title":"Merchandising Bid\u00f3n deportivo con tapa abatible de 500\u00a0ml para personalizar con logo - ADL","og_description":"Art\u00edculo de merchandising Bid\u00f3n deportivo con tapa abatible de 500\u00a0ml \"Baseline Rise\". Haz que tu mensaje destaque con el bid\u00f3n deportivo \"Baseline Rise\". El dise\u00f1o se moldea en la botella para crear un efecto t\u00e1ctil en relieve. El bid\u00f3n deportivo de una sola pared tiene una capacidad de 500\u00a0ml y una tapa a prueba de derrames con cierre abatible. Puedes mezclar y combinar colores para crear el bid\u00f3n perfecto. Ponte en contacto con nosotros para obtener m\u00e1s informaci\u00f3n. Fabricado en el Reino Unido. Sin BPA. Cumple la norma EN12875-1 y se puede lavar en el lavavajillas.","og_url":"https:\/\/adl-regalosempresa.com\/tiendaonline\/articulos\/merchandising\/bidon-deportivo-con-tapa-abatible-de-500-ml-para-personalizar-con-logo\/","og_site_name":"ADL Comunicaci\u00f3n","article_modified_time":"2026-03-24T07:17:56+00:00","og_image":[{"width":1600,"height":1600,"url":"https:\/\/adl-regalosempresa.com\/tiendaonline\/wp-content\/uploads\/2024\/04\/21028901.jpg","type":"image\/jpeg"}],"twitter_card":"summary_large_image","twitter_title":"Merchandising Bid\u00f3n deportivo con tapa abatible de 500\u00a0ml para personalizar con logo - ADL","schema":{"@context":"https:\/\/schema.org","@graph":[{"@type":"WebPage","@id":"https:\/\/adl-regalosempresa.com\/tiendaonline\/articulos\/merchandising\/bidon-deportivo-con-tapa-abatible-de-500-ml-para-personalizar-con-logo\/","url":"https:\/\/adl-regalosempresa.com\/tiendaonline\/articulos\/merchandising\/bidon-deportivo-con-tapa-abatible-de-500-ml-para-personalizar-con-logo\/","name":"Merchandising Bid\u00f3n deportivo con tapa abatible de 500\u00a0ml para personalizar con logo - ADL","isPartOf":{"@id":"https:\/\/adl-regalosempresa.com\/tiendaonline\/#website"},"primaryImageOfPage":{"@id":"https:\/\/adl-regalosempresa.com\/tiendaonline\/articulos\/merchandising\/bidon-deportivo-con-tapa-abatible-de-500-ml-para-personalizar-con-logo\/#primaryimage"},"image":{"@id":"https:\/\/adl-regalosempresa.com\/tiendaonline\/articulos\/merchandising\/bidon-deportivo-con-tapa-abatible-de-500-ml-para-personalizar-con-logo\/#primaryimage"},"thumbnailUrl":"https:\/\/adl-regalosempresa.com\/tiendaonline\/wp-content\/uploads\/2024\/04\/21028901.jpg","datePublished":"2026-03-24T07:16:22+00:00","dateModified":"2026-03-24T07:17:56+00:00","description":"Art\u00edculo de merchandising Bid\u00f3n deportivo con tapa abatible de 500\u00a0ml \"Baseline Rise\". Haz que tu mensaje destaque con el bid\u00f3n deportivo \"Baseline Rise\". El dise\u00f1o se moldea en la botella para crear un efecto t\u00e1ctil en relieve. El bid\u00f3n deportivo de una sola pared tiene una capacidad de 500\u00a0ml y una tapa a prueba de derrames con cierre abatible. Puedes mezclar y combinar colores para crear el bid\u00f3n perfecto. Ponte en contacto con nosotros para obtener m\u00e1s informaci\u00f3n. Fabricado en el Reino Unido. Sin BPA. Cumple la norma EN12875-1 y se puede lavar en el lavavajillas.","breadcrumb":{"@id":"https:\/\/adl-regalosempresa.com\/tiendaonline\/articulos\/merchandising\/bidon-deportivo-con-tapa-abatible-de-500-ml-para-personalizar-con-logo\/#breadcrumb"},"inLanguage":"es","potentialAction":[{"@type":"ReadAction","target":["https:\/\/adl-regalosempresa.com\/tiendaonline\/articulos\/merchandising\/bidon-deportivo-con-tapa-abatible-de-500-ml-para-personalizar-con-logo\/"]}]},{"@type":"ImageObject","inLanguage":"es","@id":"https:\/\/adl-regalosempresa.com\/tiendaonline\/articulos\/merchandising\/bidon-deportivo-con-tapa-abatible-de-500-ml-para-personalizar-con-logo\/#primaryimage","url":"https:\/\/adl-regalosempresa.com\/tiendaonline\/wp-content\/uploads\/2024\/04\/21028901.jpg","contentUrl":"https:\/\/adl-regalosempresa.com\/tiendaonline\/wp-content\/uploads\/2024\/04\/21028901.jpg","width":1600,"height":1600,"caption":"Bid\u00f3n deportivo con tapa abatible de 500\u00a0ml \"Baseline Rise\""},{"@type":"BreadcrumbList","@id":"https:\/\/adl-regalosempresa.com\/tiendaonline\/articulos\/merchandising\/bidon-deportivo-con-tapa-abatible-de-500-ml-para-personalizar-con-logo\/#breadcrumb","itemListElement":[{"@type":"ListItem","position":1,"name":"Portada","item":"https:\/\/adl-regalosempresa.com\/tiendaonline\/"},{"@type":"ListItem","position":2,"name":"Tienda","item":"https:\/\/adl-regalosempresa.com\/tiendaonline\/tienda\/"},{"@type":"ListItem","position":3,"name":"Bid\u00f3n deportivo con tapa abatible de 500\u00a0ml para personalizar con logo"}]},{"@type":"WebSite","@id":"https:\/\/adl-regalosempresa.com\/tiendaonline\/#website","url":"https:\/\/adl-regalosempresa.com\/tiendaonline\/","name":"ADL Comunicaci\u00f3n","description":"Regalos de empresa","publisher":{"@id":"https:\/\/adl-regalosempresa.com\/tiendaonline\/#organization"},"potentialAction":[{"@type":"SearchAction","target":{"@type":"EntryPoint","urlTemplate":"https:\/\/adl-regalosempresa.com\/tiendaonline\/?s={search_term_string}"},"query-input":{"@type":"PropertyValueSpecification","valueRequired":true,"valueName":"search_term_string"}}],"inLanguage":"es"},{"@type":"Organization","@id":"https:\/\/adl-regalosempresa.com\/tiendaonline\/#organization","name":"ADL Comunicaci\u00f3n","url":"https:\/\/adl-regalosempresa.com\/tiendaonline\/","logo":{"@type":"ImageObject","inLanguage":"es","@id":"https:\/\/adl-regalosempresa.com\/tiendaonline\/#\/schema\/logo\/image\/","url":"https:\/\/adl-regalosempresa.com\/tiendaonline\/wp-content\/uploads\/2017\/09\/logo-adl-wp.png","contentUrl":"https:\/\/adl-regalosempresa.com\/tiendaonline\/wp-content\/uploads\/2017\/09\/logo-adl-wp.png","width":407,"height":185,"caption":"ADL Comunicaci\u00f3n"},"image":{"@id":"https:\/\/adl-regalosempresa.com\/tiendaonline\/#\/schema\/logo\/image\/"}}]}},"_links":{"self":[{"href":"https:\/\/adl-regalosempresa.com\/tiendaonline\/wp-json\/wp\/v2\/product\/133118","targetHints":{"allow":["GET"]}}],"collection":[{"href":"https:\/\/adl-regalosempresa.com\/tiendaonline\/wp-json\/wp\/v2\/product"}],"about":[{"href":"https:\/\/adl-regalosempresa.com\/tiendaonline\/wp-json\/wp\/v2\/types\/product"}],"wp:featuredmedia":[{"embeddable":true,"href":"https:\/\/adl-regalosempresa.com\/tiendaonline\/wp-json\/wp\/v2\/media\/133120"}],"wp:attachment":[{"href":"https:\/\/adl-regalosempresa.com\/tiendaonline\/wp-json\/wp\/v2\/media?parent=133118"}],"wp:term":[{"taxonomy":"product_brand","embeddable":true,"href":"https:\/\/adl-regalosempresa.com\/tiendaonline\/wp-json\/wp\/v2\/product_brand?post=133118"},{"taxonomy":"product_cat","embeddable":true,"href":"https:\/\/adl-regalosempresa.com\/tiendaonline\/wp-json\/wp\/v2\/product_cat?post=133118"},{"taxonomy":"product_tag","embeddable":true,"href":"https:\/\/adl-regalosempresa.com\/tiendaonline\/wp-json\/wp\/v2\/product_tag?post=133118"}],"curies":[{"name":"wp","href":"https:\/\/api.w.org\/{rel}","templated":true}]}}