{"id":133084,"date":"2026-03-24T07:16:22","date_gmt":"2026-03-24T07:16:22","guid":{"rendered":"https:\/\/adl-regalosempresa.com\/tiendaonline\/articulos\/merchandising\/vaso-de-300-ml-con-tapa-de-360-americano-switch-renew-para-personalizar-con-logo\/"},"modified":"2026-03-24T07:17:56","modified_gmt":"2026-03-24T07:17:56","slug":"vaso-de-300-ml-con-tapa-de-360-americano-switch-renew-para-personalizar-con-logo","status":"publish","type":"product","link":"https:\/\/adl-regalosempresa.com\/tiendaonline\/articulos\/merchandising\/vaso-de-300-ml-con-tapa-de-360-americano-switch-renew-para-personalizar-con-logo\/","title":{"rendered":"Vaso de 300\u00a0ml con tapa de 360\u00b0 Americano\u00ae Switch Renew para personalizar con logo"},"content":{"rendered":"<p>Vaso de una sola pared con una capacidad de 300\u00a0ml \u00abAmericano\u00ae Switch Renew\u00bb. La innovadora tapa de 360\u00b0 permite beber desde cualquier lado del vaso y mejora cualquier experiencia de consumo al ofrecer un aroma m\u00e1s intenso de la bebida. El vaso contiene un 25\u00a0% de pl\u00e1stico derivado de la ca\u00f1a de az\u00facar, lo que reduce la necesidad de pl\u00e1stico virgen. La tapa y el vaso no contienen silicona ni BPA y son aptos para lavavajillas y microondas. Como parte de la l\u00ednea \u00abAmericano\u00ae Switch\u00bb, puedes personalizar tu vaso y a\u00f1adir la tapa y el asa que desees. Fabricado en Reino Unido y empaquetado en una bolsa reciclable.<\/p>\n","protected":false},"excerpt":{"rendered":"<p><strong>Descuentos por cantidades<\/strong><br \/>&#8211; a partir de 100 unidades: 2,86 \u20ac\/ud<br \/>&#8211; a partir de 250 unidades: 2,65 \u20ac\/ud<br \/>&#8211; a partir de 500 unidades: 2,55 \u20ac\/ud<\/p>\n<p>Para cantidades superiores a las aqu\u00ed indicadas, no dudes en ponerte en contacto con nuestro departamento comercial o <a href='https:\/\/adl-regalosempresa.com\/tiendaonline\/solicitud-presupuesto\/'>pedirnos presupuesto personalizado<\/a>, ajustaremos el presupuesto a tus necesidades.<\/p>\n","protected":false},"featured_media":133086,"template":"","meta":{"_kad_post_transparent":"","_kad_post_title":"","_kad_post_layout":"","_kad_post_sidebar_id":"","_kad_post_content_style":"","_kad_post_vertical_padding":"","_kad_post_feature":"","_kad_post_feature_position":"","_kad_post_header":false,"_kad_post_footer":false,"_kad_post_classname":""},"product_brand":[],"product_cat":[3936,3372],"product_tag":[],"class_list":{"0":"post-133084","1":"product","2":"type-product","3":"status-publish","4":"has-post-thumbnail","6":"product_cat-vasos-tazas-de-viaje","7":"product_cat-articulos-para-bebidas","8":"pa_alto-125-cm","9":"pa_color-azul-arrecife","10":"pa_color-blanco-marfil","11":"pa_color-granito","12":"pa_color-gris-piedra","13":"pa_color-rosa","14":"pa_color-verde-marino","15":"pa_color-simple-azul","16":"pa_color-simple-blanco","17":"pa_color-simple-gris","18":"pa_color-simple-rosa","19":"pa_color-simple-verde","20":"pa_diametro-87-cm","21":"pa_marca-unbranded","22":"pa_material-plastico-pp-bioplastico-de-cana-de-azucar","23":"pa_peso-77-gr","25":"first","26":"instock","27":"taxable","28":"shipping-taxable","29":"purchasable","30":"product-type-variable","31":"entry","32":"content-bg","33":"loop-entry"},"yoast_head":"<!-- This site is optimized with the Yoast SEO plugin v26.3 - https:\/\/yoast.com\/wordpress\/plugins\/seo\/ -->\n<title>Merchandising Vaso de 300\u00a0ml con tapa de 360\u00b0 Americano\u00ae Switch Renew para personalizar con logo - ADL<\/title>\n<meta name=\"description\" content=\"Art\u00edculo de merchandising Vaso de 300\u00a0ml con tapa de 360\u00b0 Americano\u00ae Switch Renew. Vaso de una sola pared con una capacidad de 300\u00a0ml &quot;Americano\u00ae Switch Renew&quot;. La innovadora tapa de 360\u00b0 permite beber desde cualquier lado del vaso y mejora cualquier experiencia de consumo al ofrecer un aroma m\u00e1s intenso de la bebida. El vaso contiene un 25\u00a0% de pl\u00e1stico derivado de la ca\u00f1a de az\u00facar, lo que reduce la necesidad de pl\u00e1stico virgen. La tapa y el vaso no contienen silicona ni BPA y son aptos para lavavajillas y microondas. Como parte de la l\u00ednea &quot;Americano\u00ae Switch&quot;, puedes personalizar tu vaso y a\u00f1adir la tapa y el asa que desees. Fabricado en Reino Unido y empaquetado en una bolsa reciclable.\" \/>\n<meta name=\"robots\" content=\"index, follow, max-snippet:-1, max-image-preview:large, max-video-preview:-1\" \/>\n<link rel=\"canonical\" href=\"https:\/\/adl-regalosempresa.com\/tiendaonline\/articulos\/merchandising\/vaso-de-300-ml-con-tapa-de-360-americano-switch-renew-para-personalizar-con-logo\/\" \/>\n<meta property=\"og:locale\" content=\"es_ES\" \/>\n<meta property=\"og:type\" content=\"article\" \/>\n<meta property=\"og:title\" content=\"Merchandising Vaso de 300\u00a0ml con tapa de 360\u00b0 Americano\u00ae Switch Renew para personalizar con logo - ADL\" \/>\n<meta property=\"og:description\" content=\"Art\u00edculo de merchandising Vaso de 300\u00a0ml con tapa de 360\u00b0 Americano\u00ae Switch Renew. Vaso de una sola pared con una capacidad de 300\u00a0ml &quot;Americano\u00ae Switch Renew&quot;. La innovadora tapa de 360\u00b0 permite beber desde cualquier lado del vaso y mejora cualquier experiencia de consumo al ofrecer un aroma m\u00e1s intenso de la bebida. El vaso contiene un 25\u00a0% de pl\u00e1stico derivado de la ca\u00f1a de az\u00facar, lo que reduce la necesidad de pl\u00e1stico virgen. La tapa y el vaso no contienen silicona ni BPA y son aptos para lavavajillas y microondas. Como parte de la l\u00ednea &quot;Americano\u00ae Switch&quot;, puedes personalizar tu vaso y a\u00f1adir la tapa y el asa que desees. Fabricado en Reino Unido y empaquetado en una bolsa reciclable.\" \/>\n<meta property=\"og:url\" content=\"https:\/\/adl-regalosempresa.com\/tiendaonline\/articulos\/merchandising\/vaso-de-300-ml-con-tapa-de-360-americano-switch-renew-para-personalizar-con-logo\/\" \/>\n<meta property=\"og:site_name\" content=\"ADL Comunicaci\u00f3n\" \/>\n<meta property=\"article:modified_time\" content=\"2026-03-24T07:17:56+00:00\" \/>\n<meta property=\"og:image\" content=\"https:\/\/adl-regalosempresa.com\/tiendaonline\/wp-content\/uploads\/2024\/04\/21028202.jpg\" \/>\n\t<meta property=\"og:image:width\" content=\"1600\" \/>\n\t<meta property=\"og:image:height\" content=\"1600\" \/>\n\t<meta property=\"og:image:type\" content=\"image\/jpeg\" \/>\n<meta name=\"twitter:card\" content=\"summary_large_image\" \/>\n<meta name=\"twitter:title\" content=\"Merchandising Vaso de 300\u00a0ml con tapa de 360\u00b0 Americano\u00ae Switch Renew para personalizar con logo - ADL\" \/>\n<meta name=\"twitter:label1\" content=\"Tiempo de lectura\" \/>\n\t<meta name=\"twitter:data1\" content=\"1 minuto\" \/>\n<script type=\"application\/ld+json\" class=\"yoast-schema-graph\">{\"@context\":\"https:\/\/schema.org\",\"@graph\":[{\"@type\":\"WebPage\",\"@id\":\"https:\/\/adl-regalosempresa.com\/tiendaonline\/articulos\/merchandising\/vaso-de-300-ml-con-tapa-de-360-americano-switch-renew-para-personalizar-con-logo\/\",\"url\":\"https:\/\/adl-regalosempresa.com\/tiendaonline\/articulos\/merchandising\/vaso-de-300-ml-con-tapa-de-360-americano-switch-renew-para-personalizar-con-logo\/\",\"name\":\"Merchandising Vaso de 300\u00a0ml con tapa de 360\u00b0 Americano\u00ae Switch Renew para personalizar con logo - ADL\",\"isPartOf\":{\"@id\":\"https:\/\/adl-regalosempresa.com\/tiendaonline\/#website\"},\"primaryImageOfPage\":{\"@id\":\"https:\/\/adl-regalosempresa.com\/tiendaonline\/articulos\/merchandising\/vaso-de-300-ml-con-tapa-de-360-americano-switch-renew-para-personalizar-con-logo\/#primaryimage\"},\"image\":{\"@id\":\"https:\/\/adl-regalosempresa.com\/tiendaonline\/articulos\/merchandising\/vaso-de-300-ml-con-tapa-de-360-americano-switch-renew-para-personalizar-con-logo\/#primaryimage\"},\"thumbnailUrl\":\"https:\/\/adl-regalosempresa.com\/tiendaonline\/wp-content\/uploads\/2024\/04\/21028202.jpg\",\"datePublished\":\"2026-03-24T07:16:22+00:00\",\"dateModified\":\"2026-03-24T07:17:56+00:00\",\"description\":\"Art\u00edculo de merchandising Vaso de 300\u00a0ml con tapa de 360\u00b0 Americano\u00ae Switch Renew. Vaso de una sola pared con una capacidad de 300\u00a0ml \\\"Americano\u00ae Switch Renew\\\". La innovadora tapa de 360\u00b0 permite beber desde cualquier lado del vaso y mejora cualquier experiencia de consumo al ofrecer un aroma m\u00e1s intenso de la bebida. El vaso contiene un 25\u00a0% de pl\u00e1stico derivado de la ca\u00f1a de az\u00facar, lo que reduce la necesidad de pl\u00e1stico virgen. La tapa y el vaso no contienen silicona ni BPA y son aptos para lavavajillas y microondas. Como parte de la l\u00ednea \\\"Americano\u00ae Switch\\\", puedes personalizar tu vaso y a\u00f1adir la tapa y el asa que desees. Fabricado en Reino Unido y empaquetado en una bolsa reciclable.\",\"breadcrumb\":{\"@id\":\"https:\/\/adl-regalosempresa.com\/tiendaonline\/articulos\/merchandising\/vaso-de-300-ml-con-tapa-de-360-americano-switch-renew-para-personalizar-con-logo\/#breadcrumb\"},\"inLanguage\":\"es\",\"potentialAction\":[{\"@type\":\"ReadAction\",\"target\":[\"https:\/\/adl-regalosempresa.com\/tiendaonline\/articulos\/merchandising\/vaso-de-300-ml-con-tapa-de-360-americano-switch-renew-para-personalizar-con-logo\/\"]}]},{\"@type\":\"ImageObject\",\"inLanguage\":\"es\",\"@id\":\"https:\/\/adl-regalosempresa.com\/tiendaonline\/articulos\/merchandising\/vaso-de-300-ml-con-tapa-de-360-americano-switch-renew-para-personalizar-con-logo\/#primaryimage\",\"url\":\"https:\/\/adl-regalosempresa.com\/tiendaonline\/wp-content\/uploads\/2024\/04\/21028202.jpg\",\"contentUrl\":\"https:\/\/adl-regalosempresa.com\/tiendaonline\/wp-content\/uploads\/2024\/04\/21028202.jpg\",\"width\":1600,\"height\":1600,\"caption\":\"Vaso de 300\u00a0ml con tapa de 360\u00b0 Americano\u00ae Switch Renew\"},{\"@type\":\"BreadcrumbList\",\"@id\":\"https:\/\/adl-regalosempresa.com\/tiendaonline\/articulos\/merchandising\/vaso-de-300-ml-con-tapa-de-360-americano-switch-renew-para-personalizar-con-logo\/#breadcrumb\",\"itemListElement\":[{\"@type\":\"ListItem\",\"position\":1,\"name\":\"Portada\",\"item\":\"https:\/\/adl-regalosempresa.com\/tiendaonline\/\"},{\"@type\":\"ListItem\",\"position\":2,\"name\":\"Tienda\",\"item\":\"https:\/\/adl-regalosempresa.com\/tiendaonline\/tienda\/\"},{\"@type\":\"ListItem\",\"position\":3,\"name\":\"Vaso de 300\u00a0ml con tapa de 360\u00b0 Americano\u00ae Switch Renew para personalizar con logo\"}]},{\"@type\":\"WebSite\",\"@id\":\"https:\/\/adl-regalosempresa.com\/tiendaonline\/#website\",\"url\":\"https:\/\/adl-regalosempresa.com\/tiendaonline\/\",\"name\":\"ADL Comunicaci\u00f3n\",\"description\":\"Regalos de empresa\",\"publisher\":{\"@id\":\"https:\/\/adl-regalosempresa.com\/tiendaonline\/#organization\"},\"potentialAction\":[{\"@type\":\"SearchAction\",\"target\":{\"@type\":\"EntryPoint\",\"urlTemplate\":\"https:\/\/adl-regalosempresa.com\/tiendaonline\/?s={search_term_string}\"},\"query-input\":{\"@type\":\"PropertyValueSpecification\",\"valueRequired\":true,\"valueName\":\"search_term_string\"}}],\"inLanguage\":\"es\"},{\"@type\":\"Organization\",\"@id\":\"https:\/\/adl-regalosempresa.com\/tiendaonline\/#organization\",\"name\":\"ADL Comunicaci\u00f3n\",\"url\":\"https:\/\/adl-regalosempresa.com\/tiendaonline\/\",\"logo\":{\"@type\":\"ImageObject\",\"inLanguage\":\"es\",\"@id\":\"https:\/\/adl-regalosempresa.com\/tiendaonline\/#\/schema\/logo\/image\/\",\"url\":\"https:\/\/adl-regalosempresa.com\/tiendaonline\/wp-content\/uploads\/2017\/09\/logo-adl-wp.png\",\"contentUrl\":\"https:\/\/adl-regalosempresa.com\/tiendaonline\/wp-content\/uploads\/2017\/09\/logo-adl-wp.png\",\"width\":407,\"height\":185,\"caption\":\"ADL Comunicaci\u00f3n\"},\"image\":{\"@id\":\"https:\/\/adl-regalosempresa.com\/tiendaonline\/#\/schema\/logo\/image\/\"}}]}<\/script>\n<!-- \/ Yoast SEO plugin. -->","yoast_head_json":{"title":"Merchandising Vaso de 300\u00a0ml con tapa de 360\u00b0 Americano\u00ae Switch Renew para personalizar con logo - ADL","description":"Art\u00edculo de merchandising Vaso de 300\u00a0ml con tapa de 360\u00b0 Americano\u00ae Switch Renew. Vaso de una sola pared con una capacidad de 300\u00a0ml \"Americano\u00ae Switch Renew\". La innovadora tapa de 360\u00b0 permite beber desde cualquier lado del vaso y mejora cualquier experiencia de consumo al ofrecer un aroma m\u00e1s intenso de la bebida. El vaso contiene un 25\u00a0% de pl\u00e1stico derivado de la ca\u00f1a de az\u00facar, lo que reduce la necesidad de pl\u00e1stico virgen. La tapa y el vaso no contienen silicona ni BPA y son aptos para lavavajillas y microondas. Como parte de la l\u00ednea \"Americano\u00ae Switch\", puedes personalizar tu vaso y a\u00f1adir la tapa y el asa que desees. Fabricado en Reino Unido y empaquetado en una bolsa reciclable.","robots":{"index":"index","follow":"follow","max-snippet":"max-snippet:-1","max-image-preview":"max-image-preview:large","max-video-preview":"max-video-preview:-1"},"canonical":"https:\/\/adl-regalosempresa.com\/tiendaonline\/articulos\/merchandising\/vaso-de-300-ml-con-tapa-de-360-americano-switch-renew-para-personalizar-con-logo\/","og_locale":"es_ES","og_type":"article","og_title":"Merchandising Vaso de 300\u00a0ml con tapa de 360\u00b0 Americano\u00ae Switch Renew para personalizar con logo - ADL","og_description":"Art\u00edculo de merchandising Vaso de 300\u00a0ml con tapa de 360\u00b0 Americano\u00ae Switch Renew. Vaso de una sola pared con una capacidad de 300\u00a0ml \"Americano\u00ae Switch Renew\". La innovadora tapa de 360\u00b0 permite beber desde cualquier lado del vaso y mejora cualquier experiencia de consumo al ofrecer un aroma m\u00e1s intenso de la bebida. El vaso contiene un 25\u00a0% de pl\u00e1stico derivado de la ca\u00f1a de az\u00facar, lo que reduce la necesidad de pl\u00e1stico virgen. La tapa y el vaso no contienen silicona ni BPA y son aptos para lavavajillas y microondas. Como parte de la l\u00ednea \"Americano\u00ae Switch\", puedes personalizar tu vaso y a\u00f1adir la tapa y el asa que desees. Fabricado en Reino Unido y empaquetado en una bolsa reciclable.","og_url":"https:\/\/adl-regalosempresa.com\/tiendaonline\/articulos\/merchandising\/vaso-de-300-ml-con-tapa-de-360-americano-switch-renew-para-personalizar-con-logo\/","og_site_name":"ADL Comunicaci\u00f3n","article_modified_time":"2026-03-24T07:17:56+00:00","og_image":[{"width":1600,"height":1600,"url":"https:\/\/adl-regalosempresa.com\/tiendaonline\/wp-content\/uploads\/2024\/04\/21028202.jpg","type":"image\/jpeg"}],"twitter_card":"summary_large_image","twitter_title":"Merchandising Vaso de 300\u00a0ml con tapa de 360\u00b0 Americano\u00ae Switch Renew para personalizar con logo - ADL","twitter_misc":{"Tiempo de lectura":"1 minuto"},"schema":{"@context":"https:\/\/schema.org","@graph":[{"@type":"WebPage","@id":"https:\/\/adl-regalosempresa.com\/tiendaonline\/articulos\/merchandising\/vaso-de-300-ml-con-tapa-de-360-americano-switch-renew-para-personalizar-con-logo\/","url":"https:\/\/adl-regalosempresa.com\/tiendaonline\/articulos\/merchandising\/vaso-de-300-ml-con-tapa-de-360-americano-switch-renew-para-personalizar-con-logo\/","name":"Merchandising Vaso de 300\u00a0ml con tapa de 360\u00b0 Americano\u00ae Switch Renew para personalizar con logo - ADL","isPartOf":{"@id":"https:\/\/adl-regalosempresa.com\/tiendaonline\/#website"},"primaryImageOfPage":{"@id":"https:\/\/adl-regalosempresa.com\/tiendaonline\/articulos\/merchandising\/vaso-de-300-ml-con-tapa-de-360-americano-switch-renew-para-personalizar-con-logo\/#primaryimage"},"image":{"@id":"https:\/\/adl-regalosempresa.com\/tiendaonline\/articulos\/merchandising\/vaso-de-300-ml-con-tapa-de-360-americano-switch-renew-para-personalizar-con-logo\/#primaryimage"},"thumbnailUrl":"https:\/\/adl-regalosempresa.com\/tiendaonline\/wp-content\/uploads\/2024\/04\/21028202.jpg","datePublished":"2026-03-24T07:16:22+00:00","dateModified":"2026-03-24T07:17:56+00:00","description":"Art\u00edculo de merchandising Vaso de 300\u00a0ml con tapa de 360\u00b0 Americano\u00ae Switch Renew. Vaso de una sola pared con una capacidad de 300\u00a0ml \"Americano\u00ae Switch Renew\". La innovadora tapa de 360\u00b0 permite beber desde cualquier lado del vaso y mejora cualquier experiencia de consumo al ofrecer un aroma m\u00e1s intenso de la bebida. El vaso contiene un 25\u00a0% de pl\u00e1stico derivado de la ca\u00f1a de az\u00facar, lo que reduce la necesidad de pl\u00e1stico virgen. La tapa y el vaso no contienen silicona ni BPA y son aptos para lavavajillas y microondas. Como parte de la l\u00ednea \"Americano\u00ae Switch\", puedes personalizar tu vaso y a\u00f1adir la tapa y el asa que desees. Fabricado en Reino Unido y empaquetado en una bolsa reciclable.","breadcrumb":{"@id":"https:\/\/adl-regalosempresa.com\/tiendaonline\/articulos\/merchandising\/vaso-de-300-ml-con-tapa-de-360-americano-switch-renew-para-personalizar-con-logo\/#breadcrumb"},"inLanguage":"es","potentialAction":[{"@type":"ReadAction","target":["https:\/\/adl-regalosempresa.com\/tiendaonline\/articulos\/merchandising\/vaso-de-300-ml-con-tapa-de-360-americano-switch-renew-para-personalizar-con-logo\/"]}]},{"@type":"ImageObject","inLanguage":"es","@id":"https:\/\/adl-regalosempresa.com\/tiendaonline\/articulos\/merchandising\/vaso-de-300-ml-con-tapa-de-360-americano-switch-renew-para-personalizar-con-logo\/#primaryimage","url":"https:\/\/adl-regalosempresa.com\/tiendaonline\/wp-content\/uploads\/2024\/04\/21028202.jpg","contentUrl":"https:\/\/adl-regalosempresa.com\/tiendaonline\/wp-content\/uploads\/2024\/04\/21028202.jpg","width":1600,"height":1600,"caption":"Vaso de 300\u00a0ml con tapa de 360\u00b0 Americano\u00ae Switch Renew"},{"@type":"BreadcrumbList","@id":"https:\/\/adl-regalosempresa.com\/tiendaonline\/articulos\/merchandising\/vaso-de-300-ml-con-tapa-de-360-americano-switch-renew-para-personalizar-con-logo\/#breadcrumb","itemListElement":[{"@type":"ListItem","position":1,"name":"Portada","item":"https:\/\/adl-regalosempresa.com\/tiendaonline\/"},{"@type":"ListItem","position":2,"name":"Tienda","item":"https:\/\/adl-regalosempresa.com\/tiendaonline\/tienda\/"},{"@type":"ListItem","position":3,"name":"Vaso de 300\u00a0ml con tapa de 360\u00b0 Americano\u00ae Switch Renew para personalizar con logo"}]},{"@type":"WebSite","@id":"https:\/\/adl-regalosempresa.com\/tiendaonline\/#website","url":"https:\/\/adl-regalosempresa.com\/tiendaonline\/","name":"ADL Comunicaci\u00f3n","description":"Regalos de empresa","publisher":{"@id":"https:\/\/adl-regalosempresa.com\/tiendaonline\/#organization"},"potentialAction":[{"@type":"SearchAction","target":{"@type":"EntryPoint","urlTemplate":"https:\/\/adl-regalosempresa.com\/tiendaonline\/?s={search_term_string}"},"query-input":{"@type":"PropertyValueSpecification","valueRequired":true,"valueName":"search_term_string"}}],"inLanguage":"es"},{"@type":"Organization","@id":"https:\/\/adl-regalosempresa.com\/tiendaonline\/#organization","name":"ADL Comunicaci\u00f3n","url":"https:\/\/adl-regalosempresa.com\/tiendaonline\/","logo":{"@type":"ImageObject","inLanguage":"es","@id":"https:\/\/adl-regalosempresa.com\/tiendaonline\/#\/schema\/logo\/image\/","url":"https:\/\/adl-regalosempresa.com\/tiendaonline\/wp-content\/uploads\/2017\/09\/logo-adl-wp.png","contentUrl":"https:\/\/adl-regalosempresa.com\/tiendaonline\/wp-content\/uploads\/2017\/09\/logo-adl-wp.png","width":407,"height":185,"caption":"ADL Comunicaci\u00f3n"},"image":{"@id":"https:\/\/adl-regalosempresa.com\/tiendaonline\/#\/schema\/logo\/image\/"}}]}},"_links":{"self":[{"href":"https:\/\/adl-regalosempresa.com\/tiendaonline\/wp-json\/wp\/v2\/product\/133084","targetHints":{"allow":["GET"]}}],"collection":[{"href":"https:\/\/adl-regalosempresa.com\/tiendaonline\/wp-json\/wp\/v2\/product"}],"about":[{"href":"https:\/\/adl-regalosempresa.com\/tiendaonline\/wp-json\/wp\/v2\/types\/product"}],"wp:featuredmedia":[{"embeddable":true,"href":"https:\/\/adl-regalosempresa.com\/tiendaonline\/wp-json\/wp\/v2\/media\/133086"}],"wp:attachment":[{"href":"https:\/\/adl-regalosempresa.com\/tiendaonline\/wp-json\/wp\/v2\/media?parent=133084"}],"wp:term":[{"taxonomy":"product_brand","embeddable":true,"href":"https:\/\/adl-regalosempresa.com\/tiendaonline\/wp-json\/wp\/v2\/product_brand?post=133084"},{"taxonomy":"product_cat","embeddable":true,"href":"https:\/\/adl-regalosempresa.com\/tiendaonline\/wp-json\/wp\/v2\/product_cat?post=133084"},{"taxonomy":"product_tag","embeddable":true,"href":"https:\/\/adl-regalosempresa.com\/tiendaonline\/wp-json\/wp\/v2\/product_tag?post=133084"}],"curies":[{"name":"wp","href":"https:\/\/api.w.org\/{rel}","templated":true}]}}