{"id":132592,"date":"2026-03-24T07:32:04","date_gmt":"2026-03-24T07:32:04","guid":{"rendered":"https:\/\/adl-regalosempresa.com\/tiendaonline\/articulos\/merchandising\/set-de-viaje-infantil-para-personalizar-con-logo\/"},"modified":"2026-03-24T07:34:23","modified_gmt":"2026-03-24T07:34:23","slug":"set-de-viaje-infantil-para-personalizar-con-logo","status":"publish","type":"product","link":"https:\/\/adl-regalosempresa.com\/tiendaonline\/articulos\/merchandising\/set-de-viaje-infantil-para-personalizar-con-logo\/","title":{"rendered":"Set de viaje infantil  para personalizar con logo"},"content":{"rendered":"<p>El set de viaje para ni\u00f1os \u00abMyKit\u00bb contiene los productos necesarios para curar heridas leves, as\u00ed como pulseras antimareo para aliviar el malestar asociado a los viajes. Contenido: Doce ap\u00f3sitos para ni\u00f1os, dos toallitas refrescantes y dos pulseras antimareo. Todos los productos de primeros auxilios y cuidado del kit cumplen con las normativas vigentes en la UE. El precio incluye impresi\u00f3n a todo color.<\/p>\n","protected":false},"excerpt":{"rendered":"<p><strong>Descuentos por cantidades<\/strong><br \/>&#8211; a partir de 250 unidades: 7,26 \u20ac\/ud<br \/>&#8211; a partir de 500 unidades: 6,9 \u20ac\/ud<br \/>&#8211; a partir de 1000 unidades: 6,56 \u20ac\/ud<\/p>\n<p>Para cantidades superiores a las aqu\u00ed indicadas, no dudes en ponerte en contacto con nuestro departamento comercial o <a href='https:\/\/adl-regalosempresa.com\/tiendaonline\/solicitud-presupuesto\/'>pedirnos presupuesto personalizado<\/a>, ajustaremos el presupuesto a tus necesidades.<\/p>\n","protected":false},"featured_media":132594,"template":"","meta":{"_kad_post_transparent":"","_kad_post_title":"","_kad_post_layout":"","_kad_post_sidebar_id":"","_kad_post_content_style":"","_kad_post_vertical_padding":"","_kad_post_feature":"","_kad_post_feature_position":"","_kad_post_header":false,"_kad_post_footer":false,"_kad_post_classname":""},"product_brand":[],"product_cat":[4130,4129],"product_tag":[],"class_list":{"0":"post-132592","1":"product","2":"type-product","3":"status-publish","4":"has-post-thumbnail","6":"product_cat-kits-de-primeros-auxilios","7":"product_cat-salud-y-cuidado-personal","8":"pa_alto-134-cm","9":"pa_ancho-3-cm","10":"pa_color-amarillo-transparente","11":"pa_color-azul-transparente","12":"pa_color-blanco-transparente","13":"pa_color-magenta-transparente","14":"pa_color-naranja-transparente","15":"pa_color-negro-transparente","16":"pa_color-rojo-transparente","17":"pa_color-verde-transparente","18":"pa_color-simple-amarillo","19":"pa_color-simple-azul","20":"pa_color-simple-blanco","21":"pa_color-simple-naranja","22":"pa_color-simple-negro-intenso","23":"pa_color-simple-rojo","24":"pa_color-simple-rosa","25":"pa_color-simple-verde","26":"pa_largo-10-cm","27":"pa_marca-mykit","28":"pa_material-plastico-pp","29":"pa_peso-95-gr","31":"first","32":"instock","33":"taxable","34":"shipping-taxable","35":"purchasable","36":"product-type-variable","37":"entry","38":"content-bg","39":"loop-entry"},"yoast_head":"<!-- This site is optimized with the Yoast SEO plugin v26.3 - https:\/\/yoast.com\/wordpress\/plugins\/seo\/ -->\n<title>Merchandising Set de viaje infantil para personalizar con logo - ADL<\/title>\n<meta name=\"description\" content=\"Art\u00edculo de merchandising Set de viaje infantil &quot;MyKit&quot;. El set de viaje para ni\u00f1os &quot;MyKit&quot; contiene los productos necesarios para curar heridas leves, as\u00ed como pulseras antimareo para aliviar el malestar asociado a los viajes. Contenido: Doce ap\u00f3sitos para ni\u00f1os, dos toallitas refrescantes y dos pulseras antimareo. Todos los productos de primeros auxilios y cuidado del kit cumplen con las normativas vigentes en la UE. El precio incluye impresi\u00f3n a todo color.\" \/>\n<meta name=\"robots\" content=\"index, follow, max-snippet:-1, max-image-preview:large, max-video-preview:-1\" \/>\n<link rel=\"canonical\" href=\"https:\/\/adl-regalosempresa.com\/tiendaonline\/articulos\/merchandising\/set-de-viaje-infantil-para-personalizar-con-logo\/\" \/>\n<meta property=\"og:locale\" content=\"es_ES\" \/>\n<meta property=\"og:type\" content=\"article\" \/>\n<meta property=\"og:title\" content=\"Merchandising Set de viaje infantil para personalizar con logo - ADL\" \/>\n<meta property=\"og:description\" content=\"Art\u00edculo de merchandising Set de viaje infantil &quot;MyKit&quot;. El set de viaje para ni\u00f1os &quot;MyKit&quot; contiene los productos necesarios para curar heridas leves, as\u00ed como pulseras antimareo para aliviar el malestar asociado a los viajes. Contenido: Doce ap\u00f3sitos para ni\u00f1os, dos toallitas refrescantes y dos pulseras antimareo. Todos los productos de primeros auxilios y cuidado del kit cumplen con las normativas vigentes en la UE. El precio incluye impresi\u00f3n a todo color.\" \/>\n<meta property=\"og:url\" content=\"https:\/\/adl-regalosempresa.com\/tiendaonline\/articulos\/merchandising\/set-de-viaje-infantil-para-personalizar-con-logo\/\" \/>\n<meta property=\"og:site_name\" content=\"ADL Comunicaci\u00f3n\" \/>\n<meta property=\"article:modified_time\" content=\"2026-03-24T07:34:23+00:00\" \/>\n<meta property=\"og:image\" content=\"https:\/\/adl-regalosempresa.com\/tiendaonline\/wp-content\/uploads\/2024\/02\/1Z262901.jpg\" \/>\n\t<meta property=\"og:image:width\" content=\"1600\" \/>\n\t<meta property=\"og:image:height\" content=\"1600\" \/>\n\t<meta property=\"og:image:type\" content=\"image\/jpeg\" \/>\n<meta name=\"twitter:card\" content=\"summary_large_image\" \/>\n<meta name=\"twitter:title\" content=\"Merchandising Set de viaje infantil para personalizar con logo - ADL\" \/>\n<script type=\"application\/ld+json\" class=\"yoast-schema-graph\">{\"@context\":\"https:\/\/schema.org\",\"@graph\":[{\"@type\":\"WebPage\",\"@id\":\"https:\/\/adl-regalosempresa.com\/tiendaonline\/articulos\/merchandising\/set-de-viaje-infantil-para-personalizar-con-logo\/\",\"url\":\"https:\/\/adl-regalosempresa.com\/tiendaonline\/articulos\/merchandising\/set-de-viaje-infantil-para-personalizar-con-logo\/\",\"name\":\"Merchandising Set de viaje infantil para personalizar con logo - ADL\",\"isPartOf\":{\"@id\":\"https:\/\/adl-regalosempresa.com\/tiendaonline\/#website\"},\"primaryImageOfPage\":{\"@id\":\"https:\/\/adl-regalosempresa.com\/tiendaonline\/articulos\/merchandising\/set-de-viaje-infantil-para-personalizar-con-logo\/#primaryimage\"},\"image\":{\"@id\":\"https:\/\/adl-regalosempresa.com\/tiendaonline\/articulos\/merchandising\/set-de-viaje-infantil-para-personalizar-con-logo\/#primaryimage\"},\"thumbnailUrl\":\"https:\/\/adl-regalosempresa.com\/tiendaonline\/wp-content\/uploads\/2024\/02\/1Z262901.jpg\",\"datePublished\":\"2026-03-24T07:32:04+00:00\",\"dateModified\":\"2026-03-24T07:34:23+00:00\",\"description\":\"Art\u00edculo de merchandising Set de viaje infantil \\\"MyKit\\\". El set de viaje para ni\u00f1os \\\"MyKit\\\" contiene los productos necesarios para curar heridas leves, as\u00ed como pulseras antimareo para aliviar el malestar asociado a los viajes. Contenido: Doce ap\u00f3sitos para ni\u00f1os, dos toallitas refrescantes y dos pulseras antimareo. Todos los productos de primeros auxilios y cuidado del kit cumplen con las normativas vigentes en la UE. El precio incluye impresi\u00f3n a todo color.\",\"breadcrumb\":{\"@id\":\"https:\/\/adl-regalosempresa.com\/tiendaonline\/articulos\/merchandising\/set-de-viaje-infantil-para-personalizar-con-logo\/#breadcrumb\"},\"inLanguage\":\"es\",\"potentialAction\":[{\"@type\":\"ReadAction\",\"target\":[\"https:\/\/adl-regalosempresa.com\/tiendaonline\/articulos\/merchandising\/set-de-viaje-infantil-para-personalizar-con-logo\/\"]}]},{\"@type\":\"ImageObject\",\"inLanguage\":\"es\",\"@id\":\"https:\/\/adl-regalosempresa.com\/tiendaonline\/articulos\/merchandising\/set-de-viaje-infantil-para-personalizar-con-logo\/#primaryimage\",\"url\":\"https:\/\/adl-regalosempresa.com\/tiendaonline\/wp-content\/uploads\/2024\/02\/1Z262901.jpg\",\"contentUrl\":\"https:\/\/adl-regalosempresa.com\/tiendaonline\/wp-content\/uploads\/2024\/02\/1Z262901.jpg\",\"width\":1600,\"height\":1600,\"caption\":\"Set de viaje infantil \\\"MyKit\\\"\"},{\"@type\":\"BreadcrumbList\",\"@id\":\"https:\/\/adl-regalosempresa.com\/tiendaonline\/articulos\/merchandising\/set-de-viaje-infantil-para-personalizar-con-logo\/#breadcrumb\",\"itemListElement\":[{\"@type\":\"ListItem\",\"position\":1,\"name\":\"Portada\",\"item\":\"https:\/\/adl-regalosempresa.com\/tiendaonline\/\"},{\"@type\":\"ListItem\",\"position\":2,\"name\":\"Tienda\",\"item\":\"https:\/\/adl-regalosempresa.com\/tiendaonline\/tienda\/\"},{\"@type\":\"ListItem\",\"position\":3,\"name\":\"Set de viaje infantil para personalizar con logo\"}]},{\"@type\":\"WebSite\",\"@id\":\"https:\/\/adl-regalosempresa.com\/tiendaonline\/#website\",\"url\":\"https:\/\/adl-regalosempresa.com\/tiendaonline\/\",\"name\":\"ADL Comunicaci\u00f3n\",\"description\":\"Regalos de empresa\",\"publisher\":{\"@id\":\"https:\/\/adl-regalosempresa.com\/tiendaonline\/#organization\"},\"potentialAction\":[{\"@type\":\"SearchAction\",\"target\":{\"@type\":\"EntryPoint\",\"urlTemplate\":\"https:\/\/adl-regalosempresa.com\/tiendaonline\/?s={search_term_string}\"},\"query-input\":{\"@type\":\"PropertyValueSpecification\",\"valueRequired\":true,\"valueName\":\"search_term_string\"}}],\"inLanguage\":\"es\"},{\"@type\":\"Organization\",\"@id\":\"https:\/\/adl-regalosempresa.com\/tiendaonline\/#organization\",\"name\":\"ADL Comunicaci\u00f3n\",\"url\":\"https:\/\/adl-regalosempresa.com\/tiendaonline\/\",\"logo\":{\"@type\":\"ImageObject\",\"inLanguage\":\"es\",\"@id\":\"https:\/\/adl-regalosempresa.com\/tiendaonline\/#\/schema\/logo\/image\/\",\"url\":\"https:\/\/adl-regalosempresa.com\/tiendaonline\/wp-content\/uploads\/2017\/09\/logo-adl-wp.png\",\"contentUrl\":\"https:\/\/adl-regalosempresa.com\/tiendaonline\/wp-content\/uploads\/2017\/09\/logo-adl-wp.png\",\"width\":407,\"height\":185,\"caption\":\"ADL Comunicaci\u00f3n\"},\"image\":{\"@id\":\"https:\/\/adl-regalosempresa.com\/tiendaonline\/#\/schema\/logo\/image\/\"}}]}<\/script>\n<!-- \/ Yoast SEO plugin. -->","yoast_head_json":{"title":"Merchandising Set de viaje infantil para personalizar con logo - ADL","description":"Art\u00edculo de merchandising Set de viaje infantil \"MyKit\". El set de viaje para ni\u00f1os \"MyKit\" contiene los productos necesarios para curar heridas leves, as\u00ed como pulseras antimareo para aliviar el malestar asociado a los viajes. Contenido: Doce ap\u00f3sitos para ni\u00f1os, dos toallitas refrescantes y dos pulseras antimareo. Todos los productos de primeros auxilios y cuidado del kit cumplen con las normativas vigentes en la UE. El precio incluye impresi\u00f3n a todo color.","robots":{"index":"index","follow":"follow","max-snippet":"max-snippet:-1","max-image-preview":"max-image-preview:large","max-video-preview":"max-video-preview:-1"},"canonical":"https:\/\/adl-regalosempresa.com\/tiendaonline\/articulos\/merchandising\/set-de-viaje-infantil-para-personalizar-con-logo\/","og_locale":"es_ES","og_type":"article","og_title":"Merchandising Set de viaje infantil para personalizar con logo - ADL","og_description":"Art\u00edculo de merchandising Set de viaje infantil \"MyKit\". El set de viaje para ni\u00f1os \"MyKit\" contiene los productos necesarios para curar heridas leves, as\u00ed como pulseras antimareo para aliviar el malestar asociado a los viajes. Contenido: Doce ap\u00f3sitos para ni\u00f1os, dos toallitas refrescantes y dos pulseras antimareo. Todos los productos de primeros auxilios y cuidado del kit cumplen con las normativas vigentes en la UE. El precio incluye impresi\u00f3n a todo color.","og_url":"https:\/\/adl-regalosempresa.com\/tiendaonline\/articulos\/merchandising\/set-de-viaje-infantil-para-personalizar-con-logo\/","og_site_name":"ADL Comunicaci\u00f3n","article_modified_time":"2026-03-24T07:34:23+00:00","og_image":[{"width":1600,"height":1600,"url":"https:\/\/adl-regalosempresa.com\/tiendaonline\/wp-content\/uploads\/2024\/02\/1Z262901.jpg","type":"image\/jpeg"}],"twitter_card":"summary_large_image","twitter_title":"Merchandising Set de viaje infantil para personalizar con logo - ADL","schema":{"@context":"https:\/\/schema.org","@graph":[{"@type":"WebPage","@id":"https:\/\/adl-regalosempresa.com\/tiendaonline\/articulos\/merchandising\/set-de-viaje-infantil-para-personalizar-con-logo\/","url":"https:\/\/adl-regalosempresa.com\/tiendaonline\/articulos\/merchandising\/set-de-viaje-infantil-para-personalizar-con-logo\/","name":"Merchandising Set de viaje infantil para personalizar con logo - ADL","isPartOf":{"@id":"https:\/\/adl-regalosempresa.com\/tiendaonline\/#website"},"primaryImageOfPage":{"@id":"https:\/\/adl-regalosempresa.com\/tiendaonline\/articulos\/merchandising\/set-de-viaje-infantil-para-personalizar-con-logo\/#primaryimage"},"image":{"@id":"https:\/\/adl-regalosempresa.com\/tiendaonline\/articulos\/merchandising\/set-de-viaje-infantil-para-personalizar-con-logo\/#primaryimage"},"thumbnailUrl":"https:\/\/adl-regalosempresa.com\/tiendaonline\/wp-content\/uploads\/2024\/02\/1Z262901.jpg","datePublished":"2026-03-24T07:32:04+00:00","dateModified":"2026-03-24T07:34:23+00:00","description":"Art\u00edculo de merchandising Set de viaje infantil \"MyKit\". El set de viaje para ni\u00f1os \"MyKit\" contiene los productos necesarios para curar heridas leves, as\u00ed como pulseras antimareo para aliviar el malestar asociado a los viajes. Contenido: Doce ap\u00f3sitos para ni\u00f1os, dos toallitas refrescantes y dos pulseras antimareo. Todos los productos de primeros auxilios y cuidado del kit cumplen con las normativas vigentes en la UE. El precio incluye impresi\u00f3n a todo color.","breadcrumb":{"@id":"https:\/\/adl-regalosempresa.com\/tiendaonline\/articulos\/merchandising\/set-de-viaje-infantil-para-personalizar-con-logo\/#breadcrumb"},"inLanguage":"es","potentialAction":[{"@type":"ReadAction","target":["https:\/\/adl-regalosempresa.com\/tiendaonline\/articulos\/merchandising\/set-de-viaje-infantil-para-personalizar-con-logo\/"]}]},{"@type":"ImageObject","inLanguage":"es","@id":"https:\/\/adl-regalosempresa.com\/tiendaonline\/articulos\/merchandising\/set-de-viaje-infantil-para-personalizar-con-logo\/#primaryimage","url":"https:\/\/adl-regalosempresa.com\/tiendaonline\/wp-content\/uploads\/2024\/02\/1Z262901.jpg","contentUrl":"https:\/\/adl-regalosempresa.com\/tiendaonline\/wp-content\/uploads\/2024\/02\/1Z262901.jpg","width":1600,"height":1600,"caption":"Set de viaje infantil \"MyKit\""},{"@type":"BreadcrumbList","@id":"https:\/\/adl-regalosempresa.com\/tiendaonline\/articulos\/merchandising\/set-de-viaje-infantil-para-personalizar-con-logo\/#breadcrumb","itemListElement":[{"@type":"ListItem","position":1,"name":"Portada","item":"https:\/\/adl-regalosempresa.com\/tiendaonline\/"},{"@type":"ListItem","position":2,"name":"Tienda","item":"https:\/\/adl-regalosempresa.com\/tiendaonline\/tienda\/"},{"@type":"ListItem","position":3,"name":"Set de viaje infantil para personalizar con logo"}]},{"@type":"WebSite","@id":"https:\/\/adl-regalosempresa.com\/tiendaonline\/#website","url":"https:\/\/adl-regalosempresa.com\/tiendaonline\/","name":"ADL Comunicaci\u00f3n","description":"Regalos de empresa","publisher":{"@id":"https:\/\/adl-regalosempresa.com\/tiendaonline\/#organization"},"potentialAction":[{"@type":"SearchAction","target":{"@type":"EntryPoint","urlTemplate":"https:\/\/adl-regalosempresa.com\/tiendaonline\/?s={search_term_string}"},"query-input":{"@type":"PropertyValueSpecification","valueRequired":true,"valueName":"search_term_string"}}],"inLanguage":"es"},{"@type":"Organization","@id":"https:\/\/adl-regalosempresa.com\/tiendaonline\/#organization","name":"ADL Comunicaci\u00f3n","url":"https:\/\/adl-regalosempresa.com\/tiendaonline\/","logo":{"@type":"ImageObject","inLanguage":"es","@id":"https:\/\/adl-regalosempresa.com\/tiendaonline\/#\/schema\/logo\/image\/","url":"https:\/\/adl-regalosempresa.com\/tiendaonline\/wp-content\/uploads\/2017\/09\/logo-adl-wp.png","contentUrl":"https:\/\/adl-regalosempresa.com\/tiendaonline\/wp-content\/uploads\/2017\/09\/logo-adl-wp.png","width":407,"height":185,"caption":"ADL Comunicaci\u00f3n"},"image":{"@id":"https:\/\/adl-regalosempresa.com\/tiendaonline\/#\/schema\/logo\/image\/"}}]}},"_links":{"self":[{"href":"https:\/\/adl-regalosempresa.com\/tiendaonline\/wp-json\/wp\/v2\/product\/132592","targetHints":{"allow":["GET"]}}],"collection":[{"href":"https:\/\/adl-regalosempresa.com\/tiendaonline\/wp-json\/wp\/v2\/product"}],"about":[{"href":"https:\/\/adl-regalosempresa.com\/tiendaonline\/wp-json\/wp\/v2\/types\/product"}],"wp:featuredmedia":[{"embeddable":true,"href":"https:\/\/adl-regalosempresa.com\/tiendaonline\/wp-json\/wp\/v2\/media\/132594"}],"wp:attachment":[{"href":"https:\/\/adl-regalosempresa.com\/tiendaonline\/wp-json\/wp\/v2\/media?parent=132592"}],"wp:term":[{"taxonomy":"product_brand","embeddable":true,"href":"https:\/\/adl-regalosempresa.com\/tiendaonline\/wp-json\/wp\/v2\/product_brand?post=132592"},{"taxonomy":"product_cat","embeddable":true,"href":"https:\/\/adl-regalosempresa.com\/tiendaonline\/wp-json\/wp\/v2\/product_cat?post=132592"},{"taxonomy":"product_tag","embeddable":true,"href":"https:\/\/adl-regalosempresa.com\/tiendaonline\/wp-json\/wp\/v2\/product_tag?post=132592"}],"curies":[{"name":"wp","href":"https:\/\/api.w.org\/{rel}","templated":true}]}}