{"id":132513,"date":"2025-11-30T07:25:27","date_gmt":"2025-11-30T07:25:27","guid":{"rendered":"https:\/\/adl-regalosempresa.com\/tiendaonline\/articulos\/merchandising\/para-personalizar-con-logo-9\/"},"modified":"2026-04-29T08:50:13","modified_gmt":"2026-04-29T08:50:13","slug":"para-personalizar-con-logo-9","status":"publish","type":"product","link":"https:\/\/adl-regalosempresa.com\/tiendaonline\/articulos\/merchandising\/para-personalizar-con-logo-9\/","title":{"rendered":"para personalizar con logo"},"content":{"rendered":"<p>\u00a1Gracias a su papel resistente al agua y a las roturas, \u00abEcoNotebook\u00bb A7 con cubierta est\u00e1ndar es infinitamente reutilizable! Usa el bol\u00edgrafo proporcionado para tomar notas sobre el papel 100\u00a0% biodegradable. Hay tres opciones de borrado: el borrador del bol\u00edgrafo para borrar notas peque\u00f1as, la toallita de limpieza o un secador de pelo para borrar otras m\u00e1s grandes. Incluye 48 p\u00e1ginas reutilizables (24 hojas). Fabricado en Francia. Dimensiones del producto (cerrado): 7,3 x 10,3 x 0,4\u00a0cm. Se presenta en una funda de algod\u00f3n reciclado (14,5 x 19 cm). Garant\u00eda de por vida. Longitud de escritura: 400 metros.<\/p>\n","protected":false},"excerpt":{"rendered":"<p><strong>Descuentos por cantidades<\/strong><br \/>&#8211; a partir de 50 unidades: 17,97 \u20ac\/ud<br \/>&#8211; a partir de 100 unidades: 14,94 \u20ac\/ud<br \/>&#8211; a partir de 250 unidades: 13,97 \u20ac\/ud<\/p>\n<p>Para cantidades superiores a las aqu\u00ed indicadas, no dudes en ponerte en contacto con nuestro departamento comercial o <a href='https:\/\/adl-regalosempresa.com\/tiendaonline\/solicitud-presupuesto\/'>pedirnos presupuesto personalizado<\/a>, ajustaremos el presupuesto a tus necesidades.<\/p>\n","protected":false},"featured_media":132515,"template":"","meta":{"_kad_post_transparent":"","_kad_post_title":"","_kad_post_layout":"","_kad_post_sidebar_id":"","_kad_post_content_style":"","_kad_post_vertical_padding":"","_kad_post_feature":"","_kad_post_feature_position":"","_kad_post_header":false,"_kad_post_footer":false,"_kad_post_classname":""},"product_brand":[],"product_cat":[7689,7688],"product_tag":[],"class_list":{"0":"post-132513","1":"product","2":"type-product","3":"status-publish","4":"has-post-thumbnail","6":"product_cat-libretas-de-tapas-duras-libretas-y-papeleria","7":"product_cat-libretas-y-papeleria","8":"pa_ancho-145-cm","9":"pa_color-blanco","10":"pa_color-simple-blanco","11":"pa_largo-19-cm","12":"pa_marca-scx-design","13":"pa_material-papel-reciclado-carton-reciclado-metal","14":"pa_peso-25-gr","16":"first","17":"outofstock","18":"taxable","19":"shipping-taxable","20":"product-type-variable","21":"entry","22":"content-bg","23":"loop-entry"},"yoast_head":"<!-- This site is optimized with the Yoast SEO plugin v26.3 - https:\/\/yoast.com\/wordpress\/plugins\/seo\/ -->\n<title>Merchandising para personalizar con logo - ADL<\/title>\n<meta name=\"description\" content=\"Art\u00edculo de merchandising &quot;EcoNotebook NA7&quot; con cubierta est\u00e1ndar. \u00a1Gracias a su papel resistente al agua y a las roturas, &quot;EcoNotebook&quot; A7 con cubierta est\u00e1ndar es infinitamente reutilizable! Usa el bol\u00edgrafo proporcionado para tomar notas sobre el papel 100\u00a0% biodegradable. Hay tres opciones de borrado: el borrador del bol\u00edgrafo para borrar notas peque\u00f1as, la toallita de limpieza o un secador de pelo para borrar otras m\u00e1s grandes. Incluye 48 p\u00e1ginas reutilizables (24 hojas). Fabricado en Francia. Dimensiones del producto (cerrado): 7,3 x 10,3 x 0,4\u00a0cm. Se presenta en una funda de algod\u00f3n reciclado (14,5 x 19 cm). Garant\u00eda de por vida. Longitud de escritura: 400 metros.\" \/>\n<meta name=\"robots\" content=\"index, follow, max-snippet:-1, max-image-preview:large, max-video-preview:-1\" \/>\n<link rel=\"canonical\" href=\"https:\/\/adl-regalosempresa.com\/tiendaonline\/articulos\/merchandising\/para-personalizar-con-logo-9\/\" \/>\n<meta property=\"og:locale\" content=\"es_ES\" \/>\n<meta property=\"og:type\" content=\"article\" \/>\n<meta property=\"og:title\" content=\"Merchandising para personalizar con logo - ADL\" \/>\n<meta property=\"og:description\" content=\"Art\u00edculo de merchandising &quot;EcoNotebook NA7&quot; con cubierta est\u00e1ndar. \u00a1Gracias a su papel resistente al agua y a las roturas, &quot;EcoNotebook&quot; A7 con cubierta est\u00e1ndar es infinitamente reutilizable! Usa el bol\u00edgrafo proporcionado para tomar notas sobre el papel 100\u00a0% biodegradable. Hay tres opciones de borrado: el borrador del bol\u00edgrafo para borrar notas peque\u00f1as, la toallita de limpieza o un secador de pelo para borrar otras m\u00e1s grandes. Incluye 48 p\u00e1ginas reutilizables (24 hojas). Fabricado en Francia. Dimensiones del producto (cerrado): 7,3 x 10,3 x 0,4\u00a0cm. Se presenta en una funda de algod\u00f3n reciclado (14,5 x 19 cm). Garant\u00eda de por vida. Longitud de escritura: 400 metros.\" \/>\n<meta property=\"og:url\" content=\"https:\/\/adl-regalosempresa.com\/tiendaonline\/articulos\/merchandising\/para-personalizar-con-logo-9\/\" \/>\n<meta property=\"og:site_name\" content=\"ADL Comunicaci\u00f3n\" \/>\n<meta property=\"article:modified_time\" content=\"2026-04-29T08:50:13+00:00\" \/>\n<meta property=\"og:image\" content=\"https:\/\/adl-regalosempresa.com\/tiendaonline\/wp-content\/uploads\/2024\/02\/1PX14901.jpg\" \/>\n\t<meta property=\"og:image:width\" content=\"1600\" \/>\n\t<meta property=\"og:image:height\" content=\"1600\" \/>\n\t<meta property=\"og:image:type\" content=\"image\/jpeg\" \/>\n<meta name=\"twitter:card\" content=\"summary_large_image\" \/>\n<meta name=\"twitter:title\" content=\"Merchandising para personalizar con logo - ADL\" \/>\n<script type=\"application\/ld+json\" class=\"yoast-schema-graph\">{\"@context\":\"https:\/\/schema.org\",\"@graph\":[{\"@type\":\"WebPage\",\"@id\":\"https:\/\/adl-regalosempresa.com\/tiendaonline\/articulos\/merchandising\/para-personalizar-con-logo-9\/\",\"url\":\"https:\/\/adl-regalosempresa.com\/tiendaonline\/articulos\/merchandising\/para-personalizar-con-logo-9\/\",\"name\":\"Merchandising para personalizar con logo - ADL\",\"isPartOf\":{\"@id\":\"https:\/\/adl-regalosempresa.com\/tiendaonline\/#website\"},\"primaryImageOfPage\":{\"@id\":\"https:\/\/adl-regalosempresa.com\/tiendaonline\/articulos\/merchandising\/para-personalizar-con-logo-9\/#primaryimage\"},\"image\":{\"@id\":\"https:\/\/adl-regalosempresa.com\/tiendaonline\/articulos\/merchandising\/para-personalizar-con-logo-9\/#primaryimage\"},\"thumbnailUrl\":\"https:\/\/adl-regalosempresa.com\/tiendaonline\/wp-content\/uploads\/2024\/02\/1PX14901.jpg\",\"datePublished\":\"2025-11-30T07:25:27+00:00\",\"dateModified\":\"2026-04-29T08:50:13+00:00\",\"description\":\"Art\u00edculo de merchandising \\\"EcoNotebook NA7\\\" con cubierta est\u00e1ndar. \u00a1Gracias a su papel resistente al agua y a las roturas, \\\"EcoNotebook\\\" A7 con cubierta est\u00e1ndar es infinitamente reutilizable! Usa el bol\u00edgrafo proporcionado para tomar notas sobre el papel 100\u00a0% biodegradable. Hay tres opciones de borrado: el borrador del bol\u00edgrafo para borrar notas peque\u00f1as, la toallita de limpieza o un secador de pelo para borrar otras m\u00e1s grandes. Incluye 48 p\u00e1ginas reutilizables (24 hojas). Fabricado en Francia. Dimensiones del producto (cerrado): 7,3 x 10,3 x 0,4\u00a0cm. Se presenta en una funda de algod\u00f3n reciclado (14,5 x 19 cm). Garant\u00eda de por vida. Longitud de escritura: 400 metros.\",\"breadcrumb\":{\"@id\":\"https:\/\/adl-regalosempresa.com\/tiendaonline\/articulos\/merchandising\/para-personalizar-con-logo-9\/#breadcrumb\"},\"inLanguage\":\"es\",\"potentialAction\":[{\"@type\":\"ReadAction\",\"target\":[\"https:\/\/adl-regalosempresa.com\/tiendaonline\/articulos\/merchandising\/para-personalizar-con-logo-9\/\"]}]},{\"@type\":\"ImageObject\",\"inLanguage\":\"es\",\"@id\":\"https:\/\/adl-regalosempresa.com\/tiendaonline\/articulos\/merchandising\/para-personalizar-con-logo-9\/#primaryimage\",\"url\":\"https:\/\/adl-regalosempresa.com\/tiendaonline\/wp-content\/uploads\/2024\/02\/1PX14901.jpg\",\"contentUrl\":\"https:\/\/adl-regalosempresa.com\/tiendaonline\/wp-content\/uploads\/2024\/02\/1PX14901.jpg\",\"width\":1600,\"height\":1600,\"caption\":\"\\\"EcoNotebook NA7\\\" con cubierta est\u00e1ndar\"},{\"@type\":\"BreadcrumbList\",\"@id\":\"https:\/\/adl-regalosempresa.com\/tiendaonline\/articulos\/merchandising\/para-personalizar-con-logo-9\/#breadcrumb\",\"itemListElement\":[{\"@type\":\"ListItem\",\"position\":1,\"name\":\"Portada\",\"item\":\"https:\/\/adl-regalosempresa.com\/tiendaonline\/\"},{\"@type\":\"ListItem\",\"position\":2,\"name\":\"Tienda\",\"item\":\"https:\/\/adl-regalosempresa.com\/tiendaonline\/tienda\/\"},{\"@type\":\"ListItem\",\"position\":3,\"name\":\"para personalizar con logo\"}]},{\"@type\":\"WebSite\",\"@id\":\"https:\/\/adl-regalosempresa.com\/tiendaonline\/#website\",\"url\":\"https:\/\/adl-regalosempresa.com\/tiendaonline\/\",\"name\":\"ADL Comunicaci\u00f3n\",\"description\":\"Regalos de empresa\",\"publisher\":{\"@id\":\"https:\/\/adl-regalosempresa.com\/tiendaonline\/#organization\"},\"potentialAction\":[{\"@type\":\"SearchAction\",\"target\":{\"@type\":\"EntryPoint\",\"urlTemplate\":\"https:\/\/adl-regalosempresa.com\/tiendaonline\/?s={search_term_string}\"},\"query-input\":{\"@type\":\"PropertyValueSpecification\",\"valueRequired\":true,\"valueName\":\"search_term_string\"}}],\"inLanguage\":\"es\"},{\"@type\":\"Organization\",\"@id\":\"https:\/\/adl-regalosempresa.com\/tiendaonline\/#organization\",\"name\":\"ADL Comunicaci\u00f3n\",\"url\":\"https:\/\/adl-regalosempresa.com\/tiendaonline\/\",\"logo\":{\"@type\":\"ImageObject\",\"inLanguage\":\"es\",\"@id\":\"https:\/\/adl-regalosempresa.com\/tiendaonline\/#\/schema\/logo\/image\/\",\"url\":\"https:\/\/adl-regalosempresa.com\/tiendaonline\/wp-content\/uploads\/2017\/09\/logo-adl-wp.png\",\"contentUrl\":\"https:\/\/adl-regalosempresa.com\/tiendaonline\/wp-content\/uploads\/2017\/09\/logo-adl-wp.png\",\"width\":407,\"height\":185,\"caption\":\"ADL Comunicaci\u00f3n\"},\"image\":{\"@id\":\"https:\/\/adl-regalosempresa.com\/tiendaonline\/#\/schema\/logo\/image\/\"}}]}<\/script>\n<!-- \/ Yoast SEO plugin. -->","yoast_head_json":{"title":"Merchandising para personalizar con logo - ADL","description":"Art\u00edculo de merchandising \"EcoNotebook NA7\" con cubierta est\u00e1ndar. \u00a1Gracias a su papel resistente al agua y a las roturas, \"EcoNotebook\" A7 con cubierta est\u00e1ndar es infinitamente reutilizable! Usa el bol\u00edgrafo proporcionado para tomar notas sobre el papel 100\u00a0% biodegradable. Hay tres opciones de borrado: el borrador del bol\u00edgrafo para borrar notas peque\u00f1as, la toallita de limpieza o un secador de pelo para borrar otras m\u00e1s grandes. Incluye 48 p\u00e1ginas reutilizables (24 hojas). Fabricado en Francia. Dimensiones del producto (cerrado): 7,3 x 10,3 x 0,4\u00a0cm. Se presenta en una funda de algod\u00f3n reciclado (14,5 x 19 cm). Garant\u00eda de por vida. Longitud de escritura: 400 metros.","robots":{"index":"index","follow":"follow","max-snippet":"max-snippet:-1","max-image-preview":"max-image-preview:large","max-video-preview":"max-video-preview:-1"},"canonical":"https:\/\/adl-regalosempresa.com\/tiendaonline\/articulos\/merchandising\/para-personalizar-con-logo-9\/","og_locale":"es_ES","og_type":"article","og_title":"Merchandising para personalizar con logo - ADL","og_description":"Art\u00edculo de merchandising \"EcoNotebook NA7\" con cubierta est\u00e1ndar. \u00a1Gracias a su papel resistente al agua y a las roturas, \"EcoNotebook\" A7 con cubierta est\u00e1ndar es infinitamente reutilizable! Usa el bol\u00edgrafo proporcionado para tomar notas sobre el papel 100\u00a0% biodegradable. Hay tres opciones de borrado: el borrador del bol\u00edgrafo para borrar notas peque\u00f1as, la toallita de limpieza o un secador de pelo para borrar otras m\u00e1s grandes. Incluye 48 p\u00e1ginas reutilizables (24 hojas). Fabricado en Francia. Dimensiones del producto (cerrado): 7,3 x 10,3 x 0,4\u00a0cm. Se presenta en una funda de algod\u00f3n reciclado (14,5 x 19 cm). Garant\u00eda de por vida. Longitud de escritura: 400 metros.","og_url":"https:\/\/adl-regalosempresa.com\/tiendaonline\/articulos\/merchandising\/para-personalizar-con-logo-9\/","og_site_name":"ADL Comunicaci\u00f3n","article_modified_time":"2026-04-29T08:50:13+00:00","og_image":[{"width":1600,"height":1600,"url":"https:\/\/adl-regalosempresa.com\/tiendaonline\/wp-content\/uploads\/2024\/02\/1PX14901.jpg","type":"image\/jpeg"}],"twitter_card":"summary_large_image","twitter_title":"Merchandising para personalizar con logo - ADL","schema":{"@context":"https:\/\/schema.org","@graph":[{"@type":"WebPage","@id":"https:\/\/adl-regalosempresa.com\/tiendaonline\/articulos\/merchandising\/para-personalizar-con-logo-9\/","url":"https:\/\/adl-regalosempresa.com\/tiendaonline\/articulos\/merchandising\/para-personalizar-con-logo-9\/","name":"Merchandising para personalizar con logo - ADL","isPartOf":{"@id":"https:\/\/adl-regalosempresa.com\/tiendaonline\/#website"},"primaryImageOfPage":{"@id":"https:\/\/adl-regalosempresa.com\/tiendaonline\/articulos\/merchandising\/para-personalizar-con-logo-9\/#primaryimage"},"image":{"@id":"https:\/\/adl-regalosempresa.com\/tiendaonline\/articulos\/merchandising\/para-personalizar-con-logo-9\/#primaryimage"},"thumbnailUrl":"https:\/\/adl-regalosempresa.com\/tiendaonline\/wp-content\/uploads\/2024\/02\/1PX14901.jpg","datePublished":"2025-11-30T07:25:27+00:00","dateModified":"2026-04-29T08:50:13+00:00","description":"Art\u00edculo de merchandising \"EcoNotebook NA7\" con cubierta est\u00e1ndar. \u00a1Gracias a su papel resistente al agua y a las roturas, \"EcoNotebook\" A7 con cubierta est\u00e1ndar es infinitamente reutilizable! Usa el bol\u00edgrafo proporcionado para tomar notas sobre el papel 100\u00a0% biodegradable. Hay tres opciones de borrado: el borrador del bol\u00edgrafo para borrar notas peque\u00f1as, la toallita de limpieza o un secador de pelo para borrar otras m\u00e1s grandes. Incluye 48 p\u00e1ginas reutilizables (24 hojas). Fabricado en Francia. Dimensiones del producto (cerrado): 7,3 x 10,3 x 0,4\u00a0cm. Se presenta en una funda de algod\u00f3n reciclado (14,5 x 19 cm). Garant\u00eda de por vida. Longitud de escritura: 400 metros.","breadcrumb":{"@id":"https:\/\/adl-regalosempresa.com\/tiendaonline\/articulos\/merchandising\/para-personalizar-con-logo-9\/#breadcrumb"},"inLanguage":"es","potentialAction":[{"@type":"ReadAction","target":["https:\/\/adl-regalosempresa.com\/tiendaonline\/articulos\/merchandising\/para-personalizar-con-logo-9\/"]}]},{"@type":"ImageObject","inLanguage":"es","@id":"https:\/\/adl-regalosempresa.com\/tiendaonline\/articulos\/merchandising\/para-personalizar-con-logo-9\/#primaryimage","url":"https:\/\/adl-regalosempresa.com\/tiendaonline\/wp-content\/uploads\/2024\/02\/1PX14901.jpg","contentUrl":"https:\/\/adl-regalosempresa.com\/tiendaonline\/wp-content\/uploads\/2024\/02\/1PX14901.jpg","width":1600,"height":1600,"caption":"\"EcoNotebook NA7\" con cubierta est\u00e1ndar"},{"@type":"BreadcrumbList","@id":"https:\/\/adl-regalosempresa.com\/tiendaonline\/articulos\/merchandising\/para-personalizar-con-logo-9\/#breadcrumb","itemListElement":[{"@type":"ListItem","position":1,"name":"Portada","item":"https:\/\/adl-regalosempresa.com\/tiendaonline\/"},{"@type":"ListItem","position":2,"name":"Tienda","item":"https:\/\/adl-regalosempresa.com\/tiendaonline\/tienda\/"},{"@type":"ListItem","position":3,"name":"para personalizar con logo"}]},{"@type":"WebSite","@id":"https:\/\/adl-regalosempresa.com\/tiendaonline\/#website","url":"https:\/\/adl-regalosempresa.com\/tiendaonline\/","name":"ADL Comunicaci\u00f3n","description":"Regalos de empresa","publisher":{"@id":"https:\/\/adl-regalosempresa.com\/tiendaonline\/#organization"},"potentialAction":[{"@type":"SearchAction","target":{"@type":"EntryPoint","urlTemplate":"https:\/\/adl-regalosempresa.com\/tiendaonline\/?s={search_term_string}"},"query-input":{"@type":"PropertyValueSpecification","valueRequired":true,"valueName":"search_term_string"}}],"inLanguage":"es"},{"@type":"Organization","@id":"https:\/\/adl-regalosempresa.com\/tiendaonline\/#organization","name":"ADL Comunicaci\u00f3n","url":"https:\/\/adl-regalosempresa.com\/tiendaonline\/","logo":{"@type":"ImageObject","inLanguage":"es","@id":"https:\/\/adl-regalosempresa.com\/tiendaonline\/#\/schema\/logo\/image\/","url":"https:\/\/adl-regalosempresa.com\/tiendaonline\/wp-content\/uploads\/2017\/09\/logo-adl-wp.png","contentUrl":"https:\/\/adl-regalosempresa.com\/tiendaonline\/wp-content\/uploads\/2017\/09\/logo-adl-wp.png","width":407,"height":185,"caption":"ADL Comunicaci\u00f3n"},"image":{"@id":"https:\/\/adl-regalosempresa.com\/tiendaonline\/#\/schema\/logo\/image\/"}}]}},"_links":{"self":[{"href":"https:\/\/adl-regalosempresa.com\/tiendaonline\/wp-json\/wp\/v2\/product\/132513","targetHints":{"allow":["GET"]}}],"collection":[{"href":"https:\/\/adl-regalosempresa.com\/tiendaonline\/wp-json\/wp\/v2\/product"}],"about":[{"href":"https:\/\/adl-regalosempresa.com\/tiendaonline\/wp-json\/wp\/v2\/types\/product"}],"wp:featuredmedia":[{"embeddable":true,"href":"https:\/\/adl-regalosempresa.com\/tiendaonline\/wp-json\/wp\/v2\/media\/132515"}],"wp:attachment":[{"href":"https:\/\/adl-regalosempresa.com\/tiendaonline\/wp-json\/wp\/v2\/media?parent=132513"}],"wp:term":[{"taxonomy":"product_brand","embeddable":true,"href":"https:\/\/adl-regalosempresa.com\/tiendaonline\/wp-json\/wp\/v2\/product_brand?post=132513"},{"taxonomy":"product_cat","embeddable":true,"href":"https:\/\/adl-regalosempresa.com\/tiendaonline\/wp-json\/wp\/v2\/product_cat?post=132513"},{"taxonomy":"product_tag","embeddable":true,"href":"https:\/\/adl-regalosempresa.com\/tiendaonline\/wp-json\/wp\/v2\/product_tag?post=132513"}],"curies":[{"name":"wp","href":"https:\/\/api.w.org\/{rel}","templated":true}]}}