{"id":132483,"date":"2026-03-24T07:28:42","date_gmt":"2026-03-24T07:28:42","guid":{"rendered":"https:\/\/adl-regalosempresa.com\/tiendaonline\/articulos\/merchandising\/set-de-destornilladores-electricos-multiusos-para-personalizar-con-logo\/"},"modified":"2026-03-24T07:30:36","modified_gmt":"2026-03-24T07:30:36","slug":"set-de-destornilladores-electricos-multiusos-para-personalizar-con-logo","status":"publish","type":"product","link":"https:\/\/adl-regalosempresa.com\/tiendaonline\/articulos\/merchandising\/set-de-destornilladores-electricos-multiusos-para-personalizar-con-logo\/","title":{"rendered":"Set de destornilladores el\u00e9ctricos multiusos  para personalizar con logo"},"content":{"rendered":"<p>Set de destornilladores de aluminio multiusos que incluye un juego de destornilladores manuales de precisi\u00f3n con 48 puntas, un destornillador el\u00e9ctrico, una base de carga y un estuche para llevarlo todo en un solo lugar. Las puntas se acoplan magn\u00e9ticamente al destornillador para facilitar su manejo. En un lateral est\u00e1 grabado \u00abREUSE REPAIR RECYCLE\u00bb y se puede imprimir un logotipo en el lateral opuesto. El set cuenta con una amplia variedad de puntas, por lo que es universal para diferentes tipos de bricolaje. Se entrega en una caja de papel reciclado con cierre magn\u00e9tico. Incluye 3 a\u00f1os de garant\u00eda.<\/p>\n","protected":false},"excerpt":{"rendered":"<p><strong>Descuentos por cantidades<\/strong><br \/>&#8211; a partir de 50 unidades: 59,77 \u20ac\/ud<br \/>&#8211; a partir de 100 unidades: 57,8 \u20ac\/ud<br \/>&#8211; a partir de 500 unidades: 57,02 \u20ac\/ud<\/p>\n<p>Para cantidades superiores a las aqu\u00ed indicadas, no dudes en ponerte en contacto con nuestro departamento comercial o <a href='https:\/\/adl-regalosempresa.com\/tiendaonline\/solicitud-presupuesto\/'>pedirnos presupuesto personalizado<\/a>, ajustaremos el presupuesto a tus necesidades.<\/p>\n","protected":false},"featured_media":132485,"template":"","meta":{"_kad_post_transparent":"","_kad_post_title":"","_kad_post_layout":"","_kad_post_sidebar_id":"","_kad_post_content_style":"","_kad_post_vertical_padding":"","_kad_post_feature":"","_kad_post_feature_position":"","_kad_post_header":false,"_kad_post_footer":false,"_kad_post_classname":""},"product_brand":[],"product_cat":[4154,4266],"product_tag":[],"class_list":{"0":"post-132483","1":"product","2":"type-product","3":"status-publish","4":"has-post-thumbnail","6":"product_cat-herramientas-y-accesorios-del-automovil","7":"product_cat-sets-de-herramientas","8":"pa_alto-4-cm","9":"pa_ancho-115-cm","10":"pa_color-negro-intenso","11":"pa_color-simple-negro-intenso","12":"pa_largo-25-cm","13":"pa_marca-scx-design","14":"pa_material-aluminio-plastico-abs","15":"pa_peso-170-gr","17":"first","18":"instock","19":"taxable","20":"shipping-taxable","21":"purchasable","22":"product-type-variable","23":"entry","24":"content-bg","25":"loop-entry"},"yoast_head":"<!-- This site is optimized with the Yoast SEO plugin v26.3 - https:\/\/yoast.com\/wordpress\/plugins\/seo\/ -->\n<title>Merchandising Set de destornilladores el\u00e9ctricos multiusos para personalizar con logo - ADL<\/title>\n<meta name=\"description\" content=\"Art\u00edculo de merchandising Set de destornilladores el\u00e9ctricos multiusos &quot;SCX.design T25&quot;. Set de destornilladores de aluminio multiusos que incluye un juego de destornilladores manuales de precisi\u00f3n con 48 puntas, un destornillador el\u00e9ctrico, una base de carga y un estuche para llevarlo todo en un solo lugar. Las puntas se acoplan magn\u00e9ticamente al destornillador para facilitar su manejo. En un lateral est\u00e1 grabado &quot;REUSE REPAIR RECYCLE&quot; y se puede imprimir un logotipo en el lateral opuesto. El set cuenta con una amplia variedad de puntas, por lo que es universal para diferentes tipos de bricolaje. Se entrega en una caja de papel reciclado con cierre magn\u00e9tico. Incluye 3 a\u00f1os de garant\u00eda.\" \/>\n<meta name=\"robots\" content=\"index, follow, max-snippet:-1, max-image-preview:large, max-video-preview:-1\" \/>\n<link rel=\"canonical\" href=\"https:\/\/adl-regalosempresa.com\/tiendaonline\/articulos\/merchandising\/set-de-destornilladores-electricos-multiusos-para-personalizar-con-logo\/\" \/>\n<meta property=\"og:locale\" content=\"es_ES\" \/>\n<meta property=\"og:type\" content=\"article\" \/>\n<meta property=\"og:title\" content=\"Merchandising Set de destornilladores el\u00e9ctricos multiusos para personalizar con logo - ADL\" \/>\n<meta property=\"og:description\" content=\"Art\u00edculo de merchandising Set de destornilladores el\u00e9ctricos multiusos &quot;SCX.design T25&quot;. Set de destornilladores de aluminio multiusos que incluye un juego de destornilladores manuales de precisi\u00f3n con 48 puntas, un destornillador el\u00e9ctrico, una base de carga y un estuche para llevarlo todo en un solo lugar. Las puntas se acoplan magn\u00e9ticamente al destornillador para facilitar su manejo. En un lateral est\u00e1 grabado &quot;REUSE REPAIR RECYCLE&quot; y se puede imprimir un logotipo en el lateral opuesto. El set cuenta con una amplia variedad de puntas, por lo que es universal para diferentes tipos de bricolaje. Se entrega en una caja de papel reciclado con cierre magn\u00e9tico. Incluye 3 a\u00f1os de garant\u00eda.\" \/>\n<meta property=\"og:url\" content=\"https:\/\/adl-regalosempresa.com\/tiendaonline\/articulos\/merchandising\/set-de-destornilladores-electricos-multiusos-para-personalizar-con-logo\/\" \/>\n<meta property=\"og:site_name\" content=\"ADL Comunicaci\u00f3n\" \/>\n<meta property=\"article:modified_time\" content=\"2026-03-24T07:30:36+00:00\" \/>\n<meta property=\"og:image\" content=\"https:\/\/adl-regalosempresa.com\/tiendaonline\/wp-content\/uploads\/2024\/02\/1PX13790.jpg\" \/>\n\t<meta property=\"og:image:width\" content=\"1600\" \/>\n\t<meta property=\"og:image:height\" content=\"1600\" \/>\n\t<meta property=\"og:image:type\" content=\"image\/jpeg\" \/>\n<meta name=\"twitter:card\" content=\"summary_large_image\" \/>\n<meta name=\"twitter:title\" content=\"Merchandising Set de destornilladores el\u00e9ctricos multiusos para personalizar con logo - ADL\" \/>\n<meta name=\"twitter:label1\" content=\"Tiempo de lectura\" \/>\n\t<meta name=\"twitter:data1\" content=\"1 minuto\" \/>\n<script type=\"application\/ld+json\" class=\"yoast-schema-graph\">{\"@context\":\"https:\/\/schema.org\",\"@graph\":[{\"@type\":\"WebPage\",\"@id\":\"https:\/\/adl-regalosempresa.com\/tiendaonline\/articulos\/merchandising\/set-de-destornilladores-electricos-multiusos-para-personalizar-con-logo\/\",\"url\":\"https:\/\/adl-regalosempresa.com\/tiendaonline\/articulos\/merchandising\/set-de-destornilladores-electricos-multiusos-para-personalizar-con-logo\/\",\"name\":\"Merchandising Set de destornilladores el\u00e9ctricos multiusos para personalizar con logo - ADL\",\"isPartOf\":{\"@id\":\"https:\/\/adl-regalosempresa.com\/tiendaonline\/#website\"},\"primaryImageOfPage\":{\"@id\":\"https:\/\/adl-regalosempresa.com\/tiendaonline\/articulos\/merchandising\/set-de-destornilladores-electricos-multiusos-para-personalizar-con-logo\/#primaryimage\"},\"image\":{\"@id\":\"https:\/\/adl-regalosempresa.com\/tiendaonline\/articulos\/merchandising\/set-de-destornilladores-electricos-multiusos-para-personalizar-con-logo\/#primaryimage\"},\"thumbnailUrl\":\"https:\/\/adl-regalosempresa.com\/tiendaonline\/wp-content\/uploads\/2024\/02\/1PX13790.jpg\",\"datePublished\":\"2026-03-24T07:28:42+00:00\",\"dateModified\":\"2026-03-24T07:30:36+00:00\",\"description\":\"Art\u00edculo de merchandising Set de destornilladores el\u00e9ctricos multiusos \\\"SCX.design T25\\\". Set de destornilladores de aluminio multiusos que incluye un juego de destornilladores manuales de precisi\u00f3n con 48 puntas, un destornillador el\u00e9ctrico, una base de carga y un estuche para llevarlo todo en un solo lugar. Las puntas se acoplan magn\u00e9ticamente al destornillador para facilitar su manejo. En un lateral est\u00e1 grabado \\\"REUSE REPAIR RECYCLE\\\" y se puede imprimir un logotipo en el lateral opuesto. El set cuenta con una amplia variedad de puntas, por lo que es universal para diferentes tipos de bricolaje. Se entrega en una caja de papel reciclado con cierre magn\u00e9tico. Incluye 3 a\u00f1os de garant\u00eda.\",\"breadcrumb\":{\"@id\":\"https:\/\/adl-regalosempresa.com\/tiendaonline\/articulos\/merchandising\/set-de-destornilladores-electricos-multiusos-para-personalizar-con-logo\/#breadcrumb\"},\"inLanguage\":\"es\",\"potentialAction\":[{\"@type\":\"ReadAction\",\"target\":[\"https:\/\/adl-regalosempresa.com\/tiendaonline\/articulos\/merchandising\/set-de-destornilladores-electricos-multiusos-para-personalizar-con-logo\/\"]}]},{\"@type\":\"ImageObject\",\"inLanguage\":\"es\",\"@id\":\"https:\/\/adl-regalosempresa.com\/tiendaonline\/articulos\/merchandising\/set-de-destornilladores-electricos-multiusos-para-personalizar-con-logo\/#primaryimage\",\"url\":\"https:\/\/adl-regalosempresa.com\/tiendaonline\/wp-content\/uploads\/2024\/02\/1PX13790.jpg\",\"contentUrl\":\"https:\/\/adl-regalosempresa.com\/tiendaonline\/wp-content\/uploads\/2024\/02\/1PX13790.jpg\",\"width\":1600,\"height\":1600,\"caption\":\"Set de destornilladores el\u00e9ctricos multiusos \\\"SCX.design T25\\\"\"},{\"@type\":\"BreadcrumbList\",\"@id\":\"https:\/\/adl-regalosempresa.com\/tiendaonline\/articulos\/merchandising\/set-de-destornilladores-electricos-multiusos-para-personalizar-con-logo\/#breadcrumb\",\"itemListElement\":[{\"@type\":\"ListItem\",\"position\":1,\"name\":\"Portada\",\"item\":\"https:\/\/adl-regalosempresa.com\/tiendaonline\/\"},{\"@type\":\"ListItem\",\"position\":2,\"name\":\"Tienda\",\"item\":\"https:\/\/adl-regalosempresa.com\/tiendaonline\/tienda\/\"},{\"@type\":\"ListItem\",\"position\":3,\"name\":\"Set de destornilladores el\u00e9ctricos multiusos para personalizar con logo\"}]},{\"@type\":\"WebSite\",\"@id\":\"https:\/\/adl-regalosempresa.com\/tiendaonline\/#website\",\"url\":\"https:\/\/adl-regalosempresa.com\/tiendaonline\/\",\"name\":\"ADL Comunicaci\u00f3n\",\"description\":\"Regalos de empresa\",\"publisher\":{\"@id\":\"https:\/\/adl-regalosempresa.com\/tiendaonline\/#organization\"},\"potentialAction\":[{\"@type\":\"SearchAction\",\"target\":{\"@type\":\"EntryPoint\",\"urlTemplate\":\"https:\/\/adl-regalosempresa.com\/tiendaonline\/?s={search_term_string}\"},\"query-input\":{\"@type\":\"PropertyValueSpecification\",\"valueRequired\":true,\"valueName\":\"search_term_string\"}}],\"inLanguage\":\"es\"},{\"@type\":\"Organization\",\"@id\":\"https:\/\/adl-regalosempresa.com\/tiendaonline\/#organization\",\"name\":\"ADL Comunicaci\u00f3n\",\"url\":\"https:\/\/adl-regalosempresa.com\/tiendaonline\/\",\"logo\":{\"@type\":\"ImageObject\",\"inLanguage\":\"es\",\"@id\":\"https:\/\/adl-regalosempresa.com\/tiendaonline\/#\/schema\/logo\/image\/\",\"url\":\"https:\/\/adl-regalosempresa.com\/tiendaonline\/wp-content\/uploads\/2017\/09\/logo-adl-wp.png\",\"contentUrl\":\"https:\/\/adl-regalosempresa.com\/tiendaonline\/wp-content\/uploads\/2017\/09\/logo-adl-wp.png\",\"width\":407,\"height\":185,\"caption\":\"ADL Comunicaci\u00f3n\"},\"image\":{\"@id\":\"https:\/\/adl-regalosempresa.com\/tiendaonline\/#\/schema\/logo\/image\/\"}}]}<\/script>\n<!-- \/ Yoast SEO plugin. -->","yoast_head_json":{"title":"Merchandising Set de destornilladores el\u00e9ctricos multiusos para personalizar con logo - ADL","description":"Art\u00edculo de merchandising Set de destornilladores el\u00e9ctricos multiusos \"SCX.design T25\". Set de destornilladores de aluminio multiusos que incluye un juego de destornilladores manuales de precisi\u00f3n con 48 puntas, un destornillador el\u00e9ctrico, una base de carga y un estuche para llevarlo todo en un solo lugar. Las puntas se acoplan magn\u00e9ticamente al destornillador para facilitar su manejo. En un lateral est\u00e1 grabado \"REUSE REPAIR RECYCLE\" y se puede imprimir un logotipo en el lateral opuesto. El set cuenta con una amplia variedad de puntas, por lo que es universal para diferentes tipos de bricolaje. Se entrega en una caja de papel reciclado con cierre magn\u00e9tico. Incluye 3 a\u00f1os de garant\u00eda.","robots":{"index":"index","follow":"follow","max-snippet":"max-snippet:-1","max-image-preview":"max-image-preview:large","max-video-preview":"max-video-preview:-1"},"canonical":"https:\/\/adl-regalosempresa.com\/tiendaonline\/articulos\/merchandising\/set-de-destornilladores-electricos-multiusos-para-personalizar-con-logo\/","og_locale":"es_ES","og_type":"article","og_title":"Merchandising Set de destornilladores el\u00e9ctricos multiusos para personalizar con logo - ADL","og_description":"Art\u00edculo de merchandising Set de destornilladores el\u00e9ctricos multiusos \"SCX.design T25\". Set de destornilladores de aluminio multiusos que incluye un juego de destornilladores manuales de precisi\u00f3n con 48 puntas, un destornillador el\u00e9ctrico, una base de carga y un estuche para llevarlo todo en un solo lugar. Las puntas se acoplan magn\u00e9ticamente al destornillador para facilitar su manejo. En un lateral est\u00e1 grabado \"REUSE REPAIR RECYCLE\" y se puede imprimir un logotipo en el lateral opuesto. El set cuenta con una amplia variedad de puntas, por lo que es universal para diferentes tipos de bricolaje. Se entrega en una caja de papel reciclado con cierre magn\u00e9tico. Incluye 3 a\u00f1os de garant\u00eda.","og_url":"https:\/\/adl-regalosempresa.com\/tiendaonline\/articulos\/merchandising\/set-de-destornilladores-electricos-multiusos-para-personalizar-con-logo\/","og_site_name":"ADL Comunicaci\u00f3n","article_modified_time":"2026-03-24T07:30:36+00:00","og_image":[{"width":1600,"height":1600,"url":"https:\/\/adl-regalosempresa.com\/tiendaonline\/wp-content\/uploads\/2024\/02\/1PX13790.jpg","type":"image\/jpeg"}],"twitter_card":"summary_large_image","twitter_title":"Merchandising Set de destornilladores el\u00e9ctricos multiusos para personalizar con logo - ADL","twitter_misc":{"Tiempo de lectura":"1 minuto"},"schema":{"@context":"https:\/\/schema.org","@graph":[{"@type":"WebPage","@id":"https:\/\/adl-regalosempresa.com\/tiendaonline\/articulos\/merchandising\/set-de-destornilladores-electricos-multiusos-para-personalizar-con-logo\/","url":"https:\/\/adl-regalosempresa.com\/tiendaonline\/articulos\/merchandising\/set-de-destornilladores-electricos-multiusos-para-personalizar-con-logo\/","name":"Merchandising Set de destornilladores el\u00e9ctricos multiusos para personalizar con logo - ADL","isPartOf":{"@id":"https:\/\/adl-regalosempresa.com\/tiendaonline\/#website"},"primaryImageOfPage":{"@id":"https:\/\/adl-regalosempresa.com\/tiendaonline\/articulos\/merchandising\/set-de-destornilladores-electricos-multiusos-para-personalizar-con-logo\/#primaryimage"},"image":{"@id":"https:\/\/adl-regalosempresa.com\/tiendaonline\/articulos\/merchandising\/set-de-destornilladores-electricos-multiusos-para-personalizar-con-logo\/#primaryimage"},"thumbnailUrl":"https:\/\/adl-regalosempresa.com\/tiendaonline\/wp-content\/uploads\/2024\/02\/1PX13790.jpg","datePublished":"2026-03-24T07:28:42+00:00","dateModified":"2026-03-24T07:30:36+00:00","description":"Art\u00edculo de merchandising Set de destornilladores el\u00e9ctricos multiusos \"SCX.design T25\". Set de destornilladores de aluminio multiusos que incluye un juego de destornilladores manuales de precisi\u00f3n con 48 puntas, un destornillador el\u00e9ctrico, una base de carga y un estuche para llevarlo todo en un solo lugar. Las puntas se acoplan magn\u00e9ticamente al destornillador para facilitar su manejo. En un lateral est\u00e1 grabado \"REUSE REPAIR RECYCLE\" y se puede imprimir un logotipo en el lateral opuesto. El set cuenta con una amplia variedad de puntas, por lo que es universal para diferentes tipos de bricolaje. Se entrega en una caja de papel reciclado con cierre magn\u00e9tico. Incluye 3 a\u00f1os de garant\u00eda.","breadcrumb":{"@id":"https:\/\/adl-regalosempresa.com\/tiendaonline\/articulos\/merchandising\/set-de-destornilladores-electricos-multiusos-para-personalizar-con-logo\/#breadcrumb"},"inLanguage":"es","potentialAction":[{"@type":"ReadAction","target":["https:\/\/adl-regalosempresa.com\/tiendaonline\/articulos\/merchandising\/set-de-destornilladores-electricos-multiusos-para-personalizar-con-logo\/"]}]},{"@type":"ImageObject","inLanguage":"es","@id":"https:\/\/adl-regalosempresa.com\/tiendaonline\/articulos\/merchandising\/set-de-destornilladores-electricos-multiusos-para-personalizar-con-logo\/#primaryimage","url":"https:\/\/adl-regalosempresa.com\/tiendaonline\/wp-content\/uploads\/2024\/02\/1PX13790.jpg","contentUrl":"https:\/\/adl-regalosempresa.com\/tiendaonline\/wp-content\/uploads\/2024\/02\/1PX13790.jpg","width":1600,"height":1600,"caption":"Set de destornilladores el\u00e9ctricos multiusos \"SCX.design T25\""},{"@type":"BreadcrumbList","@id":"https:\/\/adl-regalosempresa.com\/tiendaonline\/articulos\/merchandising\/set-de-destornilladores-electricos-multiusos-para-personalizar-con-logo\/#breadcrumb","itemListElement":[{"@type":"ListItem","position":1,"name":"Portada","item":"https:\/\/adl-regalosempresa.com\/tiendaonline\/"},{"@type":"ListItem","position":2,"name":"Tienda","item":"https:\/\/adl-regalosempresa.com\/tiendaonline\/tienda\/"},{"@type":"ListItem","position":3,"name":"Set de destornilladores el\u00e9ctricos multiusos para personalizar con logo"}]},{"@type":"WebSite","@id":"https:\/\/adl-regalosempresa.com\/tiendaonline\/#website","url":"https:\/\/adl-regalosempresa.com\/tiendaonline\/","name":"ADL Comunicaci\u00f3n","description":"Regalos de empresa","publisher":{"@id":"https:\/\/adl-regalosempresa.com\/tiendaonline\/#organization"},"potentialAction":[{"@type":"SearchAction","target":{"@type":"EntryPoint","urlTemplate":"https:\/\/adl-regalosempresa.com\/tiendaonline\/?s={search_term_string}"},"query-input":{"@type":"PropertyValueSpecification","valueRequired":true,"valueName":"search_term_string"}}],"inLanguage":"es"},{"@type":"Organization","@id":"https:\/\/adl-regalosempresa.com\/tiendaonline\/#organization","name":"ADL Comunicaci\u00f3n","url":"https:\/\/adl-regalosempresa.com\/tiendaonline\/","logo":{"@type":"ImageObject","inLanguage":"es","@id":"https:\/\/adl-regalosempresa.com\/tiendaonline\/#\/schema\/logo\/image\/","url":"https:\/\/adl-regalosempresa.com\/tiendaonline\/wp-content\/uploads\/2017\/09\/logo-adl-wp.png","contentUrl":"https:\/\/adl-regalosempresa.com\/tiendaonline\/wp-content\/uploads\/2017\/09\/logo-adl-wp.png","width":407,"height":185,"caption":"ADL Comunicaci\u00f3n"},"image":{"@id":"https:\/\/adl-regalosempresa.com\/tiendaonline\/#\/schema\/logo\/image\/"}}]}},"_links":{"self":[{"href":"https:\/\/adl-regalosempresa.com\/tiendaonline\/wp-json\/wp\/v2\/product\/132483","targetHints":{"allow":["GET"]}}],"collection":[{"href":"https:\/\/adl-regalosempresa.com\/tiendaonline\/wp-json\/wp\/v2\/product"}],"about":[{"href":"https:\/\/adl-regalosempresa.com\/tiendaonline\/wp-json\/wp\/v2\/types\/product"}],"wp:featuredmedia":[{"embeddable":true,"href":"https:\/\/adl-regalosempresa.com\/tiendaonline\/wp-json\/wp\/v2\/media\/132485"}],"wp:attachment":[{"href":"https:\/\/adl-regalosempresa.com\/tiendaonline\/wp-json\/wp\/v2\/media?parent=132483"}],"wp:term":[{"taxonomy":"product_brand","embeddable":true,"href":"https:\/\/adl-regalosempresa.com\/tiendaonline\/wp-json\/wp\/v2\/product_brand?post=132483"},{"taxonomy":"product_cat","embeddable":true,"href":"https:\/\/adl-regalosempresa.com\/tiendaonline\/wp-json\/wp\/v2\/product_cat?post=132483"},{"taxonomy":"product_tag","embeddable":true,"href":"https:\/\/adl-regalosempresa.com\/tiendaonline\/wp-json\/wp\/v2\/product_tag?post=132483"}],"curies":[{"name":"wp","href":"https:\/\/api.w.org\/{rel}","templated":true}]}}