{"id":132462,"date":"2026-03-31T06:09:52","date_gmt":"2026-03-31T06:09:52","guid":{"rendered":"https:\/\/adl-regalosempresa.com\/tiendaonline\/articulos\/merchandising\/bateria-externa-magnetica-de-20-000-mah-para-personalizar-con-logo\/"},"modified":"2026-05-14T08:38:23","modified_gmt":"2026-05-14T08:38:23","slug":"bateria-externa-magnetica-de-20-000-mah-para-personalizar-con-logo","status":"publish","type":"product","link":"https:\/\/adl-regalosempresa.com\/tiendaonline\/articulos\/merchandising\/bateria-externa-magnetica-de-20-000-mah-para-personalizar-con-logo\/","title":{"rendered":"Bater\u00eda externa magn\u00e9tica de 20\u00a0000\u00a0mAh  para personalizar con logo"},"content":{"rendered":"<p>Bater\u00eda externa con 20\u00a0000\u00a0mAh de capacidad, logotipo retroiluminado y tecnolog\u00eda MagSafe, que le permite acoplarse magn\u00e9ticamente a la parte posterior de un tel\u00e9fono. La tecnolog\u00eda de esta bater\u00eda externa se revela gracias a la carcasa transparente que muestra la placa de circuito de su interior. Con pantalla digital de bater\u00eda y salida\/entrada USB tipo C. La carcasa est\u00e1 hecha de un m\u00ednimo de 50\u00a0% de pl\u00e1stico reciclado. Si tu tel\u00e9fono no cuenta con la tecnolog\u00eda MagSafe, puedes a\u00f1adirle en la parte posterior la pegatina magn\u00e9tica incluida para que sea compatible con el soporte magn\u00e9tico. Tama\u00f1o de la bater\u00eda externa: 14,5 x 6,7 x 2,4 cm. Se presenta en una caja de regalo de papel reciclado (18,8 x 8,48 x 3,8 cm) con cierre magn\u00e9tico. Incluye una garant\u00eda de tres a\u00f1os.<\/p>\n","protected":false},"excerpt":{"rendered":"<p><strong>Descuentos por cantidades<\/strong><br \/>&#8211; a partir de 25 unidades: 78,25 \u20ac\/ud<br \/>&#8211; a partir de 50 unidades: 76,81 \u20ac\/ud<br \/>&#8211; a partir de 100 unidades: 66,35 \u20ac\/ud<\/p>\n<p>Para cantidades superiores a las aqu\u00ed indicadas, no dudes en ponerte en contacto con nuestro departamento comercial o <a href='https:\/\/adl-regalosempresa.com\/tiendaonline\/solicitud-presupuesto\/'>pedirnos presupuesto personalizado<\/a>, ajustaremos el presupuesto a tus necesidades.<\/p>\n","protected":false},"featured_media":132464,"template":"","meta":{"_kad_post_transparent":"","_kad_post_title":"","_kad_post_layout":"","_kad_post_sidebar_id":"","_kad_post_content_style":"","_kad_post_vertical_padding":"","_kad_post_feature":"","_kad_post_feature_position":"","_kad_post_header":false,"_kad_post_footer":false,"_kad_post_classname":""},"product_brand":[],"product_cat":[5085,486],"product_tag":[],"class_list":{"0":"post-132462","1":"product","2":"type-product","3":"status-publish","4":"has-post-thumbnail","6":"product_cat-baterias-externas","7":"product_cat-tecnologia","8":"pa_alto-18-cm","9":"pa_ancho-848-cm","10":"pa_color-negro-intenso","11":"pa_color-simple-negro-intenso","12":"pa_largo-188-cm","13":"pa_marca-scx-design","14":"pa_material-plastico-abs-reciclado-acrilico","15":"pa_peso-80-gr","17":"first","18":"instock","19":"taxable","20":"shipping-taxable","21":"purchasable","22":"product-type-variable","23":"entry","24":"content-bg","25":"loop-entry"},"yoast_head":"<!-- This site is optimized with the Yoast SEO plugin v26.3 - https:\/\/yoast.com\/wordpress\/plugins\/seo\/ -->\n<title>Merchandising Bater\u00eda externa magn\u00e9tica de 20\u00a0000\u00a0mAh para personalizar con logo - ADL<\/title>\n<meta name=\"description\" content=\"Art\u00edculo de merchandising Bater\u00eda externa magn\u00e9tica de 20\u00a0000\u00a0mAh &quot;SCX.design P50&quot;. Bater\u00eda externa con 20\u00a0000\u00a0mAh de capacidad, logotipo retroiluminado y tecnolog\u00eda MagSafe, que le permite acoplarse magn\u00e9ticamente a la parte posterior de un tel\u00e9fono. La tecnolog\u00eda de esta bater\u00eda externa se revela gracias a la carcasa transparente que muestra la placa de circuito de su interior. Con pantalla digital de bater\u00eda y salida\/entrada USB tipo C. La carcasa est\u00e1 hecha de un m\u00ednimo de 50\u00a0% de pl\u00e1stico reciclado. Si tu tel\u00e9fono no cuenta con la tecnolog\u00eda MagSafe, puedes a\u00f1adirle en la parte posterior la pegatina magn\u00e9tica incluida para que sea compatible con el soporte magn\u00e9tico. Tama\u00f1o de la bater\u00eda externa: 14,5 x 6,7 x 2,4 cm. Se presenta en una caja de regalo de papel reciclado (18,8 x 8,48 x 3,8 cm) con cierre magn\u00e9tico. Incluye una garant\u00eda de tres a\u00f1os.\" \/>\n<meta name=\"robots\" content=\"index, follow, max-snippet:-1, max-image-preview:large, max-video-preview:-1\" \/>\n<link rel=\"canonical\" href=\"https:\/\/adl-regalosempresa.com\/tiendaonline\/articulos\/merchandising\/bateria-externa-magnetica-de-20-000-mah-para-personalizar-con-logo\/\" \/>\n<meta property=\"og:locale\" content=\"es_ES\" \/>\n<meta property=\"og:type\" content=\"article\" \/>\n<meta property=\"og:title\" content=\"Merchandising Bater\u00eda externa magn\u00e9tica de 20\u00a0000\u00a0mAh para personalizar con logo - ADL\" \/>\n<meta property=\"og:description\" content=\"Art\u00edculo de merchandising Bater\u00eda externa magn\u00e9tica de 20\u00a0000\u00a0mAh &quot;SCX.design P50&quot;. Bater\u00eda externa con 20\u00a0000\u00a0mAh de capacidad, logotipo retroiluminado y tecnolog\u00eda MagSafe, que le permite acoplarse magn\u00e9ticamente a la parte posterior de un tel\u00e9fono. La tecnolog\u00eda de esta bater\u00eda externa se revela gracias a la carcasa transparente que muestra la placa de circuito de su interior. Con pantalla digital de bater\u00eda y salida\/entrada USB tipo C. La carcasa est\u00e1 hecha de un m\u00ednimo de 50\u00a0% de pl\u00e1stico reciclado. Si tu tel\u00e9fono no cuenta con la tecnolog\u00eda MagSafe, puedes a\u00f1adirle en la parte posterior la pegatina magn\u00e9tica incluida para que sea compatible con el soporte magn\u00e9tico. Tama\u00f1o de la bater\u00eda externa: 14,5 x 6,7 x 2,4 cm. Se presenta en una caja de regalo de papel reciclado (18,8 x 8,48 x 3,8 cm) con cierre magn\u00e9tico. Incluye una garant\u00eda de tres a\u00f1os.\" \/>\n<meta property=\"og:url\" content=\"https:\/\/adl-regalosempresa.com\/tiendaonline\/articulos\/merchandising\/bateria-externa-magnetica-de-20-000-mah-para-personalizar-con-logo\/\" \/>\n<meta property=\"og:site_name\" content=\"ADL Comunicaci\u00f3n\" \/>\n<meta property=\"article:modified_time\" content=\"2026-05-14T08:38:23+00:00\" \/>\n<meta property=\"og:image\" content=\"https:\/\/adl-regalosempresa.com\/tiendaonline\/wp-content\/uploads\/2024\/02\/1PX12990.jpg\" \/>\n\t<meta property=\"og:image:width\" content=\"1600\" \/>\n\t<meta property=\"og:image:height\" content=\"1600\" \/>\n\t<meta property=\"og:image:type\" content=\"image\/jpeg\" \/>\n<meta name=\"twitter:card\" content=\"summary_large_image\" \/>\n<meta name=\"twitter:title\" content=\"Merchandising Bater\u00eda externa magn\u00e9tica de 20\u00a0000\u00a0mAh para personalizar con logo - ADL\" \/>\n<meta name=\"twitter:label1\" content=\"Tiempo de lectura\" \/>\n\t<meta name=\"twitter:data1\" content=\"1 minuto\" \/>\n<script type=\"application\/ld+json\" class=\"yoast-schema-graph\">{\"@context\":\"https:\/\/schema.org\",\"@graph\":[{\"@type\":\"WebPage\",\"@id\":\"https:\/\/adl-regalosempresa.com\/tiendaonline\/articulos\/merchandising\/bateria-externa-magnetica-de-20-000-mah-para-personalizar-con-logo\/\",\"url\":\"https:\/\/adl-regalosempresa.com\/tiendaonline\/articulos\/merchandising\/bateria-externa-magnetica-de-20-000-mah-para-personalizar-con-logo\/\",\"name\":\"Merchandising Bater\u00eda externa magn\u00e9tica de 20\u00a0000\u00a0mAh para personalizar con logo - ADL\",\"isPartOf\":{\"@id\":\"https:\/\/adl-regalosempresa.com\/tiendaonline\/#website\"},\"primaryImageOfPage\":{\"@id\":\"https:\/\/adl-regalosempresa.com\/tiendaonline\/articulos\/merchandising\/bateria-externa-magnetica-de-20-000-mah-para-personalizar-con-logo\/#primaryimage\"},\"image\":{\"@id\":\"https:\/\/adl-regalosempresa.com\/tiendaonline\/articulos\/merchandising\/bateria-externa-magnetica-de-20-000-mah-para-personalizar-con-logo\/#primaryimage\"},\"thumbnailUrl\":\"https:\/\/adl-regalosempresa.com\/tiendaonline\/wp-content\/uploads\/2024\/02\/1PX12990.jpg\",\"datePublished\":\"2026-03-31T06:09:52+00:00\",\"dateModified\":\"2026-05-14T08:38:23+00:00\",\"description\":\"Art\u00edculo de merchandising Bater\u00eda externa magn\u00e9tica de 20\u00a0000\u00a0mAh \\\"SCX.design P50\\\". Bater\u00eda externa con 20\u00a0000\u00a0mAh de capacidad, logotipo retroiluminado y tecnolog\u00eda MagSafe, que le permite acoplarse magn\u00e9ticamente a la parte posterior de un tel\u00e9fono. La tecnolog\u00eda de esta bater\u00eda externa se revela gracias a la carcasa transparente que muestra la placa de circuito de su interior. Con pantalla digital de bater\u00eda y salida\/entrada USB tipo C. La carcasa est\u00e1 hecha de un m\u00ednimo de 50\u00a0% de pl\u00e1stico reciclado. Si tu tel\u00e9fono no cuenta con la tecnolog\u00eda MagSafe, puedes a\u00f1adirle en la parte posterior la pegatina magn\u00e9tica incluida para que sea compatible con el soporte magn\u00e9tico. Tama\u00f1o de la bater\u00eda externa: 14,5 x 6,7 x 2,4 cm. Se presenta en una caja de regalo de papel reciclado (18,8 x 8,48 x 3,8 cm) con cierre magn\u00e9tico. Incluye una garant\u00eda de tres a\u00f1os.\",\"breadcrumb\":{\"@id\":\"https:\/\/adl-regalosempresa.com\/tiendaonline\/articulos\/merchandising\/bateria-externa-magnetica-de-20-000-mah-para-personalizar-con-logo\/#breadcrumb\"},\"inLanguage\":\"es\",\"potentialAction\":[{\"@type\":\"ReadAction\",\"target\":[\"https:\/\/adl-regalosempresa.com\/tiendaonline\/articulos\/merchandising\/bateria-externa-magnetica-de-20-000-mah-para-personalizar-con-logo\/\"]}]},{\"@type\":\"ImageObject\",\"inLanguage\":\"es\",\"@id\":\"https:\/\/adl-regalosempresa.com\/tiendaonline\/articulos\/merchandising\/bateria-externa-magnetica-de-20-000-mah-para-personalizar-con-logo\/#primaryimage\",\"url\":\"https:\/\/adl-regalosempresa.com\/tiendaonline\/wp-content\/uploads\/2024\/02\/1PX12990.jpg\",\"contentUrl\":\"https:\/\/adl-regalosempresa.com\/tiendaonline\/wp-content\/uploads\/2024\/02\/1PX12990.jpg\",\"width\":1600,\"height\":1600,\"caption\":\"Bater\u00eda externa magn\u00e9tica de 20\u00a0000\u00a0mAh \\\"SCX.design P50\\\"\"},{\"@type\":\"BreadcrumbList\",\"@id\":\"https:\/\/adl-regalosempresa.com\/tiendaonline\/articulos\/merchandising\/bateria-externa-magnetica-de-20-000-mah-para-personalizar-con-logo\/#breadcrumb\",\"itemListElement\":[{\"@type\":\"ListItem\",\"position\":1,\"name\":\"Portada\",\"item\":\"https:\/\/adl-regalosempresa.com\/tiendaonline\/\"},{\"@type\":\"ListItem\",\"position\":2,\"name\":\"Tienda\",\"item\":\"https:\/\/adl-regalosempresa.com\/tiendaonline\/tienda\/\"},{\"@type\":\"ListItem\",\"position\":3,\"name\":\"Bater\u00eda externa magn\u00e9tica de 20\u00a0000\u00a0mAh para personalizar con logo\"}]},{\"@type\":\"WebSite\",\"@id\":\"https:\/\/adl-regalosempresa.com\/tiendaonline\/#website\",\"url\":\"https:\/\/adl-regalosempresa.com\/tiendaonline\/\",\"name\":\"ADL Comunicaci\u00f3n\",\"description\":\"Regalos de empresa\",\"publisher\":{\"@id\":\"https:\/\/adl-regalosempresa.com\/tiendaonline\/#organization\"},\"potentialAction\":[{\"@type\":\"SearchAction\",\"target\":{\"@type\":\"EntryPoint\",\"urlTemplate\":\"https:\/\/adl-regalosempresa.com\/tiendaonline\/?s={search_term_string}\"},\"query-input\":{\"@type\":\"PropertyValueSpecification\",\"valueRequired\":true,\"valueName\":\"search_term_string\"}}],\"inLanguage\":\"es\"},{\"@type\":\"Organization\",\"@id\":\"https:\/\/adl-regalosempresa.com\/tiendaonline\/#organization\",\"name\":\"ADL Comunicaci\u00f3n\",\"url\":\"https:\/\/adl-regalosempresa.com\/tiendaonline\/\",\"logo\":{\"@type\":\"ImageObject\",\"inLanguage\":\"es\",\"@id\":\"https:\/\/adl-regalosempresa.com\/tiendaonline\/#\/schema\/logo\/image\/\",\"url\":\"https:\/\/adl-regalosempresa.com\/tiendaonline\/wp-content\/uploads\/2017\/09\/logo-adl-wp.png\",\"contentUrl\":\"https:\/\/adl-regalosempresa.com\/tiendaonline\/wp-content\/uploads\/2017\/09\/logo-adl-wp.png\",\"width\":407,\"height\":185,\"caption\":\"ADL Comunicaci\u00f3n\"},\"image\":{\"@id\":\"https:\/\/adl-regalosempresa.com\/tiendaonline\/#\/schema\/logo\/image\/\"}}]}<\/script>\n<!-- \/ Yoast SEO plugin. -->","yoast_head_json":{"title":"Merchandising Bater\u00eda externa magn\u00e9tica de 20\u00a0000\u00a0mAh para personalizar con logo - ADL","description":"Art\u00edculo de merchandising Bater\u00eda externa magn\u00e9tica de 20\u00a0000\u00a0mAh \"SCX.design P50\". Bater\u00eda externa con 20\u00a0000\u00a0mAh de capacidad, logotipo retroiluminado y tecnolog\u00eda MagSafe, que le permite acoplarse magn\u00e9ticamente a la parte posterior de un tel\u00e9fono. La tecnolog\u00eda de esta bater\u00eda externa se revela gracias a la carcasa transparente que muestra la placa de circuito de su interior. Con pantalla digital de bater\u00eda y salida\/entrada USB tipo C. La carcasa est\u00e1 hecha de un m\u00ednimo de 50\u00a0% de pl\u00e1stico reciclado. Si tu tel\u00e9fono no cuenta con la tecnolog\u00eda MagSafe, puedes a\u00f1adirle en la parte posterior la pegatina magn\u00e9tica incluida para que sea compatible con el soporte magn\u00e9tico. Tama\u00f1o de la bater\u00eda externa: 14,5 x 6,7 x 2,4 cm. Se presenta en una caja de regalo de papel reciclado (18,8 x 8,48 x 3,8 cm) con cierre magn\u00e9tico. Incluye una garant\u00eda de tres a\u00f1os.","robots":{"index":"index","follow":"follow","max-snippet":"max-snippet:-1","max-image-preview":"max-image-preview:large","max-video-preview":"max-video-preview:-1"},"canonical":"https:\/\/adl-regalosempresa.com\/tiendaonline\/articulos\/merchandising\/bateria-externa-magnetica-de-20-000-mah-para-personalizar-con-logo\/","og_locale":"es_ES","og_type":"article","og_title":"Merchandising Bater\u00eda externa magn\u00e9tica de 20\u00a0000\u00a0mAh para personalizar con logo - ADL","og_description":"Art\u00edculo de merchandising Bater\u00eda externa magn\u00e9tica de 20\u00a0000\u00a0mAh \"SCX.design P50\". Bater\u00eda externa con 20\u00a0000\u00a0mAh de capacidad, logotipo retroiluminado y tecnolog\u00eda MagSafe, que le permite acoplarse magn\u00e9ticamente a la parte posterior de un tel\u00e9fono. La tecnolog\u00eda de esta bater\u00eda externa se revela gracias a la carcasa transparente que muestra la placa de circuito de su interior. Con pantalla digital de bater\u00eda y salida\/entrada USB tipo C. La carcasa est\u00e1 hecha de un m\u00ednimo de 50\u00a0% de pl\u00e1stico reciclado. Si tu tel\u00e9fono no cuenta con la tecnolog\u00eda MagSafe, puedes a\u00f1adirle en la parte posterior la pegatina magn\u00e9tica incluida para que sea compatible con el soporte magn\u00e9tico. Tama\u00f1o de la bater\u00eda externa: 14,5 x 6,7 x 2,4 cm. Se presenta en una caja de regalo de papel reciclado (18,8 x 8,48 x 3,8 cm) con cierre magn\u00e9tico. Incluye una garant\u00eda de tres a\u00f1os.","og_url":"https:\/\/adl-regalosempresa.com\/tiendaonline\/articulos\/merchandising\/bateria-externa-magnetica-de-20-000-mah-para-personalizar-con-logo\/","og_site_name":"ADL Comunicaci\u00f3n","article_modified_time":"2026-05-14T08:38:23+00:00","og_image":[{"width":1600,"height":1600,"url":"https:\/\/adl-regalosempresa.com\/tiendaonline\/wp-content\/uploads\/2024\/02\/1PX12990.jpg","type":"image\/jpeg"}],"twitter_card":"summary_large_image","twitter_title":"Merchandising Bater\u00eda externa magn\u00e9tica de 20\u00a0000\u00a0mAh para personalizar con logo - ADL","twitter_misc":{"Tiempo de lectura":"1 minuto"},"schema":{"@context":"https:\/\/schema.org","@graph":[{"@type":"WebPage","@id":"https:\/\/adl-regalosempresa.com\/tiendaonline\/articulos\/merchandising\/bateria-externa-magnetica-de-20-000-mah-para-personalizar-con-logo\/","url":"https:\/\/adl-regalosempresa.com\/tiendaonline\/articulos\/merchandising\/bateria-externa-magnetica-de-20-000-mah-para-personalizar-con-logo\/","name":"Merchandising Bater\u00eda externa magn\u00e9tica de 20\u00a0000\u00a0mAh para personalizar con logo - ADL","isPartOf":{"@id":"https:\/\/adl-regalosempresa.com\/tiendaonline\/#website"},"primaryImageOfPage":{"@id":"https:\/\/adl-regalosempresa.com\/tiendaonline\/articulos\/merchandising\/bateria-externa-magnetica-de-20-000-mah-para-personalizar-con-logo\/#primaryimage"},"image":{"@id":"https:\/\/adl-regalosempresa.com\/tiendaonline\/articulos\/merchandising\/bateria-externa-magnetica-de-20-000-mah-para-personalizar-con-logo\/#primaryimage"},"thumbnailUrl":"https:\/\/adl-regalosempresa.com\/tiendaonline\/wp-content\/uploads\/2024\/02\/1PX12990.jpg","datePublished":"2026-03-31T06:09:52+00:00","dateModified":"2026-05-14T08:38:23+00:00","description":"Art\u00edculo de merchandising Bater\u00eda externa magn\u00e9tica de 20\u00a0000\u00a0mAh \"SCX.design P50\". Bater\u00eda externa con 20\u00a0000\u00a0mAh de capacidad, logotipo retroiluminado y tecnolog\u00eda MagSafe, que le permite acoplarse magn\u00e9ticamente a la parte posterior de un tel\u00e9fono. La tecnolog\u00eda de esta bater\u00eda externa se revela gracias a la carcasa transparente que muestra la placa de circuito de su interior. Con pantalla digital de bater\u00eda y salida\/entrada USB tipo C. La carcasa est\u00e1 hecha de un m\u00ednimo de 50\u00a0% de pl\u00e1stico reciclado. Si tu tel\u00e9fono no cuenta con la tecnolog\u00eda MagSafe, puedes a\u00f1adirle en la parte posterior la pegatina magn\u00e9tica incluida para que sea compatible con el soporte magn\u00e9tico. Tama\u00f1o de la bater\u00eda externa: 14,5 x 6,7 x 2,4 cm. Se presenta en una caja de regalo de papel reciclado (18,8 x 8,48 x 3,8 cm) con cierre magn\u00e9tico. Incluye una garant\u00eda de tres a\u00f1os.","breadcrumb":{"@id":"https:\/\/adl-regalosempresa.com\/tiendaonline\/articulos\/merchandising\/bateria-externa-magnetica-de-20-000-mah-para-personalizar-con-logo\/#breadcrumb"},"inLanguage":"es","potentialAction":[{"@type":"ReadAction","target":["https:\/\/adl-regalosempresa.com\/tiendaonline\/articulos\/merchandising\/bateria-externa-magnetica-de-20-000-mah-para-personalizar-con-logo\/"]}]},{"@type":"ImageObject","inLanguage":"es","@id":"https:\/\/adl-regalosempresa.com\/tiendaonline\/articulos\/merchandising\/bateria-externa-magnetica-de-20-000-mah-para-personalizar-con-logo\/#primaryimage","url":"https:\/\/adl-regalosempresa.com\/tiendaonline\/wp-content\/uploads\/2024\/02\/1PX12990.jpg","contentUrl":"https:\/\/adl-regalosempresa.com\/tiendaonline\/wp-content\/uploads\/2024\/02\/1PX12990.jpg","width":1600,"height":1600,"caption":"Bater\u00eda externa magn\u00e9tica de 20\u00a0000\u00a0mAh \"SCX.design P50\""},{"@type":"BreadcrumbList","@id":"https:\/\/adl-regalosempresa.com\/tiendaonline\/articulos\/merchandising\/bateria-externa-magnetica-de-20-000-mah-para-personalizar-con-logo\/#breadcrumb","itemListElement":[{"@type":"ListItem","position":1,"name":"Portada","item":"https:\/\/adl-regalosempresa.com\/tiendaonline\/"},{"@type":"ListItem","position":2,"name":"Tienda","item":"https:\/\/adl-regalosempresa.com\/tiendaonline\/tienda\/"},{"@type":"ListItem","position":3,"name":"Bater\u00eda externa magn\u00e9tica de 20\u00a0000\u00a0mAh para personalizar con logo"}]},{"@type":"WebSite","@id":"https:\/\/adl-regalosempresa.com\/tiendaonline\/#website","url":"https:\/\/adl-regalosempresa.com\/tiendaonline\/","name":"ADL Comunicaci\u00f3n","description":"Regalos de empresa","publisher":{"@id":"https:\/\/adl-regalosempresa.com\/tiendaonline\/#organization"},"potentialAction":[{"@type":"SearchAction","target":{"@type":"EntryPoint","urlTemplate":"https:\/\/adl-regalosempresa.com\/tiendaonline\/?s={search_term_string}"},"query-input":{"@type":"PropertyValueSpecification","valueRequired":true,"valueName":"search_term_string"}}],"inLanguage":"es"},{"@type":"Organization","@id":"https:\/\/adl-regalosempresa.com\/tiendaonline\/#organization","name":"ADL Comunicaci\u00f3n","url":"https:\/\/adl-regalosempresa.com\/tiendaonline\/","logo":{"@type":"ImageObject","inLanguage":"es","@id":"https:\/\/adl-regalosempresa.com\/tiendaonline\/#\/schema\/logo\/image\/","url":"https:\/\/adl-regalosempresa.com\/tiendaonline\/wp-content\/uploads\/2017\/09\/logo-adl-wp.png","contentUrl":"https:\/\/adl-regalosempresa.com\/tiendaonline\/wp-content\/uploads\/2017\/09\/logo-adl-wp.png","width":407,"height":185,"caption":"ADL Comunicaci\u00f3n"},"image":{"@id":"https:\/\/adl-regalosempresa.com\/tiendaonline\/#\/schema\/logo\/image\/"}}]}},"_links":{"self":[{"href":"https:\/\/adl-regalosempresa.com\/tiendaonline\/wp-json\/wp\/v2\/product\/132462","targetHints":{"allow":["GET"]}}],"collection":[{"href":"https:\/\/adl-regalosempresa.com\/tiendaonline\/wp-json\/wp\/v2\/product"}],"about":[{"href":"https:\/\/adl-regalosempresa.com\/tiendaonline\/wp-json\/wp\/v2\/types\/product"}],"wp:featuredmedia":[{"embeddable":true,"href":"https:\/\/adl-regalosempresa.com\/tiendaonline\/wp-json\/wp\/v2\/media\/132464"}],"wp:attachment":[{"href":"https:\/\/adl-regalosempresa.com\/tiendaonline\/wp-json\/wp\/v2\/media?parent=132462"}],"wp:term":[{"taxonomy":"product_brand","embeddable":true,"href":"https:\/\/adl-regalosempresa.com\/tiendaonline\/wp-json\/wp\/v2\/product_brand?post=132462"},{"taxonomy":"product_cat","embeddable":true,"href":"https:\/\/adl-regalosempresa.com\/tiendaonline\/wp-json\/wp\/v2\/product_cat?post=132462"},{"taxonomy":"product_tag","embeddable":true,"href":"https:\/\/adl-regalosempresa.com\/tiendaonline\/wp-json\/wp\/v2\/product_tag?post=132462"}],"curies":[{"name":"wp","href":"https:\/\/api.w.org\/{rel}","templated":true}]}}