{"id":132264,"date":"2026-03-31T06:09:32","date_gmt":"2026-03-31T06:09:32","guid":{"rendered":"https:\/\/adl-regalosempresa.com\/tiendaonline\/articulos\/merchandising\/pistola-de-masaje-para-personalizar-con-logo-6\/"},"modified":"2026-04-22T08:38:14","modified_gmt":"2026-04-22T08:38:14","slug":"pistola-de-masaje-para-personalizar-con-logo-6","status":"publish","type":"product","link":"https:\/\/adl-regalosempresa.com\/tiendaonline\/articulos\/merchandising\/pistola-de-masaje-para-personalizar-con-logo-6\/","title":{"rendered":"Pistola de masaje  para personalizar con logo"},"content":{"rendered":"<p>La pistola de masaje \u00abFit Power Flex\u00bb ayuda a calentar la musculatura antes de hacer ejercicio, recuperarse de los entrenamientos, aliviar el dolor y prevenir lesiones. Incluye 7 cabezales para realizar diferentes masajes en distintas partes del cuerpo, as\u00ed como una banda el\u00e1stica para llegar mejor a todo el cuerpo. Para un mayor alivio del dolor, se puede utilizar la funci\u00f3n de calor con 3 niveles. La pistola de masaje tiene 6 niveles de velocidad ajustables. Potencia del motor: 24 W. Resistencia: 2800 rpm. Bater\u00eda: 1500 mAh.<\/p>\n","protected":false},"excerpt":{"rendered":"<p><strong>Descuentos por cantidades<\/strong><br \/>&#8211; a partir de 2 unidades: 73,97 \u20ac\/ud<br \/>&#8211; a partir de 5 unidades: 72,98 \u20ac\/ud<br \/>&#8211; a partir de 10 unidades: 72,05 \u20ac\/ud<\/p>\n<p>Para cantidades superiores a las aqu\u00ed indicadas, no dudes en ponerte en contacto con nuestro departamento comercial o <a href='https:\/\/adl-regalosempresa.com\/tiendaonline\/solicitud-presupuesto\/'>pedirnos presupuesto personalizado<\/a>, ajustaremos el presupuesto a tus necesidades.<\/p>\n","protected":false},"featured_media":132266,"template":"","meta":{"_kad_post_transparent":"","_kad_post_title":"","_kad_post_layout":"","_kad_post_sidebar_id":"","_kad_post_content_style":"","_kad_post_vertical_padding":"","_kad_post_feature":"","_kad_post_feature_position":"","_kad_post_header":false,"_kad_post_footer":false,"_kad_post_classname":""},"product_brand":[],"product_cat":[3855,3375],"product_tag":[],"class_list":{"0":"post-132264","1":"product","2":"type-product","3":"status-publish","4":"has-post-thumbnail","6":"product_cat-fitness-y-deporte","7":"product_cat-deportes-y-ocio","8":"pa_alto-68-cm","9":"pa_ancho-277-cm","10":"pa_color-negro-intenso","11":"pa_color-simple-negro-intenso","12":"pa_largo-33-cm","13":"pa_marca-prixton","14":"pa_material-plastico-abs-caucho","15":"pa_peso-2000-gr","17":"first","18":"instock","19":"taxable","20":"shipping-taxable","21":"purchasable","22":"product-type-variable","23":"entry","24":"content-bg","25":"loop-entry"},"yoast_head":"<!-- This site is optimized with the Yoast SEO plugin v26.3 - https:\/\/yoast.com\/wordpress\/plugins\/seo\/ -->\n<title>Merchandising Pistola de masaje para personalizar con logo - ADL<\/title>\n<meta name=\"description\" content=\"Art\u00edculo de merchandising Pistola de masaje &quot;Prixton Fit Power Flex&quot;. La pistola de masaje &quot;Fit Power Flex&quot; ayuda a calentar la musculatura antes de hacer ejercicio, recuperarse de los entrenamientos, aliviar el dolor y prevenir lesiones. Incluye 7 cabezales para realizar diferentes masajes en distintas partes del cuerpo, as\u00ed como una banda el\u00e1stica para llegar mejor a todo el cuerpo. Para un mayor alivio del dolor, se puede utilizar la funci\u00f3n de calor con 3 niveles. La pistola de masaje tiene 6 niveles de velocidad ajustables. Potencia del motor: 24 W. Resistencia: 2800 rpm. Bater\u00eda: 1500 mAh.\" \/>\n<meta name=\"robots\" content=\"index, follow, max-snippet:-1, max-image-preview:large, max-video-preview:-1\" \/>\n<link rel=\"canonical\" href=\"https:\/\/adl-regalosempresa.com\/tiendaonline\/articulos\/merchandising\/pistola-de-masaje-para-personalizar-con-logo-6\/\" \/>\n<meta property=\"og:locale\" content=\"es_ES\" \/>\n<meta property=\"og:type\" content=\"article\" \/>\n<meta property=\"og:title\" content=\"Merchandising Pistola de masaje para personalizar con logo - ADL\" \/>\n<meta property=\"og:description\" content=\"Art\u00edculo de merchandising Pistola de masaje &quot;Prixton Fit Power Flex&quot;. La pistola de masaje &quot;Fit Power Flex&quot; ayuda a calentar la musculatura antes de hacer ejercicio, recuperarse de los entrenamientos, aliviar el dolor y prevenir lesiones. Incluye 7 cabezales para realizar diferentes masajes en distintas partes del cuerpo, as\u00ed como una banda el\u00e1stica para llegar mejor a todo el cuerpo. Para un mayor alivio del dolor, se puede utilizar la funci\u00f3n de calor con 3 niveles. La pistola de masaje tiene 6 niveles de velocidad ajustables. Potencia del motor: 24 W. Resistencia: 2800 rpm. Bater\u00eda: 1500 mAh.\" \/>\n<meta property=\"og:url\" content=\"https:\/\/adl-regalosempresa.com\/tiendaonline\/articulos\/merchandising\/pistola-de-masaje-para-personalizar-con-logo-6\/\" \/>\n<meta property=\"og:site_name\" content=\"ADL Comunicaci\u00f3n\" \/>\n<meta property=\"article:modified_time\" content=\"2026-04-22T08:38:14+00:00\" \/>\n<meta property=\"og:image\" content=\"https:\/\/adl-regalosempresa.com\/tiendaonline\/wp-content\/uploads\/2024\/02\/1PA15590.jpg\" \/>\n\t<meta property=\"og:image:width\" content=\"1600\" \/>\n\t<meta property=\"og:image:height\" content=\"1600\" \/>\n\t<meta property=\"og:image:type\" content=\"image\/jpeg\" \/>\n<meta name=\"twitter:card\" content=\"summary_large_image\" \/>\n<meta name=\"twitter:title\" content=\"Merchandising Pistola de masaje para personalizar con logo - ADL\" \/>\n<script type=\"application\/ld+json\" class=\"yoast-schema-graph\">{\"@context\":\"https:\/\/schema.org\",\"@graph\":[{\"@type\":\"WebPage\",\"@id\":\"https:\/\/adl-regalosempresa.com\/tiendaonline\/articulos\/merchandising\/pistola-de-masaje-para-personalizar-con-logo-6\/\",\"url\":\"https:\/\/adl-regalosempresa.com\/tiendaonline\/articulos\/merchandising\/pistola-de-masaje-para-personalizar-con-logo-6\/\",\"name\":\"Merchandising Pistola de masaje para personalizar con logo - ADL\",\"isPartOf\":{\"@id\":\"https:\/\/adl-regalosempresa.com\/tiendaonline\/#website\"},\"primaryImageOfPage\":{\"@id\":\"https:\/\/adl-regalosempresa.com\/tiendaonline\/articulos\/merchandising\/pistola-de-masaje-para-personalizar-con-logo-6\/#primaryimage\"},\"image\":{\"@id\":\"https:\/\/adl-regalosempresa.com\/tiendaonline\/articulos\/merchandising\/pistola-de-masaje-para-personalizar-con-logo-6\/#primaryimage\"},\"thumbnailUrl\":\"https:\/\/adl-regalosempresa.com\/tiendaonline\/wp-content\/uploads\/2024\/02\/1PA15590.jpg\",\"datePublished\":\"2026-03-31T06:09:32+00:00\",\"dateModified\":\"2026-04-22T08:38:14+00:00\",\"description\":\"Art\u00edculo de merchandising Pistola de masaje \\\"Prixton Fit Power Flex\\\". La pistola de masaje \\\"Fit Power Flex\\\" ayuda a calentar la musculatura antes de hacer ejercicio, recuperarse de los entrenamientos, aliviar el dolor y prevenir lesiones. Incluye 7 cabezales para realizar diferentes masajes en distintas partes del cuerpo, as\u00ed como una banda el\u00e1stica para llegar mejor a todo el cuerpo. Para un mayor alivio del dolor, se puede utilizar la funci\u00f3n de calor con 3 niveles. La pistola de masaje tiene 6 niveles de velocidad ajustables. Potencia del motor: 24 W. Resistencia: 2800 rpm. Bater\u00eda: 1500 mAh.\",\"breadcrumb\":{\"@id\":\"https:\/\/adl-regalosempresa.com\/tiendaonline\/articulos\/merchandising\/pistola-de-masaje-para-personalizar-con-logo-6\/#breadcrumb\"},\"inLanguage\":\"es\",\"potentialAction\":[{\"@type\":\"ReadAction\",\"target\":[\"https:\/\/adl-regalosempresa.com\/tiendaonline\/articulos\/merchandising\/pistola-de-masaje-para-personalizar-con-logo-6\/\"]}]},{\"@type\":\"ImageObject\",\"inLanguage\":\"es\",\"@id\":\"https:\/\/adl-regalosempresa.com\/tiendaonline\/articulos\/merchandising\/pistola-de-masaje-para-personalizar-con-logo-6\/#primaryimage\",\"url\":\"https:\/\/adl-regalosempresa.com\/tiendaonline\/wp-content\/uploads\/2024\/02\/1PA15590.jpg\",\"contentUrl\":\"https:\/\/adl-regalosempresa.com\/tiendaonline\/wp-content\/uploads\/2024\/02\/1PA15590.jpg\",\"width\":1600,\"height\":1600,\"caption\":\"Pistola de masaje \\\"Prixton Fit Power Flex\\\"\"},{\"@type\":\"BreadcrumbList\",\"@id\":\"https:\/\/adl-regalosempresa.com\/tiendaonline\/articulos\/merchandising\/pistola-de-masaje-para-personalizar-con-logo-6\/#breadcrumb\",\"itemListElement\":[{\"@type\":\"ListItem\",\"position\":1,\"name\":\"Portada\",\"item\":\"https:\/\/adl-regalosempresa.com\/tiendaonline\/\"},{\"@type\":\"ListItem\",\"position\":2,\"name\":\"Tienda\",\"item\":\"https:\/\/adl-regalosempresa.com\/tiendaonline\/tienda\/\"},{\"@type\":\"ListItem\",\"position\":3,\"name\":\"Pistola de masaje para personalizar con logo\"}]},{\"@type\":\"WebSite\",\"@id\":\"https:\/\/adl-regalosempresa.com\/tiendaonline\/#website\",\"url\":\"https:\/\/adl-regalosempresa.com\/tiendaonline\/\",\"name\":\"ADL Comunicaci\u00f3n\",\"description\":\"Regalos de empresa\",\"publisher\":{\"@id\":\"https:\/\/adl-regalosempresa.com\/tiendaonline\/#organization\"},\"potentialAction\":[{\"@type\":\"SearchAction\",\"target\":{\"@type\":\"EntryPoint\",\"urlTemplate\":\"https:\/\/adl-regalosempresa.com\/tiendaonline\/?s={search_term_string}\"},\"query-input\":{\"@type\":\"PropertyValueSpecification\",\"valueRequired\":true,\"valueName\":\"search_term_string\"}}],\"inLanguage\":\"es\"},{\"@type\":\"Organization\",\"@id\":\"https:\/\/adl-regalosempresa.com\/tiendaonline\/#organization\",\"name\":\"ADL Comunicaci\u00f3n\",\"url\":\"https:\/\/adl-regalosempresa.com\/tiendaonline\/\",\"logo\":{\"@type\":\"ImageObject\",\"inLanguage\":\"es\",\"@id\":\"https:\/\/adl-regalosempresa.com\/tiendaonline\/#\/schema\/logo\/image\/\",\"url\":\"https:\/\/adl-regalosempresa.com\/tiendaonline\/wp-content\/uploads\/2017\/09\/logo-adl-wp.png\",\"contentUrl\":\"https:\/\/adl-regalosempresa.com\/tiendaonline\/wp-content\/uploads\/2017\/09\/logo-adl-wp.png\",\"width\":407,\"height\":185,\"caption\":\"ADL Comunicaci\u00f3n\"},\"image\":{\"@id\":\"https:\/\/adl-regalosempresa.com\/tiendaonline\/#\/schema\/logo\/image\/\"}}]}<\/script>\n<!-- \/ Yoast SEO plugin. -->","yoast_head_json":{"title":"Merchandising Pistola de masaje para personalizar con logo - ADL","description":"Art\u00edculo de merchandising Pistola de masaje \"Prixton Fit Power Flex\". La pistola de masaje \"Fit Power Flex\" ayuda a calentar la musculatura antes de hacer ejercicio, recuperarse de los entrenamientos, aliviar el dolor y prevenir lesiones. Incluye 7 cabezales para realizar diferentes masajes en distintas partes del cuerpo, as\u00ed como una banda el\u00e1stica para llegar mejor a todo el cuerpo. Para un mayor alivio del dolor, se puede utilizar la funci\u00f3n de calor con 3 niveles. La pistola de masaje tiene 6 niveles de velocidad ajustables. Potencia del motor: 24 W. Resistencia: 2800 rpm. Bater\u00eda: 1500 mAh.","robots":{"index":"index","follow":"follow","max-snippet":"max-snippet:-1","max-image-preview":"max-image-preview:large","max-video-preview":"max-video-preview:-1"},"canonical":"https:\/\/adl-regalosempresa.com\/tiendaonline\/articulos\/merchandising\/pistola-de-masaje-para-personalizar-con-logo-6\/","og_locale":"es_ES","og_type":"article","og_title":"Merchandising Pistola de masaje para personalizar con logo - ADL","og_description":"Art\u00edculo de merchandising Pistola de masaje \"Prixton Fit Power Flex\". La pistola de masaje \"Fit Power Flex\" ayuda a calentar la musculatura antes de hacer ejercicio, recuperarse de los entrenamientos, aliviar el dolor y prevenir lesiones. Incluye 7 cabezales para realizar diferentes masajes en distintas partes del cuerpo, as\u00ed como una banda el\u00e1stica para llegar mejor a todo el cuerpo. Para un mayor alivio del dolor, se puede utilizar la funci\u00f3n de calor con 3 niveles. La pistola de masaje tiene 6 niveles de velocidad ajustables. Potencia del motor: 24 W. Resistencia: 2800 rpm. Bater\u00eda: 1500 mAh.","og_url":"https:\/\/adl-regalosempresa.com\/tiendaonline\/articulos\/merchandising\/pistola-de-masaje-para-personalizar-con-logo-6\/","og_site_name":"ADL Comunicaci\u00f3n","article_modified_time":"2026-04-22T08:38:14+00:00","og_image":[{"width":1600,"height":1600,"url":"https:\/\/adl-regalosempresa.com\/tiendaonline\/wp-content\/uploads\/2024\/02\/1PA15590.jpg","type":"image\/jpeg"}],"twitter_card":"summary_large_image","twitter_title":"Merchandising Pistola de masaje para personalizar con logo - ADL","schema":{"@context":"https:\/\/schema.org","@graph":[{"@type":"WebPage","@id":"https:\/\/adl-regalosempresa.com\/tiendaonline\/articulos\/merchandising\/pistola-de-masaje-para-personalizar-con-logo-6\/","url":"https:\/\/adl-regalosempresa.com\/tiendaonline\/articulos\/merchandising\/pistola-de-masaje-para-personalizar-con-logo-6\/","name":"Merchandising Pistola de masaje para personalizar con logo - ADL","isPartOf":{"@id":"https:\/\/adl-regalosempresa.com\/tiendaonline\/#website"},"primaryImageOfPage":{"@id":"https:\/\/adl-regalosempresa.com\/tiendaonline\/articulos\/merchandising\/pistola-de-masaje-para-personalizar-con-logo-6\/#primaryimage"},"image":{"@id":"https:\/\/adl-regalosempresa.com\/tiendaonline\/articulos\/merchandising\/pistola-de-masaje-para-personalizar-con-logo-6\/#primaryimage"},"thumbnailUrl":"https:\/\/adl-regalosempresa.com\/tiendaonline\/wp-content\/uploads\/2024\/02\/1PA15590.jpg","datePublished":"2026-03-31T06:09:32+00:00","dateModified":"2026-04-22T08:38:14+00:00","description":"Art\u00edculo de merchandising Pistola de masaje \"Prixton Fit Power Flex\". La pistola de masaje \"Fit Power Flex\" ayuda a calentar la musculatura antes de hacer ejercicio, recuperarse de los entrenamientos, aliviar el dolor y prevenir lesiones. Incluye 7 cabezales para realizar diferentes masajes en distintas partes del cuerpo, as\u00ed como una banda el\u00e1stica para llegar mejor a todo el cuerpo. Para un mayor alivio del dolor, se puede utilizar la funci\u00f3n de calor con 3 niveles. La pistola de masaje tiene 6 niveles de velocidad ajustables. Potencia del motor: 24 W. Resistencia: 2800 rpm. Bater\u00eda: 1500 mAh.","breadcrumb":{"@id":"https:\/\/adl-regalosempresa.com\/tiendaonline\/articulos\/merchandising\/pistola-de-masaje-para-personalizar-con-logo-6\/#breadcrumb"},"inLanguage":"es","potentialAction":[{"@type":"ReadAction","target":["https:\/\/adl-regalosempresa.com\/tiendaonline\/articulos\/merchandising\/pistola-de-masaje-para-personalizar-con-logo-6\/"]}]},{"@type":"ImageObject","inLanguage":"es","@id":"https:\/\/adl-regalosempresa.com\/tiendaonline\/articulos\/merchandising\/pistola-de-masaje-para-personalizar-con-logo-6\/#primaryimage","url":"https:\/\/adl-regalosempresa.com\/tiendaonline\/wp-content\/uploads\/2024\/02\/1PA15590.jpg","contentUrl":"https:\/\/adl-regalosempresa.com\/tiendaonline\/wp-content\/uploads\/2024\/02\/1PA15590.jpg","width":1600,"height":1600,"caption":"Pistola de masaje \"Prixton Fit Power Flex\""},{"@type":"BreadcrumbList","@id":"https:\/\/adl-regalosempresa.com\/tiendaonline\/articulos\/merchandising\/pistola-de-masaje-para-personalizar-con-logo-6\/#breadcrumb","itemListElement":[{"@type":"ListItem","position":1,"name":"Portada","item":"https:\/\/adl-regalosempresa.com\/tiendaonline\/"},{"@type":"ListItem","position":2,"name":"Tienda","item":"https:\/\/adl-regalosempresa.com\/tiendaonline\/tienda\/"},{"@type":"ListItem","position":3,"name":"Pistola de masaje para personalizar con logo"}]},{"@type":"WebSite","@id":"https:\/\/adl-regalosempresa.com\/tiendaonline\/#website","url":"https:\/\/adl-regalosempresa.com\/tiendaonline\/","name":"ADL Comunicaci\u00f3n","description":"Regalos de empresa","publisher":{"@id":"https:\/\/adl-regalosempresa.com\/tiendaonline\/#organization"},"potentialAction":[{"@type":"SearchAction","target":{"@type":"EntryPoint","urlTemplate":"https:\/\/adl-regalosempresa.com\/tiendaonline\/?s={search_term_string}"},"query-input":{"@type":"PropertyValueSpecification","valueRequired":true,"valueName":"search_term_string"}}],"inLanguage":"es"},{"@type":"Organization","@id":"https:\/\/adl-regalosempresa.com\/tiendaonline\/#organization","name":"ADL Comunicaci\u00f3n","url":"https:\/\/adl-regalosempresa.com\/tiendaonline\/","logo":{"@type":"ImageObject","inLanguage":"es","@id":"https:\/\/adl-regalosempresa.com\/tiendaonline\/#\/schema\/logo\/image\/","url":"https:\/\/adl-regalosempresa.com\/tiendaonline\/wp-content\/uploads\/2017\/09\/logo-adl-wp.png","contentUrl":"https:\/\/adl-regalosempresa.com\/tiendaonline\/wp-content\/uploads\/2017\/09\/logo-adl-wp.png","width":407,"height":185,"caption":"ADL Comunicaci\u00f3n"},"image":{"@id":"https:\/\/adl-regalosempresa.com\/tiendaonline\/#\/schema\/logo\/image\/"}}]}},"_links":{"self":[{"href":"https:\/\/adl-regalosempresa.com\/tiendaonline\/wp-json\/wp\/v2\/product\/132264","targetHints":{"allow":["GET"]}}],"collection":[{"href":"https:\/\/adl-regalosempresa.com\/tiendaonline\/wp-json\/wp\/v2\/product"}],"about":[{"href":"https:\/\/adl-regalosempresa.com\/tiendaonline\/wp-json\/wp\/v2\/types\/product"}],"wp:featuredmedia":[{"embeddable":true,"href":"https:\/\/adl-regalosempresa.com\/tiendaonline\/wp-json\/wp\/v2\/media\/132266"}],"wp:attachment":[{"href":"https:\/\/adl-regalosempresa.com\/tiendaonline\/wp-json\/wp\/v2\/media?parent=132264"}],"wp:term":[{"taxonomy":"product_brand","embeddable":true,"href":"https:\/\/adl-regalosempresa.com\/tiendaonline\/wp-json\/wp\/v2\/product_brand?post=132264"},{"taxonomy":"product_cat","embeddable":true,"href":"https:\/\/adl-regalosempresa.com\/tiendaonline\/wp-json\/wp\/v2\/product_cat?post=132264"},{"taxonomy":"product_tag","embeddable":true,"href":"https:\/\/adl-regalosempresa.com\/tiendaonline\/wp-json\/wp\/v2\/product_tag?post=132264"}],"curies":[{"name":"wp","href":"https:\/\/api.w.org\/{rel}","templated":true}]}}