{"id":131944,"date":"2026-04-13T06:05:08","date_gmt":"2026-04-13T06:05:08","guid":{"rendered":"https:\/\/adl-regalosempresa.com\/tiendaonline\/articulos\/merchandising\/memoria-usb-3-0-metalica-para-personalizar-con-logo\/"},"modified":"2026-04-13T07:37:27","modified_gmt":"2026-04-13T07:37:27","slug":"memoria-usb-3-0-metalica-para-personalizar-con-logo","status":"publish","type":"product","link":"https:\/\/adl-regalosempresa.com\/tiendaonline\/articulos\/merchandising\/memoria-usb-3-0-metalica-para-personalizar-con-logo\/","title":{"rendered":"Memoria USB 3.0 met\u00e1lica  para personalizar con logo"},"content":{"rendered":"<p>La Rotate met\u00e1lica USB 3.0 es una unidad USB vers\u00e1til y duradera dise\u00f1ada para proteger tus datos con su innovadora funci\u00f3n giratoria. Con la tecnolog\u00eda USB 3.0 podr\u00e1 disfrutar de una transferencia de datos ultrarr\u00e1pida que te ahorrar\u00e1 mucho tiempo. El exclusivo dise\u00f1o giratorio no s\u00f3lo proporciona un factor de forma elegante y compacto, sino que tambi\u00e9n act\u00faa como mecanismo de protecci\u00f3n, protegiendo el conector USB de posibles da\u00f1os cuando no se utiliza. El acabado met\u00e1lico \u00abtono sobre tono\u00bb hace que la memoria USB resulte m\u00e1s atractiva, y el mosquet\u00f3n de la carcasa se puede utilizar para colgar un llavero (no incluido).<\/p>\n","protected":false},"excerpt":{"rendered":"<p><strong>Descuentos por cantidades<\/strong><br \/>&#8211; a partir de 1000 unidades: 5,7 \u20ac\/ud<br \/>&#8211; a partir de 2500 unidades: 5,69 \u20ac\/ud<br \/>&#8211; a partir de  unidades: 0 \u20ac\/ud<\/p>\n<p>Para cantidades superiores a las aqu\u00ed indicadas, no dudes en ponerte en contacto con nuestro departamento comercial o <a href='https:\/\/adl-regalosempresa.com\/tiendaonline\/solicitud-presupuesto\/'>pedirnos presupuesto personalizado<\/a>, ajustaremos el presupuesto a tus necesidades.<\/p>\n","protected":false},"featured_media":131946,"template":"","meta":{"_kad_post_transparent":"","_kad_post_title":"","_kad_post_layout":"","_kad_post_sidebar_id":"","_kad_post_content_style":"","_kad_post_vertical_padding":"","_kad_post_feature":"","_kad_post_feature_position":"","_kad_post_header":false,"_kad_post_footer":false,"_kad_post_classname":""},"product_brand":[],"product_cat":[3739,486],"product_tag":[],"class_list":{"0":"post-131944","1":"product","2":"type-product","3":"status-publish","4":"has-post-thumbnail","6":"product_cat-memorias-usb","7":"product_cat-tecnologia","8":"pa_alto-19-cm","9":"pa_ancho-1-cm","10":"pa_color-azul","11":"pa_color-azul-real","12":"pa_color-blanco","13":"pa_color-lima","14":"pa_color-naranja","15":"pa_color-negro-intenso","16":"pa_color-rojo","17":"pa_color-rojo-brillante","18":"pa_color-simple-azul","19":"pa_color-simple-blanco","20":"pa_color-simple-naranja","21":"pa_color-simple-negro-intenso","22":"pa_color-simple-rojo","23":"pa_color-simple-verde","24":"pa_gb-16-gb","25":"pa_gb-32-gb","26":"pa_gb-64-gb","27":"pa_gb-128-gb","28":"pa_largo-58-cm","29":"pa_marca-unbranded","30":"pa_material-plastico-aluminio","31":"pa_peso-25-gr","33":"first","34":"instock","35":"taxable","36":"shipping-taxable","37":"purchasable","38":"product-type-variable","39":"entry","40":"content-bg","41":"loop-entry"},"yoast_head":"<!-- This site is optimized with the Yoast SEO plugin v26.3 - https:\/\/yoast.com\/wordpress\/plugins\/seo\/ -->\n<title>Merchandising Memoria USB 3.0 met\u00e1lica para personalizar con logo - ADL<\/title>\n<meta name=\"description\" content=\"Art\u00edculo de merchandising Memoria USB 3.0 met\u00e1lica &quot;Rotate&quot;. La Rotate met\u00e1lica USB 3.0 es una unidad USB vers\u00e1til y duradera dise\u00f1ada para proteger tus datos con su innovadora funci\u00f3n giratoria. Con la tecnolog\u00eda USB 3.0 podr\u00e1 disfrutar de una transferencia de datos ultrarr\u00e1pida que te ahorrar\u00e1 mucho tiempo. El exclusivo dise\u00f1o giratorio no s\u00f3lo proporciona un factor de forma elegante y compacto, sino que tambi\u00e9n act\u00faa como mecanismo de protecci\u00f3n, protegiendo el conector USB de posibles da\u00f1os cuando no se utiliza. El acabado met\u00e1lico &quot;tono sobre tono&quot; hace que la memoria USB resulte m\u00e1s atractiva, y el mosquet\u00f3n de la carcasa se puede utilizar para colgar un llavero (no incluido).\" \/>\n<meta name=\"robots\" content=\"index, follow, max-snippet:-1, max-image-preview:large, max-video-preview:-1\" \/>\n<link rel=\"canonical\" href=\"https:\/\/adl-regalosempresa.com\/tiendaonline\/articulos\/merchandising\/memoria-usb-3-0-metalica-para-personalizar-con-logo\/\" \/>\n<meta property=\"og:locale\" content=\"es_ES\" \/>\n<meta property=\"og:type\" content=\"article\" \/>\n<meta property=\"og:title\" content=\"Merchandising Memoria USB 3.0 met\u00e1lica para personalizar con logo - ADL\" \/>\n<meta property=\"og:description\" content=\"Art\u00edculo de merchandising Memoria USB 3.0 met\u00e1lica &quot;Rotate&quot;. La Rotate met\u00e1lica USB 3.0 es una unidad USB vers\u00e1til y duradera dise\u00f1ada para proteger tus datos con su innovadora funci\u00f3n giratoria. Con la tecnolog\u00eda USB 3.0 podr\u00e1 disfrutar de una transferencia de datos ultrarr\u00e1pida que te ahorrar\u00e1 mucho tiempo. El exclusivo dise\u00f1o giratorio no s\u00f3lo proporciona un factor de forma elegante y compacto, sino que tambi\u00e9n act\u00faa como mecanismo de protecci\u00f3n, protegiendo el conector USB de posibles da\u00f1os cuando no se utiliza. El acabado met\u00e1lico &quot;tono sobre tono&quot; hace que la memoria USB resulte m\u00e1s atractiva, y el mosquet\u00f3n de la carcasa se puede utilizar para colgar un llavero (no incluido).\" \/>\n<meta property=\"og:url\" content=\"https:\/\/adl-regalosempresa.com\/tiendaonline\/articulos\/merchandising\/memoria-usb-3-0-metalica-para-personalizar-con-logo\/\" \/>\n<meta property=\"og:site_name\" content=\"ADL Comunicaci\u00f3n\" \/>\n<meta property=\"article:modified_time\" content=\"2026-04-13T07:37:27+00:00\" \/>\n<meta property=\"og:image\" content=\"https:\/\/adl-regalosempresa.com\/tiendaonline\/wp-content\/uploads\/2024\/02\/1Z50801K.jpg\" \/>\n\t<meta property=\"og:image:width\" content=\"1600\" \/>\n\t<meta property=\"og:image:height\" content=\"1600\" \/>\n\t<meta property=\"og:image:type\" content=\"image\/jpeg\" \/>\n<meta name=\"twitter:card\" content=\"summary_large_image\" \/>\n<meta name=\"twitter:title\" content=\"Merchandising Memoria USB 3.0 met\u00e1lica para personalizar con logo - ADL\" \/>\n<meta name=\"twitter:label1\" content=\"Tiempo de lectura\" \/>\n\t<meta name=\"twitter:data1\" content=\"1 minuto\" \/>\n<script type=\"application\/ld+json\" class=\"yoast-schema-graph\">{\"@context\":\"https:\/\/schema.org\",\"@graph\":[{\"@type\":\"WebPage\",\"@id\":\"https:\/\/adl-regalosempresa.com\/tiendaonline\/articulos\/merchandising\/memoria-usb-3-0-metalica-para-personalizar-con-logo\/\",\"url\":\"https:\/\/adl-regalosempresa.com\/tiendaonline\/articulos\/merchandising\/memoria-usb-3-0-metalica-para-personalizar-con-logo\/\",\"name\":\"Merchandising Memoria USB 3.0 met\u00e1lica para personalizar con logo - ADL\",\"isPartOf\":{\"@id\":\"https:\/\/adl-regalosempresa.com\/tiendaonline\/#website\"},\"primaryImageOfPage\":{\"@id\":\"https:\/\/adl-regalosempresa.com\/tiendaonline\/articulos\/merchandising\/memoria-usb-3-0-metalica-para-personalizar-con-logo\/#primaryimage\"},\"image\":{\"@id\":\"https:\/\/adl-regalosempresa.com\/tiendaonline\/articulos\/merchandising\/memoria-usb-3-0-metalica-para-personalizar-con-logo\/#primaryimage\"},\"thumbnailUrl\":\"https:\/\/adl-regalosempresa.com\/tiendaonline\/wp-content\/uploads\/2024\/02\/1Z50801K.jpg\",\"datePublished\":\"2026-04-13T06:05:08+00:00\",\"dateModified\":\"2026-04-13T07:37:27+00:00\",\"description\":\"Art\u00edculo de merchandising Memoria USB 3.0 met\u00e1lica \\\"Rotate\\\". La Rotate met\u00e1lica USB 3.0 es una unidad USB vers\u00e1til y duradera dise\u00f1ada para proteger tus datos con su innovadora funci\u00f3n giratoria. Con la tecnolog\u00eda USB 3.0 podr\u00e1 disfrutar de una transferencia de datos ultrarr\u00e1pida que te ahorrar\u00e1 mucho tiempo. El exclusivo dise\u00f1o giratorio no s\u00f3lo proporciona un factor de forma elegante y compacto, sino que tambi\u00e9n act\u00faa como mecanismo de protecci\u00f3n, protegiendo el conector USB de posibles da\u00f1os cuando no se utiliza. El acabado met\u00e1lico \\\"tono sobre tono\\\" hace que la memoria USB resulte m\u00e1s atractiva, y el mosquet\u00f3n de la carcasa se puede utilizar para colgar un llavero (no incluido).\",\"breadcrumb\":{\"@id\":\"https:\/\/adl-regalosempresa.com\/tiendaonline\/articulos\/merchandising\/memoria-usb-3-0-metalica-para-personalizar-con-logo\/#breadcrumb\"},\"inLanguage\":\"es\",\"potentialAction\":[{\"@type\":\"ReadAction\",\"target\":[\"https:\/\/adl-regalosempresa.com\/tiendaonline\/articulos\/merchandising\/memoria-usb-3-0-metalica-para-personalizar-con-logo\/\"]}]},{\"@type\":\"ImageObject\",\"inLanguage\":\"es\",\"@id\":\"https:\/\/adl-regalosempresa.com\/tiendaonline\/articulos\/merchandising\/memoria-usb-3-0-metalica-para-personalizar-con-logo\/#primaryimage\",\"url\":\"https:\/\/adl-regalosempresa.com\/tiendaonline\/wp-content\/uploads\/2024\/02\/1Z50801K.jpg\",\"contentUrl\":\"https:\/\/adl-regalosempresa.com\/tiendaonline\/wp-content\/uploads\/2024\/02\/1Z50801K.jpg\",\"width\":1600,\"height\":1600,\"caption\":\"Memoria USB 3.0 met\u00e1lica \\\"Rotate\\\"\"},{\"@type\":\"BreadcrumbList\",\"@id\":\"https:\/\/adl-regalosempresa.com\/tiendaonline\/articulos\/merchandising\/memoria-usb-3-0-metalica-para-personalizar-con-logo\/#breadcrumb\",\"itemListElement\":[{\"@type\":\"ListItem\",\"position\":1,\"name\":\"Portada\",\"item\":\"https:\/\/adl-regalosempresa.com\/tiendaonline\/\"},{\"@type\":\"ListItem\",\"position\":2,\"name\":\"Tienda\",\"item\":\"https:\/\/adl-regalosempresa.com\/tiendaonline\/tienda\/\"},{\"@type\":\"ListItem\",\"position\":3,\"name\":\"Memoria USB 3.0 met\u00e1lica para personalizar con logo\"}]},{\"@type\":\"WebSite\",\"@id\":\"https:\/\/adl-regalosempresa.com\/tiendaonline\/#website\",\"url\":\"https:\/\/adl-regalosempresa.com\/tiendaonline\/\",\"name\":\"ADL Comunicaci\u00f3n\",\"description\":\"Regalos de empresa\",\"publisher\":{\"@id\":\"https:\/\/adl-regalosempresa.com\/tiendaonline\/#organization\"},\"potentialAction\":[{\"@type\":\"SearchAction\",\"target\":{\"@type\":\"EntryPoint\",\"urlTemplate\":\"https:\/\/adl-regalosempresa.com\/tiendaonline\/?s={search_term_string}\"},\"query-input\":{\"@type\":\"PropertyValueSpecification\",\"valueRequired\":true,\"valueName\":\"search_term_string\"}}],\"inLanguage\":\"es\"},{\"@type\":\"Organization\",\"@id\":\"https:\/\/adl-regalosempresa.com\/tiendaonline\/#organization\",\"name\":\"ADL Comunicaci\u00f3n\",\"url\":\"https:\/\/adl-regalosempresa.com\/tiendaonline\/\",\"logo\":{\"@type\":\"ImageObject\",\"inLanguage\":\"es\",\"@id\":\"https:\/\/adl-regalosempresa.com\/tiendaonline\/#\/schema\/logo\/image\/\",\"url\":\"https:\/\/adl-regalosempresa.com\/tiendaonline\/wp-content\/uploads\/2017\/09\/logo-adl-wp.png\",\"contentUrl\":\"https:\/\/adl-regalosempresa.com\/tiendaonline\/wp-content\/uploads\/2017\/09\/logo-adl-wp.png\",\"width\":407,\"height\":185,\"caption\":\"ADL Comunicaci\u00f3n\"},\"image\":{\"@id\":\"https:\/\/adl-regalosempresa.com\/tiendaonline\/#\/schema\/logo\/image\/\"}}]}<\/script>\n<!-- \/ Yoast SEO plugin. -->","yoast_head_json":{"title":"Merchandising Memoria USB 3.0 met\u00e1lica para personalizar con logo - ADL","description":"Art\u00edculo de merchandising Memoria USB 3.0 met\u00e1lica \"Rotate\". La Rotate met\u00e1lica USB 3.0 es una unidad USB vers\u00e1til y duradera dise\u00f1ada para proteger tus datos con su innovadora funci\u00f3n giratoria. Con la tecnolog\u00eda USB 3.0 podr\u00e1 disfrutar de una transferencia de datos ultrarr\u00e1pida que te ahorrar\u00e1 mucho tiempo. El exclusivo dise\u00f1o giratorio no s\u00f3lo proporciona un factor de forma elegante y compacto, sino que tambi\u00e9n act\u00faa como mecanismo de protecci\u00f3n, protegiendo el conector USB de posibles da\u00f1os cuando no se utiliza. El acabado met\u00e1lico \"tono sobre tono\" hace que la memoria USB resulte m\u00e1s atractiva, y el mosquet\u00f3n de la carcasa se puede utilizar para colgar un llavero (no incluido).","robots":{"index":"index","follow":"follow","max-snippet":"max-snippet:-1","max-image-preview":"max-image-preview:large","max-video-preview":"max-video-preview:-1"},"canonical":"https:\/\/adl-regalosempresa.com\/tiendaonline\/articulos\/merchandising\/memoria-usb-3-0-metalica-para-personalizar-con-logo\/","og_locale":"es_ES","og_type":"article","og_title":"Merchandising Memoria USB 3.0 met\u00e1lica para personalizar con logo - ADL","og_description":"Art\u00edculo de merchandising Memoria USB 3.0 met\u00e1lica \"Rotate\". La Rotate met\u00e1lica USB 3.0 es una unidad USB vers\u00e1til y duradera dise\u00f1ada para proteger tus datos con su innovadora funci\u00f3n giratoria. Con la tecnolog\u00eda USB 3.0 podr\u00e1 disfrutar de una transferencia de datos ultrarr\u00e1pida que te ahorrar\u00e1 mucho tiempo. El exclusivo dise\u00f1o giratorio no s\u00f3lo proporciona un factor de forma elegante y compacto, sino que tambi\u00e9n act\u00faa como mecanismo de protecci\u00f3n, protegiendo el conector USB de posibles da\u00f1os cuando no se utiliza. El acabado met\u00e1lico \"tono sobre tono\" hace que la memoria USB resulte m\u00e1s atractiva, y el mosquet\u00f3n de la carcasa se puede utilizar para colgar un llavero (no incluido).","og_url":"https:\/\/adl-regalosempresa.com\/tiendaonline\/articulos\/merchandising\/memoria-usb-3-0-metalica-para-personalizar-con-logo\/","og_site_name":"ADL Comunicaci\u00f3n","article_modified_time":"2026-04-13T07:37:27+00:00","og_image":[{"width":1600,"height":1600,"url":"https:\/\/adl-regalosempresa.com\/tiendaonline\/wp-content\/uploads\/2024\/02\/1Z50801K.jpg","type":"image\/jpeg"}],"twitter_card":"summary_large_image","twitter_title":"Merchandising Memoria USB 3.0 met\u00e1lica para personalizar con logo - ADL","twitter_misc":{"Tiempo de lectura":"1 minuto"},"schema":{"@context":"https:\/\/schema.org","@graph":[{"@type":"WebPage","@id":"https:\/\/adl-regalosempresa.com\/tiendaonline\/articulos\/merchandising\/memoria-usb-3-0-metalica-para-personalizar-con-logo\/","url":"https:\/\/adl-regalosempresa.com\/tiendaonline\/articulos\/merchandising\/memoria-usb-3-0-metalica-para-personalizar-con-logo\/","name":"Merchandising Memoria USB 3.0 met\u00e1lica para personalizar con logo - ADL","isPartOf":{"@id":"https:\/\/adl-regalosempresa.com\/tiendaonline\/#website"},"primaryImageOfPage":{"@id":"https:\/\/adl-regalosempresa.com\/tiendaonline\/articulos\/merchandising\/memoria-usb-3-0-metalica-para-personalizar-con-logo\/#primaryimage"},"image":{"@id":"https:\/\/adl-regalosempresa.com\/tiendaonline\/articulos\/merchandising\/memoria-usb-3-0-metalica-para-personalizar-con-logo\/#primaryimage"},"thumbnailUrl":"https:\/\/adl-regalosempresa.com\/tiendaonline\/wp-content\/uploads\/2024\/02\/1Z50801K.jpg","datePublished":"2026-04-13T06:05:08+00:00","dateModified":"2026-04-13T07:37:27+00:00","description":"Art\u00edculo de merchandising Memoria USB 3.0 met\u00e1lica \"Rotate\". La Rotate met\u00e1lica USB 3.0 es una unidad USB vers\u00e1til y duradera dise\u00f1ada para proteger tus datos con su innovadora funci\u00f3n giratoria. Con la tecnolog\u00eda USB 3.0 podr\u00e1 disfrutar de una transferencia de datos ultrarr\u00e1pida que te ahorrar\u00e1 mucho tiempo. El exclusivo dise\u00f1o giratorio no s\u00f3lo proporciona un factor de forma elegante y compacto, sino que tambi\u00e9n act\u00faa como mecanismo de protecci\u00f3n, protegiendo el conector USB de posibles da\u00f1os cuando no se utiliza. El acabado met\u00e1lico \"tono sobre tono\" hace que la memoria USB resulte m\u00e1s atractiva, y el mosquet\u00f3n de la carcasa se puede utilizar para colgar un llavero (no incluido).","breadcrumb":{"@id":"https:\/\/adl-regalosempresa.com\/tiendaonline\/articulos\/merchandising\/memoria-usb-3-0-metalica-para-personalizar-con-logo\/#breadcrumb"},"inLanguage":"es","potentialAction":[{"@type":"ReadAction","target":["https:\/\/adl-regalosempresa.com\/tiendaonline\/articulos\/merchandising\/memoria-usb-3-0-metalica-para-personalizar-con-logo\/"]}]},{"@type":"ImageObject","inLanguage":"es","@id":"https:\/\/adl-regalosempresa.com\/tiendaonline\/articulos\/merchandising\/memoria-usb-3-0-metalica-para-personalizar-con-logo\/#primaryimage","url":"https:\/\/adl-regalosempresa.com\/tiendaonline\/wp-content\/uploads\/2024\/02\/1Z50801K.jpg","contentUrl":"https:\/\/adl-regalosempresa.com\/tiendaonline\/wp-content\/uploads\/2024\/02\/1Z50801K.jpg","width":1600,"height":1600,"caption":"Memoria USB 3.0 met\u00e1lica \"Rotate\""},{"@type":"BreadcrumbList","@id":"https:\/\/adl-regalosempresa.com\/tiendaonline\/articulos\/merchandising\/memoria-usb-3-0-metalica-para-personalizar-con-logo\/#breadcrumb","itemListElement":[{"@type":"ListItem","position":1,"name":"Portada","item":"https:\/\/adl-regalosempresa.com\/tiendaonline\/"},{"@type":"ListItem","position":2,"name":"Tienda","item":"https:\/\/adl-regalosempresa.com\/tiendaonline\/tienda\/"},{"@type":"ListItem","position":3,"name":"Memoria USB 3.0 met\u00e1lica para personalizar con logo"}]},{"@type":"WebSite","@id":"https:\/\/adl-regalosempresa.com\/tiendaonline\/#website","url":"https:\/\/adl-regalosempresa.com\/tiendaonline\/","name":"ADL Comunicaci\u00f3n","description":"Regalos de empresa","publisher":{"@id":"https:\/\/adl-regalosempresa.com\/tiendaonline\/#organization"},"potentialAction":[{"@type":"SearchAction","target":{"@type":"EntryPoint","urlTemplate":"https:\/\/adl-regalosempresa.com\/tiendaonline\/?s={search_term_string}"},"query-input":{"@type":"PropertyValueSpecification","valueRequired":true,"valueName":"search_term_string"}}],"inLanguage":"es"},{"@type":"Organization","@id":"https:\/\/adl-regalosempresa.com\/tiendaonline\/#organization","name":"ADL Comunicaci\u00f3n","url":"https:\/\/adl-regalosempresa.com\/tiendaonline\/","logo":{"@type":"ImageObject","inLanguage":"es","@id":"https:\/\/adl-regalosempresa.com\/tiendaonline\/#\/schema\/logo\/image\/","url":"https:\/\/adl-regalosempresa.com\/tiendaonline\/wp-content\/uploads\/2017\/09\/logo-adl-wp.png","contentUrl":"https:\/\/adl-regalosempresa.com\/tiendaonline\/wp-content\/uploads\/2017\/09\/logo-adl-wp.png","width":407,"height":185,"caption":"ADL Comunicaci\u00f3n"},"image":{"@id":"https:\/\/adl-regalosempresa.com\/tiendaonline\/#\/schema\/logo\/image\/"}}]}},"_links":{"self":[{"href":"https:\/\/adl-regalosempresa.com\/tiendaonline\/wp-json\/wp\/v2\/product\/131944","targetHints":{"allow":["GET"]}}],"collection":[{"href":"https:\/\/adl-regalosempresa.com\/tiendaonline\/wp-json\/wp\/v2\/product"}],"about":[{"href":"https:\/\/adl-regalosempresa.com\/tiendaonline\/wp-json\/wp\/v2\/types\/product"}],"wp:featuredmedia":[{"embeddable":true,"href":"https:\/\/adl-regalosempresa.com\/tiendaonline\/wp-json\/wp\/v2\/media\/131946"}],"wp:attachment":[{"href":"https:\/\/adl-regalosempresa.com\/tiendaonline\/wp-json\/wp\/v2\/media?parent=131944"}],"wp:term":[{"taxonomy":"product_brand","embeddable":true,"href":"https:\/\/adl-regalosempresa.com\/tiendaonline\/wp-json\/wp\/v2\/product_brand?post=131944"},{"taxonomy":"product_cat","embeddable":true,"href":"https:\/\/adl-regalosempresa.com\/tiendaonline\/wp-json\/wp\/v2\/product_cat?post=131944"},{"taxonomy":"product_tag","embeddable":true,"href":"https:\/\/adl-regalosempresa.com\/tiendaonline\/wp-json\/wp\/v2\/product_tag?post=131944"}],"curies":[{"name":"wp","href":"https:\/\/api.w.org\/{rel}","templated":true}]}}