{"id":131588,"date":"2026-04-19T06:09:13","date_gmt":"2026-04-19T06:09:13","guid":{"rendered":"https:\/\/adl-regalosempresa.com\/tiendaonline\/articulos\/merchandising\/bolsa-de-papel-kraft-80-g-m2-con-asas-retorcidas-mediana-para-personalizar-con-logo\/"},"modified":"2026-04-19T06:10:42","modified_gmt":"2026-04-19T06:10:42","slug":"bolsa-de-papel-kraft-80-g-m2-con-asas-retorcidas-25-x-11-x-32-cm-para-personalizar-con-logo","status":"publish","type":"product","link":"https:\/\/adl-regalosempresa.com\/tiendaonline\/articulos\/merchandising\/bolsa-de-papel-kraft-80-g-m2-con-asas-retorcidas-25-x-11-x-32-cm-para-personalizar-con-logo\/","title":{"rendered":"Bolsa de papel kraft 80 g\/m2 con asas retorcidas, 25 x 11 x 32 cm para personalizar con logo"},"content":{"rendered":"<p>Bolsa de papel kraft mediana (25 \u00d7 11 \u00d7 32 cm) con asas retorcidas. Fabricada con papel de origen responsable (blanco 90 g\/m\u00b2, marr\u00f3n 80 g\/m\u00b2), esta bolsa es una soluci\u00f3n de embalaje duradera con amplio espacio para diversos art\u00edculos. El aspecto natural y r\u00fastico del papel kraft a\u00f1ade un toque elegante a cualquier ocasi\u00f3n. Perfecta para compras, regalos o eventos, esta bolsa es la alternativa perfecta a las bolsas de pl\u00e1stico. Fabricada en Europa.<\/p>\n","protected":false},"excerpt":{"rendered":"<p><strong>Descuentos por cantidades<\/strong><br \/>&#8211; a partir de 500 unidades: 0,41 \u20ac\/ud<br \/>&#8211; a partir de 1000 unidades: 0,36 \u20ac\/ud<br \/>&#8211; a partir de 2500 unidades: 0,32 \u20ac\/ud<\/p>\n<p>Para cantidades superiores a las aqu\u00ed indicadas, no dudes en ponerte en contacto con nuestro departamento comercial o <a href='https:\/\/adl-regalosempresa.com\/tiendaonline\/solicitud-presupuesto\/'>pedirnos presupuesto personalizado<\/a>, ajustaremos el presupuesto a tus necesidades.<\/p>\n","protected":false},"featured_media":131590,"template":"","meta":{"_kad_post_transparent":"","_kad_post_title":"","_kad_post_layout":"","_kad_post_sidebar_id":"","_kad_post_content_style":"","_kad_post_vertical_padding":"","_kad_post_feature":"","_kad_post_feature_position":"","_kad_post_header":false,"_kad_post_footer":false,"_kad_post_classname":""},"product_brand":[],"product_cat":[3526,6872],"product_tag":[],"class_list":{"0":"post-131588","1":"product","2":"type-product","3":"status-publish","4":"has-post-thumbnail","6":"product_cat-bolsas","7":"product_cat-bolsas-de-papel","8":"pa_alto-32-cm","9":"pa_ancho-11-cm","10":"pa_color-blanco","11":"pa_color-marron-kraft","12":"pa_color-simple-blanco","13":"pa_color-simple-natural","14":"pa_largo-25-cm","15":"pa_marca-unbranded","16":"pa_material-papel-kraft","17":"pa_peso-10-gr","19":"first","20":"instock","21":"taxable","22":"shipping-taxable","23":"purchasable","24":"product-type-variable","25":"entry","26":"content-bg","27":"loop-entry"},"yoast_head":"<!-- This site is optimized with the Yoast SEO plugin v26.3 - https:\/\/yoast.com\/wordpress\/plugins\/seo\/ -->\n<title>Merchandising Bolsa de papel kraft 80 g\/m2 con asas retorcidas, 25 x 11 x 32 cm para personalizar con logo - ADL<\/title>\n<meta name=\"description\" content=\"Art\u00edculo de merchandising Bolsa de papel kraft 80 g\/m2 con asas retorcidas, 25 x 11 x 32 cm. Bolsa de papel kraft mediana (25 \u00d7 11 \u00d7 32 cm) con asas retorcidas. Fabricada con papel de origen responsable (blanco 90 g\/m\u00b2, marr\u00f3n 80 g\/m\u00b2), esta bolsa es una soluci\u00f3n de embalaje duradera con amplio espacio para diversos art\u00edculos. El aspecto natural y r\u00fastico del papel kraft a\u00f1ade un toque elegante a cualquier ocasi\u00f3n. Perfecta para compras, regalos o eventos, esta bolsa es la alternativa perfecta a las bolsas de pl\u00e1stico. Fabricada en Europa.\" \/>\n<meta name=\"robots\" content=\"index, follow, max-snippet:-1, max-image-preview:large, max-video-preview:-1\" \/>\n<link rel=\"canonical\" href=\"https:\/\/adl-regalosempresa.com\/tiendaonline\/articulos\/merchandising\/bolsa-de-papel-kraft-80-g-m2-con-asas-retorcidas-25-x-11-x-32-cm-para-personalizar-con-logo\/\" \/>\n<meta property=\"og:locale\" content=\"es_ES\" \/>\n<meta property=\"og:type\" content=\"article\" \/>\n<meta property=\"og:title\" content=\"Merchandising Bolsa de papel kraft 80 g\/m2 con asas retorcidas, 25 x 11 x 32 cm para personalizar con logo - ADL\" \/>\n<meta property=\"og:description\" content=\"Art\u00edculo de merchandising Bolsa de papel kraft 80 g\/m2 con asas retorcidas, 25 x 11 x 32 cm. Bolsa de papel kraft mediana (25 \u00d7 11 \u00d7 32 cm) con asas retorcidas. Fabricada con papel de origen responsable (blanco 90 g\/m\u00b2, marr\u00f3n 80 g\/m\u00b2), esta bolsa es una soluci\u00f3n de embalaje duradera con amplio espacio para diversos art\u00edculos. El aspecto natural y r\u00fastico del papel kraft a\u00f1ade un toque elegante a cualquier ocasi\u00f3n. Perfecta para compras, regalos o eventos, esta bolsa es la alternativa perfecta a las bolsas de pl\u00e1stico. Fabricada en Europa.\" \/>\n<meta property=\"og:url\" content=\"https:\/\/adl-regalosempresa.com\/tiendaonline\/articulos\/merchandising\/bolsa-de-papel-kraft-80-g-m2-con-asas-retorcidas-25-x-11-x-32-cm-para-personalizar-con-logo\/\" \/>\n<meta property=\"og:site_name\" content=\"ADL Comunicaci\u00f3n\" \/>\n<meta property=\"article:modified_time\" content=\"2026-04-19T06:10:42+00:00\" \/>\n<meta property=\"og:image\" content=\"https:\/\/adl-regalosempresa.com\/tiendaonline\/wp-content\/uploads\/2024\/02\/1PQ00201.jpg\" \/>\n\t<meta property=\"og:image:width\" content=\"1600\" \/>\n\t<meta property=\"og:image:height\" content=\"1600\" \/>\n\t<meta property=\"og:image:type\" content=\"image\/jpeg\" \/>\n<meta name=\"twitter:card\" content=\"summary_large_image\" \/>\n<meta name=\"twitter:title\" content=\"Merchandising Bolsa de papel kraft 80 g\/m2 con asas retorcidas, 25 x 11 x 32 cm para personalizar con logo - ADL\" \/>\n<script type=\"application\/ld+json\" class=\"yoast-schema-graph\">{\"@context\":\"https:\/\/schema.org\",\"@graph\":[{\"@type\":\"WebPage\",\"@id\":\"https:\/\/adl-regalosempresa.com\/tiendaonline\/articulos\/merchandising\/bolsa-de-papel-kraft-80-g-m2-con-asas-retorcidas-25-x-11-x-32-cm-para-personalizar-con-logo\/\",\"url\":\"https:\/\/adl-regalosempresa.com\/tiendaonline\/articulos\/merchandising\/bolsa-de-papel-kraft-80-g-m2-con-asas-retorcidas-25-x-11-x-32-cm-para-personalizar-con-logo\/\",\"name\":\"Merchandising Bolsa de papel kraft 80 g\/m2 con asas retorcidas, 25 x 11 x 32 cm para personalizar con logo - ADL\",\"isPartOf\":{\"@id\":\"https:\/\/adl-regalosempresa.com\/tiendaonline\/#website\"},\"primaryImageOfPage\":{\"@id\":\"https:\/\/adl-regalosempresa.com\/tiendaonline\/articulos\/merchandising\/bolsa-de-papel-kraft-80-g-m2-con-asas-retorcidas-25-x-11-x-32-cm-para-personalizar-con-logo\/#primaryimage\"},\"image\":{\"@id\":\"https:\/\/adl-regalosempresa.com\/tiendaonline\/articulos\/merchandising\/bolsa-de-papel-kraft-80-g-m2-con-asas-retorcidas-25-x-11-x-32-cm-para-personalizar-con-logo\/#primaryimage\"},\"thumbnailUrl\":\"https:\/\/adl-regalosempresa.com\/tiendaonline\/wp-content\/uploads\/2024\/02\/1PQ00201.jpg\",\"datePublished\":\"2026-04-19T06:09:13+00:00\",\"dateModified\":\"2026-04-19T06:10:42+00:00\",\"description\":\"Art\u00edculo de merchandising Bolsa de papel kraft 80 g\/m2 con asas retorcidas, 25 x 11 x 32 cm. Bolsa de papel kraft mediana (25 \u00d7 11 \u00d7 32 cm) con asas retorcidas. Fabricada con papel de origen responsable (blanco 90 g\/m\u00b2, marr\u00f3n 80 g\/m\u00b2), esta bolsa es una soluci\u00f3n de embalaje duradera con amplio espacio para diversos art\u00edculos. El aspecto natural y r\u00fastico del papel kraft a\u00f1ade un toque elegante a cualquier ocasi\u00f3n. Perfecta para compras, regalos o eventos, esta bolsa es la alternativa perfecta a las bolsas de pl\u00e1stico. Fabricada en Europa.\",\"breadcrumb\":{\"@id\":\"https:\/\/adl-regalosempresa.com\/tiendaonline\/articulos\/merchandising\/bolsa-de-papel-kraft-80-g-m2-con-asas-retorcidas-25-x-11-x-32-cm-para-personalizar-con-logo\/#breadcrumb\"},\"inLanguage\":\"es\",\"potentialAction\":[{\"@type\":\"ReadAction\",\"target\":[\"https:\/\/adl-regalosempresa.com\/tiendaonline\/articulos\/merchandising\/bolsa-de-papel-kraft-80-g-m2-con-asas-retorcidas-25-x-11-x-32-cm-para-personalizar-con-logo\/\"]}]},{\"@type\":\"ImageObject\",\"inLanguage\":\"es\",\"@id\":\"https:\/\/adl-regalosempresa.com\/tiendaonline\/articulos\/merchandising\/bolsa-de-papel-kraft-80-g-m2-con-asas-retorcidas-25-x-11-x-32-cm-para-personalizar-con-logo\/#primaryimage\",\"url\":\"https:\/\/adl-regalosempresa.com\/tiendaonline\/wp-content\/uploads\/2024\/02\/1PQ00201.jpg\",\"contentUrl\":\"https:\/\/adl-regalosempresa.com\/tiendaonline\/wp-content\/uploads\/2024\/02\/1PQ00201.jpg\",\"width\":1600,\"height\":1600,\"caption\":\"Bolsa de papel kraft 80 g\/m2 con asas retorcidas\"},{\"@type\":\"BreadcrumbList\",\"@id\":\"https:\/\/adl-regalosempresa.com\/tiendaonline\/articulos\/merchandising\/bolsa-de-papel-kraft-80-g-m2-con-asas-retorcidas-25-x-11-x-32-cm-para-personalizar-con-logo\/#breadcrumb\",\"itemListElement\":[{\"@type\":\"ListItem\",\"position\":1,\"name\":\"Portada\",\"item\":\"https:\/\/adl-regalosempresa.com\/tiendaonline\/\"},{\"@type\":\"ListItem\",\"position\":2,\"name\":\"Tienda\",\"item\":\"https:\/\/adl-regalosempresa.com\/tiendaonline\/tienda\/\"},{\"@type\":\"ListItem\",\"position\":3,\"name\":\"Bolsa de papel kraft 80 g\/m2 con asas retorcidas, 25 x 11 x 32 cm para personalizar con logo\"}]},{\"@type\":\"WebSite\",\"@id\":\"https:\/\/adl-regalosempresa.com\/tiendaonline\/#website\",\"url\":\"https:\/\/adl-regalosempresa.com\/tiendaonline\/\",\"name\":\"ADL Comunicaci\u00f3n\",\"description\":\"Regalos de empresa\",\"publisher\":{\"@id\":\"https:\/\/adl-regalosempresa.com\/tiendaonline\/#organization\"},\"potentialAction\":[{\"@type\":\"SearchAction\",\"target\":{\"@type\":\"EntryPoint\",\"urlTemplate\":\"https:\/\/adl-regalosempresa.com\/tiendaonline\/?s={search_term_string}\"},\"query-input\":{\"@type\":\"PropertyValueSpecification\",\"valueRequired\":true,\"valueName\":\"search_term_string\"}}],\"inLanguage\":\"es\"},{\"@type\":\"Organization\",\"@id\":\"https:\/\/adl-regalosempresa.com\/tiendaonline\/#organization\",\"name\":\"ADL Comunicaci\u00f3n\",\"url\":\"https:\/\/adl-regalosempresa.com\/tiendaonline\/\",\"logo\":{\"@type\":\"ImageObject\",\"inLanguage\":\"es\",\"@id\":\"https:\/\/adl-regalosempresa.com\/tiendaonline\/#\/schema\/logo\/image\/\",\"url\":\"https:\/\/adl-regalosempresa.com\/tiendaonline\/wp-content\/uploads\/2017\/09\/logo-adl-wp.png\",\"contentUrl\":\"https:\/\/adl-regalosempresa.com\/tiendaonline\/wp-content\/uploads\/2017\/09\/logo-adl-wp.png\",\"width\":407,\"height\":185,\"caption\":\"ADL Comunicaci\u00f3n\"},\"image\":{\"@id\":\"https:\/\/adl-regalosempresa.com\/tiendaonline\/#\/schema\/logo\/image\/\"}}]}<\/script>\n<!-- \/ Yoast SEO plugin. -->","yoast_head_json":{"title":"Merchandising Bolsa de papel kraft 80 g\/m2 con asas retorcidas, 25 x 11 x 32 cm para personalizar con logo - ADL","description":"Art\u00edculo de merchandising Bolsa de papel kraft 80 g\/m2 con asas retorcidas, 25 x 11 x 32 cm. Bolsa de papel kraft mediana (25 \u00d7 11 \u00d7 32 cm) con asas retorcidas. Fabricada con papel de origen responsable (blanco 90 g\/m\u00b2, marr\u00f3n 80 g\/m\u00b2), esta bolsa es una soluci\u00f3n de embalaje duradera con amplio espacio para diversos art\u00edculos. El aspecto natural y r\u00fastico del papel kraft a\u00f1ade un toque elegante a cualquier ocasi\u00f3n. Perfecta para compras, regalos o eventos, esta bolsa es la alternativa perfecta a las bolsas de pl\u00e1stico. Fabricada en Europa.","robots":{"index":"index","follow":"follow","max-snippet":"max-snippet:-1","max-image-preview":"max-image-preview:large","max-video-preview":"max-video-preview:-1"},"canonical":"https:\/\/adl-regalosempresa.com\/tiendaonline\/articulos\/merchandising\/bolsa-de-papel-kraft-80-g-m2-con-asas-retorcidas-25-x-11-x-32-cm-para-personalizar-con-logo\/","og_locale":"es_ES","og_type":"article","og_title":"Merchandising Bolsa de papel kraft 80 g\/m2 con asas retorcidas, 25 x 11 x 32 cm para personalizar con logo - ADL","og_description":"Art\u00edculo de merchandising Bolsa de papel kraft 80 g\/m2 con asas retorcidas, 25 x 11 x 32 cm. Bolsa de papel kraft mediana (25 \u00d7 11 \u00d7 32 cm) con asas retorcidas. Fabricada con papel de origen responsable (blanco 90 g\/m\u00b2, marr\u00f3n 80 g\/m\u00b2), esta bolsa es una soluci\u00f3n de embalaje duradera con amplio espacio para diversos art\u00edculos. El aspecto natural y r\u00fastico del papel kraft a\u00f1ade un toque elegante a cualquier ocasi\u00f3n. Perfecta para compras, regalos o eventos, esta bolsa es la alternativa perfecta a las bolsas de pl\u00e1stico. Fabricada en Europa.","og_url":"https:\/\/adl-regalosempresa.com\/tiendaonline\/articulos\/merchandising\/bolsa-de-papel-kraft-80-g-m2-con-asas-retorcidas-25-x-11-x-32-cm-para-personalizar-con-logo\/","og_site_name":"ADL Comunicaci\u00f3n","article_modified_time":"2026-04-19T06:10:42+00:00","og_image":[{"width":1600,"height":1600,"url":"https:\/\/adl-regalosempresa.com\/tiendaonline\/wp-content\/uploads\/2024\/02\/1PQ00201.jpg","type":"image\/jpeg"}],"twitter_card":"summary_large_image","twitter_title":"Merchandising Bolsa de papel kraft 80 g\/m2 con asas retorcidas, 25 x 11 x 32 cm para personalizar con logo - ADL","schema":{"@context":"https:\/\/schema.org","@graph":[{"@type":"WebPage","@id":"https:\/\/adl-regalosempresa.com\/tiendaonline\/articulos\/merchandising\/bolsa-de-papel-kraft-80-g-m2-con-asas-retorcidas-25-x-11-x-32-cm-para-personalizar-con-logo\/","url":"https:\/\/adl-regalosempresa.com\/tiendaonline\/articulos\/merchandising\/bolsa-de-papel-kraft-80-g-m2-con-asas-retorcidas-25-x-11-x-32-cm-para-personalizar-con-logo\/","name":"Merchandising Bolsa de papel kraft 80 g\/m2 con asas retorcidas, 25 x 11 x 32 cm para personalizar con logo - ADL","isPartOf":{"@id":"https:\/\/adl-regalosempresa.com\/tiendaonline\/#website"},"primaryImageOfPage":{"@id":"https:\/\/adl-regalosempresa.com\/tiendaonline\/articulos\/merchandising\/bolsa-de-papel-kraft-80-g-m2-con-asas-retorcidas-25-x-11-x-32-cm-para-personalizar-con-logo\/#primaryimage"},"image":{"@id":"https:\/\/adl-regalosempresa.com\/tiendaonline\/articulos\/merchandising\/bolsa-de-papel-kraft-80-g-m2-con-asas-retorcidas-25-x-11-x-32-cm-para-personalizar-con-logo\/#primaryimage"},"thumbnailUrl":"https:\/\/adl-regalosempresa.com\/tiendaonline\/wp-content\/uploads\/2024\/02\/1PQ00201.jpg","datePublished":"2026-04-19T06:09:13+00:00","dateModified":"2026-04-19T06:10:42+00:00","description":"Art\u00edculo de merchandising Bolsa de papel kraft 80 g\/m2 con asas retorcidas, 25 x 11 x 32 cm. Bolsa de papel kraft mediana (25 \u00d7 11 \u00d7 32 cm) con asas retorcidas. Fabricada con papel de origen responsable (blanco 90 g\/m\u00b2, marr\u00f3n 80 g\/m\u00b2), esta bolsa es una soluci\u00f3n de embalaje duradera con amplio espacio para diversos art\u00edculos. El aspecto natural y r\u00fastico del papel kraft a\u00f1ade un toque elegante a cualquier ocasi\u00f3n. Perfecta para compras, regalos o eventos, esta bolsa es la alternativa perfecta a las bolsas de pl\u00e1stico. Fabricada en Europa.","breadcrumb":{"@id":"https:\/\/adl-regalosempresa.com\/tiendaonline\/articulos\/merchandising\/bolsa-de-papel-kraft-80-g-m2-con-asas-retorcidas-25-x-11-x-32-cm-para-personalizar-con-logo\/#breadcrumb"},"inLanguage":"es","potentialAction":[{"@type":"ReadAction","target":["https:\/\/adl-regalosempresa.com\/tiendaonline\/articulos\/merchandising\/bolsa-de-papel-kraft-80-g-m2-con-asas-retorcidas-25-x-11-x-32-cm-para-personalizar-con-logo\/"]}]},{"@type":"ImageObject","inLanguage":"es","@id":"https:\/\/adl-regalosempresa.com\/tiendaonline\/articulos\/merchandising\/bolsa-de-papel-kraft-80-g-m2-con-asas-retorcidas-25-x-11-x-32-cm-para-personalizar-con-logo\/#primaryimage","url":"https:\/\/adl-regalosempresa.com\/tiendaonline\/wp-content\/uploads\/2024\/02\/1PQ00201.jpg","contentUrl":"https:\/\/adl-regalosempresa.com\/tiendaonline\/wp-content\/uploads\/2024\/02\/1PQ00201.jpg","width":1600,"height":1600,"caption":"Bolsa de papel kraft 80 g\/m2 con asas retorcidas"},{"@type":"BreadcrumbList","@id":"https:\/\/adl-regalosempresa.com\/tiendaonline\/articulos\/merchandising\/bolsa-de-papel-kraft-80-g-m2-con-asas-retorcidas-25-x-11-x-32-cm-para-personalizar-con-logo\/#breadcrumb","itemListElement":[{"@type":"ListItem","position":1,"name":"Portada","item":"https:\/\/adl-regalosempresa.com\/tiendaonline\/"},{"@type":"ListItem","position":2,"name":"Tienda","item":"https:\/\/adl-regalosempresa.com\/tiendaonline\/tienda\/"},{"@type":"ListItem","position":3,"name":"Bolsa de papel kraft 80 g\/m2 con asas retorcidas, 25 x 11 x 32 cm para personalizar con logo"}]},{"@type":"WebSite","@id":"https:\/\/adl-regalosempresa.com\/tiendaonline\/#website","url":"https:\/\/adl-regalosempresa.com\/tiendaonline\/","name":"ADL Comunicaci\u00f3n","description":"Regalos de empresa","publisher":{"@id":"https:\/\/adl-regalosempresa.com\/tiendaonline\/#organization"},"potentialAction":[{"@type":"SearchAction","target":{"@type":"EntryPoint","urlTemplate":"https:\/\/adl-regalosempresa.com\/tiendaonline\/?s={search_term_string}"},"query-input":{"@type":"PropertyValueSpecification","valueRequired":true,"valueName":"search_term_string"}}],"inLanguage":"es"},{"@type":"Organization","@id":"https:\/\/adl-regalosempresa.com\/tiendaonline\/#organization","name":"ADL Comunicaci\u00f3n","url":"https:\/\/adl-regalosempresa.com\/tiendaonline\/","logo":{"@type":"ImageObject","inLanguage":"es","@id":"https:\/\/adl-regalosempresa.com\/tiendaonline\/#\/schema\/logo\/image\/","url":"https:\/\/adl-regalosempresa.com\/tiendaonline\/wp-content\/uploads\/2017\/09\/logo-adl-wp.png","contentUrl":"https:\/\/adl-regalosempresa.com\/tiendaonline\/wp-content\/uploads\/2017\/09\/logo-adl-wp.png","width":407,"height":185,"caption":"ADL Comunicaci\u00f3n"},"image":{"@id":"https:\/\/adl-regalosempresa.com\/tiendaonline\/#\/schema\/logo\/image\/"}}]}},"_links":{"self":[{"href":"https:\/\/adl-regalosempresa.com\/tiendaonline\/wp-json\/wp\/v2\/product\/131588","targetHints":{"allow":["GET"]}}],"collection":[{"href":"https:\/\/adl-regalosempresa.com\/tiendaonline\/wp-json\/wp\/v2\/product"}],"about":[{"href":"https:\/\/adl-regalosempresa.com\/tiendaonline\/wp-json\/wp\/v2\/types\/product"}],"wp:featuredmedia":[{"embeddable":true,"href":"https:\/\/adl-regalosempresa.com\/tiendaonline\/wp-json\/wp\/v2\/media\/131590"}],"wp:attachment":[{"href":"https:\/\/adl-regalosempresa.com\/tiendaonline\/wp-json\/wp\/v2\/media?parent=131588"}],"wp:term":[{"taxonomy":"product_brand","embeddable":true,"href":"https:\/\/adl-regalosempresa.com\/tiendaonline\/wp-json\/wp\/v2\/product_brand?post=131588"},{"taxonomy":"product_cat","embeddable":true,"href":"https:\/\/adl-regalosempresa.com\/tiendaonline\/wp-json\/wp\/v2\/product_cat?post=131588"},{"taxonomy":"product_tag","embeddable":true,"href":"https:\/\/adl-regalosempresa.com\/tiendaonline\/wp-json\/wp\/v2\/product_tag?post=131588"}],"curies":[{"name":"wp","href":"https:\/\/api.w.org\/{rel}","templated":true}]}}