{"id":130710,"date":"2026-03-31T05:09:05","date_gmt":"2026-03-31T05:09:05","guid":{"rendered":"https:\/\/adl-regalosempresa.com\/tiendaonline\/articulos\/merchandising\/polo-de-manga-corta-para-hombre-para-personalizar-con-logo-8\/"},"modified":"2026-04-16T10:16:20","modified_gmt":"2026-04-16T10:16:20","slug":"polo-de-manga-corta-para-hombre-para-personalizar-con-logo-7","status":"publish","type":"product","link":"https:\/\/adl-regalosempresa.com\/tiendaonline\/articulos\/merchandising\/polo-de-manga-corta-para-hombre-para-personalizar-con-logo-7\/","title":{"rendered":"Polo de manga corta para hombre  para personalizar con logo"},"content":{"rendered":"<p>Polo de hombre de manga corta. Cubrecosturas reforzado en el interior del cuello. Pu\u00f1os y cuello de canal\u00e9 1&#215;1. Costuras laterales. Tapeta con tres botones y aperturas laterales . Bolsillo opcional. Etiqueta extra\u00edble. El modelo mide 185 cms y lleva la talla L.<\/p>\n","protected":false},"excerpt":{"rendered":"<p><strong>Descuentos por cantidades<\/strong><br \/>&#8211; a partir de 100 unidades: 6,87 \u20ac\/ud<br \/>&#8211; a partir de 250 unidades: 6,87 \u20ac\/ud<br \/>&#8211; a partir de 1000 unidades: 6,8 \u20ac\/ud<\/p>\n<p>Para cantidades superiores a las aqu\u00ed indicadas, no dudes en ponerte en contacto con nuestro departamento comercial o <a href='https:\/\/adl-regalosempresa.com\/tiendaonline\/solicitud-presupuesto\/'>pedirnos presupuesto personalizado<\/a>, ajustaremos el presupuesto a tus necesidades.<\/p>\n","protected":false},"featured_media":130712,"template":"","meta":{"_kad_post_transparent":"","_kad_post_title":"","_kad_post_layout":"","_kad_post_sidebar_id":"","_kad_post_content_style":"","_kad_post_vertical_padding":"","_kad_post_feature":"","_kad_post_feature_position":"","_kad_post_header":false,"_kad_post_footer":false,"_kad_post_classname":""},"product_brand":[],"product_cat":[5414,3649],"product_tag":[],"class_list":{"0":"post-130710","1":"product","2":"type-product","3":"status-publish","4":"has-post-thumbnail","6":"product_cat-polos","7":"product_cat-ropa","8":"pa_color-amarillo","9":"pa_color-arena","10":"pa_color-azul-celeste","11":"pa_color-azul-marino","12":"pa_color-azul-real","13":"pa_color-azul-riviera","14":"pa_color-azul-tormenta","15":"pa_color-azul-tranquilo","16":"pa_color-azul-turquesa","17":"pa_color-azul-vaquero","18":"pa_color-azul-zen","19":"pa_color-blanco","20":"pa_color-chocolate","21":"pa_color-granate","22":"pa_color-gris-jaspeado","23":"pa_color-lila","24":"pa_color-menta-oscura","25":"pa_color-morado","26":"pa_color-naranja","27":"pa_color-naranja-arcilla","28":"pa_color-negro-intenso","29":"pa_color-plomo-oscuro","30":"pa_color-rojo","31":"pa_color-rojo-baya","32":"pa_color-rojo-crisantemo","33":"pa_color-rojo-palido","34":"pa_color-rosa-claro","35":"pa_color-roseta","36":"pa_color-verde-botella","37":"pa_color-verde-cesped","38":"pa_color-verde-menta","39":"pa_color-verde-niebla","40":"pa_color-verde-tropical","41":"pa_color-verde-venture","42":"pa_color-simple-amarillo","43":"pa_color-simple-azul","44":"pa_color-simple-blanco","45":"pa_color-simple-gris","46":"pa_color-simple-marron","47":"pa_color-simple-naranja","48":"pa_color-simple-negro-intenso","49":"pa_color-simple-purpura","50":"pa_color-simple-rojo","51":"pa_color-simple-rosa","52":"pa_color-simple-verde","53":"pa_genero-hombre","54":"pa_marca-roly","55":"pa_material-punto-pique-100-algodon-200-g-m2","56":"pa_peso-198-gr","57":"pa_talla-2xl","58":"pa_talla-xs","59":"pa_talla-s","60":"pa_talla-m","61":"pa_talla-l","62":"pa_talla-xl","63":"pa_talla-3xl","65":"first","66":"instock","67":"taxable","68":"shipping-taxable","69":"purchasable","70":"product-type-variable","71":"entry","72":"content-bg","73":"loop-entry"},"yoast_head":"<!-- This site is optimized with the Yoast SEO plugin v26.3 - https:\/\/yoast.com\/wordpress\/plugins\/seo\/ -->\n<title>Merchandising Polo de manga corta para hombre para personalizar con logo - ADL<\/title>\n<meta name=\"description\" content=\"Art\u00edculo de merchandising Polo de manga corta para hombre &quot;Star&quot;. Polo de hombre de manga corta. Cubrecosturas reforzado en el interior del cuello. Pu\u00f1os y cuello de canal\u00e9 1x1. Costuras laterales. Tapeta con tres botones y aperturas laterales . Bolsillo opcional. Etiqueta extra\u00edble. El modelo mide 185 cms y lleva la talla L.\" \/>\n<meta name=\"robots\" content=\"index, follow, max-snippet:-1, max-image-preview:large, max-video-preview:-1\" \/>\n<link rel=\"canonical\" href=\"https:\/\/adl-regalosempresa.com\/tiendaonline\/articulos\/merchandising\/polo-de-manga-corta-para-hombre-para-personalizar-con-logo-7\/\" \/>\n<meta property=\"og:locale\" content=\"es_ES\" \/>\n<meta property=\"og:type\" content=\"article\" \/>\n<meta property=\"og:title\" content=\"Merchandising Polo de manga corta para hombre para personalizar con logo - ADL\" \/>\n<meta property=\"og:description\" content=\"Art\u00edculo de merchandising Polo de manga corta para hombre &quot;Star&quot;. Polo de hombre de manga corta. Cubrecosturas reforzado en el interior del cuello. Pu\u00f1os y cuello de canal\u00e9 1x1. Costuras laterales. Tapeta con tres botones y aperturas laterales . Bolsillo opcional. Etiqueta extra\u00edble. El modelo mide 185 cms y lleva la talla L.\" \/>\n<meta property=\"og:url\" content=\"https:\/\/adl-regalosempresa.com\/tiendaonline\/articulos\/merchandising\/polo-de-manga-corta-para-hombre-para-personalizar-con-logo-7\/\" \/>\n<meta property=\"og:site_name\" content=\"ADL Comunicaci\u00f3n\" \/>\n<meta property=\"article:modified_time\" content=\"2026-04-16T10:16:20+00:00\" \/>\n<meta property=\"og:image\" content=\"https:\/\/adl-regalosempresa.com\/tiendaonline\/wp-content\/uploads\/2024\/01\/R66381B.jpg\" \/>\n\t<meta property=\"og:image:width\" content=\"1600\" \/>\n\t<meta property=\"og:image:height\" content=\"1600\" \/>\n\t<meta property=\"og:image:type\" content=\"image\/jpeg\" \/>\n<meta name=\"twitter:card\" content=\"summary_large_image\" \/>\n<meta name=\"twitter:title\" content=\"Merchandising Polo de manga corta para hombre para personalizar con logo - ADL\" \/>\n<script type=\"application\/ld+json\" class=\"yoast-schema-graph\">{\"@context\":\"https:\/\/schema.org\",\"@graph\":[{\"@type\":\"WebPage\",\"@id\":\"https:\/\/adl-regalosempresa.com\/tiendaonline\/articulos\/merchandising\/polo-de-manga-corta-para-hombre-para-personalizar-con-logo-7\/\",\"url\":\"https:\/\/adl-regalosempresa.com\/tiendaonline\/articulos\/merchandising\/polo-de-manga-corta-para-hombre-para-personalizar-con-logo-7\/\",\"name\":\"Merchandising Polo de manga corta para hombre para personalizar con logo - ADL\",\"isPartOf\":{\"@id\":\"https:\/\/adl-regalosempresa.com\/tiendaonline\/#website\"},\"primaryImageOfPage\":{\"@id\":\"https:\/\/adl-regalosempresa.com\/tiendaonline\/articulos\/merchandising\/polo-de-manga-corta-para-hombre-para-personalizar-con-logo-7\/#primaryimage\"},\"image\":{\"@id\":\"https:\/\/adl-regalosempresa.com\/tiendaonline\/articulos\/merchandising\/polo-de-manga-corta-para-hombre-para-personalizar-con-logo-7\/#primaryimage\"},\"thumbnailUrl\":\"https:\/\/adl-regalosempresa.com\/tiendaonline\/wp-content\/uploads\/2024\/01\/R66381B.jpg\",\"datePublished\":\"2026-03-31T05:09:05+00:00\",\"dateModified\":\"2026-04-16T10:16:20+00:00\",\"description\":\"Art\u00edculo de merchandising Polo de manga corta para hombre \\\"Star\\\". Polo de hombre de manga corta. Cubrecosturas reforzado en el interior del cuello. Pu\u00f1os y cuello de canal\u00e9 1x1. Costuras laterales. Tapeta con tres botones y aperturas laterales . Bolsillo opcional. Etiqueta extra\u00edble. El modelo mide 185 cms y lleva la talla L.\",\"breadcrumb\":{\"@id\":\"https:\/\/adl-regalosempresa.com\/tiendaonline\/articulos\/merchandising\/polo-de-manga-corta-para-hombre-para-personalizar-con-logo-7\/#breadcrumb\"},\"inLanguage\":\"es\",\"potentialAction\":[{\"@type\":\"ReadAction\",\"target\":[\"https:\/\/adl-regalosempresa.com\/tiendaonline\/articulos\/merchandising\/polo-de-manga-corta-para-hombre-para-personalizar-con-logo-7\/\"]}]},{\"@type\":\"ImageObject\",\"inLanguage\":\"es\",\"@id\":\"https:\/\/adl-regalosempresa.com\/tiendaonline\/articulos\/merchandising\/polo-de-manga-corta-para-hombre-para-personalizar-con-logo-7\/#primaryimage\",\"url\":\"https:\/\/adl-regalosempresa.com\/tiendaonline\/wp-content\/uploads\/2024\/01\/R66381B.jpg\",\"contentUrl\":\"https:\/\/adl-regalosempresa.com\/tiendaonline\/wp-content\/uploads\/2024\/01\/R66381B.jpg\",\"width\":1600,\"height\":1600,\"caption\":\"Polo de manga corta para hombre \\\"Star\\\"\"},{\"@type\":\"BreadcrumbList\",\"@id\":\"https:\/\/adl-regalosempresa.com\/tiendaonline\/articulos\/merchandising\/polo-de-manga-corta-para-hombre-para-personalizar-con-logo-7\/#breadcrumb\",\"itemListElement\":[{\"@type\":\"ListItem\",\"position\":1,\"name\":\"Portada\",\"item\":\"https:\/\/adl-regalosempresa.com\/tiendaonline\/\"},{\"@type\":\"ListItem\",\"position\":2,\"name\":\"Tienda\",\"item\":\"https:\/\/adl-regalosempresa.com\/tiendaonline\/tienda\/\"},{\"@type\":\"ListItem\",\"position\":3,\"name\":\"Polo de manga corta para hombre para personalizar con logo\"}]},{\"@type\":\"WebSite\",\"@id\":\"https:\/\/adl-regalosempresa.com\/tiendaonline\/#website\",\"url\":\"https:\/\/adl-regalosempresa.com\/tiendaonline\/\",\"name\":\"ADL Comunicaci\u00f3n\",\"description\":\"Regalos de empresa\",\"publisher\":{\"@id\":\"https:\/\/adl-regalosempresa.com\/tiendaonline\/#organization\"},\"potentialAction\":[{\"@type\":\"SearchAction\",\"target\":{\"@type\":\"EntryPoint\",\"urlTemplate\":\"https:\/\/adl-regalosempresa.com\/tiendaonline\/?s={search_term_string}\"},\"query-input\":{\"@type\":\"PropertyValueSpecification\",\"valueRequired\":true,\"valueName\":\"search_term_string\"}}],\"inLanguage\":\"es\"},{\"@type\":\"Organization\",\"@id\":\"https:\/\/adl-regalosempresa.com\/tiendaonline\/#organization\",\"name\":\"ADL Comunicaci\u00f3n\",\"url\":\"https:\/\/adl-regalosempresa.com\/tiendaonline\/\",\"logo\":{\"@type\":\"ImageObject\",\"inLanguage\":\"es\",\"@id\":\"https:\/\/adl-regalosempresa.com\/tiendaonline\/#\/schema\/logo\/image\/\",\"url\":\"https:\/\/adl-regalosempresa.com\/tiendaonline\/wp-content\/uploads\/2017\/09\/logo-adl-wp.png\",\"contentUrl\":\"https:\/\/adl-regalosempresa.com\/tiendaonline\/wp-content\/uploads\/2017\/09\/logo-adl-wp.png\",\"width\":407,\"height\":185,\"caption\":\"ADL Comunicaci\u00f3n\"},\"image\":{\"@id\":\"https:\/\/adl-regalosempresa.com\/tiendaonline\/#\/schema\/logo\/image\/\"}}]}<\/script>\n<!-- \/ Yoast SEO plugin. -->","yoast_head_json":{"title":"Merchandising Polo de manga corta para hombre para personalizar con logo - ADL","description":"Art\u00edculo de merchandising Polo de manga corta para hombre \"Star\". Polo de hombre de manga corta. Cubrecosturas reforzado en el interior del cuello. Pu\u00f1os y cuello de canal\u00e9 1x1. Costuras laterales. Tapeta con tres botones y aperturas laterales . Bolsillo opcional. Etiqueta extra\u00edble. El modelo mide 185 cms y lleva la talla L.","robots":{"index":"index","follow":"follow","max-snippet":"max-snippet:-1","max-image-preview":"max-image-preview:large","max-video-preview":"max-video-preview:-1"},"canonical":"https:\/\/adl-regalosempresa.com\/tiendaonline\/articulos\/merchandising\/polo-de-manga-corta-para-hombre-para-personalizar-con-logo-7\/","og_locale":"es_ES","og_type":"article","og_title":"Merchandising Polo de manga corta para hombre para personalizar con logo - ADL","og_description":"Art\u00edculo de merchandising Polo de manga corta para hombre \"Star\". Polo de hombre de manga corta. Cubrecosturas reforzado en el interior del cuello. Pu\u00f1os y cuello de canal\u00e9 1x1. Costuras laterales. Tapeta con tres botones y aperturas laterales . Bolsillo opcional. Etiqueta extra\u00edble. El modelo mide 185 cms y lleva la talla L.","og_url":"https:\/\/adl-regalosempresa.com\/tiendaonline\/articulos\/merchandising\/polo-de-manga-corta-para-hombre-para-personalizar-con-logo-7\/","og_site_name":"ADL Comunicaci\u00f3n","article_modified_time":"2026-04-16T10:16:20+00:00","og_image":[{"width":1600,"height":1600,"url":"https:\/\/adl-regalosempresa.com\/tiendaonline\/wp-content\/uploads\/2024\/01\/R66381B.jpg","type":"image\/jpeg"}],"twitter_card":"summary_large_image","twitter_title":"Merchandising Polo de manga corta para hombre para personalizar con logo - ADL","schema":{"@context":"https:\/\/schema.org","@graph":[{"@type":"WebPage","@id":"https:\/\/adl-regalosempresa.com\/tiendaonline\/articulos\/merchandising\/polo-de-manga-corta-para-hombre-para-personalizar-con-logo-7\/","url":"https:\/\/adl-regalosempresa.com\/tiendaonline\/articulos\/merchandising\/polo-de-manga-corta-para-hombre-para-personalizar-con-logo-7\/","name":"Merchandising Polo de manga corta para hombre para personalizar con logo - ADL","isPartOf":{"@id":"https:\/\/adl-regalosempresa.com\/tiendaonline\/#website"},"primaryImageOfPage":{"@id":"https:\/\/adl-regalosempresa.com\/tiendaonline\/articulos\/merchandising\/polo-de-manga-corta-para-hombre-para-personalizar-con-logo-7\/#primaryimage"},"image":{"@id":"https:\/\/adl-regalosempresa.com\/tiendaonline\/articulos\/merchandising\/polo-de-manga-corta-para-hombre-para-personalizar-con-logo-7\/#primaryimage"},"thumbnailUrl":"https:\/\/adl-regalosempresa.com\/tiendaonline\/wp-content\/uploads\/2024\/01\/R66381B.jpg","datePublished":"2026-03-31T05:09:05+00:00","dateModified":"2026-04-16T10:16:20+00:00","description":"Art\u00edculo de merchandising Polo de manga corta para hombre \"Star\". Polo de hombre de manga corta. Cubrecosturas reforzado en el interior del cuello. Pu\u00f1os y cuello de canal\u00e9 1x1. Costuras laterales. Tapeta con tres botones y aperturas laterales . Bolsillo opcional. Etiqueta extra\u00edble. El modelo mide 185 cms y lleva la talla L.","breadcrumb":{"@id":"https:\/\/adl-regalosempresa.com\/tiendaonline\/articulos\/merchandising\/polo-de-manga-corta-para-hombre-para-personalizar-con-logo-7\/#breadcrumb"},"inLanguage":"es","potentialAction":[{"@type":"ReadAction","target":["https:\/\/adl-regalosempresa.com\/tiendaonline\/articulos\/merchandising\/polo-de-manga-corta-para-hombre-para-personalizar-con-logo-7\/"]}]},{"@type":"ImageObject","inLanguage":"es","@id":"https:\/\/adl-regalosempresa.com\/tiendaonline\/articulos\/merchandising\/polo-de-manga-corta-para-hombre-para-personalizar-con-logo-7\/#primaryimage","url":"https:\/\/adl-regalosempresa.com\/tiendaonline\/wp-content\/uploads\/2024\/01\/R66381B.jpg","contentUrl":"https:\/\/adl-regalosempresa.com\/tiendaonline\/wp-content\/uploads\/2024\/01\/R66381B.jpg","width":1600,"height":1600,"caption":"Polo de manga corta para hombre \"Star\""},{"@type":"BreadcrumbList","@id":"https:\/\/adl-regalosempresa.com\/tiendaonline\/articulos\/merchandising\/polo-de-manga-corta-para-hombre-para-personalizar-con-logo-7\/#breadcrumb","itemListElement":[{"@type":"ListItem","position":1,"name":"Portada","item":"https:\/\/adl-regalosempresa.com\/tiendaonline\/"},{"@type":"ListItem","position":2,"name":"Tienda","item":"https:\/\/adl-regalosempresa.com\/tiendaonline\/tienda\/"},{"@type":"ListItem","position":3,"name":"Polo de manga corta para hombre para personalizar con logo"}]},{"@type":"WebSite","@id":"https:\/\/adl-regalosempresa.com\/tiendaonline\/#website","url":"https:\/\/adl-regalosempresa.com\/tiendaonline\/","name":"ADL Comunicaci\u00f3n","description":"Regalos de empresa","publisher":{"@id":"https:\/\/adl-regalosempresa.com\/tiendaonline\/#organization"},"potentialAction":[{"@type":"SearchAction","target":{"@type":"EntryPoint","urlTemplate":"https:\/\/adl-regalosempresa.com\/tiendaonline\/?s={search_term_string}"},"query-input":{"@type":"PropertyValueSpecification","valueRequired":true,"valueName":"search_term_string"}}],"inLanguage":"es"},{"@type":"Organization","@id":"https:\/\/adl-regalosempresa.com\/tiendaonline\/#organization","name":"ADL Comunicaci\u00f3n","url":"https:\/\/adl-regalosempresa.com\/tiendaonline\/","logo":{"@type":"ImageObject","inLanguage":"es","@id":"https:\/\/adl-regalosempresa.com\/tiendaonline\/#\/schema\/logo\/image\/","url":"https:\/\/adl-regalosempresa.com\/tiendaonline\/wp-content\/uploads\/2017\/09\/logo-adl-wp.png","contentUrl":"https:\/\/adl-regalosempresa.com\/tiendaonline\/wp-content\/uploads\/2017\/09\/logo-adl-wp.png","width":407,"height":185,"caption":"ADL Comunicaci\u00f3n"},"image":{"@id":"https:\/\/adl-regalosempresa.com\/tiendaonline\/#\/schema\/logo\/image\/"}}]}},"_links":{"self":[{"href":"https:\/\/adl-regalosempresa.com\/tiendaonline\/wp-json\/wp\/v2\/product\/130710","targetHints":{"allow":["GET"]}}],"collection":[{"href":"https:\/\/adl-regalosempresa.com\/tiendaonline\/wp-json\/wp\/v2\/product"}],"about":[{"href":"https:\/\/adl-regalosempresa.com\/tiendaonline\/wp-json\/wp\/v2\/types\/product"}],"wp:featuredmedia":[{"embeddable":true,"href":"https:\/\/adl-regalosempresa.com\/tiendaonline\/wp-json\/wp\/v2\/media\/130712"}],"wp:attachment":[{"href":"https:\/\/adl-regalosempresa.com\/tiendaonline\/wp-json\/wp\/v2\/media?parent=130710"}],"wp:term":[{"taxonomy":"product_brand","embeddable":true,"href":"https:\/\/adl-regalosempresa.com\/tiendaonline\/wp-json\/wp\/v2\/product_brand?post=130710"},{"taxonomy":"product_cat","embeddable":true,"href":"https:\/\/adl-regalosempresa.com\/tiendaonline\/wp-json\/wp\/v2\/product_cat?post=130710"},{"taxonomy":"product_tag","embeddable":true,"href":"https:\/\/adl-regalosempresa.com\/tiendaonline\/wp-json\/wp\/v2\/product_tag?post=130710"}],"curies":[{"name":"wp","href":"https:\/\/api.w.org\/{rel}","templated":true}]}}