{"id":127603,"date":"2026-04-04T04:23:00","date_gmt":"2026-04-04T04:23:00","guid":{"rendered":"https:\/\/adl-regalosempresa.com\/tiendaonline\/articulos\/merchandising\/camiseta-deportiva-de-manga-corta-para-hombre-para-personalizar-con-logo-3\/"},"modified":"2026-04-16T09:28:16","modified_gmt":"2026-04-16T09:28:16","slug":"camiseta-deportiva-de-manga-corta-para-hombre-para-personalizar-con-logo-3","status":"publish","type":"product","link":"https:\/\/adl-regalosempresa.com\/tiendaonline\/articulos\/merchandising\/camiseta-deportiva-de-manga-corta-para-hombre-para-personalizar-con-logo-3\/","title":{"rendered":"Camiseta deportiva de manga corta para hombre  para personalizar con logo"},"content":{"rendered":"<p>Camiseta t\u00e9cnica de manga corta rangl\u00e1n. Cuello redondo con cubrecosturas. Aberturas laterales con remallado a juego. Tejido transpirable de f\u00e1cil lavado y secado. Etiqueta extra\u00edble. Tejido t\u00e9cnico. Factor de protecci\u00f3n ultravioleta.<\/p>\n","protected":false},"excerpt":{"rendered":"<p><strong>Descuentos por cantidades<\/strong><br \/>&#8211; a partir de 100 unidades: 2,75 \u20ac\/ud<br \/>&#8211; a partir de 250 unidades: 2,75 \u20ac\/ud<br \/>&#8211; a partir de 1000 unidades: 2,72 \u20ac\/ud<\/p>\n<p>Para cantidades superiores a las aqu\u00ed indicadas, no dudes en ponerte en contacto con nuestro departamento comercial o <a href='https:\/\/adl-regalosempresa.com\/tiendaonline\/solicitud-presupuesto\/'>pedirnos presupuesto personalizado<\/a>, ajustaremos el presupuesto a tus necesidades.<\/p>\n","protected":false},"featured_media":127605,"template":"","meta":{"_kad_post_transparent":"","_kad_post_title":"","_kad_post_layout":"","_kad_post_sidebar_id":"","_kad_post_content_style":"","_kad_post_vertical_padding":"","_kad_post_feature":"","_kad_post_feature_position":"","_kad_post_header":false,"_kad_post_footer":false,"_kad_post_classname":""},"product_brand":[],"product_cat":[5430,3649],"product_tag":[],"class_list":{"0":"post-127603","1":"product","2":"type-product","3":"status-publish","4":"has-post-thumbnail","6":"product_cat-camisetas","7":"product_cat-ropa","8":"pa_color-amarillo","9":"pa_color-amarillo-fluor","10":"pa_color-arena-oscura","11":"pa_color-azul-marino","12":"pa_color-azul-real","13":"pa_color-azul-turquesa","14":"pa_color-blanco","15":"pa_color-coral-fluor","16":"pa_color-lima","17":"pa_color-malva","18":"pa_color-naranja-fluor","19":"pa_color-negro-intenso","20":"pa_color-plomo-oscuro","21":"pa_color-rojo","22":"pa_color-roseta","23":"pa_color-verde-helecho","24":"pa_color-verde-militar","25":"pa_color-simple-amarillo","26":"pa_color-simple-azul","27":"pa_color-simple-blanco","28":"pa_color-simple-gris","29":"pa_color-simple-marron","30":"pa_color-simple-naranja","31":"pa_color-simple-negro-intenso","32":"pa_color-simple-purpura","33":"pa_color-simple-rojo","34":"pa_color-simple-rosa","35":"pa_color-simple-verde","36":"pa_genero-hombre","37":"pa_marca-roly","38":"pa_material-punto-pique-100-poliester-150-g-m2","39":"pa_peso-126-gr","40":"pa_talla-2xl","41":"pa_talla-s","42":"pa_talla-m","43":"pa_talla-l","44":"pa_talla-xl","45":"pa_talla-3xl","47":"first","48":"instock","49":"taxable","50":"shipping-taxable","51":"purchasable","52":"product-type-variable","53":"entry","54":"content-bg","55":"loop-entry"},"yoast_head":"<!-- This site is optimized with the Yoast SEO plugin v26.3 - https:\/\/yoast.com\/wordpress\/plugins\/seo\/ -->\n<title>Merchandising Camiseta deportiva de manga corta para hombre para personalizar con logo - ADL<\/title>\n<meta name=\"description\" content=\"Art\u00edculo de merchandising Camiseta deportiva de manga corta para hombre &quot;Montecarlo&quot;. Camiseta t\u00e9cnica de manga corta rangl\u00e1n. Cuello redondo con cubrecosturas. Aberturas laterales con remallado a juego. Tejido transpirable de f\u00e1cil lavado y secado. Etiqueta extra\u00edble. Tejido t\u00e9cnico. Factor de protecci\u00f3n ultravioleta.\" \/>\n<meta name=\"robots\" content=\"index, follow, max-snippet:-1, max-image-preview:large, max-video-preview:-1\" \/>\n<link rel=\"canonical\" href=\"https:\/\/adl-regalosempresa.com\/tiendaonline\/articulos\/merchandising\/camiseta-deportiva-de-manga-corta-para-hombre-para-personalizar-con-logo-3\/\" \/>\n<meta property=\"og:locale\" content=\"es_ES\" \/>\n<meta property=\"og:type\" content=\"article\" \/>\n<meta property=\"og:title\" content=\"Merchandising Camiseta deportiva de manga corta para hombre para personalizar con logo - ADL\" \/>\n<meta property=\"og:description\" content=\"Art\u00edculo de merchandising Camiseta deportiva de manga corta para hombre &quot;Montecarlo&quot;. Camiseta t\u00e9cnica de manga corta rangl\u00e1n. Cuello redondo con cubrecosturas. Aberturas laterales con remallado a juego. Tejido transpirable de f\u00e1cil lavado y secado. Etiqueta extra\u00edble. Tejido t\u00e9cnico. Factor de protecci\u00f3n ultravioleta.\" \/>\n<meta property=\"og:url\" content=\"https:\/\/adl-regalosempresa.com\/tiendaonline\/articulos\/merchandising\/camiseta-deportiva-de-manga-corta-para-hombre-para-personalizar-con-logo-3\/\" \/>\n<meta property=\"og:site_name\" content=\"ADL Comunicaci\u00f3n\" \/>\n<meta property=\"article:modified_time\" content=\"2026-04-16T09:28:16+00:00\" \/>\n<meta property=\"og:image\" content=\"https:\/\/adl-regalosempresa.com\/tiendaonline\/wp-content\/uploads\/2024\/01\/R04251B.jpg\" \/>\n\t<meta property=\"og:image:width\" content=\"1600\" \/>\n\t<meta property=\"og:image:height\" content=\"1600\" \/>\n\t<meta property=\"og:image:type\" content=\"image\/jpeg\" \/>\n<meta name=\"twitter:card\" content=\"summary_large_image\" \/>\n<meta name=\"twitter:title\" content=\"Merchandising Camiseta deportiva de manga corta para hombre para personalizar con logo - ADL\" \/>\n<script type=\"application\/ld+json\" class=\"yoast-schema-graph\">{\"@context\":\"https:\/\/schema.org\",\"@graph\":[{\"@type\":\"WebPage\",\"@id\":\"https:\/\/adl-regalosempresa.com\/tiendaonline\/articulos\/merchandising\/camiseta-deportiva-de-manga-corta-para-hombre-para-personalizar-con-logo-3\/\",\"url\":\"https:\/\/adl-regalosempresa.com\/tiendaonline\/articulos\/merchandising\/camiseta-deportiva-de-manga-corta-para-hombre-para-personalizar-con-logo-3\/\",\"name\":\"Merchandising Camiseta deportiva de manga corta para hombre para personalizar con logo - ADL\",\"isPartOf\":{\"@id\":\"https:\/\/adl-regalosempresa.com\/tiendaonline\/#website\"},\"primaryImageOfPage\":{\"@id\":\"https:\/\/adl-regalosempresa.com\/tiendaonline\/articulos\/merchandising\/camiseta-deportiva-de-manga-corta-para-hombre-para-personalizar-con-logo-3\/#primaryimage\"},\"image\":{\"@id\":\"https:\/\/adl-regalosempresa.com\/tiendaonline\/articulos\/merchandising\/camiseta-deportiva-de-manga-corta-para-hombre-para-personalizar-con-logo-3\/#primaryimage\"},\"thumbnailUrl\":\"https:\/\/adl-regalosempresa.com\/tiendaonline\/wp-content\/uploads\/2024\/01\/R04251B.jpg\",\"datePublished\":\"2026-04-04T04:23:00+00:00\",\"dateModified\":\"2026-04-16T09:28:16+00:00\",\"description\":\"Art\u00edculo de merchandising Camiseta deportiva de manga corta para hombre \\\"Montecarlo\\\". Camiseta t\u00e9cnica de manga corta rangl\u00e1n. Cuello redondo con cubrecosturas. Aberturas laterales con remallado a juego. Tejido transpirable de f\u00e1cil lavado y secado. Etiqueta extra\u00edble. Tejido t\u00e9cnico. Factor de protecci\u00f3n ultravioleta.\",\"breadcrumb\":{\"@id\":\"https:\/\/adl-regalosempresa.com\/tiendaonline\/articulos\/merchandising\/camiseta-deportiva-de-manga-corta-para-hombre-para-personalizar-con-logo-3\/#breadcrumb\"},\"inLanguage\":\"es\",\"potentialAction\":[{\"@type\":\"ReadAction\",\"target\":[\"https:\/\/adl-regalosempresa.com\/tiendaonline\/articulos\/merchandising\/camiseta-deportiva-de-manga-corta-para-hombre-para-personalizar-con-logo-3\/\"]}]},{\"@type\":\"ImageObject\",\"inLanguage\":\"es\",\"@id\":\"https:\/\/adl-regalosempresa.com\/tiendaonline\/articulos\/merchandising\/camiseta-deportiva-de-manga-corta-para-hombre-para-personalizar-con-logo-3\/#primaryimage\",\"url\":\"https:\/\/adl-regalosempresa.com\/tiendaonline\/wp-content\/uploads\/2024\/01\/R04251B.jpg\",\"contentUrl\":\"https:\/\/adl-regalosempresa.com\/tiendaonline\/wp-content\/uploads\/2024\/01\/R04251B.jpg\",\"width\":1600,\"height\":1600,\"caption\":\"Camiseta deportiva de manga corta para hombre \\\"Montecarlo\\\"\"},{\"@type\":\"BreadcrumbList\",\"@id\":\"https:\/\/adl-regalosempresa.com\/tiendaonline\/articulos\/merchandising\/camiseta-deportiva-de-manga-corta-para-hombre-para-personalizar-con-logo-3\/#breadcrumb\",\"itemListElement\":[{\"@type\":\"ListItem\",\"position\":1,\"name\":\"Portada\",\"item\":\"https:\/\/adl-regalosempresa.com\/tiendaonline\/\"},{\"@type\":\"ListItem\",\"position\":2,\"name\":\"Tienda\",\"item\":\"https:\/\/adl-regalosempresa.com\/tiendaonline\/tienda\/\"},{\"@type\":\"ListItem\",\"position\":3,\"name\":\"Camiseta deportiva de manga corta para hombre para personalizar con logo\"}]},{\"@type\":\"WebSite\",\"@id\":\"https:\/\/adl-regalosempresa.com\/tiendaonline\/#website\",\"url\":\"https:\/\/adl-regalosempresa.com\/tiendaonline\/\",\"name\":\"ADL Comunicaci\u00f3n\",\"description\":\"Regalos de empresa\",\"publisher\":{\"@id\":\"https:\/\/adl-regalosempresa.com\/tiendaonline\/#organization\"},\"potentialAction\":[{\"@type\":\"SearchAction\",\"target\":{\"@type\":\"EntryPoint\",\"urlTemplate\":\"https:\/\/adl-regalosempresa.com\/tiendaonline\/?s={search_term_string}\"},\"query-input\":{\"@type\":\"PropertyValueSpecification\",\"valueRequired\":true,\"valueName\":\"search_term_string\"}}],\"inLanguage\":\"es\"},{\"@type\":\"Organization\",\"@id\":\"https:\/\/adl-regalosempresa.com\/tiendaonline\/#organization\",\"name\":\"ADL Comunicaci\u00f3n\",\"url\":\"https:\/\/adl-regalosempresa.com\/tiendaonline\/\",\"logo\":{\"@type\":\"ImageObject\",\"inLanguage\":\"es\",\"@id\":\"https:\/\/adl-regalosempresa.com\/tiendaonline\/#\/schema\/logo\/image\/\",\"url\":\"https:\/\/adl-regalosempresa.com\/tiendaonline\/wp-content\/uploads\/2017\/09\/logo-adl-wp.png\",\"contentUrl\":\"https:\/\/adl-regalosempresa.com\/tiendaonline\/wp-content\/uploads\/2017\/09\/logo-adl-wp.png\",\"width\":407,\"height\":185,\"caption\":\"ADL Comunicaci\u00f3n\"},\"image\":{\"@id\":\"https:\/\/adl-regalosempresa.com\/tiendaonline\/#\/schema\/logo\/image\/\"}}]}<\/script>\n<!-- \/ Yoast SEO plugin. -->","yoast_head_json":{"title":"Merchandising Camiseta deportiva de manga corta para hombre para personalizar con logo - ADL","description":"Art\u00edculo de merchandising Camiseta deportiva de manga corta para hombre \"Montecarlo\". Camiseta t\u00e9cnica de manga corta rangl\u00e1n. Cuello redondo con cubrecosturas. Aberturas laterales con remallado a juego. Tejido transpirable de f\u00e1cil lavado y secado. Etiqueta extra\u00edble. Tejido t\u00e9cnico. Factor de protecci\u00f3n ultravioleta.","robots":{"index":"index","follow":"follow","max-snippet":"max-snippet:-1","max-image-preview":"max-image-preview:large","max-video-preview":"max-video-preview:-1"},"canonical":"https:\/\/adl-regalosempresa.com\/tiendaonline\/articulos\/merchandising\/camiseta-deportiva-de-manga-corta-para-hombre-para-personalizar-con-logo-3\/","og_locale":"es_ES","og_type":"article","og_title":"Merchandising Camiseta deportiva de manga corta para hombre para personalizar con logo - ADL","og_description":"Art\u00edculo de merchandising Camiseta deportiva de manga corta para hombre \"Montecarlo\". Camiseta t\u00e9cnica de manga corta rangl\u00e1n. Cuello redondo con cubrecosturas. Aberturas laterales con remallado a juego. Tejido transpirable de f\u00e1cil lavado y secado. Etiqueta extra\u00edble. Tejido t\u00e9cnico. Factor de protecci\u00f3n ultravioleta.","og_url":"https:\/\/adl-regalosempresa.com\/tiendaonline\/articulos\/merchandising\/camiseta-deportiva-de-manga-corta-para-hombre-para-personalizar-con-logo-3\/","og_site_name":"ADL Comunicaci\u00f3n","article_modified_time":"2026-04-16T09:28:16+00:00","og_image":[{"width":1600,"height":1600,"url":"https:\/\/adl-regalosempresa.com\/tiendaonline\/wp-content\/uploads\/2024\/01\/R04251B.jpg","type":"image\/jpeg"}],"twitter_card":"summary_large_image","twitter_title":"Merchandising Camiseta deportiva de manga corta para hombre para personalizar con logo - ADL","schema":{"@context":"https:\/\/schema.org","@graph":[{"@type":"WebPage","@id":"https:\/\/adl-regalosempresa.com\/tiendaonline\/articulos\/merchandising\/camiseta-deportiva-de-manga-corta-para-hombre-para-personalizar-con-logo-3\/","url":"https:\/\/adl-regalosempresa.com\/tiendaonline\/articulos\/merchandising\/camiseta-deportiva-de-manga-corta-para-hombre-para-personalizar-con-logo-3\/","name":"Merchandising Camiseta deportiva de manga corta para hombre para personalizar con logo - ADL","isPartOf":{"@id":"https:\/\/adl-regalosempresa.com\/tiendaonline\/#website"},"primaryImageOfPage":{"@id":"https:\/\/adl-regalosempresa.com\/tiendaonline\/articulos\/merchandising\/camiseta-deportiva-de-manga-corta-para-hombre-para-personalizar-con-logo-3\/#primaryimage"},"image":{"@id":"https:\/\/adl-regalosempresa.com\/tiendaonline\/articulos\/merchandising\/camiseta-deportiva-de-manga-corta-para-hombre-para-personalizar-con-logo-3\/#primaryimage"},"thumbnailUrl":"https:\/\/adl-regalosempresa.com\/tiendaonline\/wp-content\/uploads\/2024\/01\/R04251B.jpg","datePublished":"2026-04-04T04:23:00+00:00","dateModified":"2026-04-16T09:28:16+00:00","description":"Art\u00edculo de merchandising Camiseta deportiva de manga corta para hombre \"Montecarlo\". Camiseta t\u00e9cnica de manga corta rangl\u00e1n. Cuello redondo con cubrecosturas. Aberturas laterales con remallado a juego. Tejido transpirable de f\u00e1cil lavado y secado. Etiqueta extra\u00edble. Tejido t\u00e9cnico. Factor de protecci\u00f3n ultravioleta.","breadcrumb":{"@id":"https:\/\/adl-regalosempresa.com\/tiendaonline\/articulos\/merchandising\/camiseta-deportiva-de-manga-corta-para-hombre-para-personalizar-con-logo-3\/#breadcrumb"},"inLanguage":"es","potentialAction":[{"@type":"ReadAction","target":["https:\/\/adl-regalosempresa.com\/tiendaonline\/articulos\/merchandising\/camiseta-deportiva-de-manga-corta-para-hombre-para-personalizar-con-logo-3\/"]}]},{"@type":"ImageObject","inLanguage":"es","@id":"https:\/\/adl-regalosempresa.com\/tiendaonline\/articulos\/merchandising\/camiseta-deportiva-de-manga-corta-para-hombre-para-personalizar-con-logo-3\/#primaryimage","url":"https:\/\/adl-regalosempresa.com\/tiendaonline\/wp-content\/uploads\/2024\/01\/R04251B.jpg","contentUrl":"https:\/\/adl-regalosempresa.com\/tiendaonline\/wp-content\/uploads\/2024\/01\/R04251B.jpg","width":1600,"height":1600,"caption":"Camiseta deportiva de manga corta para hombre \"Montecarlo\""},{"@type":"BreadcrumbList","@id":"https:\/\/adl-regalosempresa.com\/tiendaonline\/articulos\/merchandising\/camiseta-deportiva-de-manga-corta-para-hombre-para-personalizar-con-logo-3\/#breadcrumb","itemListElement":[{"@type":"ListItem","position":1,"name":"Portada","item":"https:\/\/adl-regalosempresa.com\/tiendaonline\/"},{"@type":"ListItem","position":2,"name":"Tienda","item":"https:\/\/adl-regalosempresa.com\/tiendaonline\/tienda\/"},{"@type":"ListItem","position":3,"name":"Camiseta deportiva de manga corta para hombre para personalizar con logo"}]},{"@type":"WebSite","@id":"https:\/\/adl-regalosempresa.com\/tiendaonline\/#website","url":"https:\/\/adl-regalosempresa.com\/tiendaonline\/","name":"ADL Comunicaci\u00f3n","description":"Regalos de empresa","publisher":{"@id":"https:\/\/adl-regalosempresa.com\/tiendaonline\/#organization"},"potentialAction":[{"@type":"SearchAction","target":{"@type":"EntryPoint","urlTemplate":"https:\/\/adl-regalosempresa.com\/tiendaonline\/?s={search_term_string}"},"query-input":{"@type":"PropertyValueSpecification","valueRequired":true,"valueName":"search_term_string"}}],"inLanguage":"es"},{"@type":"Organization","@id":"https:\/\/adl-regalosempresa.com\/tiendaonline\/#organization","name":"ADL Comunicaci\u00f3n","url":"https:\/\/adl-regalosempresa.com\/tiendaonline\/","logo":{"@type":"ImageObject","inLanguage":"es","@id":"https:\/\/adl-regalosempresa.com\/tiendaonline\/#\/schema\/logo\/image\/","url":"https:\/\/adl-regalosempresa.com\/tiendaonline\/wp-content\/uploads\/2017\/09\/logo-adl-wp.png","contentUrl":"https:\/\/adl-regalosempresa.com\/tiendaonline\/wp-content\/uploads\/2017\/09\/logo-adl-wp.png","width":407,"height":185,"caption":"ADL Comunicaci\u00f3n"},"image":{"@id":"https:\/\/adl-regalosempresa.com\/tiendaonline\/#\/schema\/logo\/image\/"}}]}},"_links":{"self":[{"href":"https:\/\/adl-regalosempresa.com\/tiendaonline\/wp-json\/wp\/v2\/product\/127603","targetHints":{"allow":["GET"]}}],"collection":[{"href":"https:\/\/adl-regalosempresa.com\/tiendaonline\/wp-json\/wp\/v2\/product"}],"about":[{"href":"https:\/\/adl-regalosempresa.com\/tiendaonline\/wp-json\/wp\/v2\/types\/product"}],"wp:featuredmedia":[{"embeddable":true,"href":"https:\/\/adl-regalosempresa.com\/tiendaonline\/wp-json\/wp\/v2\/media\/127605"}],"wp:attachment":[{"href":"https:\/\/adl-regalosempresa.com\/tiendaonline\/wp-json\/wp\/v2\/media?parent=127603"}],"wp:term":[{"taxonomy":"product_brand","embeddable":true,"href":"https:\/\/adl-regalosempresa.com\/tiendaonline\/wp-json\/wp\/v2\/product_brand?post=127603"},{"taxonomy":"product_cat","embeddable":true,"href":"https:\/\/adl-regalosempresa.com\/tiendaonline\/wp-json\/wp\/v2\/product_cat?post=127603"},{"taxonomy":"product_tag","embeddable":true,"href":"https:\/\/adl-regalosempresa.com\/tiendaonline\/wp-json\/wp\/v2\/product_tag?post=127603"}],"curies":[{"name":"wp","href":"https:\/\/api.w.org\/{rel}","templated":true}]}}